{"id":15964,"date":"2022-01-10T14:52:39","date_gmt":"2022-01-10T19:52:39","guid":{"rendered":"https:\/\/mancini.bluehat.hosting\/return-policy"},"modified":"2023-05-31T09:58:23","modified_gmt":"2023-05-31T13:58:23","slug":"politique-de-remboursement","status":"publish","type":"page","link":"https:\/\/www.mancinileather.com\/fr\/politique-de-remboursement","title":{"rendered":"Politique de Remboursement"},"content":{"rendered":"<div class=\"fusion-fullwidth fullwidth-box fusion-builder-row-1 fusion-flex-container nonhundred-percent-fullwidth non-hundred-percent-height-scrolling\" style=\"--link_color: #9c6030;--awb-border-radius-top-left:0px;--awb-border-radius-top-right:0px;--awb-border-radius-bottom-right:0px;--awb-border-radius-bottom-left:0px;--awb-padding-bottom-medium:30px;--awb-padding-bottom-small:0px;--awb-flex-wrap:wrap;\" ><div class=\"fusion-builder-row fusion-row fusion-flex-align-items-flex-start fusion-flex-content-wrap\" style=\"max-width:1430px;margin-left: calc(-4% \/ 2 );margin-right: calc(-4% \/ 2 );\"><div class=\"fusion-layout-column fusion_builder_column fusion-builder-column-0 fusion_builder_column_1_1 1_1 fusion-flex-column\" style=\"--awb-padding-bottom:40px;--awb-padding-bottom-medium:20px;--awb-bg-blend:overlay;--awb-bg-size:cover;--awb-width-large:100%;--awb-margin-top-large:0px;--awb-spacing-right-large:1.92%;--awb-margin-bottom-large:0px;--awb-spacing-left-large:1.92%;--awb-width-medium:100%;--awb-spacing-right-medium:1.92%;--awb-spacing-left-medium:1.92%;--awb-width-small:100%;--awb-spacing-right-small:1.92%;--awb-spacing-left-small:1.92%;\"><div class=\"fusion-column-wrapper fusion-flex-justify-content-flex-start fusion-content-layout-column\"><div class=\"fusion-title title fusion-title-1 fusion-sep-none fusion-title-text fusion-title-size-two\" style=\"--awb-font-size:20px;\"><h2 class=\"fusion-title-heading title-heading-left fusion-responsive-typography-calculated\" style=\"margin:0;font-size:1em;--fontSize:20;--minFontSize:20;line-height:1.4;\">RETOURS<\/h2><\/div><div class=\"fusion-text fusion-text-1\" style=\"--awb-text-transform:none;\"><p>Nous tenons \u00e0 ce que vous soyez enti\u00e8rement satisfait de votre achat. C\u2019est pourquoi nous offrons \u00e0 nos clients une politique de retour d\u2019une dur\u00e9e de 30\u00a0jours.<\/p>\n<p>Pour avoir droit \u00e0 un retour, votre article doit \u00eatre inutilis\u00e9 et dans le m\u00eame \u00e9tat qu\u2019au moment de la r\u00e9ception. Il doit \u00e9galement \u00eatre dans son emballage d\u2019origine et porter ses \u00e9tiquettes d\u2019origine.<\/p>\n<p>Pour effectuer votre retour, vous devez nous envoyer un courriel \u00e0\u00a0<a href=\"mailto:customerservice@mancinileather.com\" target=\"_blank\" rel=\"noopener\">customerservice@mancinileather.com<\/a>\u00a0pour obtenir un num\u00e9ro d\u2019autorisation de retour. Vous devez \u00e9galement inclure une copie de votre preuve d\u2019achat dans votre courriel.<\/p>\n<p>Si 30\u00a0jours se sont \u00e9coul\u00e9s depuis votre achat, nous ne serons malheureusement pas en mesure de vous offrir un remboursement ou un \u00e9change.<\/p>\n<p>Aucun retour ne sera accept\u00e9 sans num\u00e9ro d\u2019autorisation de retour et preuve d\u2019achat.<\/p>\n<\/div><div class=\"fusion-title title fusion-title-2 fusion-sep-none fusion-title-text fusion-title-size-two\" style=\"--awb-font-size:20px;\"><h2 class=\"fusion-title-heading title-heading-left fusion-responsive-typography-calculated\" style=\"margin:0;font-size:1em;--fontSize:20;--minFontSize:20;line-height:1.4;\">EXPEDITION<\/h2><\/div><div class=\"fusion-text fusion-text-2\" style=\"--awb-text-transform:none;\"><p>Pour les retours en Canada, veuillez poster votre produit au\u00a0: 1840 On\u00e9sime-Gagnon, Lachine, Quebec, Canada H8T 3M6. Pour les retours dans les \u00c9tats-Unis, veuillez poster votre produit au\u00a0:\u00a0Mancini Leather Goods c\/o NFI Industries, 2002 Ridge Road, Champlain, NY 12919.\u00a0\u00a0Assurez-vous d\u2019inclure une copie de votre preuve d\u2019achat ainsi que votre num\u00e9ro d\u2019autorisation de retour dans le colis de retour.<\/p>\n<p>Vous serez responsable de payer les frais d\u2019exp\u00e9dition li\u00e9s au retour de votre article. Les frais d\u2019exp\u00e9dition ne sont pas remboursables. Si vous recevez un remboursement, les frais d\u2019exp\u00e9dition initiaux seront d\u00e9duits de votre remboursement.<\/p>\n<p>Vous devriez toujours utiliser un service d\u2019exp\u00e9dition assurant le rep\u00e9rage du colis, et vous procurer une assurance exp\u00e9dition. Nous ne garantissons pas la r\u00e9ception de votre article retourn\u00e9 ni ne sommes responsables de sa perte ou des dommages survenus durant le transport.<\/p>\n<p>Le d\u00e9lai de r\u00e9ception de votre produit \u00e9chang\u00e9 peut varier selon votre lieu de r\u00e9sidence.<\/p>\n<\/div><div class=\"fusion-title title fusion-title-3 fusion-sep-none fusion-title-text fusion-title-size-two\" style=\"--awb-font-size:20px;\"><h2 class=\"fusion-title-heading title-heading-left fusion-responsive-typography-calculated\" style=\"margin:0;font-size:1em;--fontSize:20;--minFontSize:20;line-height:1.4;\">REMBOURSEMENTS (s\u2019il y a lieu)<\/h2><\/div><div class=\"fusion-text fusion-text-3\" style=\"--awb-text-transform:none;\"><p>Apr\u00e8s la r\u00e9ception et l\u2019inspection de votre retour, nous vous enverrons un courriel vous avisant de l\u2019approbation ou du rejet de votre retour. Si vous \u00eates approuv\u00e9, nous proc\u00e9derons \u00e0 votre remboursement, et un cr\u00e9dit sera automatiquement port\u00e9 \u00e0 votre carte de cr\u00e9dit ou \u00e0 votre mode de paiement original, apr\u00e8s quelques jours.<\/p>\n<\/div><div class=\"fusion-title title fusion-title-4 fusion-sep-none fusion-title-text fusion-title-size-two\" style=\"--awb-font-size:20px;\"><h2 class=\"fusion-title-heading title-heading-left fusion-responsive-typography-calculated\" style=\"margin:0;font-size:1em;--fontSize:20;--minFontSize:20;line-height:1.4;\">REMBOURSEMENTS EN RETARD OU MANQUANTS (s\u2019il y a lieu)<\/h2><\/div><div class=\"fusion-text fusion-text-4\" style=\"--awb-text-transform:none;\"><p>Si vous n\u2019avez pas encore re\u00e7u le remboursement, veuillez d\u2019abord v\u00e9rifier \u00e0 nouveau votre compte bancaire.<\/p>\n<p>Puis, communiquez avec votre soci\u00e9t\u00e9 \u00e9mettrice de carte de cr\u00e9dit, car l\u2019inscription du remboursement \u00e0 votre compte peut prendre du temps.<\/p>\n<p>Veuillez ensuite communiquer avec votre banque. Un d\u00e9lai de traitement est souvent requis avant que l\u2019inscription du remboursement figure \u00e0 votre compte.<\/p>\n<p>Si vous avez suivi ces \u00e9tapes et que vous n\u2019avez pas encore re\u00e7u votre remboursement, veuillez communiquer avec nous \u00e0\u00a0<a href=\"mailto:customerservice@mancinileather.com\" target=\"_blank\" rel=\"noopener\">customerservice@mancinileather.com<\/a>.<\/p>\n<\/div><div class=\"fusion-title title fusion-title-5 fusion-sep-none fusion-title-text fusion-title-size-two\" style=\"--awb-font-size:20px;\"><h2 class=\"fusion-title-heading title-heading-left fusion-responsive-typography-calculated\" style=\"margin:0;font-size:1em;--fontSize:20;--minFontSize:20;line-height:1.4;\">\u00c9CHANGES (s\u2019il y a lieu)<\/h2><\/div><div class=\"fusion-text fusion-text-5\" style=\"--awb-text-transform:none;\"><p>Nous rempla\u00e7ons les articles seulement s\u2019ils sont d\u00e9fectueux ou endommag\u00e9s. Dans l\u2019\u00e9ventualit\u00e9 peu probable o\u00f9 vous recevriez des produits d\u00e9fectueux ou endommag\u00e9s, envoyez-nous un courriel \u00e0\u00a0<a href=\"mailto:customerservice@mancinileather.com\" target=\"_blank\" rel=\"noopener\">customerservice@mancinileather.com<\/a>\u00a0et veuillez y joindre des photos ainsi que votre preuve d\u2019achat.<\/p>\n<\/div><div class=\"fusion-separator fusion-full-width-sep\" style=\"align-self: center;margin-left: auto;margin-right: auto;margin-bottom:30px;width:100%;\"><\/div><div class=\"fusion-builder-row fusion-builder-row-inner fusion-row fusion-flex-align-items-flex-start fusion-flex-content-wrap\" style=\"width:104% !important;max-width:104% !important;margin-left: calc(-4% \/ 2 );margin-right: calc(-4% \/ 2 );\"><div class=\"fusion-layout-column fusion_builder_column_inner fusion-builder-nested-column-0 fusion_builder_column_inner_1_2 1_2 fusion-flex-column\" style=\"--awb-bg-size:cover;--awb-width-large:50%;--awb-margin-top-large:0px;--awb-spacing-right-large:3.84%;--awb-margin-bottom-large:20px;--awb-spacing-left-large:3.84%;--awb-width-medium:50%;--awb-order-medium:0;--awb-spacing-right-medium:3.84%;--awb-spacing-left-medium:3.84%;--awb-width-small:100%;--awb-order-small:0;--awb-spacing-right-small:1.92%;--awb-spacing-left-small:1.92%;\"><div class=\"fusion-column-wrapper fusion-column-has-shadow fusion-flex-justify-content-flex-start fusion-content-layout-column\"><div style=\"text-align:center;\"><a class=\"fusion-button button-flat button-xlarge button-default fusion-button-default button-1 fusion-button-default-span fusion-button-default-type fusion-animated\" style=\"--button_text_transform:uppercase;\" data-animationType=\"flipinx\" data-animationDuration=\"0.3\" data-animationOffset=\"top-into-view\" target=\"_self\" href=\"tel:+18002768346\"><span class=\"fusion-button-text awb-button__text awb-button__text--default fusion-button-text-right\">APPELEZ-NOUS<\/span><span class=\"fusion-button-icon-divider button-icon-divider-right\"><i class=\"fa-mobile-alt fas awb-button__icon awb-button__icon--default\" aria-hidden=\"true\"><\/i><\/span><\/a><\/div><\/div><\/div><div class=\"fusion-layout-column fusion_builder_column_inner fusion-builder-nested-column-1 fusion_builder_column_inner_1_2 1_2 fusion-flex-column\" style=\"--awb-bg-size:cover;--awb-width-large:50%;--awb-margin-top-large:0px;--awb-spacing-right-large:3.84%;--awb-margin-bottom-large:20px;--awb-spacing-left-large:3.84%;--awb-width-medium:50%;--awb-order-medium:0;--awb-spacing-right-medium:3.84%;--awb-spacing-left-medium:3.84%;--awb-width-small:100%;--awb-order-small:0;--awb-spacing-right-small:1.92%;--awb-spacing-left-small:1.92%;\"><div class=\"fusion-column-wrapper fusion-column-has-shadow fusion-flex-justify-content-flex-start fusion-content-layout-column\"><div style=\"text-align:center;\"><a class=\"fusion-button button-flat button-xlarge button-default fusion-button-default button-2 fusion-button-default-span fusion-button-default-type fusion-animated\" style=\"--button_text_transform:uppercase;\" data-animationType=\"flipinx\" data-animationDuration=\"0.3\" data-animationOffset=\"top-into-view\" target=\"_self\" href=\"mailto:info@mancinileather.com\"><span class=\"fusion-button-text awb-button__text awb-button__text--default fusion-button-text-right\">EMAIL<\/span><span class=\"fusion-button-icon-divider button-icon-divider-right\"><i class=\"fa-at fas awb-button__icon awb-button__icon--default\" aria-hidden=\"true\"><\/i><\/span><\/a><\/div><\/div><\/div><\/div><\/div><\/div><\/div><\/div>\n","protected":false},"excerpt":{"rendered":"","protected":false},"author":2658,"featured_media":10484,"parent":0,"menu_order":0,"comment_status":"closed","ping_status":"open","template":"","meta":{"footnotes":""},"class_list":["post-15964","page","type-page","status-publish","has-post-thumbnail","hentry"],"yoast_head":"<!-- This site is optimized with the Yoast SEO plugin v27.4 - https:\/\/yoast.com\/product\/yoast-seo-wordpress\/ -->\n<title>Politique de remboursement - Mancini<\/title>\n<meta name=\"description\" content=\"Achetez en toute confiance gr\u00e2ce \u00e0 notre politique de remboursement sous 30 jours. Explorez cette page pour en savoir plus.\" \/>\n<meta name=\"robots\" content=\"index, follow, max-snippet:-1, max-image-preview:large, max-video-preview:-1\" \/>\n<link rel=\"canonical\" href=\"https:\/\/www.mancinileather.com\/fr\/politique-de-remboursement\" \/>\n<meta property=\"og:locale\" content=\"fr_FR\" \/>\n<meta property=\"og:type\" content=\"article\" \/>\n<meta property=\"og:title\" content=\"Politique de remboursement - Mancini\" \/>\n<meta property=\"og:description\" content=\"Achetez en toute confiance gr\u00e2ce \u00e0 notre politique de remboursement sous 30 jours. Explorez cette page pour en savoir plus.\" \/>\n<meta property=\"og:url\" content=\"https:\/\/www.mancinileather.com\/fr\/politique-de-remboursement\" \/>\n<meta property=\"og:site_name\" content=\"Mancini\" \/>\n<meta property=\"article:modified_time\" content=\"2023-05-31T13:58:23+00:00\" \/>\n<meta property=\"og:image\" content=\"https:\/\/www.mancinileather.com\/wp-content\/uploads\/2021\/06\/Copy-of-Copy-of-Untitled-4-1.jpg\" \/>\n\t<meta property=\"og:image:width\" content=\"1862\" \/>\n\t<meta property=\"og:image:height\" content=\"600\" \/>\n\t<meta property=\"og:image:type\" content=\"image\/jpeg\" \/>\n<meta name=\"twitter:card\" content=\"summary_large_image\" \/>\n<meta name=\"twitter:label1\" content=\"Est. reading time\" \/>\n\t<meta name=\"twitter:data1\" content=\"6 minutes\" \/>\n<script type=\"application\/ld+json\" class=\"yoast-schema-graph\">{\"@context\":\"https:\\\/\\\/schema.org\",\"@graph\":[{\"@type\":\"WebPage\",\"@id\":\"https:\\\/\\\/www.mancinileather.com\\\/fr\\\/politique-de-remboursement\",\"url\":\"https:\\\/\\\/www.mancinileather.com\\\/fr\\\/politique-de-remboursement\",\"name\":\"Politique de remboursement - Mancini\",\"isPartOf\":{\"@id\":\"https:\\\/\\\/www.mancinileather.com\\\/fr#website\"},\"primaryImageOfPage\":{\"@id\":\"https:\\\/\\\/www.mancinileather.com\\\/fr\\\/politique-de-remboursement#primaryimage\"},\"image\":{\"@id\":\"https:\\\/\\\/www.mancinileather.com\\\/fr\\\/politique-de-remboursement#primaryimage\"},\"thumbnailUrl\":\"https:\\\/\\\/www.mancinileather.com\\\/wp-content\\\/uploads\\\/2021\\\/06\\\/Copy-of-Copy-of-Untitled-4-1.jpg\",\"datePublished\":\"2022-01-10T19:52:39+00:00\",\"dateModified\":\"2023-05-31T13:58:23+00:00\",\"description\":\"Achetez en toute confiance gr\u00e2ce \u00e0 notre politique de remboursement sous 30 jours. Explorez cette page pour en savoir plus.\",\"breadcrumb\":{\"@id\":\"https:\\\/\\\/www.mancinileather.com\\\/fr\\\/politique-de-remboursement#breadcrumb\"},\"inLanguage\":\"fr-FR\",\"potentialAction\":[{\"@type\":\"ReadAction\",\"target\":[\"https:\\\/\\\/www.mancinileather.com\\\/fr\\\/politique-de-remboursement\"]}]},{\"@type\":\"ImageObject\",\"inLanguage\":\"fr-FR\",\"@id\":\"https:\\\/\\\/www.mancinileather.com\\\/fr\\\/politique-de-remboursement#primaryimage\",\"url\":\"https:\\\/\\\/www.mancinileather.com\\\/wp-content\\\/uploads\\\/2021\\\/06\\\/Copy-of-Copy-of-Untitled-4-1.jpg\",\"contentUrl\":\"https:\\\/\\\/www.mancinileather.com\\\/wp-content\\\/uploads\\\/2021\\\/06\\\/Copy-of-Copy-of-Untitled-4-1.jpg\",\"width\":1862,\"height\":600},{\"@type\":\"BreadcrumbList\",\"@id\":\"https:\\\/\\\/www.mancinileather.com\\\/fr\\\/politique-de-remboursement#breadcrumb\",\"itemListElement\":[{\"@type\":\"ListItem\",\"position\":1,\"name\":\"Home\",\"item\":\"https:\\\/\\\/www.mancinileather.com\\\/fr\"},{\"@type\":\"ListItem\",\"position\":2,\"name\":\"Politique de Remboursement\"}]},{\"@type\":\"WebSite\",\"@id\":\"https:\\\/\\\/www.mancinileather.com\\\/fr#website\",\"url\":\"https:\\\/\\\/www.mancinileather.com\\\/fr\",\"name\":\"Mancini\",\"description\":\"Online Leather Store and Products\",\"potentialAction\":[{\"@type\":\"SearchAction\",\"target\":{\"@type\":\"EntryPoint\",\"urlTemplate\":\"https:\\\/\\\/www.mancinileather.com\\\/fr?s={search_term_string}\"},\"query-input\":{\"@type\":\"PropertyValueSpecification\",\"valueRequired\":true,\"valueName\":\"search_term_string\"}}],\"inLanguage\":\"fr-FR\"}]}<\/script>\n<!-- \/ Yoast SEO plugin. -->","yoast_head_json":{"title":"Politique de remboursement - Mancini","description":"Achetez en toute confiance gr\u00e2ce \u00e0 notre politique de remboursement sous 30 jours. Explorez cette page pour en savoir plus.","robots":{"index":"index","follow":"follow","max-snippet":"max-snippet:-1","max-image-preview":"max-image-preview:large","max-video-preview":"max-video-preview:-1"},"canonical":"https:\/\/www.mancinileather.com\/fr\/politique-de-remboursement","og_locale":"fr_FR","og_type":"article","og_title":"Politique de remboursement - Mancini","og_description":"Achetez en toute confiance gr\u00e2ce \u00e0 notre politique de remboursement sous 30 jours. Explorez cette page pour en savoir plus.","og_url":"https:\/\/www.mancinileather.com\/fr\/politique-de-remboursement","og_site_name":"Mancini","article_modified_time":"2023-05-31T13:58:23+00:00","og_image":[{"width":1862,"height":600,"url":"https:\/\/www.mancinileather.com\/wp-content\/uploads\/2021\/06\/Copy-of-Copy-of-Untitled-4-1.jpg","type":"image\/jpeg"}],"twitter_card":"summary_large_image","twitter_misc":{"Est. reading time":"6 minutes"},"schema":{"@context":"https:\/\/schema.org","@graph":[{"@type":"WebPage","@id":"https:\/\/www.mancinileather.com\/fr\/politique-de-remboursement","url":"https:\/\/www.mancinileather.com\/fr\/politique-de-remboursement","name":"Politique de remboursement - Mancini","isPartOf":{"@id":"https:\/\/www.mancinileather.com\/fr#website"},"primaryImageOfPage":{"@id":"https:\/\/www.mancinileather.com\/fr\/politique-de-remboursement#primaryimage"},"image":{"@id":"https:\/\/www.mancinileather.com\/fr\/politique-de-remboursement#primaryimage"},"thumbnailUrl":"https:\/\/www.mancinileather.com\/wp-content\/uploads\/2021\/06\/Copy-of-Copy-of-Untitled-4-1.jpg","datePublished":"2022-01-10T19:52:39+00:00","dateModified":"2023-05-31T13:58:23+00:00","description":"Achetez en toute confiance gr\u00e2ce \u00e0 notre politique de remboursement sous 30 jours. Explorez cette page pour en savoir plus.","breadcrumb":{"@id":"https:\/\/www.mancinileather.com\/fr\/politique-de-remboursement#breadcrumb"},"inLanguage":"fr-FR","potentialAction":[{"@type":"ReadAction","target":["https:\/\/www.mancinileather.com\/fr\/politique-de-remboursement"]}]},{"@type":"ImageObject","inLanguage":"fr-FR","@id":"https:\/\/www.mancinileather.com\/fr\/politique-de-remboursement#primaryimage","url":"https:\/\/www.mancinileather.com\/wp-content\/uploads\/2021\/06\/Copy-of-Copy-of-Untitled-4-1.jpg","contentUrl":"https:\/\/www.mancinileather.com\/wp-content\/uploads\/2021\/06\/Copy-of-Copy-of-Untitled-4-1.jpg","width":1862,"height":600},{"@type":"BreadcrumbList","@id":"https:\/\/www.mancinileather.com\/fr\/politique-de-remboursement#breadcrumb","itemListElement":[{"@type":"ListItem","position":1,"name":"Home","item":"https:\/\/www.mancinileather.com\/fr"},{"@type":"ListItem","position":2,"name":"Politique de Remboursement"}]},{"@type":"WebSite","@id":"https:\/\/www.mancinileather.com\/fr#website","url":"https:\/\/www.mancinileather.com\/fr","name":"Mancini","description":"Online Leather Store and Products","potentialAction":[{"@type":"SearchAction","target":{"@type":"EntryPoint","urlTemplate":"https:\/\/www.mancinileather.com\/fr?s={search_term_string}"},"query-input":{"@type":"PropertyValueSpecification","valueRequired":true,"valueName":"search_term_string"}}],"inLanguage":"fr-FR"}]}},"_links":{"self":[{"href":"https:\/\/www.mancinileather.com\/fr\/wp-json\/wp\/v2\/pages\/15964","targetHints":{"allow":["GET"]}}],"collection":[{"href":"https:\/\/www.mancinileather.com\/fr\/wp-json\/wp\/v2\/pages"}],"about":[{"href":"https:\/\/www.mancinileather.com\/fr\/wp-json\/wp\/v2\/types\/page"}],"author":[{"embeddable":true,"href":"https:\/\/www.mancinileather.com\/fr\/wp-json\/wp\/v2\/users\/2658"}],"replies":[{"embeddable":true,"href":"https:\/\/www.mancinileather.com\/fr\/wp-json\/wp\/v2\/comments?post=15964"}],"version-history":[{"count":1,"href":"https:\/\/www.mancinileather.com\/fr\/wp-json\/wp\/v2\/pages\/15964\/revisions"}],"predecessor-version":[{"id":58021,"href":"https:\/\/www.mancinileather.com\/fr\/wp-json\/wp\/v2\/pages\/15964\/revisions\/58021"}],"wp:featuredmedia":[{"embeddable":true,"href":"https:\/\/www.mancinileather.com\/fr\/wp-json\/wp\/v2\/media\/10484"}],"wp:attachment":[{"href":"https:\/\/www.mancinileather.com\/fr\/wp-json\/wp\/v2\/media?parent=15964"}],"curies":[{"name":"wp","href":"https:\/\/api.w.org\/{rel}","templated":true}]}}