{"id":35883,"date":"2022-03-29T09:42:13","date_gmt":"2022-03-29T13:47:30","guid":{"rendered":"https:\/\/mancini.bluehat.hosting\/?post_type=product&#038;p=35883"},"modified":"2025-07-24T02:23:58","modified_gmt":"2025-07-24T06:23:58","slug":"sac-unisexe-crossover-pour-livre-electronique-et-tablette","status":"publish","type":"product","link":"https:\/\/www.mancinileather.com\/fr\/produit\/sac-unisexe-crossover-pour-livre-electronique-et-tablette","title":{"rendered":"Sac Unisexe \u201cCrossover\u201d pour Livre \u00e9l\u00e9ctronique et tablette"},"content":{"rendered":"<p>Les designs audacieux et les fonctions sup\u00e9rieures caract\u00e9risent notre\u00a0collection <strong>BIZTECH\u00a0<\/strong>consacr\u00e9e aux produits pour ordinateurs portables et tablettes \u00e9lectroniques. Faits de nylon balistique 900 * 600 deniers ultraperformant, ils sont dot\u00e9s de toutes les caract\u00e9ristiques les plus recherch\u00e9es. Ils sont con\u00e7us pour transporter votre ordinateur portable\u00a0et tablettes \u00e9lectroniques\u00a0tout en vous offrant un confort et une durabilit\u00e9 in\u00e9gal\u00e9e.<\/p>\n<p>&nbsp;<\/p>\n<p>Ce sac unisexe messager est \u00e9quip\u00e9 d&#8217;un compartiment principal rembourr\u00e9 en feutre pour transporter votre livre et tablette\u00a0<span id=\"Dst[0][0:9:0:11]\">\u00e9lectronique\u00a0<\/span>en toute s\u00e9curit\u00e9. Il est dot\u00e9 de plusieurs poches pratiques sur le devant et sur le dos. Une poche est \u00e9quip\u00e9 de\u00a0la derni\u00e8re technologie de blocage d&#8217;ondes RFID\u00a0pour assurer que vos donn\u00e9es et vos cartes sont s\u00e9curitaires.<\/p>\n","protected":false},"excerpt":{"rendered":"<p>&nbsp;<\/p>\n<ul>\n<li>Compartiment permanent rembourr\u00e9 en feutre pour livre et tablette\u00a0<span id=\"Dst[0][0:9:0:11]\">\u00e9lectronique<\/span><\/li>\n<li>Deuxi\u00e8me compartiment rembourr\u00e9 en feutre pour disques, manuels, etc.<\/li>\n<li>Poche\u00a0\u00e9quip\u00e9 de la derni\u00e8re technologie de blocage d&#8217;ondes RFID<\/li>\n<li>Poches ext\u00e9rieurs \u00e0 glissi\u00e8re sur le rabat et \u00e0 l&#8217;arri\u00e8re<\/li>\n<li>Poche interne pour t\u00e9l\u00e9phone cellulaire<\/li>\n<li>Bandouli\u00e8re rembourr\u00e9e adjustable et anti-d\u00e9rapante<\/li>\n<li>Cinq an de garantie limit\u00e9e\u00a0<strong>MANCINI\u00a0<\/strong><\/li>\n<\/ul>\n","protected":false},"featured_media":24518,"comment_status":"open","ping_status":"closed","template":"","meta":[],"pwb-brand":[],"product_brand":[],"product_cat":[1467],"product_tag":[],"class_list":{"0":"post-35883","1":"product","2":"type-product","3":"status-publish","4":"has-post-thumbnail","6":"product_cat-porte-documents-pour-laptop-tablette","7":"pa_collection-biztech-fr-2","8":"pa_color-noir-fr","9":"pa_material-nylon-balistique-900-600-deniers-ultraperformant","11":"first","12":"outofstock","13":"purchasable","14":"product-type-variable","15":"has-default-attributes"},"yoast_head":"<!-- This site is optimized with the Yoast SEO plugin v25.5 - https:\/\/yoast.com\/wordpress\/plugins\/seo\/ -->\n<title>Sac Unisexe \u201cCrossover\u201d pour Livre \u00e9l\u00e9ctronique et tablette<\/title>\n<meta name=\"description\" content=\"Les designs audacieux et les fonctions sup\u00e9rieures caract\u00e9risent notre\u00a0collection BIZTECH\u00a0consacr\u00e9e aux produits pour ordinateurs portables et tablettes \u00e9lectroniques. Faits de nylon balistique 900 * 600 deniers ultraperformant, ils sont dot\u00e9s de toutes les caract\u00e9ristiques les plus recherch\u00e9es. Ils sont con\u00e7us pour transporter votre ordinateur portable\u00a0et tablettes \u00e9lectroniques\u00a0tout en vous offrant un confort et une durabilit\u00e9 in\u00e9gal\u00e9e.Ce sac unisexe messager est \u00e9quip\u00e9 d&#039;un compartiment principal rembourr\u00e9 en feutre pour transporter votre livre et tablette\u00a0\u00e9lectronique\u00a0en toute s\u00e9curit\u00e9. Il est dot\u00e9 de plusieurs poches pratiques sur le devant et sur le dos. Une poche est \u00e9quip\u00e9 de\u00a0la derni\u00e8re technologie de blocage d&#039;ondes RFID\u00a0pour assurer que vos donn\u00e9es et vos cartes sont s\u00e9curitaires.\" \/>\n<meta name=\"robots\" content=\"index, follow, max-snippet:-1, max-image-preview:large, max-video-preview:-1\" \/>\n<link rel=\"canonical\" href=\"https:\/\/www.mancinileather.com\/fr\/produit\/sac-unisexe-crossover-pour-livre-electronique-et-tablette\" \/>\n<meta property=\"og:locale\" content=\"fr_FR\" \/>\n<meta property=\"og:type\" content=\"article\" \/>\n<meta property=\"og:title\" content=\"Sac Unisexe \u201cCrossover\u201d pour Livre \u00e9l\u00e9ctronique et tablette\" \/>\n<meta property=\"og:description\" content=\"Les designs audacieux et les fonctions sup\u00e9rieures caract\u00e9risent notre\u00a0collection BIZTECH\u00a0consacr\u00e9e aux produits pour ordinateurs portables et tablettes \u00e9lectroniques. Faits de nylon balistique 900 * 600 deniers ultraperformant, ils sont dot\u00e9s de toutes les caract\u00e9ristiques les plus recherch\u00e9es. Ils sont con\u00e7us pour transporter votre ordinateur portable\u00a0et tablettes \u00e9lectroniques\u00a0tout en vous offrant un confort et une durabilit\u00e9 in\u00e9gal\u00e9e.Ce sac unisexe messager est \u00e9quip\u00e9 d&#039;un compartiment principal rembourr\u00e9 en feutre pour transporter votre livre et tablette\u00a0\u00e9lectronique\u00a0en toute s\u00e9curit\u00e9. Il est dot\u00e9 de plusieurs poches pratiques sur le devant et sur le dos. Une poche est \u00e9quip\u00e9 de\u00a0la derni\u00e8re technologie de blocage d&#039;ondes RFID\u00a0pour assurer que vos donn\u00e9es et vos cartes sont s\u00e9curitaires.\" \/>\n<meta property=\"og:url\" content=\"https:\/\/www.mancinileather.com\/fr\/produit\/sac-unisexe-crossover-pour-livre-electronique-et-tablette\" \/>\n<meta property=\"og:site_name\" content=\"Mancini\" \/>\n<meta property=\"article:modified_time\" content=\"2025-07-24T06:23:58+00:00\" \/>\n<meta property=\"og:image\" content=\"https:\/\/www.mancinileather.com\/wp-content\/uploads\/2021\/12\/products-file_56abb9d691e3c-1.jpg\" \/>\n\t<meta property=\"og:image:width\" content=\"1200\" \/>\n\t<meta property=\"og:image:height\" content=\"1600\" \/>\n\t<meta property=\"og:image:type\" content=\"image\/jpeg\" \/>\n<meta name=\"twitter:card\" content=\"summary_large_image\" \/>\n<meta name=\"twitter:label1\" content=\"Est. reading time\" \/>\n\t<meta name=\"twitter:data1\" content=\"1 minute\" \/>\n<script type=\"application\/ld+json\" class=\"yoast-schema-graph\">{\"@context\":\"https:\/\/schema.org\",\"@graph\":[{\"@type\":\"WebPage\",\"@id\":\"https:\/\/www.mancinileather.com\/fr\/produit\/sac-unisexe-crossover-pour-livre-electronique-et-tablette\",\"url\":\"https:\/\/www.mancinileather.com\/fr\/produit\/sac-unisexe-crossover-pour-livre-electronique-et-tablette\",\"name\":\"Sac Unisexe \u201cCrossover\u201d pour Livre \u00e9l\u00e9ctronique et tablette\",\"isPartOf\":{\"@id\":\"https:\/\/www.mancinileather.com\/fr#website\"},\"primaryImageOfPage\":{\"@id\":\"https:\/\/www.mancinileather.com\/fr\/produit\/sac-unisexe-crossover-pour-livre-electronique-et-tablette#primaryimage\"},\"image\":{\"@id\":\"https:\/\/www.mancinileather.com\/fr\/produit\/sac-unisexe-crossover-pour-livre-electronique-et-tablette#primaryimage\"},\"thumbnailUrl\":\"https:\/\/www.mancinileather.com\/wp-content\/uploads\/2021\/12\/products-file_56abb9d691e3c-1.jpg\",\"datePublished\":\"2022-03-29T13:47:30+00:00\",\"dateModified\":\"2025-07-24T06:23:58+00:00\",\"description\":\"Les designs audacieux et les fonctions sup\u00e9rieures caract\u00e9risent notre\u00a0collection BIZTECH\u00a0consacr\u00e9e aux produits pour ordinateurs portables et tablettes \u00e9lectroniques. Faits de nylon balistique 900 * 600 deniers ultraperformant, ils sont dot\u00e9s de toutes les caract\u00e9ristiques les plus recherch\u00e9es. Ils sont con\u00e7us pour transporter votre ordinateur portable\u00a0et tablettes \u00e9lectroniques\u00a0tout en vous offrant un confort et une durabilit\u00e9 in\u00e9gal\u00e9e.Ce sac unisexe messager est \u00e9quip\u00e9 d'un compartiment principal rembourr\u00e9 en feutre pour transporter votre livre et tablette\u00a0\u00e9lectronique\u00a0en toute s\u00e9curit\u00e9. Il est dot\u00e9 de plusieurs poches pratiques sur le devant et sur le dos. Une poche est \u00e9quip\u00e9 de\u00a0la derni\u00e8re technologie de blocage d'ondes RFID\u00a0pour assurer que vos donn\u00e9es et vos cartes sont s\u00e9curitaires.\",\"breadcrumb\":{\"@id\":\"https:\/\/www.mancinileather.com\/fr\/produit\/sac-unisexe-crossover-pour-livre-electronique-et-tablette#breadcrumb\"},\"inLanguage\":\"fr-FR\",\"potentialAction\":[{\"@type\":\"ReadAction\",\"target\":[\"https:\/\/www.mancinileather.com\/fr\/produit\/sac-unisexe-crossover-pour-livre-electronique-et-tablette\"]}]},{\"@type\":\"ImageObject\",\"inLanguage\":\"fr-FR\",\"@id\":\"https:\/\/www.mancinileather.com\/fr\/produit\/sac-unisexe-crossover-pour-livre-electronique-et-tablette#primaryimage\",\"url\":\"https:\/\/www.mancinileather.com\/wp-content\/uploads\/2021\/12\/products-file_56abb9d691e3c-1.jpg\",\"contentUrl\":\"https:\/\/www.mancinileather.com\/wp-content\/uploads\/2021\/12\/products-file_56abb9d691e3c-1.jpg\",\"width\":1200,\"height\":1600,\"caption\":\"Crossover Bag for Tablet and E-Reader\"},{\"@type\":\"BreadcrumbList\",\"@id\":\"https:\/\/www.mancinileather.com\/fr\/produit\/sac-unisexe-crossover-pour-livre-electronique-et-tablette#breadcrumb\",\"itemListElement\":[{\"@type\":\"ListItem\",\"position\":1,\"name\":\"Home\",\"item\":\"https:\/\/www.mancinileather.com\/fr\"},{\"@type\":\"ListItem\",\"position\":2,\"name\":\"Boutique\",\"item\":\"https:\/\/www.mancinileather.com\/fr\/boutique\"},{\"@type\":\"ListItem\",\"position\":3,\"name\":\"Sac Unisexe \u201cCrossover\u201d pour Livre \u00e9l\u00e9ctronique et tablette\"}]},{\"@type\":\"WebSite\",\"@id\":\"https:\/\/www.mancinileather.com\/fr#website\",\"url\":\"https:\/\/www.mancinileather.com\/fr\",\"name\":\"Mancini\",\"description\":\"Online Leather Store and Products\",\"potentialAction\":[{\"@type\":\"SearchAction\",\"target\":{\"@type\":\"EntryPoint\",\"urlTemplate\":\"https:\/\/www.mancinileather.com\/fr?s={search_term_string}\"},\"query-input\":{\"@type\":\"PropertyValueSpecification\",\"valueRequired\":true,\"valueName\":\"search_term_string\"}}],\"inLanguage\":\"fr-FR\"}]}<\/script>\n<!-- \/ Yoast SEO plugin. -->","yoast_head_json":{"title":"Sac Unisexe \u201cCrossover\u201d pour Livre \u00e9l\u00e9ctronique et tablette","description":"Les designs audacieux et les fonctions sup\u00e9rieures caract\u00e9risent notre\u00a0collection BIZTECH\u00a0consacr\u00e9e aux produits pour ordinateurs portables et tablettes \u00e9lectroniques. Faits de nylon balistique 900 * 600 deniers ultraperformant, ils sont dot\u00e9s de toutes les caract\u00e9ristiques les plus recherch\u00e9es. Ils sont con\u00e7us pour transporter votre ordinateur portable\u00a0et tablettes \u00e9lectroniques\u00a0tout en vous offrant un confort et une durabilit\u00e9 in\u00e9gal\u00e9e.Ce sac unisexe messager est \u00e9quip\u00e9 d'un compartiment principal rembourr\u00e9 en feutre pour transporter votre livre et tablette\u00a0\u00e9lectronique\u00a0en toute s\u00e9curit\u00e9. Il est dot\u00e9 de plusieurs poches pratiques sur le devant et sur le dos. Une poche est \u00e9quip\u00e9 de\u00a0la derni\u00e8re technologie de blocage d'ondes RFID\u00a0pour assurer que vos donn\u00e9es et vos cartes sont s\u00e9curitaires.","robots":{"index":"index","follow":"follow","max-snippet":"max-snippet:-1","max-image-preview":"max-image-preview:large","max-video-preview":"max-video-preview:-1"},"canonical":"https:\/\/www.mancinileather.com\/fr\/produit\/sac-unisexe-crossover-pour-livre-electronique-et-tablette","og_locale":"fr_FR","og_type":"article","og_title":"Sac Unisexe \u201cCrossover\u201d pour Livre \u00e9l\u00e9ctronique et tablette","og_description":"Les designs audacieux et les fonctions sup\u00e9rieures caract\u00e9risent notre\u00a0collection BIZTECH\u00a0consacr\u00e9e aux produits pour ordinateurs portables et tablettes \u00e9lectroniques. Faits de nylon balistique 900 * 600 deniers ultraperformant, ils sont dot\u00e9s de toutes les caract\u00e9ristiques les plus recherch\u00e9es. Ils sont con\u00e7us pour transporter votre ordinateur portable\u00a0et tablettes \u00e9lectroniques\u00a0tout en vous offrant un confort et une durabilit\u00e9 in\u00e9gal\u00e9e.Ce sac unisexe messager est \u00e9quip\u00e9 d'un compartiment principal rembourr\u00e9 en feutre pour transporter votre livre et tablette\u00a0\u00e9lectronique\u00a0en toute s\u00e9curit\u00e9. Il est dot\u00e9 de plusieurs poches pratiques sur le devant et sur le dos. Une poche est \u00e9quip\u00e9 de\u00a0la derni\u00e8re technologie de blocage d'ondes RFID\u00a0pour assurer que vos donn\u00e9es et vos cartes sont s\u00e9curitaires.","og_url":"https:\/\/www.mancinileather.com\/fr\/produit\/sac-unisexe-crossover-pour-livre-electronique-et-tablette","og_site_name":"Mancini","article_modified_time":"2025-07-24T06:23:58+00:00","og_image":[{"width":1200,"height":1600,"url":"https:\/\/www.mancinileather.com\/wp-content\/uploads\/2021\/12\/products-file_56abb9d691e3c-1.jpg","type":"image\/jpeg"}],"twitter_card":"summary_large_image","twitter_misc":{"Est. reading time":"1 minute"},"schema":{"@context":"https:\/\/schema.org","@graph":[{"@type":"WebPage","@id":"https:\/\/www.mancinileather.com\/fr\/produit\/sac-unisexe-crossover-pour-livre-electronique-et-tablette","url":"https:\/\/www.mancinileather.com\/fr\/produit\/sac-unisexe-crossover-pour-livre-electronique-et-tablette","name":"Sac Unisexe \u201cCrossover\u201d pour Livre \u00e9l\u00e9ctronique et tablette","isPartOf":{"@id":"https:\/\/www.mancinileather.com\/fr#website"},"primaryImageOfPage":{"@id":"https:\/\/www.mancinileather.com\/fr\/produit\/sac-unisexe-crossover-pour-livre-electronique-et-tablette#primaryimage"},"image":{"@id":"https:\/\/www.mancinileather.com\/fr\/produit\/sac-unisexe-crossover-pour-livre-electronique-et-tablette#primaryimage"},"thumbnailUrl":"https:\/\/www.mancinileather.com\/wp-content\/uploads\/2021\/12\/products-file_56abb9d691e3c-1.jpg","datePublished":"2022-03-29T13:47:30+00:00","dateModified":"2025-07-24T06:23:58+00:00","description":"Les designs audacieux et les fonctions sup\u00e9rieures caract\u00e9risent notre\u00a0collection BIZTECH\u00a0consacr\u00e9e aux produits pour ordinateurs portables et tablettes \u00e9lectroniques. Faits de nylon balistique 900 * 600 deniers ultraperformant, ils sont dot\u00e9s de toutes les caract\u00e9ristiques les plus recherch\u00e9es. Ils sont con\u00e7us pour transporter votre ordinateur portable\u00a0et tablettes \u00e9lectroniques\u00a0tout en vous offrant un confort et une durabilit\u00e9 in\u00e9gal\u00e9e.Ce sac unisexe messager est \u00e9quip\u00e9 d'un compartiment principal rembourr\u00e9 en feutre pour transporter votre livre et tablette\u00a0\u00e9lectronique\u00a0en toute s\u00e9curit\u00e9. Il est dot\u00e9 de plusieurs poches pratiques sur le devant et sur le dos. Une poche est \u00e9quip\u00e9 de\u00a0la derni\u00e8re technologie de blocage d'ondes RFID\u00a0pour assurer que vos donn\u00e9es et vos cartes sont s\u00e9curitaires.","breadcrumb":{"@id":"https:\/\/www.mancinileather.com\/fr\/produit\/sac-unisexe-crossover-pour-livre-electronique-et-tablette#breadcrumb"},"inLanguage":"fr-FR","potentialAction":[{"@type":"ReadAction","target":["https:\/\/www.mancinileather.com\/fr\/produit\/sac-unisexe-crossover-pour-livre-electronique-et-tablette"]}]},{"@type":"ImageObject","inLanguage":"fr-FR","@id":"https:\/\/www.mancinileather.com\/fr\/produit\/sac-unisexe-crossover-pour-livre-electronique-et-tablette#primaryimage","url":"https:\/\/www.mancinileather.com\/wp-content\/uploads\/2021\/12\/products-file_56abb9d691e3c-1.jpg","contentUrl":"https:\/\/www.mancinileather.com\/wp-content\/uploads\/2021\/12\/products-file_56abb9d691e3c-1.jpg","width":1200,"height":1600,"caption":"Crossover Bag for Tablet and E-Reader"},{"@type":"BreadcrumbList","@id":"https:\/\/www.mancinileather.com\/fr\/produit\/sac-unisexe-crossover-pour-livre-electronique-et-tablette#breadcrumb","itemListElement":[{"@type":"ListItem","position":1,"name":"Home","item":"https:\/\/www.mancinileather.com\/fr"},{"@type":"ListItem","position":2,"name":"Boutique","item":"https:\/\/www.mancinileather.com\/fr\/boutique"},{"@type":"ListItem","position":3,"name":"Sac Unisexe \u201cCrossover\u201d pour Livre \u00e9l\u00e9ctronique et tablette"}]},{"@type":"WebSite","@id":"https:\/\/www.mancinileather.com\/fr#website","url":"https:\/\/www.mancinileather.com\/fr","name":"Mancini","description":"Online Leather Store and Products","potentialAction":[{"@type":"SearchAction","target":{"@type":"EntryPoint","urlTemplate":"https:\/\/www.mancinileather.com\/fr?s={search_term_string}"},"query-input":{"@type":"PropertyValueSpecification","valueRequired":true,"valueName":"search_term_string"}}],"inLanguage":"fr-FR"}]}},"brands":[],"_links":{"self":[{"href":"https:\/\/www.mancinileather.com\/fr\/wp-json\/wp\/v2\/product\/35883","targetHints":{"allow":["GET"]}}],"collection":[{"href":"https:\/\/www.mancinileather.com\/fr\/wp-json\/wp\/v2\/product"}],"about":[{"href":"https:\/\/www.mancinileather.com\/fr\/wp-json\/wp\/v2\/types\/product"}],"replies":[{"embeddable":true,"href":"https:\/\/www.mancinileather.com\/fr\/wp-json\/wp\/v2\/comments?post=35883"}],"wp:featuredmedia":[{"embeddable":true,"href":"https:\/\/www.mancinileather.com\/fr\/wp-json\/wp\/v2\/media\/24518"}],"wp:attachment":[{"href":"https:\/\/www.mancinileather.com\/fr\/wp-json\/wp\/v2\/media?parent=35883"}],"wp:term":[{"taxonomy":"pwb-brand","embeddable":true,"href":"https:\/\/www.mancinileather.com\/fr\/wp-json\/wp\/v2\/pwb-brand?post=35883"},{"taxonomy":"product_brand","embeddable":true,"href":"https:\/\/www.mancinileather.com\/fr\/wp-json\/wp\/v2\/product_brand?post=35883"},{"taxonomy":"product_cat","embeddable":true,"href":"https:\/\/www.mancinileather.com\/fr\/wp-json\/wp\/v2\/product_cat?post=35883"},{"taxonomy":"product_tag","embeddable":true,"href":"https:\/\/www.mancinileather.com\/fr\/wp-json\/wp\/v2\/product_tag?post=35883"}],"curies":[{"name":"wp","href":"https:\/\/api.w.org\/{rel}","templated":true}]}}