{"id":35943,"date":"2022-03-29T09:42:52","date_gmt":"2022-03-29T17:48:10","guid":{"rendered":"https:\/\/mancini.bluehat.hosting\/?post_type=product&#038;p=35943"},"modified":"2025-07-24T02:23:58","modified_gmt":"2025-07-24T06:23:58","slug":"sac-dos-pour-portable-e","status":"publish","type":"product","link":"https:\/\/www.mancinileather.com\/fr\/produit\/sac-dos-pour-portable-e","title":{"rendered":"Sac \u00e0 dos pour portable et tablette v1"},"content":{"rendered":"<p>Les designs audacieux et les fonctions sup\u00e9rieures caract\u00e9risent notre\u00a0collection<strong> BIZTECH\u00a0<\/strong>consacr\u00e9e aux produits pour ordinateurs portables. Faits de nylon balistique 1680 deniers ultraperformant, ils sont dot\u00e9s de toutes les caract\u00e9ristiques les plus recherch\u00e9es. Ils sont con\u00e7us pour transporter votre ordinateur portable tout en vous offrant un confort et une durabilit\u00e9 in\u00e9gal\u00e9e.<\/p>\n<p>Ce sac \u00e0 dos pour portable dispose d&#8217;un compartiment rembourr\u00e9 \u00e0 l&#8217;arri\u00e8re pour garder votre ordinateur portable en toute s\u00e9curit\u00e9. Il est \u00e9quip\u00e9 d&#8217;un organisateur sur le front, des pochettes avec organisateurs des deux c\u00f4t\u00e9s et un grand compartiment principale pour tous vos accessoires et articles personnels. Cr\u00e9\u00e9 pour la mobilit\u00e9 et la fonctionnalit\u00e9. L&#8217;organisateur est\u00a0\u00e9quip\u00e9 de la derni\u00e8re technologie de blocage d&#8217;ondes RFID\u00a0pour assurer que vos donn\u00e9es et vos cartes sont s\u00e9curitaires.<\/p>\n","protected":false},"excerpt":{"rendered":"<p>&nbsp;<\/p>\n<ul>\n<li>Equip\u00e9 de la derni\u00e8re technologie de blocage d&#8217;ondes RFID<\/li>\n<li>Convient au portables jusqu&#8217;\u00e0 17 pouces<\/li>\n<li>Convient au tablette<\/li>\n<li>Compartiment rembourr\u00e9 en arri\u00e8re avec \u00e9tui pour portable<\/li>\n<li>Poche organisateur zipp\u00e9 sur le front<\/li>\n<li>Grand compartiment principal<\/li>\n<li>Pochettes zipp\u00e9es aux deux c\u00f4t\u00e9s<\/li>\n<li>Pochette pour lecteur multim\u00e9dia avec oeillet pour les fils d&#8217;\u00e9couteur<\/li>\n<li>Bandouli\u00e8res et dossier ultra-rembour\u00e9es<\/li>\n<li>Sangle \u00e0 ferroutage sur le dos<\/li>\n<li>Cinq an de garantie limit\u00e9e <strong>MANCINI\u00a0<\/strong><\/li>\n<\/ul>\n","protected":false},"featured_media":24578,"comment_status":"open","ping_status":"closed","template":"","meta":[],"pwb-brand":[],"product_brand":[],"product_cat":[1463,1630,1638],"product_tag":[],"class_list":{"0":"post-35943","1":"product","2":"type-product","3":"status-publish","4":"has-post-thumbnail","6":"product_cat-sacs-a-dos-homme-femme","7":"product_cat-femme","8":"product_cat-hommes","9":"pa_collection-biztech-fr-2","10":"pa_color-noir-fr","11":"pa_material-nylon-balistique-900-600-deniers-ultraperformant","13":"first","14":"outofstock","15":"taxable","16":"shipping-taxable","17":"purchasable","18":"product-type-variable","19":"has-default-attributes"},"yoast_head":"<!-- This site is optimized with the Yoast SEO plugin v27.4 - https:\/\/yoast.com\/product\/yoast-seo-wordpress\/ -->\n<title>Sac \u00e0 dos pour portable et tablette<\/title>\n<meta name=\"description\" content=\"Les designs audacieux et les fonctions sup\u00e9rieures caract\u00e9risent notre\u00a0collection BIZTECH\u00a0consacr\u00e9e aux produits pour ordinateurs portables. Faits de nylon balistique 1680 deniers ultraperformant, ils sont dot\u00e9s de toutes les caract\u00e9ristiques les plus recherch\u00e9es. Ils sont con\u00e7us pour transporter votre ordinateur portable tout en vous offrant un confort et une durabilit\u00e9 in\u00e9gal\u00e9e.\u00a0Ce sac \u00e0 dos pour portable dispose d&#039;un compartiment rembourr\u00e9 \u00e0 l&#039;arri\u00e8re pour garder votre ordinateur portable en toute s\u00e9curit\u00e9. Il est \u00e9quip\u00e9 d&#039;un organisateur sur le front, des pochettes avec organisateurs des deux c\u00f4t\u00e9s et un grand compartiment principale pour tous vos accessoires et articles personnels. Cr\u00e9\u00e9 pour la mobilit\u00e9 et la fonctionnalit\u00e9. L&#039;organisateur est\u00a0\u00e9quip\u00e9 de la derni\u00e8re technologie de blocage d&#039;ondes RFID\u00a0pour assurer que vos donn\u00e9es et vos cartes sont s\u00e9curitaires.\" \/>\n<meta name=\"robots\" content=\"index, follow, max-snippet:-1, max-image-preview:large, max-video-preview:-1\" \/>\n<link rel=\"canonical\" href=\"https:\/\/www.mancinileather.com\/fr\/produit\/sac-dos-pour-portable-e\" \/>\n<meta property=\"og:locale\" content=\"fr_FR\" \/>\n<meta property=\"og:type\" content=\"article\" \/>\n<meta property=\"og:title\" content=\"Sac \u00e0 dos pour portable et tablette\" \/>\n<meta property=\"og:description\" content=\"Les designs audacieux et les fonctions sup\u00e9rieures caract\u00e9risent notre\u00a0collection BIZTECH\u00a0consacr\u00e9e aux produits pour ordinateurs portables. Faits de nylon balistique 1680 deniers ultraperformant, ils sont dot\u00e9s de toutes les caract\u00e9ristiques les plus recherch\u00e9es. Ils sont con\u00e7us pour transporter votre ordinateur portable tout en vous offrant un confort et une durabilit\u00e9 in\u00e9gal\u00e9e.\u00a0Ce sac \u00e0 dos pour portable dispose d&#039;un compartiment rembourr\u00e9 \u00e0 l&#039;arri\u00e8re pour garder votre ordinateur portable en toute s\u00e9curit\u00e9. Il est \u00e9quip\u00e9 d&#039;un organisateur sur le front, des pochettes avec organisateurs des deux c\u00f4t\u00e9s et un grand compartiment principale pour tous vos accessoires et articles personnels. Cr\u00e9\u00e9 pour la mobilit\u00e9 et la fonctionnalit\u00e9. L&#039;organisateur est\u00a0\u00e9quip\u00e9 de la derni\u00e8re technologie de blocage d&#039;ondes RFID\u00a0pour assurer que vos donn\u00e9es et vos cartes sont s\u00e9curitaires.\" \/>\n<meta property=\"og:url\" content=\"https:\/\/www.mancinileather.com\/fr\/produit\/sac-dos-pour-portable-e\" \/>\n<meta property=\"og:site_name\" content=\"Mancini\" \/>\n<meta property=\"article:modified_time\" content=\"2025-07-24T06:23:58+00:00\" \/>\n<meta property=\"og:image\" content=\"https:\/\/www.mancinileather.com\/wp-content\/uploads\/2021\/12\/products-file_56ab9143367b9-1.jpg\" \/>\n\t<meta property=\"og:image:width\" content=\"1200\" \/>\n\t<meta property=\"og:image:height\" content=\"1600\" \/>\n\t<meta property=\"og:image:type\" content=\"image\/jpeg\" \/>\n<meta name=\"twitter:card\" content=\"summary_large_image\" \/>\n<meta name=\"twitter:label1\" content=\"Est. reading time\" \/>\n\t<meta name=\"twitter:data1\" content=\"1 minute\" \/>\n<script type=\"application\/ld+json\" class=\"yoast-schema-graph\">{\"@context\":\"https:\\\/\\\/schema.org\",\"@graph\":[{\"@type\":\"WebPage\",\"@id\":\"https:\\\/\\\/www.mancinileather.com\\\/fr\\\/produit\\\/sac-dos-pour-portable-e\",\"url\":\"https:\\\/\\\/www.mancinileather.com\\\/fr\\\/produit\\\/sac-dos-pour-portable-e\",\"name\":\"Sac \u00e0 dos pour portable et tablette\",\"isPartOf\":{\"@id\":\"https:\\\/\\\/www.mancinileather.com\\\/fr#website\"},\"primaryImageOfPage\":{\"@id\":\"https:\\\/\\\/www.mancinileather.com\\\/fr\\\/produit\\\/sac-dos-pour-portable-e#primaryimage\"},\"image\":{\"@id\":\"https:\\\/\\\/www.mancinileather.com\\\/fr\\\/produit\\\/sac-dos-pour-portable-e#primaryimage\"},\"thumbnailUrl\":\"https:\\\/\\\/www.mancinileather.com\\\/wp-content\\\/uploads\\\/2021\\\/12\\\/products-file_56ab9143367b9-1.jpg\",\"datePublished\":\"2022-03-29T17:48:10+00:00\",\"dateModified\":\"2025-07-24T06:23:58+00:00\",\"description\":\"Les designs audacieux et les fonctions sup\u00e9rieures caract\u00e9risent notre\u00a0collection BIZTECH\u00a0consacr\u00e9e aux produits pour ordinateurs portables. Faits de nylon balistique 1680 deniers ultraperformant, ils sont dot\u00e9s de toutes les caract\u00e9ristiques les plus recherch\u00e9es. Ils sont con\u00e7us pour transporter votre ordinateur portable tout en vous offrant un confort et une durabilit\u00e9 in\u00e9gal\u00e9e.\u00a0Ce sac \u00e0 dos pour portable dispose d'un compartiment rembourr\u00e9 \u00e0 l'arri\u00e8re pour garder votre ordinateur portable en toute s\u00e9curit\u00e9. Il est \u00e9quip\u00e9 d'un organisateur sur le front, des pochettes avec organisateurs des deux c\u00f4t\u00e9s et un grand compartiment principale pour tous vos accessoires et articles personnels. Cr\u00e9\u00e9 pour la mobilit\u00e9 et la fonctionnalit\u00e9. L'organisateur est\u00a0\u00e9quip\u00e9 de la derni\u00e8re technologie de blocage d'ondes RFID\u00a0pour assurer que vos donn\u00e9es et vos cartes sont s\u00e9curitaires.\",\"breadcrumb\":{\"@id\":\"https:\\\/\\\/www.mancinileather.com\\\/fr\\\/produit\\\/sac-dos-pour-portable-e#breadcrumb\"},\"inLanguage\":\"fr-FR\",\"potentialAction\":[{\"@type\":\"ReadAction\",\"target\":[\"https:\\\/\\\/www.mancinileather.com\\\/fr\\\/produit\\\/sac-dos-pour-portable-e\"]}]},{\"@type\":\"ImageObject\",\"inLanguage\":\"fr-FR\",\"@id\":\"https:\\\/\\\/www.mancinileather.com\\\/fr\\\/produit\\\/sac-dos-pour-portable-e#primaryimage\",\"url\":\"https:\\\/\\\/www.mancinileather.com\\\/wp-content\\\/uploads\\\/2021\\\/12\\\/products-file_56ab9143367b9-1.jpg\",\"contentUrl\":\"https:\\\/\\\/www.mancinileather.com\\\/wp-content\\\/uploads\\\/2021\\\/12\\\/products-file_56ab9143367b9-1.jpg\",\"width\":1200,\"height\":1600,\"caption\":\"Backpack for Laptop and Tablet\"},{\"@type\":\"BreadcrumbList\",\"@id\":\"https:\\\/\\\/www.mancinileather.com\\\/fr\\\/produit\\\/sac-dos-pour-portable-e#breadcrumb\",\"itemListElement\":[{\"@type\":\"ListItem\",\"position\":1,\"name\":\"Home\",\"item\":\"https:\\\/\\\/www.mancinileather.com\\\/fr\"},{\"@type\":\"ListItem\",\"position\":2,\"name\":\"Boutique\",\"item\":\"https:\\\/\\\/www.mancinileather.com\\\/fr\\\/boutique\"},{\"@type\":\"ListItem\",\"position\":3,\"name\":\"Sac \u00e0 dos pour portable et tablette v1\"}]},{\"@type\":\"WebSite\",\"@id\":\"https:\\\/\\\/www.mancinileather.com\\\/fr#website\",\"url\":\"https:\\\/\\\/www.mancinileather.com\\\/fr\",\"name\":\"Mancini\",\"description\":\"Online Leather Store and Products\",\"potentialAction\":[{\"@type\":\"SearchAction\",\"target\":{\"@type\":\"EntryPoint\",\"urlTemplate\":\"https:\\\/\\\/www.mancinileather.com\\\/fr?s={search_term_string}\"},\"query-input\":{\"@type\":\"PropertyValueSpecification\",\"valueRequired\":true,\"valueName\":\"search_term_string\"}}],\"inLanguage\":\"fr-FR\"}]}<\/script>\n<!-- \/ Yoast SEO plugin. -->","yoast_head_json":{"title":"Sac \u00e0 dos pour portable et tablette","description":"Les designs audacieux et les fonctions sup\u00e9rieures caract\u00e9risent notre\u00a0collection BIZTECH\u00a0consacr\u00e9e aux produits pour ordinateurs portables. Faits de nylon balistique 1680 deniers ultraperformant, ils sont dot\u00e9s de toutes les caract\u00e9ristiques les plus recherch\u00e9es. Ils sont con\u00e7us pour transporter votre ordinateur portable tout en vous offrant un confort et une durabilit\u00e9 in\u00e9gal\u00e9e.\u00a0Ce sac \u00e0 dos pour portable dispose d'un compartiment rembourr\u00e9 \u00e0 l'arri\u00e8re pour garder votre ordinateur portable en toute s\u00e9curit\u00e9. Il est \u00e9quip\u00e9 d'un organisateur sur le front, des pochettes avec organisateurs des deux c\u00f4t\u00e9s et un grand compartiment principale pour tous vos accessoires et articles personnels. Cr\u00e9\u00e9 pour la mobilit\u00e9 et la fonctionnalit\u00e9. L'organisateur est\u00a0\u00e9quip\u00e9 de la derni\u00e8re technologie de blocage d'ondes RFID\u00a0pour assurer que vos donn\u00e9es et vos cartes sont s\u00e9curitaires.","robots":{"index":"index","follow":"follow","max-snippet":"max-snippet:-1","max-image-preview":"max-image-preview:large","max-video-preview":"max-video-preview:-1"},"canonical":"https:\/\/www.mancinileather.com\/fr\/produit\/sac-dos-pour-portable-e","og_locale":"fr_FR","og_type":"article","og_title":"Sac \u00e0 dos pour portable et tablette","og_description":"Les designs audacieux et les fonctions sup\u00e9rieures caract\u00e9risent notre\u00a0collection BIZTECH\u00a0consacr\u00e9e aux produits pour ordinateurs portables. Faits de nylon balistique 1680 deniers ultraperformant, ils sont dot\u00e9s de toutes les caract\u00e9ristiques les plus recherch\u00e9es. Ils sont con\u00e7us pour transporter votre ordinateur portable tout en vous offrant un confort et une durabilit\u00e9 in\u00e9gal\u00e9e.\u00a0Ce sac \u00e0 dos pour portable dispose d'un compartiment rembourr\u00e9 \u00e0 l'arri\u00e8re pour garder votre ordinateur portable en toute s\u00e9curit\u00e9. Il est \u00e9quip\u00e9 d'un organisateur sur le front, des pochettes avec organisateurs des deux c\u00f4t\u00e9s et un grand compartiment principale pour tous vos accessoires et articles personnels. Cr\u00e9\u00e9 pour la mobilit\u00e9 et la fonctionnalit\u00e9. L'organisateur est\u00a0\u00e9quip\u00e9 de la derni\u00e8re technologie de blocage d'ondes RFID\u00a0pour assurer que vos donn\u00e9es et vos cartes sont s\u00e9curitaires.","og_url":"https:\/\/www.mancinileather.com\/fr\/produit\/sac-dos-pour-portable-e","og_site_name":"Mancini","article_modified_time":"2025-07-24T06:23:58+00:00","og_image":[{"width":1200,"height":1600,"url":"https:\/\/www.mancinileather.com\/wp-content\/uploads\/2021\/12\/products-file_56ab9143367b9-1.jpg","type":"image\/jpeg"}],"twitter_card":"summary_large_image","twitter_misc":{"Est. reading time":"1 minute"},"schema":{"@context":"https:\/\/schema.org","@graph":[{"@type":"WebPage","@id":"https:\/\/www.mancinileather.com\/fr\/produit\/sac-dos-pour-portable-e","url":"https:\/\/www.mancinileather.com\/fr\/produit\/sac-dos-pour-portable-e","name":"Sac \u00e0 dos pour portable et tablette","isPartOf":{"@id":"https:\/\/www.mancinileather.com\/fr#website"},"primaryImageOfPage":{"@id":"https:\/\/www.mancinileather.com\/fr\/produit\/sac-dos-pour-portable-e#primaryimage"},"image":{"@id":"https:\/\/www.mancinileather.com\/fr\/produit\/sac-dos-pour-portable-e#primaryimage"},"thumbnailUrl":"https:\/\/www.mancinileather.com\/wp-content\/uploads\/2021\/12\/products-file_56ab9143367b9-1.jpg","datePublished":"2022-03-29T17:48:10+00:00","dateModified":"2025-07-24T06:23:58+00:00","description":"Les designs audacieux et les fonctions sup\u00e9rieures caract\u00e9risent notre\u00a0collection BIZTECH\u00a0consacr\u00e9e aux produits pour ordinateurs portables. Faits de nylon balistique 1680 deniers ultraperformant, ils sont dot\u00e9s de toutes les caract\u00e9ristiques les plus recherch\u00e9es. Ils sont con\u00e7us pour transporter votre ordinateur portable tout en vous offrant un confort et une durabilit\u00e9 in\u00e9gal\u00e9e.\u00a0Ce sac \u00e0 dos pour portable dispose d'un compartiment rembourr\u00e9 \u00e0 l'arri\u00e8re pour garder votre ordinateur portable en toute s\u00e9curit\u00e9. Il est \u00e9quip\u00e9 d'un organisateur sur le front, des pochettes avec organisateurs des deux c\u00f4t\u00e9s et un grand compartiment principale pour tous vos accessoires et articles personnels. Cr\u00e9\u00e9 pour la mobilit\u00e9 et la fonctionnalit\u00e9. L'organisateur est\u00a0\u00e9quip\u00e9 de la derni\u00e8re technologie de blocage d'ondes RFID\u00a0pour assurer que vos donn\u00e9es et vos cartes sont s\u00e9curitaires.","breadcrumb":{"@id":"https:\/\/www.mancinileather.com\/fr\/produit\/sac-dos-pour-portable-e#breadcrumb"},"inLanguage":"fr-FR","potentialAction":[{"@type":"ReadAction","target":["https:\/\/www.mancinileather.com\/fr\/produit\/sac-dos-pour-portable-e"]}]},{"@type":"ImageObject","inLanguage":"fr-FR","@id":"https:\/\/www.mancinileather.com\/fr\/produit\/sac-dos-pour-portable-e#primaryimage","url":"https:\/\/www.mancinileather.com\/wp-content\/uploads\/2021\/12\/products-file_56ab9143367b9-1.jpg","contentUrl":"https:\/\/www.mancinileather.com\/wp-content\/uploads\/2021\/12\/products-file_56ab9143367b9-1.jpg","width":1200,"height":1600,"caption":"Backpack for Laptop and Tablet"},{"@type":"BreadcrumbList","@id":"https:\/\/www.mancinileather.com\/fr\/produit\/sac-dos-pour-portable-e#breadcrumb","itemListElement":[{"@type":"ListItem","position":1,"name":"Home","item":"https:\/\/www.mancinileather.com\/fr"},{"@type":"ListItem","position":2,"name":"Boutique","item":"https:\/\/www.mancinileather.com\/fr\/boutique"},{"@type":"ListItem","position":3,"name":"Sac \u00e0 dos pour portable et tablette v1"}]},{"@type":"WebSite","@id":"https:\/\/www.mancinileather.com\/fr#website","url":"https:\/\/www.mancinileather.com\/fr","name":"Mancini","description":"Online Leather Store and Products","potentialAction":[{"@type":"SearchAction","target":{"@type":"EntryPoint","urlTemplate":"https:\/\/www.mancinileather.com\/fr?s={search_term_string}"},"query-input":{"@type":"PropertyValueSpecification","valueRequired":true,"valueName":"search_term_string"}}],"inLanguage":"fr-FR"}]}},"brands":[],"_links":{"self":[{"href":"https:\/\/www.mancinileather.com\/fr\/wp-json\/wp\/v2\/product\/35943","targetHints":{"allow":["GET"]}}],"collection":[{"href":"https:\/\/www.mancinileather.com\/fr\/wp-json\/wp\/v2\/product"}],"about":[{"href":"https:\/\/www.mancinileather.com\/fr\/wp-json\/wp\/v2\/types\/product"}],"replies":[{"embeddable":true,"href":"https:\/\/www.mancinileather.com\/fr\/wp-json\/wp\/v2\/comments?post=35943"}],"wp:featuredmedia":[{"embeddable":true,"href":"https:\/\/www.mancinileather.com\/fr\/wp-json\/wp\/v2\/media\/24578"}],"wp:attachment":[{"href":"https:\/\/www.mancinileather.com\/fr\/wp-json\/wp\/v2\/media?parent=35943"}],"wp:term":[{"taxonomy":"pwb-brand","embeddable":true,"href":"https:\/\/www.mancinileather.com\/fr\/wp-json\/wp\/v2\/pwb-brand?post=35943"},{"taxonomy":"product_brand","embeddable":true,"href":"https:\/\/www.mancinileather.com\/fr\/wp-json\/wp\/v2\/product_brand?post=35943"},{"taxonomy":"product_cat","embeddable":true,"href":"https:\/\/www.mancinileather.com\/fr\/wp-json\/wp\/v2\/product_cat?post=35943"},{"taxonomy":"product_tag","embeddable":true,"href":"https:\/\/www.mancinileather.com\/fr\/wp-json\/wp\/v2\/product_tag?post=35943"}],"curies":[{"name":"wp","href":"https:\/\/api.w.org\/{rel}","templated":true}]}}