{"id":36097,"date":"2022-03-29T09:44:44","date_gmt":"2022-03-29T09:44:44","guid":{"rendered":"https:\/\/mancini.bluehat.hosting\/?post_type=product&#038;p=36097"},"modified":"2025-07-24T02:23:58","modified_gmt":"2025-07-24T06:23:58","slug":"malette-catalog-roulette","status":"publish","type":"product","link":"https:\/\/www.mancinileather.com\/fr\/produit\/malette-catalog-roulette","title":{"rendered":"Malette \u00e0 catalog \u00e0 roulettes"},"content":{"rendered":"<div class=\"fusion-fullwidth fullwidth-box fusion-builder-row-1 fusion-flex-container nonhundred-percent-fullwidth non-hundred-percent-height-scrolling\" style=\"--awb-border-radius-top-left:0px;--awb-border-radius-top-right:0px;--awb-border-radius-bottom-right:0px;--awb-border-radius-bottom-left:0px;--awb-flex-wrap:wrap;\" ><div class=\"fusion-builder-row fusion-row fusion-flex-align-items-flex-start fusion-flex-content-wrap\" style=\"max-width:1430px;margin-left: calc(-4% \/ 2 );margin-right: calc(-4% \/ 2 );\"><div class=\"fusion-layout-column fusion_builder_column fusion-builder-column-0 fusion_builder_column_1_1 1_1 fusion-flex-column\" style=\"--awb-bg-size:cover;--awb-width-large:100%;--awb-margin-top-large:0px;--awb-spacing-right-large:1.92%;--awb-margin-bottom-large:0px;--awb-spacing-left-large:1.92%;--awb-width-medium:100%;--awb-spacing-right-medium:1.92%;--awb-spacing-left-medium:1.92%;--awb-width-small:100%;--awb-spacing-right-small:1.92%;--awb-spacing-left-small:1.92%;\"><div class=\"fusion-column-wrapper fusion-flex-justify-content-flex-start fusion-content-layout-column\"><div class=\"fusion-text fusion-text-1\"><p>Notre mallette \u00e0 catalogue \u00e0 roulettes munie d\u2019un \u00e9tui amovible rembourr\u00e9 pour transporter votre ordinateur portable en toute s\u00e9curit\u00e9 est parfaite pour les rencontres d\u2019affaires. Polyvalente, cette mallette en cuir v\u00e9ritable est dot\u00e9e d&#8217;un classeur \u00e0 fermeture \u00e9clair et de compartiments s\u00e9par\u00e9s con\u00e7us pour transporter des documents, des dossiers, des \u00e9chantillons de produits, et bien plus encore!<\/p>\n<\/div><\/div><\/div><\/div><\/div>\n","protected":false},"excerpt":{"rendered":"<p>&nbsp;<\/p>\n<ul>\n<li>Convient au portables jusqu&#8217;\u00e0 17 pouces<\/li>\n<li>\u00c9tui amovible pour portables<\/li>\n<li>Section pour documents et dossiers<\/li>\n<li>Organisateur sur le front<\/li>\n<li>Poches zipp\u00e9es aux deux c\u00f4t\u00e9s<\/li>\n<li>Poign\u00e9e t\u00e9lescopique<\/li>\n<li>Un an de garantie limit\u00e9e\u00a0<strong>MANCINI<\/strong><\/li>\n<\/ul>\n","protected":false},"featured_media":24741,"comment_status":"open","ping_status":"closed","template":"","meta":[],"pwb-brand":[],"product_brand":[],"product_cat":[1473,1469,1630,1638],"product_tag":[],"class_list":{"0":"post-36097","1":"product","2":"type-product","3":"status-publish","4":"has-post-thumbnail","6":"product_cat-mallettes-a-catalogue","7":"product_cat-porte-document-sur-roulettes","8":"product_cat-femme","9":"product_cat-hommes","10":"pa_collection-business-fr-2","11":"pa_color-bourgogne","12":"pa_color-noir-fr","13":"pa_material-cuir-veritable","15":"first","16":"outofstock","17":"taxable","18":"shipping-taxable","19":"product-type-variable","20":"has-default-attributes"},"yoast_head":"<!-- This site is optimized with the Yoast SEO plugin v25.5 - https:\/\/yoast.com\/wordpress\/plugins\/seo\/ -->\n<title>Malette \u00e0 catalog \u00e0 roulettes<\/title>\n<meta name=\"description\" content=\"Organisez et transportez vos documents en toute simplicit\u00e9 avec cette mallette \u00e0 roulettes \u00e9l\u00e9gante et fonctionnelle.\" \/>\n<meta name=\"robots\" content=\"index, follow, max-snippet:-1, max-image-preview:large, max-video-preview:-1\" \/>\n<link rel=\"canonical\" href=\"https:\/\/www.mancinileather.com\/fr\/produit\/malette-catalog-roulette\" \/>\n<meta property=\"og:locale\" content=\"fr_FR\" \/>\n<meta property=\"og:type\" content=\"article\" \/>\n<meta property=\"og:title\" content=\"Malette \u00e0 catalog \u00e0 roulettes\" \/>\n<meta property=\"og:description\" content=\"Organisez et transportez vos documents en toute simplicit\u00e9 avec cette mallette \u00e0 roulettes \u00e9l\u00e9gante et fonctionnelle.\" \/>\n<meta property=\"og:url\" content=\"https:\/\/www.mancinileather.com\/fr\/produit\/malette-catalog-roulette\" \/>\n<meta property=\"og:site_name\" content=\"Mancini\" \/>\n<meta property=\"article:modified_time\" content=\"2025-07-24T06:23:58+00:00\" \/>\n<meta property=\"og:image\" content=\"https:\/\/www.mancinileather.com\/wp-content\/uploads\/2021\/12\/products-file_56b38051dabae-1.jpg\" \/>\n\t<meta property=\"og:image:width\" content=\"1200\" \/>\n\t<meta property=\"og:image:height\" content=\"1600\" \/>\n\t<meta property=\"og:image:type\" content=\"image\/jpeg\" \/>\n<meta name=\"twitter:card\" content=\"summary_large_image\" \/>\n<meta name=\"twitter:label1\" content=\"Est. reading time\" \/>\n\t<meta name=\"twitter:data1\" content=\"1 minute\" \/>\n<script type=\"application\/ld+json\" class=\"yoast-schema-graph\">{\"@context\":\"https:\/\/schema.org\",\"@graph\":[{\"@type\":\"WebPage\",\"@id\":\"https:\/\/www.mancinileather.com\/fr\/produit\/malette-catalog-roulette\",\"url\":\"https:\/\/www.mancinileather.com\/fr\/produit\/malette-catalog-roulette\",\"name\":\"Malette \u00e0 catalog \u00e0 roulettes\",\"isPartOf\":{\"@id\":\"https:\/\/www.mancinileather.com\/fr#website\"},\"primaryImageOfPage\":{\"@id\":\"https:\/\/www.mancinileather.com\/fr\/produit\/malette-catalog-roulette#primaryimage\"},\"image\":{\"@id\":\"https:\/\/www.mancinileather.com\/fr\/produit\/malette-catalog-roulette#primaryimage\"},\"thumbnailUrl\":\"https:\/\/www.mancinileather.com\/wp-content\/uploads\/2021\/12\/products-file_56b38051dabae-1.jpg\",\"datePublished\":\"2022-03-29T09:44:44+00:00\",\"dateModified\":\"2025-07-24T06:23:58+00:00\",\"description\":\"Organisez et transportez vos documents en toute simplicit\u00e9 avec cette mallette \u00e0 roulettes \u00e9l\u00e9gante et fonctionnelle.\",\"breadcrumb\":{\"@id\":\"https:\/\/www.mancinileather.com\/fr\/produit\/malette-catalog-roulette#breadcrumb\"},\"inLanguage\":\"fr-FR\",\"potentialAction\":[{\"@type\":\"ReadAction\",\"target\":[\"https:\/\/www.mancinileather.com\/fr\/produit\/malette-catalog-roulette\"]}]},{\"@type\":\"ImageObject\",\"inLanguage\":\"fr-FR\",\"@id\":\"https:\/\/www.mancinileather.com\/fr\/produit\/malette-catalog-roulette#primaryimage\",\"url\":\"https:\/\/www.mancinileather.com\/wp-content\/uploads\/2021\/12\/products-file_56b38051dabae-1.jpg\",\"contentUrl\":\"https:\/\/www.mancinileather.com\/wp-content\/uploads\/2021\/12\/products-file_56b38051dabae-1.jpg\",\"width\":1200,\"height\":1600,\"caption\":\"Wheeled Catalog Case\"},{\"@type\":\"BreadcrumbList\",\"@id\":\"https:\/\/www.mancinileather.com\/fr\/produit\/malette-catalog-roulette#breadcrumb\",\"itemListElement\":[{\"@type\":\"ListItem\",\"position\":1,\"name\":\"Home\",\"item\":\"https:\/\/www.mancinileather.com\/fr\"},{\"@type\":\"ListItem\",\"position\":2,\"name\":\"Boutique\",\"item\":\"https:\/\/www.mancinileather.com\/fr\/boutique\"},{\"@type\":\"ListItem\",\"position\":3,\"name\":\"Malette \u00e0 catalog \u00e0 roulettes\"}]},{\"@type\":\"WebSite\",\"@id\":\"https:\/\/www.mancinileather.com\/fr#website\",\"url\":\"https:\/\/www.mancinileather.com\/fr\",\"name\":\"Mancini\",\"description\":\"Online Leather Store and Products\",\"potentialAction\":[{\"@type\":\"SearchAction\",\"target\":{\"@type\":\"EntryPoint\",\"urlTemplate\":\"https:\/\/www.mancinileather.com\/fr?s={search_term_string}\"},\"query-input\":{\"@type\":\"PropertyValueSpecification\",\"valueRequired\":true,\"valueName\":\"search_term_string\"}}],\"inLanguage\":\"fr-FR\"}]}<\/script>\n<!-- \/ Yoast SEO plugin. -->","yoast_head_json":{"title":"Malette \u00e0 catalog \u00e0 roulettes","description":"Organisez et transportez vos documents en toute simplicit\u00e9 avec cette mallette \u00e0 roulettes \u00e9l\u00e9gante et fonctionnelle.","robots":{"index":"index","follow":"follow","max-snippet":"max-snippet:-1","max-image-preview":"max-image-preview:large","max-video-preview":"max-video-preview:-1"},"canonical":"https:\/\/www.mancinileather.com\/fr\/produit\/malette-catalog-roulette","og_locale":"fr_FR","og_type":"article","og_title":"Malette \u00e0 catalog \u00e0 roulettes","og_description":"Organisez et transportez vos documents en toute simplicit\u00e9 avec cette mallette \u00e0 roulettes \u00e9l\u00e9gante et fonctionnelle.","og_url":"https:\/\/www.mancinileather.com\/fr\/produit\/malette-catalog-roulette","og_site_name":"Mancini","article_modified_time":"2025-07-24T06:23:58+00:00","og_image":[{"width":1200,"height":1600,"url":"https:\/\/www.mancinileather.com\/wp-content\/uploads\/2021\/12\/products-file_56b38051dabae-1.jpg","type":"image\/jpeg"}],"twitter_card":"summary_large_image","twitter_misc":{"Est. reading time":"1 minute"},"schema":{"@context":"https:\/\/schema.org","@graph":[{"@type":"WebPage","@id":"https:\/\/www.mancinileather.com\/fr\/produit\/malette-catalog-roulette","url":"https:\/\/www.mancinileather.com\/fr\/produit\/malette-catalog-roulette","name":"Malette \u00e0 catalog \u00e0 roulettes","isPartOf":{"@id":"https:\/\/www.mancinileather.com\/fr#website"},"primaryImageOfPage":{"@id":"https:\/\/www.mancinileather.com\/fr\/produit\/malette-catalog-roulette#primaryimage"},"image":{"@id":"https:\/\/www.mancinileather.com\/fr\/produit\/malette-catalog-roulette#primaryimage"},"thumbnailUrl":"https:\/\/www.mancinileather.com\/wp-content\/uploads\/2021\/12\/products-file_56b38051dabae-1.jpg","datePublished":"2022-03-29T09:44:44+00:00","dateModified":"2025-07-24T06:23:58+00:00","description":"Organisez et transportez vos documents en toute simplicit\u00e9 avec cette mallette \u00e0 roulettes \u00e9l\u00e9gante et fonctionnelle.","breadcrumb":{"@id":"https:\/\/www.mancinileather.com\/fr\/produit\/malette-catalog-roulette#breadcrumb"},"inLanguage":"fr-FR","potentialAction":[{"@type":"ReadAction","target":["https:\/\/www.mancinileather.com\/fr\/produit\/malette-catalog-roulette"]}]},{"@type":"ImageObject","inLanguage":"fr-FR","@id":"https:\/\/www.mancinileather.com\/fr\/produit\/malette-catalog-roulette#primaryimage","url":"https:\/\/www.mancinileather.com\/wp-content\/uploads\/2021\/12\/products-file_56b38051dabae-1.jpg","contentUrl":"https:\/\/www.mancinileather.com\/wp-content\/uploads\/2021\/12\/products-file_56b38051dabae-1.jpg","width":1200,"height":1600,"caption":"Wheeled Catalog Case"},{"@type":"BreadcrumbList","@id":"https:\/\/www.mancinileather.com\/fr\/produit\/malette-catalog-roulette#breadcrumb","itemListElement":[{"@type":"ListItem","position":1,"name":"Home","item":"https:\/\/www.mancinileather.com\/fr"},{"@type":"ListItem","position":2,"name":"Boutique","item":"https:\/\/www.mancinileather.com\/fr\/boutique"},{"@type":"ListItem","position":3,"name":"Malette \u00e0 catalog \u00e0 roulettes"}]},{"@type":"WebSite","@id":"https:\/\/www.mancinileather.com\/fr#website","url":"https:\/\/www.mancinileather.com\/fr","name":"Mancini","description":"Online Leather Store and Products","potentialAction":[{"@type":"SearchAction","target":{"@type":"EntryPoint","urlTemplate":"https:\/\/www.mancinileather.com\/fr?s={search_term_string}"},"query-input":{"@type":"PropertyValueSpecification","valueRequired":true,"valueName":"search_term_string"}}],"inLanguage":"fr-FR"}]}},"brands":[],"_links":{"self":[{"href":"https:\/\/www.mancinileather.com\/fr\/wp-json\/wp\/v2\/product\/36097","targetHints":{"allow":["GET"]}}],"collection":[{"href":"https:\/\/www.mancinileather.com\/fr\/wp-json\/wp\/v2\/product"}],"about":[{"href":"https:\/\/www.mancinileather.com\/fr\/wp-json\/wp\/v2\/types\/product"}],"replies":[{"embeddable":true,"href":"https:\/\/www.mancinileather.com\/fr\/wp-json\/wp\/v2\/comments?post=36097"}],"wp:featuredmedia":[{"embeddable":true,"href":"https:\/\/www.mancinileather.com\/fr\/wp-json\/wp\/v2\/media\/24741"}],"wp:attachment":[{"href":"https:\/\/www.mancinileather.com\/fr\/wp-json\/wp\/v2\/media?parent=36097"}],"wp:term":[{"taxonomy":"pwb-brand","embeddable":true,"href":"https:\/\/www.mancinileather.com\/fr\/wp-json\/wp\/v2\/pwb-brand?post=36097"},{"taxonomy":"product_brand","embeddable":true,"href":"https:\/\/www.mancinileather.com\/fr\/wp-json\/wp\/v2\/product_brand?post=36097"},{"taxonomy":"product_cat","embeddable":true,"href":"https:\/\/www.mancinileather.com\/fr\/wp-json\/wp\/v2\/product_cat?post=36097"},{"taxonomy":"product_tag","embeddable":true,"href":"https:\/\/www.mancinileather.com\/fr\/wp-json\/wp\/v2\/product_tag?post=36097"}],"curies":[{"name":"wp","href":"https:\/\/api.w.org\/{rel}","templated":true}]}}