{"id":36207,"date":"2022-03-29T09:45:58","date_gmt":"2022-03-29T09:45:58","guid":{"rendered":"https:\/\/mancini.bluehat.hosting\/?post_type=product&#038;p=36207"},"modified":"2026-01-25T17:15:28","modified_gmt":"2026-01-25T22:15:28","slug":"mallett","status":"publish","type":"product","link":"https:\/\/www.mancinileather.com\/fr\/produit\/mallett","title":{"rendered":"Mallette extensible"},"content":{"rendered":"<div class=\"fusion-fullwidth fullwidth-box fusion-builder-row-1 fusion-flex-container nonhundred-percent-fullwidth non-hundred-percent-height-scrolling\" style=\"--awb-border-radius-top-left:0px;--awb-border-radius-top-right:0px;--awb-border-radius-bottom-right:0px;--awb-border-radius-bottom-left:0px;--awb-flex-wrap:wrap;\" ><div class=\"fusion-builder-row fusion-row fusion-flex-align-items-flex-start fusion-flex-content-wrap\" style=\"max-width:1430px;margin-left: calc(-4% \/ 2 );margin-right: calc(-4% \/ 2 );\"><div class=\"fusion-layout-column fusion_builder_column fusion-builder-column-0 fusion_builder_column_1_1 1_1 fusion-flex-column\" style=\"--awb-bg-size:cover;--awb-width-large:100%;--awb-margin-top-large:0px;--awb-spacing-right-large:1.92%;--awb-margin-bottom-large:0px;--awb-spacing-left-large:1.92%;--awb-width-medium:100%;--awb-spacing-right-medium:1.92%;--awb-spacing-left-medium:1.92%;--awb-width-small:100%;--awb-spacing-right-small:1.92%;--awb-spacing-left-small:1.92%;\"><div class=\"fusion-column-wrapper fusion-flex-justify-content-flex-start fusion-content-layout-column\"><div class=\"fusion-text fusion-text-1\"><p>Les serviettes en cuir v\u00e9ritable de notre collection <strong>BUSINESS<\/strong> sont aussi \u00e9l\u00e9gantes que fonctionnelles. De fait, leurs multiples pochettes et compartiments vous permettent de classer tous vos effets. Classiques, mais toujours contemporaines, leurs lignes impeccables sont parfaitement assorties \u00e0 toutes les tenues d\u2019affaires.<\/p>\n<p>Cette mallette extensible est dot\u00e9 d&#8217;un doublure en cuir su\u00e9d\u00e9.<\/p>\n<\/div><\/div><\/div><\/div><\/div>\n","protected":false},"excerpt":{"rendered":"<p>&nbsp;<\/p>\n<ul>\n<li>Doublure en cuir su\u00e9d\u00e9<\/li>\n<li>Deux serrures \u00e0 combinaison<\/li>\n<li>Organisateur<\/li>\n<li>Sections pour dossiers<\/li>\n<li>Extensible<\/li>\n<li>Un an de garantie limit\u00e9e <strong>MANCINI<\/strong><\/li>\n<\/ul>\n","protected":false},"featured_media":24847,"comment_status":"open","ping_status":"closed","template":"","meta":[],"pwb-brand":[],"product_brand":[],"product_cat":[1471],"product_tag":[],"class_list":{"0":"post-36207","1":"product","2":"type-product","3":"status-publish","4":"has-post-thumbnail","6":"product_cat-mallettes-extensibles-en-cuir","7":"pa_collection-business-fr-2","8":"pa_color-bourgogne","9":"pa_color-noir-fr","10":"pa_material-cuir-veritable","12":"first","13":"instock","14":"sale","15":"taxable","16":"shipping-taxable","17":"purchasable","18":"product-type-variable","19":"has-default-attributes"},"yoast_head":"<!-- This site is optimized with the Yoast SEO plugin v25.5 - https:\/\/yoast.com\/wordpress\/plugins\/seo\/ -->\n<title>Mallette extensible - Mancini<\/title>\n<meta name=\"description\" content=\"Les serviettes en cuir v\u00e9ritable de notre collection BUSINESS sont aussi \u00e9l\u00e9gantes que fonctionnelles. De fait, leurs multiples pochettes et compartiments vous permettent de classer tous vos effets. Classiques, mais toujours contemporaines, leurs lignes impeccables sont parfaitement assorties \u00e0 toutes les tenues d\u2019affaires.Cette mallette extensible est dot\u00e9 d&#039;un doublure en cuir su\u00e9d\u00e9.\" \/>\n<meta name=\"robots\" content=\"index, follow, max-snippet:-1, max-image-preview:large, max-video-preview:-1\" \/>\n<link rel=\"canonical\" href=\"https:\/\/www.mancinileather.com\/fr\/produit\/mallett\" \/>\n<meta property=\"og:locale\" content=\"fr_FR\" \/>\n<meta property=\"og:type\" content=\"article\" \/>\n<meta property=\"og:title\" content=\"Mallette extensible - Mancini\" \/>\n<meta property=\"og:description\" content=\"Les serviettes en cuir v\u00e9ritable de notre collection BUSINESS sont aussi \u00e9l\u00e9gantes que fonctionnelles. De fait, leurs multiples pochettes et compartiments vous permettent de classer tous vos effets. Classiques, mais toujours contemporaines, leurs lignes impeccables sont parfaitement assorties \u00e0 toutes les tenues d\u2019affaires.Cette mallette extensible est dot\u00e9 d&#039;un doublure en cuir su\u00e9d\u00e9.\" \/>\n<meta property=\"og:url\" content=\"https:\/\/www.mancinileather.com\/fr\/produit\/mallett\" \/>\n<meta property=\"og:site_name\" content=\"Mancini\" \/>\n<meta property=\"article:modified_time\" content=\"2026-01-25T22:15:28+00:00\" \/>\n<meta property=\"og:image\" content=\"https:\/\/www.mancinileather.com\/wp-content\/uploads\/2021\/12\/products-file_5a553341dfc39-1.jpg\" \/>\n\t<meta property=\"og:image:width\" content=\"1450\" \/>\n\t<meta property=\"og:image:height\" content=\"1282\" \/>\n\t<meta property=\"og:image:type\" content=\"image\/jpeg\" \/>\n<meta name=\"twitter:card\" content=\"summary_large_image\" \/>\n<meta name=\"twitter:label1\" content=\"Est. reading time\" \/>\n\t<meta name=\"twitter:data1\" content=\"1 minute\" \/>\n<script type=\"application\/ld+json\" class=\"yoast-schema-graph\">{\"@context\":\"https:\/\/schema.org\",\"@graph\":[{\"@type\":\"WebPage\",\"@id\":\"https:\/\/www.mancinileather.com\/fr\/produit\/mallett\",\"url\":\"https:\/\/www.mancinileather.com\/fr\/produit\/mallett\",\"name\":\"Mallette extensible - Mancini\",\"isPartOf\":{\"@id\":\"https:\/\/www.mancinileather.com\/fr#website\"},\"primaryImageOfPage\":{\"@id\":\"https:\/\/www.mancinileather.com\/fr\/produit\/mallett#primaryimage\"},\"image\":{\"@id\":\"https:\/\/www.mancinileather.com\/fr\/produit\/mallett#primaryimage\"},\"thumbnailUrl\":\"https:\/\/www.mancinileather.com\/wp-content\/uploads\/2021\/12\/products-file_5a553341dfc39-1.jpg\",\"datePublished\":\"2022-03-29T09:45:58+00:00\",\"dateModified\":\"2026-01-25T22:15:28+00:00\",\"description\":\"Les serviettes en cuir v\u00e9ritable de notre collection BUSINESS sont aussi \u00e9l\u00e9gantes que fonctionnelles. De fait, leurs multiples pochettes et compartiments vous permettent de classer tous vos effets. Classiques, mais toujours contemporaines, leurs lignes impeccables sont parfaitement assorties \u00e0 toutes les tenues d\u2019affaires.Cette mallette extensible est dot\u00e9 d'un doublure en cuir su\u00e9d\u00e9.\",\"breadcrumb\":{\"@id\":\"https:\/\/www.mancinileather.com\/fr\/produit\/mallett#breadcrumb\"},\"inLanguage\":\"fr-FR\",\"potentialAction\":[{\"@type\":\"ReadAction\",\"target\":[\"https:\/\/www.mancinileather.com\/fr\/produit\/mallett\"]}]},{\"@type\":\"ImageObject\",\"inLanguage\":\"fr-FR\",\"@id\":\"https:\/\/www.mancinileather.com\/fr\/produit\/mallett#primaryimage\",\"url\":\"https:\/\/www.mancinileather.com\/wp-content\/uploads\/2021\/12\/products-file_5a553341dfc39-1.jpg\",\"contentUrl\":\"https:\/\/www.mancinileather.com\/wp-content\/uploads\/2021\/12\/products-file_5a553341dfc39-1.jpg\",\"width\":1450,\"height\":1282,\"caption\":\"Expandable Attach\u00e9 Case\"},{\"@type\":\"BreadcrumbList\",\"@id\":\"https:\/\/www.mancinileather.com\/fr\/produit\/mallett#breadcrumb\",\"itemListElement\":[{\"@type\":\"ListItem\",\"position\":1,\"name\":\"Home\",\"item\":\"https:\/\/www.mancinileather.com\/fr\"},{\"@type\":\"ListItem\",\"position\":2,\"name\":\"Boutique\",\"item\":\"https:\/\/www.mancinileather.com\/fr\/boutique\"},{\"@type\":\"ListItem\",\"position\":3,\"name\":\"Mallette extensible\"}]},{\"@type\":\"WebSite\",\"@id\":\"https:\/\/www.mancinileather.com\/fr#website\",\"url\":\"https:\/\/www.mancinileather.com\/fr\",\"name\":\"Mancini\",\"description\":\"Online Leather Store and Products\",\"potentialAction\":[{\"@type\":\"SearchAction\",\"target\":{\"@type\":\"EntryPoint\",\"urlTemplate\":\"https:\/\/www.mancinileather.com\/fr?s={search_term_string}\"},\"query-input\":{\"@type\":\"PropertyValueSpecification\",\"valueRequired\":true,\"valueName\":\"search_term_string\"}}],\"inLanguage\":\"fr-FR\"}]}<\/script>\n<!-- \/ Yoast SEO plugin. -->","yoast_head_json":{"title":"Mallette extensible - Mancini","description":"Les serviettes en cuir v\u00e9ritable de notre collection BUSINESS sont aussi \u00e9l\u00e9gantes que fonctionnelles. De fait, leurs multiples pochettes et compartiments vous permettent de classer tous vos effets. Classiques, mais toujours contemporaines, leurs lignes impeccables sont parfaitement assorties \u00e0 toutes les tenues d\u2019affaires.Cette mallette extensible est dot\u00e9 d'un doublure en cuir su\u00e9d\u00e9.","robots":{"index":"index","follow":"follow","max-snippet":"max-snippet:-1","max-image-preview":"max-image-preview:large","max-video-preview":"max-video-preview:-1"},"canonical":"https:\/\/www.mancinileather.com\/fr\/produit\/mallett","og_locale":"fr_FR","og_type":"article","og_title":"Mallette extensible - Mancini","og_description":"Les serviettes en cuir v\u00e9ritable de notre collection BUSINESS sont aussi \u00e9l\u00e9gantes que fonctionnelles. De fait, leurs multiples pochettes et compartiments vous permettent de classer tous vos effets. Classiques, mais toujours contemporaines, leurs lignes impeccables sont parfaitement assorties \u00e0 toutes les tenues d\u2019affaires.Cette mallette extensible est dot\u00e9 d'un doublure en cuir su\u00e9d\u00e9.","og_url":"https:\/\/www.mancinileather.com\/fr\/produit\/mallett","og_site_name":"Mancini","article_modified_time":"2026-01-25T22:15:28+00:00","og_image":[{"width":1450,"height":1282,"url":"https:\/\/www.mancinileather.com\/wp-content\/uploads\/2021\/12\/products-file_5a553341dfc39-1.jpg","type":"image\/jpeg"}],"twitter_card":"summary_large_image","twitter_misc":{"Est. reading time":"1 minute"},"schema":{"@context":"https:\/\/schema.org","@graph":[{"@type":"WebPage","@id":"https:\/\/www.mancinileather.com\/fr\/produit\/mallett","url":"https:\/\/www.mancinileather.com\/fr\/produit\/mallett","name":"Mallette extensible - Mancini","isPartOf":{"@id":"https:\/\/www.mancinileather.com\/fr#website"},"primaryImageOfPage":{"@id":"https:\/\/www.mancinileather.com\/fr\/produit\/mallett#primaryimage"},"image":{"@id":"https:\/\/www.mancinileather.com\/fr\/produit\/mallett#primaryimage"},"thumbnailUrl":"https:\/\/www.mancinileather.com\/wp-content\/uploads\/2021\/12\/products-file_5a553341dfc39-1.jpg","datePublished":"2022-03-29T09:45:58+00:00","dateModified":"2026-01-25T22:15:28+00:00","description":"Les serviettes en cuir v\u00e9ritable de notre collection BUSINESS sont aussi \u00e9l\u00e9gantes que fonctionnelles. De fait, leurs multiples pochettes et compartiments vous permettent de classer tous vos effets. Classiques, mais toujours contemporaines, leurs lignes impeccables sont parfaitement assorties \u00e0 toutes les tenues d\u2019affaires.Cette mallette extensible est dot\u00e9 d'un doublure en cuir su\u00e9d\u00e9.","breadcrumb":{"@id":"https:\/\/www.mancinileather.com\/fr\/produit\/mallett#breadcrumb"},"inLanguage":"fr-FR","potentialAction":[{"@type":"ReadAction","target":["https:\/\/www.mancinileather.com\/fr\/produit\/mallett"]}]},{"@type":"ImageObject","inLanguage":"fr-FR","@id":"https:\/\/www.mancinileather.com\/fr\/produit\/mallett#primaryimage","url":"https:\/\/www.mancinileather.com\/wp-content\/uploads\/2021\/12\/products-file_5a553341dfc39-1.jpg","contentUrl":"https:\/\/www.mancinileather.com\/wp-content\/uploads\/2021\/12\/products-file_5a553341dfc39-1.jpg","width":1450,"height":1282,"caption":"Expandable Attach\u00e9 Case"},{"@type":"BreadcrumbList","@id":"https:\/\/www.mancinileather.com\/fr\/produit\/mallett#breadcrumb","itemListElement":[{"@type":"ListItem","position":1,"name":"Home","item":"https:\/\/www.mancinileather.com\/fr"},{"@type":"ListItem","position":2,"name":"Boutique","item":"https:\/\/www.mancinileather.com\/fr\/boutique"},{"@type":"ListItem","position":3,"name":"Mallette extensible"}]},{"@type":"WebSite","@id":"https:\/\/www.mancinileather.com\/fr#website","url":"https:\/\/www.mancinileather.com\/fr","name":"Mancini","description":"Online Leather Store and Products","potentialAction":[{"@type":"SearchAction","target":{"@type":"EntryPoint","urlTemplate":"https:\/\/www.mancinileather.com\/fr?s={search_term_string}"},"query-input":{"@type":"PropertyValueSpecification","valueRequired":true,"valueName":"search_term_string"}}],"inLanguage":"fr-FR"}]}},"brands":[],"_links":{"self":[{"href":"https:\/\/www.mancinileather.com\/fr\/wp-json\/wp\/v2\/product\/36207","targetHints":{"allow":["GET"]}}],"collection":[{"href":"https:\/\/www.mancinileather.com\/fr\/wp-json\/wp\/v2\/product"}],"about":[{"href":"https:\/\/www.mancinileather.com\/fr\/wp-json\/wp\/v2\/types\/product"}],"replies":[{"embeddable":true,"href":"https:\/\/www.mancinileather.com\/fr\/wp-json\/wp\/v2\/comments?post=36207"}],"wp:featuredmedia":[{"embeddable":true,"href":"https:\/\/www.mancinileather.com\/fr\/wp-json\/wp\/v2\/media\/24847"}],"wp:attachment":[{"href":"https:\/\/www.mancinileather.com\/fr\/wp-json\/wp\/v2\/media?parent=36207"}],"wp:term":[{"taxonomy":"pwb-brand","embeddable":true,"href":"https:\/\/www.mancinileather.com\/fr\/wp-json\/wp\/v2\/pwb-brand?post=36207"},{"taxonomy":"product_brand","embeddable":true,"href":"https:\/\/www.mancinileather.com\/fr\/wp-json\/wp\/v2\/product_brand?post=36207"},{"taxonomy":"product_cat","embeddable":true,"href":"https:\/\/www.mancinileather.com\/fr\/wp-json\/wp\/v2\/product_cat?post=36207"},{"taxonomy":"product_tag","embeddable":true,"href":"https:\/\/www.mancinileather.com\/fr\/wp-json\/wp\/v2\/product_tag?post=36207"}],"curies":[{"name":"wp","href":"https:\/\/api.w.org\/{rel}","templated":true}]}}