{"id":36979,"date":"2022-03-29T09:53:08","date_gmt":"2022-03-29T17:58:24","guid":{"rendered":"https:\/\/mancini.bluehat.hosting\/?post_type=product&#038;p=36979"},"modified":"2025-07-24T02:23:56","modified_gmt":"2025-07-24T06:23:56","slug":"mallette-extensible-luxe","status":"publish","type":"product","link":"https:\/\/www.mancinileather.com\/fr\/produit\/mallette-extensible-luxe","title":{"rendered":"Mallette extensible de luxe"},"content":{"rendered":"<p>Les mallette extensibles de notre collection\u00a0<strong>SIGNATURE\u00a0<\/strong>sont des innovations qui pr\u00e9sentent les caract\u00e9ristiques naturelles du cuir fin italien de premi\u00e8re qualit\u00e9. Classique, \u00e9l\u00e9gante et luxueuse, cette collection refl\u00e8te votre style de vie.<\/p>\n<p>&nbsp;<\/p>\n<p>Cette mallette extensible est dot\u00e9 d&#8217;un doublure en cuir su\u00e9d\u00e9.<\/p>\n","protected":false},"excerpt":{"rendered":"<p>&nbsp;<\/p>\n<ul>\n<li>Doublure en cuir su\u00e9d\u00e9<\/li>\n<li>Deux serrures \u00e0 combinaison<\/li>\n<li>Organisateur<\/li>\n<li>Sections pour dossiers<\/li>\n<li>Extensible<\/li>\n<li>Un an de garantie limit\u00e9e\u00a0<strong>MANCINI<\/strong><\/li>\n<\/ul>\n","protected":false},"featured_media":25617,"comment_status":"open","ping_status":"closed","template":"","meta":[],"pwb-brand":[],"product_brand":[],"product_cat":[1638,1471,1501],"product_tag":[],"class_list":{"0":"post-36979","1":"product","2":"type-product","3":"status-publish","4":"has-post-thumbnail","6":"product_cat-hommes","7":"product_cat-mallettes-extensibles-en-cuir","8":"product_cat-solde-produits-en-cuir-promotion","9":"pa_collection-signature-fr-2","10":"pa_color-brown-signature-collection-fr","11":"pa_color-noir-fr","12":"pa_material-cuir-pleine-fleur-italien","14":"first","15":"outofstock","16":"taxable","17":"shipping-taxable","18":"product-type-variable","19":"has-default-attributes"},"yoast_head":"<!-- This site is optimized with the Yoast SEO plugin v27.4 - https:\/\/yoast.com\/product\/yoast-seo-wordpress\/ -->\n<title>Mallette extensible de luxe<\/title>\n<meta name=\"description\" content=\"Les mallette extensibles de notre collection\u00a0SIGNATURE\u00a0sont des innovations qui pr\u00e9sentent les caract\u00e9ristiques naturelles du cuir fin italien de premi\u00e8re qualit\u00e9. Classique, \u00e9l\u00e9gante et luxueuse, cette collection refl\u00e8te votre style de vie.Cette mallette extensible est dot\u00e9 d&#039;un doublure en cuir su\u00e9d\u00e9.\" \/>\n<meta name=\"robots\" content=\"index, follow, max-snippet:-1, max-image-preview:large, max-video-preview:-1\" \/>\n<link rel=\"canonical\" href=\"https:\/\/www.mancinileather.com\/fr\/produit\/mallette-extensible-luxe\" \/>\n<meta property=\"og:locale\" content=\"fr_FR\" \/>\n<meta property=\"og:type\" content=\"article\" \/>\n<meta property=\"og:title\" content=\"Mallette extensible de luxe\" \/>\n<meta property=\"og:description\" content=\"Les mallette extensibles de notre collection\u00a0SIGNATURE\u00a0sont des innovations qui pr\u00e9sentent les caract\u00e9ristiques naturelles du cuir fin italien de premi\u00e8re qualit\u00e9. Classique, \u00e9l\u00e9gante et luxueuse, cette collection refl\u00e8te votre style de vie.Cette mallette extensible est dot\u00e9 d&#039;un doublure en cuir su\u00e9d\u00e9.\" \/>\n<meta property=\"og:url\" content=\"https:\/\/www.mancinileather.com\/fr\/produit\/mallette-extensible-luxe\" \/>\n<meta property=\"og:site_name\" content=\"Mancini\" \/>\n<meta property=\"article:modified_time\" content=\"2025-07-24T06:23:56+00:00\" \/>\n<meta property=\"og:image\" content=\"https:\/\/www.mancinileather.com\/wp-content\/uploads\/2021\/12\/products-file_56c36c05256a2-1.jpg\" \/>\n\t<meta property=\"og:image:width\" content=\"1200\" \/>\n\t<meta property=\"og:image:height\" content=\"1600\" \/>\n\t<meta property=\"og:image:type\" content=\"image\/jpeg\" \/>\n<meta name=\"twitter:card\" content=\"summary_large_image\" \/>\n<meta name=\"twitter:label1\" content=\"Est. reading time\" \/>\n\t<meta name=\"twitter:data1\" content=\"1 minute\" \/>\n<script type=\"application\/ld+json\" class=\"yoast-schema-graph\">{\"@context\":\"https:\\\/\\\/schema.org\",\"@graph\":[{\"@type\":\"WebPage\",\"@id\":\"https:\\\/\\\/www.mancinileather.com\\\/fr\\\/produit\\\/mallette-extensible-luxe\",\"url\":\"https:\\\/\\\/www.mancinileather.com\\\/fr\\\/produit\\\/mallette-extensible-luxe\",\"name\":\"Mallette extensible de luxe\",\"isPartOf\":{\"@id\":\"https:\\\/\\\/www.mancinileather.com\\\/fr#website\"},\"primaryImageOfPage\":{\"@id\":\"https:\\\/\\\/www.mancinileather.com\\\/fr\\\/produit\\\/mallette-extensible-luxe#primaryimage\"},\"image\":{\"@id\":\"https:\\\/\\\/www.mancinileather.com\\\/fr\\\/produit\\\/mallette-extensible-luxe#primaryimage\"},\"thumbnailUrl\":\"https:\\\/\\\/www.mancinileather.com\\\/wp-content\\\/uploads\\\/2021\\\/12\\\/products-file_56c36c05256a2-1.jpg\",\"datePublished\":\"2022-03-29T17:58:24+00:00\",\"dateModified\":\"2025-07-24T06:23:56+00:00\",\"description\":\"Les mallette extensibles de notre collection\u00a0SIGNATURE\u00a0sont des innovations qui pr\u00e9sentent les caract\u00e9ristiques naturelles du cuir fin italien de premi\u00e8re qualit\u00e9. Classique, \u00e9l\u00e9gante et luxueuse, cette collection refl\u00e8te votre style de vie.Cette mallette extensible est dot\u00e9 d'un doublure en cuir su\u00e9d\u00e9.\",\"breadcrumb\":{\"@id\":\"https:\\\/\\\/www.mancinileather.com\\\/fr\\\/produit\\\/mallette-extensible-luxe#breadcrumb\"},\"inLanguage\":\"fr-FR\",\"potentialAction\":[{\"@type\":\"ReadAction\",\"target\":[\"https:\\\/\\\/www.mancinileather.com\\\/fr\\\/produit\\\/mallette-extensible-luxe\"]}]},{\"@type\":\"ImageObject\",\"inLanguage\":\"fr-FR\",\"@id\":\"https:\\\/\\\/www.mancinileather.com\\\/fr\\\/produit\\\/mallette-extensible-luxe#primaryimage\",\"url\":\"https:\\\/\\\/www.mancinileather.com\\\/wp-content\\\/uploads\\\/2021\\\/12\\\/products-file_56c36c05256a2-1.jpg\",\"contentUrl\":\"https:\\\/\\\/www.mancinileather.com\\\/wp-content\\\/uploads\\\/2021\\\/12\\\/products-file_56c36c05256a2-1.jpg\",\"width\":1200,\"height\":1600,\"caption\":\"Luxurious Expandable Attach\u00e9 Case\"},{\"@type\":\"BreadcrumbList\",\"@id\":\"https:\\\/\\\/www.mancinileather.com\\\/fr\\\/produit\\\/mallette-extensible-luxe#breadcrumb\",\"itemListElement\":[{\"@type\":\"ListItem\",\"position\":1,\"name\":\"Home\",\"item\":\"https:\\\/\\\/www.mancinileather.com\\\/fr\"},{\"@type\":\"ListItem\",\"position\":2,\"name\":\"Boutique\",\"item\":\"https:\\\/\\\/www.mancinileather.com\\\/fr\\\/boutique\"},{\"@type\":\"ListItem\",\"position\":3,\"name\":\"Mallette extensible de luxe\"}]},{\"@type\":\"WebSite\",\"@id\":\"https:\\\/\\\/www.mancinileather.com\\\/fr#website\",\"url\":\"https:\\\/\\\/www.mancinileather.com\\\/fr\",\"name\":\"Mancini\",\"description\":\"Online Leather Store and Products\",\"potentialAction\":[{\"@type\":\"SearchAction\",\"target\":{\"@type\":\"EntryPoint\",\"urlTemplate\":\"https:\\\/\\\/www.mancinileather.com\\\/fr?s={search_term_string}\"},\"query-input\":{\"@type\":\"PropertyValueSpecification\",\"valueRequired\":true,\"valueName\":\"search_term_string\"}}],\"inLanguage\":\"fr-FR\"}]}<\/script>\n<!-- \/ Yoast SEO plugin. -->","yoast_head_json":{"title":"Mallette extensible de luxe","description":"Les mallette extensibles de notre collection\u00a0SIGNATURE\u00a0sont des innovations qui pr\u00e9sentent les caract\u00e9ristiques naturelles du cuir fin italien de premi\u00e8re qualit\u00e9. Classique, \u00e9l\u00e9gante et luxueuse, cette collection refl\u00e8te votre style de vie.Cette mallette extensible est dot\u00e9 d'un doublure en cuir su\u00e9d\u00e9.","robots":{"index":"index","follow":"follow","max-snippet":"max-snippet:-1","max-image-preview":"max-image-preview:large","max-video-preview":"max-video-preview:-1"},"canonical":"https:\/\/www.mancinileather.com\/fr\/produit\/mallette-extensible-luxe","og_locale":"fr_FR","og_type":"article","og_title":"Mallette extensible de luxe","og_description":"Les mallette extensibles de notre collection\u00a0SIGNATURE\u00a0sont des innovations qui pr\u00e9sentent les caract\u00e9ristiques naturelles du cuir fin italien de premi\u00e8re qualit\u00e9. Classique, \u00e9l\u00e9gante et luxueuse, cette collection refl\u00e8te votre style de vie.Cette mallette extensible est dot\u00e9 d'un doublure en cuir su\u00e9d\u00e9.","og_url":"https:\/\/www.mancinileather.com\/fr\/produit\/mallette-extensible-luxe","og_site_name":"Mancini","article_modified_time":"2025-07-24T06:23:56+00:00","og_image":[{"width":1200,"height":1600,"url":"https:\/\/www.mancinileather.com\/wp-content\/uploads\/2021\/12\/products-file_56c36c05256a2-1.jpg","type":"image\/jpeg"}],"twitter_card":"summary_large_image","twitter_misc":{"Est. reading time":"1 minute"},"schema":{"@context":"https:\/\/schema.org","@graph":[{"@type":"WebPage","@id":"https:\/\/www.mancinileather.com\/fr\/produit\/mallette-extensible-luxe","url":"https:\/\/www.mancinileather.com\/fr\/produit\/mallette-extensible-luxe","name":"Mallette extensible de luxe","isPartOf":{"@id":"https:\/\/www.mancinileather.com\/fr#website"},"primaryImageOfPage":{"@id":"https:\/\/www.mancinileather.com\/fr\/produit\/mallette-extensible-luxe#primaryimage"},"image":{"@id":"https:\/\/www.mancinileather.com\/fr\/produit\/mallette-extensible-luxe#primaryimage"},"thumbnailUrl":"https:\/\/www.mancinileather.com\/wp-content\/uploads\/2021\/12\/products-file_56c36c05256a2-1.jpg","datePublished":"2022-03-29T17:58:24+00:00","dateModified":"2025-07-24T06:23:56+00:00","description":"Les mallette extensibles de notre collection\u00a0SIGNATURE\u00a0sont des innovations qui pr\u00e9sentent les caract\u00e9ristiques naturelles du cuir fin italien de premi\u00e8re qualit\u00e9. Classique, \u00e9l\u00e9gante et luxueuse, cette collection refl\u00e8te votre style de vie.Cette mallette extensible est dot\u00e9 d'un doublure en cuir su\u00e9d\u00e9.","breadcrumb":{"@id":"https:\/\/www.mancinileather.com\/fr\/produit\/mallette-extensible-luxe#breadcrumb"},"inLanguage":"fr-FR","potentialAction":[{"@type":"ReadAction","target":["https:\/\/www.mancinileather.com\/fr\/produit\/mallette-extensible-luxe"]}]},{"@type":"ImageObject","inLanguage":"fr-FR","@id":"https:\/\/www.mancinileather.com\/fr\/produit\/mallette-extensible-luxe#primaryimage","url":"https:\/\/www.mancinileather.com\/wp-content\/uploads\/2021\/12\/products-file_56c36c05256a2-1.jpg","contentUrl":"https:\/\/www.mancinileather.com\/wp-content\/uploads\/2021\/12\/products-file_56c36c05256a2-1.jpg","width":1200,"height":1600,"caption":"Luxurious Expandable Attach\u00e9 Case"},{"@type":"BreadcrumbList","@id":"https:\/\/www.mancinileather.com\/fr\/produit\/mallette-extensible-luxe#breadcrumb","itemListElement":[{"@type":"ListItem","position":1,"name":"Home","item":"https:\/\/www.mancinileather.com\/fr"},{"@type":"ListItem","position":2,"name":"Boutique","item":"https:\/\/www.mancinileather.com\/fr\/boutique"},{"@type":"ListItem","position":3,"name":"Mallette extensible de luxe"}]},{"@type":"WebSite","@id":"https:\/\/www.mancinileather.com\/fr#website","url":"https:\/\/www.mancinileather.com\/fr","name":"Mancini","description":"Online Leather Store and Products","potentialAction":[{"@type":"SearchAction","target":{"@type":"EntryPoint","urlTemplate":"https:\/\/www.mancinileather.com\/fr?s={search_term_string}"},"query-input":{"@type":"PropertyValueSpecification","valueRequired":true,"valueName":"search_term_string"}}],"inLanguage":"fr-FR"}]}},"brands":[],"_links":{"self":[{"href":"https:\/\/www.mancinileather.com\/fr\/wp-json\/wp\/v2\/product\/36979","targetHints":{"allow":["GET"]}}],"collection":[{"href":"https:\/\/www.mancinileather.com\/fr\/wp-json\/wp\/v2\/product"}],"about":[{"href":"https:\/\/www.mancinileather.com\/fr\/wp-json\/wp\/v2\/types\/product"}],"replies":[{"embeddable":true,"href":"https:\/\/www.mancinileather.com\/fr\/wp-json\/wp\/v2\/comments?post=36979"}],"wp:featuredmedia":[{"embeddable":true,"href":"https:\/\/www.mancinileather.com\/fr\/wp-json\/wp\/v2\/media\/25617"}],"wp:attachment":[{"href":"https:\/\/www.mancinileather.com\/fr\/wp-json\/wp\/v2\/media?parent=36979"}],"wp:term":[{"taxonomy":"pwb-brand","embeddable":true,"href":"https:\/\/www.mancinileather.com\/fr\/wp-json\/wp\/v2\/pwb-brand?post=36979"},{"taxonomy":"product_brand","embeddable":true,"href":"https:\/\/www.mancinileather.com\/fr\/wp-json\/wp\/v2\/product_brand?post=36979"},{"taxonomy":"product_cat","embeddable":true,"href":"https:\/\/www.mancinileather.com\/fr\/wp-json\/wp\/v2\/product_cat?post=36979"},{"taxonomy":"product_tag","embeddable":true,"href":"https:\/\/www.mancinileather.com\/fr\/wp-json\/wp\/v2\/product_tag?post=36979"}],"curies":[{"name":"wp","href":"https:\/\/api.w.org\/{rel}","templated":true}]}}