{"id":37293,"date":"2022-03-29T09:56:12","date_gmt":"2022-03-29T09:56:12","guid":{"rendered":"https:\/\/mancini.bluehat.hosting\/?post_type=product&#038;p=37293"},"modified":"2025-07-24T02:23:56","modified_gmt":"2025-07-24T06:23:56","slug":"porte-passport-rfid-manchester","status":"publish","type":"product","link":"https:\/\/www.mancinileather.com\/fr\/produit\/porte-passport-rfid-manchester","title":{"rendered":"Porte-passport RFID"},"content":{"rendered":"<div class=\"fusion-fullwidth fullwidth-box fusion-builder-row-1 fusion-flex-container nonhundred-percent-fullwidth non-hundred-percent-height-scrolling\" style=\"--awb-border-radius-top-left:0px;--awb-border-radius-top-right:0px;--awb-border-radius-bottom-right:0px;--awb-border-radius-bottom-left:0px;--awb-flex-wrap:wrap;\" ><div class=\"fusion-builder-row fusion-row fusion-flex-align-items-flex-start fusion-flex-content-wrap\" style=\"max-width:1430px;margin-left: calc(-4% \/ 2 );margin-right: calc(-4% \/ 2 );\"><div class=\"fusion-layout-column fusion_builder_column fusion-builder-column-0 fusion_builder_column_1_1 1_1 fusion-flex-column\" style=\"--awb-bg-size:cover;--awb-width-large:100%;--awb-margin-top-large:0px;--awb-spacing-right-large:1.92%;--awb-margin-bottom-large:0px;--awb-spacing-left-large:1.92%;--awb-width-medium:100%;--awb-spacing-right-medium:1.92%;--awb-spacing-left-medium:1.92%;--awb-width-small:100%;--awb-spacing-right-small:1.92%;--awb-spacing-left-small:1.92%;\"><div class=\"fusion-column-wrapper fusion-flex-justify-content-flex-start fusion-content-layout-column\"><div class=\"fusion-text fusion-text-1\"><p>Pratique et fonctionnelle notre Collection\u00a0<strong>Manchester<\/strong>\u00a0est indispensable pour la vie urbaine contemporaine.\u00a0Fabriqu\u00e9 \u00e0 la main avec un\u00a0cuir pleine fleur v\u00e9ritable doux comme du cachemire.<\/p>\n<p>Ce porte-passeport en cuir fin respire l\u2019\u00e9l\u00e9gance classique. Il est \u00e9galement \u00e9quip\u00e9 de la derni\u00e8re technologie de blocage d&#8217;ondes RFID pour assurer que vos donn\u00e9es et vos cartes sont s\u00e9curitaires. Une couche m\u00e9tallique sp\u00e9ciale int\u00e9gr\u00e9e dans une fente emp\u00eachent la lecture \u00e9lectronique de votre porte-passport.<\/p>\n<\/div><\/div><\/div><\/div><\/div>\n","protected":false},"excerpt":{"rendered":"<p>&nbsp;<\/p>\n<ul>\n<li><span style=\"font-size: 1em;\">\u00c9quip\u00e9 de la derni\u00e8re technologie de blocage d\u2019ondes RFID<\/span><\/li>\n<li><span style=\"font-size: 1em;\">Poche pour passeport<\/span><\/li>\n<li><span style=\"font-size: 1em;\">Joliment emball\u00e9 dans un coffret cadeau \u00e9l\u00e9gant<\/span><\/li>\n<li><span style=\"font-size: 1em;\">Un an de garantie limit\u00e9e <\/span><strong style=\"font-size: 1em;\">MANCINI<\/strong><\/li>\n<\/ul>\n","protected":false},"featured_media":25934,"comment_status":"open","ping_status":"closed","template":"","meta":[],"pwb-brand":[],"product_brand":[],"product_cat":[1481,1485,1501,1630,1638],"product_tag":[],"class_list":{"0":"post-37293","1":"product","2":"type-product","3":"status-publish","4":"has-post-thumbnail","6":"product_cat-accessoires-rfid-cuir","7":"product_cat-organisateurs-de-voyage-passeport","8":"product_cat-solde-produits-en-cuir-promotion","9":"product_cat-femme","10":"product_cat-hommes","11":"pa_collection-manchester-fr-2","12":"pa_color-brun","13":"pa_color-noir-fr","14":"pa_color-rouge-fr","15":"pa_material-cuir-pleine-fleur-souple","17":"first","18":"outofstock","19":"taxable","20":"shipping-taxable","21":"product-type-variable","22":"has-default-attributes"},"yoast_head":"<!-- This site is optimized with the Yoast SEO plugin v25.5 - https:\/\/yoast.com\/wordpress\/plugins\/seo\/ -->\n<title>Manchester Porte-passport RFID<\/title>\n<meta name=\"description\" content=\"Pratique et fonctionnelle notre Collection\u00a0Manchester\u00a0est indispensable pour la vie urbaine contemporaine.\u00a0Fabriqu\u00e9 \u00e0 la main avec un\u00a0cuir pleine fleur v\u00e9ritable doux comme du cachemire.\u00a0Ce porte-passeport en cuir fin respire l\u2019\u00e9l\u00e9gance classique. Il est \u00e9galement \u00e9quip\u00e9 de la derni\u00e8re technologie de blocage d&#039;ondes RFID pour assurer que vos donn\u00e9es et vos cartes sont s\u00e9curitaires. Une couche m\u00e9tallique sp\u00e9ciale int\u00e9gr\u00e9e dans une fente emp\u00eachent la lecture \u00e9lectronique de votre porte-passport.\" \/>\n<meta name=\"robots\" content=\"index, follow, max-snippet:-1, max-image-preview:large, max-video-preview:-1\" \/>\n<link rel=\"canonical\" href=\"https:\/\/www.mancinileather.com\/fr\/produit\/porte-passport-rfid-manchester\" \/>\n<meta property=\"og:locale\" content=\"fr_FR\" \/>\n<meta property=\"og:type\" content=\"article\" \/>\n<meta property=\"og:title\" content=\"Manchester Porte-passport RFID\" \/>\n<meta property=\"og:description\" content=\"Pratique et fonctionnelle notre Collection\u00a0Manchester\u00a0est indispensable pour la vie urbaine contemporaine.\u00a0Fabriqu\u00e9 \u00e0 la main avec un\u00a0cuir pleine fleur v\u00e9ritable doux comme du cachemire.\u00a0Ce porte-passeport en cuir fin respire l\u2019\u00e9l\u00e9gance classique. Il est \u00e9galement \u00e9quip\u00e9 de la derni\u00e8re technologie de blocage d&#039;ondes RFID pour assurer que vos donn\u00e9es et vos cartes sont s\u00e9curitaires. Une couche m\u00e9tallique sp\u00e9ciale int\u00e9gr\u00e9e dans une fente emp\u00eachent la lecture \u00e9lectronique de votre porte-passport.\" \/>\n<meta property=\"og:url\" content=\"https:\/\/www.mancinileather.com\/fr\/produit\/porte-passport-rfid-manchester\" \/>\n<meta property=\"og:site_name\" content=\"Mancini\" \/>\n<meta property=\"article:modified_time\" content=\"2025-07-24T06:23:56+00:00\" \/>\n<meta property=\"og:image\" content=\"https:\/\/www.mancinileather.com\/wp-content\/uploads\/2021\/12\/products-file_613a5c7ad9e16-1-scaled.jpg\" \/>\n\t<meta property=\"og:image:width\" content=\"1952\" \/>\n\t<meta property=\"og:image:height\" content=\"2560\" \/>\n\t<meta property=\"og:image:type\" content=\"image\/jpeg\" \/>\n<meta name=\"twitter:card\" content=\"summary_large_image\" \/>\n<meta name=\"twitter:label1\" content=\"Est. reading time\" \/>\n\t<meta name=\"twitter:data1\" content=\"1 minute\" \/>\n<script type=\"application\/ld+json\" class=\"yoast-schema-graph\">{\"@context\":\"https:\/\/schema.org\",\"@graph\":[{\"@type\":\"WebPage\",\"@id\":\"https:\/\/www.mancinileather.com\/fr\/produit\/porte-passport-rfid-manchester\",\"url\":\"https:\/\/www.mancinileather.com\/fr\/produit\/porte-passport-rfid-manchester\",\"name\":\"Manchester Porte-passport RFID\",\"isPartOf\":{\"@id\":\"https:\/\/www.mancinileather.com\/fr#website\"},\"primaryImageOfPage\":{\"@id\":\"https:\/\/www.mancinileather.com\/fr\/produit\/porte-passport-rfid-manchester#primaryimage\"},\"image\":{\"@id\":\"https:\/\/www.mancinileather.com\/fr\/produit\/porte-passport-rfid-manchester#primaryimage\"},\"thumbnailUrl\":\"https:\/\/www.mancinileather.com\/wp-content\/uploads\/2021\/12\/products-file_613a5c7ad9e16-1-scaled.jpg\",\"datePublished\":\"2022-03-29T09:56:12+00:00\",\"dateModified\":\"2025-07-24T06:23:56+00:00\",\"description\":\"Pratique et fonctionnelle notre Collection\u00a0Manchester\u00a0est indispensable pour la vie urbaine contemporaine.\u00a0Fabriqu\u00e9 \u00e0 la main avec un\u00a0cuir pleine fleur v\u00e9ritable doux comme du cachemire.\u00a0Ce porte-passeport en cuir fin respire l\u2019\u00e9l\u00e9gance classique. Il est \u00e9galement \u00e9quip\u00e9 de la derni\u00e8re technologie de blocage d'ondes RFID pour assurer que vos donn\u00e9es et vos cartes sont s\u00e9curitaires. Une couche m\u00e9tallique sp\u00e9ciale int\u00e9gr\u00e9e dans une fente emp\u00eachent la lecture \u00e9lectronique de votre porte-passport.\",\"breadcrumb\":{\"@id\":\"https:\/\/www.mancinileather.com\/fr\/produit\/porte-passport-rfid-manchester#breadcrumb\"},\"inLanguage\":\"fr-FR\",\"potentialAction\":[{\"@type\":\"ReadAction\",\"target\":[\"https:\/\/www.mancinileather.com\/fr\/produit\/porte-passport-rfid-manchester\"]}]},{\"@type\":\"ImageObject\",\"inLanguage\":\"fr-FR\",\"@id\":\"https:\/\/www.mancinileather.com\/fr\/produit\/porte-passport-rfid-manchester#primaryimage\",\"url\":\"https:\/\/www.mancinileather.com\/wp-content\/uploads\/2021\/12\/products-file_613a5c7ad9e16-1-scaled.jpg\",\"contentUrl\":\"https:\/\/www.mancinileather.com\/wp-content\/uploads\/2021\/12\/products-file_613a5c7ad9e16-1-scaled.jpg\",\"width\":1952,\"height\":2560,\"caption\":\"RFID Secure Passport Wallet\"},{\"@type\":\"BreadcrumbList\",\"@id\":\"https:\/\/www.mancinileather.com\/fr\/produit\/porte-passport-rfid-manchester#breadcrumb\",\"itemListElement\":[{\"@type\":\"ListItem\",\"position\":1,\"name\":\"Home\",\"item\":\"https:\/\/www.mancinileather.com\/fr\"},{\"@type\":\"ListItem\",\"position\":2,\"name\":\"Boutique\",\"item\":\"https:\/\/www.mancinileather.com\/fr\/boutique\"},{\"@type\":\"ListItem\",\"position\":3,\"name\":\"Porte-passport RFID\"}]},{\"@type\":\"WebSite\",\"@id\":\"https:\/\/www.mancinileather.com\/fr#website\",\"url\":\"https:\/\/www.mancinileather.com\/fr\",\"name\":\"Mancini\",\"description\":\"Online Leather Store and Products\",\"potentialAction\":[{\"@type\":\"SearchAction\",\"target\":{\"@type\":\"EntryPoint\",\"urlTemplate\":\"https:\/\/www.mancinileather.com\/fr?s={search_term_string}\"},\"query-input\":{\"@type\":\"PropertyValueSpecification\",\"valueRequired\":true,\"valueName\":\"search_term_string\"}}],\"inLanguage\":\"fr-FR\"}]}<\/script>\n<!-- \/ Yoast SEO plugin. -->","yoast_head_json":{"title":"Manchester Porte-passport RFID","description":"Pratique et fonctionnelle notre Collection\u00a0Manchester\u00a0est indispensable pour la vie urbaine contemporaine.\u00a0Fabriqu\u00e9 \u00e0 la main avec un\u00a0cuir pleine fleur v\u00e9ritable doux comme du cachemire.\u00a0Ce porte-passeport en cuir fin respire l\u2019\u00e9l\u00e9gance classique. Il est \u00e9galement \u00e9quip\u00e9 de la derni\u00e8re technologie de blocage d'ondes RFID pour assurer que vos donn\u00e9es et vos cartes sont s\u00e9curitaires. Une couche m\u00e9tallique sp\u00e9ciale int\u00e9gr\u00e9e dans une fente emp\u00eachent la lecture \u00e9lectronique de votre porte-passport.","robots":{"index":"index","follow":"follow","max-snippet":"max-snippet:-1","max-image-preview":"max-image-preview:large","max-video-preview":"max-video-preview:-1"},"canonical":"https:\/\/www.mancinileather.com\/fr\/produit\/porte-passport-rfid-manchester","og_locale":"fr_FR","og_type":"article","og_title":"Manchester Porte-passport RFID","og_description":"Pratique et fonctionnelle notre Collection\u00a0Manchester\u00a0est indispensable pour la vie urbaine contemporaine.\u00a0Fabriqu\u00e9 \u00e0 la main avec un\u00a0cuir pleine fleur v\u00e9ritable doux comme du cachemire.\u00a0Ce porte-passeport en cuir fin respire l\u2019\u00e9l\u00e9gance classique. Il est \u00e9galement \u00e9quip\u00e9 de la derni\u00e8re technologie de blocage d'ondes RFID pour assurer que vos donn\u00e9es et vos cartes sont s\u00e9curitaires. Une couche m\u00e9tallique sp\u00e9ciale int\u00e9gr\u00e9e dans une fente emp\u00eachent la lecture \u00e9lectronique de votre porte-passport.","og_url":"https:\/\/www.mancinileather.com\/fr\/produit\/porte-passport-rfid-manchester","og_site_name":"Mancini","article_modified_time":"2025-07-24T06:23:56+00:00","og_image":[{"width":1952,"height":2560,"url":"https:\/\/www.mancinileather.com\/wp-content\/uploads\/2021\/12\/products-file_613a5c7ad9e16-1-scaled.jpg","type":"image\/jpeg"}],"twitter_card":"summary_large_image","twitter_misc":{"Est. reading time":"1 minute"},"schema":{"@context":"https:\/\/schema.org","@graph":[{"@type":"WebPage","@id":"https:\/\/www.mancinileather.com\/fr\/produit\/porte-passport-rfid-manchester","url":"https:\/\/www.mancinileather.com\/fr\/produit\/porte-passport-rfid-manchester","name":"Manchester Porte-passport RFID","isPartOf":{"@id":"https:\/\/www.mancinileather.com\/fr#website"},"primaryImageOfPage":{"@id":"https:\/\/www.mancinileather.com\/fr\/produit\/porte-passport-rfid-manchester#primaryimage"},"image":{"@id":"https:\/\/www.mancinileather.com\/fr\/produit\/porte-passport-rfid-manchester#primaryimage"},"thumbnailUrl":"https:\/\/www.mancinileather.com\/wp-content\/uploads\/2021\/12\/products-file_613a5c7ad9e16-1-scaled.jpg","datePublished":"2022-03-29T09:56:12+00:00","dateModified":"2025-07-24T06:23:56+00:00","description":"Pratique et fonctionnelle notre Collection\u00a0Manchester\u00a0est indispensable pour la vie urbaine contemporaine.\u00a0Fabriqu\u00e9 \u00e0 la main avec un\u00a0cuir pleine fleur v\u00e9ritable doux comme du cachemire.\u00a0Ce porte-passeport en cuir fin respire l\u2019\u00e9l\u00e9gance classique. Il est \u00e9galement \u00e9quip\u00e9 de la derni\u00e8re technologie de blocage d'ondes RFID pour assurer que vos donn\u00e9es et vos cartes sont s\u00e9curitaires. Une couche m\u00e9tallique sp\u00e9ciale int\u00e9gr\u00e9e dans une fente emp\u00eachent la lecture \u00e9lectronique de votre porte-passport.","breadcrumb":{"@id":"https:\/\/www.mancinileather.com\/fr\/produit\/porte-passport-rfid-manchester#breadcrumb"},"inLanguage":"fr-FR","potentialAction":[{"@type":"ReadAction","target":["https:\/\/www.mancinileather.com\/fr\/produit\/porte-passport-rfid-manchester"]}]},{"@type":"ImageObject","inLanguage":"fr-FR","@id":"https:\/\/www.mancinileather.com\/fr\/produit\/porte-passport-rfid-manchester#primaryimage","url":"https:\/\/www.mancinileather.com\/wp-content\/uploads\/2021\/12\/products-file_613a5c7ad9e16-1-scaled.jpg","contentUrl":"https:\/\/www.mancinileather.com\/wp-content\/uploads\/2021\/12\/products-file_613a5c7ad9e16-1-scaled.jpg","width":1952,"height":2560,"caption":"RFID Secure Passport Wallet"},{"@type":"BreadcrumbList","@id":"https:\/\/www.mancinileather.com\/fr\/produit\/porte-passport-rfid-manchester#breadcrumb","itemListElement":[{"@type":"ListItem","position":1,"name":"Home","item":"https:\/\/www.mancinileather.com\/fr"},{"@type":"ListItem","position":2,"name":"Boutique","item":"https:\/\/www.mancinileather.com\/fr\/boutique"},{"@type":"ListItem","position":3,"name":"Porte-passport RFID"}]},{"@type":"WebSite","@id":"https:\/\/www.mancinileather.com\/fr#website","url":"https:\/\/www.mancinileather.com\/fr","name":"Mancini","description":"Online Leather Store and Products","potentialAction":[{"@type":"SearchAction","target":{"@type":"EntryPoint","urlTemplate":"https:\/\/www.mancinileather.com\/fr?s={search_term_string}"},"query-input":{"@type":"PropertyValueSpecification","valueRequired":true,"valueName":"search_term_string"}}],"inLanguage":"fr-FR"}]}},"brands":[],"_links":{"self":[{"href":"https:\/\/www.mancinileather.com\/fr\/wp-json\/wp\/v2\/product\/37293","targetHints":{"allow":["GET"]}}],"collection":[{"href":"https:\/\/www.mancinileather.com\/fr\/wp-json\/wp\/v2\/product"}],"about":[{"href":"https:\/\/www.mancinileather.com\/fr\/wp-json\/wp\/v2\/types\/product"}],"replies":[{"embeddable":true,"href":"https:\/\/www.mancinileather.com\/fr\/wp-json\/wp\/v2\/comments?post=37293"}],"wp:featuredmedia":[{"embeddable":true,"href":"https:\/\/www.mancinileather.com\/fr\/wp-json\/wp\/v2\/media\/25934"}],"wp:attachment":[{"href":"https:\/\/www.mancinileather.com\/fr\/wp-json\/wp\/v2\/media?parent=37293"}],"wp:term":[{"taxonomy":"pwb-brand","embeddable":true,"href":"https:\/\/www.mancinileather.com\/fr\/wp-json\/wp\/v2\/pwb-brand?post=37293"},{"taxonomy":"product_brand","embeddable":true,"href":"https:\/\/www.mancinileather.com\/fr\/wp-json\/wp\/v2\/product_brand?post=37293"},{"taxonomy":"product_cat","embeddable":true,"href":"https:\/\/www.mancinileather.com\/fr\/wp-json\/wp\/v2\/product_cat?post=37293"},{"taxonomy":"product_tag","embeddable":true,"href":"https:\/\/www.mancinileather.com\/fr\/wp-json\/wp\/v2\/product_tag?post=37293"}],"curies":[{"name":"wp","href":"https:\/\/api.w.org\/{rel}","templated":true}]}}