{"id":37365,"date":"2022-03-29T09:56:52","date_gmt":"2022-03-29T13:56:52","guid":{"rendered":"https:\/\/mancini.bluehat.hosting\/?post_type=product&#038;p=37365"},"modified":"2025-07-24T02:23:55","modified_gmt":"2025-07-24T06:23:55","slug":"porte-adresse-cuir","status":"publish","type":"product","link":"https:\/\/www.mancinileather.com\/fr\/produit\/porte-adresse-cuir","title":{"rendered":"Porte-Adresse en Cuir"},"content":{"rendered":"<div class=\"fusion-fullwidth fullwidth-box fusion-builder-row-1 fusion-flex-container nonhundred-percent-fullwidth non-hundred-percent-height-scrolling\" style=\"--awb-border-radius-top-left:0px;--awb-border-radius-top-right:0px;--awb-border-radius-bottom-right:0px;--awb-border-radius-bottom-left:0px;--awb-flex-wrap:wrap;\" ><div class=\"fusion-builder-row fusion-row fusion-flex-align-items-flex-start fusion-flex-content-wrap\" style=\"max-width:1430px;margin-left: calc(-4% \/ 2 );margin-right: calc(-4% \/ 2 );\"><div class=\"fusion-layout-column fusion_builder_column fusion-builder-column-0 fusion_builder_column_1_1 1_1 fusion-flex-column\" style=\"--awb-bg-size:cover;--awb-width-large:100%;--awb-margin-top-large:0px;--awb-spacing-right-large:1.92%;--awb-margin-bottom-large:0px;--awb-spacing-left-large:1.92%;--awb-width-medium:100%;--awb-spacing-right-medium:1.92%;--awb-spacing-left-medium:1.92%;--awb-width-small:100%;--awb-spacing-right-small:1.92%;--awb-spacing-left-small:1.92%;\"><div class=\"fusion-column-wrapper fusion-flex-justify-content-flex-start fusion-content-layout-column\"><div class=\"fusion-text fusion-text-1\"><p>Pratique et fonctionnelle notre Collection\u00a0<strong>Manchester<\/strong>\u00a0est indispensable pour la vie urbaine contemporaine.\u00a0Fabriqu\u00e9 \u00e0 la main avec un\u00a0cuir pleine fleur v\u00e9ritable doux comme du cachemire.<\/p>\n<p>Les gens d\u2019affaires qui voyagent beaucoup appr\u00e9cieront ce beau porte-adresse en cuir con\u00e7u pour porter les\u00a0cartes professionnelles ou l\u2019adresse de votre choix inscrite sur la carte comprise. Proteg\u00e9 avec un rabat de cuir\u00a0\u00e0 bouton pression, le porte-carte s\u2019attache solidement \u00e0 vos valises.<\/p>\n<\/div><\/div><\/div><\/div><\/div>\n","protected":false},"excerpt":{"rendered":"<p>&nbsp;<\/p>\n<ul>\n<li><span style=\"font-size: 1em;\">Rabat de cuir \u00e0 bouton pression<\/span><\/li>\n<li><span style=\"font-size: 1em;\">Carte \u00e0 adresse comprise<\/span><\/li>\n<li><span style=\"font-size: 1em;\">Joliment emball\u00e9 dans un coffret cadeau \u00e9l\u00e9gant<\/span><\/li>\n<li><span style=\"font-size: 1em;\">Un an de garantie limit\u00e9e <\/span><strong style=\"font-size: 1em;\">MANCINI<\/strong><\/li>\n<\/ul>\n","protected":false},"featured_media":26000,"comment_status":"open","ping_status":"closed","template":"","meta":[],"pwb-brand":[],"product_brand":[],"product_cat":[1497,1501],"product_tag":[],"class_list":{"0":"post-37365","1":"product","2":"type-product","3":"status-publish","4":"has-post-thumbnail","6":"product_cat-porte-adresse-cuir","7":"product_cat-solde-produits-en-cuir-promotion","8":"pa_collection-manchester-fr-2","9":"pa_color-noir-fr","10":"pa_material-cuir-pleine-fleur-souple","12":"first","13":"outofstock","14":"sale","15":"taxable","16":"shipping-taxable","17":"product-type-variable","18":"has-default-attributes"},"yoast_head":"<!-- This site is optimized with the Yoast SEO plugin v25.5 - https:\/\/yoast.com\/wordpress\/plugins\/seo\/ -->\n<title>Porte-Adresse en Cuir<\/title>\n<meta name=\"description\" content=\"Pratique et fonctionnelle notre Collection\u00a0Manchester\u00a0est indispensable pour la vie urbaine contemporaine.\u00a0Fabriqu\u00e9 \u00e0 la main avec un\u00a0cuir pleine fleur v\u00e9ritable doux comme du cachemire.Les gens d\u2019affaires qui voyagent beaucoup appr\u00e9cieront ce beau porte-adresse en cuir con\u00e7u pour porter les\u00a0cartes professionnelles ou l\u2019adresse de votre choix inscrite sur la carte comprise. Proteg\u00e9 avec un rabat de cuir\u00a0\u00e0 bouton pression, le porte-carte s\u2019attache solidement \u00e0 vos valises.\" \/>\n<meta name=\"robots\" content=\"index, follow, max-snippet:-1, max-image-preview:large, max-video-preview:-1\" \/>\n<link rel=\"canonical\" href=\"https:\/\/www.mancinileather.com\/fr\/produit\/porte-adresse-cuir\" \/>\n<meta property=\"og:locale\" content=\"fr_FR\" \/>\n<meta property=\"og:type\" content=\"article\" \/>\n<meta property=\"og:title\" content=\"Porte-Adresse en Cuir\" \/>\n<meta property=\"og:description\" content=\"Pratique et fonctionnelle notre Collection\u00a0Manchester\u00a0est indispensable pour la vie urbaine contemporaine.\u00a0Fabriqu\u00e9 \u00e0 la main avec un\u00a0cuir pleine fleur v\u00e9ritable doux comme du cachemire.Les gens d\u2019affaires qui voyagent beaucoup appr\u00e9cieront ce beau porte-adresse en cuir con\u00e7u pour porter les\u00a0cartes professionnelles ou l\u2019adresse de votre choix inscrite sur la carte comprise. Proteg\u00e9 avec un rabat de cuir\u00a0\u00e0 bouton pression, le porte-carte s\u2019attache solidement \u00e0 vos valises.\" \/>\n<meta property=\"og:url\" content=\"https:\/\/www.mancinileather.com\/fr\/produit\/porte-adresse-cuir\" \/>\n<meta property=\"og:site_name\" content=\"Mancini\" \/>\n<meta property=\"article:modified_time\" content=\"2025-07-24T06:23:55+00:00\" \/>\n<meta property=\"og:image\" content=\"https:\/\/www.mancinileather.com\/wp-content\/uploads\/2021\/12\/products-file_56c63b24e7fc6-1.jpg\" \/>\n\t<meta property=\"og:image:width\" content=\"1200\" \/>\n\t<meta property=\"og:image:height\" content=\"1600\" \/>\n\t<meta property=\"og:image:type\" content=\"image\/jpeg\" \/>\n<meta name=\"twitter:card\" content=\"summary_large_image\" \/>\n<meta name=\"twitter:label1\" content=\"Est. reading time\" \/>\n\t<meta name=\"twitter:data1\" content=\"1 minute\" \/>\n<script type=\"application\/ld+json\" class=\"yoast-schema-graph\">{\"@context\":\"https:\/\/schema.org\",\"@graph\":[{\"@type\":\"WebPage\",\"@id\":\"https:\/\/www.mancinileather.com\/fr\/produit\/porte-adresse-cuir\",\"url\":\"https:\/\/www.mancinileather.com\/fr\/produit\/porte-adresse-cuir\",\"name\":\"Porte-Adresse en Cuir\",\"isPartOf\":{\"@id\":\"https:\/\/www.mancinileather.com\/fr#website\"},\"primaryImageOfPage\":{\"@id\":\"https:\/\/www.mancinileather.com\/fr\/produit\/porte-adresse-cuir#primaryimage\"},\"image\":{\"@id\":\"https:\/\/www.mancinileather.com\/fr\/produit\/porte-adresse-cuir#primaryimage\"},\"thumbnailUrl\":\"https:\/\/www.mancinileather.com\/wp-content\/uploads\/2021\/12\/products-file_56c63b24e7fc6-1.jpg\",\"datePublished\":\"2022-03-29T13:56:52+00:00\",\"dateModified\":\"2025-07-24T06:23:55+00:00\",\"description\":\"Pratique et fonctionnelle notre Collection\u00a0Manchester\u00a0est indispensable pour la vie urbaine contemporaine.\u00a0Fabriqu\u00e9 \u00e0 la main avec un\u00a0cuir pleine fleur v\u00e9ritable doux comme du cachemire.Les gens d\u2019affaires qui voyagent beaucoup appr\u00e9cieront ce beau porte-adresse en cuir con\u00e7u pour porter les\u00a0cartes professionnelles ou l\u2019adresse de votre choix inscrite sur la carte comprise. Proteg\u00e9 avec un rabat de cuir\u00a0\u00e0 bouton pression, le porte-carte s\u2019attache solidement \u00e0 vos valises.\",\"breadcrumb\":{\"@id\":\"https:\/\/www.mancinileather.com\/fr\/produit\/porte-adresse-cuir#breadcrumb\"},\"inLanguage\":\"fr-FR\",\"potentialAction\":[{\"@type\":\"ReadAction\",\"target\":[\"https:\/\/www.mancinileather.com\/fr\/produit\/porte-adresse-cuir\"]}]},{\"@type\":\"ImageObject\",\"inLanguage\":\"fr-FR\",\"@id\":\"https:\/\/www.mancinileather.com\/fr\/produit\/porte-adresse-cuir#primaryimage\",\"url\":\"https:\/\/www.mancinileather.com\/wp-content\/uploads\/2021\/12\/products-file_56c63b24e7fc6-1.jpg\",\"contentUrl\":\"https:\/\/www.mancinileather.com\/wp-content\/uploads\/2021\/12\/products-file_56c63b24e7fc6-1.jpg\",\"width\":1200,\"height\":1600,\"caption\":\"Leather Luggage Address Tag\"},{\"@type\":\"BreadcrumbList\",\"@id\":\"https:\/\/www.mancinileather.com\/fr\/produit\/porte-adresse-cuir#breadcrumb\",\"itemListElement\":[{\"@type\":\"ListItem\",\"position\":1,\"name\":\"Home\",\"item\":\"https:\/\/www.mancinileather.com\/fr\"},{\"@type\":\"ListItem\",\"position\":2,\"name\":\"Boutique\",\"item\":\"https:\/\/www.mancinileather.com\/fr\/boutique\"},{\"@type\":\"ListItem\",\"position\":3,\"name\":\"Porte-Adresse en Cuir\"}]},{\"@type\":\"WebSite\",\"@id\":\"https:\/\/www.mancinileather.com\/fr#website\",\"url\":\"https:\/\/www.mancinileather.com\/fr\",\"name\":\"Mancini\",\"description\":\"Online Leather Store and Products\",\"potentialAction\":[{\"@type\":\"SearchAction\",\"target\":{\"@type\":\"EntryPoint\",\"urlTemplate\":\"https:\/\/www.mancinileather.com\/fr?s={search_term_string}\"},\"query-input\":{\"@type\":\"PropertyValueSpecification\",\"valueRequired\":true,\"valueName\":\"search_term_string\"}}],\"inLanguage\":\"fr-FR\"}]}<\/script>\n<!-- \/ Yoast SEO plugin. -->","yoast_head_json":{"title":"Porte-Adresse en Cuir","description":"Pratique et fonctionnelle notre Collection\u00a0Manchester\u00a0est indispensable pour la vie urbaine contemporaine.\u00a0Fabriqu\u00e9 \u00e0 la main avec un\u00a0cuir pleine fleur v\u00e9ritable doux comme du cachemire.Les gens d\u2019affaires qui voyagent beaucoup appr\u00e9cieront ce beau porte-adresse en cuir con\u00e7u pour porter les\u00a0cartes professionnelles ou l\u2019adresse de votre choix inscrite sur la carte comprise. Proteg\u00e9 avec un rabat de cuir\u00a0\u00e0 bouton pression, le porte-carte s\u2019attache solidement \u00e0 vos valises.","robots":{"index":"index","follow":"follow","max-snippet":"max-snippet:-1","max-image-preview":"max-image-preview:large","max-video-preview":"max-video-preview:-1"},"canonical":"https:\/\/www.mancinileather.com\/fr\/produit\/porte-adresse-cuir","og_locale":"fr_FR","og_type":"article","og_title":"Porte-Adresse en Cuir","og_description":"Pratique et fonctionnelle notre Collection\u00a0Manchester\u00a0est indispensable pour la vie urbaine contemporaine.\u00a0Fabriqu\u00e9 \u00e0 la main avec un\u00a0cuir pleine fleur v\u00e9ritable doux comme du cachemire.Les gens d\u2019affaires qui voyagent beaucoup appr\u00e9cieront ce beau porte-adresse en cuir con\u00e7u pour porter les\u00a0cartes professionnelles ou l\u2019adresse de votre choix inscrite sur la carte comprise. Proteg\u00e9 avec un rabat de cuir\u00a0\u00e0 bouton pression, le porte-carte s\u2019attache solidement \u00e0 vos valises.","og_url":"https:\/\/www.mancinileather.com\/fr\/produit\/porte-adresse-cuir","og_site_name":"Mancini","article_modified_time":"2025-07-24T06:23:55+00:00","og_image":[{"width":1200,"height":1600,"url":"https:\/\/www.mancinileather.com\/wp-content\/uploads\/2021\/12\/products-file_56c63b24e7fc6-1.jpg","type":"image\/jpeg"}],"twitter_card":"summary_large_image","twitter_misc":{"Est. reading time":"1 minute"},"schema":{"@context":"https:\/\/schema.org","@graph":[{"@type":"WebPage","@id":"https:\/\/www.mancinileather.com\/fr\/produit\/porte-adresse-cuir","url":"https:\/\/www.mancinileather.com\/fr\/produit\/porte-adresse-cuir","name":"Porte-Adresse en Cuir","isPartOf":{"@id":"https:\/\/www.mancinileather.com\/fr#website"},"primaryImageOfPage":{"@id":"https:\/\/www.mancinileather.com\/fr\/produit\/porte-adresse-cuir#primaryimage"},"image":{"@id":"https:\/\/www.mancinileather.com\/fr\/produit\/porte-adresse-cuir#primaryimage"},"thumbnailUrl":"https:\/\/www.mancinileather.com\/wp-content\/uploads\/2021\/12\/products-file_56c63b24e7fc6-1.jpg","datePublished":"2022-03-29T13:56:52+00:00","dateModified":"2025-07-24T06:23:55+00:00","description":"Pratique et fonctionnelle notre Collection\u00a0Manchester\u00a0est indispensable pour la vie urbaine contemporaine.\u00a0Fabriqu\u00e9 \u00e0 la main avec un\u00a0cuir pleine fleur v\u00e9ritable doux comme du cachemire.Les gens d\u2019affaires qui voyagent beaucoup appr\u00e9cieront ce beau porte-adresse en cuir con\u00e7u pour porter les\u00a0cartes professionnelles ou l\u2019adresse de votre choix inscrite sur la carte comprise. Proteg\u00e9 avec un rabat de cuir\u00a0\u00e0 bouton pression, le porte-carte s\u2019attache solidement \u00e0 vos valises.","breadcrumb":{"@id":"https:\/\/www.mancinileather.com\/fr\/produit\/porte-adresse-cuir#breadcrumb"},"inLanguage":"fr-FR","potentialAction":[{"@type":"ReadAction","target":["https:\/\/www.mancinileather.com\/fr\/produit\/porte-adresse-cuir"]}]},{"@type":"ImageObject","inLanguage":"fr-FR","@id":"https:\/\/www.mancinileather.com\/fr\/produit\/porte-adresse-cuir#primaryimage","url":"https:\/\/www.mancinileather.com\/wp-content\/uploads\/2021\/12\/products-file_56c63b24e7fc6-1.jpg","contentUrl":"https:\/\/www.mancinileather.com\/wp-content\/uploads\/2021\/12\/products-file_56c63b24e7fc6-1.jpg","width":1200,"height":1600,"caption":"Leather Luggage Address Tag"},{"@type":"BreadcrumbList","@id":"https:\/\/www.mancinileather.com\/fr\/produit\/porte-adresse-cuir#breadcrumb","itemListElement":[{"@type":"ListItem","position":1,"name":"Home","item":"https:\/\/www.mancinileather.com\/fr"},{"@type":"ListItem","position":2,"name":"Boutique","item":"https:\/\/www.mancinileather.com\/fr\/boutique"},{"@type":"ListItem","position":3,"name":"Porte-Adresse en Cuir"}]},{"@type":"WebSite","@id":"https:\/\/www.mancinileather.com\/fr#website","url":"https:\/\/www.mancinileather.com\/fr","name":"Mancini","description":"Online Leather Store and Products","potentialAction":[{"@type":"SearchAction","target":{"@type":"EntryPoint","urlTemplate":"https:\/\/www.mancinileather.com\/fr?s={search_term_string}"},"query-input":{"@type":"PropertyValueSpecification","valueRequired":true,"valueName":"search_term_string"}}],"inLanguage":"fr-FR"}]}},"brands":[],"_links":{"self":[{"href":"https:\/\/www.mancinileather.com\/fr\/wp-json\/wp\/v2\/product\/37365","targetHints":{"allow":["GET"]}}],"collection":[{"href":"https:\/\/www.mancinileather.com\/fr\/wp-json\/wp\/v2\/product"}],"about":[{"href":"https:\/\/www.mancinileather.com\/fr\/wp-json\/wp\/v2\/types\/product"}],"replies":[{"embeddable":true,"href":"https:\/\/www.mancinileather.com\/fr\/wp-json\/wp\/v2\/comments?post=37365"}],"wp:featuredmedia":[{"embeddable":true,"href":"https:\/\/www.mancinileather.com\/fr\/wp-json\/wp\/v2\/media\/26000"}],"wp:attachment":[{"href":"https:\/\/www.mancinileather.com\/fr\/wp-json\/wp\/v2\/media?parent=37365"}],"wp:term":[{"taxonomy":"pwb-brand","embeddable":true,"href":"https:\/\/www.mancinileather.com\/fr\/wp-json\/wp\/v2\/pwb-brand?post=37365"},{"taxonomy":"product_brand","embeddable":true,"href":"https:\/\/www.mancinileather.com\/fr\/wp-json\/wp\/v2\/product_brand?post=37365"},{"taxonomy":"product_cat","embeddable":true,"href":"https:\/\/www.mancinileather.com\/fr\/wp-json\/wp\/v2\/product_cat?post=37365"},{"taxonomy":"product_tag","embeddable":true,"href":"https:\/\/www.mancinileather.com\/fr\/wp-json\/wp\/v2\/product_tag?post=37365"}],"curies":[{"name":"wp","href":"https:\/\/api.w.org\/{rel}","templated":true}]}}