{"id":37445,"date":"2022-03-29T09:57:33","date_gmt":"2022-03-29T09:57:33","guid":{"rendered":"https:\/\/mancini.bluehat.hosting\/?post_type=product&#038;p=37445"},"modified":"2025-07-24T02:23:55","modified_gmt":"2025-07-24T06:23:55","slug":"organisateur-voyage-passeport-luxe-rfid-equestrian2","status":"publish","type":"product","link":"https:\/\/www.mancinileather.com\/fr\/produit\/organisateur-voyage-passeport-luxe-rfid-equestrian2","title":{"rendered":"Organisateur de voyage \/ Passeport de luxe RFID"},"content":{"rendered":"<div class=\"fusion-fullwidth fullwidth-box fusion-builder-row-1 fusion-flex-container nonhundred-percent-fullwidth non-hundred-percent-height-scrolling\" style=\"--awb-border-radius-top-left:0px;--awb-border-radius-top-right:0px;--awb-border-radius-bottom-right:0px;--awb-border-radius-bottom-left:0px;--awb-flex-wrap:wrap;\" ><div class=\"fusion-builder-row fusion-row fusion-flex-align-items-flex-start fusion-flex-content-wrap\" style=\"max-width:1430px;margin-left: calc(-4% \/ 2 );margin-right: calc(-4% \/ 2 );\"><div class=\"fusion-layout-column fusion_builder_column fusion-builder-column-0 fusion_builder_column_1_1 1_1 fusion-flex-column\" style=\"--awb-bg-size:cover;--awb-width-large:100%;--awb-margin-top-large:0px;--awb-spacing-right-large:1.92%;--awb-margin-bottom-large:0px;--awb-spacing-left-large:1.92%;--awb-width-medium:100%;--awb-spacing-right-medium:1.92%;--awb-spacing-left-medium:1.92%;--awb-width-small:100%;--awb-spacing-right-small:1.92%;--awb-spacing-left-small:1.92%;\"><div class=\"fusion-column-wrapper fusion-flex-justify-content-flex-start fusion-content-layout-column\"><div class=\"fusion-text fusion-text-1\"><p>Tendance ultime en mati\u00e8re de cuir plein fleur de qualit\u00e9 sup\u00e9rieure, notre collection\u00a0<strong>EQUESTRIAN-2<\/strong>\u00a0pr\u00e9sente une vaste gamme de portefeuilles et d\u2019accessoires personnels pour les hommes des plus minutieux.\u00a0\u00c9quip\u00e9 de la derni\u00e8re technologie de blocage d&#8217;ondes RFID\u00a0pour assurer que vos donn\u00e9es et vos cartes sont s\u00e9curitaires. Des couches m\u00e9talliques sp\u00e9ciales int\u00e9gr\u00e9es dans les fentes pour cartes emp\u00eachent la lecture \u00e9lectronique de votre portefeuille.<\/p>\n<p>Cet organisateur de luxe est \u00e9quip\u00e9 de plusieurs fentes et pochettes pour ranger votre passeport, vos billets, vos documents de voyages, vos cartes de cr\u00e9dit et encore plus. De plus, il est dot\u00e9 de deux pochettes pour la monnaie et d&#8217;une sangle d\u00e9tachable. Le tout est s\u00e9curis\u00e9 par une fermeture \u00e9clair. Cet accessoire en cuir fin respire l&#8217;\u00e9l\u00e9gance classique.<\/p>\n<\/div><\/div><\/div><\/div><\/div>\n","protected":false},"excerpt":{"rendered":"<p>&nbsp;<\/p>\n<ul>\n<li>Sangle d\u00e9tachable<\/li>\n<li>Poches pour passeport<\/li>\n<li>Poche pratique sur le dos<\/li>\n<li>Large poche zipp\u00e9e \u00e0 l\u2019int\u00e9rieur<\/li>\n<li>2 petites poches velcro \u00e0 l\u2019int\u00e9rieur<\/li>\n<li>Porte-plume pratique<\/li>\n<li>Poche pour carte d\u2019identit\u00e9<\/li>\n<li>4 fentes pour cartes de cr\u00e9dit<\/li>\n<li>Deux sections pour billets<\/li>\n<li>Un an de garantie limit\u00e9e\u00a0<strong>MANCINI<\/strong><\/li>\n<\/ul>\n","protected":false},"featured_media":26092,"comment_status":"open","ping_status":"closed","template":"","meta":[],"pwb-brand":[],"product_brand":[],"product_cat":[1485,1501,1630,1638],"product_tag":[],"class_list":{"0":"post-37445","1":"product","2":"type-product","3":"status-publish","4":"has-post-thumbnail","6":"product_cat-organisateurs-de-voyage-passeport","7":"product_cat-solde-produits-en-cuir-promotion","8":"product_cat-femme","9":"product_cat-hommes","10":"pa_collection-equestrian-2-fr-2","11":"pa_color-brun","12":"pa_color-noir-fr","13":"pa_color-rouge-fr","14":"pa_material-cuir-pleine-fleur-fin-fr","16":"first","17":"instock","18":"sale","19":"taxable","20":"shipping-taxable","21":"purchasable","22":"product-type-variable","23":"has-default-attributes"},"yoast_head":"<!-- This site is optimized with the Yoast SEO plugin v25.5 - https:\/\/yoast.com\/wordpress\/plugins\/seo\/ -->\n<title>Equestrian-2 Organisateur de voyage \/ Passeport de luxe RFID<\/title>\n<meta name=\"description\" content=\"Tendance ultime en mati\u00e8re de cuir plein fleur de qualit\u00e9 sup\u00e9rieure, notre collection\u00a0EQUESTRIAN-2\u00a0pr\u00e9sente une vaste gamme de portefeuilles et d\u2019accessoires personnels pour les hommes des plus minutieux.\u00a0\u00c9quip\u00e9 de la derni\u00e8re technologie de blocage d&#039;ondes RFID\u00a0pour assurer que vos donn\u00e9es et vos cartes sont s\u00e9curitaires. Des couches m\u00e9talliques sp\u00e9ciales int\u00e9gr\u00e9es dans les fentes pour cartes emp\u00eachent la lecture \u00e9lectronique de votre portefeuille.Cet organisateur de luxe est \u00e9quip\u00e9 de plusieurs fentes et pochettes pour ranger votre passeport, vos billets, vos documents de voyages, vos cartes de cr\u00e9dit et encore plus. De plus, il est dot\u00e9 de deux pochettes pour la monnaie et d&#039;une sangle d\u00e9tachable. Le tout est s\u00e9curis\u00e9 par une fermeture \u00e9clair. Cet accessoire en cuir fin respire l&#039;\u00e9l\u00e9gance classique.\" \/>\n<meta name=\"robots\" content=\"index, follow, max-snippet:-1, max-image-preview:large, max-video-preview:-1\" \/>\n<link rel=\"canonical\" href=\"https:\/\/www.mancinileather.com\/fr\/produit\/organisateur-voyage-passeport-luxe-rfid-equestrian2\" \/>\n<meta property=\"og:locale\" content=\"fr_FR\" \/>\n<meta property=\"og:type\" content=\"article\" \/>\n<meta property=\"og:title\" content=\"Equestrian-2 Organisateur de voyage \/ Passeport de luxe RFID\" \/>\n<meta property=\"og:description\" content=\"Tendance ultime en mati\u00e8re de cuir plein fleur de qualit\u00e9 sup\u00e9rieure, notre collection\u00a0EQUESTRIAN-2\u00a0pr\u00e9sente une vaste gamme de portefeuilles et d\u2019accessoires personnels pour les hommes des plus minutieux.\u00a0\u00c9quip\u00e9 de la derni\u00e8re technologie de blocage d&#039;ondes RFID\u00a0pour assurer que vos donn\u00e9es et vos cartes sont s\u00e9curitaires. Des couches m\u00e9talliques sp\u00e9ciales int\u00e9gr\u00e9es dans les fentes pour cartes emp\u00eachent la lecture \u00e9lectronique de votre portefeuille.Cet organisateur de luxe est \u00e9quip\u00e9 de plusieurs fentes et pochettes pour ranger votre passeport, vos billets, vos documents de voyages, vos cartes de cr\u00e9dit et encore plus. De plus, il est dot\u00e9 de deux pochettes pour la monnaie et d&#039;une sangle d\u00e9tachable. Le tout est s\u00e9curis\u00e9 par une fermeture \u00e9clair. Cet accessoire en cuir fin respire l&#039;\u00e9l\u00e9gance classique.\" \/>\n<meta property=\"og:url\" content=\"https:\/\/www.mancinileather.com\/fr\/produit\/organisateur-voyage-passeport-luxe-rfid-equestrian2\" \/>\n<meta property=\"og:site_name\" content=\"Mancini\" \/>\n<meta property=\"article:modified_time\" content=\"2025-07-24T06:23:55+00:00\" \/>\n<meta property=\"og:image\" content=\"https:\/\/www.mancinileather.com\/wp-content\/uploads\/2021\/12\/products-file_5bd1e5e98e8ca-1.jpg\" \/>\n\t<meta property=\"og:image:width\" content=\"1100\" \/>\n\t<meta property=\"og:image:height\" content=\"1729\" \/>\n\t<meta property=\"og:image:type\" content=\"image\/jpeg\" \/>\n<meta name=\"twitter:card\" content=\"summary_large_image\" \/>\n<meta name=\"twitter:label1\" content=\"Est. reading time\" \/>\n\t<meta name=\"twitter:data1\" content=\"1 minute\" \/>\n<script type=\"application\/ld+json\" class=\"yoast-schema-graph\">{\"@context\":\"https:\/\/schema.org\",\"@graph\":[{\"@type\":\"WebPage\",\"@id\":\"https:\/\/www.mancinileather.com\/fr\/produit\/organisateur-voyage-passeport-luxe-rfid-equestrian2\",\"url\":\"https:\/\/www.mancinileather.com\/fr\/produit\/organisateur-voyage-passeport-luxe-rfid-equestrian2\",\"name\":\"Equestrian-2 Organisateur de voyage \/ Passeport de luxe RFID\",\"isPartOf\":{\"@id\":\"https:\/\/www.mancinileather.com\/fr#website\"},\"primaryImageOfPage\":{\"@id\":\"https:\/\/www.mancinileather.com\/fr\/produit\/organisateur-voyage-passeport-luxe-rfid-equestrian2#primaryimage\"},\"image\":{\"@id\":\"https:\/\/www.mancinileather.com\/fr\/produit\/organisateur-voyage-passeport-luxe-rfid-equestrian2#primaryimage\"},\"thumbnailUrl\":\"https:\/\/www.mancinileather.com\/wp-content\/uploads\/2021\/12\/products-file_5bd1e5e98e8ca-1.jpg\",\"datePublished\":\"2022-03-29T09:57:33+00:00\",\"dateModified\":\"2025-07-24T06:23:55+00:00\",\"description\":\"Tendance ultime en mati\u00e8re de cuir plein fleur de qualit\u00e9 sup\u00e9rieure, notre collection\u00a0EQUESTRIAN-2\u00a0pr\u00e9sente une vaste gamme de portefeuilles et d\u2019accessoires personnels pour les hommes des plus minutieux.\u00a0\u00c9quip\u00e9 de la derni\u00e8re technologie de blocage d'ondes RFID\u00a0pour assurer que vos donn\u00e9es et vos cartes sont s\u00e9curitaires. Des couches m\u00e9talliques sp\u00e9ciales int\u00e9gr\u00e9es dans les fentes pour cartes emp\u00eachent la lecture \u00e9lectronique de votre portefeuille.Cet organisateur de luxe est \u00e9quip\u00e9 de plusieurs fentes et pochettes pour ranger votre passeport, vos billets, vos documents de voyages, vos cartes de cr\u00e9dit et encore plus. De plus, il est dot\u00e9 de deux pochettes pour la monnaie et d'une sangle d\u00e9tachable. Le tout est s\u00e9curis\u00e9 par une fermeture \u00e9clair. Cet accessoire en cuir fin respire l'\u00e9l\u00e9gance classique.\",\"breadcrumb\":{\"@id\":\"https:\/\/www.mancinileather.com\/fr\/produit\/organisateur-voyage-passeport-luxe-rfid-equestrian2#breadcrumb\"},\"inLanguage\":\"fr-FR\",\"potentialAction\":[{\"@type\":\"ReadAction\",\"target\":[\"https:\/\/www.mancinileather.com\/fr\/produit\/organisateur-voyage-passeport-luxe-rfid-equestrian2\"]}]},{\"@type\":\"ImageObject\",\"inLanguage\":\"fr-FR\",\"@id\":\"https:\/\/www.mancinileather.com\/fr\/produit\/organisateur-voyage-passeport-luxe-rfid-equestrian2#primaryimage\",\"url\":\"https:\/\/www.mancinileather.com\/wp-content\/uploads\/2021\/12\/products-file_5bd1e5e98e8ca-1.jpg\",\"contentUrl\":\"https:\/\/www.mancinileather.com\/wp-content\/uploads\/2021\/12\/products-file_5bd1e5e98e8ca-1.jpg\",\"width\":1100,\"height\":1729,\"caption\":\"RFID Secure Deluxe Passport \/ Travel Organizer\"},{\"@type\":\"BreadcrumbList\",\"@id\":\"https:\/\/www.mancinileather.com\/fr\/produit\/organisateur-voyage-passeport-luxe-rfid-equestrian2#breadcrumb\",\"itemListElement\":[{\"@type\":\"ListItem\",\"position\":1,\"name\":\"Home\",\"item\":\"https:\/\/www.mancinileather.com\/fr\"},{\"@type\":\"ListItem\",\"position\":2,\"name\":\"Boutique\",\"item\":\"https:\/\/www.mancinileather.com\/fr\/boutique\"},{\"@type\":\"ListItem\",\"position\":3,\"name\":\"Organisateur de voyage \/ Passeport de luxe RFID\"}]},{\"@type\":\"WebSite\",\"@id\":\"https:\/\/www.mancinileather.com\/fr#website\",\"url\":\"https:\/\/www.mancinileather.com\/fr\",\"name\":\"Mancini\",\"description\":\"Online Leather Store and Products\",\"potentialAction\":[{\"@type\":\"SearchAction\",\"target\":{\"@type\":\"EntryPoint\",\"urlTemplate\":\"https:\/\/www.mancinileather.com\/fr?s={search_term_string}\"},\"query-input\":{\"@type\":\"PropertyValueSpecification\",\"valueRequired\":true,\"valueName\":\"search_term_string\"}}],\"inLanguage\":\"fr-FR\"}]}<\/script>\n<!-- \/ Yoast SEO plugin. -->","yoast_head_json":{"title":"Equestrian-2 Organisateur de voyage \/ Passeport de luxe RFID","description":"Tendance ultime en mati\u00e8re de cuir plein fleur de qualit\u00e9 sup\u00e9rieure, notre collection\u00a0EQUESTRIAN-2\u00a0pr\u00e9sente une vaste gamme de portefeuilles et d\u2019accessoires personnels pour les hommes des plus minutieux.\u00a0\u00c9quip\u00e9 de la derni\u00e8re technologie de blocage d'ondes RFID\u00a0pour assurer que vos donn\u00e9es et vos cartes sont s\u00e9curitaires. Des couches m\u00e9talliques sp\u00e9ciales int\u00e9gr\u00e9es dans les fentes pour cartes emp\u00eachent la lecture \u00e9lectronique de votre portefeuille.Cet organisateur de luxe est \u00e9quip\u00e9 de plusieurs fentes et pochettes pour ranger votre passeport, vos billets, vos documents de voyages, vos cartes de cr\u00e9dit et encore plus. De plus, il est dot\u00e9 de deux pochettes pour la monnaie et d'une sangle d\u00e9tachable. Le tout est s\u00e9curis\u00e9 par une fermeture \u00e9clair. Cet accessoire en cuir fin respire l'\u00e9l\u00e9gance classique.","robots":{"index":"index","follow":"follow","max-snippet":"max-snippet:-1","max-image-preview":"max-image-preview:large","max-video-preview":"max-video-preview:-1"},"canonical":"https:\/\/www.mancinileather.com\/fr\/produit\/organisateur-voyage-passeport-luxe-rfid-equestrian2","og_locale":"fr_FR","og_type":"article","og_title":"Equestrian-2 Organisateur de voyage \/ Passeport de luxe RFID","og_description":"Tendance ultime en mati\u00e8re de cuir plein fleur de qualit\u00e9 sup\u00e9rieure, notre collection\u00a0EQUESTRIAN-2\u00a0pr\u00e9sente une vaste gamme de portefeuilles et d\u2019accessoires personnels pour les hommes des plus minutieux.\u00a0\u00c9quip\u00e9 de la derni\u00e8re technologie de blocage d'ondes RFID\u00a0pour assurer que vos donn\u00e9es et vos cartes sont s\u00e9curitaires. Des couches m\u00e9talliques sp\u00e9ciales int\u00e9gr\u00e9es dans les fentes pour cartes emp\u00eachent la lecture \u00e9lectronique de votre portefeuille.Cet organisateur de luxe est \u00e9quip\u00e9 de plusieurs fentes et pochettes pour ranger votre passeport, vos billets, vos documents de voyages, vos cartes de cr\u00e9dit et encore plus. De plus, il est dot\u00e9 de deux pochettes pour la monnaie et d'une sangle d\u00e9tachable. Le tout est s\u00e9curis\u00e9 par une fermeture \u00e9clair. Cet accessoire en cuir fin respire l'\u00e9l\u00e9gance classique.","og_url":"https:\/\/www.mancinileather.com\/fr\/produit\/organisateur-voyage-passeport-luxe-rfid-equestrian2","og_site_name":"Mancini","article_modified_time":"2025-07-24T06:23:55+00:00","og_image":[{"width":1100,"height":1729,"url":"https:\/\/www.mancinileather.com\/wp-content\/uploads\/2021\/12\/products-file_5bd1e5e98e8ca-1.jpg","type":"image\/jpeg"}],"twitter_card":"summary_large_image","twitter_misc":{"Est. reading time":"1 minute"},"schema":{"@context":"https:\/\/schema.org","@graph":[{"@type":"WebPage","@id":"https:\/\/www.mancinileather.com\/fr\/produit\/organisateur-voyage-passeport-luxe-rfid-equestrian2","url":"https:\/\/www.mancinileather.com\/fr\/produit\/organisateur-voyage-passeport-luxe-rfid-equestrian2","name":"Equestrian-2 Organisateur de voyage \/ Passeport de luxe RFID","isPartOf":{"@id":"https:\/\/www.mancinileather.com\/fr#website"},"primaryImageOfPage":{"@id":"https:\/\/www.mancinileather.com\/fr\/produit\/organisateur-voyage-passeport-luxe-rfid-equestrian2#primaryimage"},"image":{"@id":"https:\/\/www.mancinileather.com\/fr\/produit\/organisateur-voyage-passeport-luxe-rfid-equestrian2#primaryimage"},"thumbnailUrl":"https:\/\/www.mancinileather.com\/wp-content\/uploads\/2021\/12\/products-file_5bd1e5e98e8ca-1.jpg","datePublished":"2022-03-29T09:57:33+00:00","dateModified":"2025-07-24T06:23:55+00:00","description":"Tendance ultime en mati\u00e8re de cuir plein fleur de qualit\u00e9 sup\u00e9rieure, notre collection\u00a0EQUESTRIAN-2\u00a0pr\u00e9sente une vaste gamme de portefeuilles et d\u2019accessoires personnels pour les hommes des plus minutieux.\u00a0\u00c9quip\u00e9 de la derni\u00e8re technologie de blocage d'ondes RFID\u00a0pour assurer que vos donn\u00e9es et vos cartes sont s\u00e9curitaires. Des couches m\u00e9talliques sp\u00e9ciales int\u00e9gr\u00e9es dans les fentes pour cartes emp\u00eachent la lecture \u00e9lectronique de votre portefeuille.Cet organisateur de luxe est \u00e9quip\u00e9 de plusieurs fentes et pochettes pour ranger votre passeport, vos billets, vos documents de voyages, vos cartes de cr\u00e9dit et encore plus. De plus, il est dot\u00e9 de deux pochettes pour la monnaie et d'une sangle d\u00e9tachable. Le tout est s\u00e9curis\u00e9 par une fermeture \u00e9clair. Cet accessoire en cuir fin respire l'\u00e9l\u00e9gance classique.","breadcrumb":{"@id":"https:\/\/www.mancinileather.com\/fr\/produit\/organisateur-voyage-passeport-luxe-rfid-equestrian2#breadcrumb"},"inLanguage":"fr-FR","potentialAction":[{"@type":"ReadAction","target":["https:\/\/www.mancinileather.com\/fr\/produit\/organisateur-voyage-passeport-luxe-rfid-equestrian2"]}]},{"@type":"ImageObject","inLanguage":"fr-FR","@id":"https:\/\/www.mancinileather.com\/fr\/produit\/organisateur-voyage-passeport-luxe-rfid-equestrian2#primaryimage","url":"https:\/\/www.mancinileather.com\/wp-content\/uploads\/2021\/12\/products-file_5bd1e5e98e8ca-1.jpg","contentUrl":"https:\/\/www.mancinileather.com\/wp-content\/uploads\/2021\/12\/products-file_5bd1e5e98e8ca-1.jpg","width":1100,"height":1729,"caption":"RFID Secure Deluxe Passport \/ Travel Organizer"},{"@type":"BreadcrumbList","@id":"https:\/\/www.mancinileather.com\/fr\/produit\/organisateur-voyage-passeport-luxe-rfid-equestrian2#breadcrumb","itemListElement":[{"@type":"ListItem","position":1,"name":"Home","item":"https:\/\/www.mancinileather.com\/fr"},{"@type":"ListItem","position":2,"name":"Boutique","item":"https:\/\/www.mancinileather.com\/fr\/boutique"},{"@type":"ListItem","position":3,"name":"Organisateur de voyage \/ Passeport de luxe RFID"}]},{"@type":"WebSite","@id":"https:\/\/www.mancinileather.com\/fr#website","url":"https:\/\/www.mancinileather.com\/fr","name":"Mancini","description":"Online Leather Store and Products","potentialAction":[{"@type":"SearchAction","target":{"@type":"EntryPoint","urlTemplate":"https:\/\/www.mancinileather.com\/fr?s={search_term_string}"},"query-input":{"@type":"PropertyValueSpecification","valueRequired":true,"valueName":"search_term_string"}}],"inLanguage":"fr-FR"}]}},"brands":[],"_links":{"self":[{"href":"https:\/\/www.mancinileather.com\/fr\/wp-json\/wp\/v2\/product\/37445","targetHints":{"allow":["GET"]}}],"collection":[{"href":"https:\/\/www.mancinileather.com\/fr\/wp-json\/wp\/v2\/product"}],"about":[{"href":"https:\/\/www.mancinileather.com\/fr\/wp-json\/wp\/v2\/types\/product"}],"replies":[{"embeddable":true,"href":"https:\/\/www.mancinileather.com\/fr\/wp-json\/wp\/v2\/comments?post=37445"}],"wp:featuredmedia":[{"embeddable":true,"href":"https:\/\/www.mancinileather.com\/fr\/wp-json\/wp\/v2\/media\/26092"}],"wp:attachment":[{"href":"https:\/\/www.mancinileather.com\/fr\/wp-json\/wp\/v2\/media?parent=37445"}],"wp:term":[{"taxonomy":"pwb-brand","embeddable":true,"href":"https:\/\/www.mancinileather.com\/fr\/wp-json\/wp\/v2\/pwb-brand?post=37445"},{"taxonomy":"product_brand","embeddable":true,"href":"https:\/\/www.mancinileather.com\/fr\/wp-json\/wp\/v2\/product_brand?post=37445"},{"taxonomy":"product_cat","embeddable":true,"href":"https:\/\/www.mancinileather.com\/fr\/wp-json\/wp\/v2\/product_cat?post=37445"},{"taxonomy":"product_tag","embeddable":true,"href":"https:\/\/www.mancinileather.com\/fr\/wp-json\/wp\/v2\/product_tag?post=37445"}],"curies":[{"name":"wp","href":"https:\/\/api.w.org\/{rel}","templated":true}]}}