{"id":37499,"date":"2022-03-29T09:58:18","date_gmt":"2022-03-29T09:58:18","guid":{"rendered":"https:\/\/mancini.bluehat.hosting\/?post_type=product&#038;p=37499"},"modified":"2025-07-24T02:23:55","modified_gmt":"2025-07-24T06:23:55","slug":"portefeuillepourhommespourpocheveston","status":"publish","type":"product","link":"https:\/\/www.mancinileather.com\/fr\/produit\/portefeuillepourhommespourpocheveston","title":{"rendered":"Portefeuille pour hommes pour poche de veston"},"content":{"rendered":"<p>Tendance ultime en mati\u00e8re de cuir plein fleur de qualit\u00e9 sup\u00e9rieure, notre<strong>\u00a0<\/strong>collection<strong> EQUESTRIAN-2<\/strong>\u00a0pr\u00e9sente une vaste gamme de portefeuilles et d\u2019accessoires personnels pour les hommes des plus minutieux.\u00a0\u00c9quip\u00e9 de la derni\u00e8re technologie de blocage d&#8217;ondes RFID\u00a0pour assurer que vos donn\u00e9es et vos cartes sont s\u00e9curitaires. Des couches m\u00e9talliques sp\u00e9ciales int\u00e9gr\u00e9es dans les fentes pour cartes emp\u00eachent la lecture \u00e9lectronique de votre portefeuille.<\/p>\n<p>&nbsp;<\/p>\n<p>Ce portefeuille\/porte-cartes pourra contenir tous vos documents. Compos\u00e9 de nombreux rangements ses nombreuses pochettes vous permettent de ranger toutes vos cartes de cr\u00e9dit, papiers d&#8217;identit\u00e9, billets et re\u00e7us. Ce portefeuille en cuir fin respire l&#8217;\u00e9l\u00e9gance classique.<\/p>\n","protected":false},"excerpt":{"rendered":"<p>&nbsp;<\/p>\n<ul>\n<li>Equip\u00e9 de la derni\u00e8re technologie de blocage d&#8217;ondes RFID<strong><br \/>\n<\/strong><\/li>\n<li>24 fentes pour cartes de cr\u00e9dit<\/li>\n<li>Quatre sections pour billets<\/li>\n<li>Joliment emball\u00e9 dans un coffret cadeau \u00e9l\u00e9gant<\/li>\n<li>Un an de garantie limit\u00e9e\u00a0<strong>MANCINI<\/strong><\/li>\n<\/ul>\n","protected":false},"featured_media":37501,"comment_status":"open","ping_status":"closed","template":"","meta":[],"pwb-brand":[],"product_brand":[],"product_cat":[1638,1457],"product_tag":[],"class_list":{"0":"post-37499","1":"product","2":"type-product","3":"status-publish","4":"has-post-thumbnail","6":"product_cat-hommes","7":"product_cat-portefeuilles-en-cuir-homme","8":"pa_collection-equestrian-2-fr-2","9":"pa_color-noir-fr","10":"pa_material-cuir-pleine-fleur-fin-fr","12":"first","13":"instock","14":"taxable","15":"shipping-taxable","16":"purchasable","17":"product-type-variable","18":"has-default-attributes"},"yoast_head":"<!-- This site is optimized with the Yoast SEO plugin v27.4 - https:\/\/yoast.com\/product\/yoast-seo-wordpress\/ -->\n<title>Portefeuille pour hommes pour poche de veston<\/title>\n<meta name=\"description\" content=\"Tendance ultime en mati\u00e8re de cuir plein fleur de qualit\u00e9 sup\u00e9rieure, notre\u00a0collection EQUESTRIAN-2\u00a0pr\u00e9sente une vaste gamme de portefeuilles et d\u2019accessoires personnels pour les hommes des plus minutieux.\u00a0\u00c9quip\u00e9 de la derni\u00e8re technologie de blocage d&#039;ondes RFID\u00a0pour assurer que vos donn\u00e9es et vos cartes sont s\u00e9curitaires. Des couches m\u00e9talliques sp\u00e9ciales int\u00e9gr\u00e9es dans les fentes pour cartes emp\u00eachent la lecture \u00e9lectronique de votre portefeuille.Ce portefeuille\/porte-cartes pourra contenir tous vos documents. Compos\u00e9 de nombreux rangements ses nombreuses pochettes vous permettent de ranger toutes vos cartes de cr\u00e9dit, papiers d&#039;identit\u00e9, billets et re\u00e7us. Ce portefeuille en cuir fin respire l&#039;\u00e9l\u00e9gance classique.\" \/>\n<meta name=\"robots\" content=\"index, follow, max-snippet:-1, max-image-preview:large, max-video-preview:-1\" \/>\n<link rel=\"canonical\" href=\"https:\/\/www.mancinileather.com\/fr\/produit\/portefeuillepourhommespourpocheveston\" \/>\n<meta property=\"og:locale\" content=\"fr_FR\" \/>\n<meta property=\"og:type\" content=\"article\" \/>\n<meta property=\"og:title\" content=\"Portefeuille pour hommes pour poche de veston\" \/>\n<meta property=\"og:description\" content=\"Tendance ultime en mati\u00e8re de cuir plein fleur de qualit\u00e9 sup\u00e9rieure, notre\u00a0collection EQUESTRIAN-2\u00a0pr\u00e9sente une vaste gamme de portefeuilles et d\u2019accessoires personnels pour les hommes des plus minutieux.\u00a0\u00c9quip\u00e9 de la derni\u00e8re technologie de blocage d&#039;ondes RFID\u00a0pour assurer que vos donn\u00e9es et vos cartes sont s\u00e9curitaires. Des couches m\u00e9talliques sp\u00e9ciales int\u00e9gr\u00e9es dans les fentes pour cartes emp\u00eachent la lecture \u00e9lectronique de votre portefeuille.Ce portefeuille\/porte-cartes pourra contenir tous vos documents. Compos\u00e9 de nombreux rangements ses nombreuses pochettes vous permettent de ranger toutes vos cartes de cr\u00e9dit, papiers d&#039;identit\u00e9, billets et re\u00e7us. Ce portefeuille en cuir fin respire l&#039;\u00e9l\u00e9gance classique.\" \/>\n<meta property=\"og:url\" content=\"https:\/\/www.mancinileather.com\/fr\/produit\/portefeuillepourhommespourpocheveston\" \/>\n<meta property=\"og:site_name\" content=\"Mancini\" \/>\n<meta property=\"article:modified_time\" content=\"2025-07-24T06:23:55+00:00\" \/>\n<meta property=\"og:image\" content=\"https:\/\/www.mancinileather.com\/wp-content\/uploads\/2021\/12\/products-file_56c76aaf4fb66.jpg\" \/>\n\t<meta property=\"og:image:width\" content=\"1200\" \/>\n\t<meta property=\"og:image:height\" content=\"1600\" \/>\n\t<meta property=\"og:image:type\" content=\"image\/jpeg\" \/>\n<meta name=\"twitter:card\" content=\"summary_large_image\" \/>\n<meta name=\"twitter:label1\" content=\"Est. reading time\" \/>\n\t<meta name=\"twitter:data1\" content=\"1 minute\" \/>\n<script type=\"application\/ld+json\" class=\"yoast-schema-graph\">{\"@context\":\"https:\\\/\\\/schema.org\",\"@graph\":[{\"@type\":\"WebPage\",\"@id\":\"https:\\\/\\\/www.mancinileather.com\\\/fr\\\/produit\\\/portefeuillepourhommespourpocheveston\",\"url\":\"https:\\\/\\\/www.mancinileather.com\\\/fr\\\/produit\\\/portefeuillepourhommespourpocheveston\",\"name\":\"Portefeuille pour hommes pour poche de veston\",\"isPartOf\":{\"@id\":\"https:\\\/\\\/www.mancinileather.com\\\/fr#website\"},\"primaryImageOfPage\":{\"@id\":\"https:\\\/\\\/www.mancinileather.com\\\/fr\\\/produit\\\/portefeuillepourhommespourpocheveston#primaryimage\"},\"image\":{\"@id\":\"https:\\\/\\\/www.mancinileather.com\\\/fr\\\/produit\\\/portefeuillepourhommespourpocheveston#primaryimage\"},\"thumbnailUrl\":\"https:\\\/\\\/www.mancinileather.com\\\/wp-content\\\/uploads\\\/2021\\\/12\\\/products-file_56c76aaf4fb66.jpg\",\"datePublished\":\"2022-03-29T09:58:18+00:00\",\"dateModified\":\"2025-07-24T06:23:55+00:00\",\"description\":\"Tendance ultime en mati\u00e8re de cuir plein fleur de qualit\u00e9 sup\u00e9rieure, notre\u00a0collection EQUESTRIAN-2\u00a0pr\u00e9sente une vaste gamme de portefeuilles et d\u2019accessoires personnels pour les hommes des plus minutieux.\u00a0\u00c9quip\u00e9 de la derni\u00e8re technologie de blocage d'ondes RFID\u00a0pour assurer que vos donn\u00e9es et vos cartes sont s\u00e9curitaires. Des couches m\u00e9talliques sp\u00e9ciales int\u00e9gr\u00e9es dans les fentes pour cartes emp\u00eachent la lecture \u00e9lectronique de votre portefeuille.Ce portefeuille\\\/porte-cartes pourra contenir tous vos documents. Compos\u00e9 de nombreux rangements ses nombreuses pochettes vous permettent de ranger toutes vos cartes de cr\u00e9dit, papiers d'identit\u00e9, billets et re\u00e7us. Ce portefeuille en cuir fin respire l'\u00e9l\u00e9gance classique.\",\"breadcrumb\":{\"@id\":\"https:\\\/\\\/www.mancinileather.com\\\/fr\\\/produit\\\/portefeuillepourhommespourpocheveston#breadcrumb\"},\"inLanguage\":\"fr-FR\",\"potentialAction\":[{\"@type\":\"ReadAction\",\"target\":[\"https:\\\/\\\/www.mancinileather.com\\\/fr\\\/produit\\\/portefeuillepourhommespourpocheveston\"]}]},{\"@type\":\"ImageObject\",\"inLanguage\":\"fr-FR\",\"@id\":\"https:\\\/\\\/www.mancinileather.com\\\/fr\\\/produit\\\/portefeuillepourhommespourpocheveston#primaryimage\",\"url\":\"https:\\\/\\\/www.mancinileather.com\\\/wp-content\\\/uploads\\\/2021\\\/12\\\/products-file_56c76aaf4fb66.jpg\",\"contentUrl\":\"https:\\\/\\\/www.mancinileather.com\\\/wp-content\\\/uploads\\\/2021\\\/12\\\/products-file_56c76aaf4fb66.jpg\",\"width\":1200,\"height\":1600,\"caption\":\"Portefeuille pour hommes pour poche de veston\"},{\"@type\":\"BreadcrumbList\",\"@id\":\"https:\\\/\\\/www.mancinileather.com\\\/fr\\\/produit\\\/portefeuillepourhommespourpocheveston#breadcrumb\",\"itemListElement\":[{\"@type\":\"ListItem\",\"position\":1,\"name\":\"Home\",\"item\":\"https:\\\/\\\/www.mancinileather.com\\\/fr\"},{\"@type\":\"ListItem\",\"position\":2,\"name\":\"Boutique\",\"item\":\"https:\\\/\\\/www.mancinileather.com\\\/fr\\\/boutique\"},{\"@type\":\"ListItem\",\"position\":3,\"name\":\"Portefeuille pour hommes pour poche de veston\"}]},{\"@type\":\"WebSite\",\"@id\":\"https:\\\/\\\/www.mancinileather.com\\\/fr#website\",\"url\":\"https:\\\/\\\/www.mancinileather.com\\\/fr\",\"name\":\"Mancini\",\"description\":\"Online Leather Store and Products\",\"potentialAction\":[{\"@type\":\"SearchAction\",\"target\":{\"@type\":\"EntryPoint\",\"urlTemplate\":\"https:\\\/\\\/www.mancinileather.com\\\/fr?s={search_term_string}\"},\"query-input\":{\"@type\":\"PropertyValueSpecification\",\"valueRequired\":true,\"valueName\":\"search_term_string\"}}],\"inLanguage\":\"fr-FR\"}]}<\/script>\n<!-- \/ Yoast SEO plugin. -->","yoast_head_json":{"title":"Portefeuille pour hommes pour poche de veston","description":"Tendance ultime en mati\u00e8re de cuir plein fleur de qualit\u00e9 sup\u00e9rieure, notre\u00a0collection EQUESTRIAN-2\u00a0pr\u00e9sente une vaste gamme de portefeuilles et d\u2019accessoires personnels pour les hommes des plus minutieux.\u00a0\u00c9quip\u00e9 de la derni\u00e8re technologie de blocage d'ondes RFID\u00a0pour assurer que vos donn\u00e9es et vos cartes sont s\u00e9curitaires. Des couches m\u00e9talliques sp\u00e9ciales int\u00e9gr\u00e9es dans les fentes pour cartes emp\u00eachent la lecture \u00e9lectronique de votre portefeuille.Ce portefeuille\/porte-cartes pourra contenir tous vos documents. Compos\u00e9 de nombreux rangements ses nombreuses pochettes vous permettent de ranger toutes vos cartes de cr\u00e9dit, papiers d'identit\u00e9, billets et re\u00e7us. Ce portefeuille en cuir fin respire l'\u00e9l\u00e9gance classique.","robots":{"index":"index","follow":"follow","max-snippet":"max-snippet:-1","max-image-preview":"max-image-preview:large","max-video-preview":"max-video-preview:-1"},"canonical":"https:\/\/www.mancinileather.com\/fr\/produit\/portefeuillepourhommespourpocheveston","og_locale":"fr_FR","og_type":"article","og_title":"Portefeuille pour hommes pour poche de veston","og_description":"Tendance ultime en mati\u00e8re de cuir plein fleur de qualit\u00e9 sup\u00e9rieure, notre\u00a0collection EQUESTRIAN-2\u00a0pr\u00e9sente une vaste gamme de portefeuilles et d\u2019accessoires personnels pour les hommes des plus minutieux.\u00a0\u00c9quip\u00e9 de la derni\u00e8re technologie de blocage d'ondes RFID\u00a0pour assurer que vos donn\u00e9es et vos cartes sont s\u00e9curitaires. Des couches m\u00e9talliques sp\u00e9ciales int\u00e9gr\u00e9es dans les fentes pour cartes emp\u00eachent la lecture \u00e9lectronique de votre portefeuille.Ce portefeuille\/porte-cartes pourra contenir tous vos documents. Compos\u00e9 de nombreux rangements ses nombreuses pochettes vous permettent de ranger toutes vos cartes de cr\u00e9dit, papiers d'identit\u00e9, billets et re\u00e7us. Ce portefeuille en cuir fin respire l'\u00e9l\u00e9gance classique.","og_url":"https:\/\/www.mancinileather.com\/fr\/produit\/portefeuillepourhommespourpocheveston","og_site_name":"Mancini","article_modified_time":"2025-07-24T06:23:55+00:00","og_image":[{"width":1200,"height":1600,"url":"https:\/\/www.mancinileather.com\/wp-content\/uploads\/2021\/12\/products-file_56c76aaf4fb66.jpg","type":"image\/jpeg"}],"twitter_card":"summary_large_image","twitter_misc":{"Est. reading time":"1 minute"},"schema":{"@context":"https:\/\/schema.org","@graph":[{"@type":"WebPage","@id":"https:\/\/www.mancinileather.com\/fr\/produit\/portefeuillepourhommespourpocheveston","url":"https:\/\/www.mancinileather.com\/fr\/produit\/portefeuillepourhommespourpocheveston","name":"Portefeuille pour hommes pour poche de veston","isPartOf":{"@id":"https:\/\/www.mancinileather.com\/fr#website"},"primaryImageOfPage":{"@id":"https:\/\/www.mancinileather.com\/fr\/produit\/portefeuillepourhommespourpocheveston#primaryimage"},"image":{"@id":"https:\/\/www.mancinileather.com\/fr\/produit\/portefeuillepourhommespourpocheveston#primaryimage"},"thumbnailUrl":"https:\/\/www.mancinileather.com\/wp-content\/uploads\/2021\/12\/products-file_56c76aaf4fb66.jpg","datePublished":"2022-03-29T09:58:18+00:00","dateModified":"2025-07-24T06:23:55+00:00","description":"Tendance ultime en mati\u00e8re de cuir plein fleur de qualit\u00e9 sup\u00e9rieure, notre\u00a0collection EQUESTRIAN-2\u00a0pr\u00e9sente une vaste gamme de portefeuilles et d\u2019accessoires personnels pour les hommes des plus minutieux.\u00a0\u00c9quip\u00e9 de la derni\u00e8re technologie de blocage d'ondes RFID\u00a0pour assurer que vos donn\u00e9es et vos cartes sont s\u00e9curitaires. Des couches m\u00e9talliques sp\u00e9ciales int\u00e9gr\u00e9es dans les fentes pour cartes emp\u00eachent la lecture \u00e9lectronique de votre portefeuille.Ce portefeuille\/porte-cartes pourra contenir tous vos documents. Compos\u00e9 de nombreux rangements ses nombreuses pochettes vous permettent de ranger toutes vos cartes de cr\u00e9dit, papiers d'identit\u00e9, billets et re\u00e7us. Ce portefeuille en cuir fin respire l'\u00e9l\u00e9gance classique.","breadcrumb":{"@id":"https:\/\/www.mancinileather.com\/fr\/produit\/portefeuillepourhommespourpocheveston#breadcrumb"},"inLanguage":"fr-FR","potentialAction":[{"@type":"ReadAction","target":["https:\/\/www.mancinileather.com\/fr\/produit\/portefeuillepourhommespourpocheveston"]}]},{"@type":"ImageObject","inLanguage":"fr-FR","@id":"https:\/\/www.mancinileather.com\/fr\/produit\/portefeuillepourhommespourpocheveston#primaryimage","url":"https:\/\/www.mancinileather.com\/wp-content\/uploads\/2021\/12\/products-file_56c76aaf4fb66.jpg","contentUrl":"https:\/\/www.mancinileather.com\/wp-content\/uploads\/2021\/12\/products-file_56c76aaf4fb66.jpg","width":1200,"height":1600,"caption":"Portefeuille pour hommes pour poche de veston"},{"@type":"BreadcrumbList","@id":"https:\/\/www.mancinileather.com\/fr\/produit\/portefeuillepourhommespourpocheveston#breadcrumb","itemListElement":[{"@type":"ListItem","position":1,"name":"Home","item":"https:\/\/www.mancinileather.com\/fr"},{"@type":"ListItem","position":2,"name":"Boutique","item":"https:\/\/www.mancinileather.com\/fr\/boutique"},{"@type":"ListItem","position":3,"name":"Portefeuille pour hommes pour poche de veston"}]},{"@type":"WebSite","@id":"https:\/\/www.mancinileather.com\/fr#website","url":"https:\/\/www.mancinileather.com\/fr","name":"Mancini","description":"Online Leather Store and Products","potentialAction":[{"@type":"SearchAction","target":{"@type":"EntryPoint","urlTemplate":"https:\/\/www.mancinileather.com\/fr?s={search_term_string}"},"query-input":{"@type":"PropertyValueSpecification","valueRequired":true,"valueName":"search_term_string"}}],"inLanguage":"fr-FR"}]}},"brands":[],"_links":{"self":[{"href":"https:\/\/www.mancinileather.com\/fr\/wp-json\/wp\/v2\/product\/37499","targetHints":{"allow":["GET"]}}],"collection":[{"href":"https:\/\/www.mancinileather.com\/fr\/wp-json\/wp\/v2\/product"}],"about":[{"href":"https:\/\/www.mancinileather.com\/fr\/wp-json\/wp\/v2\/types\/product"}],"replies":[{"embeddable":true,"href":"https:\/\/www.mancinileather.com\/fr\/wp-json\/wp\/v2\/comments?post=37499"}],"wp:featuredmedia":[{"embeddable":true,"href":"https:\/\/www.mancinileather.com\/fr\/wp-json\/wp\/v2\/media\/37501"}],"wp:attachment":[{"href":"https:\/\/www.mancinileather.com\/fr\/wp-json\/wp\/v2\/media?parent=37499"}],"wp:term":[{"taxonomy":"pwb-brand","embeddable":true,"href":"https:\/\/www.mancinileather.com\/fr\/wp-json\/wp\/v2\/pwb-brand?post=37499"},{"taxonomy":"product_brand","embeddable":true,"href":"https:\/\/www.mancinileather.com\/fr\/wp-json\/wp\/v2\/product_brand?post=37499"},{"taxonomy":"product_cat","embeddable":true,"href":"https:\/\/www.mancinileather.com\/fr\/wp-json\/wp\/v2\/product_cat?post=37499"},{"taxonomy":"product_tag","embeddable":true,"href":"https:\/\/www.mancinileather.com\/fr\/wp-json\/wp\/v2\/product_tag?post=37499"}],"curies":[{"name":"wp","href":"https:\/\/api.w.org\/{rel}","templated":true}]}}