{"id":37609,"date":"2022-03-29T09:59:27","date_gmt":"2022-03-29T09:59:27","guid":{"rendered":"https:\/\/mancini.bluehat.hosting\/?post_type=product&#038;p=37609"},"modified":"2025-07-24T02:23:55","modified_gmt":"2025-07-24T06:23:55","slug":"pincebilletluxe","status":"publish","type":"product","link":"https:\/\/www.mancinileather.com\/fr\/produit\/pincebilletluxe","title":{"rendered":"Pince \u00e0 billet de luxe"},"content":{"rendered":"<div class=\"fusion-fullwidth fullwidth-box fusion-builder-row-1 fusion-flex-container nonhundred-percent-fullwidth non-hundred-percent-height-scrolling\" style=\"--awb-border-radius-top-left:0px;--awb-border-radius-top-right:0px;--awb-border-radius-bottom-right:0px;--awb-border-radius-bottom-left:0px;--awb-flex-wrap:wrap;\" ><div class=\"fusion-builder-row fusion-row fusion-flex-align-items-flex-start fusion-flex-content-wrap\" style=\"max-width:1430px;margin-left: calc(-4% \/ 2 );margin-right: calc(-4% \/ 2 );\"><div class=\"fusion-layout-column fusion_builder_column fusion-builder-column-0 fusion_builder_column_1_1 1_1 fusion-flex-column\" style=\"--awb-bg-size:cover;--awb-width-large:100%;--awb-margin-top-large:0px;--awb-spacing-right-large:1.92%;--awb-margin-bottom-large:0px;--awb-spacing-left-large:1.92%;--awb-width-medium:100%;--awb-spacing-right-medium:1.92%;--awb-spacing-left-medium:1.92%;--awb-width-small:100%;--awb-spacing-right-small:1.92%;--awb-spacing-left-small:1.92%;\"><div class=\"fusion-column-wrapper fusion-flex-justify-content-flex-start fusion-content-layout-column\"><div class=\"fusion-text fusion-text-1\"><p>Tendance ultime en mati\u00e8re de cuir plein fleur de qualit\u00e9 sup\u00e9rieure, notre\u00a0collection<strong> EQUESTRIAN-2<\/strong>\u00a0pr\u00e9sente une vaste gamme de portefeuilles et d\u2019accessoires personnels pour les hommes des plus minutieux.<\/p>\n<p>Cette pince \u00e0 billet magn\u00e9tique garde vos billets s\u00e9curis\u00e9 en toute\u00a0simplicit\u00e9.<\/p>\n<\/div><\/div><\/div><\/div><\/div>\n","protected":false},"excerpt":{"rendered":"<p>&nbsp;<\/p>\n<ul>\n<li>Pince \u00e0 billet magn\u00e9tique<\/li>\n<li>Un an de garantie limit\u00e9e\u00a0<strong>MANCINI<\/strong><\/li>\n<\/ul>\n","protected":false},"featured_media":26245,"comment_status":"open","ping_status":"closed","template":"","meta":[],"pwb-brand":[],"product_brand":[],"product_cat":[1495],"product_tag":[],"class_list":{"0":"post-37609","1":"product","2":"type-product","3":"status-publish","4":"has-post-thumbnail","6":"product_cat-pince-billets","7":"pa_collection-equestrian-2-fr-2","8":"pa_color-brun","9":"pa_color-noir-fr","10":"pa_material-cuir-pleine-fleur-fin-fr","12":"first","13":"outofstock","14":"taxable","15":"shipping-taxable","16":"product-type-variable","17":"has-default-attributes"},"yoast_head":"<!-- This site is optimized with the Yoast SEO plugin v25.5 - https:\/\/yoast.com\/wordpress\/plugins\/seo\/ -->\n<title>Pince \u00e0 billet de luxe - Mancini<\/title>\n<meta name=\"description\" content=\"Tendance ultime en mati\u00e8re de cuir plein fleur de qualit\u00e9 sup\u00e9rieure, notre\u00a0collection EQUESTRIAN-2\u00a0pr\u00e9sente une vaste gamme de portefeuilles et d\u2019accessoires personnels pour les hommes des plus minutieux.Cette pince \u00e0 billet magn\u00e9tique garde vos billets s\u00e9curis\u00e9 en toute\u00a0simplicit\u00e9.\" \/>\n<meta name=\"robots\" content=\"index, follow, max-snippet:-1, max-image-preview:large, max-video-preview:-1\" \/>\n<link rel=\"canonical\" href=\"https:\/\/www.mancinileather.com\/fr\/produit\/pincebilletluxe\" \/>\n<meta property=\"og:locale\" content=\"fr_FR\" \/>\n<meta property=\"og:type\" content=\"article\" \/>\n<meta property=\"og:title\" content=\"Pince \u00e0 billet de luxe - Mancini\" \/>\n<meta property=\"og:description\" content=\"Tendance ultime en mati\u00e8re de cuir plein fleur de qualit\u00e9 sup\u00e9rieure, notre\u00a0collection EQUESTRIAN-2\u00a0pr\u00e9sente une vaste gamme de portefeuilles et d\u2019accessoires personnels pour les hommes des plus minutieux.Cette pince \u00e0 billet magn\u00e9tique garde vos billets s\u00e9curis\u00e9 en toute\u00a0simplicit\u00e9.\" \/>\n<meta property=\"og:url\" content=\"https:\/\/www.mancinileather.com\/fr\/produit\/pincebilletluxe\" \/>\n<meta property=\"og:site_name\" content=\"Mancini\" \/>\n<meta property=\"article:modified_time\" content=\"2025-07-24T06:23:55+00:00\" \/>\n<meta property=\"og:image\" content=\"https:\/\/www.mancinileather.com\/wp-content\/uploads\/2021\/12\/products-file_56cc7ed9edcc9-1.jpg\" \/>\n\t<meta property=\"og:image:width\" content=\"1200\" \/>\n\t<meta property=\"og:image:height\" content=\"1600\" \/>\n\t<meta property=\"og:image:type\" content=\"image\/jpeg\" \/>\n<meta name=\"twitter:card\" content=\"summary_large_image\" \/>\n<meta name=\"twitter:label1\" content=\"Est. reading time\" \/>\n\t<meta name=\"twitter:data1\" content=\"1 minute\" \/>\n<script type=\"application\/ld+json\" class=\"yoast-schema-graph\">{\"@context\":\"https:\/\/schema.org\",\"@graph\":[{\"@type\":\"WebPage\",\"@id\":\"https:\/\/www.mancinileather.com\/fr\/produit\/pincebilletluxe\",\"url\":\"https:\/\/www.mancinileather.com\/fr\/produit\/pincebilletluxe\",\"name\":\"Pince \u00e0 billet de luxe - Mancini\",\"isPartOf\":{\"@id\":\"https:\/\/www.mancinileather.com\/fr#website\"},\"primaryImageOfPage\":{\"@id\":\"https:\/\/www.mancinileather.com\/fr\/produit\/pincebilletluxe#primaryimage\"},\"image\":{\"@id\":\"https:\/\/www.mancinileather.com\/fr\/produit\/pincebilletluxe#primaryimage\"},\"thumbnailUrl\":\"https:\/\/www.mancinileather.com\/wp-content\/uploads\/2021\/12\/products-file_56cc7ed9edcc9-1.jpg\",\"datePublished\":\"2022-03-29T09:59:27+00:00\",\"dateModified\":\"2025-07-24T06:23:55+00:00\",\"description\":\"Tendance ultime en mati\u00e8re de cuir plein fleur de qualit\u00e9 sup\u00e9rieure, notre\u00a0collection EQUESTRIAN-2\u00a0pr\u00e9sente une vaste gamme de portefeuilles et d\u2019accessoires personnels pour les hommes des plus minutieux.Cette pince \u00e0 billet magn\u00e9tique garde vos billets s\u00e9curis\u00e9 en toute\u00a0simplicit\u00e9.\",\"breadcrumb\":{\"@id\":\"https:\/\/www.mancinileather.com\/fr\/produit\/pincebilletluxe#breadcrumb\"},\"inLanguage\":\"fr-FR\",\"potentialAction\":[{\"@type\":\"ReadAction\",\"target\":[\"https:\/\/www.mancinileather.com\/fr\/produit\/pincebilletluxe\"]}]},{\"@type\":\"ImageObject\",\"inLanguage\":\"fr-FR\",\"@id\":\"https:\/\/www.mancinileather.com\/fr\/produit\/pincebilletluxe#primaryimage\",\"url\":\"https:\/\/www.mancinileather.com\/wp-content\/uploads\/2021\/12\/products-file_56cc7ed9edcc9-1.jpg\",\"contentUrl\":\"https:\/\/www.mancinileather.com\/wp-content\/uploads\/2021\/12\/products-file_56cc7ed9edcc9-1.jpg\",\"width\":1200,\"height\":1600,\"caption\":\"Bill Clip\"},{\"@type\":\"BreadcrumbList\",\"@id\":\"https:\/\/www.mancinileather.com\/fr\/produit\/pincebilletluxe#breadcrumb\",\"itemListElement\":[{\"@type\":\"ListItem\",\"position\":1,\"name\":\"Home\",\"item\":\"https:\/\/www.mancinileather.com\/fr\"},{\"@type\":\"ListItem\",\"position\":2,\"name\":\"Boutique\",\"item\":\"https:\/\/www.mancinileather.com\/fr\/boutique\"},{\"@type\":\"ListItem\",\"position\":3,\"name\":\"Pince \u00e0 billet de luxe\"}]},{\"@type\":\"WebSite\",\"@id\":\"https:\/\/www.mancinileather.com\/fr#website\",\"url\":\"https:\/\/www.mancinileather.com\/fr\",\"name\":\"Mancini\",\"description\":\"Online Leather Store and Products\",\"potentialAction\":[{\"@type\":\"SearchAction\",\"target\":{\"@type\":\"EntryPoint\",\"urlTemplate\":\"https:\/\/www.mancinileather.com\/fr?s={search_term_string}\"},\"query-input\":{\"@type\":\"PropertyValueSpecification\",\"valueRequired\":true,\"valueName\":\"search_term_string\"}}],\"inLanguage\":\"fr-FR\"}]}<\/script>\n<!-- \/ Yoast SEO plugin. -->","yoast_head_json":{"title":"Pince \u00e0 billet de luxe - Mancini","description":"Tendance ultime en mati\u00e8re de cuir plein fleur de qualit\u00e9 sup\u00e9rieure, notre\u00a0collection EQUESTRIAN-2\u00a0pr\u00e9sente une vaste gamme de portefeuilles et d\u2019accessoires personnels pour les hommes des plus minutieux.Cette pince \u00e0 billet magn\u00e9tique garde vos billets s\u00e9curis\u00e9 en toute\u00a0simplicit\u00e9.","robots":{"index":"index","follow":"follow","max-snippet":"max-snippet:-1","max-image-preview":"max-image-preview:large","max-video-preview":"max-video-preview:-1"},"canonical":"https:\/\/www.mancinileather.com\/fr\/produit\/pincebilletluxe","og_locale":"fr_FR","og_type":"article","og_title":"Pince \u00e0 billet de luxe - Mancini","og_description":"Tendance ultime en mati\u00e8re de cuir plein fleur de qualit\u00e9 sup\u00e9rieure, notre\u00a0collection EQUESTRIAN-2\u00a0pr\u00e9sente une vaste gamme de portefeuilles et d\u2019accessoires personnels pour les hommes des plus minutieux.Cette pince \u00e0 billet magn\u00e9tique garde vos billets s\u00e9curis\u00e9 en toute\u00a0simplicit\u00e9.","og_url":"https:\/\/www.mancinileather.com\/fr\/produit\/pincebilletluxe","og_site_name":"Mancini","article_modified_time":"2025-07-24T06:23:55+00:00","og_image":[{"width":1200,"height":1600,"url":"https:\/\/www.mancinileather.com\/wp-content\/uploads\/2021\/12\/products-file_56cc7ed9edcc9-1.jpg","type":"image\/jpeg"}],"twitter_card":"summary_large_image","twitter_misc":{"Est. reading time":"1 minute"},"schema":{"@context":"https:\/\/schema.org","@graph":[{"@type":"WebPage","@id":"https:\/\/www.mancinileather.com\/fr\/produit\/pincebilletluxe","url":"https:\/\/www.mancinileather.com\/fr\/produit\/pincebilletluxe","name":"Pince \u00e0 billet de luxe - Mancini","isPartOf":{"@id":"https:\/\/www.mancinileather.com\/fr#website"},"primaryImageOfPage":{"@id":"https:\/\/www.mancinileather.com\/fr\/produit\/pincebilletluxe#primaryimage"},"image":{"@id":"https:\/\/www.mancinileather.com\/fr\/produit\/pincebilletluxe#primaryimage"},"thumbnailUrl":"https:\/\/www.mancinileather.com\/wp-content\/uploads\/2021\/12\/products-file_56cc7ed9edcc9-1.jpg","datePublished":"2022-03-29T09:59:27+00:00","dateModified":"2025-07-24T06:23:55+00:00","description":"Tendance ultime en mati\u00e8re de cuir plein fleur de qualit\u00e9 sup\u00e9rieure, notre\u00a0collection EQUESTRIAN-2\u00a0pr\u00e9sente une vaste gamme de portefeuilles et d\u2019accessoires personnels pour les hommes des plus minutieux.Cette pince \u00e0 billet magn\u00e9tique garde vos billets s\u00e9curis\u00e9 en toute\u00a0simplicit\u00e9.","breadcrumb":{"@id":"https:\/\/www.mancinileather.com\/fr\/produit\/pincebilletluxe#breadcrumb"},"inLanguage":"fr-FR","potentialAction":[{"@type":"ReadAction","target":["https:\/\/www.mancinileather.com\/fr\/produit\/pincebilletluxe"]}]},{"@type":"ImageObject","inLanguage":"fr-FR","@id":"https:\/\/www.mancinileather.com\/fr\/produit\/pincebilletluxe#primaryimage","url":"https:\/\/www.mancinileather.com\/wp-content\/uploads\/2021\/12\/products-file_56cc7ed9edcc9-1.jpg","contentUrl":"https:\/\/www.mancinileather.com\/wp-content\/uploads\/2021\/12\/products-file_56cc7ed9edcc9-1.jpg","width":1200,"height":1600,"caption":"Bill Clip"},{"@type":"BreadcrumbList","@id":"https:\/\/www.mancinileather.com\/fr\/produit\/pincebilletluxe#breadcrumb","itemListElement":[{"@type":"ListItem","position":1,"name":"Home","item":"https:\/\/www.mancinileather.com\/fr"},{"@type":"ListItem","position":2,"name":"Boutique","item":"https:\/\/www.mancinileather.com\/fr\/boutique"},{"@type":"ListItem","position":3,"name":"Pince \u00e0 billet de luxe"}]},{"@type":"WebSite","@id":"https:\/\/www.mancinileather.com\/fr#website","url":"https:\/\/www.mancinileather.com\/fr","name":"Mancini","description":"Online Leather Store and Products","potentialAction":[{"@type":"SearchAction","target":{"@type":"EntryPoint","urlTemplate":"https:\/\/www.mancinileather.com\/fr?s={search_term_string}"},"query-input":{"@type":"PropertyValueSpecification","valueRequired":true,"valueName":"search_term_string"}}],"inLanguage":"fr-FR"}]}},"brands":[],"_links":{"self":[{"href":"https:\/\/www.mancinileather.com\/fr\/wp-json\/wp\/v2\/product\/37609","targetHints":{"allow":["GET"]}}],"collection":[{"href":"https:\/\/www.mancinileather.com\/fr\/wp-json\/wp\/v2\/product"}],"about":[{"href":"https:\/\/www.mancinileather.com\/fr\/wp-json\/wp\/v2\/types\/product"}],"replies":[{"embeddable":true,"href":"https:\/\/www.mancinileather.com\/fr\/wp-json\/wp\/v2\/comments?post=37609"}],"wp:featuredmedia":[{"embeddable":true,"href":"https:\/\/www.mancinileather.com\/fr\/wp-json\/wp\/v2\/media\/26245"}],"wp:attachment":[{"href":"https:\/\/www.mancinileather.com\/fr\/wp-json\/wp\/v2\/media?parent=37609"}],"wp:term":[{"taxonomy":"pwb-brand","embeddable":true,"href":"https:\/\/www.mancinileather.com\/fr\/wp-json\/wp\/v2\/pwb-brand?post=37609"},{"taxonomy":"product_brand","embeddable":true,"href":"https:\/\/www.mancinileather.com\/fr\/wp-json\/wp\/v2\/product_brand?post=37609"},{"taxonomy":"product_cat","embeddable":true,"href":"https:\/\/www.mancinileather.com\/fr\/wp-json\/wp\/v2\/product_cat?post=37609"},{"taxonomy":"product_tag","embeddable":true,"href":"https:\/\/www.mancinileather.com\/fr\/wp-json\/wp\/v2\/product_tag?post=37609"}],"curies":[{"name":"wp","href":"https:\/\/api.w.org\/{rel}","templated":true}]}}