{"id":37745,"date":"2022-03-29T10:00:49","date_gmt":"2022-03-29T10:00:49","guid":{"rendered":"https:\/\/mancini.bluehat.hosting\/?post_type=product&#038;p=37745"},"modified":"2025-07-24T02:23:54","modified_gmt":"2025-07-24T06:23:54","slug":"portefeuille-rfid-hommes-classique","status":"publish","type":"product","link":"https:\/\/www.mancinileather.com\/fr\/produit\/portefeuille-rfid-hommes-classique","title":{"rendered":"Portefeuille RFID pour hommes classique"},"content":{"rendered":"<p>Tendance ultime en mati\u00e8re de cuir plein fleur de qualit\u00e9 sup\u00e9rieure, notre collection <strong>EQUESTRIAN-2<\/strong> pr\u00e9sente une vaste gamme de portefeuilles et d\u2019accessoires personnels pour les hommes des plus minutieux. \u00c9quip\u00e9 de la derni\u00e8re technologie de blocage d&#8217;ondes RFID pour assurer que vos donn\u00e9es et vos cartes sont s\u00e9curitaires. Des couches m\u00e9talliques sp\u00e9ciales int\u00e9gr\u00e9es dans les fentes pour cartes emp\u00eachent la lecture \u00e9lectronique de votre portefeuille.<\/p>\n<p>&nbsp;<\/p>\n<p>Ce portefeuille classique est \u00e9quip\u00e9 de plusieurs fentes pour cartes de cr\u00e9dit et deux sections pour billets. Ce portefeuille en cuir fin respire l&#8217;\u00e9l\u00e9gance classique.<\/p>\n","protected":false},"excerpt":{"rendered":"<p>&nbsp;<\/p>\n<ul>\n<li><span style=\"font-size: 1em;\">Equip\u00e9 de la derni\u00e8re technologie de blocage d&#8217;ondes RFID<\/span><\/li>\n<li><span style=\"font-size: 1em;\">8 fentes pour cartes de cr\u00e9dit<\/span><\/li>\n<li><span style=\"font-size: 1em;\">Section divis\u00e9e pour billets<\/span><\/li>\n<li><span style=\"font-size: 1em;\">Joliment emball\u00e9 dans un coffret cadeau \u00e9l\u00e9gant<\/span><\/li>\n<li><span style=\"font-size: 1em;\">Un an de garantie limit\u00e9e <\/span><strong style=\"font-size: 1em;\">MANCINI<\/strong><\/li>\n<\/ul>\n","protected":false},"featured_media":26387,"comment_status":"open","ping_status":"closed","template":"","meta":[],"pwb-brand":[],"product_brand":[],"product_cat":[1638,1457],"product_tag":[],"class_list":{"0":"post-37745","1":"product","2":"type-product","3":"status-publish","4":"has-post-thumbnail","6":"product_cat-hommes","7":"product_cat-portefeuilles-en-cuir-homme","8":"pa_collection-equestrian-2-fr-2","9":"pa_color-brun","10":"pa_color-noir-fr","11":"pa_material-cuir-pleine-fleur-fin-fr","13":"first","14":"outofstock","15":"taxable","16":"shipping-taxable","17":"purchasable","18":"product-type-variable","19":"has-default-attributes"},"yoast_head":"<!-- This site is optimized with the Yoast SEO plugin v27.4 - https:\/\/yoast.com\/product\/yoast-seo-wordpress\/ -->\n<title>Portefeuille RFID pour hommes classique<\/title>\n<meta name=\"description\" content=\"Tendance ultime en mati\u00e8re de cuir plein fleur de qualit\u00e9 sup\u00e9rieure, notre collection EQUESTRIAN-2 pr\u00e9sente une vaste gamme de portefeuilles et d\u2019accessoires personnels pour les hommes des plus minutieux. \u00c9quip\u00e9 de la derni\u00e8re technologie de blocage d&#039;ondes RFID pour assurer que vos donn\u00e9es et vos cartes sont s\u00e9curitaires. Des couches m\u00e9talliques sp\u00e9ciales int\u00e9gr\u00e9es dans les fentes pour cartes emp\u00eachent la lecture \u00e9lectronique de votre portefeuille.Ce portefeuille classique est \u00e9quip\u00e9 de plusieurs fentes pour cartes de cr\u00e9dit et deux sections pour billets. Ce portefeuille en cuir fin respire l&#039;\u00e9l\u00e9gance classique.\" \/>\n<meta name=\"robots\" content=\"index, follow, max-snippet:-1, max-image-preview:large, max-video-preview:-1\" \/>\n<link rel=\"canonical\" href=\"https:\/\/www.mancinileather.com\/fr\/produit\/portefeuille-rfid-hommes-classique\" \/>\n<meta property=\"og:locale\" content=\"fr_FR\" \/>\n<meta property=\"og:type\" content=\"article\" \/>\n<meta property=\"og:title\" content=\"Portefeuille RFID pour hommes classique\" \/>\n<meta property=\"og:description\" content=\"Tendance ultime en mati\u00e8re de cuir plein fleur de qualit\u00e9 sup\u00e9rieure, notre collection EQUESTRIAN-2 pr\u00e9sente une vaste gamme de portefeuilles et d\u2019accessoires personnels pour les hommes des plus minutieux. \u00c9quip\u00e9 de la derni\u00e8re technologie de blocage d&#039;ondes RFID pour assurer que vos donn\u00e9es et vos cartes sont s\u00e9curitaires. Des couches m\u00e9talliques sp\u00e9ciales int\u00e9gr\u00e9es dans les fentes pour cartes emp\u00eachent la lecture \u00e9lectronique de votre portefeuille.Ce portefeuille classique est \u00e9quip\u00e9 de plusieurs fentes pour cartes de cr\u00e9dit et deux sections pour billets. Ce portefeuille en cuir fin respire l&#039;\u00e9l\u00e9gance classique.\" \/>\n<meta property=\"og:url\" content=\"https:\/\/www.mancinileather.com\/fr\/produit\/portefeuille-rfid-hommes-classique\" \/>\n<meta property=\"og:site_name\" content=\"Mancini\" \/>\n<meta property=\"article:modified_time\" content=\"2025-07-24T06:23:54+00:00\" \/>\n<meta property=\"og:image\" content=\"https:\/\/www.mancinileather.com\/wp-content\/uploads\/2021\/12\/products-file_5bd1e9cda6b31-1.jpg\" \/>\n\t<meta property=\"og:image:width\" content=\"1100\" \/>\n\t<meta property=\"og:image:height\" content=\"961\" \/>\n\t<meta property=\"og:image:type\" content=\"image\/jpeg\" \/>\n<meta name=\"twitter:card\" content=\"summary_large_image\" \/>\n<meta name=\"twitter:label1\" content=\"Est. reading time\" \/>\n\t<meta name=\"twitter:data1\" content=\"1 minute\" \/>\n<script type=\"application\/ld+json\" class=\"yoast-schema-graph\">{\"@context\":\"https:\\\/\\\/schema.org\",\"@graph\":[{\"@type\":\"WebPage\",\"@id\":\"https:\\\/\\\/www.mancinileather.com\\\/fr\\\/produit\\\/portefeuille-rfid-hommes-classique\",\"url\":\"https:\\\/\\\/www.mancinileather.com\\\/fr\\\/produit\\\/portefeuille-rfid-hommes-classique\",\"name\":\"Portefeuille RFID pour hommes classique\",\"isPartOf\":{\"@id\":\"https:\\\/\\\/www.mancinileather.com\\\/fr#website\"},\"primaryImageOfPage\":{\"@id\":\"https:\\\/\\\/www.mancinileather.com\\\/fr\\\/produit\\\/portefeuille-rfid-hommes-classique#primaryimage\"},\"image\":{\"@id\":\"https:\\\/\\\/www.mancinileather.com\\\/fr\\\/produit\\\/portefeuille-rfid-hommes-classique#primaryimage\"},\"thumbnailUrl\":\"https:\\\/\\\/www.mancinileather.com\\\/wp-content\\\/uploads\\\/2021\\\/12\\\/products-file_5bd1e9cda6b31-1.jpg\",\"datePublished\":\"2022-03-29T10:00:49+00:00\",\"dateModified\":\"2025-07-24T06:23:54+00:00\",\"description\":\"Tendance ultime en mati\u00e8re de cuir plein fleur de qualit\u00e9 sup\u00e9rieure, notre collection EQUESTRIAN-2 pr\u00e9sente une vaste gamme de portefeuilles et d\u2019accessoires personnels pour les hommes des plus minutieux. \u00c9quip\u00e9 de la derni\u00e8re technologie de blocage d'ondes RFID pour assurer que vos donn\u00e9es et vos cartes sont s\u00e9curitaires. Des couches m\u00e9talliques sp\u00e9ciales int\u00e9gr\u00e9es dans les fentes pour cartes emp\u00eachent la lecture \u00e9lectronique de votre portefeuille.Ce portefeuille classique est \u00e9quip\u00e9 de plusieurs fentes pour cartes de cr\u00e9dit et deux sections pour billets. Ce portefeuille en cuir fin respire l'\u00e9l\u00e9gance classique.\",\"breadcrumb\":{\"@id\":\"https:\\\/\\\/www.mancinileather.com\\\/fr\\\/produit\\\/portefeuille-rfid-hommes-classique#breadcrumb\"},\"inLanguage\":\"fr-FR\",\"potentialAction\":[{\"@type\":\"ReadAction\",\"target\":[\"https:\\\/\\\/www.mancinileather.com\\\/fr\\\/produit\\\/portefeuille-rfid-hommes-classique\"]}]},{\"@type\":\"ImageObject\",\"inLanguage\":\"fr-FR\",\"@id\":\"https:\\\/\\\/www.mancinileather.com\\\/fr\\\/produit\\\/portefeuille-rfid-hommes-classique#primaryimage\",\"url\":\"https:\\\/\\\/www.mancinileather.com\\\/wp-content\\\/uploads\\\/2021\\\/12\\\/products-file_5bd1e9cda6b31-1.jpg\",\"contentUrl\":\"https:\\\/\\\/www.mancinileather.com\\\/wp-content\\\/uploads\\\/2021\\\/12\\\/products-file_5bd1e9cda6b31-1.jpg\",\"width\":1100,\"height\":961,\"caption\":\"Men\u2019s RFID Secure Classic Billfold Wallet\"},{\"@type\":\"BreadcrumbList\",\"@id\":\"https:\\\/\\\/www.mancinileather.com\\\/fr\\\/produit\\\/portefeuille-rfid-hommes-classique#breadcrumb\",\"itemListElement\":[{\"@type\":\"ListItem\",\"position\":1,\"name\":\"Home\",\"item\":\"https:\\\/\\\/www.mancinileather.com\\\/fr\"},{\"@type\":\"ListItem\",\"position\":2,\"name\":\"Boutique\",\"item\":\"https:\\\/\\\/www.mancinileather.com\\\/fr\\\/boutique\"},{\"@type\":\"ListItem\",\"position\":3,\"name\":\"Portefeuille RFID pour hommes classique\"}]},{\"@type\":\"WebSite\",\"@id\":\"https:\\\/\\\/www.mancinileather.com\\\/fr#website\",\"url\":\"https:\\\/\\\/www.mancinileather.com\\\/fr\",\"name\":\"Mancini\",\"description\":\"Online Leather Store and Products\",\"potentialAction\":[{\"@type\":\"SearchAction\",\"target\":{\"@type\":\"EntryPoint\",\"urlTemplate\":\"https:\\\/\\\/www.mancinileather.com\\\/fr?s={search_term_string}\"},\"query-input\":{\"@type\":\"PropertyValueSpecification\",\"valueRequired\":true,\"valueName\":\"search_term_string\"}}],\"inLanguage\":\"fr-FR\"}]}<\/script>\n<!-- \/ Yoast SEO plugin. -->","yoast_head_json":{"title":"Portefeuille RFID pour hommes classique","description":"Tendance ultime en mati\u00e8re de cuir plein fleur de qualit\u00e9 sup\u00e9rieure, notre collection EQUESTRIAN-2 pr\u00e9sente une vaste gamme de portefeuilles et d\u2019accessoires personnels pour les hommes des plus minutieux. \u00c9quip\u00e9 de la derni\u00e8re technologie de blocage d'ondes RFID pour assurer que vos donn\u00e9es et vos cartes sont s\u00e9curitaires. Des couches m\u00e9talliques sp\u00e9ciales int\u00e9gr\u00e9es dans les fentes pour cartes emp\u00eachent la lecture \u00e9lectronique de votre portefeuille.Ce portefeuille classique est \u00e9quip\u00e9 de plusieurs fentes pour cartes de cr\u00e9dit et deux sections pour billets. Ce portefeuille en cuir fin respire l'\u00e9l\u00e9gance classique.","robots":{"index":"index","follow":"follow","max-snippet":"max-snippet:-1","max-image-preview":"max-image-preview:large","max-video-preview":"max-video-preview:-1"},"canonical":"https:\/\/www.mancinileather.com\/fr\/produit\/portefeuille-rfid-hommes-classique","og_locale":"fr_FR","og_type":"article","og_title":"Portefeuille RFID pour hommes classique","og_description":"Tendance ultime en mati\u00e8re de cuir plein fleur de qualit\u00e9 sup\u00e9rieure, notre collection EQUESTRIAN-2 pr\u00e9sente une vaste gamme de portefeuilles et d\u2019accessoires personnels pour les hommes des plus minutieux. \u00c9quip\u00e9 de la derni\u00e8re technologie de blocage d'ondes RFID pour assurer que vos donn\u00e9es et vos cartes sont s\u00e9curitaires. Des couches m\u00e9talliques sp\u00e9ciales int\u00e9gr\u00e9es dans les fentes pour cartes emp\u00eachent la lecture \u00e9lectronique de votre portefeuille.Ce portefeuille classique est \u00e9quip\u00e9 de plusieurs fentes pour cartes de cr\u00e9dit et deux sections pour billets. Ce portefeuille en cuir fin respire l'\u00e9l\u00e9gance classique.","og_url":"https:\/\/www.mancinileather.com\/fr\/produit\/portefeuille-rfid-hommes-classique","og_site_name":"Mancini","article_modified_time":"2025-07-24T06:23:54+00:00","og_image":[{"width":1100,"height":961,"url":"https:\/\/www.mancinileather.com\/wp-content\/uploads\/2021\/12\/products-file_5bd1e9cda6b31-1.jpg","type":"image\/jpeg"}],"twitter_card":"summary_large_image","twitter_misc":{"Est. reading time":"1 minute"},"schema":{"@context":"https:\/\/schema.org","@graph":[{"@type":"WebPage","@id":"https:\/\/www.mancinileather.com\/fr\/produit\/portefeuille-rfid-hommes-classique","url":"https:\/\/www.mancinileather.com\/fr\/produit\/portefeuille-rfid-hommes-classique","name":"Portefeuille RFID pour hommes classique","isPartOf":{"@id":"https:\/\/www.mancinileather.com\/fr#website"},"primaryImageOfPage":{"@id":"https:\/\/www.mancinileather.com\/fr\/produit\/portefeuille-rfid-hommes-classique#primaryimage"},"image":{"@id":"https:\/\/www.mancinileather.com\/fr\/produit\/portefeuille-rfid-hommes-classique#primaryimage"},"thumbnailUrl":"https:\/\/www.mancinileather.com\/wp-content\/uploads\/2021\/12\/products-file_5bd1e9cda6b31-1.jpg","datePublished":"2022-03-29T10:00:49+00:00","dateModified":"2025-07-24T06:23:54+00:00","description":"Tendance ultime en mati\u00e8re de cuir plein fleur de qualit\u00e9 sup\u00e9rieure, notre collection EQUESTRIAN-2 pr\u00e9sente une vaste gamme de portefeuilles et d\u2019accessoires personnels pour les hommes des plus minutieux. \u00c9quip\u00e9 de la derni\u00e8re technologie de blocage d'ondes RFID pour assurer que vos donn\u00e9es et vos cartes sont s\u00e9curitaires. Des couches m\u00e9talliques sp\u00e9ciales int\u00e9gr\u00e9es dans les fentes pour cartes emp\u00eachent la lecture \u00e9lectronique de votre portefeuille.Ce portefeuille classique est \u00e9quip\u00e9 de plusieurs fentes pour cartes de cr\u00e9dit et deux sections pour billets. Ce portefeuille en cuir fin respire l'\u00e9l\u00e9gance classique.","breadcrumb":{"@id":"https:\/\/www.mancinileather.com\/fr\/produit\/portefeuille-rfid-hommes-classique#breadcrumb"},"inLanguage":"fr-FR","potentialAction":[{"@type":"ReadAction","target":["https:\/\/www.mancinileather.com\/fr\/produit\/portefeuille-rfid-hommes-classique"]}]},{"@type":"ImageObject","inLanguage":"fr-FR","@id":"https:\/\/www.mancinileather.com\/fr\/produit\/portefeuille-rfid-hommes-classique#primaryimage","url":"https:\/\/www.mancinileather.com\/wp-content\/uploads\/2021\/12\/products-file_5bd1e9cda6b31-1.jpg","contentUrl":"https:\/\/www.mancinileather.com\/wp-content\/uploads\/2021\/12\/products-file_5bd1e9cda6b31-1.jpg","width":1100,"height":961,"caption":"Men\u2019s RFID Secure Classic Billfold Wallet"},{"@type":"BreadcrumbList","@id":"https:\/\/www.mancinileather.com\/fr\/produit\/portefeuille-rfid-hommes-classique#breadcrumb","itemListElement":[{"@type":"ListItem","position":1,"name":"Home","item":"https:\/\/www.mancinileather.com\/fr"},{"@type":"ListItem","position":2,"name":"Boutique","item":"https:\/\/www.mancinileather.com\/fr\/boutique"},{"@type":"ListItem","position":3,"name":"Portefeuille RFID pour hommes classique"}]},{"@type":"WebSite","@id":"https:\/\/www.mancinileather.com\/fr#website","url":"https:\/\/www.mancinileather.com\/fr","name":"Mancini","description":"Online Leather Store and Products","potentialAction":[{"@type":"SearchAction","target":{"@type":"EntryPoint","urlTemplate":"https:\/\/www.mancinileather.com\/fr?s={search_term_string}"},"query-input":{"@type":"PropertyValueSpecification","valueRequired":true,"valueName":"search_term_string"}}],"inLanguage":"fr-FR"}]}},"brands":[],"_links":{"self":[{"href":"https:\/\/www.mancinileather.com\/fr\/wp-json\/wp\/v2\/product\/37745","targetHints":{"allow":["GET"]}}],"collection":[{"href":"https:\/\/www.mancinileather.com\/fr\/wp-json\/wp\/v2\/product"}],"about":[{"href":"https:\/\/www.mancinileather.com\/fr\/wp-json\/wp\/v2\/types\/product"}],"replies":[{"embeddable":true,"href":"https:\/\/www.mancinileather.com\/fr\/wp-json\/wp\/v2\/comments?post=37745"}],"wp:featuredmedia":[{"embeddable":true,"href":"https:\/\/www.mancinileather.com\/fr\/wp-json\/wp\/v2\/media\/26387"}],"wp:attachment":[{"href":"https:\/\/www.mancinileather.com\/fr\/wp-json\/wp\/v2\/media?parent=37745"}],"wp:term":[{"taxonomy":"pwb-brand","embeddable":true,"href":"https:\/\/www.mancinileather.com\/fr\/wp-json\/wp\/v2\/pwb-brand?post=37745"},{"taxonomy":"product_brand","embeddable":true,"href":"https:\/\/www.mancinileather.com\/fr\/wp-json\/wp\/v2\/product_brand?post=37745"},{"taxonomy":"product_cat","embeddable":true,"href":"https:\/\/www.mancinileather.com\/fr\/wp-json\/wp\/v2\/product_cat?post=37745"},{"taxonomy":"product_tag","embeddable":true,"href":"https:\/\/www.mancinileather.com\/fr\/wp-json\/wp\/v2\/product_tag?post=37745"}],"curies":[{"name":"wp","href":"https:\/\/api.w.org\/{rel}","templated":true}]}}