{"id":38429,"date":"2022-03-29T10:07:31","date_gmt":"2022-03-29T10:07:31","guid":{"rendered":"https:\/\/mancini.bluehat.hosting\/?post_type=product&#038;p=38429"},"modified":"2025-07-24T02:23:54","modified_gmt":"2025-07-24T06:23:54","slug":"porte-clefs-trois-volets-avec-porte-clefs-detachable-mancinileather","status":"publish","type":"product","link":"https:\/\/www.mancinileather.com\/fr\/produit\/porte-clefs-trois-volets-avec-porte-clefs-detachable-mancinileather","title":{"rendered":"Porte-clefs \u00e0 trois volets avec porte-clefs d\u00e9tachable"},"content":{"rendered":"<p>Tendance ultime en mati\u00e8re de cuir plein fleur de qualit\u00e9 sup\u00e9rieure, notre\u00a0collection<strong> EQUESTRIAN-2<\/strong>\u00a0pr\u00e9sente une vaste gamme de portefeuilles et d\u2019accessoires personnels pour les hommes des plus minutieux.<\/p>\n<p>&nbsp;<\/p>\n<p>Ce porte-clefs est dot\u00e9 d&#8217;un porte-clefs d\u00e9tachable ainsi que deux fentes pratiques. Le tout est s\u00e9curis\u00e9 par un rabat avec deux boutons pression. Cet accessoire en cuir fin respire l&#8217;\u00e9l\u00e9gance classique.<\/p>\n","protected":false},"excerpt":{"rendered":"<p>&nbsp;<\/p>\n<ul>\n<li>Rabat avec deux boutons pression<\/li>\n<li>Un porte-clefs d\u00e9tachable<\/li>\n<li>Six porte-clefs<\/li>\n<li>Deux fentes pratiques<\/li>\n<li>Un an de garantie limit\u00e9e\u00a0<strong>MANCINI<\/strong><\/li>\n<\/ul>\n","protected":false},"featured_media":27064,"comment_status":"open","ping_status":"closed","template":"","meta":[],"pwb-brand":[],"product_brand":[],"product_cat":[1491],"product_tag":[],"class_list":{"0":"post-38429","1":"product","2":"type-product","3":"status-publish","4":"has-post-thumbnail","6":"product_cat-porte-clefs-en-cuir","7":"pa_collection-equestrian-2-fr-2","8":"pa_color-noir-fr","9":"pa_material-cuir-pleine-fleur-fin-fr","11":"first","12":"outofstock","13":"taxable","14":"shipping-taxable","15":"product-type-variable","16":"has-default-attributes"},"yoast_head":"<!-- This site is optimized with the Yoast SEO plugin v25.5 - https:\/\/yoast.com\/wordpress\/plugins\/seo\/ -->\n<title>Porte-clefs \u00e0 trois volets avec porte-clefs d\u00e9tachable<\/title>\n<meta name=\"description\" content=\"Tendance ultime en mati\u00e8re de cuir plein fleur de qualit\u00e9 sup\u00e9rieure, notre\u00a0collection EQUESTRIAN-2\u00a0pr\u00e9sente une vaste gamme de portefeuilles et d\u2019accessoires personnels pour les hommes des plus minutieux.\u00a0Ce porte-clefs est dot\u00e9 d&#039;un porte-clefs d\u00e9tachable ainsi que deux fentes pratiques. Le tout est s\u00e9curis\u00e9 par un rabat avec deux boutons pression. Cet accessoire en cuir fin respire l&#039;\u00e9l\u00e9gance classique.\" \/>\n<meta name=\"robots\" content=\"index, follow, max-snippet:-1, max-image-preview:large, max-video-preview:-1\" \/>\n<link rel=\"canonical\" href=\"https:\/\/www.mancinileather.com\/fr\/produit\/porte-clefs-trois-volets-avec-porte-clefs-detachable-mancinileather\" \/>\n<meta property=\"og:locale\" content=\"fr_FR\" \/>\n<meta property=\"og:type\" content=\"article\" \/>\n<meta property=\"og:title\" content=\"Porte-clefs \u00e0 trois volets avec porte-clefs d\u00e9tachable\" \/>\n<meta property=\"og:description\" content=\"Tendance ultime en mati\u00e8re de cuir plein fleur de qualit\u00e9 sup\u00e9rieure, notre\u00a0collection EQUESTRIAN-2\u00a0pr\u00e9sente une vaste gamme de portefeuilles et d\u2019accessoires personnels pour les hommes des plus minutieux.\u00a0Ce porte-clefs est dot\u00e9 d&#039;un porte-clefs d\u00e9tachable ainsi que deux fentes pratiques. Le tout est s\u00e9curis\u00e9 par un rabat avec deux boutons pression. Cet accessoire en cuir fin respire l&#039;\u00e9l\u00e9gance classique.\" \/>\n<meta property=\"og:url\" content=\"https:\/\/www.mancinileather.com\/fr\/produit\/porte-clefs-trois-volets-avec-porte-clefs-detachable-mancinileather\" \/>\n<meta property=\"og:site_name\" content=\"Mancini\" \/>\n<meta property=\"article:modified_time\" content=\"2025-07-24T06:23:54+00:00\" \/>\n<meta property=\"og:image\" content=\"https:\/\/www.mancinileather.com\/wp-content\/uploads\/2021\/12\/products-file_56df1681a353f-1.jpg\" \/>\n\t<meta property=\"og:image:width\" content=\"1200\" \/>\n\t<meta property=\"og:image:height\" content=\"1600\" \/>\n\t<meta property=\"og:image:type\" content=\"image\/jpeg\" \/>\n<meta name=\"twitter:card\" content=\"summary_large_image\" \/>\n<meta name=\"twitter:label1\" content=\"Est. reading time\" \/>\n\t<meta name=\"twitter:data1\" content=\"1 minute\" \/>\n<script type=\"application\/ld+json\" class=\"yoast-schema-graph\">{\"@context\":\"https:\/\/schema.org\",\"@graph\":[{\"@type\":\"WebPage\",\"@id\":\"https:\/\/www.mancinileather.com\/fr\/produit\/porte-clefs-trois-volets-avec-porte-clefs-detachable-mancinileather\",\"url\":\"https:\/\/www.mancinileather.com\/fr\/produit\/porte-clefs-trois-volets-avec-porte-clefs-detachable-mancinileather\",\"name\":\"Porte-clefs \u00e0 trois volets avec porte-clefs d\u00e9tachable\",\"isPartOf\":{\"@id\":\"https:\/\/www.mancinileather.com\/fr#website\"},\"primaryImageOfPage\":{\"@id\":\"https:\/\/www.mancinileather.com\/fr\/produit\/porte-clefs-trois-volets-avec-porte-clefs-detachable-mancinileather#primaryimage\"},\"image\":{\"@id\":\"https:\/\/www.mancinileather.com\/fr\/produit\/porte-clefs-trois-volets-avec-porte-clefs-detachable-mancinileather#primaryimage\"},\"thumbnailUrl\":\"https:\/\/www.mancinileather.com\/wp-content\/uploads\/2021\/12\/products-file_56df1681a353f-1.jpg\",\"datePublished\":\"2022-03-29T10:07:31+00:00\",\"dateModified\":\"2025-07-24T06:23:54+00:00\",\"description\":\"Tendance ultime en mati\u00e8re de cuir plein fleur de qualit\u00e9 sup\u00e9rieure, notre\u00a0collection EQUESTRIAN-2\u00a0pr\u00e9sente une vaste gamme de portefeuilles et d\u2019accessoires personnels pour les hommes des plus minutieux.\u00a0Ce porte-clefs est dot\u00e9 d'un porte-clefs d\u00e9tachable ainsi que deux fentes pratiques. Le tout est s\u00e9curis\u00e9 par un rabat avec deux boutons pression. Cet accessoire en cuir fin respire l'\u00e9l\u00e9gance classique.\",\"breadcrumb\":{\"@id\":\"https:\/\/www.mancinileather.com\/fr\/produit\/porte-clefs-trois-volets-avec-porte-clefs-detachable-mancinileather#breadcrumb\"},\"inLanguage\":\"fr-FR\",\"potentialAction\":[{\"@type\":\"ReadAction\",\"target\":[\"https:\/\/www.mancinileather.com\/fr\/produit\/porte-clefs-trois-volets-avec-porte-clefs-detachable-mancinileather\"]}]},{\"@type\":\"ImageObject\",\"inLanguage\":\"fr-FR\",\"@id\":\"https:\/\/www.mancinileather.com\/fr\/produit\/porte-clefs-trois-volets-avec-porte-clefs-detachable-mancinileather#primaryimage\",\"url\":\"https:\/\/www.mancinileather.com\/wp-content\/uploads\/2021\/12\/products-file_56df1681a353f-1.jpg\",\"contentUrl\":\"https:\/\/www.mancinileather.com\/wp-content\/uploads\/2021\/12\/products-file_56df1681a353f-1.jpg\",\"width\":1200,\"height\":1600,\"caption\":\"Trifold Key Case with Detachable Key Fob\"},{\"@type\":\"BreadcrumbList\",\"@id\":\"https:\/\/www.mancinileather.com\/fr\/produit\/porte-clefs-trois-volets-avec-porte-clefs-detachable-mancinileather#breadcrumb\",\"itemListElement\":[{\"@type\":\"ListItem\",\"position\":1,\"name\":\"Home\",\"item\":\"https:\/\/www.mancinileather.com\/fr\"},{\"@type\":\"ListItem\",\"position\":2,\"name\":\"Boutique\",\"item\":\"https:\/\/www.mancinileather.com\/fr\/boutique\"},{\"@type\":\"ListItem\",\"position\":3,\"name\":\"Porte-clefs \u00e0 trois volets avec porte-clefs d\u00e9tachable\"}]},{\"@type\":\"WebSite\",\"@id\":\"https:\/\/www.mancinileather.com\/fr#website\",\"url\":\"https:\/\/www.mancinileather.com\/fr\",\"name\":\"Mancini\",\"description\":\"Online Leather Store and Products\",\"potentialAction\":[{\"@type\":\"SearchAction\",\"target\":{\"@type\":\"EntryPoint\",\"urlTemplate\":\"https:\/\/www.mancinileather.com\/fr?s={search_term_string}\"},\"query-input\":{\"@type\":\"PropertyValueSpecification\",\"valueRequired\":true,\"valueName\":\"search_term_string\"}}],\"inLanguage\":\"fr-FR\"}]}<\/script>\n<!-- \/ Yoast SEO plugin. -->","yoast_head_json":{"title":"Porte-clefs \u00e0 trois volets avec porte-clefs d\u00e9tachable","description":"Tendance ultime en mati\u00e8re de cuir plein fleur de qualit\u00e9 sup\u00e9rieure, notre\u00a0collection EQUESTRIAN-2\u00a0pr\u00e9sente une vaste gamme de portefeuilles et d\u2019accessoires personnels pour les hommes des plus minutieux.\u00a0Ce porte-clefs est dot\u00e9 d'un porte-clefs d\u00e9tachable ainsi que deux fentes pratiques. Le tout est s\u00e9curis\u00e9 par un rabat avec deux boutons pression. Cet accessoire en cuir fin respire l'\u00e9l\u00e9gance classique.","robots":{"index":"index","follow":"follow","max-snippet":"max-snippet:-1","max-image-preview":"max-image-preview:large","max-video-preview":"max-video-preview:-1"},"canonical":"https:\/\/www.mancinileather.com\/fr\/produit\/porte-clefs-trois-volets-avec-porte-clefs-detachable-mancinileather","og_locale":"fr_FR","og_type":"article","og_title":"Porte-clefs \u00e0 trois volets avec porte-clefs d\u00e9tachable","og_description":"Tendance ultime en mati\u00e8re de cuir plein fleur de qualit\u00e9 sup\u00e9rieure, notre\u00a0collection EQUESTRIAN-2\u00a0pr\u00e9sente une vaste gamme de portefeuilles et d\u2019accessoires personnels pour les hommes des plus minutieux.\u00a0Ce porte-clefs est dot\u00e9 d'un porte-clefs d\u00e9tachable ainsi que deux fentes pratiques. Le tout est s\u00e9curis\u00e9 par un rabat avec deux boutons pression. Cet accessoire en cuir fin respire l'\u00e9l\u00e9gance classique.","og_url":"https:\/\/www.mancinileather.com\/fr\/produit\/porte-clefs-trois-volets-avec-porte-clefs-detachable-mancinileather","og_site_name":"Mancini","article_modified_time":"2025-07-24T06:23:54+00:00","og_image":[{"width":1200,"height":1600,"url":"https:\/\/www.mancinileather.com\/wp-content\/uploads\/2021\/12\/products-file_56df1681a353f-1.jpg","type":"image\/jpeg"}],"twitter_card":"summary_large_image","twitter_misc":{"Est. reading time":"1 minute"},"schema":{"@context":"https:\/\/schema.org","@graph":[{"@type":"WebPage","@id":"https:\/\/www.mancinileather.com\/fr\/produit\/porte-clefs-trois-volets-avec-porte-clefs-detachable-mancinileather","url":"https:\/\/www.mancinileather.com\/fr\/produit\/porte-clefs-trois-volets-avec-porte-clefs-detachable-mancinileather","name":"Porte-clefs \u00e0 trois volets avec porte-clefs d\u00e9tachable","isPartOf":{"@id":"https:\/\/www.mancinileather.com\/fr#website"},"primaryImageOfPage":{"@id":"https:\/\/www.mancinileather.com\/fr\/produit\/porte-clefs-trois-volets-avec-porte-clefs-detachable-mancinileather#primaryimage"},"image":{"@id":"https:\/\/www.mancinileather.com\/fr\/produit\/porte-clefs-trois-volets-avec-porte-clefs-detachable-mancinileather#primaryimage"},"thumbnailUrl":"https:\/\/www.mancinileather.com\/wp-content\/uploads\/2021\/12\/products-file_56df1681a353f-1.jpg","datePublished":"2022-03-29T10:07:31+00:00","dateModified":"2025-07-24T06:23:54+00:00","description":"Tendance ultime en mati\u00e8re de cuir plein fleur de qualit\u00e9 sup\u00e9rieure, notre\u00a0collection EQUESTRIAN-2\u00a0pr\u00e9sente une vaste gamme de portefeuilles et d\u2019accessoires personnels pour les hommes des plus minutieux.\u00a0Ce porte-clefs est dot\u00e9 d'un porte-clefs d\u00e9tachable ainsi que deux fentes pratiques. Le tout est s\u00e9curis\u00e9 par un rabat avec deux boutons pression. Cet accessoire en cuir fin respire l'\u00e9l\u00e9gance classique.","breadcrumb":{"@id":"https:\/\/www.mancinileather.com\/fr\/produit\/porte-clefs-trois-volets-avec-porte-clefs-detachable-mancinileather#breadcrumb"},"inLanguage":"fr-FR","potentialAction":[{"@type":"ReadAction","target":["https:\/\/www.mancinileather.com\/fr\/produit\/porte-clefs-trois-volets-avec-porte-clefs-detachable-mancinileather"]}]},{"@type":"ImageObject","inLanguage":"fr-FR","@id":"https:\/\/www.mancinileather.com\/fr\/produit\/porte-clefs-trois-volets-avec-porte-clefs-detachable-mancinileather#primaryimage","url":"https:\/\/www.mancinileather.com\/wp-content\/uploads\/2021\/12\/products-file_56df1681a353f-1.jpg","contentUrl":"https:\/\/www.mancinileather.com\/wp-content\/uploads\/2021\/12\/products-file_56df1681a353f-1.jpg","width":1200,"height":1600,"caption":"Trifold Key Case with Detachable Key Fob"},{"@type":"BreadcrumbList","@id":"https:\/\/www.mancinileather.com\/fr\/produit\/porte-clefs-trois-volets-avec-porte-clefs-detachable-mancinileather#breadcrumb","itemListElement":[{"@type":"ListItem","position":1,"name":"Home","item":"https:\/\/www.mancinileather.com\/fr"},{"@type":"ListItem","position":2,"name":"Boutique","item":"https:\/\/www.mancinileather.com\/fr\/boutique"},{"@type":"ListItem","position":3,"name":"Porte-clefs \u00e0 trois volets avec porte-clefs d\u00e9tachable"}]},{"@type":"WebSite","@id":"https:\/\/www.mancinileather.com\/fr#website","url":"https:\/\/www.mancinileather.com\/fr","name":"Mancini","description":"Online Leather Store and Products","potentialAction":[{"@type":"SearchAction","target":{"@type":"EntryPoint","urlTemplate":"https:\/\/www.mancinileather.com\/fr?s={search_term_string}"},"query-input":{"@type":"PropertyValueSpecification","valueRequired":true,"valueName":"search_term_string"}}],"inLanguage":"fr-FR"}]}},"brands":[],"_links":{"self":[{"href":"https:\/\/www.mancinileather.com\/fr\/wp-json\/wp\/v2\/product\/38429","targetHints":{"allow":["GET"]}}],"collection":[{"href":"https:\/\/www.mancinileather.com\/fr\/wp-json\/wp\/v2\/product"}],"about":[{"href":"https:\/\/www.mancinileather.com\/fr\/wp-json\/wp\/v2\/types\/product"}],"replies":[{"embeddable":true,"href":"https:\/\/www.mancinileather.com\/fr\/wp-json\/wp\/v2\/comments?post=38429"}],"wp:featuredmedia":[{"embeddable":true,"href":"https:\/\/www.mancinileather.com\/fr\/wp-json\/wp\/v2\/media\/27064"}],"wp:attachment":[{"href":"https:\/\/www.mancinileather.com\/fr\/wp-json\/wp\/v2\/media?parent=38429"}],"wp:term":[{"taxonomy":"pwb-brand","embeddable":true,"href":"https:\/\/www.mancinileather.com\/fr\/wp-json\/wp\/v2\/pwb-brand?post=38429"},{"taxonomy":"product_brand","embeddable":true,"href":"https:\/\/www.mancinileather.com\/fr\/wp-json\/wp\/v2\/product_brand?post=38429"},{"taxonomy":"product_cat","embeddable":true,"href":"https:\/\/www.mancinileather.com\/fr\/wp-json\/wp\/v2\/product_cat?post=38429"},{"taxonomy":"product_tag","embeddable":true,"href":"https:\/\/www.mancinileather.com\/fr\/wp-json\/wp\/v2\/product_tag?post=38429"}],"curies":[{"name":"wp","href":"https:\/\/api.w.org\/{rel}","templated":true}]}}