{"id":38955,"date":"2022-03-29T10:12:06","date_gmt":"2022-03-29T14:21:21","guid":{"rendered":"https:\/\/mancini.bluehat.hosting\/?post_type=product&#038;p=38955"},"modified":"2025-07-24T02:23:54","modified_gmt":"2025-07-24T06:23:54","slug":"portefeuille-pour-homme-avec-poche-pour-monnaie","status":"publish","type":"product","link":"https:\/\/www.mancinileather.com\/fr\/produit\/portefeuille-pour-homme-avec-poche-pour-monnaie","title":{"rendered":"Portefeuille pour homme avec poche pour la monnaie"},"content":{"rendered":"<p>Pratique et fonctionnelle notre Collection <strong>Manchester<\/strong> est indispensable pour la vie urbaine contemporaine.\u00a0Articles fabriqu\u00e9s \u00e0 la main en cuir v\u00e9ritable.<\/p>\n<p>&nbsp;<\/p>\n<p>Ce portefeuille est \u00e9galement \u00e9quip\u00e9 de la derni\u00e8re technologie de blocage d&#8217;ondes RFID pour assurer que vos\u00a0donn\u00e9es et vos cartes sont s\u00e9curitaires. Une couche m\u00e9tallique sp\u00e9ciale int\u00e9gr\u00e9e dans ce portefeuille emp\u00eache\u00a0la lecture \u00e9lectronique de votre portefeuille.<\/p>\n","protected":false},"excerpt":{"rendered":"<p>&nbsp;<\/p>\n<ul>\n<li><span style=\"font-size: 1em;\">\u00c9quip\u00e9 de la derni\u00e8re technologie de blocage d\u2019ondes RFID<\/span><\/li>\n<li><span style=\"font-size: 1em;\">Deux poche pour carte d&#8217;identit\u00e9<\/span><\/li>\n<li><span style=\"font-size: 1em;\">2 fentes pour cartes de cr\u00e9dit<\/span><\/li>\n<li><span style=\"font-size: 1em;\">Section pour billets<\/span><\/li>\n<li><span style=\"font-size: 1em;\">Poche pour la monnaie<\/span><\/li>\n<li><span style=\"font-size: 1em;\">Un an de garantie limit\u00e9e <\/span><strong style=\"font-size: 1em;\">MANCINI<\/strong><\/li>\n<\/ul>\n","protected":false},"featured_media":27594,"comment_status":"open","ping_status":"closed","template":"","meta":[],"pwb-brand":[],"product_brand":[],"product_cat":[1457,1501,1638],"product_tag":[],"class_list":{"0":"post-38955","1":"product","2":"type-product","3":"status-publish","4":"has-post-thumbnail","6":"product_cat-portefeuilles-en-cuir-homme","7":"product_cat-solde-produits-en-cuir-promotion","8":"product_cat-hommes","9":"pa_collection-manchester-fr-2","10":"pa_color-brun","11":"pa_color-cognac-fr","12":"pa_color-noir-fr","13":"pa_material-cuir-pleine-fleur-fr","15":"first","16":"outofstock","17":"purchasable","18":"product-type-variable","19":"has-default-attributes"},"yoast_head":"<!-- This site is optimized with the Yoast SEO plugin v25.5 - https:\/\/yoast.com\/wordpress\/plugins\/seo\/ -->\n<title>Portefeuille pour homme avec poche pour la monnaie<\/title>\n<meta name=\"description\" content=\"Pratique et fonctionnelle notre Collection Manchester est indispensable pour la vie urbaine contemporaine.\u00a0Articles fabriqu\u00e9s \u00e0 la main en cuir v\u00e9ritable.Ce portefeuille est \u00e9galement \u00e9quip\u00e9 de la derni\u00e8re technologie de blocage d&#039;ondes RFID pour assurer que vos\u00a0donn\u00e9es et vos cartes sont s\u00e9curitaires. Une couche m\u00e9tallique sp\u00e9ciale int\u00e9gr\u00e9e dans ce portefeuille emp\u00eache\u00a0la lecture \u00e9lectronique de votre portefeuille.\" \/>\n<meta name=\"robots\" content=\"index, follow, max-snippet:-1, max-image-preview:large, max-video-preview:-1\" \/>\n<link rel=\"canonical\" href=\"https:\/\/www.mancinileather.com\/fr\/produit\/portefeuille-pour-homme-avec-poche-pour-monnaie\" \/>\n<meta property=\"og:locale\" content=\"fr_FR\" \/>\n<meta property=\"og:type\" content=\"article\" \/>\n<meta property=\"og:title\" content=\"Portefeuille pour homme avec poche pour la monnaie\" \/>\n<meta property=\"og:description\" content=\"Pratique et fonctionnelle notre Collection Manchester est indispensable pour la vie urbaine contemporaine.\u00a0Articles fabriqu\u00e9s \u00e0 la main en cuir v\u00e9ritable.Ce portefeuille est \u00e9galement \u00e9quip\u00e9 de la derni\u00e8re technologie de blocage d&#039;ondes RFID pour assurer que vos\u00a0donn\u00e9es et vos cartes sont s\u00e9curitaires. Une couche m\u00e9tallique sp\u00e9ciale int\u00e9gr\u00e9e dans ce portefeuille emp\u00eache\u00a0la lecture \u00e9lectronique de votre portefeuille.\" \/>\n<meta property=\"og:url\" content=\"https:\/\/www.mancinileather.com\/fr\/produit\/portefeuille-pour-homme-avec-poche-pour-monnaie\" \/>\n<meta property=\"og:site_name\" content=\"Mancini\" \/>\n<meta property=\"article:modified_time\" content=\"2025-07-24T06:23:54+00:00\" \/>\n<meta property=\"og:image\" content=\"https:\/\/www.mancinileather.com\/wp-content\/uploads\/2021\/12\/products-file_5732297f64ee9-1.jpg\" \/>\n\t<meta property=\"og:image:width\" content=\"1200\" \/>\n\t<meta property=\"og:image:height\" content=\"1600\" \/>\n\t<meta property=\"og:image:type\" content=\"image\/jpeg\" \/>\n<meta name=\"twitter:card\" content=\"summary_large_image\" \/>\n<meta name=\"twitter:label1\" content=\"Est. reading time\" \/>\n\t<meta name=\"twitter:data1\" content=\"1 minute\" \/>\n<script type=\"application\/ld+json\" class=\"yoast-schema-graph\">{\"@context\":\"https:\/\/schema.org\",\"@graph\":[{\"@type\":\"WebPage\",\"@id\":\"https:\/\/www.mancinileather.com\/fr\/produit\/portefeuille-pour-homme-avec-poche-pour-monnaie\",\"url\":\"https:\/\/www.mancinileather.com\/fr\/produit\/portefeuille-pour-homme-avec-poche-pour-monnaie\",\"name\":\"Portefeuille pour homme avec poche pour la monnaie\",\"isPartOf\":{\"@id\":\"https:\/\/www.mancinileather.com\/fr#website\"},\"primaryImageOfPage\":{\"@id\":\"https:\/\/www.mancinileather.com\/fr\/produit\/portefeuille-pour-homme-avec-poche-pour-monnaie#primaryimage\"},\"image\":{\"@id\":\"https:\/\/www.mancinileather.com\/fr\/produit\/portefeuille-pour-homme-avec-poche-pour-monnaie#primaryimage\"},\"thumbnailUrl\":\"https:\/\/www.mancinileather.com\/wp-content\/uploads\/2021\/12\/products-file_5732297f64ee9-1.jpg\",\"datePublished\":\"2022-03-29T14:21:21+00:00\",\"dateModified\":\"2025-07-24T06:23:54+00:00\",\"description\":\"Pratique et fonctionnelle notre Collection Manchester est indispensable pour la vie urbaine contemporaine.\u00a0Articles fabriqu\u00e9s \u00e0 la main en cuir v\u00e9ritable.Ce portefeuille est \u00e9galement \u00e9quip\u00e9 de la derni\u00e8re technologie de blocage d'ondes RFID pour assurer que vos\u00a0donn\u00e9es et vos cartes sont s\u00e9curitaires. Une couche m\u00e9tallique sp\u00e9ciale int\u00e9gr\u00e9e dans ce portefeuille emp\u00eache\u00a0la lecture \u00e9lectronique de votre portefeuille.\",\"breadcrumb\":{\"@id\":\"https:\/\/www.mancinileather.com\/fr\/produit\/portefeuille-pour-homme-avec-poche-pour-monnaie#breadcrumb\"},\"inLanguage\":\"fr-FR\",\"potentialAction\":[{\"@type\":\"ReadAction\",\"target\":[\"https:\/\/www.mancinileather.com\/fr\/produit\/portefeuille-pour-homme-avec-poche-pour-monnaie\"]}]},{\"@type\":\"ImageObject\",\"inLanguage\":\"fr-FR\",\"@id\":\"https:\/\/www.mancinileather.com\/fr\/produit\/portefeuille-pour-homme-avec-poche-pour-monnaie#primaryimage\",\"url\":\"https:\/\/www.mancinileather.com\/wp-content\/uploads\/2021\/12\/products-file_5732297f64ee9-1.jpg\",\"contentUrl\":\"https:\/\/www.mancinileather.com\/wp-content\/uploads\/2021\/12\/products-file_5732297f64ee9-1.jpg\",\"width\":1200,\"height\":1600,\"caption\":\"Men's Wallet With Coin Pocket\"},{\"@type\":\"BreadcrumbList\",\"@id\":\"https:\/\/www.mancinileather.com\/fr\/produit\/portefeuille-pour-homme-avec-poche-pour-monnaie#breadcrumb\",\"itemListElement\":[{\"@type\":\"ListItem\",\"position\":1,\"name\":\"Home\",\"item\":\"https:\/\/www.mancinileather.com\/fr\"},{\"@type\":\"ListItem\",\"position\":2,\"name\":\"Boutique\",\"item\":\"https:\/\/www.mancinileather.com\/fr\/boutique\"},{\"@type\":\"ListItem\",\"position\":3,\"name\":\"Portefeuille pour homme avec poche pour la monnaie\"}]},{\"@type\":\"WebSite\",\"@id\":\"https:\/\/www.mancinileather.com\/fr#website\",\"url\":\"https:\/\/www.mancinileather.com\/fr\",\"name\":\"Mancini\",\"description\":\"Online Leather Store and Products\",\"potentialAction\":[{\"@type\":\"SearchAction\",\"target\":{\"@type\":\"EntryPoint\",\"urlTemplate\":\"https:\/\/www.mancinileather.com\/fr?s={search_term_string}\"},\"query-input\":{\"@type\":\"PropertyValueSpecification\",\"valueRequired\":true,\"valueName\":\"search_term_string\"}}],\"inLanguage\":\"fr-FR\"}]}<\/script>\n<!-- \/ Yoast SEO plugin. -->","yoast_head_json":{"title":"Portefeuille pour homme avec poche pour la monnaie","description":"Pratique et fonctionnelle notre Collection Manchester est indispensable pour la vie urbaine contemporaine.\u00a0Articles fabriqu\u00e9s \u00e0 la main en cuir v\u00e9ritable.Ce portefeuille est \u00e9galement \u00e9quip\u00e9 de la derni\u00e8re technologie de blocage d'ondes RFID pour assurer que vos\u00a0donn\u00e9es et vos cartes sont s\u00e9curitaires. Une couche m\u00e9tallique sp\u00e9ciale int\u00e9gr\u00e9e dans ce portefeuille emp\u00eache\u00a0la lecture \u00e9lectronique de votre portefeuille.","robots":{"index":"index","follow":"follow","max-snippet":"max-snippet:-1","max-image-preview":"max-image-preview:large","max-video-preview":"max-video-preview:-1"},"canonical":"https:\/\/www.mancinileather.com\/fr\/produit\/portefeuille-pour-homme-avec-poche-pour-monnaie","og_locale":"fr_FR","og_type":"article","og_title":"Portefeuille pour homme avec poche pour la monnaie","og_description":"Pratique et fonctionnelle notre Collection Manchester est indispensable pour la vie urbaine contemporaine.\u00a0Articles fabriqu\u00e9s \u00e0 la main en cuir v\u00e9ritable.Ce portefeuille est \u00e9galement \u00e9quip\u00e9 de la derni\u00e8re technologie de blocage d'ondes RFID pour assurer que vos\u00a0donn\u00e9es et vos cartes sont s\u00e9curitaires. Une couche m\u00e9tallique sp\u00e9ciale int\u00e9gr\u00e9e dans ce portefeuille emp\u00eache\u00a0la lecture \u00e9lectronique de votre portefeuille.","og_url":"https:\/\/www.mancinileather.com\/fr\/produit\/portefeuille-pour-homme-avec-poche-pour-monnaie","og_site_name":"Mancini","article_modified_time":"2025-07-24T06:23:54+00:00","og_image":[{"width":1200,"height":1600,"url":"https:\/\/www.mancinileather.com\/wp-content\/uploads\/2021\/12\/products-file_5732297f64ee9-1.jpg","type":"image\/jpeg"}],"twitter_card":"summary_large_image","twitter_misc":{"Est. reading time":"1 minute"},"schema":{"@context":"https:\/\/schema.org","@graph":[{"@type":"WebPage","@id":"https:\/\/www.mancinileather.com\/fr\/produit\/portefeuille-pour-homme-avec-poche-pour-monnaie","url":"https:\/\/www.mancinileather.com\/fr\/produit\/portefeuille-pour-homme-avec-poche-pour-monnaie","name":"Portefeuille pour homme avec poche pour la monnaie","isPartOf":{"@id":"https:\/\/www.mancinileather.com\/fr#website"},"primaryImageOfPage":{"@id":"https:\/\/www.mancinileather.com\/fr\/produit\/portefeuille-pour-homme-avec-poche-pour-monnaie#primaryimage"},"image":{"@id":"https:\/\/www.mancinileather.com\/fr\/produit\/portefeuille-pour-homme-avec-poche-pour-monnaie#primaryimage"},"thumbnailUrl":"https:\/\/www.mancinileather.com\/wp-content\/uploads\/2021\/12\/products-file_5732297f64ee9-1.jpg","datePublished":"2022-03-29T14:21:21+00:00","dateModified":"2025-07-24T06:23:54+00:00","description":"Pratique et fonctionnelle notre Collection Manchester est indispensable pour la vie urbaine contemporaine.\u00a0Articles fabriqu\u00e9s \u00e0 la main en cuir v\u00e9ritable.Ce portefeuille est \u00e9galement \u00e9quip\u00e9 de la derni\u00e8re technologie de blocage d'ondes RFID pour assurer que vos\u00a0donn\u00e9es et vos cartes sont s\u00e9curitaires. Une couche m\u00e9tallique sp\u00e9ciale int\u00e9gr\u00e9e dans ce portefeuille emp\u00eache\u00a0la lecture \u00e9lectronique de votre portefeuille.","breadcrumb":{"@id":"https:\/\/www.mancinileather.com\/fr\/produit\/portefeuille-pour-homme-avec-poche-pour-monnaie#breadcrumb"},"inLanguage":"fr-FR","potentialAction":[{"@type":"ReadAction","target":["https:\/\/www.mancinileather.com\/fr\/produit\/portefeuille-pour-homme-avec-poche-pour-monnaie"]}]},{"@type":"ImageObject","inLanguage":"fr-FR","@id":"https:\/\/www.mancinileather.com\/fr\/produit\/portefeuille-pour-homme-avec-poche-pour-monnaie#primaryimage","url":"https:\/\/www.mancinileather.com\/wp-content\/uploads\/2021\/12\/products-file_5732297f64ee9-1.jpg","contentUrl":"https:\/\/www.mancinileather.com\/wp-content\/uploads\/2021\/12\/products-file_5732297f64ee9-1.jpg","width":1200,"height":1600,"caption":"Men's Wallet With Coin Pocket"},{"@type":"BreadcrumbList","@id":"https:\/\/www.mancinileather.com\/fr\/produit\/portefeuille-pour-homme-avec-poche-pour-monnaie#breadcrumb","itemListElement":[{"@type":"ListItem","position":1,"name":"Home","item":"https:\/\/www.mancinileather.com\/fr"},{"@type":"ListItem","position":2,"name":"Boutique","item":"https:\/\/www.mancinileather.com\/fr\/boutique"},{"@type":"ListItem","position":3,"name":"Portefeuille pour homme avec poche pour la monnaie"}]},{"@type":"WebSite","@id":"https:\/\/www.mancinileather.com\/fr#website","url":"https:\/\/www.mancinileather.com\/fr","name":"Mancini","description":"Online Leather Store and Products","potentialAction":[{"@type":"SearchAction","target":{"@type":"EntryPoint","urlTemplate":"https:\/\/www.mancinileather.com\/fr?s={search_term_string}"},"query-input":{"@type":"PropertyValueSpecification","valueRequired":true,"valueName":"search_term_string"}}],"inLanguage":"fr-FR"}]}},"brands":[],"_links":{"self":[{"href":"https:\/\/www.mancinileather.com\/fr\/wp-json\/wp\/v2\/product\/38955","targetHints":{"allow":["GET"]}}],"collection":[{"href":"https:\/\/www.mancinileather.com\/fr\/wp-json\/wp\/v2\/product"}],"about":[{"href":"https:\/\/www.mancinileather.com\/fr\/wp-json\/wp\/v2\/types\/product"}],"replies":[{"embeddable":true,"href":"https:\/\/www.mancinileather.com\/fr\/wp-json\/wp\/v2\/comments?post=38955"}],"wp:featuredmedia":[{"embeddable":true,"href":"https:\/\/www.mancinileather.com\/fr\/wp-json\/wp\/v2\/media\/27594"}],"wp:attachment":[{"href":"https:\/\/www.mancinileather.com\/fr\/wp-json\/wp\/v2\/media?parent=38955"}],"wp:term":[{"taxonomy":"pwb-brand","embeddable":true,"href":"https:\/\/www.mancinileather.com\/fr\/wp-json\/wp\/v2\/pwb-brand?post=38955"},{"taxonomy":"product_brand","embeddable":true,"href":"https:\/\/www.mancinileather.com\/fr\/wp-json\/wp\/v2\/product_brand?post=38955"},{"taxonomy":"product_cat","embeddable":true,"href":"https:\/\/www.mancinileather.com\/fr\/wp-json\/wp\/v2\/product_cat?post=38955"},{"taxonomy":"product_tag","embeddable":true,"href":"https:\/\/www.mancinileather.com\/fr\/wp-json\/wp\/v2\/product_tag?post=38955"}],"curies":[{"name":"wp","href":"https:\/\/api.w.org\/{rel}","templated":true}]}}