{"id":39601,"date":"2022-03-29T10:18:38","date_gmt":"2022-03-29T10:18:38","guid":{"rendered":"https:\/\/mancini.bluehat.hosting\/?post_type=product&#038;p=39601"},"modified":"2025-07-24T02:23:53","modified_gmt":"2025-07-24T06:23:53","slug":"porte-document-deux-compartiments-pour-portable-156-po-buffalo","status":"publish","type":"product","link":"https:\/\/www.mancinileather.com\/fr\/produit\/porte-document-deux-compartiments-pour-portable-156-po-buffalo","title":{"rendered":"Porte-Document \u00e0 deux compartiments pour portable 15.6 po."},"content":{"rendered":"<p>Notre collection <strong>Buffalo<\/strong> repr\u00e9sente la fusion de style contemporain avec le look urbain brut. Dot\u00e9 de compartiments rembourr\u00e9s pour prot\u00e9ger votre tablette et portable, cette collection comblera tous vos besoins avec style. Articles fabriqu\u00e9s \u00e0 la main en cuir de buffle pleine fleure cire grasse.<\/p>\n<p>&nbsp;<\/p>\n<p>Ce porte-documents pour portable est muni d&#8217;un \u00e9tui rembourr\u00e9 pour garder votre portable en toute s\u00e9curit\u00e9. Il est dot\u00e9 d&#8217;un compartiment pour vos dossiers et documents ainsi qu\u2019une poche zipp\u00e9e sur le dos. Il y a un organisateur zipp\u00e9 avec une poche \u00e9quip\u00e9 de la derni\u00e8re technologie de blocage d&#8217;ondes RFID pour assurer que vos donn\u00e9es et vos cartes sont s\u00e9curitaires. Une sangle sur le dos permet le ferroutage du porte-documents sur des autres bagages.<\/p>\n","protected":false},"excerpt":{"rendered":"<p>&nbsp;<\/p>\n<ul>\n<li>Poche \u00e9quip\u00e9 de la derni\u00e8re technologie de blocage d&#8217;ondes RFID<\/li>\n<li>Convient au portables jusqu&#8217;\u00e0 15.6\u201d pouces<\/li>\n<li>Compartiment pour dossiers et documents<\/li>\n<li>Organisateur zipp\u00e9<\/li>\n<li>Poche zipp\u00e9e sur le dos<\/li>\n<li>Sangle \u00e0 ferroutage sur le dos<\/li>\n<li>Bandouli\u00e8re amovible<\/li>\n<li>Un an de garantie limit\u00e9e\u00a0<strong>MANCINI\u00a0<\/strong><\/li>\n<\/ul>\n","protected":false},"featured_media":28243,"comment_status":"open","ping_status":"closed","template":"","meta":[],"pwb-brand":[],"product_brand":[],"product_cat":[1475,1467],"product_tag":[],"class_list":{"0":"post-39601","1":"product","2":"type-product","3":"status-publish","4":"has-post-thumbnail","6":"product_cat-porte-documents-rfid","7":"product_cat-porte-documents-pour-laptop-tablette","8":"pa_collection-buffalo-fr","9":"pa_color-brun","10":"pa_color-noir-fr","11":"pa_material-cuir-de-buffle-pleine-fleur-cire-grasse","13":"first","14":"outofstock","15":"taxable","16":"shipping-taxable","17":"product-type-variable","18":"has-default-attributes"},"yoast_head":"<!-- This site is optimized with the Yoast SEO plugin v27.4 - https:\/\/yoast.com\/product\/yoast-seo-wordpress\/ -->\n<title>Porte-Document \u00e0 deux compartiments pour portable 15.6 po.<\/title>\n<meta name=\"description\" content=\"Notre collection Buffalo repr\u00e9sente la fusion de style contemporain avec le look urbain brut. Dot\u00e9 de compartiments rembourr\u00e9s pour prot\u00e9ger votre tablette et portable, cette collection comblera tous vos besoins avec style. Articles fabriqu\u00e9s \u00e0 la main en cuir de buffle pleine fleure cire grasse.\u00a0Ce porte-documents pour portable est muni d&#039;un \u00e9tui rembourr\u00e9 pour garder votre portable en toute s\u00e9curit\u00e9. Il est dot\u00e9 d&#039;un compartiment pour vos dossiers et documents ainsi qu\u2019une poche zipp\u00e9e sur le dos. Il y a un organisateur zipp\u00e9 avec une poche \u00e9quip\u00e9 de la derni\u00e8re technologie de blocage d&#039;ondes RFID pour assurer que vos donn\u00e9es et vos cartes sont s\u00e9curitaires. Une sangle sur le dos permet le ferroutage du porte-documents sur des autres bagages.\" \/>\n<meta name=\"robots\" content=\"index, follow, max-snippet:-1, max-image-preview:large, max-video-preview:-1\" \/>\n<link rel=\"canonical\" href=\"https:\/\/www.mancinileather.com\/fr\/produit\/porte-document-deux-compartiments-pour-portable-156-po-buffalo\" \/>\n<meta property=\"og:locale\" content=\"fr_FR\" \/>\n<meta property=\"og:type\" content=\"article\" \/>\n<meta property=\"og:title\" content=\"Porte-Document \u00e0 deux compartiments pour portable 15.6 po.\" \/>\n<meta property=\"og:description\" content=\"Notre collection Buffalo repr\u00e9sente la fusion de style contemporain avec le look urbain brut. Dot\u00e9 de compartiments rembourr\u00e9s pour prot\u00e9ger votre tablette et portable, cette collection comblera tous vos besoins avec style. Articles fabriqu\u00e9s \u00e0 la main en cuir de buffle pleine fleure cire grasse.\u00a0Ce porte-documents pour portable est muni d&#039;un \u00e9tui rembourr\u00e9 pour garder votre portable en toute s\u00e9curit\u00e9. Il est dot\u00e9 d&#039;un compartiment pour vos dossiers et documents ainsi qu\u2019une poche zipp\u00e9e sur le dos. Il y a un organisateur zipp\u00e9 avec une poche \u00e9quip\u00e9 de la derni\u00e8re technologie de blocage d&#039;ondes RFID pour assurer que vos donn\u00e9es et vos cartes sont s\u00e9curitaires. Une sangle sur le dos permet le ferroutage du porte-documents sur des autres bagages.\" \/>\n<meta property=\"og:url\" content=\"https:\/\/www.mancinileather.com\/fr\/produit\/porte-document-deux-compartiments-pour-portable-156-po-buffalo\" \/>\n<meta property=\"og:site_name\" content=\"Mancini\" \/>\n<meta property=\"article:modified_time\" content=\"2025-07-24T06:23:53+00:00\" \/>\n<meta property=\"og:image\" content=\"https:\/\/www.mancinileather.com\/wp-content\/uploads\/2021\/12\/products-file_5b7711a661dc8-1.jpg\" \/>\n\t<meta property=\"og:image:width\" content=\"1361\" \/>\n\t<meta property=\"og:image:height\" content=\"1200\" \/>\n\t<meta property=\"og:image:type\" content=\"image\/jpeg\" \/>\n<meta name=\"twitter:card\" content=\"summary_large_image\" \/>\n<meta name=\"twitter:label1\" content=\"Est. reading time\" \/>\n\t<meta name=\"twitter:data1\" content=\"1 minute\" \/>\n<script type=\"application\/ld+json\" class=\"yoast-schema-graph\">{\"@context\":\"https:\\\/\\\/schema.org\",\"@graph\":[{\"@type\":\"WebPage\",\"@id\":\"https:\\\/\\\/www.mancinileather.com\\\/fr\\\/produit\\\/porte-document-deux-compartiments-pour-portable-156-po-buffalo\",\"url\":\"https:\\\/\\\/www.mancinileather.com\\\/fr\\\/produit\\\/porte-document-deux-compartiments-pour-portable-156-po-buffalo\",\"name\":\"Porte-Document \u00e0 deux compartiments pour portable 15.6 po.\",\"isPartOf\":{\"@id\":\"https:\\\/\\\/www.mancinileather.com\\\/fr#website\"},\"primaryImageOfPage\":{\"@id\":\"https:\\\/\\\/www.mancinileather.com\\\/fr\\\/produit\\\/porte-document-deux-compartiments-pour-portable-156-po-buffalo#primaryimage\"},\"image\":{\"@id\":\"https:\\\/\\\/www.mancinileather.com\\\/fr\\\/produit\\\/porte-document-deux-compartiments-pour-portable-156-po-buffalo#primaryimage\"},\"thumbnailUrl\":\"https:\\\/\\\/www.mancinileather.com\\\/wp-content\\\/uploads\\\/2021\\\/12\\\/products-file_5b7711a661dc8-1.jpg\",\"datePublished\":\"2022-03-29T10:18:38+00:00\",\"dateModified\":\"2025-07-24T06:23:53+00:00\",\"description\":\"Notre collection Buffalo repr\u00e9sente la fusion de style contemporain avec le look urbain brut. Dot\u00e9 de compartiments rembourr\u00e9s pour prot\u00e9ger votre tablette et portable, cette collection comblera tous vos besoins avec style. Articles fabriqu\u00e9s \u00e0 la main en cuir de buffle pleine fleure cire grasse.\u00a0Ce porte-documents pour portable est muni d'un \u00e9tui rembourr\u00e9 pour garder votre portable en toute s\u00e9curit\u00e9. Il est dot\u00e9 d'un compartiment pour vos dossiers et documents ainsi qu\u2019une poche zipp\u00e9e sur le dos. Il y a un organisateur zipp\u00e9 avec une poche \u00e9quip\u00e9 de la derni\u00e8re technologie de blocage d'ondes RFID pour assurer que vos donn\u00e9es et vos cartes sont s\u00e9curitaires. Une sangle sur le dos permet le ferroutage du porte-documents sur des autres bagages.\",\"breadcrumb\":{\"@id\":\"https:\\\/\\\/www.mancinileather.com\\\/fr\\\/produit\\\/porte-document-deux-compartiments-pour-portable-156-po-buffalo#breadcrumb\"},\"inLanguage\":\"fr-FR\",\"potentialAction\":[{\"@type\":\"ReadAction\",\"target\":[\"https:\\\/\\\/www.mancinileather.com\\\/fr\\\/produit\\\/porte-document-deux-compartiments-pour-portable-156-po-buffalo\"]}]},{\"@type\":\"ImageObject\",\"inLanguage\":\"fr-FR\",\"@id\":\"https:\\\/\\\/www.mancinileather.com\\\/fr\\\/produit\\\/porte-document-deux-compartiments-pour-portable-156-po-buffalo#primaryimage\",\"url\":\"https:\\\/\\\/www.mancinileather.com\\\/wp-content\\\/uploads\\\/2021\\\/12\\\/products-file_5b7711a661dc8-1.jpg\",\"contentUrl\":\"https:\\\/\\\/www.mancinileather.com\\\/wp-content\\\/uploads\\\/2021\\\/12\\\/products-file_5b7711a661dc8-1.jpg\",\"width\":1361,\"height\":1200,\"caption\":\"Double Compartment Briefcase for 15.6'' Laptop \\\/ Tablet\"},{\"@type\":\"BreadcrumbList\",\"@id\":\"https:\\\/\\\/www.mancinileather.com\\\/fr\\\/produit\\\/porte-document-deux-compartiments-pour-portable-156-po-buffalo#breadcrumb\",\"itemListElement\":[{\"@type\":\"ListItem\",\"position\":1,\"name\":\"Home\",\"item\":\"https:\\\/\\\/www.mancinileather.com\\\/fr\"},{\"@type\":\"ListItem\",\"position\":2,\"name\":\"Boutique\",\"item\":\"https:\\\/\\\/www.mancinileather.com\\\/fr\\\/boutique\"},{\"@type\":\"ListItem\",\"position\":3,\"name\":\"Porte-Document \u00e0 deux compartiments pour portable 15.6 po.\"}]},{\"@type\":\"WebSite\",\"@id\":\"https:\\\/\\\/www.mancinileather.com\\\/fr#website\",\"url\":\"https:\\\/\\\/www.mancinileather.com\\\/fr\",\"name\":\"Mancini\",\"description\":\"Online Leather Store and Products\",\"potentialAction\":[{\"@type\":\"SearchAction\",\"target\":{\"@type\":\"EntryPoint\",\"urlTemplate\":\"https:\\\/\\\/www.mancinileather.com\\\/fr?s={search_term_string}\"},\"query-input\":{\"@type\":\"PropertyValueSpecification\",\"valueRequired\":true,\"valueName\":\"search_term_string\"}}],\"inLanguage\":\"fr-FR\"}]}<\/script>\n<!-- \/ Yoast SEO plugin. -->","yoast_head_json":{"title":"Porte-Document \u00e0 deux compartiments pour portable 15.6 po.","description":"Notre collection Buffalo repr\u00e9sente la fusion de style contemporain avec le look urbain brut. Dot\u00e9 de compartiments rembourr\u00e9s pour prot\u00e9ger votre tablette et portable, cette collection comblera tous vos besoins avec style. Articles fabriqu\u00e9s \u00e0 la main en cuir de buffle pleine fleure cire grasse.\u00a0Ce porte-documents pour portable est muni d'un \u00e9tui rembourr\u00e9 pour garder votre portable en toute s\u00e9curit\u00e9. Il est dot\u00e9 d'un compartiment pour vos dossiers et documents ainsi qu\u2019une poche zipp\u00e9e sur le dos. Il y a un organisateur zipp\u00e9 avec une poche \u00e9quip\u00e9 de la derni\u00e8re technologie de blocage d'ondes RFID pour assurer que vos donn\u00e9es et vos cartes sont s\u00e9curitaires. Une sangle sur le dos permet le ferroutage du porte-documents sur des autres bagages.","robots":{"index":"index","follow":"follow","max-snippet":"max-snippet:-1","max-image-preview":"max-image-preview:large","max-video-preview":"max-video-preview:-1"},"canonical":"https:\/\/www.mancinileather.com\/fr\/produit\/porte-document-deux-compartiments-pour-portable-156-po-buffalo","og_locale":"fr_FR","og_type":"article","og_title":"Porte-Document \u00e0 deux compartiments pour portable 15.6 po.","og_description":"Notre collection Buffalo repr\u00e9sente la fusion de style contemporain avec le look urbain brut. Dot\u00e9 de compartiments rembourr\u00e9s pour prot\u00e9ger votre tablette et portable, cette collection comblera tous vos besoins avec style. Articles fabriqu\u00e9s \u00e0 la main en cuir de buffle pleine fleure cire grasse.\u00a0Ce porte-documents pour portable est muni d'un \u00e9tui rembourr\u00e9 pour garder votre portable en toute s\u00e9curit\u00e9. Il est dot\u00e9 d'un compartiment pour vos dossiers et documents ainsi qu\u2019une poche zipp\u00e9e sur le dos. Il y a un organisateur zipp\u00e9 avec une poche \u00e9quip\u00e9 de la derni\u00e8re technologie de blocage d'ondes RFID pour assurer que vos donn\u00e9es et vos cartes sont s\u00e9curitaires. Une sangle sur le dos permet le ferroutage du porte-documents sur des autres bagages.","og_url":"https:\/\/www.mancinileather.com\/fr\/produit\/porte-document-deux-compartiments-pour-portable-156-po-buffalo","og_site_name":"Mancini","article_modified_time":"2025-07-24T06:23:53+00:00","og_image":[{"width":1361,"height":1200,"url":"https:\/\/www.mancinileather.com\/wp-content\/uploads\/2021\/12\/products-file_5b7711a661dc8-1.jpg","type":"image\/jpeg"}],"twitter_card":"summary_large_image","twitter_misc":{"Est. reading time":"1 minute"},"schema":{"@context":"https:\/\/schema.org","@graph":[{"@type":"WebPage","@id":"https:\/\/www.mancinileather.com\/fr\/produit\/porte-document-deux-compartiments-pour-portable-156-po-buffalo","url":"https:\/\/www.mancinileather.com\/fr\/produit\/porte-document-deux-compartiments-pour-portable-156-po-buffalo","name":"Porte-Document \u00e0 deux compartiments pour portable 15.6 po.","isPartOf":{"@id":"https:\/\/www.mancinileather.com\/fr#website"},"primaryImageOfPage":{"@id":"https:\/\/www.mancinileather.com\/fr\/produit\/porte-document-deux-compartiments-pour-portable-156-po-buffalo#primaryimage"},"image":{"@id":"https:\/\/www.mancinileather.com\/fr\/produit\/porte-document-deux-compartiments-pour-portable-156-po-buffalo#primaryimage"},"thumbnailUrl":"https:\/\/www.mancinileather.com\/wp-content\/uploads\/2021\/12\/products-file_5b7711a661dc8-1.jpg","datePublished":"2022-03-29T10:18:38+00:00","dateModified":"2025-07-24T06:23:53+00:00","description":"Notre collection Buffalo repr\u00e9sente la fusion de style contemporain avec le look urbain brut. Dot\u00e9 de compartiments rembourr\u00e9s pour prot\u00e9ger votre tablette et portable, cette collection comblera tous vos besoins avec style. Articles fabriqu\u00e9s \u00e0 la main en cuir de buffle pleine fleure cire grasse.\u00a0Ce porte-documents pour portable est muni d'un \u00e9tui rembourr\u00e9 pour garder votre portable en toute s\u00e9curit\u00e9. Il est dot\u00e9 d'un compartiment pour vos dossiers et documents ainsi qu\u2019une poche zipp\u00e9e sur le dos. Il y a un organisateur zipp\u00e9 avec une poche \u00e9quip\u00e9 de la derni\u00e8re technologie de blocage d'ondes RFID pour assurer que vos donn\u00e9es et vos cartes sont s\u00e9curitaires. Une sangle sur le dos permet le ferroutage du porte-documents sur des autres bagages.","breadcrumb":{"@id":"https:\/\/www.mancinileather.com\/fr\/produit\/porte-document-deux-compartiments-pour-portable-156-po-buffalo#breadcrumb"},"inLanguage":"fr-FR","potentialAction":[{"@type":"ReadAction","target":["https:\/\/www.mancinileather.com\/fr\/produit\/porte-document-deux-compartiments-pour-portable-156-po-buffalo"]}]},{"@type":"ImageObject","inLanguage":"fr-FR","@id":"https:\/\/www.mancinileather.com\/fr\/produit\/porte-document-deux-compartiments-pour-portable-156-po-buffalo#primaryimage","url":"https:\/\/www.mancinileather.com\/wp-content\/uploads\/2021\/12\/products-file_5b7711a661dc8-1.jpg","contentUrl":"https:\/\/www.mancinileather.com\/wp-content\/uploads\/2021\/12\/products-file_5b7711a661dc8-1.jpg","width":1361,"height":1200,"caption":"Double Compartment Briefcase for 15.6'' Laptop \/ Tablet"},{"@type":"BreadcrumbList","@id":"https:\/\/www.mancinileather.com\/fr\/produit\/porte-document-deux-compartiments-pour-portable-156-po-buffalo#breadcrumb","itemListElement":[{"@type":"ListItem","position":1,"name":"Home","item":"https:\/\/www.mancinileather.com\/fr"},{"@type":"ListItem","position":2,"name":"Boutique","item":"https:\/\/www.mancinileather.com\/fr\/boutique"},{"@type":"ListItem","position":3,"name":"Porte-Document \u00e0 deux compartiments pour portable 15.6 po."}]},{"@type":"WebSite","@id":"https:\/\/www.mancinileather.com\/fr#website","url":"https:\/\/www.mancinileather.com\/fr","name":"Mancini","description":"Online Leather Store and Products","potentialAction":[{"@type":"SearchAction","target":{"@type":"EntryPoint","urlTemplate":"https:\/\/www.mancinileather.com\/fr?s={search_term_string}"},"query-input":{"@type":"PropertyValueSpecification","valueRequired":true,"valueName":"search_term_string"}}],"inLanguage":"fr-FR"}]}},"brands":[],"_links":{"self":[{"href":"https:\/\/www.mancinileather.com\/fr\/wp-json\/wp\/v2\/product\/39601","targetHints":{"allow":["GET"]}}],"collection":[{"href":"https:\/\/www.mancinileather.com\/fr\/wp-json\/wp\/v2\/product"}],"about":[{"href":"https:\/\/www.mancinileather.com\/fr\/wp-json\/wp\/v2\/types\/product"}],"replies":[{"embeddable":true,"href":"https:\/\/www.mancinileather.com\/fr\/wp-json\/wp\/v2\/comments?post=39601"}],"wp:featuredmedia":[{"embeddable":true,"href":"https:\/\/www.mancinileather.com\/fr\/wp-json\/wp\/v2\/media\/28243"}],"wp:attachment":[{"href":"https:\/\/www.mancinileather.com\/fr\/wp-json\/wp\/v2\/media?parent=39601"}],"wp:term":[{"taxonomy":"pwb-brand","embeddable":true,"href":"https:\/\/www.mancinileather.com\/fr\/wp-json\/wp\/v2\/pwb-brand?post=39601"},{"taxonomy":"product_brand","embeddable":true,"href":"https:\/\/www.mancinileather.com\/fr\/wp-json\/wp\/v2\/product_brand?post=39601"},{"taxonomy":"product_cat","embeddable":true,"href":"https:\/\/www.mancinileather.com\/fr\/wp-json\/wp\/v2\/product_cat?post=39601"},{"taxonomy":"product_tag","embeddable":true,"href":"https:\/\/www.mancinileather.com\/fr\/wp-json\/wp\/v2\/product_tag?post=39601"}],"curies":[{"name":"wp","href":"https:\/\/api.w.org\/{rel}","templated":true}]}}