{"id":39713,"date":"2022-03-29T10:20:11","date_gmt":"2022-03-29T10:20:11","guid":{"rendered":"https:\/\/mancini.bluehat.hosting\/?post_type=product&#038;p=39713"},"modified":"2025-07-24T02:23:53","modified_gmt":"2025-07-24T06:23:53","slug":"porte-documents-deux-compartiments-pour-156-po-portable-tablette","status":"publish","type":"product","link":"https:\/\/www.mancinileather.com\/fr\/produit\/porte-documents-deux-compartiments-pour-156-po-portable-tablette","title":{"rendered":"Porte-documents \u00e0 deux compartiments pour 15.6 po portable \/ tablette"},"content":{"rendered":"<p>Notre collection Arizona, une r\u00e9alisation d&#8217;une \u00e9l\u00e9gance d\u00e9contract\u00e9e intemporelle. Cette collection r\u00e9pondra \u00e0 tous vos besoins professionnels et personnels qui vous guideront de mani\u00e8re vaillante dans la vie quotidienne. Tiss\u00e9 minutieusement \u00e0 la main notre cuir de buffle au tannage v\u00e9g\u00e9tale se definit avec l\u2019\u00e2ge.<\/p>\n<p>&nbsp;<\/p>\n<p>Ce porte-documents est muni d&#8217;un \u00e9tui rembourr\u00e9 pour transporter votre tablette\/portable en toute s\u00e9curit\u00e9. Il est dot\u00e9 d&#8217;un compartiment pour vos dossiers et documents. Il est \u00e9quip\u00e9 d&#8217;un organisateur sur le front et une poche zipp\u00e9e sur le dos ainsi que plusieurs poches et pochettes pratiques qui gardent vos petits articles personnels \u00e0 port\u00e9e de main. Une sangle sur le dos permet le ferroutage du porte-documents sur d&#8217;autres bagages.<\/p>\n","protected":false},"excerpt":{"rendered":"<p>&nbsp;<\/p>\n<ul>\n<li>\u00c9tuis rembourr\u00e9s pour tablette\/portable<\/li>\n<li>Convient au portables jusqu&#8217;\u00e0 15.6\u201d pouces<\/li>\n<li>Compartiment pour dossiers et documents<\/li>\n<li>Organisateur sur le front<\/li>\n<li>Poche zipp\u00e9e sur le dos<\/li>\n<li>Sangle \u00e0 ferroutage sur le dos<\/li>\n<li>Bandouli\u00e8re amovible<\/li>\n<li>Un an de garantie limit\u00e9e\u00a0<strong>MANCINI<\/strong><\/li>\n<\/ul>\n","protected":false},"featured_media":28362,"comment_status":"open","ping_status":"closed","template":"","meta":[],"pwb-brand":[],"product_brand":[],"product_cat":[1509,1493,1467,1501],"product_tag":[],"class_list":{"0":"post-39713","1":"product","2":"type-product","3":"status-publish","4":"has-post-thumbnail","6":"product_cat-porte-documents-cuir-pour-femmes","7":"product_cat-porte-documents-cuir-pour-hommes","8":"product_cat-porte-documents-pour-laptop-tablette","9":"product_cat-solde-produits-en-cuir-promotion","10":"pa_collection-arizona-fr","11":"pa_color-brun","12":"pa_color-cognac-fr","13":"pa_color-noir-fr","14":"pa_material-cuir-de-buffle-pleine-fleur","16":"first","17":"outofstock","18":"taxable","19":"shipping-taxable","20":"product-type-variable","21":"has-default-attributes"},"yoast_head":"<!-- This site is optimized with the Yoast SEO plugin v27.4 - https:\/\/yoast.com\/product\/yoast-seo-wordpress\/ -->\n<title>Porte-documents \u00e0 deux compartiments pour 15.6 po portable \/ tablette<\/title>\n<meta name=\"description\" content=\"Notre collection Arizona, une r\u00e9alisation d&#039;une \u00e9l\u00e9gance d\u00e9contract\u00e9e intemporelle. Cette collection r\u00e9pondra \u00e0 tous vos besoins professionnels et personnels qui vous guideront de mani\u00e8re vaillante dans la vie quotidienne. Tiss\u00e9 minutieusement \u00e0 la main notre cuir de buffle au tannage v\u00e9g\u00e9tale se definit avec l\u2019\u00e2ge.\u00a0Ce porte-documents est muni d&#039;un \u00e9tui rembourr\u00e9 pour transporter votre tablette\/portable en toute s\u00e9curit\u00e9. Il est dot\u00e9 d&#039;un compartiment pour vos dossiers et documents. Il est \u00e9quip\u00e9 d&#039;un organisateur sur le front et une poche zipp\u00e9e sur le dos ainsi que plusieurs poches et pochettes pratiques qui gardent vos petits articles personnels \u00e0 port\u00e9e de main. Une sangle sur le dos permet le ferroutage du porte-documents sur d&#039;autres bagages.\" \/>\n<meta name=\"robots\" content=\"index, follow, max-snippet:-1, max-image-preview:large, max-video-preview:-1\" \/>\n<link rel=\"canonical\" href=\"https:\/\/www.mancinileather.com\/fr\/produit\/porte-documents-deux-compartiments-pour-156-po-portable-tablette\" \/>\n<meta property=\"og:locale\" content=\"fr_FR\" \/>\n<meta property=\"og:type\" content=\"article\" \/>\n<meta property=\"og:title\" content=\"Porte-documents \u00e0 deux compartiments pour 15.6 po portable \/ tablette\" \/>\n<meta property=\"og:description\" content=\"Notre collection Arizona, une r\u00e9alisation d&#039;une \u00e9l\u00e9gance d\u00e9contract\u00e9e intemporelle. Cette collection r\u00e9pondra \u00e0 tous vos besoins professionnels et personnels qui vous guideront de mani\u00e8re vaillante dans la vie quotidienne. Tiss\u00e9 minutieusement \u00e0 la main notre cuir de buffle au tannage v\u00e9g\u00e9tale se definit avec l\u2019\u00e2ge.\u00a0Ce porte-documents est muni d&#039;un \u00e9tui rembourr\u00e9 pour transporter votre tablette\/portable en toute s\u00e9curit\u00e9. Il est dot\u00e9 d&#039;un compartiment pour vos dossiers et documents. Il est \u00e9quip\u00e9 d&#039;un organisateur sur le front et une poche zipp\u00e9e sur le dos ainsi que plusieurs poches et pochettes pratiques qui gardent vos petits articles personnels \u00e0 port\u00e9e de main. Une sangle sur le dos permet le ferroutage du porte-documents sur d&#039;autres bagages.\" \/>\n<meta property=\"og:url\" content=\"https:\/\/www.mancinileather.com\/fr\/produit\/porte-documents-deux-compartiments-pour-156-po-portable-tablette\" \/>\n<meta property=\"og:site_name\" content=\"Mancini\" \/>\n<meta property=\"article:modified_time\" content=\"2025-07-24T06:23:53+00:00\" \/>\n<meta property=\"og:image\" content=\"https:\/\/www.mancinileather.com\/wp-content\/uploads\/2021\/12\/products-file_5b771bbde781c-1.jpg\" \/>\n\t<meta property=\"og:image:width\" content=\"1498\" \/>\n\t<meta property=\"og:image:height\" content=\"1200\" \/>\n\t<meta property=\"og:image:type\" content=\"image\/jpeg\" \/>\n<meta name=\"twitter:card\" content=\"summary_large_image\" \/>\n<meta name=\"twitter:label1\" content=\"Est. reading time\" \/>\n\t<meta name=\"twitter:data1\" content=\"1 minute\" \/>\n<script type=\"application\/ld+json\" class=\"yoast-schema-graph\">{\"@context\":\"https:\\\/\\\/schema.org\",\"@graph\":[{\"@type\":\"WebPage\",\"@id\":\"https:\\\/\\\/www.mancinileather.com\\\/fr\\\/produit\\\/porte-documents-deux-compartiments-pour-156-po-portable-tablette\",\"url\":\"https:\\\/\\\/www.mancinileather.com\\\/fr\\\/produit\\\/porte-documents-deux-compartiments-pour-156-po-portable-tablette\",\"name\":\"Porte-documents \u00e0 deux compartiments pour 15.6 po portable \\\/ tablette\",\"isPartOf\":{\"@id\":\"https:\\\/\\\/www.mancinileather.com\\\/fr#website\"},\"primaryImageOfPage\":{\"@id\":\"https:\\\/\\\/www.mancinileather.com\\\/fr\\\/produit\\\/porte-documents-deux-compartiments-pour-156-po-portable-tablette#primaryimage\"},\"image\":{\"@id\":\"https:\\\/\\\/www.mancinileather.com\\\/fr\\\/produit\\\/porte-documents-deux-compartiments-pour-156-po-portable-tablette#primaryimage\"},\"thumbnailUrl\":\"https:\\\/\\\/www.mancinileather.com\\\/wp-content\\\/uploads\\\/2021\\\/12\\\/products-file_5b771bbde781c-1.jpg\",\"datePublished\":\"2022-03-29T10:20:11+00:00\",\"dateModified\":\"2025-07-24T06:23:53+00:00\",\"description\":\"Notre collection Arizona, une r\u00e9alisation d'une \u00e9l\u00e9gance d\u00e9contract\u00e9e intemporelle. Cette collection r\u00e9pondra \u00e0 tous vos besoins professionnels et personnels qui vous guideront de mani\u00e8re vaillante dans la vie quotidienne. Tiss\u00e9 minutieusement \u00e0 la main notre cuir de buffle au tannage v\u00e9g\u00e9tale se definit avec l\u2019\u00e2ge.\u00a0Ce porte-documents est muni d'un \u00e9tui rembourr\u00e9 pour transporter votre tablette\\\/portable en toute s\u00e9curit\u00e9. Il est dot\u00e9 d'un compartiment pour vos dossiers et documents. Il est \u00e9quip\u00e9 d'un organisateur sur le front et une poche zipp\u00e9e sur le dos ainsi que plusieurs poches et pochettes pratiques qui gardent vos petits articles personnels \u00e0 port\u00e9e de main. Une sangle sur le dos permet le ferroutage du porte-documents sur d'autres bagages.\",\"breadcrumb\":{\"@id\":\"https:\\\/\\\/www.mancinileather.com\\\/fr\\\/produit\\\/porte-documents-deux-compartiments-pour-156-po-portable-tablette#breadcrumb\"},\"inLanguage\":\"fr-FR\",\"potentialAction\":[{\"@type\":\"ReadAction\",\"target\":[\"https:\\\/\\\/www.mancinileather.com\\\/fr\\\/produit\\\/porte-documents-deux-compartiments-pour-156-po-portable-tablette\"]}]},{\"@type\":\"ImageObject\",\"inLanguage\":\"fr-FR\",\"@id\":\"https:\\\/\\\/www.mancinileather.com\\\/fr\\\/produit\\\/porte-documents-deux-compartiments-pour-156-po-portable-tablette#primaryimage\",\"url\":\"https:\\\/\\\/www.mancinileather.com\\\/wp-content\\\/uploads\\\/2021\\\/12\\\/products-file_5b771bbde781c-1.jpg\",\"contentUrl\":\"https:\\\/\\\/www.mancinileather.com\\\/wp-content\\\/uploads\\\/2021\\\/12\\\/products-file_5b771bbde781c-1.jpg\",\"width\":1498,\"height\":1200,\"caption\":\"Double Compartment Briefcase for 15.6'' Laptop \\\/ Tablet\"},{\"@type\":\"BreadcrumbList\",\"@id\":\"https:\\\/\\\/www.mancinileather.com\\\/fr\\\/produit\\\/porte-documents-deux-compartiments-pour-156-po-portable-tablette#breadcrumb\",\"itemListElement\":[{\"@type\":\"ListItem\",\"position\":1,\"name\":\"Home\",\"item\":\"https:\\\/\\\/www.mancinileather.com\\\/fr\"},{\"@type\":\"ListItem\",\"position\":2,\"name\":\"Boutique\",\"item\":\"https:\\\/\\\/www.mancinileather.com\\\/fr\\\/boutique\"},{\"@type\":\"ListItem\",\"position\":3,\"name\":\"Porte-documents \u00e0 deux compartiments pour 15.6 po portable \\\/ tablette\"}]},{\"@type\":\"WebSite\",\"@id\":\"https:\\\/\\\/www.mancinileather.com\\\/fr#website\",\"url\":\"https:\\\/\\\/www.mancinileather.com\\\/fr\",\"name\":\"Mancini\",\"description\":\"Online Leather Store and Products\",\"potentialAction\":[{\"@type\":\"SearchAction\",\"target\":{\"@type\":\"EntryPoint\",\"urlTemplate\":\"https:\\\/\\\/www.mancinileather.com\\\/fr?s={search_term_string}\"},\"query-input\":{\"@type\":\"PropertyValueSpecification\",\"valueRequired\":true,\"valueName\":\"search_term_string\"}}],\"inLanguage\":\"fr-FR\"}]}<\/script>\n<!-- \/ Yoast SEO plugin. -->","yoast_head_json":{"title":"Porte-documents \u00e0 deux compartiments pour 15.6 po portable \/ tablette","description":"Notre collection Arizona, une r\u00e9alisation d'une \u00e9l\u00e9gance d\u00e9contract\u00e9e intemporelle. Cette collection r\u00e9pondra \u00e0 tous vos besoins professionnels et personnels qui vous guideront de mani\u00e8re vaillante dans la vie quotidienne. Tiss\u00e9 minutieusement \u00e0 la main notre cuir de buffle au tannage v\u00e9g\u00e9tale se definit avec l\u2019\u00e2ge.\u00a0Ce porte-documents est muni d'un \u00e9tui rembourr\u00e9 pour transporter votre tablette\/portable en toute s\u00e9curit\u00e9. Il est dot\u00e9 d'un compartiment pour vos dossiers et documents. Il est \u00e9quip\u00e9 d'un organisateur sur le front et une poche zipp\u00e9e sur le dos ainsi que plusieurs poches et pochettes pratiques qui gardent vos petits articles personnels \u00e0 port\u00e9e de main. Une sangle sur le dos permet le ferroutage du porte-documents sur d'autres bagages.","robots":{"index":"index","follow":"follow","max-snippet":"max-snippet:-1","max-image-preview":"max-image-preview:large","max-video-preview":"max-video-preview:-1"},"canonical":"https:\/\/www.mancinileather.com\/fr\/produit\/porte-documents-deux-compartiments-pour-156-po-portable-tablette","og_locale":"fr_FR","og_type":"article","og_title":"Porte-documents \u00e0 deux compartiments pour 15.6 po portable \/ tablette","og_description":"Notre collection Arizona, une r\u00e9alisation d'une \u00e9l\u00e9gance d\u00e9contract\u00e9e intemporelle. Cette collection r\u00e9pondra \u00e0 tous vos besoins professionnels et personnels qui vous guideront de mani\u00e8re vaillante dans la vie quotidienne. Tiss\u00e9 minutieusement \u00e0 la main notre cuir de buffle au tannage v\u00e9g\u00e9tale se definit avec l\u2019\u00e2ge.\u00a0Ce porte-documents est muni d'un \u00e9tui rembourr\u00e9 pour transporter votre tablette\/portable en toute s\u00e9curit\u00e9. Il est dot\u00e9 d'un compartiment pour vos dossiers et documents. Il est \u00e9quip\u00e9 d'un organisateur sur le front et une poche zipp\u00e9e sur le dos ainsi que plusieurs poches et pochettes pratiques qui gardent vos petits articles personnels \u00e0 port\u00e9e de main. Une sangle sur le dos permet le ferroutage du porte-documents sur d'autres bagages.","og_url":"https:\/\/www.mancinileather.com\/fr\/produit\/porte-documents-deux-compartiments-pour-156-po-portable-tablette","og_site_name":"Mancini","article_modified_time":"2025-07-24T06:23:53+00:00","og_image":[{"width":1498,"height":1200,"url":"https:\/\/www.mancinileather.com\/wp-content\/uploads\/2021\/12\/products-file_5b771bbde781c-1.jpg","type":"image\/jpeg"}],"twitter_card":"summary_large_image","twitter_misc":{"Est. reading time":"1 minute"},"schema":{"@context":"https:\/\/schema.org","@graph":[{"@type":"WebPage","@id":"https:\/\/www.mancinileather.com\/fr\/produit\/porte-documents-deux-compartiments-pour-156-po-portable-tablette","url":"https:\/\/www.mancinileather.com\/fr\/produit\/porte-documents-deux-compartiments-pour-156-po-portable-tablette","name":"Porte-documents \u00e0 deux compartiments pour 15.6 po portable \/ tablette","isPartOf":{"@id":"https:\/\/www.mancinileather.com\/fr#website"},"primaryImageOfPage":{"@id":"https:\/\/www.mancinileather.com\/fr\/produit\/porte-documents-deux-compartiments-pour-156-po-portable-tablette#primaryimage"},"image":{"@id":"https:\/\/www.mancinileather.com\/fr\/produit\/porte-documents-deux-compartiments-pour-156-po-portable-tablette#primaryimage"},"thumbnailUrl":"https:\/\/www.mancinileather.com\/wp-content\/uploads\/2021\/12\/products-file_5b771bbde781c-1.jpg","datePublished":"2022-03-29T10:20:11+00:00","dateModified":"2025-07-24T06:23:53+00:00","description":"Notre collection Arizona, une r\u00e9alisation d'une \u00e9l\u00e9gance d\u00e9contract\u00e9e intemporelle. Cette collection r\u00e9pondra \u00e0 tous vos besoins professionnels et personnels qui vous guideront de mani\u00e8re vaillante dans la vie quotidienne. Tiss\u00e9 minutieusement \u00e0 la main notre cuir de buffle au tannage v\u00e9g\u00e9tale se definit avec l\u2019\u00e2ge.\u00a0Ce porte-documents est muni d'un \u00e9tui rembourr\u00e9 pour transporter votre tablette\/portable en toute s\u00e9curit\u00e9. Il est dot\u00e9 d'un compartiment pour vos dossiers et documents. Il est \u00e9quip\u00e9 d'un organisateur sur le front et une poche zipp\u00e9e sur le dos ainsi que plusieurs poches et pochettes pratiques qui gardent vos petits articles personnels \u00e0 port\u00e9e de main. Une sangle sur le dos permet le ferroutage du porte-documents sur d'autres bagages.","breadcrumb":{"@id":"https:\/\/www.mancinileather.com\/fr\/produit\/porte-documents-deux-compartiments-pour-156-po-portable-tablette#breadcrumb"},"inLanguage":"fr-FR","potentialAction":[{"@type":"ReadAction","target":["https:\/\/www.mancinileather.com\/fr\/produit\/porte-documents-deux-compartiments-pour-156-po-portable-tablette"]}]},{"@type":"ImageObject","inLanguage":"fr-FR","@id":"https:\/\/www.mancinileather.com\/fr\/produit\/porte-documents-deux-compartiments-pour-156-po-portable-tablette#primaryimage","url":"https:\/\/www.mancinileather.com\/wp-content\/uploads\/2021\/12\/products-file_5b771bbde781c-1.jpg","contentUrl":"https:\/\/www.mancinileather.com\/wp-content\/uploads\/2021\/12\/products-file_5b771bbde781c-1.jpg","width":1498,"height":1200,"caption":"Double Compartment Briefcase for 15.6'' Laptop \/ Tablet"},{"@type":"BreadcrumbList","@id":"https:\/\/www.mancinileather.com\/fr\/produit\/porte-documents-deux-compartiments-pour-156-po-portable-tablette#breadcrumb","itemListElement":[{"@type":"ListItem","position":1,"name":"Home","item":"https:\/\/www.mancinileather.com\/fr"},{"@type":"ListItem","position":2,"name":"Boutique","item":"https:\/\/www.mancinileather.com\/fr\/boutique"},{"@type":"ListItem","position":3,"name":"Porte-documents \u00e0 deux compartiments pour 15.6 po portable \/ tablette"}]},{"@type":"WebSite","@id":"https:\/\/www.mancinileather.com\/fr#website","url":"https:\/\/www.mancinileather.com\/fr","name":"Mancini","description":"Online Leather Store and Products","potentialAction":[{"@type":"SearchAction","target":{"@type":"EntryPoint","urlTemplate":"https:\/\/www.mancinileather.com\/fr?s={search_term_string}"},"query-input":{"@type":"PropertyValueSpecification","valueRequired":true,"valueName":"search_term_string"}}],"inLanguage":"fr-FR"}]}},"brands":[],"_links":{"self":[{"href":"https:\/\/www.mancinileather.com\/fr\/wp-json\/wp\/v2\/product\/39713","targetHints":{"allow":["GET"]}}],"collection":[{"href":"https:\/\/www.mancinileather.com\/fr\/wp-json\/wp\/v2\/product"}],"about":[{"href":"https:\/\/www.mancinileather.com\/fr\/wp-json\/wp\/v2\/types\/product"}],"replies":[{"embeddable":true,"href":"https:\/\/www.mancinileather.com\/fr\/wp-json\/wp\/v2\/comments?post=39713"}],"wp:featuredmedia":[{"embeddable":true,"href":"https:\/\/www.mancinileather.com\/fr\/wp-json\/wp\/v2\/media\/28362"}],"wp:attachment":[{"href":"https:\/\/www.mancinileather.com\/fr\/wp-json\/wp\/v2\/media?parent=39713"}],"wp:term":[{"taxonomy":"pwb-brand","embeddable":true,"href":"https:\/\/www.mancinileather.com\/fr\/wp-json\/wp\/v2\/pwb-brand?post=39713"},{"taxonomy":"product_brand","embeddable":true,"href":"https:\/\/www.mancinileather.com\/fr\/wp-json\/wp\/v2\/product_brand?post=39713"},{"taxonomy":"product_cat","embeddable":true,"href":"https:\/\/www.mancinileather.com\/fr\/wp-json\/wp\/v2\/product_cat?post=39713"},{"taxonomy":"product_tag","embeddable":true,"href":"https:\/\/www.mancinileather.com\/fr\/wp-json\/wp\/v2\/product_tag?post=39713"}],"curies":[{"name":"wp","href":"https:\/\/api.w.org\/{rel}","templated":true}]}}