{"id":41347,"date":"2022-03-29T10:39:06","date_gmt":"2022-03-29T10:39:06","guid":{"rendered":"https:\/\/mancini.bluehat.hosting\/?post_type=product&#038;p=41347"},"modified":"2025-07-24T02:23:52","modified_gmt":"2025-07-24T06:23:52","slug":"portefeuille-rfid-moyen-pour-dames-casablanca","status":"publish","type":"product","link":"https:\/\/www.mancinileather.com\/fr\/produit\/portefeuille-rfid-moyen-pour-dames-casablanca","title":{"rendered":"Portefeuille RFID moyen pour dames"},"content":{"rendered":"<div class=\"fusion-fullwidth fullwidth-box fusion-builder-row-1 fusion-flex-container nonhundred-percent-fullwidth non-hundred-percent-height-scrolling\" style=\"--awb-border-radius-top-left:0px;--awb-border-radius-top-right:0px;--awb-border-radius-bottom-right:0px;--awb-border-radius-bottom-left:0px;--awb-flex-wrap:wrap;\" ><div class=\"fusion-builder-row fusion-row fusion-flex-align-items-flex-start fusion-flex-content-wrap\" style=\"max-width:1430px;margin-left: calc(-4% \/ 2 );margin-right: calc(-4% \/ 2 );\"><div class=\"fusion-layout-column fusion_builder_column fusion-builder-column-0 fusion_builder_column_1_1 1_1 fusion-flex-column\" style=\"--awb-bg-size:cover;--awb-width-large:100%;--awb-margin-top-large:0px;--awb-spacing-right-large:1.92%;--awb-margin-bottom-large:0px;--awb-spacing-left-large:1.92%;--awb-width-medium:100%;--awb-spacing-right-medium:1.92%;--awb-spacing-left-medium:1.92%;--awb-width-small:100%;--awb-spacing-right-small:1.92%;--awb-spacing-left-small:1.92%;\"><div class=\"fusion-column-wrapper fusion-flex-justify-content-flex-start fusion-content-layout-column\"><div class=\"fusion-text fusion-text-1\"><p>Notre\u00a0collection\u00a0<strong>CASABLANCA\u00a0<\/strong>c\u00e9l\u00e8bre la fusion de style traditionnel et contemporain. Urbain et chic avec une attitude d\u00e9contract\u00e9e. \u00c9quip\u00e9s de\u00a0la derni\u00e8re technologie de blocage d&#8217;ondes RFID\u00a0pour assurer que vos donn\u00e9es et vos cartes sont s\u00e9curitaires. Des couches m\u00e9talliques sp\u00e9ciales int\u00e9gr\u00e9es dans les fentes pour cartes emp\u00eachent la lecture \u00e9lectronique de votre portefeuille. Articles en cuir pleine fleur fabriqu\u00e9s \u00e0 la main.<\/p>\n<p>Ce portefeuille de taille moyenne comprend une poche divis\u00e9e pour la monnaie et plusieurs fentes pour cartes de\u00a0cr\u00e9dit. Le tout est s\u00e9curis\u00e9 par une sangle \u00e0 bouton pression.<\/p>\n<\/div><\/div><\/div><\/div><\/div>\n","protected":false},"excerpt":{"rendered":"<p>&nbsp;<\/p>\n<ul>\n<li>\u00c9quip\u00e9 de la derni\u00e8re technologie de blocage d&#8217;ondes RFID<\/li>\n<li>Poche divis\u00e9e pour la monnaie<\/li>\n<li>Une poche pour carte d\u2019identit\u00e9<\/li>\n<li>17 fentes pour cartes de cr\u00e9dits<\/li>\n<li>Plusieurs sections pour billets<\/li>\n<li>Un an de garantie limit\u00e9e\u00a0<strong>MANCINI<\/strong><\/li>\n<\/ul>\n<p>&nbsp;<\/p>\n","protected":false},"featured_media":41349,"comment_status":"open","ping_status":"closed","template":"","meta":[],"pwb-brand":[],"product_brand":[],"product_cat":[1459,1630],"product_tag":[],"class_list":{"0":"post-41347","1":"product","2":"type-product","3":"status-publish","4":"has-post-thumbnail","6":"product_cat-portefeuilles-en-cuir-femme","7":"product_cat-femme","8":"pa_collection-casablanca-fr-2","9":"pa_color-brun","10":"pa_color-casablanca-red-fr","11":"pa_color-cognac-fr","12":"pa_color-noir-fr","13":"pa_material-cuir-cire-huileux-pleine-fleur","15":"first","16":"instock","17":"taxable","18":"shipping-taxable","19":"purchasable","20":"product-type-variable","21":"has-default-attributes"},"yoast_head":"<!-- This site is optimized with the Yoast SEO plugin v25.5 - https:\/\/yoast.com\/wordpress\/plugins\/seo\/ -->\n<title>Portefeuille RFID moyen pour dames<\/title>\n<meta name=\"description\" content=\"D\u00e9couvrez le portefeuille RFID moyen de notre collection Casablanca, un accessoire raffin\u00e9 qui allie fonctionnalit\u00e9 et s\u00e9curit\u00e9.\" \/>\n<meta name=\"robots\" content=\"index, follow, max-snippet:-1, max-image-preview:large, max-video-preview:-1\" \/>\n<link rel=\"canonical\" href=\"https:\/\/www.mancinileather.com\/fr\/produit\/portefeuille-rfid-moyen-pour-dames-casablanca\" \/>\n<meta property=\"og:locale\" content=\"fr_FR\" \/>\n<meta property=\"og:type\" content=\"article\" \/>\n<meta property=\"og:title\" content=\"Portefeuille RFID moyen pour dames\" \/>\n<meta property=\"og:description\" content=\"D\u00e9couvrez le portefeuille RFID moyen de notre collection Casablanca, un accessoire raffin\u00e9 qui allie fonctionnalit\u00e9 et s\u00e9curit\u00e9.\" \/>\n<meta property=\"og:url\" content=\"https:\/\/www.mancinileather.com\/fr\/produit\/portefeuille-rfid-moyen-pour-dames-casablanca\" \/>\n<meta property=\"og:site_name\" content=\"Mancini\" \/>\n<meta property=\"article:modified_time\" content=\"2025-07-24T06:23:52+00:00\" \/>\n<meta property=\"og:image\" content=\"https:\/\/www.mancinileather.com\/wp-content\/uploads\/2021\/12\/products-file_5afde2821539e.jpg\" \/>\n\t<meta property=\"og:image:width\" content=\"1076\" \/>\n\t<meta property=\"og:image:height\" content=\"687\" \/>\n\t<meta property=\"og:image:type\" content=\"image\/jpeg\" \/>\n<meta name=\"twitter:card\" content=\"summary_large_image\" \/>\n<meta name=\"twitter:label1\" content=\"Est. reading time\" \/>\n\t<meta name=\"twitter:data1\" content=\"1 minute\" \/>\n<script type=\"application\/ld+json\" class=\"yoast-schema-graph\">{\"@context\":\"https:\/\/schema.org\",\"@graph\":[{\"@type\":\"WebPage\",\"@id\":\"https:\/\/www.mancinileather.com\/fr\/produit\/portefeuille-rfid-moyen-pour-dames-casablanca\",\"url\":\"https:\/\/www.mancinileather.com\/fr\/produit\/portefeuille-rfid-moyen-pour-dames-casablanca\",\"name\":\"Portefeuille RFID moyen pour dames\",\"isPartOf\":{\"@id\":\"https:\/\/www.mancinileather.com\/fr#website\"},\"primaryImageOfPage\":{\"@id\":\"https:\/\/www.mancinileather.com\/fr\/produit\/portefeuille-rfid-moyen-pour-dames-casablanca#primaryimage\"},\"image\":{\"@id\":\"https:\/\/www.mancinileather.com\/fr\/produit\/portefeuille-rfid-moyen-pour-dames-casablanca#primaryimage\"},\"thumbnailUrl\":\"https:\/\/www.mancinileather.com\/wp-content\/uploads\/2021\/12\/products-file_5afde2821539e.jpg\",\"datePublished\":\"2022-03-29T10:39:06+00:00\",\"dateModified\":\"2025-07-24T06:23:52+00:00\",\"description\":\"D\u00e9couvrez le portefeuille RFID moyen de notre collection Casablanca, un accessoire raffin\u00e9 qui allie fonctionnalit\u00e9 et s\u00e9curit\u00e9.\",\"breadcrumb\":{\"@id\":\"https:\/\/www.mancinileather.com\/fr\/produit\/portefeuille-rfid-moyen-pour-dames-casablanca#breadcrumb\"},\"inLanguage\":\"fr-FR\",\"potentialAction\":[{\"@type\":\"ReadAction\",\"target\":[\"https:\/\/www.mancinileather.com\/fr\/produit\/portefeuille-rfid-moyen-pour-dames-casablanca\"]}]},{\"@type\":\"ImageObject\",\"inLanguage\":\"fr-FR\",\"@id\":\"https:\/\/www.mancinileather.com\/fr\/produit\/portefeuille-rfid-moyen-pour-dames-casablanca#primaryimage\",\"url\":\"https:\/\/www.mancinileather.com\/wp-content\/uploads\/2021\/12\/products-file_5afde2821539e.jpg\",\"contentUrl\":\"https:\/\/www.mancinileather.com\/wp-content\/uploads\/2021\/12\/products-file_5afde2821539e.jpg\",\"width\":1076,\"height\":687,\"caption\":\"Portefeuille RFID moyen pour dames\"},{\"@type\":\"BreadcrumbList\",\"@id\":\"https:\/\/www.mancinileather.com\/fr\/produit\/portefeuille-rfid-moyen-pour-dames-casablanca#breadcrumb\",\"itemListElement\":[{\"@type\":\"ListItem\",\"position\":1,\"name\":\"Home\",\"item\":\"https:\/\/www.mancinileather.com\/fr\"},{\"@type\":\"ListItem\",\"position\":2,\"name\":\"Boutique\",\"item\":\"https:\/\/www.mancinileather.com\/fr\/boutique\"},{\"@type\":\"ListItem\",\"position\":3,\"name\":\"Portefeuille RFID moyen pour dames\"}]},{\"@type\":\"WebSite\",\"@id\":\"https:\/\/www.mancinileather.com\/fr#website\",\"url\":\"https:\/\/www.mancinileather.com\/fr\",\"name\":\"Mancini\",\"description\":\"Online Leather Store and Products\",\"potentialAction\":[{\"@type\":\"SearchAction\",\"target\":{\"@type\":\"EntryPoint\",\"urlTemplate\":\"https:\/\/www.mancinileather.com\/fr?s={search_term_string}\"},\"query-input\":{\"@type\":\"PropertyValueSpecification\",\"valueRequired\":true,\"valueName\":\"search_term_string\"}}],\"inLanguage\":\"fr-FR\"}]}<\/script>\n<!-- \/ Yoast SEO plugin. -->","yoast_head_json":{"title":"Portefeuille RFID moyen pour dames","description":"D\u00e9couvrez le portefeuille RFID moyen de notre collection Casablanca, un accessoire raffin\u00e9 qui allie fonctionnalit\u00e9 et s\u00e9curit\u00e9.","robots":{"index":"index","follow":"follow","max-snippet":"max-snippet:-1","max-image-preview":"max-image-preview:large","max-video-preview":"max-video-preview:-1"},"canonical":"https:\/\/www.mancinileather.com\/fr\/produit\/portefeuille-rfid-moyen-pour-dames-casablanca","og_locale":"fr_FR","og_type":"article","og_title":"Portefeuille RFID moyen pour dames","og_description":"D\u00e9couvrez le portefeuille RFID moyen de notre collection Casablanca, un accessoire raffin\u00e9 qui allie fonctionnalit\u00e9 et s\u00e9curit\u00e9.","og_url":"https:\/\/www.mancinileather.com\/fr\/produit\/portefeuille-rfid-moyen-pour-dames-casablanca","og_site_name":"Mancini","article_modified_time":"2025-07-24T06:23:52+00:00","og_image":[{"width":1076,"height":687,"url":"https:\/\/www.mancinileather.com\/wp-content\/uploads\/2021\/12\/products-file_5afde2821539e.jpg","type":"image\/jpeg"}],"twitter_card":"summary_large_image","twitter_misc":{"Est. reading time":"1 minute"},"schema":{"@context":"https:\/\/schema.org","@graph":[{"@type":"WebPage","@id":"https:\/\/www.mancinileather.com\/fr\/produit\/portefeuille-rfid-moyen-pour-dames-casablanca","url":"https:\/\/www.mancinileather.com\/fr\/produit\/portefeuille-rfid-moyen-pour-dames-casablanca","name":"Portefeuille RFID moyen pour dames","isPartOf":{"@id":"https:\/\/www.mancinileather.com\/fr#website"},"primaryImageOfPage":{"@id":"https:\/\/www.mancinileather.com\/fr\/produit\/portefeuille-rfid-moyen-pour-dames-casablanca#primaryimage"},"image":{"@id":"https:\/\/www.mancinileather.com\/fr\/produit\/portefeuille-rfid-moyen-pour-dames-casablanca#primaryimage"},"thumbnailUrl":"https:\/\/www.mancinileather.com\/wp-content\/uploads\/2021\/12\/products-file_5afde2821539e.jpg","datePublished":"2022-03-29T10:39:06+00:00","dateModified":"2025-07-24T06:23:52+00:00","description":"D\u00e9couvrez le portefeuille RFID moyen de notre collection Casablanca, un accessoire raffin\u00e9 qui allie fonctionnalit\u00e9 et s\u00e9curit\u00e9.","breadcrumb":{"@id":"https:\/\/www.mancinileather.com\/fr\/produit\/portefeuille-rfid-moyen-pour-dames-casablanca#breadcrumb"},"inLanguage":"fr-FR","potentialAction":[{"@type":"ReadAction","target":["https:\/\/www.mancinileather.com\/fr\/produit\/portefeuille-rfid-moyen-pour-dames-casablanca"]}]},{"@type":"ImageObject","inLanguage":"fr-FR","@id":"https:\/\/www.mancinileather.com\/fr\/produit\/portefeuille-rfid-moyen-pour-dames-casablanca#primaryimage","url":"https:\/\/www.mancinileather.com\/wp-content\/uploads\/2021\/12\/products-file_5afde2821539e.jpg","contentUrl":"https:\/\/www.mancinileather.com\/wp-content\/uploads\/2021\/12\/products-file_5afde2821539e.jpg","width":1076,"height":687,"caption":"Portefeuille RFID moyen pour dames"},{"@type":"BreadcrumbList","@id":"https:\/\/www.mancinileather.com\/fr\/produit\/portefeuille-rfid-moyen-pour-dames-casablanca#breadcrumb","itemListElement":[{"@type":"ListItem","position":1,"name":"Home","item":"https:\/\/www.mancinileather.com\/fr"},{"@type":"ListItem","position":2,"name":"Boutique","item":"https:\/\/www.mancinileather.com\/fr\/boutique"},{"@type":"ListItem","position":3,"name":"Portefeuille RFID moyen pour dames"}]},{"@type":"WebSite","@id":"https:\/\/www.mancinileather.com\/fr#website","url":"https:\/\/www.mancinileather.com\/fr","name":"Mancini","description":"Online Leather Store and Products","potentialAction":[{"@type":"SearchAction","target":{"@type":"EntryPoint","urlTemplate":"https:\/\/www.mancinileather.com\/fr?s={search_term_string}"},"query-input":{"@type":"PropertyValueSpecification","valueRequired":true,"valueName":"search_term_string"}}],"inLanguage":"fr-FR"}]}},"brands":[],"_links":{"self":[{"href":"https:\/\/www.mancinileather.com\/fr\/wp-json\/wp\/v2\/product\/41347","targetHints":{"allow":["GET"]}}],"collection":[{"href":"https:\/\/www.mancinileather.com\/fr\/wp-json\/wp\/v2\/product"}],"about":[{"href":"https:\/\/www.mancinileather.com\/fr\/wp-json\/wp\/v2\/types\/product"}],"replies":[{"embeddable":true,"href":"https:\/\/www.mancinileather.com\/fr\/wp-json\/wp\/v2\/comments?post=41347"}],"wp:featuredmedia":[{"embeddable":true,"href":"https:\/\/www.mancinileather.com\/fr\/wp-json\/wp\/v2\/media\/41349"}],"wp:attachment":[{"href":"https:\/\/www.mancinileather.com\/fr\/wp-json\/wp\/v2\/media?parent=41347"}],"wp:term":[{"taxonomy":"pwb-brand","embeddable":true,"href":"https:\/\/www.mancinileather.com\/fr\/wp-json\/wp\/v2\/pwb-brand?post=41347"},{"taxonomy":"product_brand","embeddable":true,"href":"https:\/\/www.mancinileather.com\/fr\/wp-json\/wp\/v2\/product_brand?post=41347"},{"taxonomy":"product_cat","embeddable":true,"href":"https:\/\/www.mancinileather.com\/fr\/wp-json\/wp\/v2\/product_cat?post=41347"},{"taxonomy":"product_tag","embeddable":true,"href":"https:\/\/www.mancinileather.com\/fr\/wp-json\/wp\/v2\/product_tag?post=41347"}],"curies":[{"name":"wp","href":"https:\/\/api.w.org\/{rel}","templated":true}]}}