{"id":41471,"date":"2022-03-29T10:40:41","date_gmt":"2022-03-29T10:40:41","guid":{"rendered":"https:\/\/mancini.bluehat.hosting\/?post_type=product&#038;p=41471"},"modified":"2025-07-24T02:23:51","modified_gmt":"2025-07-24T06:23:51","slug":"portefeuille-rfid-trois-volets-pour-homme","status":"publish","type":"product","link":"https:\/\/www.mancinileather.com\/fr\/produit\/portefeuille-rfid-trois-volets-pour-homme","title":{"rendered":"Portefeuille RFID \u00e0 trois volets pour homme"},"content":{"rendered":"<div class=\"fusion-fullwidth fullwidth-box fusion-builder-row-1 fusion-flex-container nonhundred-percent-fullwidth non-hundred-percent-height-scrolling\" style=\"--awb-border-radius-top-left:0px;--awb-border-radius-top-right:0px;--awb-border-radius-bottom-right:0px;--awb-border-radius-bottom-left:0px;--awb-flex-wrap:wrap;\" ><div class=\"fusion-builder-row fusion-row fusion-flex-align-items-flex-start fusion-flex-content-wrap\" style=\"max-width:1430px;margin-left: calc(-4% \/ 2 );margin-right: calc(-4% \/ 2 );\"><div class=\"fusion-layout-column fusion_builder_column fusion-builder-column-0 fusion_builder_column_1_1 1_1 fusion-flex-column\" style=\"--awb-bg-size:cover;--awb-width-large:100%;--awb-margin-top-large:0px;--awb-spacing-right-large:1.92%;--awb-margin-bottom-large:0px;--awb-spacing-left-large:1.92%;--awb-width-medium:100%;--awb-spacing-right-medium:1.92%;--awb-spacing-left-medium:1.92%;--awb-width-small:100%;--awb-spacing-right-small:1.92%;--awb-spacing-left-small:1.92%;\"><div class=\"fusion-column-wrapper fusion-flex-justify-content-flex-start fusion-content-layout-column\"><div class=\"fusion-text fusion-text-1\"><p>Au style urbain, aventureux et inspir\u00e9 par les Rocheuses du Colorado, notre collection\u00a0BOULDER\u00a0arbore un look contemporain rappelant aussi un style de vie de plein air. Les articles de cette collection sont dot\u00e9s de la plus r\u00e9cente technologie de blocage d\u2019ondes RFID pour assurer la s\u00e9curit\u00e9 de vos donn\u00e9es et de vos cartes. Des couches\u00a0m\u00e9talliques sp\u00e9ciales int\u00e9gr\u00e9es dans les fentes pour cartes emp\u00eachent la lecture \u00e9lectronique de l\u2019information se trouvant dans votre\u00a0portefeuille. Somme toute, il s\u2019agit de superbes articles fabriqu\u00e9s \u00e0 la main en cuir de vache pleine fleur de qualit\u00e9.<\/p>\n<p>Ce portefeuille \u00e0 trois volets est \u00e9quip\u00e9 de plusieurs fentes pour cartes de cr\u00e9dit, un section pour billets ainsi qu\u2019une poche pour carte d&#8217;identit\u00e9.<\/p>\n<\/div><\/div><\/div><\/div><\/div>\n","protected":false},"excerpt":{"rendered":"<p>&nbsp;<\/p>\n<ul>\n<li>Equip\u00e9 de<strong>\u00a0<\/strong>la derni\u00e8re technologie de blocage d&#8217;ondes RFID<\/li>\n<li>Poche pour carte d&#8217;identit\u00e9<\/li>\n<li>8 fentes pour cartes de cr\u00e9dit<\/li>\n<li>Section pour billets<\/li>\n<li>Joliment emball\u00e9 dans un coffret cadeau \u00e9l\u00e9gant<\/li>\n<li>Un an de garantie limit\u00e9e\u00a0<strong>MANCINI<\/strong><\/li>\n<\/ul>\n","protected":false},"featured_media":41473,"comment_status":"open","ping_status":"closed","template":"","meta":[],"pwb-brand":[],"product_brand":[],"product_cat":[1638,1457],"product_tag":[],"class_list":{"0":"post-41471","1":"product","2":"type-product","3":"status-publish","4":"has-post-thumbnail","6":"product_cat-hommes","7":"product_cat-portefeuilles-en-cuir-homme","8":"pa_collection-boulder-fr-2","9":"pa_color-brun","10":"pa_color-noir-fr","11":"pa_material-cuir-pleine-fleur-fin-fr","13":"first","14":"instock","15":"taxable","16":"shipping-taxable","17":"purchasable","18":"product-type-variable","19":"has-default-attributes"},"yoast_head":"<!-- This site is optimized with the Yoast SEO plugin v27.4 - https:\/\/yoast.com\/product\/yoast-seo-wordpress\/ -->\n<title>Portefeuille RFID \u00e0 trois volets pour homme<\/title>\n<meta name=\"description\" content=\"Optez pour l&#039;\u00e9l\u00e9gance et la s\u00e9curit\u00e9 avec ce portefeuille RFID \u00e0 trois volets. Prot\u00e9gez vos cartes avec style. Commandez d\u00e8s maintenant !\" \/>\n<meta name=\"robots\" content=\"index, follow, max-snippet:-1, max-image-preview:large, max-video-preview:-1\" \/>\n<link rel=\"canonical\" href=\"https:\/\/www.mancinileather.com\/fr\/produit\/portefeuille-rfid-trois-volets-pour-homme\" \/>\n<meta property=\"og:locale\" content=\"fr_FR\" \/>\n<meta property=\"og:type\" content=\"article\" \/>\n<meta property=\"og:title\" content=\"Portefeuille RFID \u00e0 trois volets pour homme\" \/>\n<meta property=\"og:description\" content=\"Optez pour l&#039;\u00e9l\u00e9gance et la s\u00e9curit\u00e9 avec ce portefeuille RFID \u00e0 trois volets. Prot\u00e9gez vos cartes avec style. Commandez d\u00e8s maintenant !\" \/>\n<meta property=\"og:url\" content=\"https:\/\/www.mancinileather.com\/fr\/produit\/portefeuille-rfid-trois-volets-pour-homme\" \/>\n<meta property=\"og:site_name\" content=\"Mancini\" \/>\n<meta property=\"article:modified_time\" content=\"2025-07-24T06:23:51+00:00\" \/>\n<meta property=\"og:image\" content=\"https:\/\/www.mancinileather.com\/wp-content\/uploads\/2021\/12\/products-file_5b042704c6a49.jpg\" \/>\n\t<meta property=\"og:image:width\" content=\"1027\" \/>\n\t<meta property=\"og:image:height\" content=\"1155\" \/>\n\t<meta property=\"og:image:type\" content=\"image\/jpeg\" \/>\n<meta name=\"twitter:card\" content=\"summary_large_image\" \/>\n<meta name=\"twitter:label1\" content=\"Est. reading time\" \/>\n\t<meta name=\"twitter:data1\" content=\"1 minute\" \/>\n<script type=\"application\/ld+json\" class=\"yoast-schema-graph\">{\"@context\":\"https:\\\/\\\/schema.org\",\"@graph\":[{\"@type\":\"WebPage\",\"@id\":\"https:\\\/\\\/www.mancinileather.com\\\/fr\\\/produit\\\/portefeuille-rfid-trois-volets-pour-homme\",\"url\":\"https:\\\/\\\/www.mancinileather.com\\\/fr\\\/produit\\\/portefeuille-rfid-trois-volets-pour-homme\",\"name\":\"Portefeuille RFID \u00e0 trois volets pour homme\",\"isPartOf\":{\"@id\":\"https:\\\/\\\/www.mancinileather.com\\\/fr#website\"},\"primaryImageOfPage\":{\"@id\":\"https:\\\/\\\/www.mancinileather.com\\\/fr\\\/produit\\\/portefeuille-rfid-trois-volets-pour-homme#primaryimage\"},\"image\":{\"@id\":\"https:\\\/\\\/www.mancinileather.com\\\/fr\\\/produit\\\/portefeuille-rfid-trois-volets-pour-homme#primaryimage\"},\"thumbnailUrl\":\"https:\\\/\\\/www.mancinileather.com\\\/wp-content\\\/uploads\\\/2021\\\/12\\\/products-file_5b042704c6a49.jpg\",\"datePublished\":\"2022-03-29T10:40:41+00:00\",\"dateModified\":\"2025-07-24T06:23:51+00:00\",\"description\":\"Optez pour l'\u00e9l\u00e9gance et la s\u00e9curit\u00e9 avec ce portefeuille RFID \u00e0 trois volets. Prot\u00e9gez vos cartes avec style. Commandez d\u00e8s maintenant !\",\"breadcrumb\":{\"@id\":\"https:\\\/\\\/www.mancinileather.com\\\/fr\\\/produit\\\/portefeuille-rfid-trois-volets-pour-homme#breadcrumb\"},\"inLanguage\":\"fr-FR\",\"potentialAction\":[{\"@type\":\"ReadAction\",\"target\":[\"https:\\\/\\\/www.mancinileather.com\\\/fr\\\/produit\\\/portefeuille-rfid-trois-volets-pour-homme\"]}]},{\"@type\":\"ImageObject\",\"inLanguage\":\"fr-FR\",\"@id\":\"https:\\\/\\\/www.mancinileather.com\\\/fr\\\/produit\\\/portefeuille-rfid-trois-volets-pour-homme#primaryimage\",\"url\":\"https:\\\/\\\/www.mancinileather.com\\\/wp-content\\\/uploads\\\/2021\\\/12\\\/products-file_5b042704c6a49.jpg\",\"contentUrl\":\"https:\\\/\\\/www.mancinileather.com\\\/wp-content\\\/uploads\\\/2021\\\/12\\\/products-file_5b042704c6a49.jpg\",\"width\":1027,\"height\":1155,\"caption\":\"Portefeuille RFID \u00e0 trois volets pour homme\"},{\"@type\":\"BreadcrumbList\",\"@id\":\"https:\\\/\\\/www.mancinileather.com\\\/fr\\\/produit\\\/portefeuille-rfid-trois-volets-pour-homme#breadcrumb\",\"itemListElement\":[{\"@type\":\"ListItem\",\"position\":1,\"name\":\"Home\",\"item\":\"https:\\\/\\\/www.mancinileather.com\\\/fr\"},{\"@type\":\"ListItem\",\"position\":2,\"name\":\"Boutique\",\"item\":\"https:\\\/\\\/www.mancinileather.com\\\/fr\\\/boutique\"},{\"@type\":\"ListItem\",\"position\":3,\"name\":\"Portefeuille RFID \u00e0 trois volets pour homme\"}]},{\"@type\":\"WebSite\",\"@id\":\"https:\\\/\\\/www.mancinileather.com\\\/fr#website\",\"url\":\"https:\\\/\\\/www.mancinileather.com\\\/fr\",\"name\":\"Mancini\",\"description\":\"Online Leather Store and Products\",\"potentialAction\":[{\"@type\":\"SearchAction\",\"target\":{\"@type\":\"EntryPoint\",\"urlTemplate\":\"https:\\\/\\\/www.mancinileather.com\\\/fr?s={search_term_string}\"},\"query-input\":{\"@type\":\"PropertyValueSpecification\",\"valueRequired\":true,\"valueName\":\"search_term_string\"}}],\"inLanguage\":\"fr-FR\"}]}<\/script>\n<!-- \/ Yoast SEO plugin. -->","yoast_head_json":{"title":"Portefeuille RFID \u00e0 trois volets pour homme","description":"Optez pour l'\u00e9l\u00e9gance et la s\u00e9curit\u00e9 avec ce portefeuille RFID \u00e0 trois volets. Prot\u00e9gez vos cartes avec style. Commandez d\u00e8s maintenant !","robots":{"index":"index","follow":"follow","max-snippet":"max-snippet:-1","max-image-preview":"max-image-preview:large","max-video-preview":"max-video-preview:-1"},"canonical":"https:\/\/www.mancinileather.com\/fr\/produit\/portefeuille-rfid-trois-volets-pour-homme","og_locale":"fr_FR","og_type":"article","og_title":"Portefeuille RFID \u00e0 trois volets pour homme","og_description":"Optez pour l'\u00e9l\u00e9gance et la s\u00e9curit\u00e9 avec ce portefeuille RFID \u00e0 trois volets. Prot\u00e9gez vos cartes avec style. Commandez d\u00e8s maintenant !","og_url":"https:\/\/www.mancinileather.com\/fr\/produit\/portefeuille-rfid-trois-volets-pour-homme","og_site_name":"Mancini","article_modified_time":"2025-07-24T06:23:51+00:00","og_image":[{"width":1027,"height":1155,"url":"https:\/\/www.mancinileather.com\/wp-content\/uploads\/2021\/12\/products-file_5b042704c6a49.jpg","type":"image\/jpeg"}],"twitter_card":"summary_large_image","twitter_misc":{"Est. reading time":"1 minute"},"schema":{"@context":"https:\/\/schema.org","@graph":[{"@type":"WebPage","@id":"https:\/\/www.mancinileather.com\/fr\/produit\/portefeuille-rfid-trois-volets-pour-homme","url":"https:\/\/www.mancinileather.com\/fr\/produit\/portefeuille-rfid-trois-volets-pour-homme","name":"Portefeuille RFID \u00e0 trois volets pour homme","isPartOf":{"@id":"https:\/\/www.mancinileather.com\/fr#website"},"primaryImageOfPage":{"@id":"https:\/\/www.mancinileather.com\/fr\/produit\/portefeuille-rfid-trois-volets-pour-homme#primaryimage"},"image":{"@id":"https:\/\/www.mancinileather.com\/fr\/produit\/portefeuille-rfid-trois-volets-pour-homme#primaryimage"},"thumbnailUrl":"https:\/\/www.mancinileather.com\/wp-content\/uploads\/2021\/12\/products-file_5b042704c6a49.jpg","datePublished":"2022-03-29T10:40:41+00:00","dateModified":"2025-07-24T06:23:51+00:00","description":"Optez pour l'\u00e9l\u00e9gance et la s\u00e9curit\u00e9 avec ce portefeuille RFID \u00e0 trois volets. Prot\u00e9gez vos cartes avec style. Commandez d\u00e8s maintenant !","breadcrumb":{"@id":"https:\/\/www.mancinileather.com\/fr\/produit\/portefeuille-rfid-trois-volets-pour-homme#breadcrumb"},"inLanguage":"fr-FR","potentialAction":[{"@type":"ReadAction","target":["https:\/\/www.mancinileather.com\/fr\/produit\/portefeuille-rfid-trois-volets-pour-homme"]}]},{"@type":"ImageObject","inLanguage":"fr-FR","@id":"https:\/\/www.mancinileather.com\/fr\/produit\/portefeuille-rfid-trois-volets-pour-homme#primaryimage","url":"https:\/\/www.mancinileather.com\/wp-content\/uploads\/2021\/12\/products-file_5b042704c6a49.jpg","contentUrl":"https:\/\/www.mancinileather.com\/wp-content\/uploads\/2021\/12\/products-file_5b042704c6a49.jpg","width":1027,"height":1155,"caption":"Portefeuille RFID \u00e0 trois volets pour homme"},{"@type":"BreadcrumbList","@id":"https:\/\/www.mancinileather.com\/fr\/produit\/portefeuille-rfid-trois-volets-pour-homme#breadcrumb","itemListElement":[{"@type":"ListItem","position":1,"name":"Home","item":"https:\/\/www.mancinileather.com\/fr"},{"@type":"ListItem","position":2,"name":"Boutique","item":"https:\/\/www.mancinileather.com\/fr\/boutique"},{"@type":"ListItem","position":3,"name":"Portefeuille RFID \u00e0 trois volets pour homme"}]},{"@type":"WebSite","@id":"https:\/\/www.mancinileather.com\/fr#website","url":"https:\/\/www.mancinileather.com\/fr","name":"Mancini","description":"Online Leather Store and Products","potentialAction":[{"@type":"SearchAction","target":{"@type":"EntryPoint","urlTemplate":"https:\/\/www.mancinileather.com\/fr?s={search_term_string}"},"query-input":{"@type":"PropertyValueSpecification","valueRequired":true,"valueName":"search_term_string"}}],"inLanguage":"fr-FR"}]}},"brands":[],"_links":{"self":[{"href":"https:\/\/www.mancinileather.com\/fr\/wp-json\/wp\/v2\/product\/41471","targetHints":{"allow":["GET"]}}],"collection":[{"href":"https:\/\/www.mancinileather.com\/fr\/wp-json\/wp\/v2\/product"}],"about":[{"href":"https:\/\/www.mancinileather.com\/fr\/wp-json\/wp\/v2\/types\/product"}],"replies":[{"embeddable":true,"href":"https:\/\/www.mancinileather.com\/fr\/wp-json\/wp\/v2\/comments?post=41471"}],"wp:featuredmedia":[{"embeddable":true,"href":"https:\/\/www.mancinileather.com\/fr\/wp-json\/wp\/v2\/media\/41473"}],"wp:attachment":[{"href":"https:\/\/www.mancinileather.com\/fr\/wp-json\/wp\/v2\/media?parent=41471"}],"wp:term":[{"taxonomy":"pwb-brand","embeddable":true,"href":"https:\/\/www.mancinileather.com\/fr\/wp-json\/wp\/v2\/pwb-brand?post=41471"},{"taxonomy":"product_brand","embeddable":true,"href":"https:\/\/www.mancinileather.com\/fr\/wp-json\/wp\/v2\/product_brand?post=41471"},{"taxonomy":"product_cat","embeddable":true,"href":"https:\/\/www.mancinileather.com\/fr\/wp-json\/wp\/v2\/product_cat?post=41471"},{"taxonomy":"product_tag","embeddable":true,"href":"https:\/\/www.mancinileather.com\/fr\/wp-json\/wp\/v2\/product_tag?post=41471"}],"curies":[{"name":"wp","href":"https:\/\/api.w.org\/{rel}","templated":true}]}}