{"id":41499,"date":"2022-03-29T10:41:02","date_gmt":"2022-03-29T10:41:02","guid":{"rendered":"https:\/\/mancini.bluehat.hosting\/?post_type=product&#038;p=41499"},"modified":"2025-07-24T02:23:51","modified_gmt":"2025-07-24T06:23:51","slug":"portefeuille-rfid-avec-porte-carte-amovible-pochette-monnaie-pour-homme","status":"publish","type":"product","link":"https:\/\/www.mancinileather.com\/fr\/produit\/portefeuille-rfid-avec-porte-carte-amovible-pochette-monnaie-pour-homme","title":{"rendered":"Portefeuille RFID avec porte-carte amovible et pochette monnaie pour homme"},"content":{"rendered":"<div class=\"fusion-fullwidth fullwidth-box fusion-builder-row-1 fusion-flex-container nonhundred-percent-fullwidth non-hundred-percent-height-scrolling\" style=\"--awb-border-radius-top-left:0px;--awb-border-radius-top-right:0px;--awb-border-radius-bottom-right:0px;--awb-border-radius-bottom-left:0px;--awb-flex-wrap:wrap;\" ><div class=\"fusion-builder-row fusion-row fusion-flex-align-items-flex-start fusion-flex-content-wrap\" style=\"max-width:1430px;margin-left: calc(-4% \/ 2 );margin-right: calc(-4% \/ 2 );\"><div class=\"fusion-layout-column fusion_builder_column fusion-builder-column-0 fusion_builder_column_1_1 1_1 fusion-flex-column\" style=\"--awb-bg-size:cover;--awb-width-large:100%;--awb-margin-top-large:0px;--awb-spacing-right-large:1.92%;--awb-margin-bottom-large:0px;--awb-spacing-left-large:1.92%;--awb-width-medium:100%;--awb-spacing-right-medium:1.92%;--awb-spacing-left-medium:1.92%;--awb-width-small:100%;--awb-spacing-right-small:1.92%;--awb-spacing-left-small:1.92%;\"><div class=\"fusion-column-wrapper fusion-flex-justify-content-flex-start fusion-content-layout-column\"><div class=\"fusion-text fusion-text-1\"><p style=\"text-align: justify; background: white; margin: 0cm 0cm 18.0pt 0cm;\"><span style=\"font-size: 1em;\">Au style urbain, aventureux et inspir\u00e9 par les Rocheuses du Colorado, notre collection\u00a0<\/span>BOULDER\u00a0<span style=\"font-size: 1em;\">arbore un look contemporain rappelant aussi un style de vie de plein air. Les articles de cette collection sont dot\u00e9s de la plus r\u00e9cente technologie de blocage d\u2019ondes RFID pour assurer la s\u00e9curit\u00e9 de vos donn\u00e9es et de vos cartes. Des couches\u00a0m\u00e9talliques sp\u00e9ciales int\u00e9gr\u00e9es dans les fentes pour cartes emp\u00eachent la lecture \u00e9lectronique de l\u2019information se trouvant dans votre\u00a0portefeuille. Somme toute, il s\u2019agit de superbes articles fabriqu\u00e9s \u00e0 la main en cuir de vache pleine fleur de qualit\u00e9.<\/span><\/p>\n<p style=\"text-align: justify; background: white; margin: 0cm 0cm 18.0pt 0cm;\"><span style=\"font-size: 11.5pt; font-family: 'Arial',sans-serif; color: #7b7c8e; background: #EAF1F2;\">Ce portefeuille compris des fentes\u00a0pour cartes de cr\u00e9dit et une poche pratique pour la monnaie. et un porte-cartes amovible id\u00e9al pour les occasions o\u00f9 vous avez besoin de transporter que quelque cartes.<\/span><\/p>\n<\/div><\/div><\/div><\/div><\/div>\n","protected":false},"excerpt":{"rendered":"<p>&nbsp;<\/p>\n<ul>\n<li>\u00c9quip\u00e9 de la derni\u00e8re technologie de blocage d\u2019ondes RFID<\/li>\n<li>Porte-cartes amovible avec poche pour carte d&#8217;identit\u00e9<\/li>\n<li>Poche pratique pour la monnaie<\/li>\n<li>8 fentes pour cartes de cr\u00e9dit<\/li>\n<li>Section divis\u00e9e pour billets<\/li>\n<li>Joliment emball\u00e9 dans un coffret cadeau \u00e9l\u00e9gant<\/li>\n<li>Un an de garantie limit\u00e9e\u00a0<strong>MANCINI<\/strong><\/li>\n<\/ul>\n","protected":false},"featured_media":30139,"comment_status":"open","ping_status":"closed","template":"","meta":[],"pwb-brand":[],"product_brand":[],"product_cat":[1457,1638],"product_tag":[],"class_list":{"0":"post-41499","1":"product","2":"type-product","3":"status-publish","4":"has-post-thumbnail","6":"product_cat-portefeuilles-en-cuir-homme","7":"product_cat-hommes","8":"pa_collection-boulder-fr-2","9":"pa_color-brun","10":"pa_color-noir-fr","11":"pa_material-cuir-pleine-fleur-fin-fr","13":"first","14":"instock","15":"taxable","16":"shipping-taxable","17":"purchasable","18":"product-type-variable","19":"has-default-attributes"},"yoast_head":"<!-- This site is optimized with the Yoast SEO plugin v25.5 - https:\/\/yoast.com\/wordpress\/plugins\/seo\/ -->\n<title>Boulder ortefeuille RFID avec porte-carte amovible et pochette monnaie pour homme<\/title>\n<meta name=\"description\" content=\"Au style urbain, aventureux et inspir\u00e9 par les Rocheuses du Colorado, notre collection\u00a0BOULDER\u00a0arbore un look contemporain rappelant aussi un style de vie de plein air. Les articles de cette collection sont dot\u00e9s de la plus r\u00e9cente technologie de blocage d\u2019ondes RFID pour assurer la s\u00e9curit\u00e9 de vos donn\u00e9es et de vos cartes. Des couches\u00a0m\u00e9talliques sp\u00e9ciales int\u00e9gr\u00e9es dans les fentes pour cartes emp\u00eachent la lecture \u00e9lectronique de l\u2019information se trouvant dans votre\u00a0portefeuille. Somme toute, il s\u2019agit de superbes articles fabriqu\u00e9s \u00e0 la main en cuir de vache pleine fleur de qualit\u00e9.\u00a0Ce portefeuille compris des fentes\u00a0pour cartes de cr\u00e9dit et une poche pratique pour la monnaie. et un porte-cartes amovible id\u00e9al pour les occasions o\u00f9 vous avez besoin de transporter que quelque cartes.\" \/>\n<meta name=\"robots\" content=\"index, follow, max-snippet:-1, max-image-preview:large, max-video-preview:-1\" \/>\n<link rel=\"canonical\" href=\"https:\/\/www.mancinileather.com\/fr\/produit\/portefeuille-rfid-avec-porte-carte-amovible-pochette-monnaie-pour-homme\" \/>\n<meta property=\"og:locale\" content=\"fr_FR\" \/>\n<meta property=\"og:type\" content=\"article\" \/>\n<meta property=\"og:title\" content=\"Boulder ortefeuille RFID avec porte-carte amovible et pochette monnaie pour homme\" \/>\n<meta property=\"og:description\" content=\"Au style urbain, aventureux et inspir\u00e9 par les Rocheuses du Colorado, notre collection\u00a0BOULDER\u00a0arbore un look contemporain rappelant aussi un style de vie de plein air. Les articles de cette collection sont dot\u00e9s de la plus r\u00e9cente technologie de blocage d\u2019ondes RFID pour assurer la s\u00e9curit\u00e9 de vos donn\u00e9es et de vos cartes. Des couches\u00a0m\u00e9talliques sp\u00e9ciales int\u00e9gr\u00e9es dans les fentes pour cartes emp\u00eachent la lecture \u00e9lectronique de l\u2019information se trouvant dans votre\u00a0portefeuille. Somme toute, il s\u2019agit de superbes articles fabriqu\u00e9s \u00e0 la main en cuir de vache pleine fleur de qualit\u00e9.\u00a0Ce portefeuille compris des fentes\u00a0pour cartes de cr\u00e9dit et une poche pratique pour la monnaie. et un porte-cartes amovible id\u00e9al pour les occasions o\u00f9 vous avez besoin de transporter que quelque cartes.\" \/>\n<meta property=\"og:url\" content=\"https:\/\/www.mancinileather.com\/fr\/produit\/portefeuille-rfid-avec-porte-carte-amovible-pochette-monnaie-pour-homme\" \/>\n<meta property=\"og:site_name\" content=\"Mancini\" \/>\n<meta property=\"article:modified_time\" content=\"2025-07-24T06:23:51+00:00\" \/>\n<meta property=\"og:image\" content=\"https:\/\/www.mancinileather.com\/wp-content\/uploads\/2021\/12\/products-file_5b042c86b3589-1.jpg\" \/>\n\t<meta property=\"og:image:width\" content=\"1000\" \/>\n\t<meta property=\"og:image:height\" content=\"820\" \/>\n\t<meta property=\"og:image:type\" content=\"image\/jpeg\" \/>\n<meta name=\"twitter:card\" content=\"summary_large_image\" \/>\n<meta name=\"twitter:label1\" content=\"Est. reading time\" \/>\n\t<meta name=\"twitter:data1\" content=\"1 minute\" \/>\n<script type=\"application\/ld+json\" class=\"yoast-schema-graph\">{\"@context\":\"https:\/\/schema.org\",\"@graph\":[{\"@type\":\"WebPage\",\"@id\":\"https:\/\/www.mancinileather.com\/fr\/produit\/portefeuille-rfid-avec-porte-carte-amovible-pochette-monnaie-pour-homme\",\"url\":\"https:\/\/www.mancinileather.com\/fr\/produit\/portefeuille-rfid-avec-porte-carte-amovible-pochette-monnaie-pour-homme\",\"name\":\"Boulder ortefeuille RFID avec porte-carte amovible et pochette monnaie pour homme\",\"isPartOf\":{\"@id\":\"https:\/\/www.mancinileather.com\/fr#website\"},\"primaryImageOfPage\":{\"@id\":\"https:\/\/www.mancinileather.com\/fr\/produit\/portefeuille-rfid-avec-porte-carte-amovible-pochette-monnaie-pour-homme#primaryimage\"},\"image\":{\"@id\":\"https:\/\/www.mancinileather.com\/fr\/produit\/portefeuille-rfid-avec-porte-carte-amovible-pochette-monnaie-pour-homme#primaryimage\"},\"thumbnailUrl\":\"https:\/\/www.mancinileather.com\/wp-content\/uploads\/2021\/12\/products-file_5b042c86b3589-1.jpg\",\"datePublished\":\"2022-03-29T10:41:02+00:00\",\"dateModified\":\"2025-07-24T06:23:51+00:00\",\"description\":\"Au style urbain, aventureux et inspir\u00e9 par les Rocheuses du Colorado, notre collection\u00a0BOULDER\u00a0arbore un look contemporain rappelant aussi un style de vie de plein air. Les articles de cette collection sont dot\u00e9s de la plus r\u00e9cente technologie de blocage d\u2019ondes RFID pour assurer la s\u00e9curit\u00e9 de vos donn\u00e9es et de vos cartes. Des couches\u00a0m\u00e9talliques sp\u00e9ciales int\u00e9gr\u00e9es dans les fentes pour cartes emp\u00eachent la lecture \u00e9lectronique de l\u2019information se trouvant dans votre\u00a0portefeuille. Somme toute, il s\u2019agit de superbes articles fabriqu\u00e9s \u00e0 la main en cuir de vache pleine fleur de qualit\u00e9.\u00a0Ce portefeuille compris des fentes\u00a0pour cartes de cr\u00e9dit et une poche pratique pour la monnaie. et un porte-cartes amovible id\u00e9al pour les occasions o\u00f9 vous avez besoin de transporter que quelque cartes.\",\"breadcrumb\":{\"@id\":\"https:\/\/www.mancinileather.com\/fr\/produit\/portefeuille-rfid-avec-porte-carte-amovible-pochette-monnaie-pour-homme#breadcrumb\"},\"inLanguage\":\"fr-FR\",\"potentialAction\":[{\"@type\":\"ReadAction\",\"target\":[\"https:\/\/www.mancinileather.com\/fr\/produit\/portefeuille-rfid-avec-porte-carte-amovible-pochette-monnaie-pour-homme\"]}]},{\"@type\":\"ImageObject\",\"inLanguage\":\"fr-FR\",\"@id\":\"https:\/\/www.mancinileather.com\/fr\/produit\/portefeuille-rfid-avec-porte-carte-amovible-pochette-monnaie-pour-homme#primaryimage\",\"url\":\"https:\/\/www.mancinileather.com\/wp-content\/uploads\/2021\/12\/products-file_5b042c86b3589-1.jpg\",\"contentUrl\":\"https:\/\/www.mancinileather.com\/wp-content\/uploads\/2021\/12\/products-file_5b042c86b3589-1.jpg\",\"width\":1000,\"height\":820,\"caption\":\"Men's RFID Secure Wallet with Removable Passcase and Coin Pocket\"},{\"@type\":\"BreadcrumbList\",\"@id\":\"https:\/\/www.mancinileather.com\/fr\/produit\/portefeuille-rfid-avec-porte-carte-amovible-pochette-monnaie-pour-homme#breadcrumb\",\"itemListElement\":[{\"@type\":\"ListItem\",\"position\":1,\"name\":\"Home\",\"item\":\"https:\/\/www.mancinileather.com\/fr\"},{\"@type\":\"ListItem\",\"position\":2,\"name\":\"Boutique\",\"item\":\"https:\/\/www.mancinileather.com\/fr\/boutique\"},{\"@type\":\"ListItem\",\"position\":3,\"name\":\"Portefeuille RFID avec porte-carte amovible et pochette monnaie pour homme\"}]},{\"@type\":\"WebSite\",\"@id\":\"https:\/\/www.mancinileather.com\/fr#website\",\"url\":\"https:\/\/www.mancinileather.com\/fr\",\"name\":\"Mancini\",\"description\":\"Online Leather Store and Products\",\"potentialAction\":[{\"@type\":\"SearchAction\",\"target\":{\"@type\":\"EntryPoint\",\"urlTemplate\":\"https:\/\/www.mancinileather.com\/fr?s={search_term_string}\"},\"query-input\":{\"@type\":\"PropertyValueSpecification\",\"valueRequired\":true,\"valueName\":\"search_term_string\"}}],\"inLanguage\":\"fr-FR\"}]}<\/script>\n<!-- \/ Yoast SEO plugin. -->","yoast_head_json":{"title":"Boulder ortefeuille RFID avec porte-carte amovible et pochette monnaie pour homme","description":"Au style urbain, aventureux et inspir\u00e9 par les Rocheuses du Colorado, notre collection\u00a0BOULDER\u00a0arbore un look contemporain rappelant aussi un style de vie de plein air. Les articles de cette collection sont dot\u00e9s de la plus r\u00e9cente technologie de blocage d\u2019ondes RFID pour assurer la s\u00e9curit\u00e9 de vos donn\u00e9es et de vos cartes. Des couches\u00a0m\u00e9talliques sp\u00e9ciales int\u00e9gr\u00e9es dans les fentes pour cartes emp\u00eachent la lecture \u00e9lectronique de l\u2019information se trouvant dans votre\u00a0portefeuille. Somme toute, il s\u2019agit de superbes articles fabriqu\u00e9s \u00e0 la main en cuir de vache pleine fleur de qualit\u00e9.\u00a0Ce portefeuille compris des fentes\u00a0pour cartes de cr\u00e9dit et une poche pratique pour la monnaie. et un porte-cartes amovible id\u00e9al pour les occasions o\u00f9 vous avez besoin de transporter que quelque cartes.","robots":{"index":"index","follow":"follow","max-snippet":"max-snippet:-1","max-image-preview":"max-image-preview:large","max-video-preview":"max-video-preview:-1"},"canonical":"https:\/\/www.mancinileather.com\/fr\/produit\/portefeuille-rfid-avec-porte-carte-amovible-pochette-monnaie-pour-homme","og_locale":"fr_FR","og_type":"article","og_title":"Boulder ortefeuille RFID avec porte-carte amovible et pochette monnaie pour homme","og_description":"Au style urbain, aventureux et inspir\u00e9 par les Rocheuses du Colorado, notre collection\u00a0BOULDER\u00a0arbore un look contemporain rappelant aussi un style de vie de plein air. Les articles de cette collection sont dot\u00e9s de la plus r\u00e9cente technologie de blocage d\u2019ondes RFID pour assurer la s\u00e9curit\u00e9 de vos donn\u00e9es et de vos cartes. Des couches\u00a0m\u00e9talliques sp\u00e9ciales int\u00e9gr\u00e9es dans les fentes pour cartes emp\u00eachent la lecture \u00e9lectronique de l\u2019information se trouvant dans votre\u00a0portefeuille. Somme toute, il s\u2019agit de superbes articles fabriqu\u00e9s \u00e0 la main en cuir de vache pleine fleur de qualit\u00e9.\u00a0Ce portefeuille compris des fentes\u00a0pour cartes de cr\u00e9dit et une poche pratique pour la monnaie. et un porte-cartes amovible id\u00e9al pour les occasions o\u00f9 vous avez besoin de transporter que quelque cartes.","og_url":"https:\/\/www.mancinileather.com\/fr\/produit\/portefeuille-rfid-avec-porte-carte-amovible-pochette-monnaie-pour-homme","og_site_name":"Mancini","article_modified_time":"2025-07-24T06:23:51+00:00","og_image":[{"width":1000,"height":820,"url":"https:\/\/www.mancinileather.com\/wp-content\/uploads\/2021\/12\/products-file_5b042c86b3589-1.jpg","type":"image\/jpeg"}],"twitter_card":"summary_large_image","twitter_misc":{"Est. reading time":"1 minute"},"schema":{"@context":"https:\/\/schema.org","@graph":[{"@type":"WebPage","@id":"https:\/\/www.mancinileather.com\/fr\/produit\/portefeuille-rfid-avec-porte-carte-amovible-pochette-monnaie-pour-homme","url":"https:\/\/www.mancinileather.com\/fr\/produit\/portefeuille-rfid-avec-porte-carte-amovible-pochette-monnaie-pour-homme","name":"Boulder ortefeuille RFID avec porte-carte amovible et pochette monnaie pour homme","isPartOf":{"@id":"https:\/\/www.mancinileather.com\/fr#website"},"primaryImageOfPage":{"@id":"https:\/\/www.mancinileather.com\/fr\/produit\/portefeuille-rfid-avec-porte-carte-amovible-pochette-monnaie-pour-homme#primaryimage"},"image":{"@id":"https:\/\/www.mancinileather.com\/fr\/produit\/portefeuille-rfid-avec-porte-carte-amovible-pochette-monnaie-pour-homme#primaryimage"},"thumbnailUrl":"https:\/\/www.mancinileather.com\/wp-content\/uploads\/2021\/12\/products-file_5b042c86b3589-1.jpg","datePublished":"2022-03-29T10:41:02+00:00","dateModified":"2025-07-24T06:23:51+00:00","description":"Au style urbain, aventureux et inspir\u00e9 par les Rocheuses du Colorado, notre collection\u00a0BOULDER\u00a0arbore un look contemporain rappelant aussi un style de vie de plein air. Les articles de cette collection sont dot\u00e9s de la plus r\u00e9cente technologie de blocage d\u2019ondes RFID pour assurer la s\u00e9curit\u00e9 de vos donn\u00e9es et de vos cartes. Des couches\u00a0m\u00e9talliques sp\u00e9ciales int\u00e9gr\u00e9es dans les fentes pour cartes emp\u00eachent la lecture \u00e9lectronique de l\u2019information se trouvant dans votre\u00a0portefeuille. Somme toute, il s\u2019agit de superbes articles fabriqu\u00e9s \u00e0 la main en cuir de vache pleine fleur de qualit\u00e9.\u00a0Ce portefeuille compris des fentes\u00a0pour cartes de cr\u00e9dit et une poche pratique pour la monnaie. et un porte-cartes amovible id\u00e9al pour les occasions o\u00f9 vous avez besoin de transporter que quelque cartes.","breadcrumb":{"@id":"https:\/\/www.mancinileather.com\/fr\/produit\/portefeuille-rfid-avec-porte-carte-amovible-pochette-monnaie-pour-homme#breadcrumb"},"inLanguage":"fr-FR","potentialAction":[{"@type":"ReadAction","target":["https:\/\/www.mancinileather.com\/fr\/produit\/portefeuille-rfid-avec-porte-carte-amovible-pochette-monnaie-pour-homme"]}]},{"@type":"ImageObject","inLanguage":"fr-FR","@id":"https:\/\/www.mancinileather.com\/fr\/produit\/portefeuille-rfid-avec-porte-carte-amovible-pochette-monnaie-pour-homme#primaryimage","url":"https:\/\/www.mancinileather.com\/wp-content\/uploads\/2021\/12\/products-file_5b042c86b3589-1.jpg","contentUrl":"https:\/\/www.mancinileather.com\/wp-content\/uploads\/2021\/12\/products-file_5b042c86b3589-1.jpg","width":1000,"height":820,"caption":"Men's RFID Secure Wallet with Removable Passcase and Coin Pocket"},{"@type":"BreadcrumbList","@id":"https:\/\/www.mancinileather.com\/fr\/produit\/portefeuille-rfid-avec-porte-carte-amovible-pochette-monnaie-pour-homme#breadcrumb","itemListElement":[{"@type":"ListItem","position":1,"name":"Home","item":"https:\/\/www.mancinileather.com\/fr"},{"@type":"ListItem","position":2,"name":"Boutique","item":"https:\/\/www.mancinileather.com\/fr\/boutique"},{"@type":"ListItem","position":3,"name":"Portefeuille RFID avec porte-carte amovible et pochette monnaie pour homme"}]},{"@type":"WebSite","@id":"https:\/\/www.mancinileather.com\/fr#website","url":"https:\/\/www.mancinileather.com\/fr","name":"Mancini","description":"Online Leather Store and Products","potentialAction":[{"@type":"SearchAction","target":{"@type":"EntryPoint","urlTemplate":"https:\/\/www.mancinileather.com\/fr?s={search_term_string}"},"query-input":{"@type":"PropertyValueSpecification","valueRequired":true,"valueName":"search_term_string"}}],"inLanguage":"fr-FR"}]}},"brands":[],"_links":{"self":[{"href":"https:\/\/www.mancinileather.com\/fr\/wp-json\/wp\/v2\/product\/41499","targetHints":{"allow":["GET"]}}],"collection":[{"href":"https:\/\/www.mancinileather.com\/fr\/wp-json\/wp\/v2\/product"}],"about":[{"href":"https:\/\/www.mancinileather.com\/fr\/wp-json\/wp\/v2\/types\/product"}],"replies":[{"embeddable":true,"href":"https:\/\/www.mancinileather.com\/fr\/wp-json\/wp\/v2\/comments?post=41499"}],"wp:featuredmedia":[{"embeddable":true,"href":"https:\/\/www.mancinileather.com\/fr\/wp-json\/wp\/v2\/media\/30139"}],"wp:attachment":[{"href":"https:\/\/www.mancinileather.com\/fr\/wp-json\/wp\/v2\/media?parent=41499"}],"wp:term":[{"taxonomy":"pwb-brand","embeddable":true,"href":"https:\/\/www.mancinileather.com\/fr\/wp-json\/wp\/v2\/pwb-brand?post=41499"},{"taxonomy":"product_brand","embeddable":true,"href":"https:\/\/www.mancinileather.com\/fr\/wp-json\/wp\/v2\/product_brand?post=41499"},{"taxonomy":"product_cat","embeddable":true,"href":"https:\/\/www.mancinileather.com\/fr\/wp-json\/wp\/v2\/product_cat?post=41499"},{"taxonomy":"product_tag","embeddable":true,"href":"https:\/\/www.mancinileather.com\/fr\/wp-json\/wp\/v2\/product_tag?post=41499"}],"curies":[{"name":"wp","href":"https:\/\/api.w.org\/{rel}","templated":true}]}}