{"id":41623,"date":"2022-03-29T10:42:39","date_gmt":"2022-03-29T10:42:39","guid":{"rendered":"https:\/\/mancini.bluehat.hosting\/?post_type=product&#038;p=41623"},"modified":"2025-07-24T02:23:51","modified_gmt":"2025-07-24T06:23:51","slug":"sac-messager-pour-portable-15-po-tablette","status":"publish","type":"product","link":"https:\/\/www.mancinileather.com\/fr\/produit\/sac-messager-pour-portable-15-po-tablette","title":{"rendered":"Sac messager pour portable 15 po. \/ tablette"},"content":{"rendered":"<div class=\"fusion-fullwidth fullwidth-box fusion-builder-row-1 fusion-flex-container nonhundred-percent-fullwidth non-hundred-percent-height-scrolling\" style=\"--awb-border-radius-top-left:0px;--awb-border-radius-top-right:0px;--awb-border-radius-bottom-right:0px;--awb-border-radius-bottom-left:0px;--awb-flex-wrap:wrap;\" ><div class=\"fusion-builder-row fusion-row fusion-flex-align-items-flex-start fusion-flex-content-wrap\" style=\"max-width:1430px;margin-left: calc(-4% \/ 2 );margin-right: calc(-4% \/ 2 );\"><div class=\"fusion-layout-column fusion_builder_column fusion-builder-column-0 fusion_builder_column_1_1 1_1 fusion-flex-column\" style=\"--awb-bg-size:cover;--awb-width-large:100%;--awb-margin-top-large:0px;--awb-spacing-right-large:1.92%;--awb-margin-bottom-large:0px;--awb-spacing-left-large:1.92%;--awb-width-medium:100%;--awb-spacing-right-medium:1.92%;--awb-spacing-left-medium:1.92%;--awb-width-small:100%;--awb-spacing-right-small:1.92%;--awb-spacing-left-small:1.92%;\"><div class=\"fusion-column-wrapper fusion-flex-justify-content-flex-start fusion-content-layout-column\"><div class=\"fusion-text fusion-text-1\"><p>Notre collection <strong>Buffalo<\/strong> repr\u00e9sente la fusion de style contemporain avec le look urbain brut. Dot\u00e9 de compartiments rembourr\u00e9s pour prot\u00e9ger votre tablette et portable, cette collection comblera tous vos besoins avec style. Articles fabriqu\u00e9s \u00e0 la main en cuir de buffle pleine fleure cire grasse.<\/p>\n<p>Ce sac messager est muni d&#8217;\u00e9tuis rembourr\u00e9s pour garder votre tablette\/ordinateur portable en toute s\u00e9curit\u00e9. Il est muni d&#8217;un grand compartiment principal, deux poches s\u00e9par\u00e9es et une poche sur le dos. L&#8217;organisateur de la poche gauche du front est\u00a0\u00e9quip\u00e9 de la derni\u00e8re technologie de blocage d&#8217;ondes RFID\u00a0pour assurer que vos donn\u00e9es et vos cartes sont s\u00e9curitaires.<\/p>\n<\/div><\/div><\/div><\/div><\/div>\n","protected":false},"excerpt":{"rendered":"<p>&nbsp;<\/p>\n<ul>\n<li>Poche \u00e9quip\u00e9 de la derni\u00e8re technologie de blocage d&#8217;ondes RFID<\/li>\n<li>\u00c9tuis rembourr\u00e9s pour tablette\/ portable<\/li>\n<li>Convient au portables jusqu&#8217;\u00e0 15.6 pouces<\/li>\n<li>Grand compartiment principal<\/li>\n<li>Deux poches s\u00e9par\u00e9es sur le front<\/li>\n<li>Poche sur le dos<\/li>\n<li>Sangle \u00e0 ferroutage sur le dos<\/li>\n<li>Bandouli\u00e8re ajustable<\/li>\n<li>Un an de garantie limit\u00e9e\u00a0<strong>MANCINI\u00a0<\/strong><\/li>\n<\/ul>\n","protected":false},"featured_media":30265,"comment_status":"open","ping_status":"closed","template":"","meta":[],"pwb-brand":[],"product_brand":[],"product_cat":[1511,1461,1630],"product_tag":[],"class_list":{"0":"post-41623","1":"product","2":"type-product","3":"status-publish","4":"has-post-thumbnail","6":"product_cat-sac-messager-cuir-pour-femmes","7":"product_cat-sac-messager-cuir-pour-hommes","8":"product_cat-femme","9":"pa_collection-buffalo-fr","10":"pa_color-brun","11":"pa_color-noir-fr","12":"pa_material-cuir-de-buffle-pleine-fleur-cire-grasse","14":"first","15":"instock","16":"taxable","17":"shipping-taxable","18":"purchasable","19":"product-type-variable","20":"has-default-attributes"},"yoast_head":"<!-- This site is optimized with the Yoast SEO plugin v25.5 - https:\/\/yoast.com\/wordpress\/plugins\/seo\/ -->\n<title>Sac messager pour portable 15 po. \/ tablette - Mancini<\/title>\n<meta name=\"description\" content=\"Notre collection Buffalo repr\u00e9sente la fusion de style contemporain avec le look urbain brut. Dot\u00e9 de compartiments rembourr\u00e9s pour prot\u00e9ger votre tablette et portable, cette collection comblera tous vos besoins avec style. Articles fabriqu\u00e9s \u00e0 la main en cuir de buffle pleine fleure cire grasse.\u00a0Ce sac messager est muni d&#039;\u00e9tuis rembourr\u00e9s pour garder votre tablette\/ordinateur portable en toute s\u00e9curit\u00e9. Il est muni d&#039;un grand compartiment principal, deux poches s\u00e9par\u00e9es et une poche sur le dos. L&#039;organisateur de la poche gauche du front est\u00a0\u00e9quip\u00e9 de la derni\u00e8re technologie de blocage d&#039;ondes RFID\u00a0pour assurer que vos donn\u00e9es et vos cartes sont s\u00e9curitaires.\" \/>\n<meta name=\"robots\" content=\"index, follow, max-snippet:-1, max-image-preview:large, max-video-preview:-1\" \/>\n<link rel=\"canonical\" href=\"https:\/\/www.mancinileather.com\/fr\/produit\/sac-messager-pour-portable-15-po-tablette\" \/>\n<meta property=\"og:locale\" content=\"fr_FR\" \/>\n<meta property=\"og:type\" content=\"article\" \/>\n<meta property=\"og:title\" content=\"Sac messager pour portable 15 po. \/ tablette - Mancini\" \/>\n<meta property=\"og:description\" content=\"Notre collection Buffalo repr\u00e9sente la fusion de style contemporain avec le look urbain brut. Dot\u00e9 de compartiments rembourr\u00e9s pour prot\u00e9ger votre tablette et portable, cette collection comblera tous vos besoins avec style. Articles fabriqu\u00e9s \u00e0 la main en cuir de buffle pleine fleure cire grasse.\u00a0Ce sac messager est muni d&#039;\u00e9tuis rembourr\u00e9s pour garder votre tablette\/ordinateur portable en toute s\u00e9curit\u00e9. Il est muni d&#039;un grand compartiment principal, deux poches s\u00e9par\u00e9es et une poche sur le dos. L&#039;organisateur de la poche gauche du front est\u00a0\u00e9quip\u00e9 de la derni\u00e8re technologie de blocage d&#039;ondes RFID\u00a0pour assurer que vos donn\u00e9es et vos cartes sont s\u00e9curitaires.\" \/>\n<meta property=\"og:url\" content=\"https:\/\/www.mancinileather.com\/fr\/produit\/sac-messager-pour-portable-15-po-tablette\" \/>\n<meta property=\"og:site_name\" content=\"Mancini\" \/>\n<meta property=\"article:modified_time\" content=\"2025-07-24T06:23:51+00:00\" \/>\n<meta property=\"og:image\" content=\"https:\/\/www.mancinileather.com\/wp-content\/uploads\/2021\/12\/products-file_5c891dbc3cf49-1.jpg\" \/>\n\t<meta property=\"og:image:width\" content=\"1500\" \/>\n\t<meta property=\"og:image:height\" content=\"1128\" \/>\n\t<meta property=\"og:image:type\" content=\"image\/jpeg\" \/>\n<meta name=\"twitter:card\" content=\"summary_large_image\" \/>\n<meta name=\"twitter:label1\" content=\"Est. reading time\" \/>\n\t<meta name=\"twitter:data1\" content=\"1 minute\" \/>\n<script type=\"application\/ld+json\" class=\"yoast-schema-graph\">{\"@context\":\"https:\/\/schema.org\",\"@graph\":[{\"@type\":\"WebPage\",\"@id\":\"https:\/\/www.mancinileather.com\/fr\/produit\/sac-messager-pour-portable-15-po-tablette\",\"url\":\"https:\/\/www.mancinileather.com\/fr\/produit\/sac-messager-pour-portable-15-po-tablette\",\"name\":\"Sac messager pour portable 15 po. \/ tablette - Mancini\",\"isPartOf\":{\"@id\":\"https:\/\/www.mancinileather.com\/fr#website\"},\"primaryImageOfPage\":{\"@id\":\"https:\/\/www.mancinileather.com\/fr\/produit\/sac-messager-pour-portable-15-po-tablette#primaryimage\"},\"image\":{\"@id\":\"https:\/\/www.mancinileather.com\/fr\/produit\/sac-messager-pour-portable-15-po-tablette#primaryimage\"},\"thumbnailUrl\":\"https:\/\/www.mancinileather.com\/wp-content\/uploads\/2021\/12\/products-file_5c891dbc3cf49-1.jpg\",\"datePublished\":\"2022-03-29T10:42:39+00:00\",\"dateModified\":\"2025-07-24T06:23:51+00:00\",\"description\":\"Notre collection Buffalo repr\u00e9sente la fusion de style contemporain avec le look urbain brut. Dot\u00e9 de compartiments rembourr\u00e9s pour prot\u00e9ger votre tablette et portable, cette collection comblera tous vos besoins avec style. Articles fabriqu\u00e9s \u00e0 la main en cuir de buffle pleine fleure cire grasse.\u00a0Ce sac messager est muni d'\u00e9tuis rembourr\u00e9s pour garder votre tablette\/ordinateur portable en toute s\u00e9curit\u00e9. Il est muni d'un grand compartiment principal, deux poches s\u00e9par\u00e9es et une poche sur le dos. L'organisateur de la poche gauche du front est\u00a0\u00e9quip\u00e9 de la derni\u00e8re technologie de blocage d'ondes RFID\u00a0pour assurer que vos donn\u00e9es et vos cartes sont s\u00e9curitaires.\",\"breadcrumb\":{\"@id\":\"https:\/\/www.mancinileather.com\/fr\/produit\/sac-messager-pour-portable-15-po-tablette#breadcrumb\"},\"inLanguage\":\"fr-FR\",\"potentialAction\":[{\"@type\":\"ReadAction\",\"target\":[\"https:\/\/www.mancinileather.com\/fr\/produit\/sac-messager-pour-portable-15-po-tablette\"]}]},{\"@type\":\"ImageObject\",\"inLanguage\":\"fr-FR\",\"@id\":\"https:\/\/www.mancinileather.com\/fr\/produit\/sac-messager-pour-portable-15-po-tablette#primaryimage\",\"url\":\"https:\/\/www.mancinileather.com\/wp-content\/uploads\/2021\/12\/products-file_5c891dbc3cf49-1.jpg\",\"contentUrl\":\"https:\/\/www.mancinileather.com\/wp-content\/uploads\/2021\/12\/products-file_5c891dbc3cf49-1.jpg\",\"width\":1500,\"height\":1128,\"caption\":\"Messenger Bag for 15'' Laptop \/ Tablet\"},{\"@type\":\"BreadcrumbList\",\"@id\":\"https:\/\/www.mancinileather.com\/fr\/produit\/sac-messager-pour-portable-15-po-tablette#breadcrumb\",\"itemListElement\":[{\"@type\":\"ListItem\",\"position\":1,\"name\":\"Home\",\"item\":\"https:\/\/www.mancinileather.com\/fr\"},{\"@type\":\"ListItem\",\"position\":2,\"name\":\"Boutique\",\"item\":\"https:\/\/www.mancinileather.com\/fr\/boutique\"},{\"@type\":\"ListItem\",\"position\":3,\"name\":\"Sac messager pour portable 15 po. \/ tablette\"}]},{\"@type\":\"WebSite\",\"@id\":\"https:\/\/www.mancinileather.com\/fr#website\",\"url\":\"https:\/\/www.mancinileather.com\/fr\",\"name\":\"Mancini\",\"description\":\"Online Leather Store and Products\",\"potentialAction\":[{\"@type\":\"SearchAction\",\"target\":{\"@type\":\"EntryPoint\",\"urlTemplate\":\"https:\/\/www.mancinileather.com\/fr?s={search_term_string}\"},\"query-input\":{\"@type\":\"PropertyValueSpecification\",\"valueRequired\":true,\"valueName\":\"search_term_string\"}}],\"inLanguage\":\"fr-FR\"}]}<\/script>\n<!-- \/ Yoast SEO plugin. -->","yoast_head_json":{"title":"Sac messager pour portable 15 po. \/ tablette - Mancini","description":"Notre collection Buffalo repr\u00e9sente la fusion de style contemporain avec le look urbain brut. Dot\u00e9 de compartiments rembourr\u00e9s pour prot\u00e9ger votre tablette et portable, cette collection comblera tous vos besoins avec style. Articles fabriqu\u00e9s \u00e0 la main en cuir de buffle pleine fleure cire grasse.\u00a0Ce sac messager est muni d'\u00e9tuis rembourr\u00e9s pour garder votre tablette\/ordinateur portable en toute s\u00e9curit\u00e9. Il est muni d'un grand compartiment principal, deux poches s\u00e9par\u00e9es et une poche sur le dos. L'organisateur de la poche gauche du front est\u00a0\u00e9quip\u00e9 de la derni\u00e8re technologie de blocage d'ondes RFID\u00a0pour assurer que vos donn\u00e9es et vos cartes sont s\u00e9curitaires.","robots":{"index":"index","follow":"follow","max-snippet":"max-snippet:-1","max-image-preview":"max-image-preview:large","max-video-preview":"max-video-preview:-1"},"canonical":"https:\/\/www.mancinileather.com\/fr\/produit\/sac-messager-pour-portable-15-po-tablette","og_locale":"fr_FR","og_type":"article","og_title":"Sac messager pour portable 15 po. \/ tablette - Mancini","og_description":"Notre collection Buffalo repr\u00e9sente la fusion de style contemporain avec le look urbain brut. Dot\u00e9 de compartiments rembourr\u00e9s pour prot\u00e9ger votre tablette et portable, cette collection comblera tous vos besoins avec style. Articles fabriqu\u00e9s \u00e0 la main en cuir de buffle pleine fleure cire grasse.\u00a0Ce sac messager est muni d'\u00e9tuis rembourr\u00e9s pour garder votre tablette\/ordinateur portable en toute s\u00e9curit\u00e9. Il est muni d'un grand compartiment principal, deux poches s\u00e9par\u00e9es et une poche sur le dos. L'organisateur de la poche gauche du front est\u00a0\u00e9quip\u00e9 de la derni\u00e8re technologie de blocage d'ondes RFID\u00a0pour assurer que vos donn\u00e9es et vos cartes sont s\u00e9curitaires.","og_url":"https:\/\/www.mancinileather.com\/fr\/produit\/sac-messager-pour-portable-15-po-tablette","og_site_name":"Mancini","article_modified_time":"2025-07-24T06:23:51+00:00","og_image":[{"width":1500,"height":1128,"url":"https:\/\/www.mancinileather.com\/wp-content\/uploads\/2021\/12\/products-file_5c891dbc3cf49-1.jpg","type":"image\/jpeg"}],"twitter_card":"summary_large_image","twitter_misc":{"Est. reading time":"1 minute"},"schema":{"@context":"https:\/\/schema.org","@graph":[{"@type":"WebPage","@id":"https:\/\/www.mancinileather.com\/fr\/produit\/sac-messager-pour-portable-15-po-tablette","url":"https:\/\/www.mancinileather.com\/fr\/produit\/sac-messager-pour-portable-15-po-tablette","name":"Sac messager pour portable 15 po. \/ tablette - Mancini","isPartOf":{"@id":"https:\/\/www.mancinileather.com\/fr#website"},"primaryImageOfPage":{"@id":"https:\/\/www.mancinileather.com\/fr\/produit\/sac-messager-pour-portable-15-po-tablette#primaryimage"},"image":{"@id":"https:\/\/www.mancinileather.com\/fr\/produit\/sac-messager-pour-portable-15-po-tablette#primaryimage"},"thumbnailUrl":"https:\/\/www.mancinileather.com\/wp-content\/uploads\/2021\/12\/products-file_5c891dbc3cf49-1.jpg","datePublished":"2022-03-29T10:42:39+00:00","dateModified":"2025-07-24T06:23:51+00:00","description":"Notre collection Buffalo repr\u00e9sente la fusion de style contemporain avec le look urbain brut. Dot\u00e9 de compartiments rembourr\u00e9s pour prot\u00e9ger votre tablette et portable, cette collection comblera tous vos besoins avec style. Articles fabriqu\u00e9s \u00e0 la main en cuir de buffle pleine fleure cire grasse.\u00a0Ce sac messager est muni d'\u00e9tuis rembourr\u00e9s pour garder votre tablette\/ordinateur portable en toute s\u00e9curit\u00e9. Il est muni d'un grand compartiment principal, deux poches s\u00e9par\u00e9es et une poche sur le dos. L'organisateur de la poche gauche du front est\u00a0\u00e9quip\u00e9 de la derni\u00e8re technologie de blocage d'ondes RFID\u00a0pour assurer que vos donn\u00e9es et vos cartes sont s\u00e9curitaires.","breadcrumb":{"@id":"https:\/\/www.mancinileather.com\/fr\/produit\/sac-messager-pour-portable-15-po-tablette#breadcrumb"},"inLanguage":"fr-FR","potentialAction":[{"@type":"ReadAction","target":["https:\/\/www.mancinileather.com\/fr\/produit\/sac-messager-pour-portable-15-po-tablette"]}]},{"@type":"ImageObject","inLanguage":"fr-FR","@id":"https:\/\/www.mancinileather.com\/fr\/produit\/sac-messager-pour-portable-15-po-tablette#primaryimage","url":"https:\/\/www.mancinileather.com\/wp-content\/uploads\/2021\/12\/products-file_5c891dbc3cf49-1.jpg","contentUrl":"https:\/\/www.mancinileather.com\/wp-content\/uploads\/2021\/12\/products-file_5c891dbc3cf49-1.jpg","width":1500,"height":1128,"caption":"Messenger Bag for 15'' Laptop \/ Tablet"},{"@type":"BreadcrumbList","@id":"https:\/\/www.mancinileather.com\/fr\/produit\/sac-messager-pour-portable-15-po-tablette#breadcrumb","itemListElement":[{"@type":"ListItem","position":1,"name":"Home","item":"https:\/\/www.mancinileather.com\/fr"},{"@type":"ListItem","position":2,"name":"Boutique","item":"https:\/\/www.mancinileather.com\/fr\/boutique"},{"@type":"ListItem","position":3,"name":"Sac messager pour portable 15 po. \/ tablette"}]},{"@type":"WebSite","@id":"https:\/\/www.mancinileather.com\/fr#website","url":"https:\/\/www.mancinileather.com\/fr","name":"Mancini","description":"Online Leather Store and Products","potentialAction":[{"@type":"SearchAction","target":{"@type":"EntryPoint","urlTemplate":"https:\/\/www.mancinileather.com\/fr?s={search_term_string}"},"query-input":{"@type":"PropertyValueSpecification","valueRequired":true,"valueName":"search_term_string"}}],"inLanguage":"fr-FR"}]}},"brands":[],"_links":{"self":[{"href":"https:\/\/www.mancinileather.com\/fr\/wp-json\/wp\/v2\/product\/41623","targetHints":{"allow":["GET"]}}],"collection":[{"href":"https:\/\/www.mancinileather.com\/fr\/wp-json\/wp\/v2\/product"}],"about":[{"href":"https:\/\/www.mancinileather.com\/fr\/wp-json\/wp\/v2\/types\/product"}],"replies":[{"embeddable":true,"href":"https:\/\/www.mancinileather.com\/fr\/wp-json\/wp\/v2\/comments?post=41623"}],"wp:featuredmedia":[{"embeddable":true,"href":"https:\/\/www.mancinileather.com\/fr\/wp-json\/wp\/v2\/media\/30265"}],"wp:attachment":[{"href":"https:\/\/www.mancinileather.com\/fr\/wp-json\/wp\/v2\/media?parent=41623"}],"wp:term":[{"taxonomy":"pwb-brand","embeddable":true,"href":"https:\/\/www.mancinileather.com\/fr\/wp-json\/wp\/v2\/pwb-brand?post=41623"},{"taxonomy":"product_brand","embeddable":true,"href":"https:\/\/www.mancinileather.com\/fr\/wp-json\/wp\/v2\/product_brand?post=41623"},{"taxonomy":"product_cat","embeddable":true,"href":"https:\/\/www.mancinileather.com\/fr\/wp-json\/wp\/v2\/product_cat?post=41623"},{"taxonomy":"product_tag","embeddable":true,"href":"https:\/\/www.mancinileather.com\/fr\/wp-json\/wp\/v2\/product_tag?post=41623"}],"curies":[{"name":"wp","href":"https:\/\/api.w.org\/{rel}","templated":true}]}}