{"id":41711,"date":"2022-03-29T10:43:55","date_gmt":"2022-03-29T14:43:55","guid":{"rendered":"https:\/\/mancini.bluehat.hosting\/?post_type=product&#038;p=41711"},"modified":"2025-07-24T02:23:50","modified_gmt":"2025-07-24T06:23:50","slug":"mallette-catalog-roulettes-luxe","status":"publish","type":"product","link":"https:\/\/www.mancinileather.com\/fr\/produit\/mallette-catalog-roulettes-luxe","title":{"rendered":"Mallette \u00e0 catalog \u00e0 roulettes de luxe"},"content":{"rendered":"<p>Les porte-documents de notre collection\u00a0<strong>SIGNATURE\u00a0<\/strong>sont des innovations qui pr\u00e9sentent les caract\u00e9ristiques naturelles du cuir fin italien de premi\u00e8re qualit\u00e9. Classique, \u00e9l\u00e9gante et luxueuse, cette collection refl\u00e8te votre style de vie.<\/p>\n<p>&nbsp;<\/p>\n<p>Ce mallette \u00e0 catalogue \u00e0 roulettes munie d\u2019un \u00e9tui amovible rembourr\u00e9 pour transporter votre ordinateur portable en toute s\u00e9curit\u00e9 est parfaite pour les rencontres d\u2019affaires. Polyvalente, cette mallette en cuir v\u00e9ritable est dot\u00e9e d&#8217;un classeur \u00e0 fermeture \u00e9clair et de compartiments s\u00e9par\u00e9s con\u00e7us pour transporter des documents, des dossiers, des \u00e9chantillons de produits, et bien plus encore!<\/p>\n","protected":false},"excerpt":{"rendered":"<p>&nbsp;<\/p>\n<ul>\n<li>Convient au portables jusqu&#8217;\u00e0 17 pouces<\/li>\n<li>\u00c9tui amovible pour portables<\/li>\n<li>Section pour documents et dossiers<\/li>\n<li>Organisateur sur le front<\/li>\n<li>Deux poches sur les c\u00f4t\u00e9s<\/li>\n<li>Poign\u00e9e t\u00e9lescopique<\/li>\n<li>Un an de garantie limit\u00e9e\u00a0<strong>MANCINI<\/strong><\/li>\n<\/ul>\n","protected":false},"featured_media":30355,"comment_status":"open","ping_status":"closed","template":"","meta":[],"pwb-brand":[],"product_brand":[],"product_cat":[1473,1501],"product_tag":[],"class_list":{"0":"post-41711","1":"product","2":"type-product","3":"status-publish","4":"has-post-thumbnail","6":"product_cat-mallettes-a-catalogue","7":"product_cat-solde-produits-en-cuir-promotion","8":"pa_collection-signature-fr-2","9":"pa_color-brun","10":"pa_color-noir-fr","11":"pa_material-cuir-pleine-fleur-italien","13":"first","14":"outofstock","15":"taxable","16":"shipping-taxable","17":"product-type-variable","18":"has-default-attributes"},"yoast_head":"<!-- This site is optimized with the Yoast SEO plugin v27.4 - https:\/\/yoast.com\/product\/yoast-seo-wordpress\/ -->\n<title>Mallette \u00e0 catalog \u00e0 roulettes de luxe<\/title>\n<meta name=\"description\" content=\"Les porte-documents de notre collection\u00a0SIGNATURE\u00a0sont des innovations qui pr\u00e9sentent les caract\u00e9ristiques naturelles du cuir fin italien de premi\u00e8re qualit\u00e9. Classique, \u00e9l\u00e9gante et luxueuse, cette collection refl\u00e8te votre style de vie.\u00a0Ce mallette \u00e0 catalogue \u00e0 roulettes munie d\u2019un \u00e9tui amovible rembourr\u00e9 pour transporter votre ordinateur portable en toute s\u00e9curit\u00e9 est parfaite pour les rencontres d\u2019affaires. Polyvalente, cette mallette en cuir v\u00e9ritable est dot\u00e9e d&#039;un classeur \u00e0 fermeture \u00e9clair et de compartiments s\u00e9par\u00e9s con\u00e7us pour transporter des documents, des dossiers, des \u00e9chantillons de produits, et bien plus encore!\" \/>\n<meta name=\"robots\" content=\"index, follow, max-snippet:-1, max-image-preview:large, max-video-preview:-1\" \/>\n<link rel=\"canonical\" href=\"https:\/\/www.mancinileather.com\/fr\/produit\/mallette-catalog-roulettes-luxe\" \/>\n<meta property=\"og:locale\" content=\"fr_FR\" \/>\n<meta property=\"og:type\" content=\"article\" \/>\n<meta property=\"og:title\" content=\"Mallette \u00e0 catalog \u00e0 roulettes de luxe\" \/>\n<meta property=\"og:description\" content=\"Les porte-documents de notre collection\u00a0SIGNATURE\u00a0sont des innovations qui pr\u00e9sentent les caract\u00e9ristiques naturelles du cuir fin italien de premi\u00e8re qualit\u00e9. Classique, \u00e9l\u00e9gante et luxueuse, cette collection refl\u00e8te votre style de vie.\u00a0Ce mallette \u00e0 catalogue \u00e0 roulettes munie d\u2019un \u00e9tui amovible rembourr\u00e9 pour transporter votre ordinateur portable en toute s\u00e9curit\u00e9 est parfaite pour les rencontres d\u2019affaires. Polyvalente, cette mallette en cuir v\u00e9ritable est dot\u00e9e d&#039;un classeur \u00e0 fermeture \u00e9clair et de compartiments s\u00e9par\u00e9s con\u00e7us pour transporter des documents, des dossiers, des \u00e9chantillons de produits, et bien plus encore!\" \/>\n<meta property=\"og:url\" content=\"https:\/\/www.mancinileather.com\/fr\/produit\/mallette-catalog-roulettes-luxe\" \/>\n<meta property=\"og:site_name\" content=\"Mancini\" \/>\n<meta property=\"article:modified_time\" content=\"2025-07-24T06:23:50+00:00\" \/>\n<meta property=\"og:image\" content=\"https:\/\/www.mancinileather.com\/wp-content\/uploads\/2021\/12\/products-file_5b771e4a832eb-1.jpg\" \/>\n\t<meta property=\"og:image:width\" content=\"1308\" \/>\n\t<meta property=\"og:image:height\" content=\"1200\" \/>\n\t<meta property=\"og:image:type\" content=\"image\/jpeg\" \/>\n<meta name=\"twitter:card\" content=\"summary_large_image\" \/>\n<meta name=\"twitter:label1\" content=\"Est. reading time\" \/>\n\t<meta name=\"twitter:data1\" content=\"1 minute\" \/>\n<script type=\"application\/ld+json\" class=\"yoast-schema-graph\">{\"@context\":\"https:\\\/\\\/schema.org\",\"@graph\":[{\"@type\":\"WebPage\",\"@id\":\"https:\\\/\\\/www.mancinileather.com\\\/fr\\\/produit\\\/mallette-catalog-roulettes-luxe\",\"url\":\"https:\\\/\\\/www.mancinileather.com\\\/fr\\\/produit\\\/mallette-catalog-roulettes-luxe\",\"name\":\"Mallette \u00e0 catalog \u00e0 roulettes de luxe\",\"isPartOf\":{\"@id\":\"https:\\\/\\\/www.mancinileather.com\\\/fr#website\"},\"primaryImageOfPage\":{\"@id\":\"https:\\\/\\\/www.mancinileather.com\\\/fr\\\/produit\\\/mallette-catalog-roulettes-luxe#primaryimage\"},\"image\":{\"@id\":\"https:\\\/\\\/www.mancinileather.com\\\/fr\\\/produit\\\/mallette-catalog-roulettes-luxe#primaryimage\"},\"thumbnailUrl\":\"https:\\\/\\\/www.mancinileather.com\\\/wp-content\\\/uploads\\\/2021\\\/12\\\/products-file_5b771e4a832eb-1.jpg\",\"datePublished\":\"2022-03-29T14:43:55+00:00\",\"dateModified\":\"2025-07-24T06:23:50+00:00\",\"description\":\"Les porte-documents de notre collection\u00a0SIGNATURE\u00a0sont des innovations qui pr\u00e9sentent les caract\u00e9ristiques naturelles du cuir fin italien de premi\u00e8re qualit\u00e9. Classique, \u00e9l\u00e9gante et luxueuse, cette collection refl\u00e8te votre style de vie.\u00a0Ce mallette \u00e0 catalogue \u00e0 roulettes munie d\u2019un \u00e9tui amovible rembourr\u00e9 pour transporter votre ordinateur portable en toute s\u00e9curit\u00e9 est parfaite pour les rencontres d\u2019affaires. Polyvalente, cette mallette en cuir v\u00e9ritable est dot\u00e9e d'un classeur \u00e0 fermeture \u00e9clair et de compartiments s\u00e9par\u00e9s con\u00e7us pour transporter des documents, des dossiers, des \u00e9chantillons de produits, et bien plus encore!\",\"breadcrumb\":{\"@id\":\"https:\\\/\\\/www.mancinileather.com\\\/fr\\\/produit\\\/mallette-catalog-roulettes-luxe#breadcrumb\"},\"inLanguage\":\"fr-FR\",\"potentialAction\":[{\"@type\":\"ReadAction\",\"target\":[\"https:\\\/\\\/www.mancinileather.com\\\/fr\\\/produit\\\/mallette-catalog-roulettes-luxe\"]}]},{\"@type\":\"ImageObject\",\"inLanguage\":\"fr-FR\",\"@id\":\"https:\\\/\\\/www.mancinileather.com\\\/fr\\\/produit\\\/mallette-catalog-roulettes-luxe#primaryimage\",\"url\":\"https:\\\/\\\/www.mancinileather.com\\\/wp-content\\\/uploads\\\/2021\\\/12\\\/products-file_5b771e4a832eb-1.jpg\",\"contentUrl\":\"https:\\\/\\\/www.mancinileather.com\\\/wp-content\\\/uploads\\\/2021\\\/12\\\/products-file_5b771e4a832eb-1.jpg\",\"width\":1308,\"height\":1200,\"caption\":\"Deluxe Wheeled Catalog Case\"},{\"@type\":\"BreadcrumbList\",\"@id\":\"https:\\\/\\\/www.mancinileather.com\\\/fr\\\/produit\\\/mallette-catalog-roulettes-luxe#breadcrumb\",\"itemListElement\":[{\"@type\":\"ListItem\",\"position\":1,\"name\":\"Home\",\"item\":\"https:\\\/\\\/www.mancinileather.com\\\/fr\"},{\"@type\":\"ListItem\",\"position\":2,\"name\":\"Boutique\",\"item\":\"https:\\\/\\\/www.mancinileather.com\\\/fr\\\/boutique\"},{\"@type\":\"ListItem\",\"position\":3,\"name\":\"Mallette \u00e0 catalog \u00e0 roulettes de luxe\"}]},{\"@type\":\"WebSite\",\"@id\":\"https:\\\/\\\/www.mancinileather.com\\\/fr#website\",\"url\":\"https:\\\/\\\/www.mancinileather.com\\\/fr\",\"name\":\"Mancini\",\"description\":\"Online Leather Store and Products\",\"potentialAction\":[{\"@type\":\"SearchAction\",\"target\":{\"@type\":\"EntryPoint\",\"urlTemplate\":\"https:\\\/\\\/www.mancinileather.com\\\/fr?s={search_term_string}\"},\"query-input\":{\"@type\":\"PropertyValueSpecification\",\"valueRequired\":true,\"valueName\":\"search_term_string\"}}],\"inLanguage\":\"fr-FR\"}]}<\/script>\n<!-- \/ Yoast SEO plugin. -->","yoast_head_json":{"title":"Mallette \u00e0 catalog \u00e0 roulettes de luxe","description":"Les porte-documents de notre collection\u00a0SIGNATURE\u00a0sont des innovations qui pr\u00e9sentent les caract\u00e9ristiques naturelles du cuir fin italien de premi\u00e8re qualit\u00e9. Classique, \u00e9l\u00e9gante et luxueuse, cette collection refl\u00e8te votre style de vie.\u00a0Ce mallette \u00e0 catalogue \u00e0 roulettes munie d\u2019un \u00e9tui amovible rembourr\u00e9 pour transporter votre ordinateur portable en toute s\u00e9curit\u00e9 est parfaite pour les rencontres d\u2019affaires. Polyvalente, cette mallette en cuir v\u00e9ritable est dot\u00e9e d'un classeur \u00e0 fermeture \u00e9clair et de compartiments s\u00e9par\u00e9s con\u00e7us pour transporter des documents, des dossiers, des \u00e9chantillons de produits, et bien plus encore!","robots":{"index":"index","follow":"follow","max-snippet":"max-snippet:-1","max-image-preview":"max-image-preview:large","max-video-preview":"max-video-preview:-1"},"canonical":"https:\/\/www.mancinileather.com\/fr\/produit\/mallette-catalog-roulettes-luxe","og_locale":"fr_FR","og_type":"article","og_title":"Mallette \u00e0 catalog \u00e0 roulettes de luxe","og_description":"Les porte-documents de notre collection\u00a0SIGNATURE\u00a0sont des innovations qui pr\u00e9sentent les caract\u00e9ristiques naturelles du cuir fin italien de premi\u00e8re qualit\u00e9. Classique, \u00e9l\u00e9gante et luxueuse, cette collection refl\u00e8te votre style de vie.\u00a0Ce mallette \u00e0 catalogue \u00e0 roulettes munie d\u2019un \u00e9tui amovible rembourr\u00e9 pour transporter votre ordinateur portable en toute s\u00e9curit\u00e9 est parfaite pour les rencontres d\u2019affaires. Polyvalente, cette mallette en cuir v\u00e9ritable est dot\u00e9e d'un classeur \u00e0 fermeture \u00e9clair et de compartiments s\u00e9par\u00e9s con\u00e7us pour transporter des documents, des dossiers, des \u00e9chantillons de produits, et bien plus encore!","og_url":"https:\/\/www.mancinileather.com\/fr\/produit\/mallette-catalog-roulettes-luxe","og_site_name":"Mancini","article_modified_time":"2025-07-24T06:23:50+00:00","og_image":[{"width":1308,"height":1200,"url":"https:\/\/www.mancinileather.com\/wp-content\/uploads\/2021\/12\/products-file_5b771e4a832eb-1.jpg","type":"image\/jpeg"}],"twitter_card":"summary_large_image","twitter_misc":{"Est. reading time":"1 minute"},"schema":{"@context":"https:\/\/schema.org","@graph":[{"@type":"WebPage","@id":"https:\/\/www.mancinileather.com\/fr\/produit\/mallette-catalog-roulettes-luxe","url":"https:\/\/www.mancinileather.com\/fr\/produit\/mallette-catalog-roulettes-luxe","name":"Mallette \u00e0 catalog \u00e0 roulettes de luxe","isPartOf":{"@id":"https:\/\/www.mancinileather.com\/fr#website"},"primaryImageOfPage":{"@id":"https:\/\/www.mancinileather.com\/fr\/produit\/mallette-catalog-roulettes-luxe#primaryimage"},"image":{"@id":"https:\/\/www.mancinileather.com\/fr\/produit\/mallette-catalog-roulettes-luxe#primaryimage"},"thumbnailUrl":"https:\/\/www.mancinileather.com\/wp-content\/uploads\/2021\/12\/products-file_5b771e4a832eb-1.jpg","datePublished":"2022-03-29T14:43:55+00:00","dateModified":"2025-07-24T06:23:50+00:00","description":"Les porte-documents de notre collection\u00a0SIGNATURE\u00a0sont des innovations qui pr\u00e9sentent les caract\u00e9ristiques naturelles du cuir fin italien de premi\u00e8re qualit\u00e9. Classique, \u00e9l\u00e9gante et luxueuse, cette collection refl\u00e8te votre style de vie.\u00a0Ce mallette \u00e0 catalogue \u00e0 roulettes munie d\u2019un \u00e9tui amovible rembourr\u00e9 pour transporter votre ordinateur portable en toute s\u00e9curit\u00e9 est parfaite pour les rencontres d\u2019affaires. Polyvalente, cette mallette en cuir v\u00e9ritable est dot\u00e9e d'un classeur \u00e0 fermeture \u00e9clair et de compartiments s\u00e9par\u00e9s con\u00e7us pour transporter des documents, des dossiers, des \u00e9chantillons de produits, et bien plus encore!","breadcrumb":{"@id":"https:\/\/www.mancinileather.com\/fr\/produit\/mallette-catalog-roulettes-luxe#breadcrumb"},"inLanguage":"fr-FR","potentialAction":[{"@type":"ReadAction","target":["https:\/\/www.mancinileather.com\/fr\/produit\/mallette-catalog-roulettes-luxe"]}]},{"@type":"ImageObject","inLanguage":"fr-FR","@id":"https:\/\/www.mancinileather.com\/fr\/produit\/mallette-catalog-roulettes-luxe#primaryimage","url":"https:\/\/www.mancinileather.com\/wp-content\/uploads\/2021\/12\/products-file_5b771e4a832eb-1.jpg","contentUrl":"https:\/\/www.mancinileather.com\/wp-content\/uploads\/2021\/12\/products-file_5b771e4a832eb-1.jpg","width":1308,"height":1200,"caption":"Deluxe Wheeled Catalog Case"},{"@type":"BreadcrumbList","@id":"https:\/\/www.mancinileather.com\/fr\/produit\/mallette-catalog-roulettes-luxe#breadcrumb","itemListElement":[{"@type":"ListItem","position":1,"name":"Home","item":"https:\/\/www.mancinileather.com\/fr"},{"@type":"ListItem","position":2,"name":"Boutique","item":"https:\/\/www.mancinileather.com\/fr\/boutique"},{"@type":"ListItem","position":3,"name":"Mallette \u00e0 catalog \u00e0 roulettes de luxe"}]},{"@type":"WebSite","@id":"https:\/\/www.mancinileather.com\/fr#website","url":"https:\/\/www.mancinileather.com\/fr","name":"Mancini","description":"Online Leather Store and Products","potentialAction":[{"@type":"SearchAction","target":{"@type":"EntryPoint","urlTemplate":"https:\/\/www.mancinileather.com\/fr?s={search_term_string}"},"query-input":{"@type":"PropertyValueSpecification","valueRequired":true,"valueName":"search_term_string"}}],"inLanguage":"fr-FR"}]}},"brands":[],"_links":{"self":[{"href":"https:\/\/www.mancinileather.com\/fr\/wp-json\/wp\/v2\/product\/41711","targetHints":{"allow":["GET"]}}],"collection":[{"href":"https:\/\/www.mancinileather.com\/fr\/wp-json\/wp\/v2\/product"}],"about":[{"href":"https:\/\/www.mancinileather.com\/fr\/wp-json\/wp\/v2\/types\/product"}],"replies":[{"embeddable":true,"href":"https:\/\/www.mancinileather.com\/fr\/wp-json\/wp\/v2\/comments?post=41711"}],"wp:featuredmedia":[{"embeddable":true,"href":"https:\/\/www.mancinileather.com\/fr\/wp-json\/wp\/v2\/media\/30355"}],"wp:attachment":[{"href":"https:\/\/www.mancinileather.com\/fr\/wp-json\/wp\/v2\/media?parent=41711"}],"wp:term":[{"taxonomy":"pwb-brand","embeddable":true,"href":"https:\/\/www.mancinileather.com\/fr\/wp-json\/wp\/v2\/pwb-brand?post=41711"},{"taxonomy":"product_brand","embeddable":true,"href":"https:\/\/www.mancinileather.com\/fr\/wp-json\/wp\/v2\/product_brand?post=41711"},{"taxonomy":"product_cat","embeddable":true,"href":"https:\/\/www.mancinileather.com\/fr\/wp-json\/wp\/v2\/product_cat?post=41711"},{"taxonomy":"product_tag","embeddable":true,"href":"https:\/\/www.mancinileather.com\/fr\/wp-json\/wp\/v2\/product_tag?post=41711"}],"curies":[{"name":"wp","href":"https:\/\/api.w.org\/{rel}","templated":true}]}}