{"id":41825,"date":"2022-03-29T10:45:36","date_gmt":"2022-03-29T10:45:36","guid":{"rendered":"https:\/\/mancini.bluehat.hosting\/?post_type=product&#038;p=41825"},"modified":"2025-07-24T02:23:50","modified_gmt":"2025-07-24T06:23:50","slug":"porte-document-deux-compartiments-pour-portable-156-po-tablette","status":"publish","type":"product","link":"https:\/\/www.mancinileather.com\/fr\/produit\/porte-document-deux-compartiments-pour-portable-156-po-tablette","title":{"rendered":"Porte-document \u00e0 deux compartiments pour portable 15.6 po et tablette"},"content":{"rendered":"<div class=\"fusion-fullwidth fullwidth-box fusion-builder-row-1 fusion-flex-container nonhundred-percent-fullwidth non-hundred-percent-height-scrolling\" style=\"--awb-border-radius-top-left:0px;--awb-border-radius-top-right:0px;--awb-border-radius-bottom-right:0px;--awb-border-radius-bottom-left:0px;--awb-flex-wrap:wrap;\" ><div class=\"fusion-builder-row fusion-row fusion-flex-align-items-flex-start fusion-flex-content-wrap\" style=\"max-width:1430px;margin-left: calc(-4% \/ 2 );margin-right: calc(-4% \/ 2 );\"><div class=\"fusion-layout-column fusion_builder_column fusion-builder-column-0 fusion_builder_column_1_1 1_1 fusion-flex-column\" style=\"--awb-bg-size:cover;--awb-width-large:100%;--awb-margin-top-large:0px;--awb-spacing-right-large:1.92%;--awb-margin-bottom-large:0px;--awb-spacing-left-large:1.92%;--awb-width-medium:100%;--awb-spacing-right-medium:1.92%;--awb-spacing-left-medium:1.92%;--awb-width-small:100%;--awb-spacing-right-small:1.92%;--awb-spacing-left-small:1.92%;\"><div class=\"fusion-column-wrapper fusion-flex-justify-content-flex-start fusion-content-layout-column\"><div class=\"fusion-text fusion-text-1\"><p>Notre collection <strong>Arizona<\/strong>, une r\u00e9alisation d&#8217;une \u00e9l\u00e9gance d\u00e9contract\u00e9e intemporelle. Cette collection r\u00e9pondra \u00e0 tous vos besoins professionnels et personnels qui vous guideront de mani\u00e8re vaillante dans la vie quotidienne. Tiss\u00e9 minutieusement \u00e0 la main notre cuir de buffle au tannage v\u00e9g\u00e9tale se definit avec l\u2019\u00e2ge.<\/p>\n<p>Ce porte-documents pour portable\/ tablette est muni d&#8217;un \u00e9tuis rembourr\u00e9s pour garder votre tablette\/portable en toute s\u00e9curit\u00e9. Il est \u00e9quip\u00e9 d&#8217;un organisateur et une poche zipp\u00e9e sur le dos ainsi que plusieurs poches et pochettes pratiques qui gardent vos petits articles personnels \u00e0 port\u00e9e de main. Une sangle sur le dos permet le ferroutage du porte-documents sur d&#8217;autres bagages.<\/p>\n<\/div><\/div><\/div><\/div><\/div>\n","protected":false},"excerpt":{"rendered":"<p>&nbsp;<\/p>\n<ul>\n<li>\u00c9tuis rembourr\u00e9s pour tablette\/portable<\/li>\n<li>Convient au portables jusqu&#8217;\u00e0 15.6\u201d pouces<\/li>\n<li>Compartiment pour dossiers et documents<\/li>\n<li>Organisateur sur le front<\/li>\n<li>Poche zipp\u00e9e sur le dos<\/li>\n<li>Sangle \u00e0 ferroutage sur le dos<\/li>\n<li>Bandouli\u00e8re amovible<\/li>\n<li>Un an de garantie limit\u00e9e\u00a0<strong>MANCINI<\/strong><\/li>\n<\/ul>\n","protected":false},"featured_media":30476,"comment_status":"open","ping_status":"closed","template":"","meta":[],"pwb-brand":[],"product_brand":[],"product_cat":[1509,1493,1467,1501],"product_tag":[],"class_list":{"0":"post-41825","1":"product","2":"type-product","3":"status-publish","4":"has-post-thumbnail","6":"product_cat-porte-documents-cuir-pour-femmes","7":"product_cat-porte-documents-cuir-pour-hommes","8":"product_cat-porte-documents-pour-laptop-tablette","9":"product_cat-solde-produits-en-cuir-promotion","10":"pa_collection-arizona-fr","11":"pa_color-brun","12":"pa_color-cognac-fr","13":"pa_color-noir-fr","14":"pa_material-cuir-de-buffle-pleine-fleur","16":"first","17":"outofstock","18":"taxable","19":"shipping-taxable","20":"product-type-variable","21":"has-default-attributes"},"yoast_head":"<!-- This site is optimized with the Yoast SEO plugin v27.4 - https:\/\/yoast.com\/product\/yoast-seo-wordpress\/ -->\n<title>Porte-document \u00e0 deux compartiments pour portable 15.6 po et tablette - Mancini<\/title>\n<meta name=\"description\" content=\"Notre collection Arizona, une r\u00e9alisation d&#039;une \u00e9l\u00e9gance d\u00e9contract\u00e9e intemporelle. Cette collection r\u00e9pondra \u00e0 tous vos besoins professionnels et personnels qui vous guideront de mani\u00e8re vaillante dans la vie quotidienne. Tiss\u00e9 minutieusement \u00e0 la main notre cuir de buffle au tannage v\u00e9g\u00e9tale se definit avec l\u2019\u00e2ge.\u00a0Ce porte-documents pour portable\/ tablette est muni d&#039;un \u00e9tuis rembourr\u00e9s pour garder votre tablette\/portable en toute s\u00e9curit\u00e9. Il est \u00e9quip\u00e9 d&#039;un organisateur et une poche zipp\u00e9e sur le dos ainsi que plusieurs poches et pochettes pratiques qui gardent vos petits articles personnels \u00e0 port\u00e9e de main. Une sangle sur le dos permet le ferroutage du porte-documents sur d&#039;autres bagages.\" \/>\n<meta name=\"robots\" content=\"index, follow, max-snippet:-1, max-image-preview:large, max-video-preview:-1\" \/>\n<link rel=\"canonical\" href=\"https:\/\/www.mancinileather.com\/fr\/produit\/porte-document-deux-compartiments-pour-portable-156-po-tablette\" \/>\n<meta property=\"og:locale\" content=\"fr_FR\" \/>\n<meta property=\"og:type\" content=\"article\" \/>\n<meta property=\"og:title\" content=\"Porte-document \u00e0 deux compartiments pour portable 15.6 po et tablette - Mancini\" \/>\n<meta property=\"og:description\" content=\"Notre collection Arizona, une r\u00e9alisation d&#039;une \u00e9l\u00e9gance d\u00e9contract\u00e9e intemporelle. Cette collection r\u00e9pondra \u00e0 tous vos besoins professionnels et personnels qui vous guideront de mani\u00e8re vaillante dans la vie quotidienne. Tiss\u00e9 minutieusement \u00e0 la main notre cuir de buffle au tannage v\u00e9g\u00e9tale se definit avec l\u2019\u00e2ge.\u00a0Ce porte-documents pour portable\/ tablette est muni d&#039;un \u00e9tuis rembourr\u00e9s pour garder votre tablette\/portable en toute s\u00e9curit\u00e9. Il est \u00e9quip\u00e9 d&#039;un organisateur et une poche zipp\u00e9e sur le dos ainsi que plusieurs poches et pochettes pratiques qui gardent vos petits articles personnels \u00e0 port\u00e9e de main. Une sangle sur le dos permet le ferroutage du porte-documents sur d&#039;autres bagages.\" \/>\n<meta property=\"og:url\" content=\"https:\/\/www.mancinileather.com\/fr\/produit\/porte-document-deux-compartiments-pour-portable-156-po-tablette\" \/>\n<meta property=\"og:site_name\" content=\"Mancini\" \/>\n<meta property=\"article:modified_time\" content=\"2025-07-24T06:23:50+00:00\" \/>\n<meta property=\"og:image\" content=\"https:\/\/www.mancinileather.com\/wp-content\/uploads\/2021\/12\/products-file_5b771dfcf282a-1.jpg\" \/>\n\t<meta property=\"og:image:width\" content=\"1455\" \/>\n\t<meta property=\"og:image:height\" content=\"1200\" \/>\n\t<meta property=\"og:image:type\" content=\"image\/jpeg\" \/>\n<meta name=\"twitter:card\" content=\"summary_large_image\" \/>\n<meta name=\"twitter:label1\" content=\"Est. reading time\" \/>\n\t<meta name=\"twitter:data1\" content=\"1 minute\" \/>\n<script type=\"application\/ld+json\" class=\"yoast-schema-graph\">{\"@context\":\"https:\\\/\\\/schema.org\",\"@graph\":[{\"@type\":\"WebPage\",\"@id\":\"https:\\\/\\\/www.mancinileather.com\\\/fr\\\/produit\\\/porte-document-deux-compartiments-pour-portable-156-po-tablette\",\"url\":\"https:\\\/\\\/www.mancinileather.com\\\/fr\\\/produit\\\/porte-document-deux-compartiments-pour-portable-156-po-tablette\",\"name\":\"Porte-document \u00e0 deux compartiments pour portable 15.6 po et tablette - Mancini\",\"isPartOf\":{\"@id\":\"https:\\\/\\\/www.mancinileather.com\\\/fr#website\"},\"primaryImageOfPage\":{\"@id\":\"https:\\\/\\\/www.mancinileather.com\\\/fr\\\/produit\\\/porte-document-deux-compartiments-pour-portable-156-po-tablette#primaryimage\"},\"image\":{\"@id\":\"https:\\\/\\\/www.mancinileather.com\\\/fr\\\/produit\\\/porte-document-deux-compartiments-pour-portable-156-po-tablette#primaryimage\"},\"thumbnailUrl\":\"https:\\\/\\\/www.mancinileather.com\\\/wp-content\\\/uploads\\\/2021\\\/12\\\/products-file_5b771dfcf282a-1.jpg\",\"datePublished\":\"2022-03-29T10:45:36+00:00\",\"dateModified\":\"2025-07-24T06:23:50+00:00\",\"description\":\"Notre collection Arizona, une r\u00e9alisation d'une \u00e9l\u00e9gance d\u00e9contract\u00e9e intemporelle. Cette collection r\u00e9pondra \u00e0 tous vos besoins professionnels et personnels qui vous guideront de mani\u00e8re vaillante dans la vie quotidienne. Tiss\u00e9 minutieusement \u00e0 la main notre cuir de buffle au tannage v\u00e9g\u00e9tale se definit avec l\u2019\u00e2ge.\u00a0Ce porte-documents pour portable\\\/ tablette est muni d'un \u00e9tuis rembourr\u00e9s pour garder votre tablette\\\/portable en toute s\u00e9curit\u00e9. Il est \u00e9quip\u00e9 d'un organisateur et une poche zipp\u00e9e sur le dos ainsi que plusieurs poches et pochettes pratiques qui gardent vos petits articles personnels \u00e0 port\u00e9e de main. Une sangle sur le dos permet le ferroutage du porte-documents sur d'autres bagages.\",\"breadcrumb\":{\"@id\":\"https:\\\/\\\/www.mancinileather.com\\\/fr\\\/produit\\\/porte-document-deux-compartiments-pour-portable-156-po-tablette#breadcrumb\"},\"inLanguage\":\"fr-FR\",\"potentialAction\":[{\"@type\":\"ReadAction\",\"target\":[\"https:\\\/\\\/www.mancinileather.com\\\/fr\\\/produit\\\/porte-document-deux-compartiments-pour-portable-156-po-tablette\"]}]},{\"@type\":\"ImageObject\",\"inLanguage\":\"fr-FR\",\"@id\":\"https:\\\/\\\/www.mancinileather.com\\\/fr\\\/produit\\\/porte-document-deux-compartiments-pour-portable-156-po-tablette#primaryimage\",\"url\":\"https:\\\/\\\/www.mancinileather.com\\\/wp-content\\\/uploads\\\/2021\\\/12\\\/products-file_5b771dfcf282a-1.jpg\",\"contentUrl\":\"https:\\\/\\\/www.mancinileather.com\\\/wp-content\\\/uploads\\\/2021\\\/12\\\/products-file_5b771dfcf282a-1.jpg\",\"width\":1455,\"height\":1200,\"caption\":\"Double Compartment Briefcase for 15.6'' Laptop and Tablet\"},{\"@type\":\"BreadcrumbList\",\"@id\":\"https:\\\/\\\/www.mancinileather.com\\\/fr\\\/produit\\\/porte-document-deux-compartiments-pour-portable-156-po-tablette#breadcrumb\",\"itemListElement\":[{\"@type\":\"ListItem\",\"position\":1,\"name\":\"Home\",\"item\":\"https:\\\/\\\/www.mancinileather.com\\\/fr\"},{\"@type\":\"ListItem\",\"position\":2,\"name\":\"Boutique\",\"item\":\"https:\\\/\\\/www.mancinileather.com\\\/fr\\\/boutique\"},{\"@type\":\"ListItem\",\"position\":3,\"name\":\"Porte-document \u00e0 deux compartiments pour portable 15.6 po et tablette\"}]},{\"@type\":\"WebSite\",\"@id\":\"https:\\\/\\\/www.mancinileather.com\\\/fr#website\",\"url\":\"https:\\\/\\\/www.mancinileather.com\\\/fr\",\"name\":\"Mancini\",\"description\":\"Online Leather Store and Products\",\"potentialAction\":[{\"@type\":\"SearchAction\",\"target\":{\"@type\":\"EntryPoint\",\"urlTemplate\":\"https:\\\/\\\/www.mancinileather.com\\\/fr?s={search_term_string}\"},\"query-input\":{\"@type\":\"PropertyValueSpecification\",\"valueRequired\":true,\"valueName\":\"search_term_string\"}}],\"inLanguage\":\"fr-FR\"}]}<\/script>\n<!-- \/ Yoast SEO plugin. -->","yoast_head_json":{"title":"Porte-document \u00e0 deux compartiments pour portable 15.6 po et tablette - Mancini","description":"Notre collection Arizona, une r\u00e9alisation d'une \u00e9l\u00e9gance d\u00e9contract\u00e9e intemporelle. Cette collection r\u00e9pondra \u00e0 tous vos besoins professionnels et personnels qui vous guideront de mani\u00e8re vaillante dans la vie quotidienne. Tiss\u00e9 minutieusement \u00e0 la main notre cuir de buffle au tannage v\u00e9g\u00e9tale se definit avec l\u2019\u00e2ge.\u00a0Ce porte-documents pour portable\/ tablette est muni d'un \u00e9tuis rembourr\u00e9s pour garder votre tablette\/portable en toute s\u00e9curit\u00e9. Il est \u00e9quip\u00e9 d'un organisateur et une poche zipp\u00e9e sur le dos ainsi que plusieurs poches et pochettes pratiques qui gardent vos petits articles personnels \u00e0 port\u00e9e de main. Une sangle sur le dos permet le ferroutage du porte-documents sur d'autres bagages.","robots":{"index":"index","follow":"follow","max-snippet":"max-snippet:-1","max-image-preview":"max-image-preview:large","max-video-preview":"max-video-preview:-1"},"canonical":"https:\/\/www.mancinileather.com\/fr\/produit\/porte-document-deux-compartiments-pour-portable-156-po-tablette","og_locale":"fr_FR","og_type":"article","og_title":"Porte-document \u00e0 deux compartiments pour portable 15.6 po et tablette - Mancini","og_description":"Notre collection Arizona, une r\u00e9alisation d'une \u00e9l\u00e9gance d\u00e9contract\u00e9e intemporelle. Cette collection r\u00e9pondra \u00e0 tous vos besoins professionnels et personnels qui vous guideront de mani\u00e8re vaillante dans la vie quotidienne. Tiss\u00e9 minutieusement \u00e0 la main notre cuir de buffle au tannage v\u00e9g\u00e9tale se definit avec l\u2019\u00e2ge.\u00a0Ce porte-documents pour portable\/ tablette est muni d'un \u00e9tuis rembourr\u00e9s pour garder votre tablette\/portable en toute s\u00e9curit\u00e9. Il est \u00e9quip\u00e9 d'un organisateur et une poche zipp\u00e9e sur le dos ainsi que plusieurs poches et pochettes pratiques qui gardent vos petits articles personnels \u00e0 port\u00e9e de main. Une sangle sur le dos permet le ferroutage du porte-documents sur d'autres bagages.","og_url":"https:\/\/www.mancinileather.com\/fr\/produit\/porte-document-deux-compartiments-pour-portable-156-po-tablette","og_site_name":"Mancini","article_modified_time":"2025-07-24T06:23:50+00:00","og_image":[{"width":1455,"height":1200,"url":"https:\/\/www.mancinileather.com\/wp-content\/uploads\/2021\/12\/products-file_5b771dfcf282a-1.jpg","type":"image\/jpeg"}],"twitter_card":"summary_large_image","twitter_misc":{"Est. reading time":"1 minute"},"schema":{"@context":"https:\/\/schema.org","@graph":[{"@type":"WebPage","@id":"https:\/\/www.mancinileather.com\/fr\/produit\/porte-document-deux-compartiments-pour-portable-156-po-tablette","url":"https:\/\/www.mancinileather.com\/fr\/produit\/porte-document-deux-compartiments-pour-portable-156-po-tablette","name":"Porte-document \u00e0 deux compartiments pour portable 15.6 po et tablette - Mancini","isPartOf":{"@id":"https:\/\/www.mancinileather.com\/fr#website"},"primaryImageOfPage":{"@id":"https:\/\/www.mancinileather.com\/fr\/produit\/porte-document-deux-compartiments-pour-portable-156-po-tablette#primaryimage"},"image":{"@id":"https:\/\/www.mancinileather.com\/fr\/produit\/porte-document-deux-compartiments-pour-portable-156-po-tablette#primaryimage"},"thumbnailUrl":"https:\/\/www.mancinileather.com\/wp-content\/uploads\/2021\/12\/products-file_5b771dfcf282a-1.jpg","datePublished":"2022-03-29T10:45:36+00:00","dateModified":"2025-07-24T06:23:50+00:00","description":"Notre collection Arizona, une r\u00e9alisation d'une \u00e9l\u00e9gance d\u00e9contract\u00e9e intemporelle. Cette collection r\u00e9pondra \u00e0 tous vos besoins professionnels et personnels qui vous guideront de mani\u00e8re vaillante dans la vie quotidienne. Tiss\u00e9 minutieusement \u00e0 la main notre cuir de buffle au tannage v\u00e9g\u00e9tale se definit avec l\u2019\u00e2ge.\u00a0Ce porte-documents pour portable\/ tablette est muni d'un \u00e9tuis rembourr\u00e9s pour garder votre tablette\/portable en toute s\u00e9curit\u00e9. Il est \u00e9quip\u00e9 d'un organisateur et une poche zipp\u00e9e sur le dos ainsi que plusieurs poches et pochettes pratiques qui gardent vos petits articles personnels \u00e0 port\u00e9e de main. Une sangle sur le dos permet le ferroutage du porte-documents sur d'autres bagages.","breadcrumb":{"@id":"https:\/\/www.mancinileather.com\/fr\/produit\/porte-document-deux-compartiments-pour-portable-156-po-tablette#breadcrumb"},"inLanguage":"fr-FR","potentialAction":[{"@type":"ReadAction","target":["https:\/\/www.mancinileather.com\/fr\/produit\/porte-document-deux-compartiments-pour-portable-156-po-tablette"]}]},{"@type":"ImageObject","inLanguage":"fr-FR","@id":"https:\/\/www.mancinileather.com\/fr\/produit\/porte-document-deux-compartiments-pour-portable-156-po-tablette#primaryimage","url":"https:\/\/www.mancinileather.com\/wp-content\/uploads\/2021\/12\/products-file_5b771dfcf282a-1.jpg","contentUrl":"https:\/\/www.mancinileather.com\/wp-content\/uploads\/2021\/12\/products-file_5b771dfcf282a-1.jpg","width":1455,"height":1200,"caption":"Double Compartment Briefcase for 15.6'' Laptop and Tablet"},{"@type":"BreadcrumbList","@id":"https:\/\/www.mancinileather.com\/fr\/produit\/porte-document-deux-compartiments-pour-portable-156-po-tablette#breadcrumb","itemListElement":[{"@type":"ListItem","position":1,"name":"Home","item":"https:\/\/www.mancinileather.com\/fr"},{"@type":"ListItem","position":2,"name":"Boutique","item":"https:\/\/www.mancinileather.com\/fr\/boutique"},{"@type":"ListItem","position":3,"name":"Porte-document \u00e0 deux compartiments pour portable 15.6 po et tablette"}]},{"@type":"WebSite","@id":"https:\/\/www.mancinileather.com\/fr#website","url":"https:\/\/www.mancinileather.com\/fr","name":"Mancini","description":"Online Leather Store and Products","potentialAction":[{"@type":"SearchAction","target":{"@type":"EntryPoint","urlTemplate":"https:\/\/www.mancinileather.com\/fr?s={search_term_string}"},"query-input":{"@type":"PropertyValueSpecification","valueRequired":true,"valueName":"search_term_string"}}],"inLanguage":"fr-FR"}]}},"brands":[],"_links":{"self":[{"href":"https:\/\/www.mancinileather.com\/fr\/wp-json\/wp\/v2\/product\/41825","targetHints":{"allow":["GET"]}}],"collection":[{"href":"https:\/\/www.mancinileather.com\/fr\/wp-json\/wp\/v2\/product"}],"about":[{"href":"https:\/\/www.mancinileather.com\/fr\/wp-json\/wp\/v2\/types\/product"}],"replies":[{"embeddable":true,"href":"https:\/\/www.mancinileather.com\/fr\/wp-json\/wp\/v2\/comments?post=41825"}],"wp:featuredmedia":[{"embeddable":true,"href":"https:\/\/www.mancinileather.com\/fr\/wp-json\/wp\/v2\/media\/30476"}],"wp:attachment":[{"href":"https:\/\/www.mancinileather.com\/fr\/wp-json\/wp\/v2\/media?parent=41825"}],"wp:term":[{"taxonomy":"pwb-brand","embeddable":true,"href":"https:\/\/www.mancinileather.com\/fr\/wp-json\/wp\/v2\/pwb-brand?post=41825"},{"taxonomy":"product_brand","embeddable":true,"href":"https:\/\/www.mancinileather.com\/fr\/wp-json\/wp\/v2\/product_brand?post=41825"},{"taxonomy":"product_cat","embeddable":true,"href":"https:\/\/www.mancinileather.com\/fr\/wp-json\/wp\/v2\/product_cat?post=41825"},{"taxonomy":"product_tag","embeddable":true,"href":"https:\/\/www.mancinileather.com\/fr\/wp-json\/wp\/v2\/product_tag?post=41825"}],"curies":[{"name":"wp","href":"https:\/\/api.w.org\/{rel}","templated":true}]}}