{"id":42221,"date":"2022-03-29T10:51:28","date_gmt":"2022-03-29T14:51:28","guid":{"rendered":"https:\/\/mancini.bluehat.hosting\/?post_type=product&#038;p=42221"},"modified":"2025-09-01T22:01:18","modified_gmt":"2025-09-02T02:01:18","slug":"portefeuille-pour-hommes-rfid-avec-volet-centre-pochette-pour-monnaie","status":"publish","type":"product","link":"https:\/\/www.mancinileather.com\/fr\/produit\/portefeuille-pour-hommes-rfid-avec-volet-centre-pochette-pour-monnaie","title":{"rendered":"Portefeuille pour hommes RFID avec volet au centre et pochette pour la monnaie"},"content":{"rendered":"<div class=\"fusion-fullwidth fullwidth-box fusion-builder-row-1 fusion-flex-container nonhundred-percent-fullwidth non-hundred-percent-height-scrolling\" style=\"--awb-border-radius-top-left:0px;--awb-border-radius-top-right:0px;--awb-border-radius-bottom-right:0px;--awb-border-radius-bottom-left:0px;--awb-flex-wrap:wrap;\" ><div class=\"fusion-builder-row fusion-row fusion-flex-align-items-flex-start fusion-flex-content-wrap\" style=\"max-width:1430px;margin-left: calc(-4% \/ 2 );margin-right: calc(-4% \/ 2 );\"><div class=\"fusion-layout-column fusion_builder_column fusion-builder-column-0 fusion_builder_column_1_1 1_1 fusion-flex-column\" style=\"--awb-bg-size:cover;--awb-width-large:100%;--awb-margin-top-large:0px;--awb-spacing-right-large:1.92%;--awb-margin-bottom-large:0px;--awb-spacing-left-large:1.92%;--awb-width-medium:100%;--awb-spacing-right-medium:1.92%;--awb-spacing-left-medium:1.92%;--awb-width-small:100%;--awb-spacing-right-small:1.92%;--awb-spacing-left-small:1.92%;\"><div class=\"fusion-column-wrapper fusion-flex-justify-content-flex-start fusion-content-layout-column\"><div class=\"fusion-text fusion-text-1\"><p>Tendance ultime en mati\u00e8re de cuir plein fleur de qualit\u00e9 sup\u00e9rieure, notre collection <strong>EQUESTRIAN-2<\/strong> pr\u00e9sente une vaste gamme de portefeuilles et d\u2019accessoires personnels pour les hommes des plus minutieux. \u00c9quip\u00e9 de la derni\u00e8re technologie de blocage d&#8217;ondes RFID pour assurer que vos donn\u00e9es et vos cartes sont s\u00e9curitaires. Des couches m\u00e9talliques sp\u00e9ciales int\u00e9gr\u00e9es dans les fentes pour cartes emp\u00eachent la lecture \u00e9lectronique de votre portefeuille.<\/p>\n<p>Ce portefeuille avec volet au centre est \u00e9quip\u00e9 d&#8217;une poche zipp\u00e9 pour la monnaie, plusieurs fentes pour cartes de cr\u00e9dit et trois sections pour billets. Ce portefeuille en cuir fin respire l&#8217;\u00e9l\u00e9gance classique.<\/p>\n<\/div><\/div><\/div><\/div><\/div>\n","protected":false},"excerpt":{"rendered":"<p>&nbsp;<\/p>\n<ul>\n<li>Equip\u00e9 de\u00a0la derni\u00e8re technologie de blocage d&#8217;ondes RFID<\/li>\n<li>Volet au centre avec poche pour carte d&#8217;identit\u00e9<\/li>\n<li>Poche zipp\u00e9 pour la monnaie<\/li>\n<li>8 fentes pour cartes de cr\u00e9dit<\/li>\n<li>Trois sections pour billets<\/li>\n<li>Joliment emball\u00e9 dans un coffret cadeau \u00e9l\u00e9gant<\/li>\n<li>Un an de garantie limit\u00e9e\u00a0<strong>MANCINI<\/strong><\/li>\n<\/ul>\n","protected":false},"featured_media":42223,"comment_status":"open","ping_status":"closed","template":"","meta":[],"pwb-brand":[],"product_brand":[],"product_cat":[1638,1457],"product_tag":[],"class_list":{"0":"post-42221","1":"product","2":"type-product","3":"status-publish","4":"has-post-thumbnail","6":"product_cat-hommes","7":"product_cat-portefeuilles-en-cuir-homme","8":"pa_collection-equestrian-2-fr-2","9":"pa_color-brun","10":"pa_color-noir-fr","11":"pa_color-rouge-fr","12":"pa_material-cuir-pleine-fleur-fin-fr","14":"first","15":"outofstock","16":"taxable","17":"shipping-taxable","18":"product-type-variable","19":"has-default-attributes"},"yoast_head":"<!-- This site is optimized with the Yoast SEO plugin v27.4 - https:\/\/yoast.com\/product\/yoast-seo-wordpress\/ -->\n<title>Portefeuille pour hommes RFID avec volet au centre et pochette pour la monnaie - Mancini<\/title>\n<meta name=\"description\" content=\"Tendance ultime en mati\u00e8re de cuir plein fleur de qualit\u00e9 sup\u00e9rieure, notre collection EQUESTRIAN-2 pr\u00e9sente une vaste gamme de portefeuilles et d\u2019accessoires personnels pour les hommes des plus minutieux. \u00c9quip\u00e9 de la derni\u00e8re technologie de blocage d&#039;ondes RFID pour assurer que vos donn\u00e9es et vos cartes sont s\u00e9curitaires. Des couches m\u00e9talliques sp\u00e9ciales int\u00e9gr\u00e9es dans les fentes pour cartes emp\u00eachent la lecture \u00e9lectronique de votre portefeuille.\u00a0Ce portefeuille avec volet au centre est \u00e9quip\u00e9 d&#039;une poche zipp\u00e9 pour la monnaie, plusieurs fentes pour cartes de cr\u00e9dit et trois sections pour billets. Ce portefeuille en cuir fin respire l&#039;\u00e9l\u00e9gance classique.\" \/>\n<meta name=\"robots\" content=\"index, follow, max-snippet:-1, max-image-preview:large, max-video-preview:-1\" \/>\n<link rel=\"canonical\" href=\"https:\/\/www.mancinileather.com\/fr\/produit\/portefeuille-pour-hommes-rfid-avec-volet-centre-pochette-pour-monnaie\" \/>\n<meta property=\"og:locale\" content=\"fr_FR\" \/>\n<meta property=\"og:type\" content=\"article\" \/>\n<meta property=\"og:title\" content=\"Portefeuille pour hommes RFID avec volet au centre et pochette pour la monnaie - Mancini\" \/>\n<meta property=\"og:description\" content=\"Tendance ultime en mati\u00e8re de cuir plein fleur de qualit\u00e9 sup\u00e9rieure, notre collection EQUESTRIAN-2 pr\u00e9sente une vaste gamme de portefeuilles et d\u2019accessoires personnels pour les hommes des plus minutieux. \u00c9quip\u00e9 de la derni\u00e8re technologie de blocage d&#039;ondes RFID pour assurer que vos donn\u00e9es et vos cartes sont s\u00e9curitaires. Des couches m\u00e9talliques sp\u00e9ciales int\u00e9gr\u00e9es dans les fentes pour cartes emp\u00eachent la lecture \u00e9lectronique de votre portefeuille.\u00a0Ce portefeuille avec volet au centre est \u00e9quip\u00e9 d&#039;une poche zipp\u00e9 pour la monnaie, plusieurs fentes pour cartes de cr\u00e9dit et trois sections pour billets. Ce portefeuille en cuir fin respire l&#039;\u00e9l\u00e9gance classique.\" \/>\n<meta property=\"og:url\" content=\"https:\/\/www.mancinileather.com\/fr\/produit\/portefeuille-pour-hommes-rfid-avec-volet-centre-pochette-pour-monnaie\" \/>\n<meta property=\"og:site_name\" content=\"Mancini\" \/>\n<meta property=\"article:modified_time\" content=\"2025-09-02T02:01:18+00:00\" \/>\n<meta property=\"og:image\" content=\"https:\/\/www.mancinileather.com\/wp-content\/uploads\/2021\/12\/products-file_5bd1eb4dbc62b.jpg\" \/>\n\t<meta property=\"og:image:width\" content=\"1100\" \/>\n\t<meta property=\"og:image:height\" content=\"944\" \/>\n\t<meta property=\"og:image:type\" content=\"image\/jpeg\" \/>\n<meta name=\"twitter:card\" content=\"summary_large_image\" \/>\n<meta name=\"twitter:label1\" content=\"Est. reading time\" \/>\n\t<meta name=\"twitter:data1\" content=\"1 minute\" \/>\n<script type=\"application\/ld+json\" class=\"yoast-schema-graph\">{\"@context\":\"https:\\\/\\\/schema.org\",\"@graph\":[{\"@type\":\"WebPage\",\"@id\":\"https:\\\/\\\/www.mancinileather.com\\\/fr\\\/produit\\\/portefeuille-pour-hommes-rfid-avec-volet-centre-pochette-pour-monnaie\",\"url\":\"https:\\\/\\\/www.mancinileather.com\\\/fr\\\/produit\\\/portefeuille-pour-hommes-rfid-avec-volet-centre-pochette-pour-monnaie\",\"name\":\"Portefeuille pour hommes RFID avec volet au centre et pochette pour la monnaie - Mancini\",\"isPartOf\":{\"@id\":\"https:\\\/\\\/www.mancinileather.com\\\/fr#website\"},\"primaryImageOfPage\":{\"@id\":\"https:\\\/\\\/www.mancinileather.com\\\/fr\\\/produit\\\/portefeuille-pour-hommes-rfid-avec-volet-centre-pochette-pour-monnaie#primaryimage\"},\"image\":{\"@id\":\"https:\\\/\\\/www.mancinileather.com\\\/fr\\\/produit\\\/portefeuille-pour-hommes-rfid-avec-volet-centre-pochette-pour-monnaie#primaryimage\"},\"thumbnailUrl\":\"https:\\\/\\\/www.mancinileather.com\\\/wp-content\\\/uploads\\\/2021\\\/12\\\/products-file_5bd1eb4dbc62b.jpg\",\"datePublished\":\"2022-03-29T14:51:28+00:00\",\"dateModified\":\"2025-09-02T02:01:18+00:00\",\"description\":\"Tendance ultime en mati\u00e8re de cuir plein fleur de qualit\u00e9 sup\u00e9rieure, notre collection EQUESTRIAN-2 pr\u00e9sente une vaste gamme de portefeuilles et d\u2019accessoires personnels pour les hommes des plus minutieux. \u00c9quip\u00e9 de la derni\u00e8re technologie de blocage d'ondes RFID pour assurer que vos donn\u00e9es et vos cartes sont s\u00e9curitaires. Des couches m\u00e9talliques sp\u00e9ciales int\u00e9gr\u00e9es dans les fentes pour cartes emp\u00eachent la lecture \u00e9lectronique de votre portefeuille.\u00a0Ce portefeuille avec volet au centre est \u00e9quip\u00e9 d'une poche zipp\u00e9 pour la monnaie, plusieurs fentes pour cartes de cr\u00e9dit et trois sections pour billets. Ce portefeuille en cuir fin respire l'\u00e9l\u00e9gance classique.\",\"breadcrumb\":{\"@id\":\"https:\\\/\\\/www.mancinileather.com\\\/fr\\\/produit\\\/portefeuille-pour-hommes-rfid-avec-volet-centre-pochette-pour-monnaie#breadcrumb\"},\"inLanguage\":\"fr-FR\",\"potentialAction\":[{\"@type\":\"ReadAction\",\"target\":[\"https:\\\/\\\/www.mancinileather.com\\\/fr\\\/produit\\\/portefeuille-pour-hommes-rfid-avec-volet-centre-pochette-pour-monnaie\"]}]},{\"@type\":\"ImageObject\",\"inLanguage\":\"fr-FR\",\"@id\":\"https:\\\/\\\/www.mancinileather.com\\\/fr\\\/produit\\\/portefeuille-pour-hommes-rfid-avec-volet-centre-pochette-pour-monnaie#primaryimage\",\"url\":\"https:\\\/\\\/www.mancinileather.com\\\/wp-content\\\/uploads\\\/2021\\\/12\\\/products-file_5bd1eb4dbc62b.jpg\",\"contentUrl\":\"https:\\\/\\\/www.mancinileather.com\\\/wp-content\\\/uploads\\\/2021\\\/12\\\/products-file_5bd1eb4dbc62b.jpg\",\"width\":1100,\"height\":944,\"caption\":\"Portefeuille pour hommes RFID avec volet au centre et pochette pour la monnaie\"},{\"@type\":\"BreadcrumbList\",\"@id\":\"https:\\\/\\\/www.mancinileather.com\\\/fr\\\/produit\\\/portefeuille-pour-hommes-rfid-avec-volet-centre-pochette-pour-monnaie#breadcrumb\",\"itemListElement\":[{\"@type\":\"ListItem\",\"position\":1,\"name\":\"Home\",\"item\":\"https:\\\/\\\/www.mancinileather.com\\\/fr\"},{\"@type\":\"ListItem\",\"position\":2,\"name\":\"Boutique\",\"item\":\"https:\\\/\\\/www.mancinileather.com\\\/fr\\\/boutique\"},{\"@type\":\"ListItem\",\"position\":3,\"name\":\"Portefeuille pour hommes RFID avec volet au centre et pochette pour la monnaie\"}]},{\"@type\":\"WebSite\",\"@id\":\"https:\\\/\\\/www.mancinileather.com\\\/fr#website\",\"url\":\"https:\\\/\\\/www.mancinileather.com\\\/fr\",\"name\":\"Mancini\",\"description\":\"Online Leather Store and Products\",\"potentialAction\":[{\"@type\":\"SearchAction\",\"target\":{\"@type\":\"EntryPoint\",\"urlTemplate\":\"https:\\\/\\\/www.mancinileather.com\\\/fr?s={search_term_string}\"},\"query-input\":{\"@type\":\"PropertyValueSpecification\",\"valueRequired\":true,\"valueName\":\"search_term_string\"}}],\"inLanguage\":\"fr-FR\"}]}<\/script>\n<!-- \/ Yoast SEO plugin. -->","yoast_head_json":{"title":"Portefeuille pour hommes RFID avec volet au centre et pochette pour la monnaie - Mancini","description":"Tendance ultime en mati\u00e8re de cuir plein fleur de qualit\u00e9 sup\u00e9rieure, notre collection EQUESTRIAN-2 pr\u00e9sente une vaste gamme de portefeuilles et d\u2019accessoires personnels pour les hommes des plus minutieux. \u00c9quip\u00e9 de la derni\u00e8re technologie de blocage d'ondes RFID pour assurer que vos donn\u00e9es et vos cartes sont s\u00e9curitaires. Des couches m\u00e9talliques sp\u00e9ciales int\u00e9gr\u00e9es dans les fentes pour cartes emp\u00eachent la lecture \u00e9lectronique de votre portefeuille.\u00a0Ce portefeuille avec volet au centre est \u00e9quip\u00e9 d'une poche zipp\u00e9 pour la monnaie, plusieurs fentes pour cartes de cr\u00e9dit et trois sections pour billets. Ce portefeuille en cuir fin respire l'\u00e9l\u00e9gance classique.","robots":{"index":"index","follow":"follow","max-snippet":"max-snippet:-1","max-image-preview":"max-image-preview:large","max-video-preview":"max-video-preview:-1"},"canonical":"https:\/\/www.mancinileather.com\/fr\/produit\/portefeuille-pour-hommes-rfid-avec-volet-centre-pochette-pour-monnaie","og_locale":"fr_FR","og_type":"article","og_title":"Portefeuille pour hommes RFID avec volet au centre et pochette pour la monnaie - Mancini","og_description":"Tendance ultime en mati\u00e8re de cuir plein fleur de qualit\u00e9 sup\u00e9rieure, notre collection EQUESTRIAN-2 pr\u00e9sente une vaste gamme de portefeuilles et d\u2019accessoires personnels pour les hommes des plus minutieux. \u00c9quip\u00e9 de la derni\u00e8re technologie de blocage d'ondes RFID pour assurer que vos donn\u00e9es et vos cartes sont s\u00e9curitaires. Des couches m\u00e9talliques sp\u00e9ciales int\u00e9gr\u00e9es dans les fentes pour cartes emp\u00eachent la lecture \u00e9lectronique de votre portefeuille.\u00a0Ce portefeuille avec volet au centre est \u00e9quip\u00e9 d'une poche zipp\u00e9 pour la monnaie, plusieurs fentes pour cartes de cr\u00e9dit et trois sections pour billets. Ce portefeuille en cuir fin respire l'\u00e9l\u00e9gance classique.","og_url":"https:\/\/www.mancinileather.com\/fr\/produit\/portefeuille-pour-hommes-rfid-avec-volet-centre-pochette-pour-monnaie","og_site_name":"Mancini","article_modified_time":"2025-09-02T02:01:18+00:00","og_image":[{"width":1100,"height":944,"url":"https:\/\/www.mancinileather.com\/wp-content\/uploads\/2021\/12\/products-file_5bd1eb4dbc62b.jpg","type":"image\/jpeg"}],"twitter_card":"summary_large_image","twitter_misc":{"Est. reading time":"1 minute"},"schema":{"@context":"https:\/\/schema.org","@graph":[{"@type":"WebPage","@id":"https:\/\/www.mancinileather.com\/fr\/produit\/portefeuille-pour-hommes-rfid-avec-volet-centre-pochette-pour-monnaie","url":"https:\/\/www.mancinileather.com\/fr\/produit\/portefeuille-pour-hommes-rfid-avec-volet-centre-pochette-pour-monnaie","name":"Portefeuille pour hommes RFID avec volet au centre et pochette pour la monnaie - Mancini","isPartOf":{"@id":"https:\/\/www.mancinileather.com\/fr#website"},"primaryImageOfPage":{"@id":"https:\/\/www.mancinileather.com\/fr\/produit\/portefeuille-pour-hommes-rfid-avec-volet-centre-pochette-pour-monnaie#primaryimage"},"image":{"@id":"https:\/\/www.mancinileather.com\/fr\/produit\/portefeuille-pour-hommes-rfid-avec-volet-centre-pochette-pour-monnaie#primaryimage"},"thumbnailUrl":"https:\/\/www.mancinileather.com\/wp-content\/uploads\/2021\/12\/products-file_5bd1eb4dbc62b.jpg","datePublished":"2022-03-29T14:51:28+00:00","dateModified":"2025-09-02T02:01:18+00:00","description":"Tendance ultime en mati\u00e8re de cuir plein fleur de qualit\u00e9 sup\u00e9rieure, notre collection EQUESTRIAN-2 pr\u00e9sente une vaste gamme de portefeuilles et d\u2019accessoires personnels pour les hommes des plus minutieux. \u00c9quip\u00e9 de la derni\u00e8re technologie de blocage d'ondes RFID pour assurer que vos donn\u00e9es et vos cartes sont s\u00e9curitaires. Des couches m\u00e9talliques sp\u00e9ciales int\u00e9gr\u00e9es dans les fentes pour cartes emp\u00eachent la lecture \u00e9lectronique de votre portefeuille.\u00a0Ce portefeuille avec volet au centre est \u00e9quip\u00e9 d'une poche zipp\u00e9 pour la monnaie, plusieurs fentes pour cartes de cr\u00e9dit et trois sections pour billets. Ce portefeuille en cuir fin respire l'\u00e9l\u00e9gance classique.","breadcrumb":{"@id":"https:\/\/www.mancinileather.com\/fr\/produit\/portefeuille-pour-hommes-rfid-avec-volet-centre-pochette-pour-monnaie#breadcrumb"},"inLanguage":"fr-FR","potentialAction":[{"@type":"ReadAction","target":["https:\/\/www.mancinileather.com\/fr\/produit\/portefeuille-pour-hommes-rfid-avec-volet-centre-pochette-pour-monnaie"]}]},{"@type":"ImageObject","inLanguage":"fr-FR","@id":"https:\/\/www.mancinileather.com\/fr\/produit\/portefeuille-pour-hommes-rfid-avec-volet-centre-pochette-pour-monnaie#primaryimage","url":"https:\/\/www.mancinileather.com\/wp-content\/uploads\/2021\/12\/products-file_5bd1eb4dbc62b.jpg","contentUrl":"https:\/\/www.mancinileather.com\/wp-content\/uploads\/2021\/12\/products-file_5bd1eb4dbc62b.jpg","width":1100,"height":944,"caption":"Portefeuille pour hommes RFID avec volet au centre et pochette pour la monnaie"},{"@type":"BreadcrumbList","@id":"https:\/\/www.mancinileather.com\/fr\/produit\/portefeuille-pour-hommes-rfid-avec-volet-centre-pochette-pour-monnaie#breadcrumb","itemListElement":[{"@type":"ListItem","position":1,"name":"Home","item":"https:\/\/www.mancinileather.com\/fr"},{"@type":"ListItem","position":2,"name":"Boutique","item":"https:\/\/www.mancinileather.com\/fr\/boutique"},{"@type":"ListItem","position":3,"name":"Portefeuille pour hommes RFID avec volet au centre et pochette pour la monnaie"}]},{"@type":"WebSite","@id":"https:\/\/www.mancinileather.com\/fr#website","url":"https:\/\/www.mancinileather.com\/fr","name":"Mancini","description":"Online Leather Store and Products","potentialAction":[{"@type":"SearchAction","target":{"@type":"EntryPoint","urlTemplate":"https:\/\/www.mancinileather.com\/fr?s={search_term_string}"},"query-input":{"@type":"PropertyValueSpecification","valueRequired":true,"valueName":"search_term_string"}}],"inLanguage":"fr-FR"}]}},"brands":[],"_links":{"self":[{"href":"https:\/\/www.mancinileather.com\/fr\/wp-json\/wp\/v2\/product\/42221","targetHints":{"allow":["GET"]}}],"collection":[{"href":"https:\/\/www.mancinileather.com\/fr\/wp-json\/wp\/v2\/product"}],"about":[{"href":"https:\/\/www.mancinileather.com\/fr\/wp-json\/wp\/v2\/types\/product"}],"replies":[{"embeddable":true,"href":"https:\/\/www.mancinileather.com\/fr\/wp-json\/wp\/v2\/comments?post=42221"}],"wp:featuredmedia":[{"embeddable":true,"href":"https:\/\/www.mancinileather.com\/fr\/wp-json\/wp\/v2\/media\/42223"}],"wp:attachment":[{"href":"https:\/\/www.mancinileather.com\/fr\/wp-json\/wp\/v2\/media?parent=42221"}],"wp:term":[{"taxonomy":"pwb-brand","embeddable":true,"href":"https:\/\/www.mancinileather.com\/fr\/wp-json\/wp\/v2\/pwb-brand?post=42221"},{"taxonomy":"product_brand","embeddable":true,"href":"https:\/\/www.mancinileather.com\/fr\/wp-json\/wp\/v2\/product_brand?post=42221"},{"taxonomy":"product_cat","embeddable":true,"href":"https:\/\/www.mancinileather.com\/fr\/wp-json\/wp\/v2\/product_cat?post=42221"},{"taxonomy":"product_tag","embeddable":true,"href":"https:\/\/www.mancinileather.com\/fr\/wp-json\/wp\/v2\/product_tag?post=42221"}],"curies":[{"name":"wp","href":"https:\/\/api.w.org\/{rel}","templated":true}]}}