{"id":42335,"date":"2022-03-29T10:53:04","date_gmt":"2022-03-29T10:53:04","guid":{"rendered":"https:\/\/mancini.bluehat.hosting\/?post_type=product&#038;p=42335"},"modified":"2025-07-24T02:23:49","modified_gmt":"2025-07-24T06:23:49","slug":"porte-carte-rfid-avec-pochette-monnaie-equestrian2","status":"publish","type":"product","link":"https:\/\/www.mancinileather.com\/fr\/produit\/porte-carte-rfid-avec-pochette-monnaie-equestrian2","title":{"rendered":"Porte-carte RFID avec pochette monnaie"},"content":{"rendered":"<div class=\"fusion-fullwidth fullwidth-box fusion-builder-row-1 fusion-flex-container nonhundred-percent-fullwidth non-hundred-percent-height-scrolling\" style=\"--awb-border-radius-top-left:0px;--awb-border-radius-top-right:0px;--awb-border-radius-bottom-right:0px;--awb-border-radius-bottom-left:0px;--awb-flex-wrap:wrap;\" ><div class=\"fusion-builder-row fusion-row fusion-flex-align-items-flex-start fusion-flex-content-wrap\" style=\"max-width:1430px;margin-left: calc(-4% \/ 2 );margin-right: calc(-4% \/ 2 );\"><div class=\"fusion-layout-column fusion_builder_column fusion-builder-column-0 fusion_builder_column_1_1 1_1 fusion-flex-column\" style=\"--awb-bg-size:cover;--awb-width-large:100%;--awb-margin-top-large:0px;--awb-spacing-right-large:1.92%;--awb-margin-bottom-large:0px;--awb-spacing-left-large:1.92%;--awb-width-medium:100%;--awb-spacing-right-medium:1.92%;--awb-spacing-left-medium:1.92%;--awb-width-small:100%;--awb-spacing-right-small:1.92%;--awb-spacing-left-small:1.92%;\"><div class=\"fusion-column-wrapper fusion-flex-justify-content-flex-start fusion-content-layout-column\"><div class=\"fusion-text fusion-text-1\"><p>Tendance ultime en mati\u00e8re de cuir plein fleur de qualit\u00e9 sup\u00e9rieure, notre collection <strong>EQUESTRIAN-2<\/strong> pr\u00e9sente une vaste gamme de portefeuilles et d\u2019accessoires personnels pour les hommes des plus minutieux. \u00c9quip\u00e9 de la derni\u00e8re technologie de blocage d&#8217;ondes RFID pour assurer que vos donn\u00e9es et vos cartes sont s\u00e9curitaires. Des couches m\u00e9talliques sp\u00e9ciales int\u00e9gr\u00e9es dans les fentes pour cartes emp\u00eachent la lecture \u00e9lectronique de votre portefeuille.<\/p>\n<p>Cette porte-cartes de luxe est dot\u00e9 de plusieurs fentes pour cartes de cr\u00e9dit et une pochette pour monnaie.<\/p>\n<\/div><\/div><\/div><\/div><\/div>\n","protected":false},"excerpt":{"rendered":"<p>&nbsp;<\/p>\n<ul>\n<li>\u00c9quip\u00e9 de la derni\u00e8re technologie de blocage d\u2019ondes RFID<\/li>\n<li>Poche pour carte d\u2019identit\u00e9<\/li>\n<li>Poche pratique pour la monnaie<\/li>\n<li>5 fentes pour cartes de cr\u00e9dit<\/li>\n<li>Joliment emball\u00e9 dans un coffret cadeau \u00e9l\u00e9gant<\/li>\n<li>Un an de garantie limit\u00e9e <strong style=\"font-size: 1em;\">MANCINI<\/strong><\/li>\n<\/ul>\n","protected":false},"featured_media":42337,"comment_status":"open","ping_status":"closed","template":"","meta":[],"pwb-brand":[],"product_brand":[],"product_cat":[1459,1457,1638],"product_tag":[],"class_list":{"0":"post-42335","1":"product","2":"type-product","3":"status-publish","4":"has-post-thumbnail","6":"product_cat-portefeuilles-en-cuir-femme","7":"product_cat-portefeuilles-en-cuir-homme","8":"product_cat-hommes","9":"pa_collection-equestrian-2-fr-2","10":"pa_color-brun","11":"pa_color-noir-fr","12":"pa_color-rouge-fr","13":"pa_material-cuir-pleine-fleur-fin-fr","15":"first","16":"instock","17":"taxable","18":"shipping-taxable","19":"purchasable","20":"product-type-variable","21":"has-default-attributes"},"yoast_head":"<!-- This site is optimized with the Yoast SEO plugin v25.5 - https:\/\/yoast.com\/wordpress\/plugins\/seo\/ -->\n<title>Porte-carte RFID avec pochette monnaie - Mancini<\/title>\n<meta name=\"description\" content=\"Tendance ultime en mati\u00e8re de cuir plein fleur de qualit\u00e9 sup\u00e9rieure, notre collection EQUESTRIAN-2 pr\u00e9sente une vaste gamme de portefeuilles et d\u2019accessoires personnels pour les hommes des plus minutieux. \u00c9quip\u00e9 de la derni\u00e8re technologie de blocage d&#039;ondes RFID pour assurer que vos donn\u00e9es et vos cartes sont s\u00e9curitaires. Des couches m\u00e9talliques sp\u00e9ciales int\u00e9gr\u00e9es dans les fentes pour cartes emp\u00eachent la lecture \u00e9lectronique de votre portefeuille.\u00a0Cette porte-cartes de luxe est dot\u00e9 de plusieurs fentes pour cartes de cr\u00e9dit et une pochette pour monnaie.\" \/>\n<meta name=\"robots\" content=\"index, follow, max-snippet:-1, max-image-preview:large, max-video-preview:-1\" \/>\n<link rel=\"canonical\" href=\"https:\/\/www.mancinileather.com\/fr\/produit\/porte-carte-rfid-avec-pochette-monnaie-equestrian2\" \/>\n<meta property=\"og:locale\" content=\"fr_FR\" \/>\n<meta property=\"og:type\" content=\"article\" \/>\n<meta property=\"og:title\" content=\"Porte-carte RFID avec pochette monnaie - Mancini\" \/>\n<meta property=\"og:description\" content=\"Tendance ultime en mati\u00e8re de cuir plein fleur de qualit\u00e9 sup\u00e9rieure, notre collection EQUESTRIAN-2 pr\u00e9sente une vaste gamme de portefeuilles et d\u2019accessoires personnels pour les hommes des plus minutieux. \u00c9quip\u00e9 de la derni\u00e8re technologie de blocage d&#039;ondes RFID pour assurer que vos donn\u00e9es et vos cartes sont s\u00e9curitaires. Des couches m\u00e9talliques sp\u00e9ciales int\u00e9gr\u00e9es dans les fentes pour cartes emp\u00eachent la lecture \u00e9lectronique de votre portefeuille.\u00a0Cette porte-cartes de luxe est dot\u00e9 de plusieurs fentes pour cartes de cr\u00e9dit et une pochette pour monnaie.\" \/>\n<meta property=\"og:url\" content=\"https:\/\/www.mancinileather.com\/fr\/produit\/porte-carte-rfid-avec-pochette-monnaie-equestrian2\" \/>\n<meta property=\"og:site_name\" content=\"Mancini\" \/>\n<meta property=\"article:modified_time\" content=\"2025-07-24T06:23:49+00:00\" \/>\n<meta property=\"og:image\" content=\"https:\/\/www.mancinileather.com\/wp-content\/uploads\/2021\/12\/products-file_5bd1ee3517410.jpg\" \/>\n\t<meta property=\"og:image:width\" content=\"1100\" \/>\n\t<meta property=\"og:image:height\" content=\"865\" \/>\n\t<meta property=\"og:image:type\" content=\"image\/jpeg\" \/>\n<meta name=\"twitter:card\" content=\"summary_large_image\" \/>\n<meta name=\"twitter:label1\" content=\"Est. reading time\" \/>\n\t<meta name=\"twitter:data1\" content=\"1 minute\" \/>\n<script type=\"application\/ld+json\" class=\"yoast-schema-graph\">{\"@context\":\"https:\/\/schema.org\",\"@graph\":[{\"@type\":\"WebPage\",\"@id\":\"https:\/\/www.mancinileather.com\/fr\/produit\/porte-carte-rfid-avec-pochette-monnaie-equestrian2\",\"url\":\"https:\/\/www.mancinileather.com\/fr\/produit\/porte-carte-rfid-avec-pochette-monnaie-equestrian2\",\"name\":\"Porte-carte RFID avec pochette monnaie - Mancini\",\"isPartOf\":{\"@id\":\"https:\/\/www.mancinileather.com\/fr#website\"},\"primaryImageOfPage\":{\"@id\":\"https:\/\/www.mancinileather.com\/fr\/produit\/porte-carte-rfid-avec-pochette-monnaie-equestrian2#primaryimage\"},\"image\":{\"@id\":\"https:\/\/www.mancinileather.com\/fr\/produit\/porte-carte-rfid-avec-pochette-monnaie-equestrian2#primaryimage\"},\"thumbnailUrl\":\"https:\/\/www.mancinileather.com\/wp-content\/uploads\/2021\/12\/products-file_5bd1ee3517410.jpg\",\"datePublished\":\"2022-03-29T10:53:04+00:00\",\"dateModified\":\"2025-07-24T06:23:49+00:00\",\"description\":\"Tendance ultime en mati\u00e8re de cuir plein fleur de qualit\u00e9 sup\u00e9rieure, notre collection EQUESTRIAN-2 pr\u00e9sente une vaste gamme de portefeuilles et d\u2019accessoires personnels pour les hommes des plus minutieux. \u00c9quip\u00e9 de la derni\u00e8re technologie de blocage d'ondes RFID pour assurer que vos donn\u00e9es et vos cartes sont s\u00e9curitaires. Des couches m\u00e9talliques sp\u00e9ciales int\u00e9gr\u00e9es dans les fentes pour cartes emp\u00eachent la lecture \u00e9lectronique de votre portefeuille.\u00a0Cette porte-cartes de luxe est dot\u00e9 de plusieurs fentes pour cartes de cr\u00e9dit et une pochette pour monnaie.\",\"breadcrumb\":{\"@id\":\"https:\/\/www.mancinileather.com\/fr\/produit\/porte-carte-rfid-avec-pochette-monnaie-equestrian2#breadcrumb\"},\"inLanguage\":\"fr-FR\",\"potentialAction\":[{\"@type\":\"ReadAction\",\"target\":[\"https:\/\/www.mancinileather.com\/fr\/produit\/porte-carte-rfid-avec-pochette-monnaie-equestrian2\"]}]},{\"@type\":\"ImageObject\",\"inLanguage\":\"fr-FR\",\"@id\":\"https:\/\/www.mancinileather.com\/fr\/produit\/porte-carte-rfid-avec-pochette-monnaie-equestrian2#primaryimage\",\"url\":\"https:\/\/www.mancinileather.com\/wp-content\/uploads\/2021\/12\/products-file_5bd1ee3517410.jpg\",\"contentUrl\":\"https:\/\/www.mancinileather.com\/wp-content\/uploads\/2021\/12\/products-file_5bd1ee3517410.jpg\",\"width\":1100,\"height\":865,\"caption\":\"Porte-carte RFID avec pochette monnaie\"},{\"@type\":\"BreadcrumbList\",\"@id\":\"https:\/\/www.mancinileather.com\/fr\/produit\/porte-carte-rfid-avec-pochette-monnaie-equestrian2#breadcrumb\",\"itemListElement\":[{\"@type\":\"ListItem\",\"position\":1,\"name\":\"Home\",\"item\":\"https:\/\/www.mancinileather.com\/fr\"},{\"@type\":\"ListItem\",\"position\":2,\"name\":\"Boutique\",\"item\":\"https:\/\/www.mancinileather.com\/fr\/boutique\"},{\"@type\":\"ListItem\",\"position\":3,\"name\":\"Porte-carte RFID avec pochette monnaie\"}]},{\"@type\":\"WebSite\",\"@id\":\"https:\/\/www.mancinileather.com\/fr#website\",\"url\":\"https:\/\/www.mancinileather.com\/fr\",\"name\":\"Mancini\",\"description\":\"Online Leather Store and Products\",\"potentialAction\":[{\"@type\":\"SearchAction\",\"target\":{\"@type\":\"EntryPoint\",\"urlTemplate\":\"https:\/\/www.mancinileather.com\/fr?s={search_term_string}\"},\"query-input\":{\"@type\":\"PropertyValueSpecification\",\"valueRequired\":true,\"valueName\":\"search_term_string\"}}],\"inLanguage\":\"fr-FR\"}]}<\/script>\n<!-- \/ Yoast SEO plugin. -->","yoast_head_json":{"title":"Porte-carte RFID avec pochette monnaie - Mancini","description":"Tendance ultime en mati\u00e8re de cuir plein fleur de qualit\u00e9 sup\u00e9rieure, notre collection EQUESTRIAN-2 pr\u00e9sente une vaste gamme de portefeuilles et d\u2019accessoires personnels pour les hommes des plus minutieux. \u00c9quip\u00e9 de la derni\u00e8re technologie de blocage d'ondes RFID pour assurer que vos donn\u00e9es et vos cartes sont s\u00e9curitaires. Des couches m\u00e9talliques sp\u00e9ciales int\u00e9gr\u00e9es dans les fentes pour cartes emp\u00eachent la lecture \u00e9lectronique de votre portefeuille.\u00a0Cette porte-cartes de luxe est dot\u00e9 de plusieurs fentes pour cartes de cr\u00e9dit et une pochette pour monnaie.","robots":{"index":"index","follow":"follow","max-snippet":"max-snippet:-1","max-image-preview":"max-image-preview:large","max-video-preview":"max-video-preview:-1"},"canonical":"https:\/\/www.mancinileather.com\/fr\/produit\/porte-carte-rfid-avec-pochette-monnaie-equestrian2","og_locale":"fr_FR","og_type":"article","og_title":"Porte-carte RFID avec pochette monnaie - Mancini","og_description":"Tendance ultime en mati\u00e8re de cuir plein fleur de qualit\u00e9 sup\u00e9rieure, notre collection EQUESTRIAN-2 pr\u00e9sente une vaste gamme de portefeuilles et d\u2019accessoires personnels pour les hommes des plus minutieux. \u00c9quip\u00e9 de la derni\u00e8re technologie de blocage d'ondes RFID pour assurer que vos donn\u00e9es et vos cartes sont s\u00e9curitaires. Des couches m\u00e9talliques sp\u00e9ciales int\u00e9gr\u00e9es dans les fentes pour cartes emp\u00eachent la lecture \u00e9lectronique de votre portefeuille.\u00a0Cette porte-cartes de luxe est dot\u00e9 de plusieurs fentes pour cartes de cr\u00e9dit et une pochette pour monnaie.","og_url":"https:\/\/www.mancinileather.com\/fr\/produit\/porte-carte-rfid-avec-pochette-monnaie-equestrian2","og_site_name":"Mancini","article_modified_time":"2025-07-24T06:23:49+00:00","og_image":[{"width":1100,"height":865,"url":"https:\/\/www.mancinileather.com\/wp-content\/uploads\/2021\/12\/products-file_5bd1ee3517410.jpg","type":"image\/jpeg"}],"twitter_card":"summary_large_image","twitter_misc":{"Est. reading time":"1 minute"},"schema":{"@context":"https:\/\/schema.org","@graph":[{"@type":"WebPage","@id":"https:\/\/www.mancinileather.com\/fr\/produit\/porte-carte-rfid-avec-pochette-monnaie-equestrian2","url":"https:\/\/www.mancinileather.com\/fr\/produit\/porte-carte-rfid-avec-pochette-monnaie-equestrian2","name":"Porte-carte RFID avec pochette monnaie - Mancini","isPartOf":{"@id":"https:\/\/www.mancinileather.com\/fr#website"},"primaryImageOfPage":{"@id":"https:\/\/www.mancinileather.com\/fr\/produit\/porte-carte-rfid-avec-pochette-monnaie-equestrian2#primaryimage"},"image":{"@id":"https:\/\/www.mancinileather.com\/fr\/produit\/porte-carte-rfid-avec-pochette-monnaie-equestrian2#primaryimage"},"thumbnailUrl":"https:\/\/www.mancinileather.com\/wp-content\/uploads\/2021\/12\/products-file_5bd1ee3517410.jpg","datePublished":"2022-03-29T10:53:04+00:00","dateModified":"2025-07-24T06:23:49+00:00","description":"Tendance ultime en mati\u00e8re de cuir plein fleur de qualit\u00e9 sup\u00e9rieure, notre collection EQUESTRIAN-2 pr\u00e9sente une vaste gamme de portefeuilles et d\u2019accessoires personnels pour les hommes des plus minutieux. \u00c9quip\u00e9 de la derni\u00e8re technologie de blocage d'ondes RFID pour assurer que vos donn\u00e9es et vos cartes sont s\u00e9curitaires. Des couches m\u00e9talliques sp\u00e9ciales int\u00e9gr\u00e9es dans les fentes pour cartes emp\u00eachent la lecture \u00e9lectronique de votre portefeuille.\u00a0Cette porte-cartes de luxe est dot\u00e9 de plusieurs fentes pour cartes de cr\u00e9dit et une pochette pour monnaie.","breadcrumb":{"@id":"https:\/\/www.mancinileather.com\/fr\/produit\/porte-carte-rfid-avec-pochette-monnaie-equestrian2#breadcrumb"},"inLanguage":"fr-FR","potentialAction":[{"@type":"ReadAction","target":["https:\/\/www.mancinileather.com\/fr\/produit\/porte-carte-rfid-avec-pochette-monnaie-equestrian2"]}]},{"@type":"ImageObject","inLanguage":"fr-FR","@id":"https:\/\/www.mancinileather.com\/fr\/produit\/porte-carte-rfid-avec-pochette-monnaie-equestrian2#primaryimage","url":"https:\/\/www.mancinileather.com\/wp-content\/uploads\/2021\/12\/products-file_5bd1ee3517410.jpg","contentUrl":"https:\/\/www.mancinileather.com\/wp-content\/uploads\/2021\/12\/products-file_5bd1ee3517410.jpg","width":1100,"height":865,"caption":"Porte-carte RFID avec pochette monnaie"},{"@type":"BreadcrumbList","@id":"https:\/\/www.mancinileather.com\/fr\/produit\/porte-carte-rfid-avec-pochette-monnaie-equestrian2#breadcrumb","itemListElement":[{"@type":"ListItem","position":1,"name":"Home","item":"https:\/\/www.mancinileather.com\/fr"},{"@type":"ListItem","position":2,"name":"Boutique","item":"https:\/\/www.mancinileather.com\/fr\/boutique"},{"@type":"ListItem","position":3,"name":"Porte-carte RFID avec pochette monnaie"}]},{"@type":"WebSite","@id":"https:\/\/www.mancinileather.com\/fr#website","url":"https:\/\/www.mancinileather.com\/fr","name":"Mancini","description":"Online Leather Store and Products","potentialAction":[{"@type":"SearchAction","target":{"@type":"EntryPoint","urlTemplate":"https:\/\/www.mancinileather.com\/fr?s={search_term_string}"},"query-input":{"@type":"PropertyValueSpecification","valueRequired":true,"valueName":"search_term_string"}}],"inLanguage":"fr-FR"}]}},"brands":[],"_links":{"self":[{"href":"https:\/\/www.mancinileather.com\/fr\/wp-json\/wp\/v2\/product\/42335","targetHints":{"allow":["GET"]}}],"collection":[{"href":"https:\/\/www.mancinileather.com\/fr\/wp-json\/wp\/v2\/product"}],"about":[{"href":"https:\/\/www.mancinileather.com\/fr\/wp-json\/wp\/v2\/types\/product"}],"replies":[{"embeddable":true,"href":"https:\/\/www.mancinileather.com\/fr\/wp-json\/wp\/v2\/comments?post=42335"}],"wp:featuredmedia":[{"embeddable":true,"href":"https:\/\/www.mancinileather.com\/fr\/wp-json\/wp\/v2\/media\/42337"}],"wp:attachment":[{"href":"https:\/\/www.mancinileather.com\/fr\/wp-json\/wp\/v2\/media?parent=42335"}],"wp:term":[{"taxonomy":"pwb-brand","embeddable":true,"href":"https:\/\/www.mancinileather.com\/fr\/wp-json\/wp\/v2\/pwb-brand?post=42335"},{"taxonomy":"product_brand","embeddable":true,"href":"https:\/\/www.mancinileather.com\/fr\/wp-json\/wp\/v2\/product_brand?post=42335"},{"taxonomy":"product_cat","embeddable":true,"href":"https:\/\/www.mancinileather.com\/fr\/wp-json\/wp\/v2\/product_cat?post=42335"},{"taxonomy":"product_tag","embeddable":true,"href":"https:\/\/www.mancinileather.com\/fr\/wp-json\/wp\/v2\/product_tag?post=42335"}],"curies":[{"name":"wp","href":"https:\/\/api.w.org\/{rel}","templated":true}]}}