{"id":42779,"date":"2022-03-29T10:59:20","date_gmt":"2022-03-29T10:59:20","guid":{"rendered":"https:\/\/mancini.bluehat.hosting\/?post_type=product&#038;p=42779"},"modified":"2025-07-24T02:23:49","modified_gmt":"2025-07-24T06:23:49","slug":"portefeuille-rfid-trois-volets-chequier-pour-dames","status":"publish","type":"product","link":"https:\/\/www.mancinileather.com\/fr\/produit\/portefeuille-rfid-trois-volets-chequier-pour-dames","title":{"rendered":"Portefeuille RFID \u00e0 trois volets ch\u00e9quier pour dames"},"content":{"rendered":"<p>Gr\u00e2ce \u00e0 ses mod\u00e8les innovateurs en cuir plein fleur de qualit\u00e9 sup\u00e9rieure, notre Collection <strong>EQUESTRIAN-2<\/strong> offre une vaste gamme de portefeuilles et d\u2019accessoires personnels con\u00e7us pour la femme moderne. \u00c9quip\u00e9 de la derni\u00e8re technologie de blocage d&#8217;ondes RFID pour assurer que vos donn\u00e9es et vos cartes sont s\u00e9curitaires. Des couches m\u00e9talliques sp\u00e9ciales int\u00e9gr\u00e9es dans les fentes pour cartes emp\u00eachent la lecture \u00e9lectronique de votre portefeuille.<\/p>\n<p>&nbsp;<\/p>\n<p>Ce portefeuille \u00e0 trois volets ch\u00e9quier pourra contenir tous vos documents. Il est dot\u00e9 de nombreuses fentes et pochettes pour ranger toutes vos cartes de cr\u00e9dit, papiers d&#8217;identit\u00e9, billets et re\u00e7us. Ce portefeuille en cuir respire l&#8217;\u00e9l\u00e9gance classique.<\/p>\n","protected":false},"excerpt":{"rendered":"<p>&nbsp;<\/p>\n<p>\u2022 Equip\u00e9 de la derni\u00e8re technologie de blocage d&#8217;ondes RFID<br \/>\n\u2022 Rabat \u00e0 bouton pression<br \/>\n\u2022 Section pour ch\u00e9quier<br \/>\n\u2022 Poche zipp\u00e9e sur le dos<br \/>\n\u2022 Une poche pour cartes d&#8217;identit\u00e9<br \/>\n\u2022 13 fentes pour cartes de cr\u00e9dit<br \/>\n\u2022 Plusieurs sections pour billets<br \/>\n\u2022 Joliment emball\u00e9 dans un coret cadeau \u00e9l\u00e9gant<br \/>\n\u2022 Un an de garantie limit\u00e9e <strong>MANCINI<\/strong><\/p>\n","protected":false},"featured_media":42781,"comment_status":"open","ping_status":"closed","template":"","meta":[],"pwb-brand":[],"product_brand":[],"product_cat":[1630,1459,1501],"product_tag":[],"class_list":{"0":"post-42779","1":"product","2":"type-product","3":"status-publish","4":"has-post-thumbnail","6":"product_cat-femme","7":"product_cat-portefeuilles-en-cuir-femme","8":"product_cat-solde-produits-en-cuir-promotion","9":"pa_collection-equestrian-2-fr-2","10":"pa_color-brun","11":"pa_color-noir-fr","12":"pa_color-rouge-fr","13":"pa_material-cuir-pleine-fleur-fin-fr","15":"first","16":"instock","17":"sale","18":"taxable","19":"shipping-taxable","20":"purchasable","21":"product-type-variable","22":"has-default-attributes"},"yoast_head":"<!-- This site is optimized with the Yoast SEO plugin v27.4 - https:\/\/yoast.com\/product\/yoast-seo-wordpress\/ -->\n<title>Portefeuille RFID \u00e0 trois volets ch\u00e9quier pour dames<\/title>\n<meta name=\"description\" content=\"Gr\u00e2ce \u00e0 ses mod\u00e8les innovateurs en cuir plein fleur de qualit\u00e9 sup\u00e9rieure, notre Collection EQUESTRIAN-2 offre une vaste gamme de portefeuilles et d\u2019accessoires personnels con\u00e7us pour la femme moderne. \u00c9quip\u00e9 de la derni\u00e8re technologie de blocage d&#039;ondes RFID pour assurer que vos donn\u00e9es et vos cartes sont s\u00e9curitaires. Des couches m\u00e9talliques sp\u00e9ciales int\u00e9gr\u00e9es dans les fentes pour cartes emp\u00eachent la lecture \u00e9lectronique de votre portefeuille. Ce portefeuille \u00e0 trois volets ch\u00e9quier pourra contenir tous vos documents. Il est dot\u00e9 de nombreuses fentes et pochettes pour ranger toutes vos cartes de cr\u00e9dit, papiers d&#039;identit\u00e9, billets et re\u00e7us. Ce portefeuille en cuir respire l&#039;\u00e9l\u00e9gance classique.\" \/>\n<meta name=\"robots\" content=\"index, follow, max-snippet:-1, max-image-preview:large, max-video-preview:-1\" \/>\n<link rel=\"canonical\" href=\"https:\/\/www.mancinileather.com\/fr\/produit\/portefeuille-rfid-trois-volets-chequier-pour-dames\" \/>\n<meta property=\"og:locale\" content=\"fr_FR\" \/>\n<meta property=\"og:type\" content=\"article\" \/>\n<meta property=\"og:title\" content=\"Portefeuille RFID \u00e0 trois volets ch\u00e9quier pour dames\" \/>\n<meta property=\"og:description\" content=\"Gr\u00e2ce \u00e0 ses mod\u00e8les innovateurs en cuir plein fleur de qualit\u00e9 sup\u00e9rieure, notre Collection EQUESTRIAN-2 offre une vaste gamme de portefeuilles et d\u2019accessoires personnels con\u00e7us pour la femme moderne. \u00c9quip\u00e9 de la derni\u00e8re technologie de blocage d&#039;ondes RFID pour assurer que vos donn\u00e9es et vos cartes sont s\u00e9curitaires. Des couches m\u00e9talliques sp\u00e9ciales int\u00e9gr\u00e9es dans les fentes pour cartes emp\u00eachent la lecture \u00e9lectronique de votre portefeuille. Ce portefeuille \u00e0 trois volets ch\u00e9quier pourra contenir tous vos documents. Il est dot\u00e9 de nombreuses fentes et pochettes pour ranger toutes vos cartes de cr\u00e9dit, papiers d&#039;identit\u00e9, billets et re\u00e7us. Ce portefeuille en cuir respire l&#039;\u00e9l\u00e9gance classique.\" \/>\n<meta property=\"og:url\" content=\"https:\/\/www.mancinileather.com\/fr\/produit\/portefeuille-rfid-trois-volets-chequier-pour-dames\" \/>\n<meta property=\"og:site_name\" content=\"Mancini\" \/>\n<meta property=\"article:modified_time\" content=\"2025-07-24T06:23:49+00:00\" \/>\n<meta property=\"og:image\" content=\"https:\/\/www.mancinileather.com\/wp-content\/uploads\/2021\/12\/products-file_5bd1e6abee10f.jpg\" \/>\n\t<meta property=\"og:image:width\" content=\"1085\" \/>\n\t<meta property=\"og:image:height\" content=\"640\" \/>\n\t<meta property=\"og:image:type\" content=\"image\/jpeg\" \/>\n<meta name=\"twitter:card\" content=\"summary_large_image\" \/>\n<meta name=\"twitter:label1\" content=\"Est. reading time\" \/>\n\t<meta name=\"twitter:data1\" content=\"1 minute\" \/>\n<script type=\"application\/ld+json\" class=\"yoast-schema-graph\">{\"@context\":\"https:\\\/\\\/schema.org\",\"@graph\":[{\"@type\":\"WebPage\",\"@id\":\"https:\\\/\\\/www.mancinileather.com\\\/fr\\\/produit\\\/portefeuille-rfid-trois-volets-chequier-pour-dames\",\"url\":\"https:\\\/\\\/www.mancinileather.com\\\/fr\\\/produit\\\/portefeuille-rfid-trois-volets-chequier-pour-dames\",\"name\":\"Portefeuille RFID \u00e0 trois volets ch\u00e9quier pour dames\",\"isPartOf\":{\"@id\":\"https:\\\/\\\/www.mancinileather.com\\\/fr#website\"},\"primaryImageOfPage\":{\"@id\":\"https:\\\/\\\/www.mancinileather.com\\\/fr\\\/produit\\\/portefeuille-rfid-trois-volets-chequier-pour-dames#primaryimage\"},\"image\":{\"@id\":\"https:\\\/\\\/www.mancinileather.com\\\/fr\\\/produit\\\/portefeuille-rfid-trois-volets-chequier-pour-dames#primaryimage\"},\"thumbnailUrl\":\"https:\\\/\\\/www.mancinileather.com\\\/wp-content\\\/uploads\\\/2021\\\/12\\\/products-file_5bd1e6abee10f.jpg\",\"datePublished\":\"2022-03-29T10:59:20+00:00\",\"dateModified\":\"2025-07-24T06:23:49+00:00\",\"description\":\"Gr\u00e2ce \u00e0 ses mod\u00e8les innovateurs en cuir plein fleur de qualit\u00e9 sup\u00e9rieure, notre Collection EQUESTRIAN-2 offre une vaste gamme de portefeuilles et d\u2019accessoires personnels con\u00e7us pour la femme moderne. \u00c9quip\u00e9 de la derni\u00e8re technologie de blocage d'ondes RFID pour assurer que vos donn\u00e9es et vos cartes sont s\u00e9curitaires. Des couches m\u00e9talliques sp\u00e9ciales int\u00e9gr\u00e9es dans les fentes pour cartes emp\u00eachent la lecture \u00e9lectronique de votre portefeuille. Ce portefeuille \u00e0 trois volets ch\u00e9quier pourra contenir tous vos documents. Il est dot\u00e9 de nombreuses fentes et pochettes pour ranger toutes vos cartes de cr\u00e9dit, papiers d'identit\u00e9, billets et re\u00e7us. Ce portefeuille en cuir respire l'\u00e9l\u00e9gance classique.\",\"breadcrumb\":{\"@id\":\"https:\\\/\\\/www.mancinileather.com\\\/fr\\\/produit\\\/portefeuille-rfid-trois-volets-chequier-pour-dames#breadcrumb\"},\"inLanguage\":\"fr-FR\",\"potentialAction\":[{\"@type\":\"ReadAction\",\"target\":[\"https:\\\/\\\/www.mancinileather.com\\\/fr\\\/produit\\\/portefeuille-rfid-trois-volets-chequier-pour-dames\"]}]},{\"@type\":\"ImageObject\",\"inLanguage\":\"fr-FR\",\"@id\":\"https:\\\/\\\/www.mancinileather.com\\\/fr\\\/produit\\\/portefeuille-rfid-trois-volets-chequier-pour-dames#primaryimage\",\"url\":\"https:\\\/\\\/www.mancinileather.com\\\/wp-content\\\/uploads\\\/2021\\\/12\\\/products-file_5bd1e6abee10f.jpg\",\"contentUrl\":\"https:\\\/\\\/www.mancinileather.com\\\/wp-content\\\/uploads\\\/2021\\\/12\\\/products-file_5bd1e6abee10f.jpg\",\"width\":1085,\"height\":640,\"caption\":\"Portefeuille RFID \u00e0 trois volets ch\u00e9quier pour dames\"},{\"@type\":\"BreadcrumbList\",\"@id\":\"https:\\\/\\\/www.mancinileather.com\\\/fr\\\/produit\\\/portefeuille-rfid-trois-volets-chequier-pour-dames#breadcrumb\",\"itemListElement\":[{\"@type\":\"ListItem\",\"position\":1,\"name\":\"Home\",\"item\":\"https:\\\/\\\/www.mancinileather.com\\\/fr\"},{\"@type\":\"ListItem\",\"position\":2,\"name\":\"Boutique\",\"item\":\"https:\\\/\\\/www.mancinileather.com\\\/fr\\\/boutique\"},{\"@type\":\"ListItem\",\"position\":3,\"name\":\"Portefeuille RFID \u00e0 trois volets ch\u00e9quier pour dames\"}]},{\"@type\":\"WebSite\",\"@id\":\"https:\\\/\\\/www.mancinileather.com\\\/fr#website\",\"url\":\"https:\\\/\\\/www.mancinileather.com\\\/fr\",\"name\":\"Mancini\",\"description\":\"Online Leather Store and Products\",\"potentialAction\":[{\"@type\":\"SearchAction\",\"target\":{\"@type\":\"EntryPoint\",\"urlTemplate\":\"https:\\\/\\\/www.mancinileather.com\\\/fr?s={search_term_string}\"},\"query-input\":{\"@type\":\"PropertyValueSpecification\",\"valueRequired\":true,\"valueName\":\"search_term_string\"}}],\"inLanguage\":\"fr-FR\"}]}<\/script>\n<!-- \/ Yoast SEO plugin. -->","yoast_head_json":{"title":"Portefeuille RFID \u00e0 trois volets ch\u00e9quier pour dames","description":"Gr\u00e2ce \u00e0 ses mod\u00e8les innovateurs en cuir plein fleur de qualit\u00e9 sup\u00e9rieure, notre Collection EQUESTRIAN-2 offre une vaste gamme de portefeuilles et d\u2019accessoires personnels con\u00e7us pour la femme moderne. \u00c9quip\u00e9 de la derni\u00e8re technologie de blocage d'ondes RFID pour assurer que vos donn\u00e9es et vos cartes sont s\u00e9curitaires. Des couches m\u00e9talliques sp\u00e9ciales int\u00e9gr\u00e9es dans les fentes pour cartes emp\u00eachent la lecture \u00e9lectronique de votre portefeuille. Ce portefeuille \u00e0 trois volets ch\u00e9quier pourra contenir tous vos documents. Il est dot\u00e9 de nombreuses fentes et pochettes pour ranger toutes vos cartes de cr\u00e9dit, papiers d'identit\u00e9, billets et re\u00e7us. Ce portefeuille en cuir respire l'\u00e9l\u00e9gance classique.","robots":{"index":"index","follow":"follow","max-snippet":"max-snippet:-1","max-image-preview":"max-image-preview:large","max-video-preview":"max-video-preview:-1"},"canonical":"https:\/\/www.mancinileather.com\/fr\/produit\/portefeuille-rfid-trois-volets-chequier-pour-dames","og_locale":"fr_FR","og_type":"article","og_title":"Portefeuille RFID \u00e0 trois volets ch\u00e9quier pour dames","og_description":"Gr\u00e2ce \u00e0 ses mod\u00e8les innovateurs en cuir plein fleur de qualit\u00e9 sup\u00e9rieure, notre Collection EQUESTRIAN-2 offre une vaste gamme de portefeuilles et d\u2019accessoires personnels con\u00e7us pour la femme moderne. \u00c9quip\u00e9 de la derni\u00e8re technologie de blocage d'ondes RFID pour assurer que vos donn\u00e9es et vos cartes sont s\u00e9curitaires. Des couches m\u00e9talliques sp\u00e9ciales int\u00e9gr\u00e9es dans les fentes pour cartes emp\u00eachent la lecture \u00e9lectronique de votre portefeuille. Ce portefeuille \u00e0 trois volets ch\u00e9quier pourra contenir tous vos documents. Il est dot\u00e9 de nombreuses fentes et pochettes pour ranger toutes vos cartes de cr\u00e9dit, papiers d'identit\u00e9, billets et re\u00e7us. Ce portefeuille en cuir respire l'\u00e9l\u00e9gance classique.","og_url":"https:\/\/www.mancinileather.com\/fr\/produit\/portefeuille-rfid-trois-volets-chequier-pour-dames","og_site_name":"Mancini","article_modified_time":"2025-07-24T06:23:49+00:00","og_image":[{"width":1085,"height":640,"url":"https:\/\/www.mancinileather.com\/wp-content\/uploads\/2021\/12\/products-file_5bd1e6abee10f.jpg","type":"image\/jpeg"}],"twitter_card":"summary_large_image","twitter_misc":{"Est. reading time":"1 minute"},"schema":{"@context":"https:\/\/schema.org","@graph":[{"@type":"WebPage","@id":"https:\/\/www.mancinileather.com\/fr\/produit\/portefeuille-rfid-trois-volets-chequier-pour-dames","url":"https:\/\/www.mancinileather.com\/fr\/produit\/portefeuille-rfid-trois-volets-chequier-pour-dames","name":"Portefeuille RFID \u00e0 trois volets ch\u00e9quier pour dames","isPartOf":{"@id":"https:\/\/www.mancinileather.com\/fr#website"},"primaryImageOfPage":{"@id":"https:\/\/www.mancinileather.com\/fr\/produit\/portefeuille-rfid-trois-volets-chequier-pour-dames#primaryimage"},"image":{"@id":"https:\/\/www.mancinileather.com\/fr\/produit\/portefeuille-rfid-trois-volets-chequier-pour-dames#primaryimage"},"thumbnailUrl":"https:\/\/www.mancinileather.com\/wp-content\/uploads\/2021\/12\/products-file_5bd1e6abee10f.jpg","datePublished":"2022-03-29T10:59:20+00:00","dateModified":"2025-07-24T06:23:49+00:00","description":"Gr\u00e2ce \u00e0 ses mod\u00e8les innovateurs en cuir plein fleur de qualit\u00e9 sup\u00e9rieure, notre Collection EQUESTRIAN-2 offre une vaste gamme de portefeuilles et d\u2019accessoires personnels con\u00e7us pour la femme moderne. \u00c9quip\u00e9 de la derni\u00e8re technologie de blocage d'ondes RFID pour assurer que vos donn\u00e9es et vos cartes sont s\u00e9curitaires. Des couches m\u00e9talliques sp\u00e9ciales int\u00e9gr\u00e9es dans les fentes pour cartes emp\u00eachent la lecture \u00e9lectronique de votre portefeuille. Ce portefeuille \u00e0 trois volets ch\u00e9quier pourra contenir tous vos documents. Il est dot\u00e9 de nombreuses fentes et pochettes pour ranger toutes vos cartes de cr\u00e9dit, papiers d'identit\u00e9, billets et re\u00e7us. Ce portefeuille en cuir respire l'\u00e9l\u00e9gance classique.","breadcrumb":{"@id":"https:\/\/www.mancinileather.com\/fr\/produit\/portefeuille-rfid-trois-volets-chequier-pour-dames#breadcrumb"},"inLanguage":"fr-FR","potentialAction":[{"@type":"ReadAction","target":["https:\/\/www.mancinileather.com\/fr\/produit\/portefeuille-rfid-trois-volets-chequier-pour-dames"]}]},{"@type":"ImageObject","inLanguage":"fr-FR","@id":"https:\/\/www.mancinileather.com\/fr\/produit\/portefeuille-rfid-trois-volets-chequier-pour-dames#primaryimage","url":"https:\/\/www.mancinileather.com\/wp-content\/uploads\/2021\/12\/products-file_5bd1e6abee10f.jpg","contentUrl":"https:\/\/www.mancinileather.com\/wp-content\/uploads\/2021\/12\/products-file_5bd1e6abee10f.jpg","width":1085,"height":640,"caption":"Portefeuille RFID \u00e0 trois volets ch\u00e9quier pour dames"},{"@type":"BreadcrumbList","@id":"https:\/\/www.mancinileather.com\/fr\/produit\/portefeuille-rfid-trois-volets-chequier-pour-dames#breadcrumb","itemListElement":[{"@type":"ListItem","position":1,"name":"Home","item":"https:\/\/www.mancinileather.com\/fr"},{"@type":"ListItem","position":2,"name":"Boutique","item":"https:\/\/www.mancinileather.com\/fr\/boutique"},{"@type":"ListItem","position":3,"name":"Portefeuille RFID \u00e0 trois volets ch\u00e9quier pour dames"}]},{"@type":"WebSite","@id":"https:\/\/www.mancinileather.com\/fr#website","url":"https:\/\/www.mancinileather.com\/fr","name":"Mancini","description":"Online Leather Store and Products","potentialAction":[{"@type":"SearchAction","target":{"@type":"EntryPoint","urlTemplate":"https:\/\/www.mancinileather.com\/fr?s={search_term_string}"},"query-input":{"@type":"PropertyValueSpecification","valueRequired":true,"valueName":"search_term_string"}}],"inLanguage":"fr-FR"}]}},"brands":[],"_links":{"self":[{"href":"https:\/\/www.mancinileather.com\/fr\/wp-json\/wp\/v2\/product\/42779","targetHints":{"allow":["GET"]}}],"collection":[{"href":"https:\/\/www.mancinileather.com\/fr\/wp-json\/wp\/v2\/product"}],"about":[{"href":"https:\/\/www.mancinileather.com\/fr\/wp-json\/wp\/v2\/types\/product"}],"replies":[{"embeddable":true,"href":"https:\/\/www.mancinileather.com\/fr\/wp-json\/wp\/v2\/comments?post=42779"}],"wp:featuredmedia":[{"embeddable":true,"href":"https:\/\/www.mancinileather.com\/fr\/wp-json\/wp\/v2\/media\/42781"}],"wp:attachment":[{"href":"https:\/\/www.mancinileather.com\/fr\/wp-json\/wp\/v2\/media?parent=42779"}],"wp:term":[{"taxonomy":"pwb-brand","embeddable":true,"href":"https:\/\/www.mancinileather.com\/fr\/wp-json\/wp\/v2\/pwb-brand?post=42779"},{"taxonomy":"product_brand","embeddable":true,"href":"https:\/\/www.mancinileather.com\/fr\/wp-json\/wp\/v2\/product_brand?post=42779"},{"taxonomy":"product_cat","embeddable":true,"href":"https:\/\/www.mancinileather.com\/fr\/wp-json\/wp\/v2\/product_cat?post=42779"},{"taxonomy":"product_tag","embeddable":true,"href":"https:\/\/www.mancinileather.com\/fr\/wp-json\/wp\/v2\/product_tag?post=42779"}],"curies":[{"name":"wp","href":"https:\/\/api.w.org\/{rel}","templated":true}]}}