{"id":44983,"date":"2022-03-29T11:35:04","date_gmt":"2022-03-29T11:35:04","guid":{"rendered":"https:\/\/mancini.bluehat.hosting\/?post_type=product&#038;p=44983"},"modified":"2025-07-24T02:23:47","modified_gmt":"2025-07-24T06:23:47","slug":"sac-voyage-classique","status":"publish","type":"product","link":"https:\/\/www.mancinileather.com\/fr\/produit\/sac-voyage-classique","title":{"rendered":"Sac de voyage classique"},"content":{"rendered":"<div class=\"fusion-fullwidth fullwidth-box fusion-builder-row-1 fusion-flex-container nonhundred-percent-fullwidth non-hundred-percent-height-scrolling\" style=\"--awb-border-radius-top-left:0px;--awb-border-radius-top-right:0px;--awb-border-radius-bottom-right:0px;--awb-border-radius-bottom-left:0px;--awb-flex-wrap:wrap;\" ><div class=\"fusion-builder-row fusion-row fusion-flex-align-items-flex-start fusion-flex-content-wrap\" style=\"max-width:1430px;margin-left: calc(-4% \/ 2 );margin-right: calc(-4% \/ 2 );\"><div class=\"fusion-layout-column fusion_builder_column fusion-builder-column-0 fusion_builder_column_1_1 1_1 fusion-flex-column\" style=\"--awb-bg-size:cover;--awb-width-large:100%;--awb-margin-top-large:0px;--awb-spacing-right-large:1.92%;--awb-margin-bottom-large:0px;--awb-spacing-left-large:1.92%;--awb-width-medium:100%;--awb-spacing-right-medium:1.92%;--awb-spacing-left-medium:1.92%;--awb-width-small:100%;--awb-spacing-right-small:1.92%;--awb-spacing-left-small:1.92%;\"><div class=\"fusion-column-wrapper fusion-flex-justify-content-flex-start fusion-content-layout-column\"><div class=\"fusion-text fusion-text-1\"><p>Notre collection <strong>Buffalo<\/strong> repr\u00e9sente la fusion de style contemporain avec le look urbain brut. Articles fabriqu\u00e9s \u00e0 la main en cuir de buffle pleine fleure cire grasse.<\/p>\n<p>Ce luxueux et polyvalent sac de voyage dispose d\u2019un large compartiment principale \u00e0 glissi\u00e8re ainsi q\u2019une bandouli\u00e8re amovible.<\/p>\n<\/div><\/div><\/div><\/div><\/div>\n","protected":false},"excerpt":{"rendered":"<p>&nbsp;<\/p>\n<ul>\n<li>Grand compartiment \u00e0 glissi\u00e8re<\/li>\n<li>Poches \u00e0 glissi\u00e8re sur le front<\/li>\n<li>Poches int\u00e9rieures<\/li>\n<li>Sangle \u00e0 ferroutage sur le dos<\/li>\n<li>Bandouli\u00e8re amovible<\/li>\n<li>Un an de garantie limit\u00e9e <strong>MANCINI<\/strong><\/li>\n<\/ul>\n","protected":false},"featured_media":33625,"comment_status":"open","ping_status":"closed","template":"","meta":[],"pwb-brand":[],"product_brand":[],"product_cat":[1630,1638,1479],"product_tag":[],"class_list":{"0":"post-44983","1":"product","2":"type-product","3":"status-publish","4":"has-post-thumbnail","6":"product_cat-femme","7":"product_cat-hommes","8":"product_cat-sacs-de-voyage","9":"pa_collection-buffalo-fr","10":"pa_color-brun","11":"pa_color-noir-fr","12":"pa_material-cuir-de-buffle-pleine-fleur-cire-grasse","14":"first","15":"instock","16":"taxable","17":"shipping-taxable","18":"purchasable","19":"product-type-variable","20":"has-default-attributes"},"yoast_head":"<!-- This site is optimized with the Yoast SEO plugin v27.4 - https:\/\/yoast.com\/product\/yoast-seo-wordpress\/ -->\n<title>Buffalo Sac de voyage classique<\/title>\n<meta name=\"description\" content=\"Notre collection Buffalo repr\u00e9sente la fusion de style contemporain avec le look urbain brut. Articles fabriqu\u00e9s \u00e0 la main en cuir de buffle pleine fleure cire grasse. Ce luxueux et polyvalent sac de voyage dispose d\u2019un large compartiment principale \u00e0 glissi\u00e8re ainsi q\u2019une bandouli\u00e8re amovible.\" \/>\n<meta name=\"robots\" content=\"index, follow, max-snippet:-1, max-image-preview:large, max-video-preview:-1\" \/>\n<link rel=\"canonical\" href=\"https:\/\/www.mancinileather.com\/fr\/produit\/sac-voyage-classique\" \/>\n<meta property=\"og:locale\" content=\"fr_FR\" \/>\n<meta property=\"og:type\" content=\"article\" \/>\n<meta property=\"og:title\" content=\"Buffalo Sac de voyage classique\" \/>\n<meta property=\"og:description\" content=\"Notre collection Buffalo repr\u00e9sente la fusion de style contemporain avec le look urbain brut. Articles fabriqu\u00e9s \u00e0 la main en cuir de buffle pleine fleure cire grasse. Ce luxueux et polyvalent sac de voyage dispose d\u2019un large compartiment principale \u00e0 glissi\u00e8re ainsi q\u2019une bandouli\u00e8re amovible.\" \/>\n<meta property=\"og:url\" content=\"https:\/\/www.mancinileather.com\/fr\/produit\/sac-voyage-classique\" \/>\n<meta property=\"og:site_name\" content=\"Mancini\" \/>\n<meta property=\"article:modified_time\" content=\"2025-07-24T06:23:47+00:00\" \/>\n<meta property=\"og:image\" content=\"https:\/\/www.mancinileather.com\/wp-content\/uploads\/2021\/12\/products-file_5e6167daaa726-1-scaled.jpg\" \/>\n\t<meta property=\"og:image:width\" content=\"2560\" \/>\n\t<meta property=\"og:image:height\" content=\"2002\" \/>\n\t<meta property=\"og:image:type\" content=\"image\/jpeg\" \/>\n<meta name=\"twitter:card\" content=\"summary_large_image\" \/>\n<meta name=\"twitter:label1\" content=\"Est. reading time\" \/>\n\t<meta name=\"twitter:data1\" content=\"1 minute\" \/>\n<script type=\"application\/ld+json\" class=\"yoast-schema-graph\">{\"@context\":\"https:\\\/\\\/schema.org\",\"@graph\":[{\"@type\":\"WebPage\",\"@id\":\"https:\\\/\\\/www.mancinileather.com\\\/fr\\\/produit\\\/sac-voyage-classique\",\"url\":\"https:\\\/\\\/www.mancinileather.com\\\/fr\\\/produit\\\/sac-voyage-classique\",\"name\":\"Buffalo Sac de voyage classique\",\"isPartOf\":{\"@id\":\"https:\\\/\\\/www.mancinileather.com\\\/fr#website\"},\"primaryImageOfPage\":{\"@id\":\"https:\\\/\\\/www.mancinileather.com\\\/fr\\\/produit\\\/sac-voyage-classique#primaryimage\"},\"image\":{\"@id\":\"https:\\\/\\\/www.mancinileather.com\\\/fr\\\/produit\\\/sac-voyage-classique#primaryimage\"},\"thumbnailUrl\":\"https:\\\/\\\/www.mancinileather.com\\\/wp-content\\\/uploads\\\/2021\\\/12\\\/products-file_5e6167daaa726-1-scaled.jpg\",\"datePublished\":\"2022-03-29T11:35:04+00:00\",\"dateModified\":\"2025-07-24T06:23:47+00:00\",\"description\":\"Notre collection Buffalo repr\u00e9sente la fusion de style contemporain avec le look urbain brut. Articles fabriqu\u00e9s \u00e0 la main en cuir de buffle pleine fleure cire grasse. Ce luxueux et polyvalent sac de voyage dispose d\u2019un large compartiment principale \u00e0 glissi\u00e8re ainsi q\u2019une bandouli\u00e8re amovible.\",\"breadcrumb\":{\"@id\":\"https:\\\/\\\/www.mancinileather.com\\\/fr\\\/produit\\\/sac-voyage-classique#breadcrumb\"},\"inLanguage\":\"fr-FR\",\"potentialAction\":[{\"@type\":\"ReadAction\",\"target\":[\"https:\\\/\\\/www.mancinileather.com\\\/fr\\\/produit\\\/sac-voyage-classique\"]}]},{\"@type\":\"ImageObject\",\"inLanguage\":\"fr-FR\",\"@id\":\"https:\\\/\\\/www.mancinileather.com\\\/fr\\\/produit\\\/sac-voyage-classique#primaryimage\",\"url\":\"https:\\\/\\\/www.mancinileather.com\\\/wp-content\\\/uploads\\\/2021\\\/12\\\/products-file_5e6167daaa726-1-scaled.jpg\",\"contentUrl\":\"https:\\\/\\\/www.mancinileather.com\\\/wp-content\\\/uploads\\\/2021\\\/12\\\/products-file_5e6167daaa726-1-scaled.jpg\",\"width\":2560,\"height\":2002,\"caption\":\"Classic Carry-on Duffle Bag\"},{\"@type\":\"BreadcrumbList\",\"@id\":\"https:\\\/\\\/www.mancinileather.com\\\/fr\\\/produit\\\/sac-voyage-classique#breadcrumb\",\"itemListElement\":[{\"@type\":\"ListItem\",\"position\":1,\"name\":\"Home\",\"item\":\"https:\\\/\\\/www.mancinileather.com\\\/fr\"},{\"@type\":\"ListItem\",\"position\":2,\"name\":\"Boutique\",\"item\":\"https:\\\/\\\/www.mancinileather.com\\\/fr\\\/boutique\"},{\"@type\":\"ListItem\",\"position\":3,\"name\":\"Sac de voyage classique\"}]},{\"@type\":\"WebSite\",\"@id\":\"https:\\\/\\\/www.mancinileather.com\\\/fr#website\",\"url\":\"https:\\\/\\\/www.mancinileather.com\\\/fr\",\"name\":\"Mancini\",\"description\":\"Online Leather Store and Products\",\"potentialAction\":[{\"@type\":\"SearchAction\",\"target\":{\"@type\":\"EntryPoint\",\"urlTemplate\":\"https:\\\/\\\/www.mancinileather.com\\\/fr?s={search_term_string}\"},\"query-input\":{\"@type\":\"PropertyValueSpecification\",\"valueRequired\":true,\"valueName\":\"search_term_string\"}}],\"inLanguage\":\"fr-FR\"}]}<\/script>\n<!-- \/ Yoast SEO plugin. -->","yoast_head_json":{"title":"Buffalo Sac de voyage classique","description":"Notre collection Buffalo repr\u00e9sente la fusion de style contemporain avec le look urbain brut. Articles fabriqu\u00e9s \u00e0 la main en cuir de buffle pleine fleure cire grasse. Ce luxueux et polyvalent sac de voyage dispose d\u2019un large compartiment principale \u00e0 glissi\u00e8re ainsi q\u2019une bandouli\u00e8re amovible.","robots":{"index":"index","follow":"follow","max-snippet":"max-snippet:-1","max-image-preview":"max-image-preview:large","max-video-preview":"max-video-preview:-1"},"canonical":"https:\/\/www.mancinileather.com\/fr\/produit\/sac-voyage-classique","og_locale":"fr_FR","og_type":"article","og_title":"Buffalo Sac de voyage classique","og_description":"Notre collection Buffalo repr\u00e9sente la fusion de style contemporain avec le look urbain brut. Articles fabriqu\u00e9s \u00e0 la main en cuir de buffle pleine fleure cire grasse. Ce luxueux et polyvalent sac de voyage dispose d\u2019un large compartiment principale \u00e0 glissi\u00e8re ainsi q\u2019une bandouli\u00e8re amovible.","og_url":"https:\/\/www.mancinileather.com\/fr\/produit\/sac-voyage-classique","og_site_name":"Mancini","article_modified_time":"2025-07-24T06:23:47+00:00","og_image":[{"width":2560,"height":2002,"url":"https:\/\/www.mancinileather.com\/wp-content\/uploads\/2021\/12\/products-file_5e6167daaa726-1-scaled.jpg","type":"image\/jpeg"}],"twitter_card":"summary_large_image","twitter_misc":{"Est. reading time":"1 minute"},"schema":{"@context":"https:\/\/schema.org","@graph":[{"@type":"WebPage","@id":"https:\/\/www.mancinileather.com\/fr\/produit\/sac-voyage-classique","url":"https:\/\/www.mancinileather.com\/fr\/produit\/sac-voyage-classique","name":"Buffalo Sac de voyage classique","isPartOf":{"@id":"https:\/\/www.mancinileather.com\/fr#website"},"primaryImageOfPage":{"@id":"https:\/\/www.mancinileather.com\/fr\/produit\/sac-voyage-classique#primaryimage"},"image":{"@id":"https:\/\/www.mancinileather.com\/fr\/produit\/sac-voyage-classique#primaryimage"},"thumbnailUrl":"https:\/\/www.mancinileather.com\/wp-content\/uploads\/2021\/12\/products-file_5e6167daaa726-1-scaled.jpg","datePublished":"2022-03-29T11:35:04+00:00","dateModified":"2025-07-24T06:23:47+00:00","description":"Notre collection Buffalo repr\u00e9sente la fusion de style contemporain avec le look urbain brut. Articles fabriqu\u00e9s \u00e0 la main en cuir de buffle pleine fleure cire grasse. Ce luxueux et polyvalent sac de voyage dispose d\u2019un large compartiment principale \u00e0 glissi\u00e8re ainsi q\u2019une bandouli\u00e8re amovible.","breadcrumb":{"@id":"https:\/\/www.mancinileather.com\/fr\/produit\/sac-voyage-classique#breadcrumb"},"inLanguage":"fr-FR","potentialAction":[{"@type":"ReadAction","target":["https:\/\/www.mancinileather.com\/fr\/produit\/sac-voyage-classique"]}]},{"@type":"ImageObject","inLanguage":"fr-FR","@id":"https:\/\/www.mancinileather.com\/fr\/produit\/sac-voyage-classique#primaryimage","url":"https:\/\/www.mancinileather.com\/wp-content\/uploads\/2021\/12\/products-file_5e6167daaa726-1-scaled.jpg","contentUrl":"https:\/\/www.mancinileather.com\/wp-content\/uploads\/2021\/12\/products-file_5e6167daaa726-1-scaled.jpg","width":2560,"height":2002,"caption":"Classic Carry-on Duffle Bag"},{"@type":"BreadcrumbList","@id":"https:\/\/www.mancinileather.com\/fr\/produit\/sac-voyage-classique#breadcrumb","itemListElement":[{"@type":"ListItem","position":1,"name":"Home","item":"https:\/\/www.mancinileather.com\/fr"},{"@type":"ListItem","position":2,"name":"Boutique","item":"https:\/\/www.mancinileather.com\/fr\/boutique"},{"@type":"ListItem","position":3,"name":"Sac de voyage classique"}]},{"@type":"WebSite","@id":"https:\/\/www.mancinileather.com\/fr#website","url":"https:\/\/www.mancinileather.com\/fr","name":"Mancini","description":"Online Leather Store and Products","potentialAction":[{"@type":"SearchAction","target":{"@type":"EntryPoint","urlTemplate":"https:\/\/www.mancinileather.com\/fr?s={search_term_string}"},"query-input":{"@type":"PropertyValueSpecification","valueRequired":true,"valueName":"search_term_string"}}],"inLanguage":"fr-FR"}]}},"brands":[],"_links":{"self":[{"href":"https:\/\/www.mancinileather.com\/fr\/wp-json\/wp\/v2\/product\/44983","targetHints":{"allow":["GET"]}}],"collection":[{"href":"https:\/\/www.mancinileather.com\/fr\/wp-json\/wp\/v2\/product"}],"about":[{"href":"https:\/\/www.mancinileather.com\/fr\/wp-json\/wp\/v2\/types\/product"}],"replies":[{"embeddable":true,"href":"https:\/\/www.mancinileather.com\/fr\/wp-json\/wp\/v2\/comments?post=44983"}],"wp:featuredmedia":[{"embeddable":true,"href":"https:\/\/www.mancinileather.com\/fr\/wp-json\/wp\/v2\/media\/33625"}],"wp:attachment":[{"href":"https:\/\/www.mancinileather.com\/fr\/wp-json\/wp\/v2\/media?parent=44983"}],"wp:term":[{"taxonomy":"pwb-brand","embeddable":true,"href":"https:\/\/www.mancinileather.com\/fr\/wp-json\/wp\/v2\/pwb-brand?post=44983"},{"taxonomy":"product_brand","embeddable":true,"href":"https:\/\/www.mancinileather.com\/fr\/wp-json\/wp\/v2\/product_brand?post=44983"},{"taxonomy":"product_cat","embeddable":true,"href":"https:\/\/www.mancinileather.com\/fr\/wp-json\/wp\/v2\/product_cat?post=44983"},{"taxonomy":"product_tag","embeddable":true,"href":"https:\/\/www.mancinileather.com\/fr\/wp-json\/wp\/v2\/product_tag?post=44983"}],"curies":[{"name":"wp","href":"https:\/\/api.w.org\/{rel}","templated":true}]}}