{"id":45405,"date":"2022-03-29T11:42:25","date_gmt":"2022-03-29T15:42:25","guid":{"rendered":"https:\/\/mancini.bluehat.hosting\/?post_type=product&#038;p=45405"},"modified":"2025-07-24T02:23:47","modified_gmt":"2025-07-24T06:23:47","slug":"portefeuille-rfid-pour-cellulaire-pour-dames","status":"publish","type":"product","link":"https:\/\/www.mancinileather.com\/fr\/produit\/portefeuille-rfid-pour-cellulaire-pour-dames","title":{"rendered":"Portefeuille RFID pour cellulaire pour dames"},"content":{"rendered":"<p>Notre collection <strong>CASABLANCA<\/strong> c\u00e9l\u00e8bre la fusion de style traditionnel et contemporain. Urbain et chic avec une attitude d\u00e9contract\u00e9e. \u00c9quip\u00e9s de la derni\u00e8re technologie de blocage d&#8217;ondes RFID pour assurer que vos donn\u00e9es et vos cartes sont s\u00e9curitaires. Des couches m\u00e9talliques sp\u00e9ciales int\u00e9gr\u00e9es dans les fentes pour cartes emp\u00eachent la lecture \u00e9lectronique de votre portefeuille. Articles en cuir pleine fleur fabriqu\u00e9s \u00e0 la main.<\/p>\n<p>&nbsp;<\/p>\n<p>Ce portefeuille unique dispose d\u2019une sangle \u00e0 bouton pression pour garder le contenu s\u00e9curis\u00e9 ainsi qu\u2019 une poche pour t\u00e9l\u00e9phone cellulaire dedans. Il est dot\u00e9 de plusieurs fentes et pochettes pour ranger vos cartes et votre argent.<\/p>\n","protected":false},"excerpt":{"rendered":"<p>&nbsp;<\/p>\n<ul>\n<li>Equip\u00e9 de la derni\u00e8re technologie de blocage d&#8217;ondes RFID<\/li>\n<li>Poche pour t\u00e9l\u00e9phone cellulaire dedans<\/li>\n<li>Poche pour carte d&#8217;identit\u00e9<\/li>\n<li>Deux poches zipp\u00e9e<\/li>\n<li>6 fentes pour cartes de cr\u00e9dit<\/li>\n<li>Plusieurs sections pour billets<\/li>\n<li>Un an de garantie limit\u00e9e <strong>MANCINI<\/strong><\/li>\n<\/ul>\n","protected":false},"featured_media":34050,"comment_status":"open","ping_status":"closed","template":"","meta":[],"pwb-brand":[],"product_brand":[],"product_cat":[1630,1507,1459],"product_tag":[],"class_list":{"0":"post-45405","1":"product","2":"type-product","3":"status-publish","4":"has-post-thumbnail","6":"product_cat-femme","7":"product_cat-porte-monnaie-telephone-portable","8":"product_cat-portefeuilles-en-cuir-femme","9":"pa_collection-casablanca-fr-2","10":"pa_color-brun","11":"pa_color-casablanca-red-fr","12":"pa_color-cognac-fr","13":"pa_color-noir-fr","14":"pa_material-cuir-cire-huileux-pleine-fleur","16":"first","17":"outofstock","18":"taxable","19":"shipping-taxable","20":"product-type-variable","21":"has-default-attributes"},"yoast_head":"<!-- This site is optimized with the Yoast SEO plugin v27.4 - https:\/\/yoast.com\/product\/yoast-seo-wordpress\/ -->\n<title>Portefeuille RFID pour cellulaire pour dames<\/title>\n<meta name=\"description\" content=\"Notre collection CASABLANCA c\u00e9l\u00e8bre la fusion de style traditionnel et contemporain. Urbain et chic avec une attitude d\u00e9contract\u00e9e. \u00c9quip\u00e9s de la derni\u00e8re technologie de blocage d&#039;ondes RFID pour assurer que vos donn\u00e9es et vos cartes sont s\u00e9curitaires. Des couches m\u00e9talliques sp\u00e9ciales int\u00e9gr\u00e9es dans les fentes pour cartes emp\u00eachent la lecture \u00e9lectronique de votre portefeuille. Articles en cuir pleine fleur fabriqu\u00e9s \u00e0 la main.\u00a0Ce portefeuille unique dispose d\u2019une sangle \u00e0 bouton pression pour garder le contenu s\u00e9curis\u00e9 ainsi qu\u2019 une poche pour t\u00e9l\u00e9phone cellulaire dedans. Il est dot\u00e9 de plusieurs fentes et pochettes pour ranger vos cartes et votre argent.\" \/>\n<meta name=\"robots\" content=\"index, follow, max-snippet:-1, max-image-preview:large, max-video-preview:-1\" \/>\n<link rel=\"canonical\" href=\"https:\/\/www.mancinileather.com\/fr\/produit\/portefeuille-rfid-pour-cellulaire-pour-dames\" \/>\n<meta property=\"og:locale\" content=\"fr_FR\" \/>\n<meta property=\"og:type\" content=\"article\" \/>\n<meta property=\"og:title\" content=\"Portefeuille RFID pour cellulaire pour dames\" \/>\n<meta property=\"og:description\" content=\"Notre collection CASABLANCA c\u00e9l\u00e8bre la fusion de style traditionnel et contemporain. Urbain et chic avec une attitude d\u00e9contract\u00e9e. \u00c9quip\u00e9s de la derni\u00e8re technologie de blocage d&#039;ondes RFID pour assurer que vos donn\u00e9es et vos cartes sont s\u00e9curitaires. Des couches m\u00e9talliques sp\u00e9ciales int\u00e9gr\u00e9es dans les fentes pour cartes emp\u00eachent la lecture \u00e9lectronique de votre portefeuille. Articles en cuir pleine fleur fabriqu\u00e9s \u00e0 la main.\u00a0Ce portefeuille unique dispose d\u2019une sangle \u00e0 bouton pression pour garder le contenu s\u00e9curis\u00e9 ainsi qu\u2019 une poche pour t\u00e9l\u00e9phone cellulaire dedans. Il est dot\u00e9 de plusieurs fentes et pochettes pour ranger vos cartes et votre argent.\" \/>\n<meta property=\"og:url\" content=\"https:\/\/www.mancinileather.com\/fr\/produit\/portefeuille-rfid-pour-cellulaire-pour-dames\" \/>\n<meta property=\"og:site_name\" content=\"Mancini\" \/>\n<meta property=\"article:modified_time\" content=\"2025-07-24T06:23:47+00:00\" \/>\n<meta property=\"og:image\" content=\"https:\/\/www.mancinileather.com\/wp-content\/uploads\/2021\/12\/products-file_5efb86974aedf-1-scaled.jpg\" \/>\n\t<meta property=\"og:image:width\" content=\"2560\" \/>\n\t<meta property=\"og:image:height\" content=\"1379\" \/>\n\t<meta property=\"og:image:type\" content=\"image\/jpeg\" \/>\n<meta name=\"twitter:card\" content=\"summary_large_image\" \/>\n<meta name=\"twitter:label1\" content=\"Est. reading time\" \/>\n\t<meta name=\"twitter:data1\" content=\"1 minute\" \/>\n<script type=\"application\/ld+json\" class=\"yoast-schema-graph\">{\"@context\":\"https:\\\/\\\/schema.org\",\"@graph\":[{\"@type\":\"WebPage\",\"@id\":\"https:\\\/\\\/www.mancinileather.com\\\/fr\\\/produit\\\/portefeuille-rfid-pour-cellulaire-pour-dames\",\"url\":\"https:\\\/\\\/www.mancinileather.com\\\/fr\\\/produit\\\/portefeuille-rfid-pour-cellulaire-pour-dames\",\"name\":\"Portefeuille RFID pour cellulaire pour dames\",\"isPartOf\":{\"@id\":\"https:\\\/\\\/www.mancinileather.com\\\/fr#website\"},\"primaryImageOfPage\":{\"@id\":\"https:\\\/\\\/www.mancinileather.com\\\/fr\\\/produit\\\/portefeuille-rfid-pour-cellulaire-pour-dames#primaryimage\"},\"image\":{\"@id\":\"https:\\\/\\\/www.mancinileather.com\\\/fr\\\/produit\\\/portefeuille-rfid-pour-cellulaire-pour-dames#primaryimage\"},\"thumbnailUrl\":\"https:\\\/\\\/www.mancinileather.com\\\/wp-content\\\/uploads\\\/2021\\\/12\\\/products-file_5efb86974aedf-1-scaled.jpg\",\"datePublished\":\"2022-03-29T15:42:25+00:00\",\"dateModified\":\"2025-07-24T06:23:47+00:00\",\"description\":\"Notre collection CASABLANCA c\u00e9l\u00e8bre la fusion de style traditionnel et contemporain. Urbain et chic avec une attitude d\u00e9contract\u00e9e. \u00c9quip\u00e9s de la derni\u00e8re technologie de blocage d'ondes RFID pour assurer que vos donn\u00e9es et vos cartes sont s\u00e9curitaires. Des couches m\u00e9talliques sp\u00e9ciales int\u00e9gr\u00e9es dans les fentes pour cartes emp\u00eachent la lecture \u00e9lectronique de votre portefeuille. Articles en cuir pleine fleur fabriqu\u00e9s \u00e0 la main.\u00a0Ce portefeuille unique dispose d\u2019une sangle \u00e0 bouton pression pour garder le contenu s\u00e9curis\u00e9 ainsi qu\u2019 une poche pour t\u00e9l\u00e9phone cellulaire dedans. Il est dot\u00e9 de plusieurs fentes et pochettes pour ranger vos cartes et votre argent.\",\"breadcrumb\":{\"@id\":\"https:\\\/\\\/www.mancinileather.com\\\/fr\\\/produit\\\/portefeuille-rfid-pour-cellulaire-pour-dames#breadcrumb\"},\"inLanguage\":\"fr-FR\",\"potentialAction\":[{\"@type\":\"ReadAction\",\"target\":[\"https:\\\/\\\/www.mancinileather.com\\\/fr\\\/produit\\\/portefeuille-rfid-pour-cellulaire-pour-dames\"]}]},{\"@type\":\"ImageObject\",\"inLanguage\":\"fr-FR\",\"@id\":\"https:\\\/\\\/www.mancinileather.com\\\/fr\\\/produit\\\/portefeuille-rfid-pour-cellulaire-pour-dames#primaryimage\",\"url\":\"https:\\\/\\\/www.mancinileather.com\\\/wp-content\\\/uploads\\\/2021\\\/12\\\/products-file_5efb86974aedf-1-scaled.jpg\",\"contentUrl\":\"https:\\\/\\\/www.mancinileather.com\\\/wp-content\\\/uploads\\\/2021\\\/12\\\/products-file_5efb86974aedf-1-scaled.jpg\",\"width\":2560,\"height\":1379,\"caption\":\"Ladies' RFID Secure Cell Phone Wristlet\"},{\"@type\":\"BreadcrumbList\",\"@id\":\"https:\\\/\\\/www.mancinileather.com\\\/fr\\\/produit\\\/portefeuille-rfid-pour-cellulaire-pour-dames#breadcrumb\",\"itemListElement\":[{\"@type\":\"ListItem\",\"position\":1,\"name\":\"Home\",\"item\":\"https:\\\/\\\/www.mancinileather.com\\\/fr\"},{\"@type\":\"ListItem\",\"position\":2,\"name\":\"Boutique\",\"item\":\"https:\\\/\\\/www.mancinileather.com\\\/fr\\\/boutique\"},{\"@type\":\"ListItem\",\"position\":3,\"name\":\"Portefeuille RFID pour cellulaire pour dames\"}]},{\"@type\":\"WebSite\",\"@id\":\"https:\\\/\\\/www.mancinileather.com\\\/fr#website\",\"url\":\"https:\\\/\\\/www.mancinileather.com\\\/fr\",\"name\":\"Mancini\",\"description\":\"Online Leather Store and Products\",\"potentialAction\":[{\"@type\":\"SearchAction\",\"target\":{\"@type\":\"EntryPoint\",\"urlTemplate\":\"https:\\\/\\\/www.mancinileather.com\\\/fr?s={search_term_string}\"},\"query-input\":{\"@type\":\"PropertyValueSpecification\",\"valueRequired\":true,\"valueName\":\"search_term_string\"}}],\"inLanguage\":\"fr-FR\"}]}<\/script>\n<!-- \/ Yoast SEO plugin. -->","yoast_head_json":{"title":"Portefeuille RFID pour cellulaire pour dames","description":"Notre collection CASABLANCA c\u00e9l\u00e8bre la fusion de style traditionnel et contemporain. Urbain et chic avec une attitude d\u00e9contract\u00e9e. \u00c9quip\u00e9s de la derni\u00e8re technologie de blocage d'ondes RFID pour assurer que vos donn\u00e9es et vos cartes sont s\u00e9curitaires. Des couches m\u00e9talliques sp\u00e9ciales int\u00e9gr\u00e9es dans les fentes pour cartes emp\u00eachent la lecture \u00e9lectronique de votre portefeuille. Articles en cuir pleine fleur fabriqu\u00e9s \u00e0 la main.\u00a0Ce portefeuille unique dispose d\u2019une sangle \u00e0 bouton pression pour garder le contenu s\u00e9curis\u00e9 ainsi qu\u2019 une poche pour t\u00e9l\u00e9phone cellulaire dedans. Il est dot\u00e9 de plusieurs fentes et pochettes pour ranger vos cartes et votre argent.","robots":{"index":"index","follow":"follow","max-snippet":"max-snippet:-1","max-image-preview":"max-image-preview:large","max-video-preview":"max-video-preview:-1"},"canonical":"https:\/\/www.mancinileather.com\/fr\/produit\/portefeuille-rfid-pour-cellulaire-pour-dames","og_locale":"fr_FR","og_type":"article","og_title":"Portefeuille RFID pour cellulaire pour dames","og_description":"Notre collection CASABLANCA c\u00e9l\u00e8bre la fusion de style traditionnel et contemporain. Urbain et chic avec une attitude d\u00e9contract\u00e9e. \u00c9quip\u00e9s de la derni\u00e8re technologie de blocage d'ondes RFID pour assurer que vos donn\u00e9es et vos cartes sont s\u00e9curitaires. Des couches m\u00e9talliques sp\u00e9ciales int\u00e9gr\u00e9es dans les fentes pour cartes emp\u00eachent la lecture \u00e9lectronique de votre portefeuille. Articles en cuir pleine fleur fabriqu\u00e9s \u00e0 la main.\u00a0Ce portefeuille unique dispose d\u2019une sangle \u00e0 bouton pression pour garder le contenu s\u00e9curis\u00e9 ainsi qu\u2019 une poche pour t\u00e9l\u00e9phone cellulaire dedans. Il est dot\u00e9 de plusieurs fentes et pochettes pour ranger vos cartes et votre argent.","og_url":"https:\/\/www.mancinileather.com\/fr\/produit\/portefeuille-rfid-pour-cellulaire-pour-dames","og_site_name":"Mancini","article_modified_time":"2025-07-24T06:23:47+00:00","og_image":[{"width":2560,"height":1379,"url":"https:\/\/www.mancinileather.com\/wp-content\/uploads\/2021\/12\/products-file_5efb86974aedf-1-scaled.jpg","type":"image\/jpeg"}],"twitter_card":"summary_large_image","twitter_misc":{"Est. reading time":"1 minute"},"schema":{"@context":"https:\/\/schema.org","@graph":[{"@type":"WebPage","@id":"https:\/\/www.mancinileather.com\/fr\/produit\/portefeuille-rfid-pour-cellulaire-pour-dames","url":"https:\/\/www.mancinileather.com\/fr\/produit\/portefeuille-rfid-pour-cellulaire-pour-dames","name":"Portefeuille RFID pour cellulaire pour dames","isPartOf":{"@id":"https:\/\/www.mancinileather.com\/fr#website"},"primaryImageOfPage":{"@id":"https:\/\/www.mancinileather.com\/fr\/produit\/portefeuille-rfid-pour-cellulaire-pour-dames#primaryimage"},"image":{"@id":"https:\/\/www.mancinileather.com\/fr\/produit\/portefeuille-rfid-pour-cellulaire-pour-dames#primaryimage"},"thumbnailUrl":"https:\/\/www.mancinileather.com\/wp-content\/uploads\/2021\/12\/products-file_5efb86974aedf-1-scaled.jpg","datePublished":"2022-03-29T15:42:25+00:00","dateModified":"2025-07-24T06:23:47+00:00","description":"Notre collection CASABLANCA c\u00e9l\u00e8bre la fusion de style traditionnel et contemporain. Urbain et chic avec une attitude d\u00e9contract\u00e9e. \u00c9quip\u00e9s de la derni\u00e8re technologie de blocage d'ondes RFID pour assurer que vos donn\u00e9es et vos cartes sont s\u00e9curitaires. Des couches m\u00e9talliques sp\u00e9ciales int\u00e9gr\u00e9es dans les fentes pour cartes emp\u00eachent la lecture \u00e9lectronique de votre portefeuille. Articles en cuir pleine fleur fabriqu\u00e9s \u00e0 la main.\u00a0Ce portefeuille unique dispose d\u2019une sangle \u00e0 bouton pression pour garder le contenu s\u00e9curis\u00e9 ainsi qu\u2019 une poche pour t\u00e9l\u00e9phone cellulaire dedans. Il est dot\u00e9 de plusieurs fentes et pochettes pour ranger vos cartes et votre argent.","breadcrumb":{"@id":"https:\/\/www.mancinileather.com\/fr\/produit\/portefeuille-rfid-pour-cellulaire-pour-dames#breadcrumb"},"inLanguage":"fr-FR","potentialAction":[{"@type":"ReadAction","target":["https:\/\/www.mancinileather.com\/fr\/produit\/portefeuille-rfid-pour-cellulaire-pour-dames"]}]},{"@type":"ImageObject","inLanguage":"fr-FR","@id":"https:\/\/www.mancinileather.com\/fr\/produit\/portefeuille-rfid-pour-cellulaire-pour-dames#primaryimage","url":"https:\/\/www.mancinileather.com\/wp-content\/uploads\/2021\/12\/products-file_5efb86974aedf-1-scaled.jpg","contentUrl":"https:\/\/www.mancinileather.com\/wp-content\/uploads\/2021\/12\/products-file_5efb86974aedf-1-scaled.jpg","width":2560,"height":1379,"caption":"Ladies' RFID Secure Cell Phone Wristlet"},{"@type":"BreadcrumbList","@id":"https:\/\/www.mancinileather.com\/fr\/produit\/portefeuille-rfid-pour-cellulaire-pour-dames#breadcrumb","itemListElement":[{"@type":"ListItem","position":1,"name":"Home","item":"https:\/\/www.mancinileather.com\/fr"},{"@type":"ListItem","position":2,"name":"Boutique","item":"https:\/\/www.mancinileather.com\/fr\/boutique"},{"@type":"ListItem","position":3,"name":"Portefeuille RFID pour cellulaire pour dames"}]},{"@type":"WebSite","@id":"https:\/\/www.mancinileather.com\/fr#website","url":"https:\/\/www.mancinileather.com\/fr","name":"Mancini","description":"Online Leather Store and Products","potentialAction":[{"@type":"SearchAction","target":{"@type":"EntryPoint","urlTemplate":"https:\/\/www.mancinileather.com\/fr?s={search_term_string}"},"query-input":{"@type":"PropertyValueSpecification","valueRequired":true,"valueName":"search_term_string"}}],"inLanguage":"fr-FR"}]}},"brands":[],"_links":{"self":[{"href":"https:\/\/www.mancinileather.com\/fr\/wp-json\/wp\/v2\/product\/45405","targetHints":{"allow":["GET"]}}],"collection":[{"href":"https:\/\/www.mancinileather.com\/fr\/wp-json\/wp\/v2\/product"}],"about":[{"href":"https:\/\/www.mancinileather.com\/fr\/wp-json\/wp\/v2\/types\/product"}],"replies":[{"embeddable":true,"href":"https:\/\/www.mancinileather.com\/fr\/wp-json\/wp\/v2\/comments?post=45405"}],"wp:featuredmedia":[{"embeddable":true,"href":"https:\/\/www.mancinileather.com\/fr\/wp-json\/wp\/v2\/media\/34050"}],"wp:attachment":[{"href":"https:\/\/www.mancinileather.com\/fr\/wp-json\/wp\/v2\/media?parent=45405"}],"wp:term":[{"taxonomy":"pwb-brand","embeddable":true,"href":"https:\/\/www.mancinileather.com\/fr\/wp-json\/wp\/v2\/pwb-brand?post=45405"},{"taxonomy":"product_brand","embeddable":true,"href":"https:\/\/www.mancinileather.com\/fr\/wp-json\/wp\/v2\/product_brand?post=45405"},{"taxonomy":"product_cat","embeddable":true,"href":"https:\/\/www.mancinileather.com\/fr\/wp-json\/wp\/v2\/product_cat?post=45405"},{"taxonomy":"product_tag","embeddable":true,"href":"https:\/\/www.mancinileather.com\/fr\/wp-json\/wp\/v2\/product_tag?post=45405"}],"curies":[{"name":"wp","href":"https:\/\/api.w.org\/{rel}","templated":true}]}}