{"id":45525,"date":"2022-03-29T11:44:13","date_gmt":"2022-03-29T15:44:13","guid":{"rendered":"https:\/\/mancini.bluehat.hosting\/?post_type=product&#038;p=45525"},"modified":"2025-12-14T22:02:49","modified_gmt":"2025-12-15T03:02:49","slug":"trousse-voyage-classique-avec-organisateur","status":"publish","type":"product","link":"https:\/\/www.mancinileather.com\/fr\/produit\/trousse-voyage-classique-avec-organisateur","title":{"rendered":"Trousse de voyage classique avec organisateur"},"content":{"rendered":"<div class=\"fusion-fullwidth fullwidth-box fusion-builder-row-1 fusion-flex-container nonhundred-percent-fullwidth non-hundred-percent-height-scrolling\" style=\"--awb-border-radius-top-left:0px;--awb-border-radius-top-right:0px;--awb-border-radius-bottom-right:0px;--awb-border-radius-bottom-left:0px;--awb-flex-wrap:wrap;\" ><div class=\"fusion-builder-row fusion-row fusion-flex-align-items-flex-start fusion-flex-content-wrap\" style=\"max-width:1430px;margin-left: calc(-4% \/ 2 );margin-right: calc(-4% \/ 2 );\"><div class=\"fusion-layout-column fusion_builder_column fusion-builder-column-0 fusion_builder_column_1_1 1_1 fusion-flex-column\" style=\"--awb-bg-size:cover;--awb-width-large:100%;--awb-margin-top-large:0px;--awb-spacing-right-large:1.92%;--awb-margin-bottom-large:0px;--awb-spacing-left-large:1.92%;--awb-width-medium:100%;--awb-spacing-right-medium:1.92%;--awb-spacing-left-medium:1.92%;--awb-width-small:100%;--awb-spacing-right-small:1.92%;--awb-spacing-left-small:1.92%;\"><div class=\"fusion-column-wrapper fusion-flex-justify-content-flex-start fusion-content-layout-column\"><div class=\"fusion-text fusion-text-1\"><p>Notre collection\u00a0<strong>Buffalo<\/strong>\u00a0repr\u00e9sente la fusion de style contemporain avec le look urbain brut. Avec mallettes, sacs \u00e0 dos et accessoires de voyage, cette collection comblera tous vos besoins avec style. Articles fabriqu\u00e9s \u00e0 la main en cuir de buffle pleine fleure cire grasse.<\/p>\n<p>Cette trousse de toilette classique a une abondance de place pour transporter tous vos produits de beaut\u00e9 et plus encore. Enti\u00e8rement doubl\u00e9 avec un organisateur et une poche zipp\u00e9e \u00e0 l&#8217;int\u00e9rieure.<\/p>\n<\/div><\/div><\/div><\/div><\/div>\n","protected":false},"excerpt":{"rendered":"<p>&nbsp;<\/p>\n<ul>\n<li>Chargement par le haut<\/li>\n<li>Poche zipp\u00e9e \u00e0 l&#8217;int\u00e9rieur<\/li>\n<li>Poign\u00e9e pratique<\/li>\n<li>Un an de garantie limit\u00e9e <strong>MANCINI<\/strong><\/li>\n<\/ul>\n","protected":false},"featured_media":34167,"comment_status":"open","ping_status":"closed","template":"","meta":[],"pwb-brand":[],"product_brand":[],"product_cat":[1479,1483,1630,1638],"product_tag":[],"class_list":{"0":"post-45525","1":"product","2":"type-product","3":"status-publish","4":"has-post-thumbnail","6":"product_cat-sacs-de-voyage","7":"product_cat-trousses-de-voyage","8":"product_cat-femme","9":"product_cat-hommes","10":"pa_collection-buffalo-fr","11":"pa_color-brun","12":"pa_color-noir-fr","13":"pa_material-cuir-de-buffle-pleine-fleur-cire-grasse","15":"first","16":"instock","17":"taxable","18":"shipping-taxable","19":"purchasable","20":"product-type-variable","21":"has-default-attributes"},"yoast_head":"<!-- This site is optimized with the Yoast SEO plugin v25.5 - https:\/\/yoast.com\/wordpress\/plugins\/seo\/ -->\n<title>Trousse de voyage classique avec organisateur - Mancini<\/title>\n<meta name=\"description\" content=\"Notre collection\u00a0Buffalo\u00a0repr\u00e9sente la fusion de style contemporain avec le look urbain brut. Avec mallettes, sacs \u00e0 dos et accessoires de voyage, cette collection comblera tous vos besoins avec style. Articles fabriqu\u00e9s \u00e0 la main en cuir de buffle pleine fleure cire grasse.\u00a0Cette trousse de toilette classique a une abondance de place pour transporter tous vos produits de beaut\u00e9 et plus encore. Enti\u00e8rement doubl\u00e9 avec un organisateur et une poche zipp\u00e9e \u00e0 l&#039;int\u00e9rieure.\" \/>\n<meta name=\"robots\" content=\"index, follow, max-snippet:-1, max-image-preview:large, max-video-preview:-1\" \/>\n<link rel=\"canonical\" href=\"https:\/\/www.mancinileather.com\/fr\/produit\/trousse-voyage-classique-avec-organisateur\" \/>\n<meta property=\"og:locale\" content=\"fr_FR\" \/>\n<meta property=\"og:type\" content=\"article\" \/>\n<meta property=\"og:title\" content=\"Trousse de voyage classique avec organisateur - Mancini\" \/>\n<meta property=\"og:description\" content=\"Notre collection\u00a0Buffalo\u00a0repr\u00e9sente la fusion de style contemporain avec le look urbain brut. Avec mallettes, sacs \u00e0 dos et accessoires de voyage, cette collection comblera tous vos besoins avec style. Articles fabriqu\u00e9s \u00e0 la main en cuir de buffle pleine fleure cire grasse.\u00a0Cette trousse de toilette classique a une abondance de place pour transporter tous vos produits de beaut\u00e9 et plus encore. Enti\u00e8rement doubl\u00e9 avec un organisateur et une poche zipp\u00e9e \u00e0 l&#039;int\u00e9rieure.\" \/>\n<meta property=\"og:url\" content=\"https:\/\/www.mancinileather.com\/fr\/produit\/trousse-voyage-classique-avec-organisateur\" \/>\n<meta property=\"og:site_name\" content=\"Mancini\" \/>\n<meta property=\"article:modified_time\" content=\"2025-12-15T03:02:49+00:00\" \/>\n<meta property=\"og:image\" content=\"https:\/\/www.mancinileather.com\/wp-content\/uploads\/2021\/12\/products-file_5f930198e0bbb-1.jpg\" \/>\n\t<meta property=\"og:image:width\" content=\"1500\" \/>\n\t<meta property=\"og:image:height\" content=\"1500\" \/>\n\t<meta property=\"og:image:type\" content=\"image\/jpeg\" \/>\n<meta name=\"twitter:card\" content=\"summary_large_image\" \/>\n<meta name=\"twitter:label1\" content=\"Est. reading time\" \/>\n\t<meta name=\"twitter:data1\" content=\"1 minute\" \/>\n<script type=\"application\/ld+json\" class=\"yoast-schema-graph\">{\"@context\":\"https:\/\/schema.org\",\"@graph\":[{\"@type\":\"WebPage\",\"@id\":\"https:\/\/www.mancinileather.com\/fr\/produit\/trousse-voyage-classique-avec-organisateur\",\"url\":\"https:\/\/www.mancinileather.com\/fr\/produit\/trousse-voyage-classique-avec-organisateur\",\"name\":\"Trousse de voyage classique avec organisateur - Mancini\",\"isPartOf\":{\"@id\":\"https:\/\/www.mancinileather.com\/fr#website\"},\"primaryImageOfPage\":{\"@id\":\"https:\/\/www.mancinileather.com\/fr\/produit\/trousse-voyage-classique-avec-organisateur#primaryimage\"},\"image\":{\"@id\":\"https:\/\/www.mancinileather.com\/fr\/produit\/trousse-voyage-classique-avec-organisateur#primaryimage\"},\"thumbnailUrl\":\"https:\/\/www.mancinileather.com\/wp-content\/uploads\/2021\/12\/products-file_5f930198e0bbb-1.jpg\",\"datePublished\":\"2022-03-29T15:44:13+00:00\",\"dateModified\":\"2025-12-15T03:02:49+00:00\",\"description\":\"Notre collection\u00a0Buffalo\u00a0repr\u00e9sente la fusion de style contemporain avec le look urbain brut. Avec mallettes, sacs \u00e0 dos et accessoires de voyage, cette collection comblera tous vos besoins avec style. Articles fabriqu\u00e9s \u00e0 la main en cuir de buffle pleine fleure cire grasse.\u00a0Cette trousse de toilette classique a une abondance de place pour transporter tous vos produits de beaut\u00e9 et plus encore. Enti\u00e8rement doubl\u00e9 avec un organisateur et une poche zipp\u00e9e \u00e0 l'int\u00e9rieure.\",\"breadcrumb\":{\"@id\":\"https:\/\/www.mancinileather.com\/fr\/produit\/trousse-voyage-classique-avec-organisateur#breadcrumb\"},\"inLanguage\":\"fr-FR\",\"potentialAction\":[{\"@type\":\"ReadAction\",\"target\":[\"https:\/\/www.mancinileather.com\/fr\/produit\/trousse-voyage-classique-avec-organisateur\"]}]},{\"@type\":\"ImageObject\",\"inLanguage\":\"fr-FR\",\"@id\":\"https:\/\/www.mancinileather.com\/fr\/produit\/trousse-voyage-classique-avec-organisateur#primaryimage\",\"url\":\"https:\/\/www.mancinileather.com\/wp-content\/uploads\/2021\/12\/products-file_5f930198e0bbb-1.jpg\",\"contentUrl\":\"https:\/\/www.mancinileather.com\/wp-content\/uploads\/2021\/12\/products-file_5f930198e0bbb-1.jpg\",\"width\":1500,\"height\":1500,\"caption\":\"Classic Toiletry Kit with Organizer\"},{\"@type\":\"BreadcrumbList\",\"@id\":\"https:\/\/www.mancinileather.com\/fr\/produit\/trousse-voyage-classique-avec-organisateur#breadcrumb\",\"itemListElement\":[{\"@type\":\"ListItem\",\"position\":1,\"name\":\"Home\",\"item\":\"https:\/\/www.mancinileather.com\/fr\"},{\"@type\":\"ListItem\",\"position\":2,\"name\":\"Boutique\",\"item\":\"https:\/\/www.mancinileather.com\/fr\/boutique\"},{\"@type\":\"ListItem\",\"position\":3,\"name\":\"Trousse de voyage classique avec organisateur\"}]},{\"@type\":\"WebSite\",\"@id\":\"https:\/\/www.mancinileather.com\/fr#website\",\"url\":\"https:\/\/www.mancinileather.com\/fr\",\"name\":\"Mancini\",\"description\":\"Online Leather Store and Products\",\"potentialAction\":[{\"@type\":\"SearchAction\",\"target\":{\"@type\":\"EntryPoint\",\"urlTemplate\":\"https:\/\/www.mancinileather.com\/fr?s={search_term_string}\"},\"query-input\":{\"@type\":\"PropertyValueSpecification\",\"valueRequired\":true,\"valueName\":\"search_term_string\"}}],\"inLanguage\":\"fr-FR\"}]}<\/script>\n<!-- \/ Yoast SEO plugin. -->","yoast_head_json":{"title":"Trousse de voyage classique avec organisateur - Mancini","description":"Notre collection\u00a0Buffalo\u00a0repr\u00e9sente la fusion de style contemporain avec le look urbain brut. Avec mallettes, sacs \u00e0 dos et accessoires de voyage, cette collection comblera tous vos besoins avec style. Articles fabriqu\u00e9s \u00e0 la main en cuir de buffle pleine fleure cire grasse.\u00a0Cette trousse de toilette classique a une abondance de place pour transporter tous vos produits de beaut\u00e9 et plus encore. Enti\u00e8rement doubl\u00e9 avec un organisateur et une poche zipp\u00e9e \u00e0 l'int\u00e9rieure.","robots":{"index":"index","follow":"follow","max-snippet":"max-snippet:-1","max-image-preview":"max-image-preview:large","max-video-preview":"max-video-preview:-1"},"canonical":"https:\/\/www.mancinileather.com\/fr\/produit\/trousse-voyage-classique-avec-organisateur","og_locale":"fr_FR","og_type":"article","og_title":"Trousse de voyage classique avec organisateur - Mancini","og_description":"Notre collection\u00a0Buffalo\u00a0repr\u00e9sente la fusion de style contemporain avec le look urbain brut. Avec mallettes, sacs \u00e0 dos et accessoires de voyage, cette collection comblera tous vos besoins avec style. Articles fabriqu\u00e9s \u00e0 la main en cuir de buffle pleine fleure cire grasse.\u00a0Cette trousse de toilette classique a une abondance de place pour transporter tous vos produits de beaut\u00e9 et plus encore. Enti\u00e8rement doubl\u00e9 avec un organisateur et une poche zipp\u00e9e \u00e0 l'int\u00e9rieure.","og_url":"https:\/\/www.mancinileather.com\/fr\/produit\/trousse-voyage-classique-avec-organisateur","og_site_name":"Mancini","article_modified_time":"2025-12-15T03:02:49+00:00","og_image":[{"width":1500,"height":1500,"url":"https:\/\/www.mancinileather.com\/wp-content\/uploads\/2021\/12\/products-file_5f930198e0bbb-1.jpg","type":"image\/jpeg"}],"twitter_card":"summary_large_image","twitter_misc":{"Est. reading time":"1 minute"},"schema":{"@context":"https:\/\/schema.org","@graph":[{"@type":"WebPage","@id":"https:\/\/www.mancinileather.com\/fr\/produit\/trousse-voyage-classique-avec-organisateur","url":"https:\/\/www.mancinileather.com\/fr\/produit\/trousse-voyage-classique-avec-organisateur","name":"Trousse de voyage classique avec organisateur - Mancini","isPartOf":{"@id":"https:\/\/www.mancinileather.com\/fr#website"},"primaryImageOfPage":{"@id":"https:\/\/www.mancinileather.com\/fr\/produit\/trousse-voyage-classique-avec-organisateur#primaryimage"},"image":{"@id":"https:\/\/www.mancinileather.com\/fr\/produit\/trousse-voyage-classique-avec-organisateur#primaryimage"},"thumbnailUrl":"https:\/\/www.mancinileather.com\/wp-content\/uploads\/2021\/12\/products-file_5f930198e0bbb-1.jpg","datePublished":"2022-03-29T15:44:13+00:00","dateModified":"2025-12-15T03:02:49+00:00","description":"Notre collection\u00a0Buffalo\u00a0repr\u00e9sente la fusion de style contemporain avec le look urbain brut. Avec mallettes, sacs \u00e0 dos et accessoires de voyage, cette collection comblera tous vos besoins avec style. Articles fabriqu\u00e9s \u00e0 la main en cuir de buffle pleine fleure cire grasse.\u00a0Cette trousse de toilette classique a une abondance de place pour transporter tous vos produits de beaut\u00e9 et plus encore. Enti\u00e8rement doubl\u00e9 avec un organisateur et une poche zipp\u00e9e \u00e0 l'int\u00e9rieure.","breadcrumb":{"@id":"https:\/\/www.mancinileather.com\/fr\/produit\/trousse-voyage-classique-avec-organisateur#breadcrumb"},"inLanguage":"fr-FR","potentialAction":[{"@type":"ReadAction","target":["https:\/\/www.mancinileather.com\/fr\/produit\/trousse-voyage-classique-avec-organisateur"]}]},{"@type":"ImageObject","inLanguage":"fr-FR","@id":"https:\/\/www.mancinileather.com\/fr\/produit\/trousse-voyage-classique-avec-organisateur#primaryimage","url":"https:\/\/www.mancinileather.com\/wp-content\/uploads\/2021\/12\/products-file_5f930198e0bbb-1.jpg","contentUrl":"https:\/\/www.mancinileather.com\/wp-content\/uploads\/2021\/12\/products-file_5f930198e0bbb-1.jpg","width":1500,"height":1500,"caption":"Classic Toiletry Kit with Organizer"},{"@type":"BreadcrumbList","@id":"https:\/\/www.mancinileather.com\/fr\/produit\/trousse-voyage-classique-avec-organisateur#breadcrumb","itemListElement":[{"@type":"ListItem","position":1,"name":"Home","item":"https:\/\/www.mancinileather.com\/fr"},{"@type":"ListItem","position":2,"name":"Boutique","item":"https:\/\/www.mancinileather.com\/fr\/boutique"},{"@type":"ListItem","position":3,"name":"Trousse de voyage classique avec organisateur"}]},{"@type":"WebSite","@id":"https:\/\/www.mancinileather.com\/fr#website","url":"https:\/\/www.mancinileather.com\/fr","name":"Mancini","description":"Online Leather Store and Products","potentialAction":[{"@type":"SearchAction","target":{"@type":"EntryPoint","urlTemplate":"https:\/\/www.mancinileather.com\/fr?s={search_term_string}"},"query-input":{"@type":"PropertyValueSpecification","valueRequired":true,"valueName":"search_term_string"}}],"inLanguage":"fr-FR"}]}},"brands":[],"_links":{"self":[{"href":"https:\/\/www.mancinileather.com\/fr\/wp-json\/wp\/v2\/product\/45525","targetHints":{"allow":["GET"]}}],"collection":[{"href":"https:\/\/www.mancinileather.com\/fr\/wp-json\/wp\/v2\/product"}],"about":[{"href":"https:\/\/www.mancinileather.com\/fr\/wp-json\/wp\/v2\/types\/product"}],"replies":[{"embeddable":true,"href":"https:\/\/www.mancinileather.com\/fr\/wp-json\/wp\/v2\/comments?post=45525"}],"wp:featuredmedia":[{"embeddable":true,"href":"https:\/\/www.mancinileather.com\/fr\/wp-json\/wp\/v2\/media\/34167"}],"wp:attachment":[{"href":"https:\/\/www.mancinileather.com\/fr\/wp-json\/wp\/v2\/media?parent=45525"}],"wp:term":[{"taxonomy":"pwb-brand","embeddable":true,"href":"https:\/\/www.mancinileather.com\/fr\/wp-json\/wp\/v2\/pwb-brand?post=45525"},{"taxonomy":"product_brand","embeddable":true,"href":"https:\/\/www.mancinileather.com\/fr\/wp-json\/wp\/v2\/product_brand?post=45525"},{"taxonomy":"product_cat","embeddable":true,"href":"https:\/\/www.mancinileather.com\/fr\/wp-json\/wp\/v2\/product_cat?post=45525"},{"taxonomy":"product_tag","embeddable":true,"href":"https:\/\/www.mancinileather.com\/fr\/wp-json\/wp\/v2\/product_tag?post=45525"}],"curies":[{"name":"wp","href":"https:\/\/api.w.org\/{rel}","templated":true}]}}