{"id":45863,"date":"2022-03-29T11:49:18","date_gmt":"2022-03-29T15:49:18","guid":{"rendered":"https:\/\/mancini.bluehat.hosting\/?post_type=product&#038;p=45863"},"modified":"2025-07-24T02:23:46","modified_gmt":"2025-07-24T06:23:46","slug":"sac-taille-mince","status":"publish","type":"product","link":"https:\/\/www.mancinileather.com\/fr\/produit\/sac-taille-mince","title":{"rendered":"Sac \u00e0 taille mince"},"content":{"rendered":"<div class=\"fusion-fullwidth fullwidth-box fusion-builder-row-1 fusion-flex-container nonhundred-percent-fullwidth non-hundred-percent-height-scrolling\" style=\"--awb-border-radius-top-left:0px;--awb-border-radius-top-right:0px;--awb-border-radius-bottom-right:0px;--awb-border-radius-bottom-left:0px;--awb-flex-wrap:wrap;\" ><div class=\"fusion-builder-row fusion-row fusion-flex-align-items-flex-start fusion-flex-content-wrap\" style=\"max-width:1430px;margin-left: calc(-4% \/ 2 );margin-right: calc(-4% \/ 2 );\"><div class=\"fusion-layout-column fusion_builder_column fusion-builder-column-0 fusion_builder_column_1_1 1_1 fusion-flex-column\" style=\"--awb-bg-size:cover;--awb-width-large:100%;--awb-margin-top-large:0px;--awb-spacing-right-large:1.92%;--awb-margin-bottom-large:0px;--awb-spacing-left-large:1.92%;--awb-width-medium:100%;--awb-spacing-right-medium:1.92%;--awb-spacing-left-medium:1.92%;--awb-width-small:100%;--awb-spacing-right-small:1.92%;--awb-spacing-left-small:1.92%;\"><div class=\"fusion-column-wrapper fusion-flex-justify-content-flex-start fusion-content-layout-column\"><div class=\"fusion-text fusion-text-1\"><p>Notre collection <strong>Buffalo<\/strong> repr\u00e9sente la fusion de style contemporain avec le look urbain brut. Avec mallettes, sacs \u00e0 dos et accessoires de voyage, cette collection comblera tous vos besoins avec style. Articles fabriqu\u00e9s \u00e0 la main en cuir de buffle pleine fleure cire grasse.<\/p>\n<p>Ce sac \u00e0 taille mince est dot\u00e9 d&#8217;un compartiment principale avec rabat et deux compartiments zipp\u00e9s.<\/p>\n<\/div><\/div><\/div><\/div><\/div>\n","protected":false},"excerpt":{"rendered":"<p>&nbsp;<\/p>\n<ul>\n<li>Un compartiment principale avec rabat<\/li>\n<li>Deux compartiments zipp\u00e9s<\/li>\n<li>Bandouli\u00e8re ajustable<\/li>\n<li>Un an de garantie limit\u00e9e <strong>MANCINI<\/strong><\/li>\n<\/ul>\n","protected":false},"featured_media":34508,"comment_status":"open","ping_status":"closed","template":"","meta":[],"pwb-brand":[],"product_brand":[],"product_cat":[1630,1638,1479,1477],"product_tag":[],"class_list":{"0":"post-45863","1":"product","2":"type-product","3":"status-publish","4":"has-post-thumbnail","6":"product_cat-femme","7":"product_cat-hommes","8":"product_cat-sacs-de-voyage","9":"product_cat-sacs-unisex","10":"pa_collection-buffalo-fr","11":"pa_color-brun","12":"pa_color-noir-fr","13":"pa_material-cuir-cire-huileux-pleine-fleur","15":"first","16":"instock","17":"taxable","18":"shipping-taxable","19":"purchasable","20":"product-type-variable","21":"has-default-attributes"},"yoast_head":"<!-- This site is optimized with the Yoast SEO plugin v27.4 - https:\/\/yoast.com\/product\/yoast-seo-wordpress\/ -->\n<title>Sac \u00e0 taille mince - Mancini<\/title>\n<meta name=\"description\" content=\"Notre collection Buffalo repr\u00e9sente la fusion de style contemporain avec le look urbain brut. Avec mallettes, sacs \u00e0 dos et accessoires de voyage, cette collection comblera tous vos besoins avec style. Articles fabriqu\u00e9s \u00e0 la main en cuir de buffle pleine fleure cire grasse.\u00a0Ce sac \u00e0 taille mince est dot\u00e9 d&#039;un compartiment principale avec rabat et deux compartiments zipp\u00e9s.\" \/>\n<meta name=\"robots\" content=\"index, follow, max-snippet:-1, max-image-preview:large, max-video-preview:-1\" \/>\n<link rel=\"canonical\" href=\"https:\/\/www.mancinileather.com\/fr\/produit\/sac-taille-mince\" \/>\n<meta property=\"og:locale\" content=\"fr_FR\" \/>\n<meta property=\"og:type\" content=\"article\" \/>\n<meta property=\"og:title\" content=\"Sac \u00e0 taille mince - Mancini\" \/>\n<meta property=\"og:description\" content=\"Notre collection Buffalo repr\u00e9sente la fusion de style contemporain avec le look urbain brut. Avec mallettes, sacs \u00e0 dos et accessoires de voyage, cette collection comblera tous vos besoins avec style. Articles fabriqu\u00e9s \u00e0 la main en cuir de buffle pleine fleure cire grasse.\u00a0Ce sac \u00e0 taille mince est dot\u00e9 d&#039;un compartiment principale avec rabat et deux compartiments zipp\u00e9s.\" \/>\n<meta property=\"og:url\" content=\"https:\/\/www.mancinileather.com\/fr\/produit\/sac-taille-mince\" \/>\n<meta property=\"og:site_name\" content=\"Mancini\" \/>\n<meta property=\"article:modified_time\" content=\"2025-07-24T06:23:46+00:00\" \/>\n<meta property=\"og:image\" content=\"https:\/\/www.mancinileather.com\/wp-content\/uploads\/2021\/12\/products-file_601c2c0e2cb57-1.jpg\" \/>\n\t<meta property=\"og:image:width\" content=\"1500\" \/>\n\t<meta property=\"og:image:height\" content=\"1500\" \/>\n\t<meta property=\"og:image:type\" content=\"image\/jpeg\" \/>\n<meta name=\"twitter:card\" content=\"summary_large_image\" \/>\n<meta name=\"twitter:label1\" content=\"Est. reading time\" \/>\n\t<meta name=\"twitter:data1\" content=\"1 minute\" \/>\n<script type=\"application\/ld+json\" class=\"yoast-schema-graph\">{\"@context\":\"https:\\\/\\\/schema.org\",\"@graph\":[{\"@type\":\"WebPage\",\"@id\":\"https:\\\/\\\/www.mancinileather.com\\\/fr\\\/produit\\\/sac-taille-mince\",\"url\":\"https:\\\/\\\/www.mancinileather.com\\\/fr\\\/produit\\\/sac-taille-mince\",\"name\":\"Sac \u00e0 taille mince - Mancini\",\"isPartOf\":{\"@id\":\"https:\\\/\\\/www.mancinileather.com\\\/fr#website\"},\"primaryImageOfPage\":{\"@id\":\"https:\\\/\\\/www.mancinileather.com\\\/fr\\\/produit\\\/sac-taille-mince#primaryimage\"},\"image\":{\"@id\":\"https:\\\/\\\/www.mancinileather.com\\\/fr\\\/produit\\\/sac-taille-mince#primaryimage\"},\"thumbnailUrl\":\"https:\\\/\\\/www.mancinileather.com\\\/wp-content\\\/uploads\\\/2021\\\/12\\\/products-file_601c2c0e2cb57-1.jpg\",\"datePublished\":\"2022-03-29T15:49:18+00:00\",\"dateModified\":\"2025-07-24T06:23:46+00:00\",\"description\":\"Notre collection Buffalo repr\u00e9sente la fusion de style contemporain avec le look urbain brut. Avec mallettes, sacs \u00e0 dos et accessoires de voyage, cette collection comblera tous vos besoins avec style. Articles fabriqu\u00e9s \u00e0 la main en cuir de buffle pleine fleure cire grasse.\u00a0Ce sac \u00e0 taille mince est dot\u00e9 d'un compartiment principale avec rabat et deux compartiments zipp\u00e9s.\",\"breadcrumb\":{\"@id\":\"https:\\\/\\\/www.mancinileather.com\\\/fr\\\/produit\\\/sac-taille-mince#breadcrumb\"},\"inLanguage\":\"fr-FR\",\"potentialAction\":[{\"@type\":\"ReadAction\",\"target\":[\"https:\\\/\\\/www.mancinileather.com\\\/fr\\\/produit\\\/sac-taille-mince\"]}]},{\"@type\":\"ImageObject\",\"inLanguage\":\"fr-FR\",\"@id\":\"https:\\\/\\\/www.mancinileather.com\\\/fr\\\/produit\\\/sac-taille-mince#primaryimage\",\"url\":\"https:\\\/\\\/www.mancinileather.com\\\/wp-content\\\/uploads\\\/2021\\\/12\\\/products-file_601c2c0e2cb57-1.jpg\",\"contentUrl\":\"https:\\\/\\\/www.mancinileather.com\\\/wp-content\\\/uploads\\\/2021\\\/12\\\/products-file_601c2c0e2cb57-1.jpg\",\"width\":1500,\"height\":1500,\"caption\":\"Slim Waist Bag\"},{\"@type\":\"BreadcrumbList\",\"@id\":\"https:\\\/\\\/www.mancinileather.com\\\/fr\\\/produit\\\/sac-taille-mince#breadcrumb\",\"itemListElement\":[{\"@type\":\"ListItem\",\"position\":1,\"name\":\"Home\",\"item\":\"https:\\\/\\\/www.mancinileather.com\\\/fr\"},{\"@type\":\"ListItem\",\"position\":2,\"name\":\"Boutique\",\"item\":\"https:\\\/\\\/www.mancinileather.com\\\/fr\\\/boutique\"},{\"@type\":\"ListItem\",\"position\":3,\"name\":\"Sac \u00e0 taille mince\"}]},{\"@type\":\"WebSite\",\"@id\":\"https:\\\/\\\/www.mancinileather.com\\\/fr#website\",\"url\":\"https:\\\/\\\/www.mancinileather.com\\\/fr\",\"name\":\"Mancini\",\"description\":\"Online Leather Store and Products\",\"potentialAction\":[{\"@type\":\"SearchAction\",\"target\":{\"@type\":\"EntryPoint\",\"urlTemplate\":\"https:\\\/\\\/www.mancinileather.com\\\/fr?s={search_term_string}\"},\"query-input\":{\"@type\":\"PropertyValueSpecification\",\"valueRequired\":true,\"valueName\":\"search_term_string\"}}],\"inLanguage\":\"fr-FR\"}]}<\/script>\n<!-- \/ Yoast SEO plugin. -->","yoast_head_json":{"title":"Sac \u00e0 taille mince - Mancini","description":"Notre collection Buffalo repr\u00e9sente la fusion de style contemporain avec le look urbain brut. Avec mallettes, sacs \u00e0 dos et accessoires de voyage, cette collection comblera tous vos besoins avec style. Articles fabriqu\u00e9s \u00e0 la main en cuir de buffle pleine fleure cire grasse.\u00a0Ce sac \u00e0 taille mince est dot\u00e9 d'un compartiment principale avec rabat et deux compartiments zipp\u00e9s.","robots":{"index":"index","follow":"follow","max-snippet":"max-snippet:-1","max-image-preview":"max-image-preview:large","max-video-preview":"max-video-preview:-1"},"canonical":"https:\/\/www.mancinileather.com\/fr\/produit\/sac-taille-mince","og_locale":"fr_FR","og_type":"article","og_title":"Sac \u00e0 taille mince - Mancini","og_description":"Notre collection Buffalo repr\u00e9sente la fusion de style contemporain avec le look urbain brut. Avec mallettes, sacs \u00e0 dos et accessoires de voyage, cette collection comblera tous vos besoins avec style. Articles fabriqu\u00e9s \u00e0 la main en cuir de buffle pleine fleure cire grasse.\u00a0Ce sac \u00e0 taille mince est dot\u00e9 d'un compartiment principale avec rabat et deux compartiments zipp\u00e9s.","og_url":"https:\/\/www.mancinileather.com\/fr\/produit\/sac-taille-mince","og_site_name":"Mancini","article_modified_time":"2025-07-24T06:23:46+00:00","og_image":[{"width":1500,"height":1500,"url":"https:\/\/www.mancinileather.com\/wp-content\/uploads\/2021\/12\/products-file_601c2c0e2cb57-1.jpg","type":"image\/jpeg"}],"twitter_card":"summary_large_image","twitter_misc":{"Est. reading time":"1 minute"},"schema":{"@context":"https:\/\/schema.org","@graph":[{"@type":"WebPage","@id":"https:\/\/www.mancinileather.com\/fr\/produit\/sac-taille-mince","url":"https:\/\/www.mancinileather.com\/fr\/produit\/sac-taille-mince","name":"Sac \u00e0 taille mince - Mancini","isPartOf":{"@id":"https:\/\/www.mancinileather.com\/fr#website"},"primaryImageOfPage":{"@id":"https:\/\/www.mancinileather.com\/fr\/produit\/sac-taille-mince#primaryimage"},"image":{"@id":"https:\/\/www.mancinileather.com\/fr\/produit\/sac-taille-mince#primaryimage"},"thumbnailUrl":"https:\/\/www.mancinileather.com\/wp-content\/uploads\/2021\/12\/products-file_601c2c0e2cb57-1.jpg","datePublished":"2022-03-29T15:49:18+00:00","dateModified":"2025-07-24T06:23:46+00:00","description":"Notre collection Buffalo repr\u00e9sente la fusion de style contemporain avec le look urbain brut. Avec mallettes, sacs \u00e0 dos et accessoires de voyage, cette collection comblera tous vos besoins avec style. Articles fabriqu\u00e9s \u00e0 la main en cuir de buffle pleine fleure cire grasse.\u00a0Ce sac \u00e0 taille mince est dot\u00e9 d'un compartiment principale avec rabat et deux compartiments zipp\u00e9s.","breadcrumb":{"@id":"https:\/\/www.mancinileather.com\/fr\/produit\/sac-taille-mince#breadcrumb"},"inLanguage":"fr-FR","potentialAction":[{"@type":"ReadAction","target":["https:\/\/www.mancinileather.com\/fr\/produit\/sac-taille-mince"]}]},{"@type":"ImageObject","inLanguage":"fr-FR","@id":"https:\/\/www.mancinileather.com\/fr\/produit\/sac-taille-mince#primaryimage","url":"https:\/\/www.mancinileather.com\/wp-content\/uploads\/2021\/12\/products-file_601c2c0e2cb57-1.jpg","contentUrl":"https:\/\/www.mancinileather.com\/wp-content\/uploads\/2021\/12\/products-file_601c2c0e2cb57-1.jpg","width":1500,"height":1500,"caption":"Slim Waist Bag"},{"@type":"BreadcrumbList","@id":"https:\/\/www.mancinileather.com\/fr\/produit\/sac-taille-mince#breadcrumb","itemListElement":[{"@type":"ListItem","position":1,"name":"Home","item":"https:\/\/www.mancinileather.com\/fr"},{"@type":"ListItem","position":2,"name":"Boutique","item":"https:\/\/www.mancinileather.com\/fr\/boutique"},{"@type":"ListItem","position":3,"name":"Sac \u00e0 taille mince"}]},{"@type":"WebSite","@id":"https:\/\/www.mancinileather.com\/fr#website","url":"https:\/\/www.mancinileather.com\/fr","name":"Mancini","description":"Online Leather Store and Products","potentialAction":[{"@type":"SearchAction","target":{"@type":"EntryPoint","urlTemplate":"https:\/\/www.mancinileather.com\/fr?s={search_term_string}"},"query-input":{"@type":"PropertyValueSpecification","valueRequired":true,"valueName":"search_term_string"}}],"inLanguage":"fr-FR"}]}},"brands":[],"_links":{"self":[{"href":"https:\/\/www.mancinileather.com\/fr\/wp-json\/wp\/v2\/product\/45863","targetHints":{"allow":["GET"]}}],"collection":[{"href":"https:\/\/www.mancinileather.com\/fr\/wp-json\/wp\/v2\/product"}],"about":[{"href":"https:\/\/www.mancinileather.com\/fr\/wp-json\/wp\/v2\/types\/product"}],"replies":[{"embeddable":true,"href":"https:\/\/www.mancinileather.com\/fr\/wp-json\/wp\/v2\/comments?post=45863"}],"wp:featuredmedia":[{"embeddable":true,"href":"https:\/\/www.mancinileather.com\/fr\/wp-json\/wp\/v2\/media\/34508"}],"wp:attachment":[{"href":"https:\/\/www.mancinileather.com\/fr\/wp-json\/wp\/v2\/media?parent=45863"}],"wp:term":[{"taxonomy":"pwb-brand","embeddable":true,"href":"https:\/\/www.mancinileather.com\/fr\/wp-json\/wp\/v2\/pwb-brand?post=45863"},{"taxonomy":"product_brand","embeddable":true,"href":"https:\/\/www.mancinileather.com\/fr\/wp-json\/wp\/v2\/product_brand?post=45863"},{"taxonomy":"product_cat","embeddable":true,"href":"https:\/\/www.mancinileather.com\/fr\/wp-json\/wp\/v2\/product_cat?post=45863"},{"taxonomy":"product_tag","embeddable":true,"href":"https:\/\/www.mancinileather.com\/fr\/wp-json\/wp\/v2\/product_tag?post=45863"}],"curies":[{"name":"wp","href":"https:\/\/api.w.org\/{rel}","templated":true}]}}