{"id":45891,"date":"2022-03-29T11:49:43","date_gmt":"2022-03-29T15:49:43","guid":{"rendered":"https:\/\/mancini.bluehat.hosting\/?post_type=product&#038;p=45891"},"modified":"2025-07-24T02:23:46","modified_gmt":"2025-07-24T06:23:46","slug":"sac-dos-pour-portable-156-po-avec-poche-rfid","status":"publish","type":"product","link":"https:\/\/www.mancinileather.com\/fr\/produit\/sac-dos-pour-portable-156-po-avec-poche-rfid","title":{"rendered":"Sac \u00e0 dos pour portable 15.6 po. avec poche RFID"},"content":{"rendered":"<div class=\"fusion-fullwidth fullwidth-box fusion-builder-row-1 fusion-flex-container nonhundred-percent-fullwidth non-hundred-percent-height-scrolling\" style=\"--awb-border-radius-top-left:0px;--awb-border-radius-top-right:0px;--awb-border-radius-bottom-right:0px;--awb-border-radius-bottom-left:0px;--awb-flex-wrap:wrap;\" ><div class=\"fusion-builder-row fusion-row fusion-flex-align-items-flex-start fusion-flex-content-wrap\" style=\"max-width:1430px;margin-left: calc(-4% \/ 2 );margin-right: calc(-4% \/ 2 );\"><div class=\"fusion-layout-column fusion_builder_column fusion-builder-column-0 fusion_builder_column_1_1 1_1 fusion-flex-column\" style=\"--awb-bg-size:cover;--awb-width-large:100%;--awb-margin-top-large:0px;--awb-spacing-right-large:1.92%;--awb-margin-bottom-large:0px;--awb-spacing-left-large:1.92%;--awb-width-medium:100%;--awb-spacing-right-medium:1.92%;--awb-spacing-left-medium:1.92%;--awb-width-small:100%;--awb-spacing-right-small:1.92%;--awb-spacing-left-small:1.92%;\"><div class=\"fusion-column-wrapper fusion-flex-justify-content-flex-start fusion-content-layout-column\"><div class=\"fusion-text fusion-text-1\"><p>Notre collection <strong>Buffalo<\/strong> repr\u00e9sente la fusion de style contemporain avec le look urbain brut. Dot\u00e9 de compartiments rembourr\u00e9s pour prot\u00e9ger votre tablette et portable, cette collection comblera tous vos besoins avec style. Articles fabriqu\u00e9s \u00e0 la main en cuir de buffle pleine fleure cire grasse.<\/p>\n<p>Ce sac \u00e0 dos dispose d&#8217;un grand compartiment principal et un compartiment zipp\u00e9 rembourr\u00e9 pour garder votre portable s\u00e9curis\u00e9 et prot\u00e9g\u00e9. Un organisateur incluant une poche s\u00e9curis\u00e9e rfid retient solidement vos effets personnels. Plusieurs poches sur les c\u00f4t\u00e9s ainsi qu&#8217;une poche zipp\u00e9e \u00e0 l&#8217;avant offrent amplement d&#8217;espace pour le rangement.<\/p>\n<\/div><\/div><\/div><\/div><\/div>\n","protected":false},"excerpt":{"rendered":"<p>&nbsp;<\/p>\n<ul>\n<li>Poche \u00e9quip\u00e9 de la derni\u00e8re technologie de blocage d&#8217;ondes RFID<\/li>\n<li>Convient au portables jusqu&#8217;\u00e0 15.6 pouces<\/li>\n<li>Compartiment zipp\u00e9 rembourr\u00e9 pour portable<\/li>\n<li>Grand compartiment principale<\/li>\n<li>Organisateur \u00e0 rabat<\/li>\n<li>Plusieurs Poches sur les c\u00f4t\u00e9s<\/li>\n<li>Poches \u00e0 rabat sur le front<\/li>\n<li>Bandouli\u00e8res ajustable<\/li>\n<li>Sangle \u00e0 ferroutage sur le dos<\/li>\n<li>Un an de garantie limit\u00e9e <strong>MANCINI<\/strong><\/li>\n<\/ul>\n","protected":false},"featured_media":34533,"comment_status":"open","ping_status":"closed","template":"","meta":[],"pwb-brand":[],"product_brand":[],"product_cat":[1463],"product_tag":[],"class_list":{"0":"post-45891","1":"product","2":"type-product","3":"status-publish","4":"has-post-thumbnail","6":"product_cat-sacs-a-dos-homme-femme","7":"pa_collection-buffalo-fr","8":"pa_color-brun","9":"pa_color-noir-fr","10":"pa_material-cuir-de-buffle-pleine-fleur-cire-grasse","12":"first","13":"instock","14":"taxable","15":"shipping-taxable","16":"purchasable","17":"product-type-variable","18":"has-default-attributes"},"yoast_head":"<!-- This site is optimized with the Yoast SEO plugin v27.4 - https:\/\/yoast.com\/product\/yoast-seo-wordpress\/ -->\n<title>Sac \u00e0 dos pour portable 15.6 po. avec poche RFID - Mancini<\/title>\n<meta name=\"description\" content=\"Notre collection Buffalo repr\u00e9sente la fusion de style contemporain avec le look urbain brut. Dot\u00e9 de compartiments rembourr\u00e9s pour prot\u00e9ger votre tablette et portable, cette collection comblera tous vos besoins avec style. Articles fabriqu\u00e9s \u00e0 la main en cuir de buffle pleine fleure cire grasse. Ce sac \u00e0 dos dispose d&#039;un grand compartiment principal et un compartiment zipp\u00e9 rembourr\u00e9 pour garder votre portable s\u00e9curis\u00e9 et prot\u00e9g\u00e9. Un organisateur incluant une poche s\u00e9curis\u00e9e rfid retient solidement vos effets personnels. Plusieurs poches sur les c\u00f4t\u00e9s ainsi qu&#039;une poche zipp\u00e9e \u00e0 l&#039;avant offrent amplement d&#039;espace pour le rangement.\u00a0\" \/>\n<meta name=\"robots\" content=\"index, follow, max-snippet:-1, max-image-preview:large, max-video-preview:-1\" \/>\n<link rel=\"canonical\" href=\"https:\/\/www.mancinileather.com\/fr\/produit\/sac-dos-pour-portable-156-po-avec-poche-rfid\" \/>\n<meta property=\"og:locale\" content=\"fr_FR\" \/>\n<meta property=\"og:type\" content=\"article\" \/>\n<meta property=\"og:title\" content=\"Sac \u00e0 dos pour portable 15.6 po. avec poche RFID - Mancini\" \/>\n<meta property=\"og:description\" content=\"Notre collection Buffalo repr\u00e9sente la fusion de style contemporain avec le look urbain brut. Dot\u00e9 de compartiments rembourr\u00e9s pour prot\u00e9ger votre tablette et portable, cette collection comblera tous vos besoins avec style. Articles fabriqu\u00e9s \u00e0 la main en cuir de buffle pleine fleure cire grasse. Ce sac \u00e0 dos dispose d&#039;un grand compartiment principal et un compartiment zipp\u00e9 rembourr\u00e9 pour garder votre portable s\u00e9curis\u00e9 et prot\u00e9g\u00e9. Un organisateur incluant une poche s\u00e9curis\u00e9e rfid retient solidement vos effets personnels. Plusieurs poches sur les c\u00f4t\u00e9s ainsi qu&#039;une poche zipp\u00e9e \u00e0 l&#039;avant offrent amplement d&#039;espace pour le rangement.\u00a0\" \/>\n<meta property=\"og:url\" content=\"https:\/\/www.mancinileather.com\/fr\/produit\/sac-dos-pour-portable-156-po-avec-poche-rfid\" \/>\n<meta property=\"og:site_name\" content=\"Mancini\" \/>\n<meta property=\"article:modified_time\" content=\"2025-07-24T06:23:46+00:00\" \/>\n<meta property=\"og:image\" content=\"https:\/\/www.mancinileather.com\/wp-content\/uploads\/2021\/12\/products-file_601c2e13a0c4b-1.jpg\" \/>\n\t<meta property=\"og:image:width\" content=\"1500\" \/>\n\t<meta property=\"og:image:height\" content=\"1500\" \/>\n\t<meta property=\"og:image:type\" content=\"image\/jpeg\" \/>\n<meta name=\"twitter:card\" content=\"summary_large_image\" \/>\n<meta name=\"twitter:label1\" content=\"Est. reading time\" \/>\n\t<meta name=\"twitter:data1\" content=\"1 minute\" \/>\n<script type=\"application\/ld+json\" class=\"yoast-schema-graph\">{\"@context\":\"https:\\\/\\\/schema.org\",\"@graph\":[{\"@type\":\"WebPage\",\"@id\":\"https:\\\/\\\/www.mancinileather.com\\\/fr\\\/produit\\\/sac-dos-pour-portable-156-po-avec-poche-rfid\",\"url\":\"https:\\\/\\\/www.mancinileather.com\\\/fr\\\/produit\\\/sac-dos-pour-portable-156-po-avec-poche-rfid\",\"name\":\"Sac \u00e0 dos pour portable 15.6 po. avec poche RFID - Mancini\",\"isPartOf\":{\"@id\":\"https:\\\/\\\/www.mancinileather.com\\\/fr#website\"},\"primaryImageOfPage\":{\"@id\":\"https:\\\/\\\/www.mancinileather.com\\\/fr\\\/produit\\\/sac-dos-pour-portable-156-po-avec-poche-rfid#primaryimage\"},\"image\":{\"@id\":\"https:\\\/\\\/www.mancinileather.com\\\/fr\\\/produit\\\/sac-dos-pour-portable-156-po-avec-poche-rfid#primaryimage\"},\"thumbnailUrl\":\"https:\\\/\\\/www.mancinileather.com\\\/wp-content\\\/uploads\\\/2021\\\/12\\\/products-file_601c2e13a0c4b-1.jpg\",\"datePublished\":\"2022-03-29T15:49:43+00:00\",\"dateModified\":\"2025-07-24T06:23:46+00:00\",\"description\":\"Notre collection Buffalo repr\u00e9sente la fusion de style contemporain avec le look urbain brut. Dot\u00e9 de compartiments rembourr\u00e9s pour prot\u00e9ger votre tablette et portable, cette collection comblera tous vos besoins avec style. Articles fabriqu\u00e9s \u00e0 la main en cuir de buffle pleine fleure cire grasse. Ce sac \u00e0 dos dispose d'un grand compartiment principal et un compartiment zipp\u00e9 rembourr\u00e9 pour garder votre portable s\u00e9curis\u00e9 et prot\u00e9g\u00e9. Un organisateur incluant une poche s\u00e9curis\u00e9e rfid retient solidement vos effets personnels. Plusieurs poches sur les c\u00f4t\u00e9s ainsi qu'une poche zipp\u00e9e \u00e0 l'avant offrent amplement d'espace pour le rangement.\u00a0\",\"breadcrumb\":{\"@id\":\"https:\\\/\\\/www.mancinileather.com\\\/fr\\\/produit\\\/sac-dos-pour-portable-156-po-avec-poche-rfid#breadcrumb\"},\"inLanguage\":\"fr-FR\",\"potentialAction\":[{\"@type\":\"ReadAction\",\"target\":[\"https:\\\/\\\/www.mancinileather.com\\\/fr\\\/produit\\\/sac-dos-pour-portable-156-po-avec-poche-rfid\"]}]},{\"@type\":\"ImageObject\",\"inLanguage\":\"fr-FR\",\"@id\":\"https:\\\/\\\/www.mancinileather.com\\\/fr\\\/produit\\\/sac-dos-pour-portable-156-po-avec-poche-rfid#primaryimage\",\"url\":\"https:\\\/\\\/www.mancinileather.com\\\/wp-content\\\/uploads\\\/2021\\\/12\\\/products-file_601c2e13a0c4b-1.jpg\",\"contentUrl\":\"https:\\\/\\\/www.mancinileather.com\\\/wp-content\\\/uploads\\\/2021\\\/12\\\/products-file_601c2e13a0c4b-1.jpg\",\"width\":1500,\"height\":1500,\"caption\":\"Backpack with RFID Secure Pocket for 15.6\u201d laptop\"},{\"@type\":\"BreadcrumbList\",\"@id\":\"https:\\\/\\\/www.mancinileather.com\\\/fr\\\/produit\\\/sac-dos-pour-portable-156-po-avec-poche-rfid#breadcrumb\",\"itemListElement\":[{\"@type\":\"ListItem\",\"position\":1,\"name\":\"Home\",\"item\":\"https:\\\/\\\/www.mancinileather.com\\\/fr\"},{\"@type\":\"ListItem\",\"position\":2,\"name\":\"Boutique\",\"item\":\"https:\\\/\\\/www.mancinileather.com\\\/fr\\\/boutique\"},{\"@type\":\"ListItem\",\"position\":3,\"name\":\"Sac \u00e0 dos pour portable 15.6 po. avec poche RFID\"}]},{\"@type\":\"WebSite\",\"@id\":\"https:\\\/\\\/www.mancinileather.com\\\/fr#website\",\"url\":\"https:\\\/\\\/www.mancinileather.com\\\/fr\",\"name\":\"Mancini\",\"description\":\"Online Leather Store and Products\",\"potentialAction\":[{\"@type\":\"SearchAction\",\"target\":{\"@type\":\"EntryPoint\",\"urlTemplate\":\"https:\\\/\\\/www.mancinileather.com\\\/fr?s={search_term_string}\"},\"query-input\":{\"@type\":\"PropertyValueSpecification\",\"valueRequired\":true,\"valueName\":\"search_term_string\"}}],\"inLanguage\":\"fr-FR\"}]}<\/script>\n<!-- \/ Yoast SEO plugin. -->","yoast_head_json":{"title":"Sac \u00e0 dos pour portable 15.6 po. avec poche RFID - Mancini","description":"Notre collection Buffalo repr\u00e9sente la fusion de style contemporain avec le look urbain brut. Dot\u00e9 de compartiments rembourr\u00e9s pour prot\u00e9ger votre tablette et portable, cette collection comblera tous vos besoins avec style. Articles fabriqu\u00e9s \u00e0 la main en cuir de buffle pleine fleure cire grasse. Ce sac \u00e0 dos dispose d'un grand compartiment principal et un compartiment zipp\u00e9 rembourr\u00e9 pour garder votre portable s\u00e9curis\u00e9 et prot\u00e9g\u00e9. Un organisateur incluant une poche s\u00e9curis\u00e9e rfid retient solidement vos effets personnels. Plusieurs poches sur les c\u00f4t\u00e9s ainsi qu'une poche zipp\u00e9e \u00e0 l'avant offrent amplement d'espace pour le rangement.\u00a0","robots":{"index":"index","follow":"follow","max-snippet":"max-snippet:-1","max-image-preview":"max-image-preview:large","max-video-preview":"max-video-preview:-1"},"canonical":"https:\/\/www.mancinileather.com\/fr\/produit\/sac-dos-pour-portable-156-po-avec-poche-rfid","og_locale":"fr_FR","og_type":"article","og_title":"Sac \u00e0 dos pour portable 15.6 po. avec poche RFID - Mancini","og_description":"Notre collection Buffalo repr\u00e9sente la fusion de style contemporain avec le look urbain brut. Dot\u00e9 de compartiments rembourr\u00e9s pour prot\u00e9ger votre tablette et portable, cette collection comblera tous vos besoins avec style. Articles fabriqu\u00e9s \u00e0 la main en cuir de buffle pleine fleure cire grasse. Ce sac \u00e0 dos dispose d'un grand compartiment principal et un compartiment zipp\u00e9 rembourr\u00e9 pour garder votre portable s\u00e9curis\u00e9 et prot\u00e9g\u00e9. Un organisateur incluant une poche s\u00e9curis\u00e9e rfid retient solidement vos effets personnels. Plusieurs poches sur les c\u00f4t\u00e9s ainsi qu'une poche zipp\u00e9e \u00e0 l'avant offrent amplement d'espace pour le rangement.\u00a0","og_url":"https:\/\/www.mancinileather.com\/fr\/produit\/sac-dos-pour-portable-156-po-avec-poche-rfid","og_site_name":"Mancini","article_modified_time":"2025-07-24T06:23:46+00:00","og_image":[{"width":1500,"height":1500,"url":"https:\/\/www.mancinileather.com\/wp-content\/uploads\/2021\/12\/products-file_601c2e13a0c4b-1.jpg","type":"image\/jpeg"}],"twitter_card":"summary_large_image","twitter_misc":{"Est. reading time":"1 minute"},"schema":{"@context":"https:\/\/schema.org","@graph":[{"@type":"WebPage","@id":"https:\/\/www.mancinileather.com\/fr\/produit\/sac-dos-pour-portable-156-po-avec-poche-rfid","url":"https:\/\/www.mancinileather.com\/fr\/produit\/sac-dos-pour-portable-156-po-avec-poche-rfid","name":"Sac \u00e0 dos pour portable 15.6 po. avec poche RFID - Mancini","isPartOf":{"@id":"https:\/\/www.mancinileather.com\/fr#website"},"primaryImageOfPage":{"@id":"https:\/\/www.mancinileather.com\/fr\/produit\/sac-dos-pour-portable-156-po-avec-poche-rfid#primaryimage"},"image":{"@id":"https:\/\/www.mancinileather.com\/fr\/produit\/sac-dos-pour-portable-156-po-avec-poche-rfid#primaryimage"},"thumbnailUrl":"https:\/\/www.mancinileather.com\/wp-content\/uploads\/2021\/12\/products-file_601c2e13a0c4b-1.jpg","datePublished":"2022-03-29T15:49:43+00:00","dateModified":"2025-07-24T06:23:46+00:00","description":"Notre collection Buffalo repr\u00e9sente la fusion de style contemporain avec le look urbain brut. Dot\u00e9 de compartiments rembourr\u00e9s pour prot\u00e9ger votre tablette et portable, cette collection comblera tous vos besoins avec style. Articles fabriqu\u00e9s \u00e0 la main en cuir de buffle pleine fleure cire grasse. Ce sac \u00e0 dos dispose d'un grand compartiment principal et un compartiment zipp\u00e9 rembourr\u00e9 pour garder votre portable s\u00e9curis\u00e9 et prot\u00e9g\u00e9. Un organisateur incluant une poche s\u00e9curis\u00e9e rfid retient solidement vos effets personnels. Plusieurs poches sur les c\u00f4t\u00e9s ainsi qu'une poche zipp\u00e9e \u00e0 l'avant offrent amplement d'espace pour le rangement.\u00a0","breadcrumb":{"@id":"https:\/\/www.mancinileather.com\/fr\/produit\/sac-dos-pour-portable-156-po-avec-poche-rfid#breadcrumb"},"inLanguage":"fr-FR","potentialAction":[{"@type":"ReadAction","target":["https:\/\/www.mancinileather.com\/fr\/produit\/sac-dos-pour-portable-156-po-avec-poche-rfid"]}]},{"@type":"ImageObject","inLanguage":"fr-FR","@id":"https:\/\/www.mancinileather.com\/fr\/produit\/sac-dos-pour-portable-156-po-avec-poche-rfid#primaryimage","url":"https:\/\/www.mancinileather.com\/wp-content\/uploads\/2021\/12\/products-file_601c2e13a0c4b-1.jpg","contentUrl":"https:\/\/www.mancinileather.com\/wp-content\/uploads\/2021\/12\/products-file_601c2e13a0c4b-1.jpg","width":1500,"height":1500,"caption":"Backpack with RFID Secure Pocket for 15.6\u201d laptop"},{"@type":"BreadcrumbList","@id":"https:\/\/www.mancinileather.com\/fr\/produit\/sac-dos-pour-portable-156-po-avec-poche-rfid#breadcrumb","itemListElement":[{"@type":"ListItem","position":1,"name":"Home","item":"https:\/\/www.mancinileather.com\/fr"},{"@type":"ListItem","position":2,"name":"Boutique","item":"https:\/\/www.mancinileather.com\/fr\/boutique"},{"@type":"ListItem","position":3,"name":"Sac \u00e0 dos pour portable 15.6 po. avec poche RFID"}]},{"@type":"WebSite","@id":"https:\/\/www.mancinileather.com\/fr#website","url":"https:\/\/www.mancinileather.com\/fr","name":"Mancini","description":"Online Leather Store and Products","potentialAction":[{"@type":"SearchAction","target":{"@type":"EntryPoint","urlTemplate":"https:\/\/www.mancinileather.com\/fr?s={search_term_string}"},"query-input":{"@type":"PropertyValueSpecification","valueRequired":true,"valueName":"search_term_string"}}],"inLanguage":"fr-FR"}]}},"brands":[],"_links":{"self":[{"href":"https:\/\/www.mancinileather.com\/fr\/wp-json\/wp\/v2\/product\/45891","targetHints":{"allow":["GET"]}}],"collection":[{"href":"https:\/\/www.mancinileather.com\/fr\/wp-json\/wp\/v2\/product"}],"about":[{"href":"https:\/\/www.mancinileather.com\/fr\/wp-json\/wp\/v2\/types\/product"}],"replies":[{"embeddable":true,"href":"https:\/\/www.mancinileather.com\/fr\/wp-json\/wp\/v2\/comments?post=45891"}],"wp:featuredmedia":[{"embeddable":true,"href":"https:\/\/www.mancinileather.com\/fr\/wp-json\/wp\/v2\/media\/34533"}],"wp:attachment":[{"href":"https:\/\/www.mancinileather.com\/fr\/wp-json\/wp\/v2\/media?parent=45891"}],"wp:term":[{"taxonomy":"pwb-brand","embeddable":true,"href":"https:\/\/www.mancinileather.com\/fr\/wp-json\/wp\/v2\/pwb-brand?post=45891"},{"taxonomy":"product_brand","embeddable":true,"href":"https:\/\/www.mancinileather.com\/fr\/wp-json\/wp\/v2\/product_brand?post=45891"},{"taxonomy":"product_cat","embeddable":true,"href":"https:\/\/www.mancinileather.com\/fr\/wp-json\/wp\/v2\/product_cat?post=45891"},{"taxonomy":"product_tag","embeddable":true,"href":"https:\/\/www.mancinileather.com\/fr\/wp-json\/wp\/v2\/product_tag?post=45891"}],"curies":[{"name":"wp","href":"https:\/\/api.w.org\/{rel}","templated":true}]}}