{"id":46157,"date":"2022-03-29T11:53:29","date_gmt":"2022-03-29T11:53:29","guid":{"rendered":"https:\/\/mancini.bluehat.hosting\/?post_type=product&#038;p=46157"},"modified":"2025-07-24T02:23:45","modified_gmt":"2025-07-24T06:23:45","slug":"pince-billet-rfid-luxe","status":"publish","type":"product","link":"https:\/\/www.mancinileather.com\/fr\/produit\/pince-billet-rfid-luxe","title":{"rendered":"Pince \u00e0 billet RFID de luxe"},"content":{"rendered":"<p>Notre collection <strong>Bellagio<\/strong> refl\u00e8te la douce beaut\u00e9 de la perle du lac de C\u00f4me en Italie. Dot\u00e9 d&#8217;une vaste gamme de portefeuilles et d&#8217;accessoires RFID Secure avec du cuir de grain sup\u00e9rieur teint au tambour pour donner une sensation de velours doux au toucher. Cette collection a \u00e9t\u00e9 con\u00e7ue dans un conception mince de portefeuilles pour hommes qui plaira \u00e0 l&#8217;homme qui veut de la qualit\u00e9 et de la minceur.<\/p>\n<p>&nbsp;<\/p>\n<p>Cette pince \u00e0 billet de luxe est dot\u00e9 de plusieurs fentes pour cartes de cr\u00e9dit, d\u2019une pince pour garder vos billets s\u00e9curis\u00e9 ainsi qu\u2019une poche pour carte d&#8217;identit\u00e9.<\/p>\n","protected":false},"excerpt":{"rendered":"<p>&nbsp;<\/p>\n<ul>\n<li>Equip\u00e9 de la derni\u00e8re technologie de blocage d&#8217;ondes RFID<\/li>\n<li>4 fentes pour cartes de cr\u00e9dit<\/li>\n<li>Poche pour cartes d&#8217;identit\u00e9<\/li>\n<li>Pince \u00e0 billet magn\u00e9tique<\/li>\n<li>Joliment emball\u00e9 dans un coffret cadeau \u00e9l\u00e9gant<\/li>\n<li>Un an de garantie limit\u00e9e <strong>MANCINI<\/strong><\/li>\n<\/ul>\n","protected":false},"featured_media":46159,"comment_status":"open","ping_status":"closed","template":"","meta":[],"pwb-brand":[],"product_brand":[],"product_cat":[1495],"product_tag":[],"class_list":{"0":"post-46157","1":"product","2":"type-product","3":"status-publish","4":"has-post-thumbnail","6":"product_cat-pince-billets","7":"pa_collection-bellagio-2-fr","8":"pa_color-brun","9":"pa_color-cognac-fr","10":"pa_color-gris-fr","11":"pa_color-noir-fr","12":"pa_material-cuir-teint-au-tambour-a-grain-superieur","14":"first","15":"instock","16":"taxable","17":"shipping-taxable","18":"purchasable","19":"product-type-variable","20":"has-default-attributes"},"yoast_head":"<!-- This site is optimized with the Yoast SEO plugin v27.4 - https:\/\/yoast.com\/product\/yoast-seo-wordpress\/ -->\n<title>Pince \u00e0 billet RFID de luxe<\/title>\n<meta name=\"description\" content=\"Notre collection Bellagio refl\u00e8te la douce beaut\u00e9 de la perle du lac de C\u00f4me en Italie. Dot\u00e9 d&#039;une vaste gamme de portefeuilles et d&#039;accessoires RFID Secure avec du cuir de grain sup\u00e9rieur teint au tambour pour donner une sensation de velours doux au toucher. Cette collection a \u00e9t\u00e9 con\u00e7ue dans un conception mince de portefeuilles pour hommes qui plaira \u00e0 l&#039;homme qui veut de la qualit\u00e9 et de la minceur.Cette pince \u00e0 billet de luxe est dot\u00e9 de plusieurs fentes pour cartes de cr\u00e9dit, d\u2019une pince pour garder vos billets s\u00e9curis\u00e9 ainsi qu\u2019une poche pour carte d&#039;identit\u00e9.\" \/>\n<meta name=\"robots\" content=\"index, follow, max-snippet:-1, max-image-preview:large, max-video-preview:-1\" \/>\n<link rel=\"canonical\" href=\"https:\/\/www.mancinileather.com\/fr\/produit\/pince-billet-rfid-luxe\" \/>\n<meta property=\"og:locale\" content=\"fr_FR\" \/>\n<meta property=\"og:type\" content=\"article\" \/>\n<meta property=\"og:title\" content=\"Pince \u00e0 billet RFID de luxe\" \/>\n<meta property=\"og:description\" content=\"Notre collection Bellagio refl\u00e8te la douce beaut\u00e9 de la perle du lac de C\u00f4me en Italie. Dot\u00e9 d&#039;une vaste gamme de portefeuilles et d&#039;accessoires RFID Secure avec du cuir de grain sup\u00e9rieur teint au tambour pour donner une sensation de velours doux au toucher. Cette collection a \u00e9t\u00e9 con\u00e7ue dans un conception mince de portefeuilles pour hommes qui plaira \u00e0 l&#039;homme qui veut de la qualit\u00e9 et de la minceur.Cette pince \u00e0 billet de luxe est dot\u00e9 de plusieurs fentes pour cartes de cr\u00e9dit, d\u2019une pince pour garder vos billets s\u00e9curis\u00e9 ainsi qu\u2019une poche pour carte d&#039;identit\u00e9.\" \/>\n<meta property=\"og:url\" content=\"https:\/\/www.mancinileather.com\/fr\/produit\/pince-billet-rfid-luxe\" \/>\n<meta property=\"og:site_name\" content=\"Mancini\" \/>\n<meta property=\"article:modified_time\" content=\"2025-07-24T06:23:45+00:00\" \/>\n<meta property=\"og:image\" content=\"https:\/\/www.mancinileather.com\/wp-content\/uploads\/2021\/12\/products-file_60c38d4abf3c0.jpg\" \/>\n\t<meta property=\"og:image:width\" content=\"1500\" \/>\n\t<meta property=\"og:image:height\" content=\"1500\" \/>\n\t<meta property=\"og:image:type\" content=\"image\/jpeg\" \/>\n<meta name=\"twitter:card\" content=\"summary_large_image\" \/>\n<meta name=\"twitter:label1\" content=\"Est. reading time\" \/>\n\t<meta name=\"twitter:data1\" content=\"1 minute\" \/>\n<script type=\"application\/ld+json\" class=\"yoast-schema-graph\">{\"@context\":\"https:\\\/\\\/schema.org\",\"@graph\":[{\"@type\":\"WebPage\",\"@id\":\"https:\\\/\\\/www.mancinileather.com\\\/fr\\\/produit\\\/pince-billet-rfid-luxe\",\"url\":\"https:\\\/\\\/www.mancinileather.com\\\/fr\\\/produit\\\/pince-billet-rfid-luxe\",\"name\":\"Pince \u00e0 billet RFID de luxe\",\"isPartOf\":{\"@id\":\"https:\\\/\\\/www.mancinileather.com\\\/fr#website\"},\"primaryImageOfPage\":{\"@id\":\"https:\\\/\\\/www.mancinileather.com\\\/fr\\\/produit\\\/pince-billet-rfid-luxe#primaryimage\"},\"image\":{\"@id\":\"https:\\\/\\\/www.mancinileather.com\\\/fr\\\/produit\\\/pince-billet-rfid-luxe#primaryimage\"},\"thumbnailUrl\":\"https:\\\/\\\/www.mancinileather.com\\\/wp-content\\\/uploads\\\/2021\\\/12\\\/products-file_60c38d4abf3c0.jpg\",\"datePublished\":\"2022-03-29T11:53:29+00:00\",\"dateModified\":\"2025-07-24T06:23:45+00:00\",\"description\":\"Notre collection Bellagio refl\u00e8te la douce beaut\u00e9 de la perle du lac de C\u00f4me en Italie. Dot\u00e9 d'une vaste gamme de portefeuilles et d'accessoires RFID Secure avec du cuir de grain sup\u00e9rieur teint au tambour pour donner une sensation de velours doux au toucher. Cette collection a \u00e9t\u00e9 con\u00e7ue dans un conception mince de portefeuilles pour hommes qui plaira \u00e0 l'homme qui veut de la qualit\u00e9 et de la minceur.Cette pince \u00e0 billet de luxe est dot\u00e9 de plusieurs fentes pour cartes de cr\u00e9dit, d\u2019une pince pour garder vos billets s\u00e9curis\u00e9 ainsi qu\u2019une poche pour carte d'identit\u00e9.\",\"breadcrumb\":{\"@id\":\"https:\\\/\\\/www.mancinileather.com\\\/fr\\\/produit\\\/pince-billet-rfid-luxe#breadcrumb\"},\"inLanguage\":\"fr-FR\",\"potentialAction\":[{\"@type\":\"ReadAction\",\"target\":[\"https:\\\/\\\/www.mancinileather.com\\\/fr\\\/produit\\\/pince-billet-rfid-luxe\"]}]},{\"@type\":\"ImageObject\",\"inLanguage\":\"fr-FR\",\"@id\":\"https:\\\/\\\/www.mancinileather.com\\\/fr\\\/produit\\\/pince-billet-rfid-luxe#primaryimage\",\"url\":\"https:\\\/\\\/www.mancinileather.com\\\/wp-content\\\/uploads\\\/2021\\\/12\\\/products-file_60c38d4abf3c0.jpg\",\"contentUrl\":\"https:\\\/\\\/www.mancinileather.com\\\/wp-content\\\/uploads\\\/2021\\\/12\\\/products-file_60c38d4abf3c0.jpg\",\"width\":1500,\"height\":1500,\"caption\":\"Pince \u00e0 billet RFID de luxe\"},{\"@type\":\"BreadcrumbList\",\"@id\":\"https:\\\/\\\/www.mancinileather.com\\\/fr\\\/produit\\\/pince-billet-rfid-luxe#breadcrumb\",\"itemListElement\":[{\"@type\":\"ListItem\",\"position\":1,\"name\":\"Home\",\"item\":\"https:\\\/\\\/www.mancinileather.com\\\/fr\"},{\"@type\":\"ListItem\",\"position\":2,\"name\":\"Boutique\",\"item\":\"https:\\\/\\\/www.mancinileather.com\\\/fr\\\/boutique\"},{\"@type\":\"ListItem\",\"position\":3,\"name\":\"Pince \u00e0 billet RFID de luxe\"}]},{\"@type\":\"WebSite\",\"@id\":\"https:\\\/\\\/www.mancinileather.com\\\/fr#website\",\"url\":\"https:\\\/\\\/www.mancinileather.com\\\/fr\",\"name\":\"Mancini\",\"description\":\"Online Leather Store and Products\",\"potentialAction\":[{\"@type\":\"SearchAction\",\"target\":{\"@type\":\"EntryPoint\",\"urlTemplate\":\"https:\\\/\\\/www.mancinileather.com\\\/fr?s={search_term_string}\"},\"query-input\":{\"@type\":\"PropertyValueSpecification\",\"valueRequired\":true,\"valueName\":\"search_term_string\"}}],\"inLanguage\":\"fr-FR\"}]}<\/script>\n<!-- \/ Yoast SEO plugin. -->","yoast_head_json":{"title":"Pince \u00e0 billet RFID de luxe","description":"Notre collection Bellagio refl\u00e8te la douce beaut\u00e9 de la perle du lac de C\u00f4me en Italie. Dot\u00e9 d'une vaste gamme de portefeuilles et d'accessoires RFID Secure avec du cuir de grain sup\u00e9rieur teint au tambour pour donner une sensation de velours doux au toucher. Cette collection a \u00e9t\u00e9 con\u00e7ue dans un conception mince de portefeuilles pour hommes qui plaira \u00e0 l'homme qui veut de la qualit\u00e9 et de la minceur.Cette pince \u00e0 billet de luxe est dot\u00e9 de plusieurs fentes pour cartes de cr\u00e9dit, d\u2019une pince pour garder vos billets s\u00e9curis\u00e9 ainsi qu\u2019une poche pour carte d'identit\u00e9.","robots":{"index":"index","follow":"follow","max-snippet":"max-snippet:-1","max-image-preview":"max-image-preview:large","max-video-preview":"max-video-preview:-1"},"canonical":"https:\/\/www.mancinileather.com\/fr\/produit\/pince-billet-rfid-luxe","og_locale":"fr_FR","og_type":"article","og_title":"Pince \u00e0 billet RFID de luxe","og_description":"Notre collection Bellagio refl\u00e8te la douce beaut\u00e9 de la perle du lac de C\u00f4me en Italie. Dot\u00e9 d'une vaste gamme de portefeuilles et d'accessoires RFID Secure avec du cuir de grain sup\u00e9rieur teint au tambour pour donner une sensation de velours doux au toucher. Cette collection a \u00e9t\u00e9 con\u00e7ue dans un conception mince de portefeuilles pour hommes qui plaira \u00e0 l'homme qui veut de la qualit\u00e9 et de la minceur.Cette pince \u00e0 billet de luxe est dot\u00e9 de plusieurs fentes pour cartes de cr\u00e9dit, d\u2019une pince pour garder vos billets s\u00e9curis\u00e9 ainsi qu\u2019une poche pour carte d'identit\u00e9.","og_url":"https:\/\/www.mancinileather.com\/fr\/produit\/pince-billet-rfid-luxe","og_site_name":"Mancini","article_modified_time":"2025-07-24T06:23:45+00:00","og_image":[{"width":1500,"height":1500,"url":"https:\/\/www.mancinileather.com\/wp-content\/uploads\/2021\/12\/products-file_60c38d4abf3c0.jpg","type":"image\/jpeg"}],"twitter_card":"summary_large_image","twitter_misc":{"Est. reading time":"1 minute"},"schema":{"@context":"https:\/\/schema.org","@graph":[{"@type":"WebPage","@id":"https:\/\/www.mancinileather.com\/fr\/produit\/pince-billet-rfid-luxe","url":"https:\/\/www.mancinileather.com\/fr\/produit\/pince-billet-rfid-luxe","name":"Pince \u00e0 billet RFID de luxe","isPartOf":{"@id":"https:\/\/www.mancinileather.com\/fr#website"},"primaryImageOfPage":{"@id":"https:\/\/www.mancinileather.com\/fr\/produit\/pince-billet-rfid-luxe#primaryimage"},"image":{"@id":"https:\/\/www.mancinileather.com\/fr\/produit\/pince-billet-rfid-luxe#primaryimage"},"thumbnailUrl":"https:\/\/www.mancinileather.com\/wp-content\/uploads\/2021\/12\/products-file_60c38d4abf3c0.jpg","datePublished":"2022-03-29T11:53:29+00:00","dateModified":"2025-07-24T06:23:45+00:00","description":"Notre collection Bellagio refl\u00e8te la douce beaut\u00e9 de la perle du lac de C\u00f4me en Italie. Dot\u00e9 d'une vaste gamme de portefeuilles et d'accessoires RFID Secure avec du cuir de grain sup\u00e9rieur teint au tambour pour donner une sensation de velours doux au toucher. Cette collection a \u00e9t\u00e9 con\u00e7ue dans un conception mince de portefeuilles pour hommes qui plaira \u00e0 l'homme qui veut de la qualit\u00e9 et de la minceur.Cette pince \u00e0 billet de luxe est dot\u00e9 de plusieurs fentes pour cartes de cr\u00e9dit, d\u2019une pince pour garder vos billets s\u00e9curis\u00e9 ainsi qu\u2019une poche pour carte d'identit\u00e9.","breadcrumb":{"@id":"https:\/\/www.mancinileather.com\/fr\/produit\/pince-billet-rfid-luxe#breadcrumb"},"inLanguage":"fr-FR","potentialAction":[{"@type":"ReadAction","target":["https:\/\/www.mancinileather.com\/fr\/produit\/pince-billet-rfid-luxe"]}]},{"@type":"ImageObject","inLanguage":"fr-FR","@id":"https:\/\/www.mancinileather.com\/fr\/produit\/pince-billet-rfid-luxe#primaryimage","url":"https:\/\/www.mancinileather.com\/wp-content\/uploads\/2021\/12\/products-file_60c38d4abf3c0.jpg","contentUrl":"https:\/\/www.mancinileather.com\/wp-content\/uploads\/2021\/12\/products-file_60c38d4abf3c0.jpg","width":1500,"height":1500,"caption":"Pince \u00e0 billet RFID de luxe"},{"@type":"BreadcrumbList","@id":"https:\/\/www.mancinileather.com\/fr\/produit\/pince-billet-rfid-luxe#breadcrumb","itemListElement":[{"@type":"ListItem","position":1,"name":"Home","item":"https:\/\/www.mancinileather.com\/fr"},{"@type":"ListItem","position":2,"name":"Boutique","item":"https:\/\/www.mancinileather.com\/fr\/boutique"},{"@type":"ListItem","position":3,"name":"Pince \u00e0 billet RFID de luxe"}]},{"@type":"WebSite","@id":"https:\/\/www.mancinileather.com\/fr#website","url":"https:\/\/www.mancinileather.com\/fr","name":"Mancini","description":"Online Leather Store and Products","potentialAction":[{"@type":"SearchAction","target":{"@type":"EntryPoint","urlTemplate":"https:\/\/www.mancinileather.com\/fr?s={search_term_string}"},"query-input":{"@type":"PropertyValueSpecification","valueRequired":true,"valueName":"search_term_string"}}],"inLanguage":"fr-FR"}]}},"brands":[],"_links":{"self":[{"href":"https:\/\/www.mancinileather.com\/fr\/wp-json\/wp\/v2\/product\/46157","targetHints":{"allow":["GET"]}}],"collection":[{"href":"https:\/\/www.mancinileather.com\/fr\/wp-json\/wp\/v2\/product"}],"about":[{"href":"https:\/\/www.mancinileather.com\/fr\/wp-json\/wp\/v2\/types\/product"}],"replies":[{"embeddable":true,"href":"https:\/\/www.mancinileather.com\/fr\/wp-json\/wp\/v2\/comments?post=46157"}],"wp:featuredmedia":[{"embeddable":true,"href":"https:\/\/www.mancinileather.com\/fr\/wp-json\/wp\/v2\/media\/46159"}],"wp:attachment":[{"href":"https:\/\/www.mancinileather.com\/fr\/wp-json\/wp\/v2\/media?parent=46157"}],"wp:term":[{"taxonomy":"pwb-brand","embeddable":true,"href":"https:\/\/www.mancinileather.com\/fr\/wp-json\/wp\/v2\/pwb-brand?post=46157"},{"taxonomy":"product_brand","embeddable":true,"href":"https:\/\/www.mancinileather.com\/fr\/wp-json\/wp\/v2\/product_brand?post=46157"},{"taxonomy":"product_cat","embeddable":true,"href":"https:\/\/www.mancinileather.com\/fr\/wp-json\/wp\/v2\/product_cat?post=46157"},{"taxonomy":"product_tag","embeddable":true,"href":"https:\/\/www.mancinileather.com\/fr\/wp-json\/wp\/v2\/product_tag?post=46157"}],"curies":[{"name":"wp","href":"https:\/\/api.w.org\/{rel}","templated":true}]}}