{"id":46261,"date":"2022-03-29T11:55:04","date_gmt":"2022-03-29T11:55:04","guid":{"rendered":"https:\/\/mancini.bluehat.hosting\/?post_type=product&#038;p=46261"},"modified":"2025-07-24T02:23:44","modified_gmt":"2025-07-24T06:23:44","slug":"portefeuille-rfid-avec-volet-centre","status":"publish","type":"product","link":"https:\/\/www.mancinileather.com\/fr\/produit\/portefeuille-rfid-avec-volet-centre","title":{"rendered":"Portefeuille RFID avec volet au centre"},"content":{"rendered":"<div class=\"fusion-fullwidth fullwidth-box fusion-builder-row-1 fusion-flex-container nonhundred-percent-fullwidth non-hundred-percent-height-scrolling\" style=\"--awb-border-radius-top-left:0px;--awb-border-radius-top-right:0px;--awb-border-radius-bottom-right:0px;--awb-border-radius-bottom-left:0px;--awb-flex-wrap:wrap;\" ><div class=\"fusion-builder-row fusion-row fusion-flex-align-items-flex-start fusion-flex-content-wrap\" style=\"max-width:1430px;margin-left: calc(-4% \/ 2 );margin-right: calc(-4% \/ 2 );\"><div class=\"fusion-layout-column fusion_builder_column fusion-builder-column-0 fusion_builder_column_1_1 1_1 fusion-flex-column\" style=\"--awb-bg-size:cover;--awb-width-large:100%;--awb-margin-top-large:0px;--awb-spacing-right-large:1.92%;--awb-margin-bottom-large:0px;--awb-spacing-left-large:1.92%;--awb-width-medium:100%;--awb-spacing-right-medium:1.92%;--awb-spacing-left-medium:1.92%;--awb-width-small:100%;--awb-spacing-right-small:1.92%;--awb-spacing-left-small:1.92%;\"><div class=\"fusion-column-wrapper fusion-flex-justify-content-flex-start fusion-content-layout-column\"><div class=\"fusion-text fusion-text-1\"><p>Notre collection <strong>Bellagio<\/strong> refl\u00e8te la douce beaut\u00e9 de la perle du lac de C\u00f4me en Italie. Dot\u00e9 d&#8217;une vaste gamme de portefeuilles et d&#8217;accessoires RFID Secure avec du cuir de grain sup\u00e9rieur teint au tambour pour donner une sensation de velours doux au toucher. Cette collection a \u00e9t\u00e9 con\u00e7ue dans un conception mince de portefeuilles pour hommes qui plaira \u00e0 l&#8217;homme qui veut de la qualit\u00e9 et de la minceur.<\/p>\n<p>Ce portefeuille fonctionnel est \u00e9quip\u00e9 d&#8217;un volet au centre, plusieurs fentes pour cartes de cr\u00e9dit et deux sections pour billets.<\/p>\n<\/div><\/div><\/div><\/div><\/div>\n","protected":false},"excerpt":{"rendered":"<p>&nbsp;<\/p>\n<ul>\n<li>Equip\u00e9 de la derni\u00e8re technologie de blocage d&#8217;ondes RFID<\/li>\n<li>Volet au centre avec poche pour carte d&#8217;identit\u00e9<\/li>\n<li>13 fentes pour cartes de cr\u00e9dit<\/li>\n<li>Section divis\u00e9e pour billets<\/li>\n<li>Joliment emball\u00e9 dans un coffret cadeau \u00e9l\u00e9gant<\/li>\n<li>Un an de garantie limit\u00e9e <strong>MANCINI<\/strong><\/li>\n<\/ul>\n","protected":false},"featured_media":46263,"comment_status":"open","ping_status":"closed","template":"","meta":[],"pwb-brand":[],"product_brand":[],"product_cat":[1457,1638],"product_tag":[],"class_list":{"0":"post-46261","1":"product","2":"type-product","3":"status-publish","4":"has-post-thumbnail","6":"product_cat-portefeuilles-en-cuir-homme","7":"product_cat-hommes","8":"pa_collection-bellagio-2-fr","9":"pa_color-brun","10":"pa_color-cognac-fr","11":"pa_color-gris-fr","12":"pa_color-noir-fr","13":"pa_material-cuir-teint-au-tambour-a-grain-superieur","15":"first","16":"outofstock","17":"taxable","18":"shipping-taxable","19":"product-type-variable","20":"has-default-attributes"},"yoast_head":"<!-- This site is optimized with the Yoast SEO plugin v25.5 - https:\/\/yoast.com\/wordpress\/plugins\/seo\/ -->\n<title>Portefeuille RFID avec volet au centre - Mancini<\/title>\n<meta name=\"description\" content=\"Notre collection Bellagio refl\u00e8te la douce beaut\u00e9 de la perle du lac de C\u00f4me en Italie. Dot\u00e9 d&#039;une vaste gamme de portefeuilles et d&#039;accessoires RFID Secure avec du cuir de grain sup\u00e9rieur teint au tambour pour donner une sensation de velours doux au toucher. Cette collection a \u00e9t\u00e9 con\u00e7ue dans un conception mince de portefeuilles pour hommes qui plaira \u00e0 l&#039;homme qui veut de la qualit\u00e9 et de la minceur.Ce portefeuille fonctionnel est \u00e9quip\u00e9 d&#039;un volet au centre, plusieurs fentes pour cartes de cr\u00e9dit et deux sections pour billets.\" \/>\n<meta name=\"robots\" content=\"index, follow, max-snippet:-1, max-image-preview:large, max-video-preview:-1\" \/>\n<link rel=\"canonical\" href=\"https:\/\/www.mancinileather.com\/fr\/produit\/portefeuille-rfid-avec-volet-centre\" \/>\n<meta property=\"og:locale\" content=\"fr_FR\" \/>\n<meta property=\"og:type\" content=\"article\" \/>\n<meta property=\"og:title\" content=\"Portefeuille RFID avec volet au centre - Mancini\" \/>\n<meta property=\"og:description\" content=\"Notre collection Bellagio refl\u00e8te la douce beaut\u00e9 de la perle du lac de C\u00f4me en Italie. Dot\u00e9 d&#039;une vaste gamme de portefeuilles et d&#039;accessoires RFID Secure avec du cuir de grain sup\u00e9rieur teint au tambour pour donner une sensation de velours doux au toucher. Cette collection a \u00e9t\u00e9 con\u00e7ue dans un conception mince de portefeuilles pour hommes qui plaira \u00e0 l&#039;homme qui veut de la qualit\u00e9 et de la minceur.Ce portefeuille fonctionnel est \u00e9quip\u00e9 d&#039;un volet au centre, plusieurs fentes pour cartes de cr\u00e9dit et deux sections pour billets.\" \/>\n<meta property=\"og:url\" content=\"https:\/\/www.mancinileather.com\/fr\/produit\/portefeuille-rfid-avec-volet-centre\" \/>\n<meta property=\"og:site_name\" content=\"Mancini\" \/>\n<meta property=\"article:modified_time\" content=\"2025-07-24T06:23:44+00:00\" \/>\n<meta property=\"og:image\" content=\"https:\/\/www.mancinileather.com\/wp-content\/uploads\/2021\/12\/products-file_60c38f268076b.jpg\" \/>\n\t<meta property=\"og:image:width\" content=\"1500\" \/>\n\t<meta property=\"og:image:height\" content=\"1500\" \/>\n\t<meta property=\"og:image:type\" content=\"image\/jpeg\" \/>\n<meta name=\"twitter:card\" content=\"summary_large_image\" \/>\n<meta name=\"twitter:label1\" content=\"Est. reading time\" \/>\n\t<meta name=\"twitter:data1\" content=\"1 minute\" \/>\n<script type=\"application\/ld+json\" class=\"yoast-schema-graph\">{\"@context\":\"https:\/\/schema.org\",\"@graph\":[{\"@type\":\"WebPage\",\"@id\":\"https:\/\/www.mancinileather.com\/fr\/produit\/portefeuille-rfid-avec-volet-centre\",\"url\":\"https:\/\/www.mancinileather.com\/fr\/produit\/portefeuille-rfid-avec-volet-centre\",\"name\":\"Portefeuille RFID avec volet au centre - Mancini\",\"isPartOf\":{\"@id\":\"https:\/\/www.mancinileather.com\/fr#website\"},\"primaryImageOfPage\":{\"@id\":\"https:\/\/www.mancinileather.com\/fr\/produit\/portefeuille-rfid-avec-volet-centre#primaryimage\"},\"image\":{\"@id\":\"https:\/\/www.mancinileather.com\/fr\/produit\/portefeuille-rfid-avec-volet-centre#primaryimage\"},\"thumbnailUrl\":\"https:\/\/www.mancinileather.com\/wp-content\/uploads\/2021\/12\/products-file_60c38f268076b.jpg\",\"datePublished\":\"2022-03-29T11:55:04+00:00\",\"dateModified\":\"2025-07-24T06:23:44+00:00\",\"description\":\"Notre collection Bellagio refl\u00e8te la douce beaut\u00e9 de la perle du lac de C\u00f4me en Italie. Dot\u00e9 d'une vaste gamme de portefeuilles et d'accessoires RFID Secure avec du cuir de grain sup\u00e9rieur teint au tambour pour donner une sensation de velours doux au toucher. Cette collection a \u00e9t\u00e9 con\u00e7ue dans un conception mince de portefeuilles pour hommes qui plaira \u00e0 l'homme qui veut de la qualit\u00e9 et de la minceur.Ce portefeuille fonctionnel est \u00e9quip\u00e9 d'un volet au centre, plusieurs fentes pour cartes de cr\u00e9dit et deux sections pour billets.\",\"breadcrumb\":{\"@id\":\"https:\/\/www.mancinileather.com\/fr\/produit\/portefeuille-rfid-avec-volet-centre#breadcrumb\"},\"inLanguage\":\"fr-FR\",\"potentialAction\":[{\"@type\":\"ReadAction\",\"target\":[\"https:\/\/www.mancinileather.com\/fr\/produit\/portefeuille-rfid-avec-volet-centre\"]}]},{\"@type\":\"ImageObject\",\"inLanguage\":\"fr-FR\",\"@id\":\"https:\/\/www.mancinileather.com\/fr\/produit\/portefeuille-rfid-avec-volet-centre#primaryimage\",\"url\":\"https:\/\/www.mancinileather.com\/wp-content\/uploads\/2021\/12\/products-file_60c38f268076b.jpg\",\"contentUrl\":\"https:\/\/www.mancinileather.com\/wp-content\/uploads\/2021\/12\/products-file_60c38f268076b.jpg\",\"width\":1500,\"height\":1500,\"caption\":\"Portefeuille RFID avec volet au centre\"},{\"@type\":\"BreadcrumbList\",\"@id\":\"https:\/\/www.mancinileather.com\/fr\/produit\/portefeuille-rfid-avec-volet-centre#breadcrumb\",\"itemListElement\":[{\"@type\":\"ListItem\",\"position\":1,\"name\":\"Home\",\"item\":\"https:\/\/www.mancinileather.com\/fr\"},{\"@type\":\"ListItem\",\"position\":2,\"name\":\"Boutique\",\"item\":\"https:\/\/www.mancinileather.com\/fr\/boutique\"},{\"@type\":\"ListItem\",\"position\":3,\"name\":\"Portefeuille RFID avec volet au centre\"}]},{\"@type\":\"WebSite\",\"@id\":\"https:\/\/www.mancinileather.com\/fr#website\",\"url\":\"https:\/\/www.mancinileather.com\/fr\",\"name\":\"Mancini\",\"description\":\"Online Leather Store and Products\",\"potentialAction\":[{\"@type\":\"SearchAction\",\"target\":{\"@type\":\"EntryPoint\",\"urlTemplate\":\"https:\/\/www.mancinileather.com\/fr?s={search_term_string}\"},\"query-input\":{\"@type\":\"PropertyValueSpecification\",\"valueRequired\":true,\"valueName\":\"search_term_string\"}}],\"inLanguage\":\"fr-FR\"}]}<\/script>\n<!-- \/ Yoast SEO plugin. -->","yoast_head_json":{"title":"Portefeuille RFID avec volet au centre - Mancini","description":"Notre collection Bellagio refl\u00e8te la douce beaut\u00e9 de la perle du lac de C\u00f4me en Italie. Dot\u00e9 d'une vaste gamme de portefeuilles et d'accessoires RFID Secure avec du cuir de grain sup\u00e9rieur teint au tambour pour donner une sensation de velours doux au toucher. Cette collection a \u00e9t\u00e9 con\u00e7ue dans un conception mince de portefeuilles pour hommes qui plaira \u00e0 l'homme qui veut de la qualit\u00e9 et de la minceur.Ce portefeuille fonctionnel est \u00e9quip\u00e9 d'un volet au centre, plusieurs fentes pour cartes de cr\u00e9dit et deux sections pour billets.","robots":{"index":"index","follow":"follow","max-snippet":"max-snippet:-1","max-image-preview":"max-image-preview:large","max-video-preview":"max-video-preview:-1"},"canonical":"https:\/\/www.mancinileather.com\/fr\/produit\/portefeuille-rfid-avec-volet-centre","og_locale":"fr_FR","og_type":"article","og_title":"Portefeuille RFID avec volet au centre - Mancini","og_description":"Notre collection Bellagio refl\u00e8te la douce beaut\u00e9 de la perle du lac de C\u00f4me en Italie. Dot\u00e9 d'une vaste gamme de portefeuilles et d'accessoires RFID Secure avec du cuir de grain sup\u00e9rieur teint au tambour pour donner une sensation de velours doux au toucher. Cette collection a \u00e9t\u00e9 con\u00e7ue dans un conception mince de portefeuilles pour hommes qui plaira \u00e0 l'homme qui veut de la qualit\u00e9 et de la minceur.Ce portefeuille fonctionnel est \u00e9quip\u00e9 d'un volet au centre, plusieurs fentes pour cartes de cr\u00e9dit et deux sections pour billets.","og_url":"https:\/\/www.mancinileather.com\/fr\/produit\/portefeuille-rfid-avec-volet-centre","og_site_name":"Mancini","article_modified_time":"2025-07-24T06:23:44+00:00","og_image":[{"width":1500,"height":1500,"url":"https:\/\/www.mancinileather.com\/wp-content\/uploads\/2021\/12\/products-file_60c38f268076b.jpg","type":"image\/jpeg"}],"twitter_card":"summary_large_image","twitter_misc":{"Est. reading time":"1 minute"},"schema":{"@context":"https:\/\/schema.org","@graph":[{"@type":"WebPage","@id":"https:\/\/www.mancinileather.com\/fr\/produit\/portefeuille-rfid-avec-volet-centre","url":"https:\/\/www.mancinileather.com\/fr\/produit\/portefeuille-rfid-avec-volet-centre","name":"Portefeuille RFID avec volet au centre - Mancini","isPartOf":{"@id":"https:\/\/www.mancinileather.com\/fr#website"},"primaryImageOfPage":{"@id":"https:\/\/www.mancinileather.com\/fr\/produit\/portefeuille-rfid-avec-volet-centre#primaryimage"},"image":{"@id":"https:\/\/www.mancinileather.com\/fr\/produit\/portefeuille-rfid-avec-volet-centre#primaryimage"},"thumbnailUrl":"https:\/\/www.mancinileather.com\/wp-content\/uploads\/2021\/12\/products-file_60c38f268076b.jpg","datePublished":"2022-03-29T11:55:04+00:00","dateModified":"2025-07-24T06:23:44+00:00","description":"Notre collection Bellagio refl\u00e8te la douce beaut\u00e9 de la perle du lac de C\u00f4me en Italie. Dot\u00e9 d'une vaste gamme de portefeuilles et d'accessoires RFID Secure avec du cuir de grain sup\u00e9rieur teint au tambour pour donner une sensation de velours doux au toucher. Cette collection a \u00e9t\u00e9 con\u00e7ue dans un conception mince de portefeuilles pour hommes qui plaira \u00e0 l'homme qui veut de la qualit\u00e9 et de la minceur.Ce portefeuille fonctionnel est \u00e9quip\u00e9 d'un volet au centre, plusieurs fentes pour cartes de cr\u00e9dit et deux sections pour billets.","breadcrumb":{"@id":"https:\/\/www.mancinileather.com\/fr\/produit\/portefeuille-rfid-avec-volet-centre#breadcrumb"},"inLanguage":"fr-FR","potentialAction":[{"@type":"ReadAction","target":["https:\/\/www.mancinileather.com\/fr\/produit\/portefeuille-rfid-avec-volet-centre"]}]},{"@type":"ImageObject","inLanguage":"fr-FR","@id":"https:\/\/www.mancinileather.com\/fr\/produit\/portefeuille-rfid-avec-volet-centre#primaryimage","url":"https:\/\/www.mancinileather.com\/wp-content\/uploads\/2021\/12\/products-file_60c38f268076b.jpg","contentUrl":"https:\/\/www.mancinileather.com\/wp-content\/uploads\/2021\/12\/products-file_60c38f268076b.jpg","width":1500,"height":1500,"caption":"Portefeuille RFID avec volet au centre"},{"@type":"BreadcrumbList","@id":"https:\/\/www.mancinileather.com\/fr\/produit\/portefeuille-rfid-avec-volet-centre#breadcrumb","itemListElement":[{"@type":"ListItem","position":1,"name":"Home","item":"https:\/\/www.mancinileather.com\/fr"},{"@type":"ListItem","position":2,"name":"Boutique","item":"https:\/\/www.mancinileather.com\/fr\/boutique"},{"@type":"ListItem","position":3,"name":"Portefeuille RFID avec volet au centre"}]},{"@type":"WebSite","@id":"https:\/\/www.mancinileather.com\/fr#website","url":"https:\/\/www.mancinileather.com\/fr","name":"Mancini","description":"Online Leather Store and Products","potentialAction":[{"@type":"SearchAction","target":{"@type":"EntryPoint","urlTemplate":"https:\/\/www.mancinileather.com\/fr?s={search_term_string}"},"query-input":{"@type":"PropertyValueSpecification","valueRequired":true,"valueName":"search_term_string"}}],"inLanguage":"fr-FR"}]}},"brands":[],"_links":{"self":[{"href":"https:\/\/www.mancinileather.com\/fr\/wp-json\/wp\/v2\/product\/46261","targetHints":{"allow":["GET"]}}],"collection":[{"href":"https:\/\/www.mancinileather.com\/fr\/wp-json\/wp\/v2\/product"}],"about":[{"href":"https:\/\/www.mancinileather.com\/fr\/wp-json\/wp\/v2\/types\/product"}],"replies":[{"embeddable":true,"href":"https:\/\/www.mancinileather.com\/fr\/wp-json\/wp\/v2\/comments?post=46261"}],"wp:featuredmedia":[{"embeddable":true,"href":"https:\/\/www.mancinileather.com\/fr\/wp-json\/wp\/v2\/media\/46263"}],"wp:attachment":[{"href":"https:\/\/www.mancinileather.com\/fr\/wp-json\/wp\/v2\/media?parent=46261"}],"wp:term":[{"taxonomy":"pwb-brand","embeddable":true,"href":"https:\/\/www.mancinileather.com\/fr\/wp-json\/wp\/v2\/pwb-brand?post=46261"},{"taxonomy":"product_brand","embeddable":true,"href":"https:\/\/www.mancinileather.com\/fr\/wp-json\/wp\/v2\/product_brand?post=46261"},{"taxonomy":"product_cat","embeddable":true,"href":"https:\/\/www.mancinileather.com\/fr\/wp-json\/wp\/v2\/product_cat?post=46261"},{"taxonomy":"product_tag","embeddable":true,"href":"https:\/\/www.mancinileather.com\/fr\/wp-json\/wp\/v2\/product_tag?post=46261"}],"curies":[{"name":"wp","href":"https:\/\/api.w.org\/{rel}","templated":true}]}}