{"id":46589,"date":"2022-03-29T12:00:32","date_gmt":"2022-03-29T12:00:32","guid":{"rendered":"https:\/\/mancini.bluehat.hosting\/?post_type=product&#038;p=46589"},"modified":"2025-07-24T02:23:43","modified_gmt":"2025-07-24T06:23:43","slug":"porte-cartes-affaire-credit-monterrey","status":"publish","type":"product","link":"https:\/\/www.mancinileather.com\/fr\/produit\/porte-cartes-affaire-credit-monterrey","title":{"rendered":"Porte-cartes d\u2019affaire et de cr\u00e9dit"},"content":{"rendered":"<div class=\"fusion-fullwidth fullwidth-box fusion-builder-row-1 fusion-flex-container nonhundred-percent-fullwidth non-hundred-percent-height-scrolling\" style=\"--awb-border-radius-top-left:0px;--awb-border-radius-top-right:0px;--awb-border-radius-bottom-right:0px;--awb-border-radius-bottom-left:0px;--awb-flex-wrap:wrap;\" ><div class=\"fusion-builder-row fusion-row fusion-flex-align-items-flex-start fusion-flex-content-wrap\" style=\"max-width:1430px;margin-left: calc(-4% \/ 2 );margin-right: calc(-4% \/ 2 );\"><div class=\"fusion-layout-column fusion_builder_column fusion-builder-column-0 fusion_builder_column_1_1 1_1 fusion-flex-column\" style=\"--awb-bg-size:cover;--awb-width-large:100%;--awb-margin-top-large:0px;--awb-spacing-right-large:1.92%;--awb-margin-bottom-large:0px;--awb-spacing-left-large:1.92%;--awb-width-medium:100%;--awb-spacing-right-medium:1.92%;--awb-spacing-left-medium:1.92%;--awb-width-small:100%;--awb-spacing-right-small:1.92%;--awb-spacing-left-small:1.92%;\"><div class=\"fusion-column-wrapper fusion-flex-justify-content-flex-start fusion-content-layout-column\"><div class=\"fusion-text fusion-text-1\"><p>Influenc\u00e9e de la cte diff\u00e9rente de <strong>Monterrey<\/strong>, cette collection propose une gamme de styles pour le gentilhomme le plus exceptionnel. Dispose de la derni\u00e8re technologie de blocage d\u2019ondes RFID pour garantir la s\u00e9curit\u00e9 de vos donn\u00e9es et cartes. Notre collection Monterrey est fabriqu\u00e9e \u00e0 la main dans un cuir de vachette teint au tambour de grain de haut resistance.<\/p>\n<p>Ce porte-carte compacte est dot\u00e9 de plusieurs fentes pour cartes de cr\u00e9dit ainsi qu\u2019une poche au centre.<\/p>\n<\/div><\/div><\/div><\/div><\/div>\n","protected":false},"excerpt":{"rendered":"<p>&nbsp;<\/p>\n<ul>\n<li>\u00c9quip\u00e9 de la derni\u00e8re technologie de blocage d\u2019ondes RFID<\/li>\n<li>Un poche au centre<\/li>\n<li>4 fentes pour cartes de cr\u00e9dit<\/li>\n<li>Un an de garantie limit\u00e9e <strong>MANCINI<\/strong><\/li>\n<\/ul>\n","protected":false},"featured_media":35225,"comment_status":"open","ping_status":"closed","template":"","meta":[],"pwb-brand":[],"product_brand":[],"product_cat":[1630,1638,1487],"product_tag":[],"class_list":{"0":"post-46589","1":"product","2":"type-product","3":"status-publish","4":"has-post-thumbnail","6":"product_cat-femme","7":"product_cat-hommes","8":"product_cat-porte-cartes-homme-femme","9":"pa_collection-monterrey-fr-2","10":"pa_color-noir-fr","11":"pa_material-cuir-teint-au-tambour-a-grain-superieur","13":"first","14":"outofstock","15":"taxable","16":"shipping-taxable","17":"product-type-variable","18":"has-default-attributes"},"yoast_head":"<!-- This site is optimized with the Yoast SEO plugin v27.4 - https:\/\/yoast.com\/product\/yoast-seo-wordpress\/ -->\n<title>Porte-cartes d\u2019affaire et de cr\u00e9dit - Mancini<\/title>\n<meta name=\"description\" content=\"Influenc\u00e9e de la cte diff\u00e9rente de Monterrey, cette collection propose une gamme de styles pour le gentilhomme le plus exceptionnel. Dispose de la derni\u00e8re technologie de blocage d\u2019ondes RFID pour garantir la s\u00e9curit\u00e9 de vos donn\u00e9es et cartes. Notre collection Monterrey est fabriqu\u00e9e \u00e0 la main dans un cuir de vachette teint au tambour de grain de haut resistance.Ce porte-carte compacte est dot\u00e9 de plusieurs fentes pour cartes de cr\u00e9dit ainsi qu\u2019une poche au centre.\" \/>\n<meta name=\"robots\" content=\"index, follow, max-snippet:-1, max-image-preview:large, max-video-preview:-1\" \/>\n<link rel=\"canonical\" href=\"https:\/\/www.mancinileather.com\/fr\/produit\/porte-cartes-affaire-credit-monterrey\" \/>\n<meta property=\"og:locale\" content=\"fr_FR\" \/>\n<meta property=\"og:type\" content=\"article\" \/>\n<meta property=\"og:title\" content=\"Porte-cartes d\u2019affaire et de cr\u00e9dit - Mancini\" \/>\n<meta property=\"og:description\" content=\"Influenc\u00e9e de la cte diff\u00e9rente de Monterrey, cette collection propose une gamme de styles pour le gentilhomme le plus exceptionnel. Dispose de la derni\u00e8re technologie de blocage d\u2019ondes RFID pour garantir la s\u00e9curit\u00e9 de vos donn\u00e9es et cartes. Notre collection Monterrey est fabriqu\u00e9e \u00e0 la main dans un cuir de vachette teint au tambour de grain de haut resistance.Ce porte-carte compacte est dot\u00e9 de plusieurs fentes pour cartes de cr\u00e9dit ainsi qu\u2019une poche au centre.\" \/>\n<meta property=\"og:url\" content=\"https:\/\/www.mancinileather.com\/fr\/produit\/porte-cartes-affaire-credit-monterrey\" \/>\n<meta property=\"og:site_name\" content=\"Mancini\" \/>\n<meta property=\"article:modified_time\" content=\"2025-07-24T06:23:43+00:00\" \/>\n<meta property=\"og:image\" content=\"https:\/\/www.mancinileather.com\/wp-content\/uploads\/2021\/12\/products-file_60d3913f24c90-1.jpg\" \/>\n\t<meta property=\"og:image:width\" content=\"1500\" \/>\n\t<meta property=\"og:image:height\" content=\"1500\" \/>\n\t<meta property=\"og:image:type\" content=\"image\/jpeg\" \/>\n<meta name=\"twitter:card\" content=\"summary_large_image\" \/>\n<meta name=\"twitter:label1\" content=\"Est. reading time\" \/>\n\t<meta name=\"twitter:data1\" content=\"1 minute\" \/>\n<script type=\"application\/ld+json\" class=\"yoast-schema-graph\">{\"@context\":\"https:\\\/\\\/schema.org\",\"@graph\":[{\"@type\":\"WebPage\",\"@id\":\"https:\\\/\\\/www.mancinileather.com\\\/fr\\\/produit\\\/porte-cartes-affaire-credit-monterrey\",\"url\":\"https:\\\/\\\/www.mancinileather.com\\\/fr\\\/produit\\\/porte-cartes-affaire-credit-monterrey\",\"name\":\"Porte-cartes d\u2019affaire et de cr\u00e9dit - Mancini\",\"isPartOf\":{\"@id\":\"https:\\\/\\\/www.mancinileather.com\\\/fr#website\"},\"primaryImageOfPage\":{\"@id\":\"https:\\\/\\\/www.mancinileather.com\\\/fr\\\/produit\\\/porte-cartes-affaire-credit-monterrey#primaryimage\"},\"image\":{\"@id\":\"https:\\\/\\\/www.mancinileather.com\\\/fr\\\/produit\\\/porte-cartes-affaire-credit-monterrey#primaryimage\"},\"thumbnailUrl\":\"https:\\\/\\\/www.mancinileather.com\\\/wp-content\\\/uploads\\\/2021\\\/12\\\/products-file_60d3913f24c90-1.jpg\",\"datePublished\":\"2022-03-29T12:00:32+00:00\",\"dateModified\":\"2025-07-24T06:23:43+00:00\",\"description\":\"Influenc\u00e9e de la cte diff\u00e9rente de Monterrey, cette collection propose une gamme de styles pour le gentilhomme le plus exceptionnel. Dispose de la derni\u00e8re technologie de blocage d\u2019ondes RFID pour garantir la s\u00e9curit\u00e9 de vos donn\u00e9es et cartes. Notre collection Monterrey est fabriqu\u00e9e \u00e0 la main dans un cuir de vachette teint au tambour de grain de haut resistance.Ce porte-carte compacte est dot\u00e9 de plusieurs fentes pour cartes de cr\u00e9dit ainsi qu\u2019une poche au centre.\",\"breadcrumb\":{\"@id\":\"https:\\\/\\\/www.mancinileather.com\\\/fr\\\/produit\\\/porte-cartes-affaire-credit-monterrey#breadcrumb\"},\"inLanguage\":\"fr-FR\",\"potentialAction\":[{\"@type\":\"ReadAction\",\"target\":[\"https:\\\/\\\/www.mancinileather.com\\\/fr\\\/produit\\\/porte-cartes-affaire-credit-monterrey\"]}]},{\"@type\":\"ImageObject\",\"inLanguage\":\"fr-FR\",\"@id\":\"https:\\\/\\\/www.mancinileather.com\\\/fr\\\/produit\\\/porte-cartes-affaire-credit-monterrey#primaryimage\",\"url\":\"https:\\\/\\\/www.mancinileather.com\\\/wp-content\\\/uploads\\\/2021\\\/12\\\/products-file_60d3913f24c90-1.jpg\",\"contentUrl\":\"https:\\\/\\\/www.mancinileather.com\\\/wp-content\\\/uploads\\\/2021\\\/12\\\/products-file_60d3913f24c90-1.jpg\",\"width\":1500,\"height\":1500,\"caption\":\"Credit Card Case\"},{\"@type\":\"BreadcrumbList\",\"@id\":\"https:\\\/\\\/www.mancinileather.com\\\/fr\\\/produit\\\/porte-cartes-affaire-credit-monterrey#breadcrumb\",\"itemListElement\":[{\"@type\":\"ListItem\",\"position\":1,\"name\":\"Home\",\"item\":\"https:\\\/\\\/www.mancinileather.com\\\/fr\"},{\"@type\":\"ListItem\",\"position\":2,\"name\":\"Boutique\",\"item\":\"https:\\\/\\\/www.mancinileather.com\\\/fr\\\/boutique\"},{\"@type\":\"ListItem\",\"position\":3,\"name\":\"Porte-cartes d\u2019affaire et de cr\u00e9dit\"}]},{\"@type\":\"WebSite\",\"@id\":\"https:\\\/\\\/www.mancinileather.com\\\/fr#website\",\"url\":\"https:\\\/\\\/www.mancinileather.com\\\/fr\",\"name\":\"Mancini\",\"description\":\"Online Leather Store and Products\",\"potentialAction\":[{\"@type\":\"SearchAction\",\"target\":{\"@type\":\"EntryPoint\",\"urlTemplate\":\"https:\\\/\\\/www.mancinileather.com\\\/fr?s={search_term_string}\"},\"query-input\":{\"@type\":\"PropertyValueSpecification\",\"valueRequired\":true,\"valueName\":\"search_term_string\"}}],\"inLanguage\":\"fr-FR\"}]}<\/script>\n<!-- \/ Yoast SEO plugin. -->","yoast_head_json":{"title":"Porte-cartes d\u2019affaire et de cr\u00e9dit - Mancini","description":"Influenc\u00e9e de la cte diff\u00e9rente de Monterrey, cette collection propose une gamme de styles pour le gentilhomme le plus exceptionnel. Dispose de la derni\u00e8re technologie de blocage d\u2019ondes RFID pour garantir la s\u00e9curit\u00e9 de vos donn\u00e9es et cartes. Notre collection Monterrey est fabriqu\u00e9e \u00e0 la main dans un cuir de vachette teint au tambour de grain de haut resistance.Ce porte-carte compacte est dot\u00e9 de plusieurs fentes pour cartes de cr\u00e9dit ainsi qu\u2019une poche au centre.","robots":{"index":"index","follow":"follow","max-snippet":"max-snippet:-1","max-image-preview":"max-image-preview:large","max-video-preview":"max-video-preview:-1"},"canonical":"https:\/\/www.mancinileather.com\/fr\/produit\/porte-cartes-affaire-credit-monterrey","og_locale":"fr_FR","og_type":"article","og_title":"Porte-cartes d\u2019affaire et de cr\u00e9dit - Mancini","og_description":"Influenc\u00e9e de la cte diff\u00e9rente de Monterrey, cette collection propose une gamme de styles pour le gentilhomme le plus exceptionnel. Dispose de la derni\u00e8re technologie de blocage d\u2019ondes RFID pour garantir la s\u00e9curit\u00e9 de vos donn\u00e9es et cartes. Notre collection Monterrey est fabriqu\u00e9e \u00e0 la main dans un cuir de vachette teint au tambour de grain de haut resistance.Ce porte-carte compacte est dot\u00e9 de plusieurs fentes pour cartes de cr\u00e9dit ainsi qu\u2019une poche au centre.","og_url":"https:\/\/www.mancinileather.com\/fr\/produit\/porte-cartes-affaire-credit-monterrey","og_site_name":"Mancini","article_modified_time":"2025-07-24T06:23:43+00:00","og_image":[{"width":1500,"height":1500,"url":"https:\/\/www.mancinileather.com\/wp-content\/uploads\/2021\/12\/products-file_60d3913f24c90-1.jpg","type":"image\/jpeg"}],"twitter_card":"summary_large_image","twitter_misc":{"Est. reading time":"1 minute"},"schema":{"@context":"https:\/\/schema.org","@graph":[{"@type":"WebPage","@id":"https:\/\/www.mancinileather.com\/fr\/produit\/porte-cartes-affaire-credit-monterrey","url":"https:\/\/www.mancinileather.com\/fr\/produit\/porte-cartes-affaire-credit-monterrey","name":"Porte-cartes d\u2019affaire et de cr\u00e9dit - Mancini","isPartOf":{"@id":"https:\/\/www.mancinileather.com\/fr#website"},"primaryImageOfPage":{"@id":"https:\/\/www.mancinileather.com\/fr\/produit\/porte-cartes-affaire-credit-monterrey#primaryimage"},"image":{"@id":"https:\/\/www.mancinileather.com\/fr\/produit\/porte-cartes-affaire-credit-monterrey#primaryimage"},"thumbnailUrl":"https:\/\/www.mancinileather.com\/wp-content\/uploads\/2021\/12\/products-file_60d3913f24c90-1.jpg","datePublished":"2022-03-29T12:00:32+00:00","dateModified":"2025-07-24T06:23:43+00:00","description":"Influenc\u00e9e de la cte diff\u00e9rente de Monterrey, cette collection propose une gamme de styles pour le gentilhomme le plus exceptionnel. Dispose de la derni\u00e8re technologie de blocage d\u2019ondes RFID pour garantir la s\u00e9curit\u00e9 de vos donn\u00e9es et cartes. Notre collection Monterrey est fabriqu\u00e9e \u00e0 la main dans un cuir de vachette teint au tambour de grain de haut resistance.Ce porte-carte compacte est dot\u00e9 de plusieurs fentes pour cartes de cr\u00e9dit ainsi qu\u2019une poche au centre.","breadcrumb":{"@id":"https:\/\/www.mancinileather.com\/fr\/produit\/porte-cartes-affaire-credit-monterrey#breadcrumb"},"inLanguage":"fr-FR","potentialAction":[{"@type":"ReadAction","target":["https:\/\/www.mancinileather.com\/fr\/produit\/porte-cartes-affaire-credit-monterrey"]}]},{"@type":"ImageObject","inLanguage":"fr-FR","@id":"https:\/\/www.mancinileather.com\/fr\/produit\/porte-cartes-affaire-credit-monterrey#primaryimage","url":"https:\/\/www.mancinileather.com\/wp-content\/uploads\/2021\/12\/products-file_60d3913f24c90-1.jpg","contentUrl":"https:\/\/www.mancinileather.com\/wp-content\/uploads\/2021\/12\/products-file_60d3913f24c90-1.jpg","width":1500,"height":1500,"caption":"Credit Card Case"},{"@type":"BreadcrumbList","@id":"https:\/\/www.mancinileather.com\/fr\/produit\/porte-cartes-affaire-credit-monterrey#breadcrumb","itemListElement":[{"@type":"ListItem","position":1,"name":"Home","item":"https:\/\/www.mancinileather.com\/fr"},{"@type":"ListItem","position":2,"name":"Boutique","item":"https:\/\/www.mancinileather.com\/fr\/boutique"},{"@type":"ListItem","position":3,"name":"Porte-cartes d\u2019affaire et de cr\u00e9dit"}]},{"@type":"WebSite","@id":"https:\/\/www.mancinileather.com\/fr#website","url":"https:\/\/www.mancinileather.com\/fr","name":"Mancini","description":"Online Leather Store and Products","potentialAction":[{"@type":"SearchAction","target":{"@type":"EntryPoint","urlTemplate":"https:\/\/www.mancinileather.com\/fr?s={search_term_string}"},"query-input":{"@type":"PropertyValueSpecification","valueRequired":true,"valueName":"search_term_string"}}],"inLanguage":"fr-FR"}]}},"brands":[],"_links":{"self":[{"href":"https:\/\/www.mancinileather.com\/fr\/wp-json\/wp\/v2\/product\/46589","targetHints":{"allow":["GET"]}}],"collection":[{"href":"https:\/\/www.mancinileather.com\/fr\/wp-json\/wp\/v2\/product"}],"about":[{"href":"https:\/\/www.mancinileather.com\/fr\/wp-json\/wp\/v2\/types\/product"}],"replies":[{"embeddable":true,"href":"https:\/\/www.mancinileather.com\/fr\/wp-json\/wp\/v2\/comments?post=46589"}],"wp:featuredmedia":[{"embeddable":true,"href":"https:\/\/www.mancinileather.com\/fr\/wp-json\/wp\/v2\/media\/35225"}],"wp:attachment":[{"href":"https:\/\/www.mancinileather.com\/fr\/wp-json\/wp\/v2\/media?parent=46589"}],"wp:term":[{"taxonomy":"pwb-brand","embeddable":true,"href":"https:\/\/www.mancinileather.com\/fr\/wp-json\/wp\/v2\/pwb-brand?post=46589"},{"taxonomy":"product_brand","embeddable":true,"href":"https:\/\/www.mancinileather.com\/fr\/wp-json\/wp\/v2\/product_brand?post=46589"},{"taxonomy":"product_cat","embeddable":true,"href":"https:\/\/www.mancinileather.com\/fr\/wp-json\/wp\/v2\/product_cat?post=46589"},{"taxonomy":"product_tag","embeddable":true,"href":"https:\/\/www.mancinileather.com\/fr\/wp-json\/wp\/v2\/product_tag?post=46589"}],"curies":[{"name":"wp","href":"https:\/\/api.w.org\/{rel}","templated":true}]}}