{"id":52664,"date":"2022-06-17T13:58:30","date_gmt":"2022-06-17T17:58:30","guid":{"rendered":"https:\/\/mancini.bluehat.hosting\/product\/basket-weave-rfid-secure-medium-clutch-wallet"},"modified":"2025-07-24T02:23:42","modified_gmt":"2025-07-24T06:23:42","slug":"panier-tisse-portefeuille-rfid-moyen","status":"publish","type":"product","link":"https:\/\/www.mancinileather.com\/fr\/produit\/panier-tisse-portefeuille-rfid-moyen","title":{"rendered":"Panier Tiss\u00e9 portefeuille RFID moyen"},"content":{"rendered":"<div class=\"fusion-fullwidth fullwidth-box fusion-builder-row-1 fusion-flex-container nonhundred-percent-fullwidth non-hundred-percent-height-scrolling\" style=\"--awb-border-radius-top-left:0px;--awb-border-radius-top-right:0px;--awb-border-radius-bottom-right:0px;--awb-border-radius-bottom-left:0px;--awb-flex-wrap:wrap;\" ><div class=\"fusion-builder-row fusion-row fusion-flex-align-items-flex-start fusion-flex-content-wrap\" style=\"max-width:1430px;margin-left: calc(-4% \/ 2 );margin-right: calc(-4% \/ 2 );\"><div class=\"fusion-layout-column fusion_builder_column fusion-builder-column-0 fusion_builder_column_1_1 1_1 fusion-flex-column\" style=\"--awb-bg-size:cover;--awb-width-large:100%;--awb-margin-top-large:0px;--awb-spacing-right-large:1.92%;--awb-margin-bottom-large:0px;--awb-spacing-left-large:1.92%;--awb-width-medium:100%;--awb-spacing-right-medium:1.92%;--awb-spacing-left-medium:1.92%;--awb-width-small:100%;--awb-spacing-right-small:1.92%;--awb-spacing-left-small:1.92%;\"><div class=\"fusion-column-wrapper fusion-flex-justify-content-flex-start fusion-content-layout-column\"><div class=\"fusion-text fusion-text-1\"><p>Communiqu\u00e9 de mode. Notre collection \u2018\u2019<strong>Panier tiss\u00e9<\/strong>\u2019\u2019 utilise un cuir pleine fleur de premi\u00e8re qualit\u00e9 avec un design de panier tiss\u00e9 et notre meilleur savoir-faire. Agr\u00e9ment\u00e9 de mat\u00e9riel poli. Une vaste gamme de portefeuilles au style contemporain et d&#8217;accessoires personnels pour la femme la plus exigeante.<\/p>\n<p>Ce portefeuille de taille moyenne comprend une poche divis\u00e9e pour la monnaie et plusieurs fentes pour cartes de cr\u00e9dit. Le tout est s\u00e9curis\u00e9 par une sangle \u00e0 bouton pression. Il est \u00e9galement \u00e9quip\u00e9 de la derni\u00e8re technologie de blocage d&#8217;ondes RFID pour assurer que vos donn\u00e9es et vos cartes sont s\u00e9curitaires.<\/p>\n<\/div><\/div><\/div><\/div><\/div>\n","protected":false},"excerpt":{"rendered":"","protected":false},"featured_media":52653,"comment_status":"open","ping_status":"closed","template":"","meta":[],"pwb-brand":[],"product_brand":[],"product_cat":[1459,1501,1630],"product_tag":[],"class_list":{"0":"post-52664","1":"product","2":"type-product","3":"status-publish","4":"has-post-thumbnail","6":"product_cat-portefeuilles-en-cuir-femme","7":"product_cat-solde-produits-en-cuir-promotion","8":"product_cat-femme","9":"pa_collection-basket-weave-fr","10":"pa_color-gris-fr","11":"pa_color-noir-fr","12":"pa_color-rouge-fr","13":"pa_material-cuir-de-vachette-pleine-fleur-teint-au-tambour","15":"first","16":"instock","17":"sale","18":"taxable","19":"shipping-taxable","20":"purchasable","21":"product-type-variable","22":"has-default-attributes"},"yoast_head":"<!-- This site is optimized with the Yoast SEO plugin v25.5 - https:\/\/yoast.com\/wordpress\/plugins\/seo\/ -->\n<title>Panier Tiss\u00e9 portefeuille RFID moyen (7 fentes pour cartes de cr\u00e9dits)<\/title>\n<meta name=\"description\" content=\"Organisez vos affaires en toute \u00e9l\u00e9gance avec le panier tiss\u00e9 portefeuille RFID moyen, s\u00e9curis\u00e9 par une sangle \u00e0 bouton pression et la technologie RFID.\" \/>\n<meta name=\"robots\" content=\"index, follow, max-snippet:-1, max-image-preview:large, max-video-preview:-1\" \/>\n<link rel=\"canonical\" href=\"https:\/\/www.mancinileather.com\/fr\/produit\/panier-tisse-portefeuille-rfid-moyen\" \/>\n<meta property=\"og:locale\" content=\"fr_FR\" \/>\n<meta property=\"og:type\" content=\"article\" \/>\n<meta property=\"og:title\" content=\"Panier Tiss\u00e9 portefeuille RFID moyen (7 fentes pour cartes de cr\u00e9dits)\" \/>\n<meta property=\"og:description\" content=\"Organisez vos affaires en toute \u00e9l\u00e9gance avec le panier tiss\u00e9 portefeuille RFID moyen, s\u00e9curis\u00e9 par une sangle \u00e0 bouton pression et la technologie RFID.\" \/>\n<meta property=\"og:url\" content=\"https:\/\/www.mancinileather.com\/fr\/produit\/panier-tisse-portefeuille-rfid-moyen\" \/>\n<meta property=\"og:site_name\" content=\"Mancini\" \/>\n<meta property=\"article:modified_time\" content=\"2025-07-24T06:23:42+00:00\" \/>\n<meta property=\"og:image\" content=\"https:\/\/www.mancinileather.com\/wp-content\/uploads\/2022\/06\/6500283_Red_2.jpg\" \/>\n\t<meta property=\"og:image:width\" content=\"2000\" \/>\n\t<meta property=\"og:image:height\" content=\"2000\" \/>\n\t<meta property=\"og:image:type\" content=\"image\/jpeg\" \/>\n<meta name=\"twitter:card\" content=\"summary_large_image\" \/>\n<meta name=\"twitter:label1\" content=\"Est. reading time\" \/>\n\t<meta name=\"twitter:data1\" content=\"1 minute\" \/>\n<script type=\"application\/ld+json\" class=\"yoast-schema-graph\">{\"@context\":\"https:\/\/schema.org\",\"@graph\":[{\"@type\":\"WebPage\",\"@id\":\"https:\/\/www.mancinileather.com\/fr\/produit\/panier-tisse-portefeuille-rfid-moyen\",\"url\":\"https:\/\/www.mancinileather.com\/fr\/produit\/panier-tisse-portefeuille-rfid-moyen\",\"name\":\"Panier Tiss\u00e9 portefeuille RFID moyen (7 fentes pour cartes de cr\u00e9dits)\",\"isPartOf\":{\"@id\":\"https:\/\/www.mancinileather.com\/fr#website\"},\"primaryImageOfPage\":{\"@id\":\"https:\/\/www.mancinileather.com\/fr\/produit\/panier-tisse-portefeuille-rfid-moyen#primaryimage\"},\"image\":{\"@id\":\"https:\/\/www.mancinileather.com\/fr\/produit\/panier-tisse-portefeuille-rfid-moyen#primaryimage\"},\"thumbnailUrl\":\"https:\/\/www.mancinileather.com\/wp-content\/uploads\/2022\/06\/6500283_Red_2.jpg\",\"datePublished\":\"2022-06-17T17:58:30+00:00\",\"dateModified\":\"2025-07-24T06:23:42+00:00\",\"description\":\"Organisez vos affaires en toute \u00e9l\u00e9gance avec le panier tiss\u00e9 portefeuille RFID moyen, s\u00e9curis\u00e9 par une sangle \u00e0 bouton pression et la technologie RFID.\",\"breadcrumb\":{\"@id\":\"https:\/\/www.mancinileather.com\/fr\/produit\/panier-tisse-portefeuille-rfid-moyen#breadcrumb\"},\"inLanguage\":\"fr-FR\",\"potentialAction\":[{\"@type\":\"ReadAction\",\"target\":[\"https:\/\/www.mancinileather.com\/fr\/produit\/panier-tisse-portefeuille-rfid-moyen\"]}]},{\"@type\":\"ImageObject\",\"inLanguage\":\"fr-FR\",\"@id\":\"https:\/\/www.mancinileather.com\/fr\/produit\/panier-tisse-portefeuille-rfid-moyen#primaryimage\",\"url\":\"https:\/\/www.mancinileather.com\/wp-content\/uploads\/2022\/06\/6500283_Red_2.jpg\",\"contentUrl\":\"https:\/\/www.mancinileather.com\/wp-content\/uploads\/2022\/06\/6500283_Red_2.jpg\",\"width\":2000,\"height\":2000},{\"@type\":\"BreadcrumbList\",\"@id\":\"https:\/\/www.mancinileather.com\/fr\/produit\/panier-tisse-portefeuille-rfid-moyen#breadcrumb\",\"itemListElement\":[{\"@type\":\"ListItem\",\"position\":1,\"name\":\"Home\",\"item\":\"https:\/\/www.mancinileather.com\/fr\"},{\"@type\":\"ListItem\",\"position\":2,\"name\":\"Boutique\",\"item\":\"https:\/\/www.mancinileather.com\/fr\/boutique\"},{\"@type\":\"ListItem\",\"position\":3,\"name\":\"Panier Tiss\u00e9 portefeuille RFID moyen\"}]},{\"@type\":\"WebSite\",\"@id\":\"https:\/\/www.mancinileather.com\/fr#website\",\"url\":\"https:\/\/www.mancinileather.com\/fr\",\"name\":\"Mancini\",\"description\":\"Online Leather Store and Products\",\"potentialAction\":[{\"@type\":\"SearchAction\",\"target\":{\"@type\":\"EntryPoint\",\"urlTemplate\":\"https:\/\/www.mancinileather.com\/fr?s={search_term_string}\"},\"query-input\":{\"@type\":\"PropertyValueSpecification\",\"valueRequired\":true,\"valueName\":\"search_term_string\"}}],\"inLanguage\":\"fr-FR\"}]}<\/script>\n<!-- \/ Yoast SEO plugin. -->","yoast_head_json":{"title":"Panier Tiss\u00e9 portefeuille RFID moyen (7 fentes pour cartes de cr\u00e9dits)","description":"Organisez vos affaires en toute \u00e9l\u00e9gance avec le panier tiss\u00e9 portefeuille RFID moyen, s\u00e9curis\u00e9 par une sangle \u00e0 bouton pression et la technologie RFID.","robots":{"index":"index","follow":"follow","max-snippet":"max-snippet:-1","max-image-preview":"max-image-preview:large","max-video-preview":"max-video-preview:-1"},"canonical":"https:\/\/www.mancinileather.com\/fr\/produit\/panier-tisse-portefeuille-rfid-moyen","og_locale":"fr_FR","og_type":"article","og_title":"Panier Tiss\u00e9 portefeuille RFID moyen (7 fentes pour cartes de cr\u00e9dits)","og_description":"Organisez vos affaires en toute \u00e9l\u00e9gance avec le panier tiss\u00e9 portefeuille RFID moyen, s\u00e9curis\u00e9 par une sangle \u00e0 bouton pression et la technologie RFID.","og_url":"https:\/\/www.mancinileather.com\/fr\/produit\/panier-tisse-portefeuille-rfid-moyen","og_site_name":"Mancini","article_modified_time":"2025-07-24T06:23:42+00:00","og_image":[{"width":2000,"height":2000,"url":"https:\/\/www.mancinileather.com\/wp-content\/uploads\/2022\/06\/6500283_Red_2.jpg","type":"image\/jpeg"}],"twitter_card":"summary_large_image","twitter_misc":{"Est. reading time":"1 minute"},"schema":{"@context":"https:\/\/schema.org","@graph":[{"@type":"WebPage","@id":"https:\/\/www.mancinileather.com\/fr\/produit\/panier-tisse-portefeuille-rfid-moyen","url":"https:\/\/www.mancinileather.com\/fr\/produit\/panier-tisse-portefeuille-rfid-moyen","name":"Panier Tiss\u00e9 portefeuille RFID moyen (7 fentes pour cartes de cr\u00e9dits)","isPartOf":{"@id":"https:\/\/www.mancinileather.com\/fr#website"},"primaryImageOfPage":{"@id":"https:\/\/www.mancinileather.com\/fr\/produit\/panier-tisse-portefeuille-rfid-moyen#primaryimage"},"image":{"@id":"https:\/\/www.mancinileather.com\/fr\/produit\/panier-tisse-portefeuille-rfid-moyen#primaryimage"},"thumbnailUrl":"https:\/\/www.mancinileather.com\/wp-content\/uploads\/2022\/06\/6500283_Red_2.jpg","datePublished":"2022-06-17T17:58:30+00:00","dateModified":"2025-07-24T06:23:42+00:00","description":"Organisez vos affaires en toute \u00e9l\u00e9gance avec le panier tiss\u00e9 portefeuille RFID moyen, s\u00e9curis\u00e9 par une sangle \u00e0 bouton pression et la technologie RFID.","breadcrumb":{"@id":"https:\/\/www.mancinileather.com\/fr\/produit\/panier-tisse-portefeuille-rfid-moyen#breadcrumb"},"inLanguage":"fr-FR","potentialAction":[{"@type":"ReadAction","target":["https:\/\/www.mancinileather.com\/fr\/produit\/panier-tisse-portefeuille-rfid-moyen"]}]},{"@type":"ImageObject","inLanguage":"fr-FR","@id":"https:\/\/www.mancinileather.com\/fr\/produit\/panier-tisse-portefeuille-rfid-moyen#primaryimage","url":"https:\/\/www.mancinileather.com\/wp-content\/uploads\/2022\/06\/6500283_Red_2.jpg","contentUrl":"https:\/\/www.mancinileather.com\/wp-content\/uploads\/2022\/06\/6500283_Red_2.jpg","width":2000,"height":2000},{"@type":"BreadcrumbList","@id":"https:\/\/www.mancinileather.com\/fr\/produit\/panier-tisse-portefeuille-rfid-moyen#breadcrumb","itemListElement":[{"@type":"ListItem","position":1,"name":"Home","item":"https:\/\/www.mancinileather.com\/fr"},{"@type":"ListItem","position":2,"name":"Boutique","item":"https:\/\/www.mancinileather.com\/fr\/boutique"},{"@type":"ListItem","position":3,"name":"Panier Tiss\u00e9 portefeuille RFID moyen"}]},{"@type":"WebSite","@id":"https:\/\/www.mancinileather.com\/fr#website","url":"https:\/\/www.mancinileather.com\/fr","name":"Mancini","description":"Online Leather Store and Products","potentialAction":[{"@type":"SearchAction","target":{"@type":"EntryPoint","urlTemplate":"https:\/\/www.mancinileather.com\/fr?s={search_term_string}"},"query-input":{"@type":"PropertyValueSpecification","valueRequired":true,"valueName":"search_term_string"}}],"inLanguage":"fr-FR"}]}},"brands":[],"_links":{"self":[{"href":"https:\/\/www.mancinileather.com\/fr\/wp-json\/wp\/v2\/product\/52664","targetHints":{"allow":["GET"]}}],"collection":[{"href":"https:\/\/www.mancinileather.com\/fr\/wp-json\/wp\/v2\/product"}],"about":[{"href":"https:\/\/www.mancinileather.com\/fr\/wp-json\/wp\/v2\/types\/product"}],"replies":[{"embeddable":true,"href":"https:\/\/www.mancinileather.com\/fr\/wp-json\/wp\/v2\/comments?post=52664"}],"wp:featuredmedia":[{"embeddable":true,"href":"https:\/\/www.mancinileather.com\/fr\/wp-json\/wp\/v2\/media\/52653"}],"wp:attachment":[{"href":"https:\/\/www.mancinileather.com\/fr\/wp-json\/wp\/v2\/media?parent=52664"}],"wp:term":[{"taxonomy":"pwb-brand","embeddable":true,"href":"https:\/\/www.mancinileather.com\/fr\/wp-json\/wp\/v2\/pwb-brand?post=52664"},{"taxonomy":"product_brand","embeddable":true,"href":"https:\/\/www.mancinileather.com\/fr\/wp-json\/wp\/v2\/product_brand?post=52664"},{"taxonomy":"product_cat","embeddable":true,"href":"https:\/\/www.mancinileather.com\/fr\/wp-json\/wp\/v2\/product_cat?post=52664"},{"taxonomy":"product_tag","embeddable":true,"href":"https:\/\/www.mancinileather.com\/fr\/wp-json\/wp\/v2\/product_tag?post=52664"}],"curies":[{"name":"wp","href":"https:\/\/api.w.org\/{rel}","templated":true}]}}