{"id":52760,"date":"2022-06-17T15:41:07","date_gmt":"2022-06-17T19:41:07","guid":{"rendered":"https:\/\/mancini.bluehat.hosting\/?post_type=product&#038;p=52760"},"modified":"2025-07-24T02:23:42","modified_gmt":"2025-07-24T06:23:42","slug":"panier-tisse-portefeuille-rfid-a-plusieurs-volets","status":"publish","type":"product","link":"https:\/\/www.mancinileather.com\/fr\/produit\/panier-tisse-portefeuille-rfid-a-plusieurs-volets","title":{"rendered":"Panier Tiss\u00e9 portefeuille RFID \u00e0 plusieurs volets"},"content":{"rendered":"<div class=\"fusion-fullwidth fullwidth-box fusion-builder-row-1 fusion-flex-container nonhundred-percent-fullwidth non-hundred-percent-height-scrolling\" style=\"--awb-border-radius-top-left:0px;--awb-border-radius-top-right:0px;--awb-border-radius-bottom-right:0px;--awb-border-radius-bottom-left:0px;--awb-flex-wrap:wrap;\" ><div class=\"fusion-builder-row fusion-row fusion-flex-align-items-flex-start fusion-flex-content-wrap\" style=\"max-width:1430px;margin-left: calc(-4% \/ 2 );margin-right: calc(-4% \/ 2 );\"><div class=\"fusion-layout-column fusion_builder_column fusion-builder-column-0 fusion_builder_column_1_1 1_1 fusion-flex-column\" style=\"--awb-bg-size:cover;--awb-width-large:100%;--awb-margin-top-large:0px;--awb-spacing-right-large:1.92%;--awb-margin-bottom-large:0px;--awb-spacing-left-large:1.92%;--awb-width-medium:100%;--awb-spacing-right-medium:1.92%;--awb-spacing-left-medium:1.92%;--awb-width-small:100%;--awb-spacing-right-small:1.92%;--awb-spacing-left-small:1.92%;\"><div class=\"fusion-column-wrapper fusion-flex-justify-content-flex-start fusion-content-layout-column\"><div class=\"fusion-text fusion-text-1\"><p>Communiqu\u00e9 de mode. Notre collection \u2018<strong>\u2019Panier tiss\u00e9<\/strong>\u2019\u2019 utilise un cuir pleine fleur de premi\u00e8re qualit\u00e9 avec un design de panier tiss\u00e9 et notre meilleur savoir-faire. Agr\u00e9ment\u00e9 de mat\u00e9riel poli. Une vaste gamme de portefeuilles au style contemporain et d&#8217;accessoires personnels pour la femme la plus exigeante.<\/p>\n<p>Ce portefeuille \u00e0 trois volets pourra contenir tous vos documents. Il est dot\u00e9 de nombreuses fentes et pochettes pour ranger toutes vos cartes de cr\u00e9dit, papiers d&#8217;identit\u00e9, billets et re\u00e7us. Il est \u00e9galement \u00e9quip\u00e9 de la derni\u00e8re technologie de blocage d&#8217;ondes RFID pour assurer que vos donn\u00e9es et vos cartes sont s\u00e9curitaires.<\/p>\n<\/div><\/div><\/div><\/div><\/div>\n","protected":false},"excerpt":{"rendered":"","protected":false},"featured_media":52735,"comment_status":"open","ping_status":"closed","template":"","meta":[],"pwb-brand":[],"product_brand":[],"product_cat":[1630,1459,1501],"product_tag":[],"class_list":{"0":"post-52760","1":"product","2":"type-product","3":"status-publish","4":"has-post-thumbnail","6":"product_cat-femme","7":"product_cat-portefeuilles-en-cuir-femme","8":"product_cat-solde-produits-en-cuir-promotion","9":"pa_collection-basket-weave-fr","10":"pa_color-gris-fr","11":"pa_color-noir-fr","12":"pa_color-rouge-fr","13":"pa_material-cuir-de-vachette-pleine-fleur-teint-au-tambour","15":"first","16":"instock","17":"sale","18":"taxable","19":"shipping-taxable","20":"purchasable","21":"product-type-variable","22":"has-default-attributes"},"yoast_head":"<!-- This site is optimized with the Yoast SEO plugin v27.4 - https:\/\/yoast.com\/product\/yoast-seo-wordpress\/ -->\n<title>Panier Tiss\u00e9 portefeuille RFID \u00e0 plusieurs volets - Mancini<\/title>\n<meta name=\"description\" content=\"Le panier tiss\u00e9 portefeuille RFID \u00e0 plusieurs volets est con\u00e7u pour contenir tous vos documents, avec ses fentes et pochettes, prot\u00e9g\u00e9 par la technologie RFID.\" \/>\n<meta name=\"robots\" content=\"index, follow, max-snippet:-1, max-image-preview:large, max-video-preview:-1\" \/>\n<link rel=\"canonical\" href=\"https:\/\/www.mancinileather.com\/fr\/produit\/panier-tisse-portefeuille-rfid-a-plusieurs-volets\" \/>\n<meta property=\"og:locale\" content=\"fr_FR\" \/>\n<meta property=\"og:type\" content=\"article\" \/>\n<meta property=\"og:title\" content=\"Panier Tiss\u00e9 portefeuille RFID \u00e0 plusieurs volets - Mancini\" \/>\n<meta property=\"og:description\" content=\"Le panier tiss\u00e9 portefeuille RFID \u00e0 plusieurs volets est con\u00e7u pour contenir tous vos documents, avec ses fentes et pochettes, prot\u00e9g\u00e9 par la technologie RFID.\" \/>\n<meta property=\"og:url\" content=\"https:\/\/www.mancinileather.com\/fr\/produit\/panier-tisse-portefeuille-rfid-a-plusieurs-volets\" \/>\n<meta property=\"og:site_name\" content=\"Mancini\" \/>\n<meta property=\"article:modified_time\" content=\"2025-07-24T06:23:42+00:00\" \/>\n<meta property=\"og:image\" content=\"https:\/\/www.mancinileather.com\/wp-content\/uploads\/2022\/06\/6500369_Grey_2.jpg\" \/>\n\t<meta property=\"og:image:width\" content=\"2000\" \/>\n\t<meta property=\"og:image:height\" content=\"2000\" \/>\n\t<meta property=\"og:image:type\" content=\"image\/jpeg\" \/>\n<meta name=\"twitter:card\" content=\"summary_large_image\" \/>\n<meta name=\"twitter:label1\" content=\"Est. reading time\" \/>\n\t<meta name=\"twitter:data1\" content=\"1 minute\" \/>\n<script type=\"application\/ld+json\" class=\"yoast-schema-graph\">{\"@context\":\"https:\\\/\\\/schema.org\",\"@graph\":[{\"@type\":\"WebPage\",\"@id\":\"https:\\\/\\\/www.mancinileather.com\\\/fr\\\/produit\\\/panier-tisse-portefeuille-rfid-a-plusieurs-volets\",\"url\":\"https:\\\/\\\/www.mancinileather.com\\\/fr\\\/produit\\\/panier-tisse-portefeuille-rfid-a-plusieurs-volets\",\"name\":\"Panier Tiss\u00e9 portefeuille RFID \u00e0 plusieurs volets - Mancini\",\"isPartOf\":{\"@id\":\"https:\\\/\\\/www.mancinileather.com\\\/fr#website\"},\"primaryImageOfPage\":{\"@id\":\"https:\\\/\\\/www.mancinileather.com\\\/fr\\\/produit\\\/panier-tisse-portefeuille-rfid-a-plusieurs-volets#primaryimage\"},\"image\":{\"@id\":\"https:\\\/\\\/www.mancinileather.com\\\/fr\\\/produit\\\/panier-tisse-portefeuille-rfid-a-plusieurs-volets#primaryimage\"},\"thumbnailUrl\":\"https:\\\/\\\/www.mancinileather.com\\\/wp-content\\\/uploads\\\/2022\\\/06\\\/6500369_Grey_2.jpg\",\"datePublished\":\"2022-06-17T19:41:07+00:00\",\"dateModified\":\"2025-07-24T06:23:42+00:00\",\"description\":\"Le panier tiss\u00e9 portefeuille RFID \u00e0 plusieurs volets est con\u00e7u pour contenir tous vos documents, avec ses fentes et pochettes, prot\u00e9g\u00e9 par la technologie RFID.\",\"breadcrumb\":{\"@id\":\"https:\\\/\\\/www.mancinileather.com\\\/fr\\\/produit\\\/panier-tisse-portefeuille-rfid-a-plusieurs-volets#breadcrumb\"},\"inLanguage\":\"fr-FR\",\"potentialAction\":[{\"@type\":\"ReadAction\",\"target\":[\"https:\\\/\\\/www.mancinileather.com\\\/fr\\\/produit\\\/panier-tisse-portefeuille-rfid-a-plusieurs-volets\"]}]},{\"@type\":\"ImageObject\",\"inLanguage\":\"fr-FR\",\"@id\":\"https:\\\/\\\/www.mancinileather.com\\\/fr\\\/produit\\\/panier-tisse-portefeuille-rfid-a-plusieurs-volets#primaryimage\",\"url\":\"https:\\\/\\\/www.mancinileather.com\\\/wp-content\\\/uploads\\\/2022\\\/06\\\/6500369_Grey_2.jpg\",\"contentUrl\":\"https:\\\/\\\/www.mancinileather.com\\\/wp-content\\\/uploads\\\/2022\\\/06\\\/6500369_Grey_2.jpg\",\"width\":2000,\"height\":2000,\"caption\":\"Grey Basket Weave Rfid Secure Quadruple Fold Wallet\"},{\"@type\":\"BreadcrumbList\",\"@id\":\"https:\\\/\\\/www.mancinileather.com\\\/fr\\\/produit\\\/panier-tisse-portefeuille-rfid-a-plusieurs-volets#breadcrumb\",\"itemListElement\":[{\"@type\":\"ListItem\",\"position\":1,\"name\":\"Home\",\"item\":\"https:\\\/\\\/www.mancinileather.com\\\/fr\"},{\"@type\":\"ListItem\",\"position\":2,\"name\":\"Boutique\",\"item\":\"https:\\\/\\\/www.mancinileather.com\\\/fr\\\/boutique\"},{\"@type\":\"ListItem\",\"position\":3,\"name\":\"Panier Tiss\u00e9 portefeuille RFID \u00e0 plusieurs volets\"}]},{\"@type\":\"WebSite\",\"@id\":\"https:\\\/\\\/www.mancinileather.com\\\/fr#website\",\"url\":\"https:\\\/\\\/www.mancinileather.com\\\/fr\",\"name\":\"Mancini\",\"description\":\"Online Leather Store and Products\",\"potentialAction\":[{\"@type\":\"SearchAction\",\"target\":{\"@type\":\"EntryPoint\",\"urlTemplate\":\"https:\\\/\\\/www.mancinileather.com\\\/fr?s={search_term_string}\"},\"query-input\":{\"@type\":\"PropertyValueSpecification\",\"valueRequired\":true,\"valueName\":\"search_term_string\"}}],\"inLanguage\":\"fr-FR\"}]}<\/script>\n<!-- \/ Yoast SEO plugin. -->","yoast_head_json":{"title":"Panier Tiss\u00e9 portefeuille RFID \u00e0 plusieurs volets - Mancini","description":"Le panier tiss\u00e9 portefeuille RFID \u00e0 plusieurs volets est con\u00e7u pour contenir tous vos documents, avec ses fentes et pochettes, prot\u00e9g\u00e9 par la technologie RFID.","robots":{"index":"index","follow":"follow","max-snippet":"max-snippet:-1","max-image-preview":"max-image-preview:large","max-video-preview":"max-video-preview:-1"},"canonical":"https:\/\/www.mancinileather.com\/fr\/produit\/panier-tisse-portefeuille-rfid-a-plusieurs-volets","og_locale":"fr_FR","og_type":"article","og_title":"Panier Tiss\u00e9 portefeuille RFID \u00e0 plusieurs volets - Mancini","og_description":"Le panier tiss\u00e9 portefeuille RFID \u00e0 plusieurs volets est con\u00e7u pour contenir tous vos documents, avec ses fentes et pochettes, prot\u00e9g\u00e9 par la technologie RFID.","og_url":"https:\/\/www.mancinileather.com\/fr\/produit\/panier-tisse-portefeuille-rfid-a-plusieurs-volets","og_site_name":"Mancini","article_modified_time":"2025-07-24T06:23:42+00:00","og_image":[{"width":2000,"height":2000,"url":"https:\/\/www.mancinileather.com\/wp-content\/uploads\/2022\/06\/6500369_Grey_2.jpg","type":"image\/jpeg"}],"twitter_card":"summary_large_image","twitter_misc":{"Est. reading time":"1 minute"},"schema":{"@context":"https:\/\/schema.org","@graph":[{"@type":"WebPage","@id":"https:\/\/www.mancinileather.com\/fr\/produit\/panier-tisse-portefeuille-rfid-a-plusieurs-volets","url":"https:\/\/www.mancinileather.com\/fr\/produit\/panier-tisse-portefeuille-rfid-a-plusieurs-volets","name":"Panier Tiss\u00e9 portefeuille RFID \u00e0 plusieurs volets - Mancini","isPartOf":{"@id":"https:\/\/www.mancinileather.com\/fr#website"},"primaryImageOfPage":{"@id":"https:\/\/www.mancinileather.com\/fr\/produit\/panier-tisse-portefeuille-rfid-a-plusieurs-volets#primaryimage"},"image":{"@id":"https:\/\/www.mancinileather.com\/fr\/produit\/panier-tisse-portefeuille-rfid-a-plusieurs-volets#primaryimage"},"thumbnailUrl":"https:\/\/www.mancinileather.com\/wp-content\/uploads\/2022\/06\/6500369_Grey_2.jpg","datePublished":"2022-06-17T19:41:07+00:00","dateModified":"2025-07-24T06:23:42+00:00","description":"Le panier tiss\u00e9 portefeuille RFID \u00e0 plusieurs volets est con\u00e7u pour contenir tous vos documents, avec ses fentes et pochettes, prot\u00e9g\u00e9 par la technologie RFID.","breadcrumb":{"@id":"https:\/\/www.mancinileather.com\/fr\/produit\/panier-tisse-portefeuille-rfid-a-plusieurs-volets#breadcrumb"},"inLanguage":"fr-FR","potentialAction":[{"@type":"ReadAction","target":["https:\/\/www.mancinileather.com\/fr\/produit\/panier-tisse-portefeuille-rfid-a-plusieurs-volets"]}]},{"@type":"ImageObject","inLanguage":"fr-FR","@id":"https:\/\/www.mancinileather.com\/fr\/produit\/panier-tisse-portefeuille-rfid-a-plusieurs-volets#primaryimage","url":"https:\/\/www.mancinileather.com\/wp-content\/uploads\/2022\/06\/6500369_Grey_2.jpg","contentUrl":"https:\/\/www.mancinileather.com\/wp-content\/uploads\/2022\/06\/6500369_Grey_2.jpg","width":2000,"height":2000,"caption":"Grey Basket Weave Rfid Secure Quadruple Fold Wallet"},{"@type":"BreadcrumbList","@id":"https:\/\/www.mancinileather.com\/fr\/produit\/panier-tisse-portefeuille-rfid-a-plusieurs-volets#breadcrumb","itemListElement":[{"@type":"ListItem","position":1,"name":"Home","item":"https:\/\/www.mancinileather.com\/fr"},{"@type":"ListItem","position":2,"name":"Boutique","item":"https:\/\/www.mancinileather.com\/fr\/boutique"},{"@type":"ListItem","position":3,"name":"Panier Tiss\u00e9 portefeuille RFID \u00e0 plusieurs volets"}]},{"@type":"WebSite","@id":"https:\/\/www.mancinileather.com\/fr#website","url":"https:\/\/www.mancinileather.com\/fr","name":"Mancini","description":"Online Leather Store and Products","potentialAction":[{"@type":"SearchAction","target":{"@type":"EntryPoint","urlTemplate":"https:\/\/www.mancinileather.com\/fr?s={search_term_string}"},"query-input":{"@type":"PropertyValueSpecification","valueRequired":true,"valueName":"search_term_string"}}],"inLanguage":"fr-FR"}]}},"brands":[],"_links":{"self":[{"href":"https:\/\/www.mancinileather.com\/fr\/wp-json\/wp\/v2\/product\/52760","targetHints":{"allow":["GET"]}}],"collection":[{"href":"https:\/\/www.mancinileather.com\/fr\/wp-json\/wp\/v2\/product"}],"about":[{"href":"https:\/\/www.mancinileather.com\/fr\/wp-json\/wp\/v2\/types\/product"}],"replies":[{"embeddable":true,"href":"https:\/\/www.mancinileather.com\/fr\/wp-json\/wp\/v2\/comments?post=52760"}],"wp:featuredmedia":[{"embeddable":true,"href":"https:\/\/www.mancinileather.com\/fr\/wp-json\/wp\/v2\/media\/52735"}],"wp:attachment":[{"href":"https:\/\/www.mancinileather.com\/fr\/wp-json\/wp\/v2\/media?parent=52760"}],"wp:term":[{"taxonomy":"pwb-brand","embeddable":true,"href":"https:\/\/www.mancinileather.com\/fr\/wp-json\/wp\/v2\/pwb-brand?post=52760"},{"taxonomy":"product_brand","embeddable":true,"href":"https:\/\/www.mancinileather.com\/fr\/wp-json\/wp\/v2\/product_brand?post=52760"},{"taxonomy":"product_cat","embeddable":true,"href":"https:\/\/www.mancinileather.com\/fr\/wp-json\/wp\/v2\/product_cat?post=52760"},{"taxonomy":"product_tag","embeddable":true,"href":"https:\/\/www.mancinileather.com\/fr\/wp-json\/wp\/v2\/product_tag?post=52760"}],"curies":[{"name":"wp","href":"https:\/\/api.w.org\/{rel}","templated":true}]}}