{"id":53072,"date":"2022-06-20T14:13:04","date_gmt":"2022-06-20T18:13:04","guid":{"rendered":"https:\/\/mancini.bluehat.hosting\/product\/croco-rfid-secure-quadruple-fold-wallet"},"modified":"2025-07-24T02:23:41","modified_gmt":"2025-07-24T06:23:41","slug":"croco-portefeuille-rfid-a-plusieurs-volets","status":"publish","type":"product","link":"https:\/\/www.mancinileather.com\/fr\/produit\/croco-portefeuille-rfid-a-plusieurs-volets","title":{"rendered":"Croco portefeuille RFID \u00e0 plusieurs volets"},"content":{"rendered":"<div class=\"fusion-fullwidth fullwidth-box fusion-builder-row-1 fusion-flex-container nonhundred-percent-fullwidth non-hundred-percent-height-scrolling\" style=\"--awb-border-radius-top-left:0px;--awb-border-radius-top-right:0px;--awb-border-radius-bottom-right:0px;--awb-border-radius-bottom-left:0px;--awb-flex-wrap:wrap;\" ><div class=\"fusion-builder-row fusion-row fusion-flex-align-items-flex-start fusion-flex-content-wrap\" style=\"max-width:1430px;margin-left: calc(-4% \/ 2 );margin-right: calc(-4% \/ 2 );\"><div class=\"fusion-layout-column fusion_builder_column fusion-builder-column-0 fusion_builder_column_1_1 1_1 fusion-flex-column\" style=\"--awb-bg-size:cover;--awb-width-large:100%;--awb-margin-top-large:0px;--awb-spacing-right-large:1.92%;--awb-margin-bottom-large:0px;--awb-spacing-left-large:1.92%;--awb-width-medium:100%;--awb-spacing-right-medium:1.92%;--awb-spacing-left-medium:1.92%;--awb-width-small:100%;--awb-spacing-right-small:1.92%;--awb-spacing-left-small:1.92%;\"><div class=\"fusion-column-wrapper fusion-flex-justify-content-flex-start fusion-content-layout-column\"><div class=\"fusion-text fusion-text-1\"><p>Communiqu\u00e9 de mode. Notre collection\u00a0<strong>Croco<\/strong>\u00a0utilise un cuir pleine fleur de premi\u00e8re qualit\u00e9 emboss\u00e9 Croco et notre meilleur savoir-faire. Agr\u00e9ment\u00e9 de mat\u00e9riel poli. Une vaste gamme de portefeuilles au style contemporain et d&#8217;accessoires personnels pour la femme la plus exigeante.<\/p>\n<p>Ce portefeuille \u00e0 trois volets pourra contenir tous vos documents. Il est dot\u00e9 de nombreuses fentes et pochettes pour ranger toutes vos cartes de cr\u00e9dit, papiers d&#8217;identit\u00e9, billets et re\u00e7us. Il est \u00e9galement \u00e9quip\u00e9 de la derni\u00e8re technologie de blocage d&#8217;ondes RFID pour assurer que vos donn\u00e9es et vos cartes sont s\u00e9curitaires.<\/p>\n<\/div><\/div><\/div><\/div><\/div>\n","protected":false},"excerpt":{"rendered":"","protected":false},"featured_media":53037,"comment_status":"open","ping_status":"closed","template":"","meta":[],"pwb-brand":[],"product_brand":[],"product_cat":[1630,1459],"product_tag":[],"class_list":{"0":"post-53072","1":"product","2":"type-product","3":"status-publish","4":"has-post-thumbnail","6":"product_cat-femme","7":"product_cat-portefeuilles-en-cuir-femme","8":"pa_collection-croco-fr","9":"pa_color-noir-fr","10":"pa_color-rouge-fr","11":"pa_color-tan-fr-2","12":"pa_material-cuir-de-vachette-pleine-fleur-teint-au-tambour","14":"first","15":"outofstock","16":"taxable","17":"shipping-taxable","18":"product-type-variable","19":"has-default-attributes"},"yoast_head":"<!-- This site is optimized with the Yoast SEO plugin v27.4 - https:\/\/yoast.com\/product\/yoast-seo-wordpress\/ -->\n<title>Croco portefeuille RFID \u00e0 plusieurs volets - Mancini<\/title>\n<meta name=\"description\" content=\"Le portefeuille Croco RFID \u00e0 plusieurs volets est con\u00e7u pour ranger vos affaires en s\u00e9curit\u00e9 gr\u00e2ce \u00e0 la technologie de blocage RFID. Commandez d\u00e8s maintenant!\" \/>\n<meta name=\"robots\" content=\"index, follow, max-snippet:-1, max-image-preview:large, max-video-preview:-1\" \/>\n<link rel=\"canonical\" href=\"https:\/\/www.mancinileather.com\/fr\/produit\/croco-portefeuille-rfid-a-plusieurs-volets\" \/>\n<meta property=\"og:locale\" content=\"fr_FR\" \/>\n<meta property=\"og:type\" content=\"article\" \/>\n<meta property=\"og:title\" content=\"Croco portefeuille RFID \u00e0 plusieurs volets - Mancini\" \/>\n<meta property=\"og:description\" content=\"Le portefeuille Croco RFID \u00e0 plusieurs volets est con\u00e7u pour ranger vos affaires en s\u00e9curit\u00e9 gr\u00e2ce \u00e0 la technologie de blocage RFID. Commandez d\u00e8s maintenant!\" \/>\n<meta property=\"og:url\" content=\"https:\/\/www.mancinileather.com\/fr\/produit\/croco-portefeuille-rfid-a-plusieurs-volets\" \/>\n<meta property=\"og:site_name\" content=\"Mancini\" \/>\n<meta property=\"article:modified_time\" content=\"2025-07-24T06:23:41+00:00\" \/>\n<meta property=\"og:image\" content=\"https:\/\/www.mancinileather.com\/wp-content\/uploads\/2022\/06\/6600369_Black_1.png\" \/>\n\t<meta property=\"og:image:width\" content=\"2000\" \/>\n\t<meta property=\"og:image:height\" content=\"2000\" \/>\n\t<meta property=\"og:image:type\" content=\"image\/png\" \/>\n<meta name=\"twitter:card\" content=\"summary_large_image\" \/>\n<meta name=\"twitter:label1\" content=\"Est. reading time\" \/>\n\t<meta name=\"twitter:data1\" content=\"1 minute\" \/>\n<script type=\"application\/ld+json\" class=\"yoast-schema-graph\">{\"@context\":\"https:\\\/\\\/schema.org\",\"@graph\":[{\"@type\":\"WebPage\",\"@id\":\"https:\\\/\\\/www.mancinileather.com\\\/fr\\\/produit\\\/croco-portefeuille-rfid-a-plusieurs-volets\",\"url\":\"https:\\\/\\\/www.mancinileather.com\\\/fr\\\/produit\\\/croco-portefeuille-rfid-a-plusieurs-volets\",\"name\":\"Croco portefeuille RFID \u00e0 plusieurs volets - Mancini\",\"isPartOf\":{\"@id\":\"https:\\\/\\\/www.mancinileather.com\\\/fr#website\"},\"primaryImageOfPage\":{\"@id\":\"https:\\\/\\\/www.mancinileather.com\\\/fr\\\/produit\\\/croco-portefeuille-rfid-a-plusieurs-volets#primaryimage\"},\"image\":{\"@id\":\"https:\\\/\\\/www.mancinileather.com\\\/fr\\\/produit\\\/croco-portefeuille-rfid-a-plusieurs-volets#primaryimage\"},\"thumbnailUrl\":\"https:\\\/\\\/www.mancinileather.com\\\/wp-content\\\/uploads\\\/2022\\\/06\\\/6600369_Black_1.png\",\"datePublished\":\"2022-06-20T18:13:04+00:00\",\"dateModified\":\"2025-07-24T06:23:41+00:00\",\"description\":\"Le portefeuille Croco RFID \u00e0 plusieurs volets est con\u00e7u pour ranger vos affaires en s\u00e9curit\u00e9 gr\u00e2ce \u00e0 la technologie de blocage RFID. Commandez d\u00e8s maintenant!\",\"breadcrumb\":{\"@id\":\"https:\\\/\\\/www.mancinileather.com\\\/fr\\\/produit\\\/croco-portefeuille-rfid-a-plusieurs-volets#breadcrumb\"},\"inLanguage\":\"fr-FR\",\"potentialAction\":[{\"@type\":\"ReadAction\",\"target\":[\"https:\\\/\\\/www.mancinileather.com\\\/fr\\\/produit\\\/croco-portefeuille-rfid-a-plusieurs-volets\"]}]},{\"@type\":\"ImageObject\",\"inLanguage\":\"fr-FR\",\"@id\":\"https:\\\/\\\/www.mancinileather.com\\\/fr\\\/produit\\\/croco-portefeuille-rfid-a-plusieurs-volets#primaryimage\",\"url\":\"https:\\\/\\\/www.mancinileather.com\\\/wp-content\\\/uploads\\\/2022\\\/06\\\/6600369_Black_1.png\",\"contentUrl\":\"https:\\\/\\\/www.mancinileather.com\\\/wp-content\\\/uploads\\\/2022\\\/06\\\/6600369_Black_1.png\",\"width\":2000,\"height\":2000},{\"@type\":\"BreadcrumbList\",\"@id\":\"https:\\\/\\\/www.mancinileather.com\\\/fr\\\/produit\\\/croco-portefeuille-rfid-a-plusieurs-volets#breadcrumb\",\"itemListElement\":[{\"@type\":\"ListItem\",\"position\":1,\"name\":\"Home\",\"item\":\"https:\\\/\\\/www.mancinileather.com\\\/fr\"},{\"@type\":\"ListItem\",\"position\":2,\"name\":\"Boutique\",\"item\":\"https:\\\/\\\/www.mancinileather.com\\\/fr\\\/boutique\"},{\"@type\":\"ListItem\",\"position\":3,\"name\":\"Croco portefeuille RFID \u00e0 plusieurs volets\"}]},{\"@type\":\"WebSite\",\"@id\":\"https:\\\/\\\/www.mancinileather.com\\\/fr#website\",\"url\":\"https:\\\/\\\/www.mancinileather.com\\\/fr\",\"name\":\"Mancini\",\"description\":\"Online Leather Store and Products\",\"potentialAction\":[{\"@type\":\"SearchAction\",\"target\":{\"@type\":\"EntryPoint\",\"urlTemplate\":\"https:\\\/\\\/www.mancinileather.com\\\/fr?s={search_term_string}\"},\"query-input\":{\"@type\":\"PropertyValueSpecification\",\"valueRequired\":true,\"valueName\":\"search_term_string\"}}],\"inLanguage\":\"fr-FR\"}]}<\/script>\n<!-- \/ Yoast SEO plugin. -->","yoast_head_json":{"title":"Croco portefeuille RFID \u00e0 plusieurs volets - Mancini","description":"Le portefeuille Croco RFID \u00e0 plusieurs volets est con\u00e7u pour ranger vos affaires en s\u00e9curit\u00e9 gr\u00e2ce \u00e0 la technologie de blocage RFID. Commandez d\u00e8s maintenant!","robots":{"index":"index","follow":"follow","max-snippet":"max-snippet:-1","max-image-preview":"max-image-preview:large","max-video-preview":"max-video-preview:-1"},"canonical":"https:\/\/www.mancinileather.com\/fr\/produit\/croco-portefeuille-rfid-a-plusieurs-volets","og_locale":"fr_FR","og_type":"article","og_title":"Croco portefeuille RFID \u00e0 plusieurs volets - Mancini","og_description":"Le portefeuille Croco RFID \u00e0 plusieurs volets est con\u00e7u pour ranger vos affaires en s\u00e9curit\u00e9 gr\u00e2ce \u00e0 la technologie de blocage RFID. Commandez d\u00e8s maintenant!","og_url":"https:\/\/www.mancinileather.com\/fr\/produit\/croco-portefeuille-rfid-a-plusieurs-volets","og_site_name":"Mancini","article_modified_time":"2025-07-24T06:23:41+00:00","og_image":[{"width":2000,"height":2000,"url":"https:\/\/www.mancinileather.com\/wp-content\/uploads\/2022\/06\/6600369_Black_1.png","type":"image\/png"}],"twitter_card":"summary_large_image","twitter_misc":{"Est. reading time":"1 minute"},"schema":{"@context":"https:\/\/schema.org","@graph":[{"@type":"WebPage","@id":"https:\/\/www.mancinileather.com\/fr\/produit\/croco-portefeuille-rfid-a-plusieurs-volets","url":"https:\/\/www.mancinileather.com\/fr\/produit\/croco-portefeuille-rfid-a-plusieurs-volets","name":"Croco portefeuille RFID \u00e0 plusieurs volets - Mancini","isPartOf":{"@id":"https:\/\/www.mancinileather.com\/fr#website"},"primaryImageOfPage":{"@id":"https:\/\/www.mancinileather.com\/fr\/produit\/croco-portefeuille-rfid-a-plusieurs-volets#primaryimage"},"image":{"@id":"https:\/\/www.mancinileather.com\/fr\/produit\/croco-portefeuille-rfid-a-plusieurs-volets#primaryimage"},"thumbnailUrl":"https:\/\/www.mancinileather.com\/wp-content\/uploads\/2022\/06\/6600369_Black_1.png","datePublished":"2022-06-20T18:13:04+00:00","dateModified":"2025-07-24T06:23:41+00:00","description":"Le portefeuille Croco RFID \u00e0 plusieurs volets est con\u00e7u pour ranger vos affaires en s\u00e9curit\u00e9 gr\u00e2ce \u00e0 la technologie de blocage RFID. Commandez d\u00e8s maintenant!","breadcrumb":{"@id":"https:\/\/www.mancinileather.com\/fr\/produit\/croco-portefeuille-rfid-a-plusieurs-volets#breadcrumb"},"inLanguage":"fr-FR","potentialAction":[{"@type":"ReadAction","target":["https:\/\/www.mancinileather.com\/fr\/produit\/croco-portefeuille-rfid-a-plusieurs-volets"]}]},{"@type":"ImageObject","inLanguage":"fr-FR","@id":"https:\/\/www.mancinileather.com\/fr\/produit\/croco-portefeuille-rfid-a-plusieurs-volets#primaryimage","url":"https:\/\/www.mancinileather.com\/wp-content\/uploads\/2022\/06\/6600369_Black_1.png","contentUrl":"https:\/\/www.mancinileather.com\/wp-content\/uploads\/2022\/06\/6600369_Black_1.png","width":2000,"height":2000},{"@type":"BreadcrumbList","@id":"https:\/\/www.mancinileather.com\/fr\/produit\/croco-portefeuille-rfid-a-plusieurs-volets#breadcrumb","itemListElement":[{"@type":"ListItem","position":1,"name":"Home","item":"https:\/\/www.mancinileather.com\/fr"},{"@type":"ListItem","position":2,"name":"Boutique","item":"https:\/\/www.mancinileather.com\/fr\/boutique"},{"@type":"ListItem","position":3,"name":"Croco portefeuille RFID \u00e0 plusieurs volets"}]},{"@type":"WebSite","@id":"https:\/\/www.mancinileather.com\/fr#website","url":"https:\/\/www.mancinileather.com\/fr","name":"Mancini","description":"Online Leather Store and Products","potentialAction":[{"@type":"SearchAction","target":{"@type":"EntryPoint","urlTemplate":"https:\/\/www.mancinileather.com\/fr?s={search_term_string}"},"query-input":{"@type":"PropertyValueSpecification","valueRequired":true,"valueName":"search_term_string"}}],"inLanguage":"fr-FR"}]}},"brands":[],"_links":{"self":[{"href":"https:\/\/www.mancinileather.com\/fr\/wp-json\/wp\/v2\/product\/53072","targetHints":{"allow":["GET"]}}],"collection":[{"href":"https:\/\/www.mancinileather.com\/fr\/wp-json\/wp\/v2\/product"}],"about":[{"href":"https:\/\/www.mancinileather.com\/fr\/wp-json\/wp\/v2\/types\/product"}],"replies":[{"embeddable":true,"href":"https:\/\/www.mancinileather.com\/fr\/wp-json\/wp\/v2\/comments?post=53072"}],"wp:featuredmedia":[{"embeddable":true,"href":"https:\/\/www.mancinileather.com\/fr\/wp-json\/wp\/v2\/media\/53037"}],"wp:attachment":[{"href":"https:\/\/www.mancinileather.com\/fr\/wp-json\/wp\/v2\/media?parent=53072"}],"wp:term":[{"taxonomy":"pwb-brand","embeddable":true,"href":"https:\/\/www.mancinileather.com\/fr\/wp-json\/wp\/v2\/pwb-brand?post=53072"},{"taxonomy":"product_brand","embeddable":true,"href":"https:\/\/www.mancinileather.com\/fr\/wp-json\/wp\/v2\/product_brand?post=53072"},{"taxonomy":"product_cat","embeddable":true,"href":"https:\/\/www.mancinileather.com\/fr\/wp-json\/wp\/v2\/product_cat?post=53072"},{"taxonomy":"product_tag","embeddable":true,"href":"https:\/\/www.mancinileather.com\/fr\/wp-json\/wp\/v2\/product_tag?post=53072"}],"curies":[{"name":"wp","href":"https:\/\/api.w.org\/{rel}","templated":true}]}}