{"id":53199,"date":"2022-06-20T15:01:27","date_gmt":"2022-06-20T19:01:27","guid":{"rendered":"https:\/\/mancini.bluehat.hosting\/product\/croco-rfid-secure-card-case-and-coin-pocket"},"modified":"2025-07-24T02:23:41","modified_gmt":"2025-07-24T06:23:41","slug":"croco-porte-carte-rfid-avec-pochette-monnaie","status":"publish","type":"product","link":"https:\/\/www.mancinileather.com\/fr\/produit\/croco-porte-carte-rfid-avec-pochette-monnaie","title":{"rendered":"Croco porte-carte RFID avec pochette monnaie"},"content":{"rendered":"<p>Communiqu\u00e9 de mode. Notre collection\u00a0<strong>Croco<\/strong>\u00a0utilise un cuir pleine fleur de premi\u00e8re qualit\u00e9 emboss\u00e9 Croco et notre meilleur savoir-faire. Agr\u00e9ment\u00e9 de mat\u00e9riel poli. Une vaste gamme de portefeuilles au style contemporain et d&#8217;accessoires personnels pour la femme la plus exigeante.<\/p>\n<p>&nbsp;<\/p>\n<p>Cette porte-cartes de luxe est dot\u00e9 de plusieurs fentes pour cartes de cr\u00e9dit et une pochette pour monnaie. Il est \u00e9galement \u00e9quip\u00e9 de la derni\u00e8re technologie de blocage d&#8217;ondes RFID pour assurer que vos donn\u00e9es et vos cartes sont s\u00e9curitaires.<\/p>\n","protected":false},"excerpt":{"rendered":"<p>Communiqu\u00e9 de mode. Notre collection\u00a0Croco\u00a0utilise un cuir pleine fleur de  [&#8230;]<\/p>\n","protected":false},"featured_media":53160,"comment_status":"open","ping_status":"closed","template":"","meta":[],"pwb-brand":[],"product_brand":[],"product_cat":[1630,1459],"product_tag":[],"class_list":{"0":"post-53199","1":"product","2":"type-product","3":"status-publish","4":"has-post-thumbnail","6":"product_cat-femme","7":"product_cat-portefeuilles-en-cuir-femme","8":"pa_collection-croco-fr","9":"pa_color-noir-fr","10":"pa_color-rouge-fr","11":"pa_color-tan-fr-2","12":"pa_material-cuir-de-vachette-pleine-fleur-teint-au-tambour","14":"first","15":"outofstock","16":"taxable","17":"shipping-taxable","18":"product-type-variable","19":"has-default-attributes"},"yoast_head":"<!-- This site is optimized with the Yoast SEO plugin v27.4 - https:\/\/yoast.com\/product\/yoast-seo-wordpress\/ -->\n<title>Croco porte-carte RFID avec pochette monnaie - Mancini<\/title>\n<meta name=\"description\" content=\"Le porte-carte RFID avec pochette monnaie au motif croco, pour la s\u00e9curit\u00e9 et le style au quotidien. Restez \u00e9l\u00e9gant et prot\u00e9g\u00e9. Commandez d\u00e8s maintenant!\" \/>\n<meta name=\"robots\" content=\"index, follow, max-snippet:-1, max-image-preview:large, max-video-preview:-1\" \/>\n<link rel=\"canonical\" href=\"https:\/\/www.mancinileather.com\/fr\/produit\/croco-porte-carte-rfid-avec-pochette-monnaie\" \/>\n<meta property=\"og:locale\" content=\"fr_FR\" \/>\n<meta property=\"og:type\" content=\"article\" \/>\n<meta property=\"og:title\" content=\"Croco porte-carte RFID avec pochette monnaie - Mancini\" \/>\n<meta property=\"og:description\" content=\"Le porte-carte RFID avec pochette monnaie au motif croco, pour la s\u00e9curit\u00e9 et le style au quotidien. Restez \u00e9l\u00e9gant et prot\u00e9g\u00e9. Commandez d\u00e8s maintenant!\" \/>\n<meta property=\"og:url\" content=\"https:\/\/www.mancinileather.com\/fr\/produit\/croco-porte-carte-rfid-avec-pochette-monnaie\" \/>\n<meta property=\"og:site_name\" content=\"Mancini\" \/>\n<meta property=\"article:modified_time\" content=\"2025-07-24T06:23:41+00:00\" \/>\n<meta property=\"og:image\" content=\"https:\/\/www.mancinileather.com\/wp-content\/uploads\/2022\/06\/6600378_Black_1.png\" \/>\n\t<meta property=\"og:image:width\" content=\"2000\" \/>\n\t<meta property=\"og:image:height\" content=\"2000\" \/>\n\t<meta property=\"og:image:type\" content=\"image\/png\" \/>\n<meta name=\"twitter:card\" content=\"summary_large_image\" \/>\n<meta name=\"twitter:label1\" content=\"Est. reading time\" \/>\n\t<meta name=\"twitter:data1\" content=\"1 minute\" \/>\n<script type=\"application\/ld+json\" class=\"yoast-schema-graph\">{\"@context\":\"https:\\\/\\\/schema.org\",\"@graph\":[{\"@type\":\"WebPage\",\"@id\":\"https:\\\/\\\/www.mancinileather.com\\\/fr\\\/produit\\\/croco-porte-carte-rfid-avec-pochette-monnaie\",\"url\":\"https:\\\/\\\/www.mancinileather.com\\\/fr\\\/produit\\\/croco-porte-carte-rfid-avec-pochette-monnaie\",\"name\":\"Croco porte-carte RFID avec pochette monnaie - Mancini\",\"isPartOf\":{\"@id\":\"https:\\\/\\\/www.mancinileather.com\\\/fr#website\"},\"primaryImageOfPage\":{\"@id\":\"https:\\\/\\\/www.mancinileather.com\\\/fr\\\/produit\\\/croco-porte-carte-rfid-avec-pochette-monnaie#primaryimage\"},\"image\":{\"@id\":\"https:\\\/\\\/www.mancinileather.com\\\/fr\\\/produit\\\/croco-porte-carte-rfid-avec-pochette-monnaie#primaryimage\"},\"thumbnailUrl\":\"https:\\\/\\\/www.mancinileather.com\\\/wp-content\\\/uploads\\\/2022\\\/06\\\/6600378_Black_1.png\",\"datePublished\":\"2022-06-20T19:01:27+00:00\",\"dateModified\":\"2025-07-24T06:23:41+00:00\",\"description\":\"Le porte-carte RFID avec pochette monnaie au motif croco, pour la s\u00e9curit\u00e9 et le style au quotidien. Restez \u00e9l\u00e9gant et prot\u00e9g\u00e9. Commandez d\u00e8s maintenant!\",\"breadcrumb\":{\"@id\":\"https:\\\/\\\/www.mancinileather.com\\\/fr\\\/produit\\\/croco-porte-carte-rfid-avec-pochette-monnaie#breadcrumb\"},\"inLanguage\":\"fr-FR\",\"potentialAction\":[{\"@type\":\"ReadAction\",\"target\":[\"https:\\\/\\\/www.mancinileather.com\\\/fr\\\/produit\\\/croco-porte-carte-rfid-avec-pochette-monnaie\"]}]},{\"@type\":\"ImageObject\",\"inLanguage\":\"fr-FR\",\"@id\":\"https:\\\/\\\/www.mancinileather.com\\\/fr\\\/produit\\\/croco-porte-carte-rfid-avec-pochette-monnaie#primaryimage\",\"url\":\"https:\\\/\\\/www.mancinileather.com\\\/wp-content\\\/uploads\\\/2022\\\/06\\\/6600378_Black_1.png\",\"contentUrl\":\"https:\\\/\\\/www.mancinileather.com\\\/wp-content\\\/uploads\\\/2022\\\/06\\\/6600378_Black_1.png\",\"width\":2000,\"height\":2000},{\"@type\":\"BreadcrumbList\",\"@id\":\"https:\\\/\\\/www.mancinileather.com\\\/fr\\\/produit\\\/croco-porte-carte-rfid-avec-pochette-monnaie#breadcrumb\",\"itemListElement\":[{\"@type\":\"ListItem\",\"position\":1,\"name\":\"Home\",\"item\":\"https:\\\/\\\/www.mancinileather.com\\\/fr\"},{\"@type\":\"ListItem\",\"position\":2,\"name\":\"Boutique\",\"item\":\"https:\\\/\\\/www.mancinileather.com\\\/fr\\\/boutique\"},{\"@type\":\"ListItem\",\"position\":3,\"name\":\"Croco porte-carte RFID avec pochette monnaie\"}]},{\"@type\":\"WebSite\",\"@id\":\"https:\\\/\\\/www.mancinileather.com\\\/fr#website\",\"url\":\"https:\\\/\\\/www.mancinileather.com\\\/fr\",\"name\":\"Mancini\",\"description\":\"Online Leather Store and Products\",\"potentialAction\":[{\"@type\":\"SearchAction\",\"target\":{\"@type\":\"EntryPoint\",\"urlTemplate\":\"https:\\\/\\\/www.mancinileather.com\\\/fr?s={search_term_string}\"},\"query-input\":{\"@type\":\"PropertyValueSpecification\",\"valueRequired\":true,\"valueName\":\"search_term_string\"}}],\"inLanguage\":\"fr-FR\"}]}<\/script>\n<!-- \/ Yoast SEO plugin. -->","yoast_head_json":{"title":"Croco porte-carte RFID avec pochette monnaie - Mancini","description":"Le porte-carte RFID avec pochette monnaie au motif croco, pour la s\u00e9curit\u00e9 et le style au quotidien. Restez \u00e9l\u00e9gant et prot\u00e9g\u00e9. Commandez d\u00e8s maintenant!","robots":{"index":"index","follow":"follow","max-snippet":"max-snippet:-1","max-image-preview":"max-image-preview:large","max-video-preview":"max-video-preview:-1"},"canonical":"https:\/\/www.mancinileather.com\/fr\/produit\/croco-porte-carte-rfid-avec-pochette-monnaie","og_locale":"fr_FR","og_type":"article","og_title":"Croco porte-carte RFID avec pochette monnaie - Mancini","og_description":"Le porte-carte RFID avec pochette monnaie au motif croco, pour la s\u00e9curit\u00e9 et le style au quotidien. Restez \u00e9l\u00e9gant et prot\u00e9g\u00e9. Commandez d\u00e8s maintenant!","og_url":"https:\/\/www.mancinileather.com\/fr\/produit\/croco-porte-carte-rfid-avec-pochette-monnaie","og_site_name":"Mancini","article_modified_time":"2025-07-24T06:23:41+00:00","og_image":[{"width":2000,"height":2000,"url":"https:\/\/www.mancinileather.com\/wp-content\/uploads\/2022\/06\/6600378_Black_1.png","type":"image\/png"}],"twitter_card":"summary_large_image","twitter_misc":{"Est. reading time":"1 minute"},"schema":{"@context":"https:\/\/schema.org","@graph":[{"@type":"WebPage","@id":"https:\/\/www.mancinileather.com\/fr\/produit\/croco-porte-carte-rfid-avec-pochette-monnaie","url":"https:\/\/www.mancinileather.com\/fr\/produit\/croco-porte-carte-rfid-avec-pochette-monnaie","name":"Croco porte-carte RFID avec pochette monnaie - Mancini","isPartOf":{"@id":"https:\/\/www.mancinileather.com\/fr#website"},"primaryImageOfPage":{"@id":"https:\/\/www.mancinileather.com\/fr\/produit\/croco-porte-carte-rfid-avec-pochette-monnaie#primaryimage"},"image":{"@id":"https:\/\/www.mancinileather.com\/fr\/produit\/croco-porte-carte-rfid-avec-pochette-monnaie#primaryimage"},"thumbnailUrl":"https:\/\/www.mancinileather.com\/wp-content\/uploads\/2022\/06\/6600378_Black_1.png","datePublished":"2022-06-20T19:01:27+00:00","dateModified":"2025-07-24T06:23:41+00:00","description":"Le porte-carte RFID avec pochette monnaie au motif croco, pour la s\u00e9curit\u00e9 et le style au quotidien. Restez \u00e9l\u00e9gant et prot\u00e9g\u00e9. Commandez d\u00e8s maintenant!","breadcrumb":{"@id":"https:\/\/www.mancinileather.com\/fr\/produit\/croco-porte-carte-rfid-avec-pochette-monnaie#breadcrumb"},"inLanguage":"fr-FR","potentialAction":[{"@type":"ReadAction","target":["https:\/\/www.mancinileather.com\/fr\/produit\/croco-porte-carte-rfid-avec-pochette-monnaie"]}]},{"@type":"ImageObject","inLanguage":"fr-FR","@id":"https:\/\/www.mancinileather.com\/fr\/produit\/croco-porte-carte-rfid-avec-pochette-monnaie#primaryimage","url":"https:\/\/www.mancinileather.com\/wp-content\/uploads\/2022\/06\/6600378_Black_1.png","contentUrl":"https:\/\/www.mancinileather.com\/wp-content\/uploads\/2022\/06\/6600378_Black_1.png","width":2000,"height":2000},{"@type":"BreadcrumbList","@id":"https:\/\/www.mancinileather.com\/fr\/produit\/croco-porte-carte-rfid-avec-pochette-monnaie#breadcrumb","itemListElement":[{"@type":"ListItem","position":1,"name":"Home","item":"https:\/\/www.mancinileather.com\/fr"},{"@type":"ListItem","position":2,"name":"Boutique","item":"https:\/\/www.mancinileather.com\/fr\/boutique"},{"@type":"ListItem","position":3,"name":"Croco porte-carte RFID avec pochette monnaie"}]},{"@type":"WebSite","@id":"https:\/\/www.mancinileather.com\/fr#website","url":"https:\/\/www.mancinileather.com\/fr","name":"Mancini","description":"Online Leather Store and Products","potentialAction":[{"@type":"SearchAction","target":{"@type":"EntryPoint","urlTemplate":"https:\/\/www.mancinileather.com\/fr?s={search_term_string}"},"query-input":{"@type":"PropertyValueSpecification","valueRequired":true,"valueName":"search_term_string"}}],"inLanguage":"fr-FR"}]}},"brands":[],"_links":{"self":[{"href":"https:\/\/www.mancinileather.com\/fr\/wp-json\/wp\/v2\/product\/53199","targetHints":{"allow":["GET"]}}],"collection":[{"href":"https:\/\/www.mancinileather.com\/fr\/wp-json\/wp\/v2\/product"}],"about":[{"href":"https:\/\/www.mancinileather.com\/fr\/wp-json\/wp\/v2\/types\/product"}],"replies":[{"embeddable":true,"href":"https:\/\/www.mancinileather.com\/fr\/wp-json\/wp\/v2\/comments?post=53199"}],"wp:featuredmedia":[{"embeddable":true,"href":"https:\/\/www.mancinileather.com\/fr\/wp-json\/wp\/v2\/media\/53160"}],"wp:attachment":[{"href":"https:\/\/www.mancinileather.com\/fr\/wp-json\/wp\/v2\/media?parent=53199"}],"wp:term":[{"taxonomy":"pwb-brand","embeddable":true,"href":"https:\/\/www.mancinileather.com\/fr\/wp-json\/wp\/v2\/pwb-brand?post=53199"},{"taxonomy":"product_brand","embeddable":true,"href":"https:\/\/www.mancinileather.com\/fr\/wp-json\/wp\/v2\/product_brand?post=53199"},{"taxonomy":"product_cat","embeddable":true,"href":"https:\/\/www.mancinileather.com\/fr\/wp-json\/wp\/v2\/product_cat?post=53199"},{"taxonomy":"product_tag","embeddable":true,"href":"https:\/\/www.mancinileather.com\/fr\/wp-json\/wp\/v2\/product_tag?post=53199"}],"curies":[{"name":"wp","href":"https:\/\/api.w.org\/{rel}","templated":true}]}}