{"id":53227,"date":"2022-06-21T11:36:36","date_gmt":"2022-06-21T15:36:36","guid":{"rendered":"https:\/\/mancini.bluehat.hosting\/product\/milan-luxurious-litigator-briefcase-pocket-for-17-3-laptop"},"modified":"2025-07-24T02:23:41","modified_gmt":"2025-07-24T06:23:41","slug":"porte-documents-plaideur-luxueux-pour-portable-17-3po-milan","status":"publish","type":"product","link":"https:\/\/www.mancinileather.com\/fr\/produit\/porte-documents-plaideur-luxueux-pour-portable-17-3po-milan","title":{"rendered":"Porte-documents plaideur luxueux pour portable 17.3po Milan"},"content":{"rendered":"<p>Cette collection de porte-documents capture l&#8217;essence de\u00a0<strong>Milan<\/strong>. Sophistiqu\u00e9, avant-gardiste et prouesse commerciale. Notre collection Milan est tout cela et plus encore.\u00a0Utilisant le cuir, la doublure et la quincaillerie de la plus haute qualit\u00e9, l&#8217;excellence en ing\u00e9nierie et la fabrication, l&#8217;un de ces styles comblera certainement tous vos besoins dans une mallette.<\/p>\n<p>&nbsp;<\/p>\n<p>Ce porte-document classique dispose d&#8217;un compartiment rembourr\u00e9 pour transporter votre ordinateur portable en toute s\u00e9curit\u00e9. Il y a un organisateur avec une poche \u00e9quip\u00e9 de la derni\u00e8re technologie de blocage d&#8217;ondes RFID pour assurer que vos donn\u00e9es et vos cartes sont s\u00e9curitaires. La parfait fusion de style et fonction!<\/p>\n","protected":false},"excerpt":{"rendered":"<p>Cette collection de porte-documents capture l&#8217;essence de\u00a0Milan. Sophistiqu\u00e9, avant-gardiste et  [&#8230;]<\/p>\n","protected":false},"featured_media":53218,"comment_status":"open","ping_status":"closed","template":"","meta":[],"pwb-brand":[],"product_brand":[],"product_cat":[1630,1638,1509,1493,1475,1467,1501],"product_tag":[],"class_list":{"0":"post-53227","1":"product","2":"type-product","3":"status-publish","4":"has-post-thumbnail","6":"product_cat-femme","7":"product_cat-hommes","8":"product_cat-porte-documents-cuir-pour-femmes","9":"product_cat-porte-documents-cuir-pour-hommes","10":"product_cat-porte-documents-rfid","11":"product_cat-porte-documents-pour-laptop-tablette","12":"product_cat-solde-produits-en-cuir-promotion","13":"pa_collection-milan-fr","14":"pa_color-brun","15":"pa_color-noir-fr","16":"pa_material-cuir-de-vachette-pleine-fleur-teint-au-tambour","18":"first","19":"outofstock","20":"taxable","21":"shipping-taxable","22":"product-type-variable","23":"has-default-attributes"},"yoast_head":"<!-- This site is optimized with the Yoast SEO plugin v27.4 - https:\/\/yoast.com\/product\/yoast-seo-wordpress\/ -->\n<title>Porte-documents plaideur luxueux pour portable 17.3po Milan - Mancini<\/title>\n<meta name=\"robots\" content=\"index, follow, max-snippet:-1, max-image-preview:large, max-video-preview:-1\" \/>\n<link rel=\"canonical\" href=\"https:\/\/www.mancinileather.com\/fr\/produit\/porte-documents-plaideur-luxueux-pour-portable-17-3po-milan\" \/>\n<meta property=\"og:locale\" content=\"fr_FR\" \/>\n<meta property=\"og:type\" content=\"article\" \/>\n<meta property=\"og:title\" content=\"Porte-documents plaideur luxueux pour portable 17.3po Milan - Mancini\" \/>\n<meta property=\"og:description\" content=\"Cette collection de porte-documents capture l&#8217;essence de\u00a0Milan. Sophistiqu\u00e9, avant-gardiste et [...]\" \/>\n<meta property=\"og:url\" content=\"https:\/\/www.mancinileather.com\/fr\/produit\/porte-documents-plaideur-luxueux-pour-portable-17-3po-milan\" \/>\n<meta property=\"og:site_name\" content=\"Mancini\" \/>\n<meta property=\"article:modified_time\" content=\"2025-07-24T06:23:41+00:00\" \/>\n<meta property=\"og:image\" content=\"https:\/\/www.mancinileather.com\/wp-content\/uploads\/2022\/06\/95-9800-BN_1.jpg\" \/>\n\t<meta property=\"og:image:width\" content=\"1500\" \/>\n\t<meta property=\"og:image:height\" content=\"1500\" \/>\n\t<meta property=\"og:image:type\" content=\"image\/jpeg\" \/>\n<meta name=\"twitter:card\" content=\"summary_large_image\" \/>\n<meta name=\"twitter:label1\" content=\"Est. reading time\" \/>\n\t<meta name=\"twitter:data1\" content=\"1 minute\" \/>\n<script type=\"application\/ld+json\" class=\"yoast-schema-graph\">{\"@context\":\"https:\\\/\\\/schema.org\",\"@graph\":[{\"@type\":\"WebPage\",\"@id\":\"https:\\\/\\\/www.mancinileather.com\\\/fr\\\/produit\\\/porte-documents-plaideur-luxueux-pour-portable-17-3po-milan\",\"url\":\"https:\\\/\\\/www.mancinileather.com\\\/fr\\\/produit\\\/porte-documents-plaideur-luxueux-pour-portable-17-3po-milan\",\"name\":\"Porte-documents plaideur luxueux pour portable 17.3po Milan - Mancini\",\"isPartOf\":{\"@id\":\"https:\\\/\\\/www.mancinileather.com\\\/fr#website\"},\"primaryImageOfPage\":{\"@id\":\"https:\\\/\\\/www.mancinileather.com\\\/fr\\\/produit\\\/porte-documents-plaideur-luxueux-pour-portable-17-3po-milan#primaryimage\"},\"image\":{\"@id\":\"https:\\\/\\\/www.mancinileather.com\\\/fr\\\/produit\\\/porte-documents-plaideur-luxueux-pour-portable-17-3po-milan#primaryimage\"},\"thumbnailUrl\":\"https:\\\/\\\/www.mancinileather.com\\\/wp-content\\\/uploads\\\/2022\\\/06\\\/95-9800-BN_1.jpg\",\"datePublished\":\"2022-06-21T15:36:36+00:00\",\"dateModified\":\"2025-07-24T06:23:41+00:00\",\"breadcrumb\":{\"@id\":\"https:\\\/\\\/www.mancinileather.com\\\/fr\\\/produit\\\/porte-documents-plaideur-luxueux-pour-portable-17-3po-milan#breadcrumb\"},\"inLanguage\":\"fr-FR\",\"potentialAction\":[{\"@type\":\"ReadAction\",\"target\":[\"https:\\\/\\\/www.mancinileather.com\\\/fr\\\/produit\\\/porte-documents-plaideur-luxueux-pour-portable-17-3po-milan\"]}]},{\"@type\":\"ImageObject\",\"inLanguage\":\"fr-FR\",\"@id\":\"https:\\\/\\\/www.mancinileather.com\\\/fr\\\/produit\\\/porte-documents-plaideur-luxueux-pour-portable-17-3po-milan#primaryimage\",\"url\":\"https:\\\/\\\/www.mancinileather.com\\\/wp-content\\\/uploads\\\/2022\\\/06\\\/95-9800-BN_1.jpg\",\"contentUrl\":\"https:\\\/\\\/www.mancinileather.com\\\/wp-content\\\/uploads\\\/2022\\\/06\\\/95-9800-BN_1.jpg\",\"width\":1500,\"height\":1500},{\"@type\":\"BreadcrumbList\",\"@id\":\"https:\\\/\\\/www.mancinileather.com\\\/fr\\\/produit\\\/porte-documents-plaideur-luxueux-pour-portable-17-3po-milan#breadcrumb\",\"itemListElement\":[{\"@type\":\"ListItem\",\"position\":1,\"name\":\"Home\",\"item\":\"https:\\\/\\\/www.mancinileather.com\\\/fr\"},{\"@type\":\"ListItem\",\"position\":2,\"name\":\"Boutique\",\"item\":\"https:\\\/\\\/www.mancinileather.com\\\/fr\\\/boutique\"},{\"@type\":\"ListItem\",\"position\":3,\"name\":\"Porte-documents plaideur luxueux pour portable 17.3po Milan\"}]},{\"@type\":\"WebSite\",\"@id\":\"https:\\\/\\\/www.mancinileather.com\\\/fr#website\",\"url\":\"https:\\\/\\\/www.mancinileather.com\\\/fr\",\"name\":\"Mancini\",\"description\":\"Online Leather Store and Products\",\"potentialAction\":[{\"@type\":\"SearchAction\",\"target\":{\"@type\":\"EntryPoint\",\"urlTemplate\":\"https:\\\/\\\/www.mancinileather.com\\\/fr?s={search_term_string}\"},\"query-input\":{\"@type\":\"PropertyValueSpecification\",\"valueRequired\":true,\"valueName\":\"search_term_string\"}}],\"inLanguage\":\"fr-FR\"}]}<\/script>\n<!-- \/ Yoast SEO plugin. -->","yoast_head_json":{"title":"Porte-documents plaideur luxueux pour portable 17.3po Milan - Mancini","robots":{"index":"index","follow":"follow","max-snippet":"max-snippet:-1","max-image-preview":"max-image-preview:large","max-video-preview":"max-video-preview:-1"},"canonical":"https:\/\/www.mancinileather.com\/fr\/produit\/porte-documents-plaideur-luxueux-pour-portable-17-3po-milan","og_locale":"fr_FR","og_type":"article","og_title":"Porte-documents plaideur luxueux pour portable 17.3po Milan - Mancini","og_description":"Cette collection de porte-documents capture l&#8217;essence de\u00a0Milan. Sophistiqu\u00e9, avant-gardiste et [...]","og_url":"https:\/\/www.mancinileather.com\/fr\/produit\/porte-documents-plaideur-luxueux-pour-portable-17-3po-milan","og_site_name":"Mancini","article_modified_time":"2025-07-24T06:23:41+00:00","og_image":[{"width":1500,"height":1500,"url":"https:\/\/www.mancinileather.com\/wp-content\/uploads\/2022\/06\/95-9800-BN_1.jpg","type":"image\/jpeg"}],"twitter_card":"summary_large_image","twitter_misc":{"Est. reading time":"1 minute"},"schema":{"@context":"https:\/\/schema.org","@graph":[{"@type":"WebPage","@id":"https:\/\/www.mancinileather.com\/fr\/produit\/porte-documents-plaideur-luxueux-pour-portable-17-3po-milan","url":"https:\/\/www.mancinileather.com\/fr\/produit\/porte-documents-plaideur-luxueux-pour-portable-17-3po-milan","name":"Porte-documents plaideur luxueux pour portable 17.3po Milan - Mancini","isPartOf":{"@id":"https:\/\/www.mancinileather.com\/fr#website"},"primaryImageOfPage":{"@id":"https:\/\/www.mancinileather.com\/fr\/produit\/porte-documents-plaideur-luxueux-pour-portable-17-3po-milan#primaryimage"},"image":{"@id":"https:\/\/www.mancinileather.com\/fr\/produit\/porte-documents-plaideur-luxueux-pour-portable-17-3po-milan#primaryimage"},"thumbnailUrl":"https:\/\/www.mancinileather.com\/wp-content\/uploads\/2022\/06\/95-9800-BN_1.jpg","datePublished":"2022-06-21T15:36:36+00:00","dateModified":"2025-07-24T06:23:41+00:00","breadcrumb":{"@id":"https:\/\/www.mancinileather.com\/fr\/produit\/porte-documents-plaideur-luxueux-pour-portable-17-3po-milan#breadcrumb"},"inLanguage":"fr-FR","potentialAction":[{"@type":"ReadAction","target":["https:\/\/www.mancinileather.com\/fr\/produit\/porte-documents-plaideur-luxueux-pour-portable-17-3po-milan"]}]},{"@type":"ImageObject","inLanguage":"fr-FR","@id":"https:\/\/www.mancinileather.com\/fr\/produit\/porte-documents-plaideur-luxueux-pour-portable-17-3po-milan#primaryimage","url":"https:\/\/www.mancinileather.com\/wp-content\/uploads\/2022\/06\/95-9800-BN_1.jpg","contentUrl":"https:\/\/www.mancinileather.com\/wp-content\/uploads\/2022\/06\/95-9800-BN_1.jpg","width":1500,"height":1500},{"@type":"BreadcrumbList","@id":"https:\/\/www.mancinileather.com\/fr\/produit\/porte-documents-plaideur-luxueux-pour-portable-17-3po-milan#breadcrumb","itemListElement":[{"@type":"ListItem","position":1,"name":"Home","item":"https:\/\/www.mancinileather.com\/fr"},{"@type":"ListItem","position":2,"name":"Boutique","item":"https:\/\/www.mancinileather.com\/fr\/boutique"},{"@type":"ListItem","position":3,"name":"Porte-documents plaideur luxueux pour portable 17.3po Milan"}]},{"@type":"WebSite","@id":"https:\/\/www.mancinileather.com\/fr#website","url":"https:\/\/www.mancinileather.com\/fr","name":"Mancini","description":"Online Leather Store and Products","potentialAction":[{"@type":"SearchAction","target":{"@type":"EntryPoint","urlTemplate":"https:\/\/www.mancinileather.com\/fr?s={search_term_string}"},"query-input":{"@type":"PropertyValueSpecification","valueRequired":true,"valueName":"search_term_string"}}],"inLanguage":"fr-FR"}]}},"brands":[],"_links":{"self":[{"href":"https:\/\/www.mancinileather.com\/fr\/wp-json\/wp\/v2\/product\/53227","targetHints":{"allow":["GET"]}}],"collection":[{"href":"https:\/\/www.mancinileather.com\/fr\/wp-json\/wp\/v2\/product"}],"about":[{"href":"https:\/\/www.mancinileather.com\/fr\/wp-json\/wp\/v2\/types\/product"}],"replies":[{"embeddable":true,"href":"https:\/\/www.mancinileather.com\/fr\/wp-json\/wp\/v2\/comments?post=53227"}],"wp:featuredmedia":[{"embeddable":true,"href":"https:\/\/www.mancinileather.com\/fr\/wp-json\/wp\/v2\/media\/53218"}],"wp:attachment":[{"href":"https:\/\/www.mancinileather.com\/fr\/wp-json\/wp\/v2\/media?parent=53227"}],"wp:term":[{"taxonomy":"pwb-brand","embeddable":true,"href":"https:\/\/www.mancinileather.com\/fr\/wp-json\/wp\/v2\/pwb-brand?post=53227"},{"taxonomy":"product_brand","embeddable":true,"href":"https:\/\/www.mancinileather.com\/fr\/wp-json\/wp\/v2\/product_brand?post=53227"},{"taxonomy":"product_cat","embeddable":true,"href":"https:\/\/www.mancinileather.com\/fr\/wp-json\/wp\/v2\/product_cat?post=53227"},{"taxonomy":"product_tag","embeddable":true,"href":"https:\/\/www.mancinileather.com\/fr\/wp-json\/wp\/v2\/product_tag?post=53227"}],"curies":[{"name":"wp","href":"https:\/\/api.w.org\/{rel}","templated":true}]}}