{"id":53254,"date":"2022-06-21T11:45:00","date_gmt":"2022-06-21T15:45:00","guid":{"rendered":"https:\/\/mancini.bluehat.hosting\/product\/milan-messenger-bag-for-15-laptop-tablet"},"modified":"2025-07-24T02:23:41","modified_gmt":"2025-07-24T06:23:41","slug":"sac-messager-pour-portable-15po-tablette-milan","status":"publish","type":"product","link":"https:\/\/www.mancinileather.com\/fr\/produit\/sac-messager-pour-portable-15po-tablette-milan","title":{"rendered":"Sac Messager pour portable 15po \/ tablette Milan"},"content":{"rendered":"<p>Cette collection de porte-documents capture l&#8217;essence de\u00a0<strong>Milan<\/strong>. Sophistiqu\u00e9, avant-gardiste et prouesse commerciale. Notre collection Milan est tout cela et plus encore. Utilisant le cuir, la doublure et la quincaillerie de la plus haute qualit\u00e9, l&#8217;excellence en ing\u00e9nierie et la fabrication, l&#8217;un de ces styles comblera certainement tous vos besoins dans une mallette.<\/p>\n<p>Ce sac messager est muni d&#8217;\u00e9tuis rembourr\u00e9s pour garder votre tablette\/ordinateur portable en toute s\u00e9curit\u00e9. Il est muni d&#8217;un grand compartiment principal, deux poches s\u00e9par\u00e9es et une poche sur le dos. L&#8217;organisateur de la poche gauche du front est \u00e9quip\u00e9 de la derni\u00e8re technologie de blocage d&#8217;ondes RFID pour assurer que vos donn\u00e9es et vos cartes sont s\u00e9curitaires.<\/p>\n","protected":false},"excerpt":{"rendered":"<p>Cette collection de porte-documents capture l&#8217;essence de\u00a0Milan. Sophistiqu\u00e9, avant-gardiste et  [&#8230;]<\/p>\n","protected":false},"featured_media":53235,"comment_status":"open","ping_status":"closed","template":"","meta":[],"pwb-brand":[],"product_brand":[],"product_cat":[1630,1638,1509,1493,1475,1511,1461,1467],"product_tag":[],"class_list":{"0":"post-53254","1":"product","2":"type-product","3":"status-publish","4":"has-post-thumbnail","6":"product_cat-femme","7":"product_cat-hommes","8":"product_cat-porte-documents-cuir-pour-femmes","9":"product_cat-porte-documents-cuir-pour-hommes","10":"product_cat-porte-documents-rfid","11":"product_cat-sac-messager-cuir-pour-femmes","12":"product_cat-sac-messager-cuir-pour-hommes","13":"product_cat-porte-documents-pour-laptop-tablette","14":"pa_collection-milan-fr","15":"pa_color-brun","16":"pa_color-noir-fr","17":"pa_material-cuir-de-vachette-pleine-fleur-teint-au-tambour","19":"first","20":"outofstock","21":"taxable","22":"shipping-taxable","23":"product-type-variable","24":"has-default-attributes"},"yoast_head":"<!-- This site is optimized with the Yoast SEO plugin v27.4 - https:\/\/yoast.com\/product\/yoast-seo-wordpress\/ -->\n<title>Sac Messager pour portable 15po \/ tablette Milan - Mancini<\/title>\n<meta name=\"robots\" content=\"index, follow, max-snippet:-1, max-image-preview:large, max-video-preview:-1\" \/>\n<link rel=\"canonical\" href=\"https:\/\/www.mancinileather.com\/fr\/produit\/sac-messager-pour-portable-15po-tablette-milan\" \/>\n<meta property=\"og:locale\" content=\"fr_FR\" \/>\n<meta property=\"og:type\" content=\"article\" \/>\n<meta property=\"og:title\" content=\"Sac Messager pour portable 15po \/ tablette Milan - Mancini\" \/>\n<meta property=\"og:description\" content=\"Cette collection de porte-documents capture l&#8217;essence de\u00a0Milan. Sophistiqu\u00e9, avant-gardiste et [...]\" \/>\n<meta property=\"og:url\" content=\"https:\/\/www.mancinileather.com\/fr\/produit\/sac-messager-pour-portable-15po-tablette-milan\" \/>\n<meta property=\"og:site_name\" content=\"Mancini\" \/>\n<meta property=\"article:modified_time\" content=\"2025-07-24T06:23:41+00:00\" \/>\n<meta property=\"og:image\" content=\"https:\/\/www.mancinileather.com\/wp-content\/uploads\/2022\/06\/95-9801-BK_1.jpg\" \/>\n\t<meta property=\"og:image:width\" content=\"1500\" \/>\n\t<meta property=\"og:image:height\" content=\"1500\" \/>\n\t<meta property=\"og:image:type\" content=\"image\/jpeg\" \/>\n<meta name=\"twitter:card\" content=\"summary_large_image\" \/>\n<meta name=\"twitter:label1\" content=\"Est. reading time\" \/>\n\t<meta name=\"twitter:data1\" content=\"1 minute\" \/>\n<script type=\"application\/ld+json\" class=\"yoast-schema-graph\">{\"@context\":\"https:\\\/\\\/schema.org\",\"@graph\":[{\"@type\":\"WebPage\",\"@id\":\"https:\\\/\\\/www.mancinileather.com\\\/fr\\\/produit\\\/sac-messager-pour-portable-15po-tablette-milan\",\"url\":\"https:\\\/\\\/www.mancinileather.com\\\/fr\\\/produit\\\/sac-messager-pour-portable-15po-tablette-milan\",\"name\":\"Sac Messager pour portable 15po \\\/ tablette Milan - Mancini\",\"isPartOf\":{\"@id\":\"https:\\\/\\\/www.mancinileather.com\\\/fr#website\"},\"primaryImageOfPage\":{\"@id\":\"https:\\\/\\\/www.mancinileather.com\\\/fr\\\/produit\\\/sac-messager-pour-portable-15po-tablette-milan#primaryimage\"},\"image\":{\"@id\":\"https:\\\/\\\/www.mancinileather.com\\\/fr\\\/produit\\\/sac-messager-pour-portable-15po-tablette-milan#primaryimage\"},\"thumbnailUrl\":\"https:\\\/\\\/www.mancinileather.com\\\/wp-content\\\/uploads\\\/2022\\\/06\\\/95-9801-BK_1.jpg\",\"datePublished\":\"2022-06-21T15:45:00+00:00\",\"dateModified\":\"2025-07-24T06:23:41+00:00\",\"breadcrumb\":{\"@id\":\"https:\\\/\\\/www.mancinileather.com\\\/fr\\\/produit\\\/sac-messager-pour-portable-15po-tablette-milan#breadcrumb\"},\"inLanguage\":\"fr-FR\",\"potentialAction\":[{\"@type\":\"ReadAction\",\"target\":[\"https:\\\/\\\/www.mancinileather.com\\\/fr\\\/produit\\\/sac-messager-pour-portable-15po-tablette-milan\"]}]},{\"@type\":\"ImageObject\",\"inLanguage\":\"fr-FR\",\"@id\":\"https:\\\/\\\/www.mancinileather.com\\\/fr\\\/produit\\\/sac-messager-pour-portable-15po-tablette-milan#primaryimage\",\"url\":\"https:\\\/\\\/www.mancinileather.com\\\/wp-content\\\/uploads\\\/2022\\\/06\\\/95-9801-BK_1.jpg\",\"contentUrl\":\"https:\\\/\\\/www.mancinileather.com\\\/wp-content\\\/uploads\\\/2022\\\/06\\\/95-9801-BK_1.jpg\",\"width\":1500,\"height\":1500,\"caption\":\"Milan Messenger Bag for 15\u201d Laptop \\\/ Tablet]\"},{\"@type\":\"BreadcrumbList\",\"@id\":\"https:\\\/\\\/www.mancinileather.com\\\/fr\\\/produit\\\/sac-messager-pour-portable-15po-tablette-milan#breadcrumb\",\"itemListElement\":[{\"@type\":\"ListItem\",\"position\":1,\"name\":\"Home\",\"item\":\"https:\\\/\\\/www.mancinileather.com\\\/fr\"},{\"@type\":\"ListItem\",\"position\":2,\"name\":\"Boutique\",\"item\":\"https:\\\/\\\/www.mancinileather.com\\\/fr\\\/boutique\"},{\"@type\":\"ListItem\",\"position\":3,\"name\":\"Sac Messager pour portable 15po \\\/ tablette Milan\"}]},{\"@type\":\"WebSite\",\"@id\":\"https:\\\/\\\/www.mancinileather.com\\\/fr#website\",\"url\":\"https:\\\/\\\/www.mancinileather.com\\\/fr\",\"name\":\"Mancini\",\"description\":\"Online Leather Store and Products\",\"potentialAction\":[{\"@type\":\"SearchAction\",\"target\":{\"@type\":\"EntryPoint\",\"urlTemplate\":\"https:\\\/\\\/www.mancinileather.com\\\/fr?s={search_term_string}\"},\"query-input\":{\"@type\":\"PropertyValueSpecification\",\"valueRequired\":true,\"valueName\":\"search_term_string\"}}],\"inLanguage\":\"fr-FR\"}]}<\/script>\n<!-- \/ Yoast SEO plugin. -->","yoast_head_json":{"title":"Sac Messager pour portable 15po \/ tablette Milan - Mancini","robots":{"index":"index","follow":"follow","max-snippet":"max-snippet:-1","max-image-preview":"max-image-preview:large","max-video-preview":"max-video-preview:-1"},"canonical":"https:\/\/www.mancinileather.com\/fr\/produit\/sac-messager-pour-portable-15po-tablette-milan","og_locale":"fr_FR","og_type":"article","og_title":"Sac Messager pour portable 15po \/ tablette Milan - Mancini","og_description":"Cette collection de porte-documents capture l&#8217;essence de\u00a0Milan. Sophistiqu\u00e9, avant-gardiste et [...]","og_url":"https:\/\/www.mancinileather.com\/fr\/produit\/sac-messager-pour-portable-15po-tablette-milan","og_site_name":"Mancini","article_modified_time":"2025-07-24T06:23:41+00:00","og_image":[{"width":1500,"height":1500,"url":"https:\/\/www.mancinileather.com\/wp-content\/uploads\/2022\/06\/95-9801-BK_1.jpg","type":"image\/jpeg"}],"twitter_card":"summary_large_image","twitter_misc":{"Est. reading time":"1 minute"},"schema":{"@context":"https:\/\/schema.org","@graph":[{"@type":"WebPage","@id":"https:\/\/www.mancinileather.com\/fr\/produit\/sac-messager-pour-portable-15po-tablette-milan","url":"https:\/\/www.mancinileather.com\/fr\/produit\/sac-messager-pour-portable-15po-tablette-milan","name":"Sac Messager pour portable 15po \/ tablette Milan - Mancini","isPartOf":{"@id":"https:\/\/www.mancinileather.com\/fr#website"},"primaryImageOfPage":{"@id":"https:\/\/www.mancinileather.com\/fr\/produit\/sac-messager-pour-portable-15po-tablette-milan#primaryimage"},"image":{"@id":"https:\/\/www.mancinileather.com\/fr\/produit\/sac-messager-pour-portable-15po-tablette-milan#primaryimage"},"thumbnailUrl":"https:\/\/www.mancinileather.com\/wp-content\/uploads\/2022\/06\/95-9801-BK_1.jpg","datePublished":"2022-06-21T15:45:00+00:00","dateModified":"2025-07-24T06:23:41+00:00","breadcrumb":{"@id":"https:\/\/www.mancinileather.com\/fr\/produit\/sac-messager-pour-portable-15po-tablette-milan#breadcrumb"},"inLanguage":"fr-FR","potentialAction":[{"@type":"ReadAction","target":["https:\/\/www.mancinileather.com\/fr\/produit\/sac-messager-pour-portable-15po-tablette-milan"]}]},{"@type":"ImageObject","inLanguage":"fr-FR","@id":"https:\/\/www.mancinileather.com\/fr\/produit\/sac-messager-pour-portable-15po-tablette-milan#primaryimage","url":"https:\/\/www.mancinileather.com\/wp-content\/uploads\/2022\/06\/95-9801-BK_1.jpg","contentUrl":"https:\/\/www.mancinileather.com\/wp-content\/uploads\/2022\/06\/95-9801-BK_1.jpg","width":1500,"height":1500,"caption":"Milan Messenger Bag for 15\u201d Laptop \/ Tablet]"},{"@type":"BreadcrumbList","@id":"https:\/\/www.mancinileather.com\/fr\/produit\/sac-messager-pour-portable-15po-tablette-milan#breadcrumb","itemListElement":[{"@type":"ListItem","position":1,"name":"Home","item":"https:\/\/www.mancinileather.com\/fr"},{"@type":"ListItem","position":2,"name":"Boutique","item":"https:\/\/www.mancinileather.com\/fr\/boutique"},{"@type":"ListItem","position":3,"name":"Sac Messager pour portable 15po \/ tablette Milan"}]},{"@type":"WebSite","@id":"https:\/\/www.mancinileather.com\/fr#website","url":"https:\/\/www.mancinileather.com\/fr","name":"Mancini","description":"Online Leather Store and Products","potentialAction":[{"@type":"SearchAction","target":{"@type":"EntryPoint","urlTemplate":"https:\/\/www.mancinileather.com\/fr?s={search_term_string}"},"query-input":{"@type":"PropertyValueSpecification","valueRequired":true,"valueName":"search_term_string"}}],"inLanguage":"fr-FR"}]}},"brands":[],"_links":{"self":[{"href":"https:\/\/www.mancinileather.com\/fr\/wp-json\/wp\/v2\/product\/53254","targetHints":{"allow":["GET"]}}],"collection":[{"href":"https:\/\/www.mancinileather.com\/fr\/wp-json\/wp\/v2\/product"}],"about":[{"href":"https:\/\/www.mancinileather.com\/fr\/wp-json\/wp\/v2\/types\/product"}],"replies":[{"embeddable":true,"href":"https:\/\/www.mancinileather.com\/fr\/wp-json\/wp\/v2\/comments?post=53254"}],"wp:featuredmedia":[{"embeddable":true,"href":"https:\/\/www.mancinileather.com\/fr\/wp-json\/wp\/v2\/media\/53235"}],"wp:attachment":[{"href":"https:\/\/www.mancinileather.com\/fr\/wp-json\/wp\/v2\/media?parent=53254"}],"wp:term":[{"taxonomy":"pwb-brand","embeddable":true,"href":"https:\/\/www.mancinileather.com\/fr\/wp-json\/wp\/v2\/pwb-brand?post=53254"},{"taxonomy":"product_brand","embeddable":true,"href":"https:\/\/www.mancinileather.com\/fr\/wp-json\/wp\/v2\/product_brand?post=53254"},{"taxonomy":"product_cat","embeddable":true,"href":"https:\/\/www.mancinileather.com\/fr\/wp-json\/wp\/v2\/product_cat?post=53254"},{"taxonomy":"product_tag","embeddable":true,"href":"https:\/\/www.mancinileather.com\/fr\/wp-json\/wp\/v2\/product_tag?post=53254"}],"curies":[{"name":"wp","href":"https:\/\/api.w.org\/{rel}","templated":true}]}}