{"id":53786,"date":"2022-06-23T14:10:40","date_gmt":"2022-06-23T18:10:40","guid":{"rendered":"https:\/\/mancini.bluehat.hosting\/product\/pebbled-ladies-rfid-trifold-wallet"},"modified":"2025-07-24T02:23:40","modified_gmt":"2025-07-24T06:23:40","slug":"pebbled-portefeuille-rfid-a-trois-volets-pour-dames","status":"publish","type":"product","link":"https:\/\/www.mancinileather.com\/fr\/produit\/pebbled-portefeuille-rfid-a-trois-volets-pour-dames","title":{"rendered":"Pebbled Portefeuille RFID \u00e0 trois volets pour dames"},"content":{"rendered":"<div class=\"fusion-fullwidth fullwidth-box fusion-builder-row-1 fusion-flex-container nonhundred-percent-fullwidth non-hundred-percent-height-scrolling\" style=\"--awb-border-radius-top-left:0px;--awb-border-radius-top-right:0px;--awb-border-radius-bottom-right:0px;--awb-border-radius-bottom-left:0px;--awb-flex-wrap:wrap;\" ><div class=\"fusion-builder-row fusion-row fusion-flex-align-items-flex-start fusion-flex-content-wrap\" style=\"max-width:1430px;margin-left: calc(-4% \/ 2 );margin-right: calc(-4% \/ 2 );\"><div class=\"fusion-layout-column fusion_builder_column fusion-builder-column-0 fusion_builder_column_1_1 1_1 fusion-flex-column\" style=\"--awb-bg-size:cover;--awb-width-large:100%;--awb-margin-top-large:0px;--awb-spacing-right-large:1.92%;--awb-margin-bottom-large:0px;--awb-spacing-left-large:1.92%;--awb-width-medium:100%;--awb-spacing-right-medium:1.92%;--awb-spacing-left-medium:1.92%;--awb-width-small:100%;--awb-spacing-right-small:1.92%;--awb-spacing-left-small:1.92%;\"><div class=\"fusion-column-wrapper fusion-flex-justify-content-flex-start fusion-content-layout-column\"><div class=\"fusion-text fusion-text-1\"><p>Les articles de notre collection de cuir grain\u00e9 sont fabriqu\u00e9s \u00e0 partir de cuir de vache pleine fleur souple \u00e0 impression grain\u00e9e. Chaque article est con\u00e7u \u00e0 la perfection jusque dans ses plus menus d\u00e9tails et arbore notre doublure Mancini et les finitions les plus raffin\u00e9es. Cette collection est \u00e9quip\u00e9e de la toute derni\u00e8re technologie de blocage d\u2019ondes RFID pour assurer la s\u00e9curit\u00e9 de vos donn\u00e9es et de vos cartes. Ainsi, les fentes pour cartes sont munies de couches m\u00e9talliques sp\u00e9ciales emp\u00eachant les voleurs d\u2019acc\u00e9der \u00e9lectroniquement \u00e0 l\u2019information contenue dans votre portefeuille.<\/p>\n<p>Ce portefeuille \u00e0 trois volets pourra contenir tous vos documents. Il est dot\u00e9 de nombreuses fentes et pochettes pour ranger toutes vos cartes de cr\u00e9dit, papiers d&#8217;identit\u00e9, billets et re\u00e7us. Ce porte-cartes est \u00e9galement \u00e9quip\u00e9 de la derni\u00e8re technologie de blocage d&#8217;ondes RFID pour assurer que vos donn\u00e9es et vos cartes sont s\u00e9curitaires.<\/p>\n<\/div><\/div><\/div><\/div><\/div>\n","protected":false},"excerpt":{"rendered":"","protected":false},"featured_media":53739,"comment_status":"open","ping_status":"closed","template":"","meta":[],"pwb-brand":[],"product_brand":[],"product_cat":[1630,1459,1501],"product_tag":[],"class_list":{"0":"post-53786","1":"product","2":"type-product","3":"status-publish","4":"has-post-thumbnail","6":"product_cat-femme","7":"product_cat-portefeuilles-en-cuir-femme","8":"product_cat-solde-produits-en-cuir-promotion","9":"pa_collection-pebble-fr","10":"pa_color-bleu-marin","11":"pa_color-chameau","12":"pa_color-gris-fr","13":"pa_color-noir-fr","14":"pa_color-os","15":"pa_color-rouge-fr","16":"pa_material-cuir-de-vachette-pleine-fleur-souple-avec-gaufrage-grain-de-galet","18":"first","19":"instock","20":"sale","21":"taxable","22":"shipping-taxable","23":"purchasable","24":"product-type-variable","25":"has-default-attributes"},"yoast_head":"<!-- This site is optimized with the Yoast SEO plugin v27.4 - https:\/\/yoast.com\/product\/yoast-seo-wordpress\/ -->\n<title>Pebbled Portefeuille RFID \u00e0 trois volets pour dames - Mancini<\/title>\n<meta name=\"description\" content=\"Ce portefeuille RFID en cuir grain\u00e9 \u00e0 trois volets allie sophistication et s\u00e9curit\u00e9. Offrez-vous un accessoire aussi chic que pratique d\u00e8s maintenant !\" \/>\n<meta name=\"robots\" content=\"index, follow, max-snippet:-1, max-image-preview:large, max-video-preview:-1\" \/>\n<link rel=\"canonical\" href=\"https:\/\/www.mancinileather.com\/fr\/produit\/pebbled-portefeuille-rfid-a-trois-volets-pour-dames\" \/>\n<meta property=\"og:locale\" content=\"fr_FR\" \/>\n<meta property=\"og:type\" content=\"article\" \/>\n<meta property=\"og:title\" content=\"Pebbled Portefeuille RFID \u00e0 trois volets pour dames - Mancini\" \/>\n<meta property=\"og:description\" content=\"Ce portefeuille RFID en cuir grain\u00e9 \u00e0 trois volets allie sophistication et s\u00e9curit\u00e9. Offrez-vous un accessoire aussi chic que pratique d\u00e8s maintenant !\" \/>\n<meta property=\"og:url\" content=\"https:\/\/www.mancinileather.com\/fr\/produit\/pebbled-portefeuille-rfid-a-trois-volets-pour-dames\" \/>\n<meta property=\"og:site_name\" content=\"Mancini\" \/>\n<meta property=\"article:modified_time\" content=\"2025-07-24T06:23:40+00:00\" \/>\n<meta property=\"og:image\" content=\"https:\/\/www.mancinileather.com\/wp-content\/uploads\/2022\/06\/10369-Camel_1.jpg\" \/>\n\t<meta property=\"og:image:width\" content=\"2000\" \/>\n\t<meta property=\"og:image:height\" content=\"2000\" \/>\n\t<meta property=\"og:image:type\" content=\"image\/jpeg\" \/>\n<meta name=\"twitter:card\" content=\"summary_large_image\" \/>\n<meta name=\"twitter:label1\" content=\"Est. reading time\" \/>\n\t<meta name=\"twitter:data1\" content=\"1 minute\" \/>\n<script type=\"application\/ld+json\" class=\"yoast-schema-graph\">{\"@context\":\"https:\\\/\\\/schema.org\",\"@graph\":[{\"@type\":\"WebPage\",\"@id\":\"https:\\\/\\\/www.mancinileather.com\\\/fr\\\/produit\\\/pebbled-portefeuille-rfid-a-trois-volets-pour-dames\",\"url\":\"https:\\\/\\\/www.mancinileather.com\\\/fr\\\/produit\\\/pebbled-portefeuille-rfid-a-trois-volets-pour-dames\",\"name\":\"Pebbled Portefeuille RFID \u00e0 trois volets pour dames - Mancini\",\"isPartOf\":{\"@id\":\"https:\\\/\\\/www.mancinileather.com\\\/fr#website\"},\"primaryImageOfPage\":{\"@id\":\"https:\\\/\\\/www.mancinileather.com\\\/fr\\\/produit\\\/pebbled-portefeuille-rfid-a-trois-volets-pour-dames#primaryimage\"},\"image\":{\"@id\":\"https:\\\/\\\/www.mancinileather.com\\\/fr\\\/produit\\\/pebbled-portefeuille-rfid-a-trois-volets-pour-dames#primaryimage\"},\"thumbnailUrl\":\"https:\\\/\\\/www.mancinileather.com\\\/wp-content\\\/uploads\\\/2022\\\/06\\\/10369-Camel_1.jpg\",\"datePublished\":\"2022-06-23T18:10:40+00:00\",\"dateModified\":\"2025-07-24T06:23:40+00:00\",\"description\":\"Ce portefeuille RFID en cuir grain\u00e9 \u00e0 trois volets allie sophistication et s\u00e9curit\u00e9. Offrez-vous un accessoire aussi chic que pratique d\u00e8s maintenant !\",\"breadcrumb\":{\"@id\":\"https:\\\/\\\/www.mancinileather.com\\\/fr\\\/produit\\\/pebbled-portefeuille-rfid-a-trois-volets-pour-dames#breadcrumb\"},\"inLanguage\":\"fr-FR\",\"potentialAction\":[{\"@type\":\"ReadAction\",\"target\":[\"https:\\\/\\\/www.mancinileather.com\\\/fr\\\/produit\\\/pebbled-portefeuille-rfid-a-trois-volets-pour-dames\"]}]},{\"@type\":\"ImageObject\",\"inLanguage\":\"fr-FR\",\"@id\":\"https:\\\/\\\/www.mancinileather.com\\\/fr\\\/produit\\\/pebbled-portefeuille-rfid-a-trois-volets-pour-dames#primaryimage\",\"url\":\"https:\\\/\\\/www.mancinileather.com\\\/wp-content\\\/uploads\\\/2022\\\/06\\\/10369-Camel_1.jpg\",\"contentUrl\":\"https:\\\/\\\/www.mancinileather.com\\\/wp-content\\\/uploads\\\/2022\\\/06\\\/10369-Camel_1.jpg\",\"width\":2000,\"height\":2000},{\"@type\":\"BreadcrumbList\",\"@id\":\"https:\\\/\\\/www.mancinileather.com\\\/fr\\\/produit\\\/pebbled-portefeuille-rfid-a-trois-volets-pour-dames#breadcrumb\",\"itemListElement\":[{\"@type\":\"ListItem\",\"position\":1,\"name\":\"Home\",\"item\":\"https:\\\/\\\/www.mancinileather.com\\\/fr\"},{\"@type\":\"ListItem\",\"position\":2,\"name\":\"Boutique\",\"item\":\"https:\\\/\\\/www.mancinileather.com\\\/fr\\\/boutique\"},{\"@type\":\"ListItem\",\"position\":3,\"name\":\"Pebbled Portefeuille RFID \u00e0 trois volets pour dames\"}]},{\"@type\":\"WebSite\",\"@id\":\"https:\\\/\\\/www.mancinileather.com\\\/fr#website\",\"url\":\"https:\\\/\\\/www.mancinileather.com\\\/fr\",\"name\":\"Mancini\",\"description\":\"Online Leather Store and Products\",\"potentialAction\":[{\"@type\":\"SearchAction\",\"target\":{\"@type\":\"EntryPoint\",\"urlTemplate\":\"https:\\\/\\\/www.mancinileather.com\\\/fr?s={search_term_string}\"},\"query-input\":{\"@type\":\"PropertyValueSpecification\",\"valueRequired\":true,\"valueName\":\"search_term_string\"}}],\"inLanguage\":\"fr-FR\"}]}<\/script>\n<!-- \/ Yoast SEO plugin. -->","yoast_head_json":{"title":"Pebbled Portefeuille RFID \u00e0 trois volets pour dames - Mancini","description":"Ce portefeuille RFID en cuir grain\u00e9 \u00e0 trois volets allie sophistication et s\u00e9curit\u00e9. Offrez-vous un accessoire aussi chic que pratique d\u00e8s maintenant !","robots":{"index":"index","follow":"follow","max-snippet":"max-snippet:-1","max-image-preview":"max-image-preview:large","max-video-preview":"max-video-preview:-1"},"canonical":"https:\/\/www.mancinileather.com\/fr\/produit\/pebbled-portefeuille-rfid-a-trois-volets-pour-dames","og_locale":"fr_FR","og_type":"article","og_title":"Pebbled Portefeuille RFID \u00e0 trois volets pour dames - Mancini","og_description":"Ce portefeuille RFID en cuir grain\u00e9 \u00e0 trois volets allie sophistication et s\u00e9curit\u00e9. Offrez-vous un accessoire aussi chic que pratique d\u00e8s maintenant !","og_url":"https:\/\/www.mancinileather.com\/fr\/produit\/pebbled-portefeuille-rfid-a-trois-volets-pour-dames","og_site_name":"Mancini","article_modified_time":"2025-07-24T06:23:40+00:00","og_image":[{"width":2000,"height":2000,"url":"https:\/\/www.mancinileather.com\/wp-content\/uploads\/2022\/06\/10369-Camel_1.jpg","type":"image\/jpeg"}],"twitter_card":"summary_large_image","twitter_misc":{"Est. reading time":"1 minute"},"schema":{"@context":"https:\/\/schema.org","@graph":[{"@type":"WebPage","@id":"https:\/\/www.mancinileather.com\/fr\/produit\/pebbled-portefeuille-rfid-a-trois-volets-pour-dames","url":"https:\/\/www.mancinileather.com\/fr\/produit\/pebbled-portefeuille-rfid-a-trois-volets-pour-dames","name":"Pebbled Portefeuille RFID \u00e0 trois volets pour dames - Mancini","isPartOf":{"@id":"https:\/\/www.mancinileather.com\/fr#website"},"primaryImageOfPage":{"@id":"https:\/\/www.mancinileather.com\/fr\/produit\/pebbled-portefeuille-rfid-a-trois-volets-pour-dames#primaryimage"},"image":{"@id":"https:\/\/www.mancinileather.com\/fr\/produit\/pebbled-portefeuille-rfid-a-trois-volets-pour-dames#primaryimage"},"thumbnailUrl":"https:\/\/www.mancinileather.com\/wp-content\/uploads\/2022\/06\/10369-Camel_1.jpg","datePublished":"2022-06-23T18:10:40+00:00","dateModified":"2025-07-24T06:23:40+00:00","description":"Ce portefeuille RFID en cuir grain\u00e9 \u00e0 trois volets allie sophistication et s\u00e9curit\u00e9. Offrez-vous un accessoire aussi chic que pratique d\u00e8s maintenant !","breadcrumb":{"@id":"https:\/\/www.mancinileather.com\/fr\/produit\/pebbled-portefeuille-rfid-a-trois-volets-pour-dames#breadcrumb"},"inLanguage":"fr-FR","potentialAction":[{"@type":"ReadAction","target":["https:\/\/www.mancinileather.com\/fr\/produit\/pebbled-portefeuille-rfid-a-trois-volets-pour-dames"]}]},{"@type":"ImageObject","inLanguage":"fr-FR","@id":"https:\/\/www.mancinileather.com\/fr\/produit\/pebbled-portefeuille-rfid-a-trois-volets-pour-dames#primaryimage","url":"https:\/\/www.mancinileather.com\/wp-content\/uploads\/2022\/06\/10369-Camel_1.jpg","contentUrl":"https:\/\/www.mancinileather.com\/wp-content\/uploads\/2022\/06\/10369-Camel_1.jpg","width":2000,"height":2000},{"@type":"BreadcrumbList","@id":"https:\/\/www.mancinileather.com\/fr\/produit\/pebbled-portefeuille-rfid-a-trois-volets-pour-dames#breadcrumb","itemListElement":[{"@type":"ListItem","position":1,"name":"Home","item":"https:\/\/www.mancinileather.com\/fr"},{"@type":"ListItem","position":2,"name":"Boutique","item":"https:\/\/www.mancinileather.com\/fr\/boutique"},{"@type":"ListItem","position":3,"name":"Pebbled Portefeuille RFID \u00e0 trois volets pour dames"}]},{"@type":"WebSite","@id":"https:\/\/www.mancinileather.com\/fr#website","url":"https:\/\/www.mancinileather.com\/fr","name":"Mancini","description":"Online Leather Store and Products","potentialAction":[{"@type":"SearchAction","target":{"@type":"EntryPoint","urlTemplate":"https:\/\/www.mancinileather.com\/fr?s={search_term_string}"},"query-input":{"@type":"PropertyValueSpecification","valueRequired":true,"valueName":"search_term_string"}}],"inLanguage":"fr-FR"}]}},"brands":[],"_links":{"self":[{"href":"https:\/\/www.mancinileather.com\/fr\/wp-json\/wp\/v2\/product\/53786","targetHints":{"allow":["GET"]}}],"collection":[{"href":"https:\/\/www.mancinileather.com\/fr\/wp-json\/wp\/v2\/product"}],"about":[{"href":"https:\/\/www.mancinileather.com\/fr\/wp-json\/wp\/v2\/types\/product"}],"replies":[{"embeddable":true,"href":"https:\/\/www.mancinileather.com\/fr\/wp-json\/wp\/v2\/comments?post=53786"}],"wp:featuredmedia":[{"embeddable":true,"href":"https:\/\/www.mancinileather.com\/fr\/wp-json\/wp\/v2\/media\/53739"}],"wp:attachment":[{"href":"https:\/\/www.mancinileather.com\/fr\/wp-json\/wp\/v2\/media?parent=53786"}],"wp:term":[{"taxonomy":"pwb-brand","embeddable":true,"href":"https:\/\/www.mancinileather.com\/fr\/wp-json\/wp\/v2\/pwb-brand?post=53786"},{"taxonomy":"product_brand","embeddable":true,"href":"https:\/\/www.mancinileather.com\/fr\/wp-json\/wp\/v2\/product_brand?post=53786"},{"taxonomy":"product_cat","embeddable":true,"href":"https:\/\/www.mancinileather.com\/fr\/wp-json\/wp\/v2\/product_cat?post=53786"},{"taxonomy":"product_tag","embeddable":true,"href":"https:\/\/www.mancinileather.com\/fr\/wp-json\/wp\/v2\/product_tag?post=53786"}],"curies":[{"name":"wp","href":"https:\/\/api.w.org\/{rel}","templated":true}]}}