{"id":53962,"date":"2022-06-23T15:42:08","date_gmt":"2022-06-23T19:42:08","guid":{"rendered":"https:\/\/mancini.bluehat.hosting\/product\/pebbled-brigette-backpack"},"modified":"2025-07-24T02:23:39","modified_gmt":"2025-07-24T06:23:39","slug":"pebbled-sac-a-dos-brigette","status":"publish","type":"product","link":"https:\/\/www.mancinileather.com\/fr\/produit\/pebbled-sac-a-dos-brigette","title":{"rendered":"Pebbled Sac \u00e0 dos Brigette"},"content":{"rendered":"<div class=\"fusion-fullwidth fullwidth-box fusion-builder-row-1 fusion-flex-container nonhundred-percent-fullwidth non-hundred-percent-height-scrolling\" style=\"--awb-border-radius-top-left:0px;--awb-border-radius-top-right:0px;--awb-border-radius-bottom-right:0px;--awb-border-radius-bottom-left:0px;--awb-flex-wrap:wrap;\" ><div class=\"fusion-builder-row fusion-row fusion-flex-align-items-flex-start fusion-flex-content-wrap\" style=\"max-width:1430px;margin-left: calc(-4% \/ 2 );margin-right: calc(-4% \/ 2 );\"><div class=\"fusion-layout-column fusion_builder_column fusion-builder-column-0 fusion_builder_column_1_1 1_1 fusion-flex-column\" style=\"--awb-bg-size:cover;--awb-width-large:100%;--awb-margin-top-large:0px;--awb-spacing-right-large:1.92%;--awb-margin-bottom-large:0px;--awb-spacing-left-large:1.92%;--awb-width-medium:100%;--awb-spacing-right-medium:1.92%;--awb-spacing-left-medium:1.92%;--awb-width-small:100%;--awb-spacing-right-small:1.92%;--awb-spacing-left-small:1.92%;\"><div class=\"fusion-column-wrapper fusion-flex-justify-content-flex-start fusion-content-layout-column\"><div class=\"fusion-text fusion-text-1\"><p>Les articles de notre collection de cuir grain\u00e9 sont fabriqu\u00e9s \u00e0 partir de cuir de vache pleine fleur souple \u00e0 impression grain\u00e9e. Chaque article est con\u00e7u \u00e0 la perfection jusque dans ses plus menus d\u00e9tails et arbore notre doublure Mancini et les finitions les plus raffin\u00e9es.<\/p>\n<p>Notre sac \u00e0 dos Brigette convient parfaitement aux balades en ville et pour faire des courses. Il est muni d\u2019une poign\u00e9e structur\u00e9e sur le dessus et de bretelles ajustables, ce qui vous permet de le transporter de la mani\u00e8re voulue. Empreint de notre logo, l\u2019int\u00e9rieur offre des compartiments spacieux pour tous vos articles essentiels.<\/p>\n<\/div><\/div><\/div><\/div><\/div>\n","protected":false},"excerpt":{"rendered":"","protected":false},"featured_media":53947,"comment_status":"open","ping_status":"closed","template":"","meta":[],"pwb-brand":[],"product_brand":[],"product_cat":[1505,1501,1630],"product_tag":[],"class_list":{"0":"post-53962","1":"product","2":"type-product","3":"status-publish","4":"has-post-thumbnail","6":"product_cat-sac-a-main-femme","7":"product_cat-solde-produits-en-cuir-promotion","8":"product_cat-femme","9":"pa_collection-pebble-fr","10":"pa_color-bleu-fr","11":"pa_color-brun","12":"pa_color-chameau","13":"pa_color-champignon","14":"pa_color-gris-fr","15":"pa_color-noir-fr","16":"pa_color-os","17":"pa_color-rouge-fr","18":"pa_color-taupe-fr","19":"pa_material-cuir-de-vachette-pleine-fleur-souple-avec-gaufrage-grain-de-galet","21":"first","22":"instock","23":"taxable","24":"shipping-taxable","25":"purchasable","26":"product-type-variable","27":"has-default-attributes"},"yoast_head":"<!-- This site is optimized with the Yoast SEO plugin v25.5 - https:\/\/yoast.com\/wordpress\/plugins\/seo\/ -->\n<title>Pebbled Sac \u00e0 dos Brigette - Mancini<\/title>\n<meta name=\"description\" content=\"Le sac \u00e0 dos Brigette est id\u00e9al pour les balades en ville et les courses avec une poign\u00e9e structur\u00e9e sur le dessus et des bretelles ajustables.\" \/>\n<meta name=\"robots\" content=\"index, follow, max-snippet:-1, max-image-preview:large, max-video-preview:-1\" \/>\n<link rel=\"canonical\" href=\"https:\/\/www.mancinileather.com\/fr\/produit\/pebbled-sac-a-dos-brigette\" \/>\n<meta property=\"og:locale\" content=\"fr_FR\" \/>\n<meta property=\"og:type\" content=\"article\" \/>\n<meta property=\"og:title\" content=\"Pebbled Sac \u00e0 dos Brigette - Mancini\" \/>\n<meta property=\"og:description\" content=\"Le sac \u00e0 dos Brigette est id\u00e9al pour les balades en ville et les courses avec une poign\u00e9e structur\u00e9e sur le dessus et des bretelles ajustables.\" \/>\n<meta property=\"og:url\" content=\"https:\/\/www.mancinileather.com\/fr\/produit\/pebbled-sac-a-dos-brigette\" \/>\n<meta property=\"og:site_name\" content=\"Mancini\" \/>\n<meta property=\"article:modified_time\" content=\"2025-07-24T06:23:39+00:00\" \/>\n<meta property=\"og:image\" content=\"https:\/\/www.mancinileather.com\/wp-content\/uploads\/2022\/06\/HBP_1055_Black_A.jpg\" \/>\n\t<meta property=\"og:image:width\" content=\"2000\" \/>\n\t<meta property=\"og:image:height\" content=\"2000\" \/>\n\t<meta property=\"og:image:type\" content=\"image\/jpeg\" \/>\n<meta name=\"twitter:card\" content=\"summary_large_image\" \/>\n<meta name=\"twitter:label1\" content=\"Est. reading time\" \/>\n\t<meta name=\"twitter:data1\" content=\"1 minute\" \/>\n<script type=\"application\/ld+json\" class=\"yoast-schema-graph\">{\"@context\":\"https:\/\/schema.org\",\"@graph\":[{\"@type\":\"WebPage\",\"@id\":\"https:\/\/www.mancinileather.com\/fr\/produit\/pebbled-sac-a-dos-brigette\",\"url\":\"https:\/\/www.mancinileather.com\/fr\/produit\/pebbled-sac-a-dos-brigette\",\"name\":\"Pebbled Sac \u00e0 dos Brigette - Mancini\",\"isPartOf\":{\"@id\":\"https:\/\/www.mancinileather.com\/fr#website\"},\"primaryImageOfPage\":{\"@id\":\"https:\/\/www.mancinileather.com\/fr\/produit\/pebbled-sac-a-dos-brigette#primaryimage\"},\"image\":{\"@id\":\"https:\/\/www.mancinileather.com\/fr\/produit\/pebbled-sac-a-dos-brigette#primaryimage\"},\"thumbnailUrl\":\"https:\/\/www.mancinileather.com\/wp-content\/uploads\/2022\/06\/HBP_1055_Black_A.jpg\",\"datePublished\":\"2022-06-23T19:42:08+00:00\",\"dateModified\":\"2025-07-24T06:23:39+00:00\",\"description\":\"Le sac \u00e0 dos Brigette est id\u00e9al pour les balades en ville et les courses avec une poign\u00e9e structur\u00e9e sur le dessus et des bretelles ajustables.\",\"breadcrumb\":{\"@id\":\"https:\/\/www.mancinileather.com\/fr\/produit\/pebbled-sac-a-dos-brigette#breadcrumb\"},\"inLanguage\":\"fr-FR\",\"potentialAction\":[{\"@type\":\"ReadAction\",\"target\":[\"https:\/\/www.mancinileather.com\/fr\/produit\/pebbled-sac-a-dos-brigette\"]}]},{\"@type\":\"ImageObject\",\"inLanguage\":\"fr-FR\",\"@id\":\"https:\/\/www.mancinileather.com\/fr\/produit\/pebbled-sac-a-dos-brigette#primaryimage\",\"url\":\"https:\/\/www.mancinileather.com\/wp-content\/uploads\/2022\/06\/HBP_1055_Black_A.jpg\",\"contentUrl\":\"https:\/\/www.mancinileather.com\/wp-content\/uploads\/2022\/06\/HBP_1055_Black_A.jpg\",\"width\":2000,\"height\":2000},{\"@type\":\"BreadcrumbList\",\"@id\":\"https:\/\/www.mancinileather.com\/fr\/produit\/pebbled-sac-a-dos-brigette#breadcrumb\",\"itemListElement\":[{\"@type\":\"ListItem\",\"position\":1,\"name\":\"Home\",\"item\":\"https:\/\/www.mancinileather.com\/fr\"},{\"@type\":\"ListItem\",\"position\":2,\"name\":\"Boutique\",\"item\":\"https:\/\/www.mancinileather.com\/fr\/boutique\"},{\"@type\":\"ListItem\",\"position\":3,\"name\":\"Pebbled Sac \u00e0 dos Brigette\"}]},{\"@type\":\"WebSite\",\"@id\":\"https:\/\/www.mancinileather.com\/fr#website\",\"url\":\"https:\/\/www.mancinileather.com\/fr\",\"name\":\"Mancini\",\"description\":\"Online Leather Store and Products\",\"potentialAction\":[{\"@type\":\"SearchAction\",\"target\":{\"@type\":\"EntryPoint\",\"urlTemplate\":\"https:\/\/www.mancinileather.com\/fr?s={search_term_string}\"},\"query-input\":{\"@type\":\"PropertyValueSpecification\",\"valueRequired\":true,\"valueName\":\"search_term_string\"}}],\"inLanguage\":\"fr-FR\"}]}<\/script>\n<!-- \/ Yoast SEO plugin. -->","yoast_head_json":{"title":"Pebbled Sac \u00e0 dos Brigette - Mancini","description":"Le sac \u00e0 dos Brigette est id\u00e9al pour les balades en ville et les courses avec une poign\u00e9e structur\u00e9e sur le dessus et des bretelles ajustables.","robots":{"index":"index","follow":"follow","max-snippet":"max-snippet:-1","max-image-preview":"max-image-preview:large","max-video-preview":"max-video-preview:-1"},"canonical":"https:\/\/www.mancinileather.com\/fr\/produit\/pebbled-sac-a-dos-brigette","og_locale":"fr_FR","og_type":"article","og_title":"Pebbled Sac \u00e0 dos Brigette - Mancini","og_description":"Le sac \u00e0 dos Brigette est id\u00e9al pour les balades en ville et les courses avec une poign\u00e9e structur\u00e9e sur le dessus et des bretelles ajustables.","og_url":"https:\/\/www.mancinileather.com\/fr\/produit\/pebbled-sac-a-dos-brigette","og_site_name":"Mancini","article_modified_time":"2025-07-24T06:23:39+00:00","og_image":[{"width":2000,"height":2000,"url":"https:\/\/www.mancinileather.com\/wp-content\/uploads\/2022\/06\/HBP_1055_Black_A.jpg","type":"image\/jpeg"}],"twitter_card":"summary_large_image","twitter_misc":{"Est. reading time":"1 minute"},"schema":{"@context":"https:\/\/schema.org","@graph":[{"@type":"WebPage","@id":"https:\/\/www.mancinileather.com\/fr\/produit\/pebbled-sac-a-dos-brigette","url":"https:\/\/www.mancinileather.com\/fr\/produit\/pebbled-sac-a-dos-brigette","name":"Pebbled Sac \u00e0 dos Brigette - Mancini","isPartOf":{"@id":"https:\/\/www.mancinileather.com\/fr#website"},"primaryImageOfPage":{"@id":"https:\/\/www.mancinileather.com\/fr\/produit\/pebbled-sac-a-dos-brigette#primaryimage"},"image":{"@id":"https:\/\/www.mancinileather.com\/fr\/produit\/pebbled-sac-a-dos-brigette#primaryimage"},"thumbnailUrl":"https:\/\/www.mancinileather.com\/wp-content\/uploads\/2022\/06\/HBP_1055_Black_A.jpg","datePublished":"2022-06-23T19:42:08+00:00","dateModified":"2025-07-24T06:23:39+00:00","description":"Le sac \u00e0 dos Brigette est id\u00e9al pour les balades en ville et les courses avec une poign\u00e9e structur\u00e9e sur le dessus et des bretelles ajustables.","breadcrumb":{"@id":"https:\/\/www.mancinileather.com\/fr\/produit\/pebbled-sac-a-dos-brigette#breadcrumb"},"inLanguage":"fr-FR","potentialAction":[{"@type":"ReadAction","target":["https:\/\/www.mancinileather.com\/fr\/produit\/pebbled-sac-a-dos-brigette"]}]},{"@type":"ImageObject","inLanguage":"fr-FR","@id":"https:\/\/www.mancinileather.com\/fr\/produit\/pebbled-sac-a-dos-brigette#primaryimage","url":"https:\/\/www.mancinileather.com\/wp-content\/uploads\/2022\/06\/HBP_1055_Black_A.jpg","contentUrl":"https:\/\/www.mancinileather.com\/wp-content\/uploads\/2022\/06\/HBP_1055_Black_A.jpg","width":2000,"height":2000},{"@type":"BreadcrumbList","@id":"https:\/\/www.mancinileather.com\/fr\/produit\/pebbled-sac-a-dos-brigette#breadcrumb","itemListElement":[{"@type":"ListItem","position":1,"name":"Home","item":"https:\/\/www.mancinileather.com\/fr"},{"@type":"ListItem","position":2,"name":"Boutique","item":"https:\/\/www.mancinileather.com\/fr\/boutique"},{"@type":"ListItem","position":3,"name":"Pebbled Sac \u00e0 dos Brigette"}]},{"@type":"WebSite","@id":"https:\/\/www.mancinileather.com\/fr#website","url":"https:\/\/www.mancinileather.com\/fr","name":"Mancini","description":"Online Leather Store and Products","potentialAction":[{"@type":"SearchAction","target":{"@type":"EntryPoint","urlTemplate":"https:\/\/www.mancinileather.com\/fr?s={search_term_string}"},"query-input":{"@type":"PropertyValueSpecification","valueRequired":true,"valueName":"search_term_string"}}],"inLanguage":"fr-FR"}]}},"brands":[],"_links":{"self":[{"href":"https:\/\/www.mancinileather.com\/fr\/wp-json\/wp\/v2\/product\/53962","targetHints":{"allow":["GET"]}}],"collection":[{"href":"https:\/\/www.mancinileather.com\/fr\/wp-json\/wp\/v2\/product"}],"about":[{"href":"https:\/\/www.mancinileather.com\/fr\/wp-json\/wp\/v2\/types\/product"}],"replies":[{"embeddable":true,"href":"https:\/\/www.mancinileather.com\/fr\/wp-json\/wp\/v2\/comments?post=53962"}],"wp:featuredmedia":[{"embeddable":true,"href":"https:\/\/www.mancinileather.com\/fr\/wp-json\/wp\/v2\/media\/53947"}],"wp:attachment":[{"href":"https:\/\/www.mancinileather.com\/fr\/wp-json\/wp\/v2\/media?parent=53962"}],"wp:term":[{"taxonomy":"pwb-brand","embeddable":true,"href":"https:\/\/www.mancinileather.com\/fr\/wp-json\/wp\/v2\/pwb-brand?post=53962"},{"taxonomy":"product_brand","embeddable":true,"href":"https:\/\/www.mancinileather.com\/fr\/wp-json\/wp\/v2\/product_brand?post=53962"},{"taxonomy":"product_cat","embeddable":true,"href":"https:\/\/www.mancinileather.com\/fr\/wp-json\/wp\/v2\/product_cat?post=53962"},{"taxonomy":"product_tag","embeddable":true,"href":"https:\/\/www.mancinileather.com\/fr\/wp-json\/wp\/v2\/product_tag?post=53962"}],"curies":[{"name":"wp","href":"https:\/\/api.w.org\/{rel}","templated":true}]}}