{"id":54030,"date":"2022-07-06T15:13:10","date_gmt":"2022-07-06T19:13:10","guid":{"rendered":"https:\/\/mancini.bluehat.hosting\/product\/pebbled-rachel-camera-style-crossbody-bag"},"modified":"2025-07-24T02:23:39","modified_gmt":"2025-07-24T06:23:39","slug":"pebbled-sac-a-bandouliere-porte-croise-style-appareil-photo-rachel","status":"publish","type":"product","link":"https:\/\/www.mancinileather.com\/fr\/produit\/pebbled-sac-a-bandouliere-porte-croise-style-appareil-photo-rachel","title":{"rendered":"Pebbled Sac \u00e0 bandouli\u00e8re port\u00e9 crois\u00e9 style appareil photo Rachel"},"content":{"rendered":"<div class=\"fusion-fullwidth fullwidth-box fusion-builder-row-1 fusion-flex-container nonhundred-percent-fullwidth non-hundred-percent-height-scrolling\" style=\"--awb-border-radius-top-left:0px;--awb-border-radius-top-right:0px;--awb-border-radius-bottom-right:0px;--awb-border-radius-bottom-left:0px;--awb-flex-wrap:wrap;\" ><div class=\"fusion-builder-row fusion-row fusion-flex-align-items-flex-start fusion-flex-content-wrap\" style=\"max-width:1430px;margin-left: calc(-4% \/ 2 );margin-right: calc(-4% \/ 2 );\"><div class=\"fusion-layout-column fusion_builder_column fusion-builder-column-0 fusion_builder_column_1_1 1_1 fusion-flex-column\" style=\"--awb-bg-size:cover;--awb-width-large:100%;--awb-margin-top-large:0px;--awb-spacing-right-large:1.92%;--awb-margin-bottom-large:0px;--awb-spacing-left-large:1.92%;--awb-width-medium:100%;--awb-spacing-right-medium:1.92%;--awb-spacing-left-medium:1.92%;--awb-width-small:100%;--awb-spacing-right-small:1.92%;--awb-spacing-left-small:1.92%;\"><div class=\"fusion-column-wrapper fusion-flex-justify-content-flex-start fusion-content-layout-column\"><div class=\"fusion-text fusion-text-1\"><p>Les articles de notre collection de cuir grain\u00e9 sont fabriqu\u00e9s \u00e0 partir de cuir de vache pleine fleur souple \u00e0 impression grain\u00e9e. Chaque article est con\u00e7u \u00e0 la perfection jusque dans ses plus menus d\u00e9tails et arbore notre doublure Mancini et les finitions les plus raffin\u00e9es.<\/p>\n<p>Notre sac \u00e0 bandouli\u00e8re port\u00e9 crois\u00e9 Rachel de style sac d\u2019appareil photo est de taille parfaite pour contenir tout ce dont vous avez besoin tout en vous donnant un look styl\u00e9. Ce sac est muni d\u2019une fermeture \u00e0 glissi\u00e8re pour une s\u00e9curit\u00e9 optimale. Empreint de notre logo, l\u2019int\u00e9rieur offre un compartiment spacieux pour tous vos articles essentiels. Ce sac est aussi muni d\u2019une bandouli\u00e8re ajustable et d\u2019une poche arri\u00e8re ext\u00e9rieure \u00e0 fermeture \u00e0 glissi\u00e8re.<\/p>\n<\/div><\/div><\/div><\/div><\/div>\n","protected":false},"excerpt":{"rendered":"","protected":false},"featured_media":56362,"comment_status":"open","ping_status":"closed","template":"","meta":[],"pwb-brand":[],"product_brand":[],"product_cat":[1505,1501,1630],"product_tag":[],"class_list":{"0":"post-54030","1":"product","2":"type-product","3":"status-publish","4":"has-post-thumbnail","6":"product_cat-sac-a-main-femme","7":"product_cat-solde-produits-en-cuir-promotion","8":"product_cat-femme","9":"pa_collection-pebble-fr","10":"pa_color-white-fr","11":"pa_color-bleu-marin","12":"pa_color-chameau","13":"pa_color-noir-fr","14":"pa_color-os","15":"pa_color-rouge-fr","16":"pa_material-cuir-de-vachette-pleine-fleur-souple-avec-gaufrage-grain-de-galet","18":"first","19":"instock","20":"sale","21":"taxable","22":"shipping-taxable","23":"purchasable","24":"product-type-variable","25":"has-default-attributes"},"yoast_head":"<!-- This site is optimized with the Yoast SEO plugin v25.5 - https:\/\/yoast.com\/wordpress\/plugins\/seo\/ -->\n<title>Pebbled Sac \u00e0 bandouli\u00e8re port\u00e9 crois\u00e9 style appareil photo Rachel - Mancini<\/title>\n<meta name=\"description\" content=\"Le sac \u00e0 bandouli\u00e8re port\u00e9 crois\u00e9 style appareil photo Rachel est un accessoire \u00e9l\u00e9gant de taille parfaite pour contenir tout ce dont vous avez besoin.\" \/>\n<meta name=\"robots\" content=\"index, follow, max-snippet:-1, max-image-preview:large, max-video-preview:-1\" \/>\n<link rel=\"canonical\" href=\"https:\/\/www.mancinileather.com\/fr\/produit\/pebbled-sac-a-bandouliere-porte-croise-style-appareil-photo-rachel\" \/>\n<meta property=\"og:locale\" content=\"fr_FR\" \/>\n<meta property=\"og:type\" content=\"article\" \/>\n<meta property=\"og:title\" content=\"Pebbled Sac \u00e0 bandouli\u00e8re port\u00e9 crois\u00e9 style appareil photo Rachel - Mancini\" \/>\n<meta property=\"og:description\" content=\"Le sac \u00e0 bandouli\u00e8re port\u00e9 crois\u00e9 style appareil photo Rachel est un accessoire \u00e9l\u00e9gant de taille parfaite pour contenir tout ce dont vous avez besoin.\" \/>\n<meta property=\"og:url\" content=\"https:\/\/www.mancinileather.com\/fr\/produit\/pebbled-sac-a-bandouliere-porte-croise-style-appareil-photo-rachel\" \/>\n<meta property=\"og:site_name\" content=\"Mancini\" \/>\n<meta property=\"article:modified_time\" content=\"2025-07-24T06:23:39+00:00\" \/>\n<meta property=\"og:image\" content=\"https:\/\/www.mancinileather.com\/wp-content\/uploads\/2022\/07\/HBP1063-Navy_2.jpg\" \/>\n\t<meta property=\"og:image:width\" content=\"1240\" \/>\n\t<meta property=\"og:image:height\" content=\"1240\" \/>\n\t<meta property=\"og:image:type\" content=\"image\/jpeg\" \/>\n<meta name=\"twitter:card\" content=\"summary_large_image\" \/>\n<meta name=\"twitter:label1\" content=\"Est. reading time\" \/>\n\t<meta name=\"twitter:data1\" content=\"1 minute\" \/>\n<script type=\"application\/ld+json\" class=\"yoast-schema-graph\">{\"@context\":\"https:\/\/schema.org\",\"@graph\":[{\"@type\":\"WebPage\",\"@id\":\"https:\/\/www.mancinileather.com\/fr\/produit\/pebbled-sac-a-bandouliere-porte-croise-style-appareil-photo-rachel\",\"url\":\"https:\/\/www.mancinileather.com\/fr\/produit\/pebbled-sac-a-bandouliere-porte-croise-style-appareil-photo-rachel\",\"name\":\"Pebbled Sac \u00e0 bandouli\u00e8re port\u00e9 crois\u00e9 style appareil photo Rachel - Mancini\",\"isPartOf\":{\"@id\":\"https:\/\/www.mancinileather.com\/fr#website\"},\"primaryImageOfPage\":{\"@id\":\"https:\/\/www.mancinileather.com\/fr\/produit\/pebbled-sac-a-bandouliere-porte-croise-style-appareil-photo-rachel#primaryimage\"},\"image\":{\"@id\":\"https:\/\/www.mancinileather.com\/fr\/produit\/pebbled-sac-a-bandouliere-porte-croise-style-appareil-photo-rachel#primaryimage\"},\"thumbnailUrl\":\"https:\/\/www.mancinileather.com\/wp-content\/uploads\/2022\/07\/HBP1063-Navy_2.jpg\",\"datePublished\":\"2022-07-06T19:13:10+00:00\",\"dateModified\":\"2025-07-24T06:23:39+00:00\",\"description\":\"Le sac \u00e0 bandouli\u00e8re port\u00e9 crois\u00e9 style appareil photo Rachel est un accessoire \u00e9l\u00e9gant de taille parfaite pour contenir tout ce dont vous avez besoin.\",\"breadcrumb\":{\"@id\":\"https:\/\/www.mancinileather.com\/fr\/produit\/pebbled-sac-a-bandouliere-porte-croise-style-appareil-photo-rachel#breadcrumb\"},\"inLanguage\":\"fr-FR\",\"potentialAction\":[{\"@type\":\"ReadAction\",\"target\":[\"https:\/\/www.mancinileather.com\/fr\/produit\/pebbled-sac-a-bandouliere-porte-croise-style-appareil-photo-rachel\"]}]},{\"@type\":\"ImageObject\",\"inLanguage\":\"fr-FR\",\"@id\":\"https:\/\/www.mancinileather.com\/fr\/produit\/pebbled-sac-a-bandouliere-porte-croise-style-appareil-photo-rachel#primaryimage\",\"url\":\"https:\/\/www.mancinileather.com\/wp-content\/uploads\/2022\/07\/HBP1063-Navy_2.jpg\",\"contentUrl\":\"https:\/\/www.mancinileather.com\/wp-content\/uploads\/2022\/07\/HBP1063-Navy_2.jpg\",\"width\":1240,\"height\":1240},{\"@type\":\"BreadcrumbList\",\"@id\":\"https:\/\/www.mancinileather.com\/fr\/produit\/pebbled-sac-a-bandouliere-porte-croise-style-appareil-photo-rachel#breadcrumb\",\"itemListElement\":[{\"@type\":\"ListItem\",\"position\":1,\"name\":\"Home\",\"item\":\"https:\/\/www.mancinileather.com\/fr\"},{\"@type\":\"ListItem\",\"position\":2,\"name\":\"Boutique\",\"item\":\"https:\/\/www.mancinileather.com\/fr\/boutique\"},{\"@type\":\"ListItem\",\"position\":3,\"name\":\"Pebbled Sac \u00e0 bandouli\u00e8re port\u00e9 crois\u00e9 style appareil photo Rachel\"}]},{\"@type\":\"WebSite\",\"@id\":\"https:\/\/www.mancinileather.com\/fr#website\",\"url\":\"https:\/\/www.mancinileather.com\/fr\",\"name\":\"Mancini\",\"description\":\"Online Leather Store and Products\",\"potentialAction\":[{\"@type\":\"SearchAction\",\"target\":{\"@type\":\"EntryPoint\",\"urlTemplate\":\"https:\/\/www.mancinileather.com\/fr?s={search_term_string}\"},\"query-input\":{\"@type\":\"PropertyValueSpecification\",\"valueRequired\":true,\"valueName\":\"search_term_string\"}}],\"inLanguage\":\"fr-FR\"}]}<\/script>\n<!-- \/ Yoast SEO plugin. -->","yoast_head_json":{"title":"Pebbled Sac \u00e0 bandouli\u00e8re port\u00e9 crois\u00e9 style appareil photo Rachel - Mancini","description":"Le sac \u00e0 bandouli\u00e8re port\u00e9 crois\u00e9 style appareil photo Rachel est un accessoire \u00e9l\u00e9gant de taille parfaite pour contenir tout ce dont vous avez besoin.","robots":{"index":"index","follow":"follow","max-snippet":"max-snippet:-1","max-image-preview":"max-image-preview:large","max-video-preview":"max-video-preview:-1"},"canonical":"https:\/\/www.mancinileather.com\/fr\/produit\/pebbled-sac-a-bandouliere-porte-croise-style-appareil-photo-rachel","og_locale":"fr_FR","og_type":"article","og_title":"Pebbled Sac \u00e0 bandouli\u00e8re port\u00e9 crois\u00e9 style appareil photo Rachel - Mancini","og_description":"Le sac \u00e0 bandouli\u00e8re port\u00e9 crois\u00e9 style appareil photo Rachel est un accessoire \u00e9l\u00e9gant de taille parfaite pour contenir tout ce dont vous avez besoin.","og_url":"https:\/\/www.mancinileather.com\/fr\/produit\/pebbled-sac-a-bandouliere-porte-croise-style-appareil-photo-rachel","og_site_name":"Mancini","article_modified_time":"2025-07-24T06:23:39+00:00","og_image":[{"width":1240,"height":1240,"url":"https:\/\/www.mancinileather.com\/wp-content\/uploads\/2022\/07\/HBP1063-Navy_2.jpg","type":"image\/jpeg"}],"twitter_card":"summary_large_image","twitter_misc":{"Est. reading time":"1 minute"},"schema":{"@context":"https:\/\/schema.org","@graph":[{"@type":"WebPage","@id":"https:\/\/www.mancinileather.com\/fr\/produit\/pebbled-sac-a-bandouliere-porte-croise-style-appareil-photo-rachel","url":"https:\/\/www.mancinileather.com\/fr\/produit\/pebbled-sac-a-bandouliere-porte-croise-style-appareil-photo-rachel","name":"Pebbled Sac \u00e0 bandouli\u00e8re port\u00e9 crois\u00e9 style appareil photo Rachel - Mancini","isPartOf":{"@id":"https:\/\/www.mancinileather.com\/fr#website"},"primaryImageOfPage":{"@id":"https:\/\/www.mancinileather.com\/fr\/produit\/pebbled-sac-a-bandouliere-porte-croise-style-appareil-photo-rachel#primaryimage"},"image":{"@id":"https:\/\/www.mancinileather.com\/fr\/produit\/pebbled-sac-a-bandouliere-porte-croise-style-appareil-photo-rachel#primaryimage"},"thumbnailUrl":"https:\/\/www.mancinileather.com\/wp-content\/uploads\/2022\/07\/HBP1063-Navy_2.jpg","datePublished":"2022-07-06T19:13:10+00:00","dateModified":"2025-07-24T06:23:39+00:00","description":"Le sac \u00e0 bandouli\u00e8re port\u00e9 crois\u00e9 style appareil photo Rachel est un accessoire \u00e9l\u00e9gant de taille parfaite pour contenir tout ce dont vous avez besoin.","breadcrumb":{"@id":"https:\/\/www.mancinileather.com\/fr\/produit\/pebbled-sac-a-bandouliere-porte-croise-style-appareil-photo-rachel#breadcrumb"},"inLanguage":"fr-FR","potentialAction":[{"@type":"ReadAction","target":["https:\/\/www.mancinileather.com\/fr\/produit\/pebbled-sac-a-bandouliere-porte-croise-style-appareil-photo-rachel"]}]},{"@type":"ImageObject","inLanguage":"fr-FR","@id":"https:\/\/www.mancinileather.com\/fr\/produit\/pebbled-sac-a-bandouliere-porte-croise-style-appareil-photo-rachel#primaryimage","url":"https:\/\/www.mancinileather.com\/wp-content\/uploads\/2022\/07\/HBP1063-Navy_2.jpg","contentUrl":"https:\/\/www.mancinileather.com\/wp-content\/uploads\/2022\/07\/HBP1063-Navy_2.jpg","width":1240,"height":1240},{"@type":"BreadcrumbList","@id":"https:\/\/www.mancinileather.com\/fr\/produit\/pebbled-sac-a-bandouliere-porte-croise-style-appareil-photo-rachel#breadcrumb","itemListElement":[{"@type":"ListItem","position":1,"name":"Home","item":"https:\/\/www.mancinileather.com\/fr"},{"@type":"ListItem","position":2,"name":"Boutique","item":"https:\/\/www.mancinileather.com\/fr\/boutique"},{"@type":"ListItem","position":3,"name":"Pebbled Sac \u00e0 bandouli\u00e8re port\u00e9 crois\u00e9 style appareil photo Rachel"}]},{"@type":"WebSite","@id":"https:\/\/www.mancinileather.com\/fr#website","url":"https:\/\/www.mancinileather.com\/fr","name":"Mancini","description":"Online Leather Store and Products","potentialAction":[{"@type":"SearchAction","target":{"@type":"EntryPoint","urlTemplate":"https:\/\/www.mancinileather.com\/fr?s={search_term_string}"},"query-input":{"@type":"PropertyValueSpecification","valueRequired":true,"valueName":"search_term_string"}}],"inLanguage":"fr-FR"}]}},"brands":[],"_links":{"self":[{"href":"https:\/\/www.mancinileather.com\/fr\/wp-json\/wp\/v2\/product\/54030","targetHints":{"allow":["GET"]}}],"collection":[{"href":"https:\/\/www.mancinileather.com\/fr\/wp-json\/wp\/v2\/product"}],"about":[{"href":"https:\/\/www.mancinileather.com\/fr\/wp-json\/wp\/v2\/types\/product"}],"replies":[{"embeddable":true,"href":"https:\/\/www.mancinileather.com\/fr\/wp-json\/wp\/v2\/comments?post=54030"}],"wp:featuredmedia":[{"embeddable":true,"href":"https:\/\/www.mancinileather.com\/fr\/wp-json\/wp\/v2\/media\/56362"}],"wp:attachment":[{"href":"https:\/\/www.mancinileather.com\/fr\/wp-json\/wp\/v2\/media?parent=54030"}],"wp:term":[{"taxonomy":"pwb-brand","embeddable":true,"href":"https:\/\/www.mancinileather.com\/fr\/wp-json\/wp\/v2\/pwb-brand?post=54030"},{"taxonomy":"product_brand","embeddable":true,"href":"https:\/\/www.mancinileather.com\/fr\/wp-json\/wp\/v2\/product_brand?post=54030"},{"taxonomy":"product_cat","embeddable":true,"href":"https:\/\/www.mancinileather.com\/fr\/wp-json\/wp\/v2\/product_cat?post=54030"},{"taxonomy":"product_tag","embeddable":true,"href":"https:\/\/www.mancinileather.com\/fr\/wp-json\/wp\/v2\/product_tag?post=54030"}],"curies":[{"name":"wp","href":"https:\/\/api.w.org\/{rel}","templated":true}]}}