{"id":54281,"date":"2022-07-11T15:15:18","date_gmt":"2022-07-11T19:15:18","guid":{"rendered":"https:\/\/mancini.bluehat.hosting\/product\/pebbled-katherine-shoulder-bag"},"modified":"2025-07-24T02:23:38","modified_gmt":"2025-07-24T06:23:38","slug":"pebbled-sac-a-bandouliere-katherine","status":"publish","type":"product","link":"https:\/\/www.mancinileather.com\/fr\/produit\/pebbled-sac-a-bandouliere-katherine","title":{"rendered":"Pebbled Sac \u00e0 bandouli\u00e8re Katherine"},"content":{"rendered":"<div class=\"fusion-fullwidth fullwidth-box fusion-builder-row-1 fusion-flex-container nonhundred-percent-fullwidth non-hundred-percent-height-scrolling\" style=\"--awb-border-radius-top-left:0px;--awb-border-radius-top-right:0px;--awb-border-radius-bottom-right:0px;--awb-border-radius-bottom-left:0px;--awb-flex-wrap:wrap;\" ><div class=\"fusion-builder-row fusion-row fusion-flex-align-items-flex-start fusion-flex-content-wrap\" style=\"max-width:1430px;margin-left: calc(-4% \/ 2 );margin-right: calc(-4% \/ 2 );\"><div class=\"fusion-layout-column fusion_builder_column fusion-builder-column-0 fusion_builder_column_1_1 1_1 fusion-flex-column\" style=\"--awb-bg-size:cover;--awb-width-large:100%;--awb-margin-top-large:0px;--awb-spacing-right-large:1.92%;--awb-margin-bottom-large:0px;--awb-spacing-left-large:1.92%;--awb-width-medium:100%;--awb-spacing-right-medium:1.92%;--awb-spacing-left-medium:1.92%;--awb-width-small:100%;--awb-spacing-right-small:1.92%;--awb-spacing-left-small:1.92%;\"><div class=\"fusion-column-wrapper fusion-flex-justify-content-flex-start fusion-content-layout-column\"><div class=\"fusion-text fusion-text-1\"><p>Les articles de notre collection de cuir grain\u00e9 sont fabriqu\u00e9s \u00e0 partir de cuir de vache pleine fleur souple \u00e0 impression grain\u00e9e. Chaque article est con\u00e7u \u00e0 la perfection jusque dans ses plus menus d\u00e9tails et arbore notre doublure Mancini et les finitions les plus raffin\u00e9es.<\/p>\n<p>Notre sac \u00e0 bandouli\u00e8re Katherine est de taille parfaite\u00a0: vous pouvez y mettre tout ce dont vous avez besoin tout en ayant du style. Ce sac \u00e0 main poss\u00e8de une fermeture \u00e0 glissi\u00e8re pour une s\u00e9curit\u00e9 optimale. Empreint de notre logo, l\u2019int\u00e9rieur offre un compartiment spacieux pour tous vos articles essentiels, deux poches fendues ainsi qu\u2019une poche additionnelle \u00e0 fermeture \u00e0 glissi\u00e8re pour une organisation facile.<\/p>\n<\/div><\/div><\/div><\/div><\/div>\n","protected":false},"excerpt":{"rendered":"","protected":false},"featured_media":56110,"comment_status":"open","ping_status":"closed","template":"","meta":[],"pwb-brand":[],"product_brand":[],"product_cat":[1505,1501,1630],"product_tag":[],"class_list":{"0":"post-54281","1":"product","2":"type-product","3":"status-publish","4":"has-post-thumbnail","6":"product_cat-sac-a-main-femme","7":"product_cat-solde-produits-en-cuir-promotion","8":"product_cat-femme","9":"pa_collection-pebble-fr","10":"pa_color-chameau","11":"pa_color-gris-fr","12":"pa_color-noir-fr","13":"pa_color-os","14":"pa_material-cuir-de-vachette-pleine-fleur-souple-avec-gaufrage-grain-de-galet","16":"first","17":"instock","18":"sale","19":"taxable","20":"shipping-taxable","21":"purchasable","22":"product-type-variable","23":"has-default-attributes"},"yoast_head":"<!-- This site is optimized with the Yoast SEO plugin v25.5 - https:\/\/yoast.com\/wordpress\/plugins\/seo\/ -->\n<title>Pebbled Sac \u00e0 bandouli\u00e8re Katherine - Mancini<\/title>\n<meta name=\"description\" content=\"Le sac \u00e0 bandouli\u00e8re Katherine est de taille parfaite pour contenir vos essentiels en toute \u00e9l\u00e9gance, avec une fermeture \u00e0 glissi\u00e8re pour plus de s\u00e9curit\u00e9.\" \/>\n<meta name=\"robots\" content=\"index, follow, max-snippet:-1, max-image-preview:large, max-video-preview:-1\" \/>\n<link rel=\"canonical\" href=\"https:\/\/www.mancinileather.com\/fr\/produit\/pebbled-sac-a-bandouliere-katherine\" \/>\n<meta property=\"og:locale\" content=\"fr_FR\" \/>\n<meta property=\"og:type\" content=\"article\" \/>\n<meta property=\"og:title\" content=\"Pebbled Sac \u00e0 bandouli\u00e8re Katherine - Mancini\" \/>\n<meta property=\"og:description\" content=\"Le sac \u00e0 bandouli\u00e8re Katherine est de taille parfaite pour contenir vos essentiels en toute \u00e9l\u00e9gance, avec une fermeture \u00e0 glissi\u00e8re pour plus de s\u00e9curit\u00e9.\" \/>\n<meta property=\"og:url\" content=\"https:\/\/www.mancinileather.com\/fr\/produit\/pebbled-sac-a-bandouliere-katherine\" \/>\n<meta property=\"og:site_name\" content=\"Mancini\" \/>\n<meta property=\"article:modified_time\" content=\"2025-07-24T06:23:38+00:00\" \/>\n<meta property=\"og:image\" content=\"https:\/\/www.mancinileather.com\/wp-content\/uploads\/2022\/07\/HBP1053-Bone_2.jpg\" \/>\n\t<meta property=\"og:image:width\" content=\"1240\" \/>\n\t<meta property=\"og:image:height\" content=\"1240\" \/>\n\t<meta property=\"og:image:type\" content=\"image\/jpeg\" \/>\n<meta name=\"twitter:card\" content=\"summary_large_image\" \/>\n<meta name=\"twitter:label1\" content=\"Est. reading time\" \/>\n\t<meta name=\"twitter:data1\" content=\"1 minute\" \/>\n<script type=\"application\/ld+json\" class=\"yoast-schema-graph\">{\"@context\":\"https:\/\/schema.org\",\"@graph\":[{\"@type\":\"WebPage\",\"@id\":\"https:\/\/www.mancinileather.com\/fr\/produit\/pebbled-sac-a-bandouliere-katherine\",\"url\":\"https:\/\/www.mancinileather.com\/fr\/produit\/pebbled-sac-a-bandouliere-katherine\",\"name\":\"Pebbled Sac \u00e0 bandouli\u00e8re Katherine - Mancini\",\"isPartOf\":{\"@id\":\"https:\/\/www.mancinileather.com\/fr#website\"},\"primaryImageOfPage\":{\"@id\":\"https:\/\/www.mancinileather.com\/fr\/produit\/pebbled-sac-a-bandouliere-katherine#primaryimage\"},\"image\":{\"@id\":\"https:\/\/www.mancinileather.com\/fr\/produit\/pebbled-sac-a-bandouliere-katherine#primaryimage\"},\"thumbnailUrl\":\"https:\/\/www.mancinileather.com\/wp-content\/uploads\/2022\/07\/HBP1053-Bone_2.jpg\",\"datePublished\":\"2022-07-11T19:15:18+00:00\",\"dateModified\":\"2025-07-24T06:23:38+00:00\",\"description\":\"Le sac \u00e0 bandouli\u00e8re Katherine est de taille parfaite pour contenir vos essentiels en toute \u00e9l\u00e9gance, avec une fermeture \u00e0 glissi\u00e8re pour plus de s\u00e9curit\u00e9.\",\"breadcrumb\":{\"@id\":\"https:\/\/www.mancinileather.com\/fr\/produit\/pebbled-sac-a-bandouliere-katherine#breadcrumb\"},\"inLanguage\":\"fr-FR\",\"potentialAction\":[{\"@type\":\"ReadAction\",\"target\":[\"https:\/\/www.mancinileather.com\/fr\/produit\/pebbled-sac-a-bandouliere-katherine\"]}]},{\"@type\":\"ImageObject\",\"inLanguage\":\"fr-FR\",\"@id\":\"https:\/\/www.mancinileather.com\/fr\/produit\/pebbled-sac-a-bandouliere-katherine#primaryimage\",\"url\":\"https:\/\/www.mancinileather.com\/wp-content\/uploads\/2022\/07\/HBP1053-Bone_2.jpg\",\"contentUrl\":\"https:\/\/www.mancinileather.com\/wp-content\/uploads\/2022\/07\/HBP1053-Bone_2.jpg\",\"width\":1240,\"height\":1240},{\"@type\":\"BreadcrumbList\",\"@id\":\"https:\/\/www.mancinileather.com\/fr\/produit\/pebbled-sac-a-bandouliere-katherine#breadcrumb\",\"itemListElement\":[{\"@type\":\"ListItem\",\"position\":1,\"name\":\"Home\",\"item\":\"https:\/\/www.mancinileather.com\/fr\"},{\"@type\":\"ListItem\",\"position\":2,\"name\":\"Boutique\",\"item\":\"https:\/\/www.mancinileather.com\/fr\/boutique\"},{\"@type\":\"ListItem\",\"position\":3,\"name\":\"Pebbled Sac \u00e0 bandouli\u00e8re Katherine\"}]},{\"@type\":\"WebSite\",\"@id\":\"https:\/\/www.mancinileather.com\/fr#website\",\"url\":\"https:\/\/www.mancinileather.com\/fr\",\"name\":\"Mancini\",\"description\":\"Online Leather Store and Products\",\"potentialAction\":[{\"@type\":\"SearchAction\",\"target\":{\"@type\":\"EntryPoint\",\"urlTemplate\":\"https:\/\/www.mancinileather.com\/fr?s={search_term_string}\"},\"query-input\":{\"@type\":\"PropertyValueSpecification\",\"valueRequired\":true,\"valueName\":\"search_term_string\"}}],\"inLanguage\":\"fr-FR\"}]}<\/script>\n<!-- \/ Yoast SEO plugin. -->","yoast_head_json":{"title":"Pebbled Sac \u00e0 bandouli\u00e8re Katherine - Mancini","description":"Le sac \u00e0 bandouli\u00e8re Katherine est de taille parfaite pour contenir vos essentiels en toute \u00e9l\u00e9gance, avec une fermeture \u00e0 glissi\u00e8re pour plus de s\u00e9curit\u00e9.","robots":{"index":"index","follow":"follow","max-snippet":"max-snippet:-1","max-image-preview":"max-image-preview:large","max-video-preview":"max-video-preview:-1"},"canonical":"https:\/\/www.mancinileather.com\/fr\/produit\/pebbled-sac-a-bandouliere-katherine","og_locale":"fr_FR","og_type":"article","og_title":"Pebbled Sac \u00e0 bandouli\u00e8re Katherine - Mancini","og_description":"Le sac \u00e0 bandouli\u00e8re Katherine est de taille parfaite pour contenir vos essentiels en toute \u00e9l\u00e9gance, avec une fermeture \u00e0 glissi\u00e8re pour plus de s\u00e9curit\u00e9.","og_url":"https:\/\/www.mancinileather.com\/fr\/produit\/pebbled-sac-a-bandouliere-katherine","og_site_name":"Mancini","article_modified_time":"2025-07-24T06:23:38+00:00","og_image":[{"width":1240,"height":1240,"url":"https:\/\/www.mancinileather.com\/wp-content\/uploads\/2022\/07\/HBP1053-Bone_2.jpg","type":"image\/jpeg"}],"twitter_card":"summary_large_image","twitter_misc":{"Est. reading time":"1 minute"},"schema":{"@context":"https:\/\/schema.org","@graph":[{"@type":"WebPage","@id":"https:\/\/www.mancinileather.com\/fr\/produit\/pebbled-sac-a-bandouliere-katherine","url":"https:\/\/www.mancinileather.com\/fr\/produit\/pebbled-sac-a-bandouliere-katherine","name":"Pebbled Sac \u00e0 bandouli\u00e8re Katherine - Mancini","isPartOf":{"@id":"https:\/\/www.mancinileather.com\/fr#website"},"primaryImageOfPage":{"@id":"https:\/\/www.mancinileather.com\/fr\/produit\/pebbled-sac-a-bandouliere-katherine#primaryimage"},"image":{"@id":"https:\/\/www.mancinileather.com\/fr\/produit\/pebbled-sac-a-bandouliere-katherine#primaryimage"},"thumbnailUrl":"https:\/\/www.mancinileather.com\/wp-content\/uploads\/2022\/07\/HBP1053-Bone_2.jpg","datePublished":"2022-07-11T19:15:18+00:00","dateModified":"2025-07-24T06:23:38+00:00","description":"Le sac \u00e0 bandouli\u00e8re Katherine est de taille parfaite pour contenir vos essentiels en toute \u00e9l\u00e9gance, avec une fermeture \u00e0 glissi\u00e8re pour plus de s\u00e9curit\u00e9.","breadcrumb":{"@id":"https:\/\/www.mancinileather.com\/fr\/produit\/pebbled-sac-a-bandouliere-katherine#breadcrumb"},"inLanguage":"fr-FR","potentialAction":[{"@type":"ReadAction","target":["https:\/\/www.mancinileather.com\/fr\/produit\/pebbled-sac-a-bandouliere-katherine"]}]},{"@type":"ImageObject","inLanguage":"fr-FR","@id":"https:\/\/www.mancinileather.com\/fr\/produit\/pebbled-sac-a-bandouliere-katherine#primaryimage","url":"https:\/\/www.mancinileather.com\/wp-content\/uploads\/2022\/07\/HBP1053-Bone_2.jpg","contentUrl":"https:\/\/www.mancinileather.com\/wp-content\/uploads\/2022\/07\/HBP1053-Bone_2.jpg","width":1240,"height":1240},{"@type":"BreadcrumbList","@id":"https:\/\/www.mancinileather.com\/fr\/produit\/pebbled-sac-a-bandouliere-katherine#breadcrumb","itemListElement":[{"@type":"ListItem","position":1,"name":"Home","item":"https:\/\/www.mancinileather.com\/fr"},{"@type":"ListItem","position":2,"name":"Boutique","item":"https:\/\/www.mancinileather.com\/fr\/boutique"},{"@type":"ListItem","position":3,"name":"Pebbled Sac \u00e0 bandouli\u00e8re Katherine"}]},{"@type":"WebSite","@id":"https:\/\/www.mancinileather.com\/fr#website","url":"https:\/\/www.mancinileather.com\/fr","name":"Mancini","description":"Online Leather Store and Products","potentialAction":[{"@type":"SearchAction","target":{"@type":"EntryPoint","urlTemplate":"https:\/\/www.mancinileather.com\/fr?s={search_term_string}"},"query-input":{"@type":"PropertyValueSpecification","valueRequired":true,"valueName":"search_term_string"}}],"inLanguage":"fr-FR"}]}},"brands":[],"_links":{"self":[{"href":"https:\/\/www.mancinileather.com\/fr\/wp-json\/wp\/v2\/product\/54281","targetHints":{"allow":["GET"]}}],"collection":[{"href":"https:\/\/www.mancinileather.com\/fr\/wp-json\/wp\/v2\/product"}],"about":[{"href":"https:\/\/www.mancinileather.com\/fr\/wp-json\/wp\/v2\/types\/product"}],"replies":[{"embeddable":true,"href":"https:\/\/www.mancinileather.com\/fr\/wp-json\/wp\/v2\/comments?post=54281"}],"wp:featuredmedia":[{"embeddable":true,"href":"https:\/\/www.mancinileather.com\/fr\/wp-json\/wp\/v2\/media\/56110"}],"wp:attachment":[{"href":"https:\/\/www.mancinileather.com\/fr\/wp-json\/wp\/v2\/media?parent=54281"}],"wp:term":[{"taxonomy":"pwb-brand","embeddable":true,"href":"https:\/\/www.mancinileather.com\/fr\/wp-json\/wp\/v2\/pwb-brand?post=54281"},{"taxonomy":"product_brand","embeddable":true,"href":"https:\/\/www.mancinileather.com\/fr\/wp-json\/wp\/v2\/product_brand?post=54281"},{"taxonomy":"product_cat","embeddable":true,"href":"https:\/\/www.mancinileather.com\/fr\/wp-json\/wp\/v2\/product_cat?post=54281"},{"taxonomy":"product_tag","embeddable":true,"href":"https:\/\/www.mancinileather.com\/fr\/wp-json\/wp\/v2\/product_tag?post=54281"}],"curies":[{"name":"wp","href":"https:\/\/api.w.org\/{rel}","templated":true}]}}