{"id":55114,"date":"2022-10-07T11:41:30","date_gmt":"2022-10-07T15:41:30","guid":{"rendered":"https:\/\/www.mancinileather.com\/product\/double-compartment-briefcase-for-15-6-laptop-tablet"},"modified":"2025-07-24T02:23:38","modified_gmt":"2025-07-24T06:23:38","slug":"double-compartment-briefcase-for-15-6-laptop-tablet","status":"publish","type":"product","link":"https:\/\/www.mancinileather.com\/fr\/produit\/double-compartment-briefcase-for-15-6-laptop-tablet","title":{"rendered":"Porte-Document pour Portable 15.6po \/ Tablette"},"content":{"rendered":"<div class=\"fusion-fullwidth fullwidth-box fusion-builder-row-1 fusion-flex-container has-pattern-background has-mask-background nonhundred-percent-fullwidth non-hundred-percent-height-scrolling\" style=\"--awb-border-radius-top-left:0px;--awb-border-radius-top-right:0px;--awb-border-radius-bottom-right:0px;--awb-border-radius-bottom-left:0px;--awb-flex-wrap:wrap;\" ><div class=\"fusion-builder-row fusion-row fusion-flex-align-items-flex-start fusion-flex-content-wrap\" style=\"max-width:1430px;margin-left: calc(-4% \/ 2 );margin-right: calc(-4% \/ 2 );\"><div class=\"fusion-layout-column fusion_builder_column fusion-builder-column-0 fusion_builder_column_1_1 1_1 fusion-flex-column\" style=\"--awb-bg-size:cover;--awb-width-large:100%;--awb-margin-top-large:0px;--awb-spacing-right-large:1.92%;--awb-margin-bottom-large:20px;--awb-spacing-left-large:1.92%;--awb-width-medium:100%;--awb-order-medium:0;--awb-spacing-right-medium:1.92%;--awb-spacing-left-medium:1.92%;--awb-width-small:100%;--awb-order-small:0;--awb-spacing-right-small:1.92%;--awb-spacing-left-small:1.92%;\"><div class=\"fusion-column-wrapper fusion-column-has-shadow fusion-flex-justify-content-flex-start fusion-content-layout-column\"><div class=\"fusion-text fusion-text-1\"><p>\u00c0 la fois \u00e9l\u00e9gants et brillamment d\u00e9contract\u00e9s, les porte-documents de notre Collection<strong>\u00a0COLOMBIAN<\/strong>\u00a0sont empreints d\u2019un brin de nostalgie. Ces articles intemporels sont fabriqu\u00e9s \u00e0 la main, avec amour, \u00e0 partir de cuir pleine fleur souple et teint au tambour.<\/p>\n<p>Ce porte-documents pour portable\/ tablette est muni d\u2019un \u00e9tuis rembourr\u00e9s pour garder votre portable en toute s\u00e9curit\u00e9. Il est dot\u00e9 d\u2019un compartiment pour vos dossiers et documents ainsi qu\u2019une poche sur le dos. Il y a un organisateur zipp\u00e9e sur le front avec une poche \u00e9quip\u00e9 de la derni\u00e8re technologie de blocage d\u2019ondes RFID pour assurer que vos donn\u00e9es et vos cartes sont s\u00e9curitaires. Une sangle sur le dos permet le ferroutage du porte-documents sur des autres bagages.<\/p>\n<\/div><\/div><\/div><\/div><\/div>\n","protected":false},"excerpt":{"rendered":"","protected":false},"featured_media":55113,"comment_status":"open","ping_status":"closed","template":"","meta":[],"pwb-brand":[],"product_brand":[],"product_cat":[1509,1493,1475,1501,1630,1638,1592],"product_tag":[],"class_list":{"0":"post-55114","1":"product","2":"type-product","3":"status-publish","4":"has-post-thumbnail","6":"product_cat-porte-documents-cuir-pour-femmes","7":"product_cat-porte-documents-cuir-pour-hommes","8":"product_cat-porte-documents-rfid","9":"product_cat-solde-produits-en-cuir-promotion","10":"product_cat-femme","11":"product_cat-hommes","12":"product_cat-malettes","13":"pa_collection-colombian-fr","14":"pa_color-cognac-fr","15":"pa_material-cuir-pleine-fleur-fr","17":"first","18":"outofstock","19":"taxable","20":"shipping-taxable","21":"purchasable","22":"product-type-variable","23":"has-default-attributes"},"yoast_head":"<!-- This site is optimized with the Yoast SEO plugin v25.5 - https:\/\/yoast.com\/wordpress\/plugins\/seo\/ -->\n<title>Porte-Document pour Portable 15.6po \/ Tablette - Mancini<\/title>\n<meta name=\"robots\" content=\"index, follow, max-snippet:-1, max-image-preview:large, max-video-preview:-1\" \/>\n<link rel=\"canonical\" href=\"https:\/\/www.mancinileather.com\/fr\/produit\/double-compartment-briefcase-for-15-6-laptop-tablet\" \/>\n<meta property=\"og:locale\" content=\"fr_FR\" \/>\n<meta property=\"og:type\" content=\"article\" \/>\n<meta property=\"og:title\" content=\"Porte-Document pour Portable 15.6po \/ Tablette - Mancini\" \/>\n<meta property=\"og:url\" content=\"https:\/\/www.mancinileather.com\/fr\/produit\/double-compartment-briefcase-for-15-6-laptop-tablet\" \/>\n<meta property=\"og:site_name\" content=\"Mancini\" \/>\n<meta property=\"article:modified_time\" content=\"2025-07-24T06:23:38+00:00\" \/>\n<meta property=\"og:image\" content=\"https:\/\/www.mancinileather.com\/wp-content\/uploads\/2022\/10\/98234-Cognac_1.jpg\" \/>\n\t<meta property=\"og:image:width\" content=\"2000\" \/>\n\t<meta property=\"og:image:height\" content=\"2000\" \/>\n\t<meta property=\"og:image:type\" content=\"image\/jpeg\" \/>\n<meta name=\"twitter:card\" content=\"summary_large_image\" \/>\n<meta name=\"twitter:label1\" content=\"Est. reading time\" \/>\n\t<meta name=\"twitter:data1\" content=\"2 minutes\" \/>\n<script type=\"application\/ld+json\" class=\"yoast-schema-graph\">{\"@context\":\"https:\/\/schema.org\",\"@graph\":[{\"@type\":\"WebPage\",\"@id\":\"https:\/\/www.mancinileather.com\/fr\/produit\/double-compartment-briefcase-for-15-6-laptop-tablet\",\"url\":\"https:\/\/www.mancinileather.com\/fr\/produit\/double-compartment-briefcase-for-15-6-laptop-tablet\",\"name\":\"Porte-Document pour Portable 15.6po \/ Tablette - Mancini\",\"isPartOf\":{\"@id\":\"https:\/\/www.mancinileather.com\/fr#website\"},\"primaryImageOfPage\":{\"@id\":\"https:\/\/www.mancinileather.com\/fr\/produit\/double-compartment-briefcase-for-15-6-laptop-tablet#primaryimage\"},\"image\":{\"@id\":\"https:\/\/www.mancinileather.com\/fr\/produit\/double-compartment-briefcase-for-15-6-laptop-tablet#primaryimage\"},\"thumbnailUrl\":\"https:\/\/www.mancinileather.com\/wp-content\/uploads\/2022\/10\/98234-Cognac_1.jpg\",\"datePublished\":\"2022-10-07T15:41:30+00:00\",\"dateModified\":\"2025-07-24T06:23:38+00:00\",\"breadcrumb\":{\"@id\":\"https:\/\/www.mancinileather.com\/fr\/produit\/double-compartment-briefcase-for-15-6-laptop-tablet#breadcrumb\"},\"inLanguage\":\"fr-FR\",\"potentialAction\":[{\"@type\":\"ReadAction\",\"target\":[\"https:\/\/www.mancinileather.com\/fr\/produit\/double-compartment-briefcase-for-15-6-laptop-tablet\"]}]},{\"@type\":\"ImageObject\",\"inLanguage\":\"fr-FR\",\"@id\":\"https:\/\/www.mancinileather.com\/fr\/produit\/double-compartment-briefcase-for-15-6-laptop-tablet#primaryimage\",\"url\":\"https:\/\/www.mancinileather.com\/wp-content\/uploads\/2022\/10\/98234-Cognac_1.jpg\",\"contentUrl\":\"https:\/\/www.mancinileather.com\/wp-content\/uploads\/2022\/10\/98234-Cognac_1.jpg\",\"width\":2000,\"height\":2000},{\"@type\":\"BreadcrumbList\",\"@id\":\"https:\/\/www.mancinileather.com\/fr\/produit\/double-compartment-briefcase-for-15-6-laptop-tablet#breadcrumb\",\"itemListElement\":[{\"@type\":\"ListItem\",\"position\":1,\"name\":\"Home\",\"item\":\"https:\/\/www.mancinileather.com\/fr\"},{\"@type\":\"ListItem\",\"position\":2,\"name\":\"Boutique\",\"item\":\"https:\/\/www.mancinileather.com\/fr\/boutique\"},{\"@type\":\"ListItem\",\"position\":3,\"name\":\"Porte-Document pour Portable 15.6po \/ Tablette\"}]},{\"@type\":\"WebSite\",\"@id\":\"https:\/\/www.mancinileather.com\/fr#website\",\"url\":\"https:\/\/www.mancinileather.com\/fr\",\"name\":\"Mancini\",\"description\":\"Online Leather Store and Products\",\"potentialAction\":[{\"@type\":\"SearchAction\",\"target\":{\"@type\":\"EntryPoint\",\"urlTemplate\":\"https:\/\/www.mancinileather.com\/fr?s={search_term_string}\"},\"query-input\":{\"@type\":\"PropertyValueSpecification\",\"valueRequired\":true,\"valueName\":\"search_term_string\"}}],\"inLanguage\":\"fr-FR\"}]}<\/script>\n<!-- \/ Yoast SEO plugin. -->","yoast_head_json":{"title":"Porte-Document pour Portable 15.6po \/ Tablette - Mancini","robots":{"index":"index","follow":"follow","max-snippet":"max-snippet:-1","max-image-preview":"max-image-preview:large","max-video-preview":"max-video-preview:-1"},"canonical":"https:\/\/www.mancinileather.com\/fr\/produit\/double-compartment-briefcase-for-15-6-laptop-tablet","og_locale":"fr_FR","og_type":"article","og_title":"Porte-Document pour Portable 15.6po \/ Tablette - Mancini","og_url":"https:\/\/www.mancinileather.com\/fr\/produit\/double-compartment-briefcase-for-15-6-laptop-tablet","og_site_name":"Mancini","article_modified_time":"2025-07-24T06:23:38+00:00","og_image":[{"width":2000,"height":2000,"url":"https:\/\/www.mancinileather.com\/wp-content\/uploads\/2022\/10\/98234-Cognac_1.jpg","type":"image\/jpeg"}],"twitter_card":"summary_large_image","twitter_misc":{"Est. reading time":"2 minutes"},"schema":{"@context":"https:\/\/schema.org","@graph":[{"@type":"WebPage","@id":"https:\/\/www.mancinileather.com\/fr\/produit\/double-compartment-briefcase-for-15-6-laptop-tablet","url":"https:\/\/www.mancinileather.com\/fr\/produit\/double-compartment-briefcase-for-15-6-laptop-tablet","name":"Porte-Document pour Portable 15.6po \/ Tablette - Mancini","isPartOf":{"@id":"https:\/\/www.mancinileather.com\/fr#website"},"primaryImageOfPage":{"@id":"https:\/\/www.mancinileather.com\/fr\/produit\/double-compartment-briefcase-for-15-6-laptop-tablet#primaryimage"},"image":{"@id":"https:\/\/www.mancinileather.com\/fr\/produit\/double-compartment-briefcase-for-15-6-laptop-tablet#primaryimage"},"thumbnailUrl":"https:\/\/www.mancinileather.com\/wp-content\/uploads\/2022\/10\/98234-Cognac_1.jpg","datePublished":"2022-10-07T15:41:30+00:00","dateModified":"2025-07-24T06:23:38+00:00","breadcrumb":{"@id":"https:\/\/www.mancinileather.com\/fr\/produit\/double-compartment-briefcase-for-15-6-laptop-tablet#breadcrumb"},"inLanguage":"fr-FR","potentialAction":[{"@type":"ReadAction","target":["https:\/\/www.mancinileather.com\/fr\/produit\/double-compartment-briefcase-for-15-6-laptop-tablet"]}]},{"@type":"ImageObject","inLanguage":"fr-FR","@id":"https:\/\/www.mancinileather.com\/fr\/produit\/double-compartment-briefcase-for-15-6-laptop-tablet#primaryimage","url":"https:\/\/www.mancinileather.com\/wp-content\/uploads\/2022\/10\/98234-Cognac_1.jpg","contentUrl":"https:\/\/www.mancinileather.com\/wp-content\/uploads\/2022\/10\/98234-Cognac_1.jpg","width":2000,"height":2000},{"@type":"BreadcrumbList","@id":"https:\/\/www.mancinileather.com\/fr\/produit\/double-compartment-briefcase-for-15-6-laptop-tablet#breadcrumb","itemListElement":[{"@type":"ListItem","position":1,"name":"Home","item":"https:\/\/www.mancinileather.com\/fr"},{"@type":"ListItem","position":2,"name":"Boutique","item":"https:\/\/www.mancinileather.com\/fr\/boutique"},{"@type":"ListItem","position":3,"name":"Porte-Document pour Portable 15.6po \/ Tablette"}]},{"@type":"WebSite","@id":"https:\/\/www.mancinileather.com\/fr#website","url":"https:\/\/www.mancinileather.com\/fr","name":"Mancini","description":"Online Leather Store and Products","potentialAction":[{"@type":"SearchAction","target":{"@type":"EntryPoint","urlTemplate":"https:\/\/www.mancinileather.com\/fr?s={search_term_string}"},"query-input":{"@type":"PropertyValueSpecification","valueRequired":true,"valueName":"search_term_string"}}],"inLanguage":"fr-FR"}]}},"brands":[],"_links":{"self":[{"href":"https:\/\/www.mancinileather.com\/fr\/wp-json\/wp\/v2\/product\/55114","targetHints":{"allow":["GET"]}}],"collection":[{"href":"https:\/\/www.mancinileather.com\/fr\/wp-json\/wp\/v2\/product"}],"about":[{"href":"https:\/\/www.mancinileather.com\/fr\/wp-json\/wp\/v2\/types\/product"}],"replies":[{"embeddable":true,"href":"https:\/\/www.mancinileather.com\/fr\/wp-json\/wp\/v2\/comments?post=55114"}],"wp:featuredmedia":[{"embeddable":true,"href":"https:\/\/www.mancinileather.com\/fr\/wp-json\/wp\/v2\/media\/55113"}],"wp:attachment":[{"href":"https:\/\/www.mancinileather.com\/fr\/wp-json\/wp\/v2\/media?parent=55114"}],"wp:term":[{"taxonomy":"pwb-brand","embeddable":true,"href":"https:\/\/www.mancinileather.com\/fr\/wp-json\/wp\/v2\/pwb-brand?post=55114"},{"taxonomy":"product_brand","embeddable":true,"href":"https:\/\/www.mancinileather.com\/fr\/wp-json\/wp\/v2\/product_brand?post=55114"},{"taxonomy":"product_cat","embeddable":true,"href":"https:\/\/www.mancinileather.com\/fr\/wp-json\/wp\/v2\/product_cat?post=55114"},{"taxonomy":"product_tag","embeddable":true,"href":"https:\/\/www.mancinileather.com\/fr\/wp-json\/wp\/v2\/product_tag?post=55114"}],"curies":[{"name":"wp","href":"https:\/\/api.w.org\/{rel}","templated":true}]}}