{"id":55812,"date":"2022-11-22T15:03:17","date_gmt":"2022-11-22T20:03:17","guid":{"rendered":"https:\/\/www.mancinileather.com\/product\/santa-clara-collection-lightweight-spinner-luggage-set"},"modified":"2025-07-24T02:23:37","modified_gmt":"2025-07-24T06:23:37","slug":"bagages-leger-pivotant-a-4-roues-collection-santa-clara","status":"publish","type":"product","link":"https:\/\/www.mancinileather.com\/fr\/produit\/bagages-leger-pivotant-a-4-roues-collection-santa-clara","title":{"rendered":"Bagages l\u00e9ger pivotant \u00e0 4 roues collection Santa Clara"},"content":{"rendered":"<div class=\"fusion-fullwidth fullwidth-box fusion-builder-row-1 fusion-flex-container has-pattern-background has-mask-background nonhundred-percent-fullwidth non-hundred-percent-height-scrolling\" style=\"--awb-border-radius-top-left:0px;--awb-border-radius-top-right:0px;--awb-border-radius-bottom-right:0px;--awb-border-radius-bottom-left:0px;--awb-flex-wrap:wrap;\" ><div class=\"fusion-builder-row fusion-row fusion-flex-align-items-flex-start fusion-flex-content-wrap\" style=\"max-width:1430px;margin-left: calc(-4% \/ 2 );margin-right: calc(-4% \/ 2 );\"><div class=\"fusion-layout-column fusion_builder_column fusion-builder-column-0 fusion_builder_column_1_1 1_1 fusion-flex-column\" style=\"--awb-bg-size:cover;--awb-width-large:100%;--awb-margin-top-large:0px;--awb-spacing-right-large:1.92%;--awb-margin-bottom-large:20px;--awb-spacing-left-large:1.92%;--awb-width-medium:100%;--awb-order-medium:0;--awb-spacing-right-medium:1.92%;--awb-spacing-left-medium:1.92%;--awb-width-small:100%;--awb-order-small:0;--awb-spacing-right-small:1.92%;--awb-spacing-left-small:1.92%;\"><div class=\"fusion-column-wrapper fusion-column-has-shadow fusion-flex-justify-content-flex-start fusion-content-layout-column\"><div class=\"fusion-text fusion-text-1\"><p>Les valises de notre Collection Santa Clara pivotants \u00e0 4 roues sont fabriqu\u00e9es pour \u00eatre fiable, durable et l\u00e9g\u00e8re.<\/p>\n<p>Les 4 roues qui pivotent sur 360\u00b0 permettent aux utilisateurs de se d\u00e9placer dans toutes les\u00a0directions sans eff\u00adort. De plus, les sangles int\u00e9rieures au fond de la valise, ainsi que des poches\u00a0en maille \u00e0 glissi\u00e8re fix\u00e9es au couvercle, gardent vos e\u00adffets rang\u00e9s en toute s\u00e9curit\u00e9.<\/p>\n<\/div><\/div><\/div><\/div><\/div>\n","protected":false},"excerpt":{"rendered":"","protected":false},"featured_media":55794,"comment_status":"open","ping_status":"closed","template":"","meta":[],"pwb-brand":[],"product_brand":[],"product_cat":[1499,1501],"product_tag":[],"class_list":{"0":"post-55812","1":"product","2":"type-product","3":"status-publish","4":"has-post-thumbnail","6":"product_cat-bagage-de-cabine","7":"product_cat-solde-produits-en-cuir-promotion","8":"pa_color-rouge-fr","9":"pa_material-abs-fr","11":"first","12":"outofstock","13":"taxable","14":"shipping-taxable","15":"purchasable","16":"product-type-variable","17":"has-default-attributes"},"yoast_head":"<!-- This site is optimized with the Yoast SEO plugin v25.5 - https:\/\/yoast.com\/wordpress\/plugins\/seo\/ -->\n<title>Bagages l\u00e9ger pivotant \u00e0 4 roues collection Santa Clara - Mancini<\/title>\n<meta name=\"robots\" content=\"index, follow, max-snippet:-1, max-image-preview:large, max-video-preview:-1\" \/>\n<link rel=\"canonical\" href=\"https:\/\/www.mancinileather.com\/fr\/produit\/bagages-leger-pivotant-a-4-roues-collection-santa-clara\" \/>\n<meta property=\"og:locale\" content=\"fr_FR\" \/>\n<meta property=\"og:type\" content=\"article\" \/>\n<meta property=\"og:title\" content=\"Bagages l\u00e9ger pivotant \u00e0 4 roues collection Santa Clara - Mancini\" \/>\n<meta property=\"og:url\" content=\"https:\/\/www.mancinileather.com\/fr\/produit\/bagages-leger-pivotant-a-4-roues-collection-santa-clara\" \/>\n<meta property=\"og:site_name\" content=\"Mancini\" \/>\n<meta property=\"article:modified_time\" content=\"2025-07-24T06:23:37+00:00\" \/>\n<meta property=\"og:image\" content=\"https:\/\/www.mancinileather.com\/wp-content\/uploads\/2022\/11\/LABS400-RED_1.jpg\" \/>\n\t<meta property=\"og:image:width\" content=\"2000\" \/>\n\t<meta property=\"og:image:height\" content=\"2000\" \/>\n\t<meta property=\"og:image:type\" content=\"image\/jpeg\" \/>\n<meta name=\"twitter:card\" content=\"summary_large_image\" \/>\n<meta name=\"twitter:label1\" content=\"Est. reading time\" \/>\n\t<meta name=\"twitter:data1\" content=\"2 minutes\" \/>\n<script type=\"application\/ld+json\" class=\"yoast-schema-graph\">{\"@context\":\"https:\/\/schema.org\",\"@graph\":[{\"@type\":\"WebPage\",\"@id\":\"https:\/\/www.mancinileather.com\/fr\/produit\/bagages-leger-pivotant-a-4-roues-collection-santa-clara\",\"url\":\"https:\/\/www.mancinileather.com\/fr\/produit\/bagages-leger-pivotant-a-4-roues-collection-santa-clara\",\"name\":\"Bagages l\u00e9ger pivotant \u00e0 4 roues collection Santa Clara - Mancini\",\"isPartOf\":{\"@id\":\"https:\/\/www.mancinileather.com\/fr#website\"},\"primaryImageOfPage\":{\"@id\":\"https:\/\/www.mancinileather.com\/fr\/produit\/bagages-leger-pivotant-a-4-roues-collection-santa-clara#primaryimage\"},\"image\":{\"@id\":\"https:\/\/www.mancinileather.com\/fr\/produit\/bagages-leger-pivotant-a-4-roues-collection-santa-clara#primaryimage\"},\"thumbnailUrl\":\"https:\/\/www.mancinileather.com\/wp-content\/uploads\/2022\/11\/LABS400-RED_1.jpg\",\"datePublished\":\"2022-11-22T20:03:17+00:00\",\"dateModified\":\"2025-07-24T06:23:37+00:00\",\"breadcrumb\":{\"@id\":\"https:\/\/www.mancinileather.com\/fr\/produit\/bagages-leger-pivotant-a-4-roues-collection-santa-clara#breadcrumb\"},\"inLanguage\":\"fr-FR\",\"potentialAction\":[{\"@type\":\"ReadAction\",\"target\":[\"https:\/\/www.mancinileather.com\/fr\/produit\/bagages-leger-pivotant-a-4-roues-collection-santa-clara\"]}]},{\"@type\":\"ImageObject\",\"inLanguage\":\"fr-FR\",\"@id\":\"https:\/\/www.mancinileather.com\/fr\/produit\/bagages-leger-pivotant-a-4-roues-collection-santa-clara#primaryimage\",\"url\":\"https:\/\/www.mancinileather.com\/wp-content\/uploads\/2022\/11\/LABS400-RED_1.jpg\",\"contentUrl\":\"https:\/\/www.mancinileather.com\/wp-content\/uploads\/2022\/11\/LABS400-RED_1.jpg\",\"width\":2000,\"height\":2000},{\"@type\":\"BreadcrumbList\",\"@id\":\"https:\/\/www.mancinileather.com\/fr\/produit\/bagages-leger-pivotant-a-4-roues-collection-santa-clara#breadcrumb\",\"itemListElement\":[{\"@type\":\"ListItem\",\"position\":1,\"name\":\"Home\",\"item\":\"https:\/\/www.mancinileather.com\/fr\"},{\"@type\":\"ListItem\",\"position\":2,\"name\":\"Boutique\",\"item\":\"https:\/\/www.mancinileather.com\/fr\/boutique\"},{\"@type\":\"ListItem\",\"position\":3,\"name\":\"Bagages l\u00e9ger pivotant \u00e0 4 roues collection Santa Clara\"}]},{\"@type\":\"WebSite\",\"@id\":\"https:\/\/www.mancinileather.com\/fr#website\",\"url\":\"https:\/\/www.mancinileather.com\/fr\",\"name\":\"Mancini\",\"description\":\"Online Leather Store and Products\",\"potentialAction\":[{\"@type\":\"SearchAction\",\"target\":{\"@type\":\"EntryPoint\",\"urlTemplate\":\"https:\/\/www.mancinileather.com\/fr?s={search_term_string}\"},\"query-input\":{\"@type\":\"PropertyValueSpecification\",\"valueRequired\":true,\"valueName\":\"search_term_string\"}}],\"inLanguage\":\"fr-FR\"}]}<\/script>\n<!-- \/ Yoast SEO plugin. -->","yoast_head_json":{"title":"Bagages l\u00e9ger pivotant \u00e0 4 roues collection Santa Clara - Mancini","robots":{"index":"index","follow":"follow","max-snippet":"max-snippet:-1","max-image-preview":"max-image-preview:large","max-video-preview":"max-video-preview:-1"},"canonical":"https:\/\/www.mancinileather.com\/fr\/produit\/bagages-leger-pivotant-a-4-roues-collection-santa-clara","og_locale":"fr_FR","og_type":"article","og_title":"Bagages l\u00e9ger pivotant \u00e0 4 roues collection Santa Clara - Mancini","og_url":"https:\/\/www.mancinileather.com\/fr\/produit\/bagages-leger-pivotant-a-4-roues-collection-santa-clara","og_site_name":"Mancini","article_modified_time":"2025-07-24T06:23:37+00:00","og_image":[{"width":2000,"height":2000,"url":"https:\/\/www.mancinileather.com\/wp-content\/uploads\/2022\/11\/LABS400-RED_1.jpg","type":"image\/jpeg"}],"twitter_card":"summary_large_image","twitter_misc":{"Est. reading time":"2 minutes"},"schema":{"@context":"https:\/\/schema.org","@graph":[{"@type":"WebPage","@id":"https:\/\/www.mancinileather.com\/fr\/produit\/bagages-leger-pivotant-a-4-roues-collection-santa-clara","url":"https:\/\/www.mancinileather.com\/fr\/produit\/bagages-leger-pivotant-a-4-roues-collection-santa-clara","name":"Bagages l\u00e9ger pivotant \u00e0 4 roues collection Santa Clara - Mancini","isPartOf":{"@id":"https:\/\/www.mancinileather.com\/fr#website"},"primaryImageOfPage":{"@id":"https:\/\/www.mancinileather.com\/fr\/produit\/bagages-leger-pivotant-a-4-roues-collection-santa-clara#primaryimage"},"image":{"@id":"https:\/\/www.mancinileather.com\/fr\/produit\/bagages-leger-pivotant-a-4-roues-collection-santa-clara#primaryimage"},"thumbnailUrl":"https:\/\/www.mancinileather.com\/wp-content\/uploads\/2022\/11\/LABS400-RED_1.jpg","datePublished":"2022-11-22T20:03:17+00:00","dateModified":"2025-07-24T06:23:37+00:00","breadcrumb":{"@id":"https:\/\/www.mancinileather.com\/fr\/produit\/bagages-leger-pivotant-a-4-roues-collection-santa-clara#breadcrumb"},"inLanguage":"fr-FR","potentialAction":[{"@type":"ReadAction","target":["https:\/\/www.mancinileather.com\/fr\/produit\/bagages-leger-pivotant-a-4-roues-collection-santa-clara"]}]},{"@type":"ImageObject","inLanguage":"fr-FR","@id":"https:\/\/www.mancinileather.com\/fr\/produit\/bagages-leger-pivotant-a-4-roues-collection-santa-clara#primaryimage","url":"https:\/\/www.mancinileather.com\/wp-content\/uploads\/2022\/11\/LABS400-RED_1.jpg","contentUrl":"https:\/\/www.mancinileather.com\/wp-content\/uploads\/2022\/11\/LABS400-RED_1.jpg","width":2000,"height":2000},{"@type":"BreadcrumbList","@id":"https:\/\/www.mancinileather.com\/fr\/produit\/bagages-leger-pivotant-a-4-roues-collection-santa-clara#breadcrumb","itemListElement":[{"@type":"ListItem","position":1,"name":"Home","item":"https:\/\/www.mancinileather.com\/fr"},{"@type":"ListItem","position":2,"name":"Boutique","item":"https:\/\/www.mancinileather.com\/fr\/boutique"},{"@type":"ListItem","position":3,"name":"Bagages l\u00e9ger pivotant \u00e0 4 roues collection Santa Clara"}]},{"@type":"WebSite","@id":"https:\/\/www.mancinileather.com\/fr#website","url":"https:\/\/www.mancinileather.com\/fr","name":"Mancini","description":"Online Leather Store and Products","potentialAction":[{"@type":"SearchAction","target":{"@type":"EntryPoint","urlTemplate":"https:\/\/www.mancinileather.com\/fr?s={search_term_string}"},"query-input":{"@type":"PropertyValueSpecification","valueRequired":true,"valueName":"search_term_string"}}],"inLanguage":"fr-FR"}]}},"brands":[],"_links":{"self":[{"href":"https:\/\/www.mancinileather.com\/fr\/wp-json\/wp\/v2\/product\/55812","targetHints":{"allow":["GET"]}}],"collection":[{"href":"https:\/\/www.mancinileather.com\/fr\/wp-json\/wp\/v2\/product"}],"about":[{"href":"https:\/\/www.mancinileather.com\/fr\/wp-json\/wp\/v2\/types\/product"}],"replies":[{"embeddable":true,"href":"https:\/\/www.mancinileather.com\/fr\/wp-json\/wp\/v2\/comments?post=55812"}],"wp:featuredmedia":[{"embeddable":true,"href":"https:\/\/www.mancinileather.com\/fr\/wp-json\/wp\/v2\/media\/55794"}],"wp:attachment":[{"href":"https:\/\/www.mancinileather.com\/fr\/wp-json\/wp\/v2\/media?parent=55812"}],"wp:term":[{"taxonomy":"pwb-brand","embeddable":true,"href":"https:\/\/www.mancinileather.com\/fr\/wp-json\/wp\/v2\/pwb-brand?post=55812"},{"taxonomy":"product_brand","embeddable":true,"href":"https:\/\/www.mancinileather.com\/fr\/wp-json\/wp\/v2\/product_brand?post=55812"},{"taxonomy":"product_cat","embeddable":true,"href":"https:\/\/www.mancinileather.com\/fr\/wp-json\/wp\/v2\/product_cat?post=55812"},{"taxonomy":"product_tag","embeddable":true,"href":"https:\/\/www.mancinileather.com\/fr\/wp-json\/wp\/v2\/product_tag?post=55812"}],"curies":[{"name":"wp","href":"https:\/\/api.w.org\/{rel}","templated":true}]}}