{"id":56673,"date":"2023-01-13T12:45:16","date_gmt":"2023-01-13T17:45:16","guid":{"rendered":"https:\/\/www.mancinileather.com\/product\/buffalo-rfid-secure-zippered-billfold-with-removable-passcase"},"modified":"2025-07-24T02:23:37","modified_gmt":"2025-07-24T06:23:37","slug":"portefeuille-rfid-a-fermeture-eclair-avec-porte-cartes-amovible-buffalo","status":"publish","type":"product","link":"https:\/\/www.mancinileather.com\/fr\/produit\/portefeuille-rfid-a-fermeture-eclair-avec-porte-cartes-amovible-buffalo","title":{"rendered":"Portefeuille RFID \u00e0 fermeture \u00e9clair avec porte-cartes amovible Buffalo"},"content":{"rendered":"<div class=\"fusion-fullwidth fullwidth-box fusion-builder-row-1 fusion-flex-container has-pattern-background has-mask-background nonhundred-percent-fullwidth non-hundred-percent-height-scrolling\" style=\"--awb-border-radius-top-left:0px;--awb-border-radius-top-right:0px;--awb-border-radius-bottom-right:0px;--awb-border-radius-bottom-left:0px;--awb-flex-wrap:wrap;\" ><div class=\"fusion-builder-row fusion-row fusion-flex-align-items-flex-start fusion-flex-content-wrap\" style=\"max-width:1430px;margin-left: calc(-4% \/ 2 );margin-right: calc(-4% \/ 2 );\"><div class=\"fusion-layout-column fusion_builder_column fusion-builder-column-0 fusion_builder_column_1_1 1_1 fusion-flex-column\" style=\"--awb-bg-size:cover;--awb-width-large:100%;--awb-margin-top-large:0px;--awb-spacing-right-large:1.92%;--awb-margin-bottom-large:20px;--awb-spacing-left-large:1.92%;--awb-width-medium:100%;--awb-order-medium:0;--awb-spacing-right-medium:1.92%;--awb-spacing-left-medium:1.92%;--awb-width-small:100%;--awb-order-small:0;--awb-spacing-right-small:1.92%;--awb-spacing-left-small:1.92%;\"><div class=\"fusion-column-wrapper fusion-column-has-shadow fusion-flex-justify-content-flex-start fusion-content-layout-column\"><div class=\"fusion-text fusion-text-1\"><p>Notre collection <strong>Buffalo<\/strong> repr\u00e9sente la fusion de style contemporain avec le look urbain brut. \u00c9quip\u00e9 de la derni\u00e8re technologie de blocage d\u2019ondes RFID pour assurer que vos donn\u00e9es et vos cartes sont s\u00e9curitaires, cette collection comblera tous vos besoins avec style. Articles fabriqu\u00e9s \u00e0 la main en cuir de buffle pleine fleure cire grasse.<\/p>\n<p>Ce portefeuille unique dispose d\u2019une fermeture \u00e9clair pour garder le contenu s\u00e9curis\u00e9. Il est dot\u00e9 de plusieurs fentes pour cartes de cr\u00e9dit et son porte-cartes amovible est id\u00e9al pour les occasions o\u00f9 vous avez besoin de transporter que quelque cartes.<\/p>\n<\/div><\/div><\/div><\/div><\/div>\n","protected":false},"excerpt":{"rendered":"","protected":false},"featured_media":56660,"comment_status":"open","ping_status":"closed","template":"","meta":[],"pwb-brand":[],"product_brand":[],"product_cat":[1638,1457],"product_tag":[],"class_list":{"0":"post-56673","1":"product","2":"type-product","3":"status-publish","4":"has-post-thumbnail","6":"product_cat-hommes","7":"product_cat-portefeuilles-en-cuir-homme","8":"pa_collection-buffalo-fr","9":"pa_color-brun","10":"pa_color-noir-fr","11":"pa_material-cuir-de-buffle-pleine-fleur-cire-grasse","13":"first","14":"instock","15":"taxable","16":"shipping-taxable","17":"purchasable","18":"product-type-variable","19":"has-default-attributes"},"yoast_head":"<!-- This site is optimized with the Yoast SEO plugin v27.4 - https:\/\/yoast.com\/product\/yoast-seo-wordpress\/ -->\n<title>Portefeuille RFID \u00e0 fermeture \u00e9clair avec porte-cartes amovible Buffalo - Mancini<\/title>\n<meta name=\"description\" content=\"Portefeuille RFID \u00e0 fermeture \u00e9clair Buffalo. Style urbain s\u00e9curis\u00e9 avec porte-cartes amovible pour une praticit\u00e9 optimale. Commandez tout de suite!\" \/>\n<meta name=\"robots\" content=\"index, follow, max-snippet:-1, max-image-preview:large, max-video-preview:-1\" \/>\n<link rel=\"canonical\" href=\"https:\/\/www.mancinileather.com\/fr\/produit\/portefeuille-rfid-a-fermeture-eclair-avec-porte-cartes-amovible-buffalo\" \/>\n<meta property=\"og:locale\" content=\"fr_FR\" \/>\n<meta property=\"og:type\" content=\"article\" \/>\n<meta property=\"og:title\" content=\"Portefeuille RFID \u00e0 fermeture \u00e9clair avec porte-cartes amovible Buffalo - Mancini\" \/>\n<meta property=\"og:description\" content=\"Portefeuille RFID \u00e0 fermeture \u00e9clair Buffalo. Style urbain s\u00e9curis\u00e9 avec porte-cartes amovible pour une praticit\u00e9 optimale. Commandez tout de suite!\" \/>\n<meta property=\"og:url\" content=\"https:\/\/www.mancinileather.com\/fr\/produit\/portefeuille-rfid-a-fermeture-eclair-avec-porte-cartes-amovible-buffalo\" \/>\n<meta property=\"og:site_name\" content=\"Mancini\" \/>\n<meta property=\"article:modified_time\" content=\"2025-07-24T06:23:37+00:00\" \/>\n<meta property=\"og:image\" content=\"https:\/\/www.mancinileather.com\/wp-content\/uploads\/2023\/01\/99-54159-Black_1.jpg\" \/>\n\t<meta property=\"og:image:width\" content=\"1240\" \/>\n\t<meta property=\"og:image:height\" content=\"1240\" \/>\n\t<meta property=\"og:image:type\" content=\"image\/jpeg\" \/>\n<meta name=\"twitter:card\" content=\"summary_large_image\" \/>\n<meta name=\"twitter:label1\" content=\"Est. reading time\" \/>\n\t<meta name=\"twitter:data1\" content=\"1 minute\" \/>\n<script type=\"application\/ld+json\" class=\"yoast-schema-graph\">{\"@context\":\"https:\\\/\\\/schema.org\",\"@graph\":[{\"@type\":\"WebPage\",\"@id\":\"https:\\\/\\\/www.mancinileather.com\\\/fr\\\/produit\\\/portefeuille-rfid-a-fermeture-eclair-avec-porte-cartes-amovible-buffalo\",\"url\":\"https:\\\/\\\/www.mancinileather.com\\\/fr\\\/produit\\\/portefeuille-rfid-a-fermeture-eclair-avec-porte-cartes-amovible-buffalo\",\"name\":\"Portefeuille RFID \u00e0 fermeture \u00e9clair avec porte-cartes amovible Buffalo - Mancini\",\"isPartOf\":{\"@id\":\"https:\\\/\\\/www.mancinileather.com\\\/fr#website\"},\"primaryImageOfPage\":{\"@id\":\"https:\\\/\\\/www.mancinileather.com\\\/fr\\\/produit\\\/portefeuille-rfid-a-fermeture-eclair-avec-porte-cartes-amovible-buffalo#primaryimage\"},\"image\":{\"@id\":\"https:\\\/\\\/www.mancinileather.com\\\/fr\\\/produit\\\/portefeuille-rfid-a-fermeture-eclair-avec-porte-cartes-amovible-buffalo#primaryimage\"},\"thumbnailUrl\":\"https:\\\/\\\/www.mancinileather.com\\\/wp-content\\\/uploads\\\/2023\\\/01\\\/99-54159-Black_1.jpg\",\"datePublished\":\"2023-01-13T17:45:16+00:00\",\"dateModified\":\"2025-07-24T06:23:37+00:00\",\"description\":\"Portefeuille RFID \u00e0 fermeture \u00e9clair Buffalo. Style urbain s\u00e9curis\u00e9 avec porte-cartes amovible pour une praticit\u00e9 optimale. Commandez tout de suite!\",\"breadcrumb\":{\"@id\":\"https:\\\/\\\/www.mancinileather.com\\\/fr\\\/produit\\\/portefeuille-rfid-a-fermeture-eclair-avec-porte-cartes-amovible-buffalo#breadcrumb\"},\"inLanguage\":\"fr-FR\",\"potentialAction\":[{\"@type\":\"ReadAction\",\"target\":[\"https:\\\/\\\/www.mancinileather.com\\\/fr\\\/produit\\\/portefeuille-rfid-a-fermeture-eclair-avec-porte-cartes-amovible-buffalo\"]}]},{\"@type\":\"ImageObject\",\"inLanguage\":\"fr-FR\",\"@id\":\"https:\\\/\\\/www.mancinileather.com\\\/fr\\\/produit\\\/portefeuille-rfid-a-fermeture-eclair-avec-porte-cartes-amovible-buffalo#primaryimage\",\"url\":\"https:\\\/\\\/www.mancinileather.com\\\/wp-content\\\/uploads\\\/2023\\\/01\\\/99-54159-Black_1.jpg\",\"contentUrl\":\"https:\\\/\\\/www.mancinileather.com\\\/wp-content\\\/uploads\\\/2023\\\/01\\\/99-54159-Black_1.jpg\",\"width\":1240,\"height\":1240,\"caption\":\"Black Buffalo Rfid Secure Zippered Billfold With Removable Passcase\"},{\"@type\":\"BreadcrumbList\",\"@id\":\"https:\\\/\\\/www.mancinileather.com\\\/fr\\\/produit\\\/portefeuille-rfid-a-fermeture-eclair-avec-porte-cartes-amovible-buffalo#breadcrumb\",\"itemListElement\":[{\"@type\":\"ListItem\",\"position\":1,\"name\":\"Home\",\"item\":\"https:\\\/\\\/www.mancinileather.com\\\/fr\"},{\"@type\":\"ListItem\",\"position\":2,\"name\":\"Boutique\",\"item\":\"https:\\\/\\\/www.mancinileather.com\\\/fr\\\/boutique\"},{\"@type\":\"ListItem\",\"position\":3,\"name\":\"Portefeuille RFID \u00e0 fermeture \u00e9clair avec porte-cartes amovible Buffalo\"}]},{\"@type\":\"WebSite\",\"@id\":\"https:\\\/\\\/www.mancinileather.com\\\/fr#website\",\"url\":\"https:\\\/\\\/www.mancinileather.com\\\/fr\",\"name\":\"Mancini\",\"description\":\"Online Leather Store and Products\",\"potentialAction\":[{\"@type\":\"SearchAction\",\"target\":{\"@type\":\"EntryPoint\",\"urlTemplate\":\"https:\\\/\\\/www.mancinileather.com\\\/fr?s={search_term_string}\"},\"query-input\":{\"@type\":\"PropertyValueSpecification\",\"valueRequired\":true,\"valueName\":\"search_term_string\"}}],\"inLanguage\":\"fr-FR\"}]}<\/script>\n<!-- \/ Yoast SEO plugin. -->","yoast_head_json":{"title":"Portefeuille RFID \u00e0 fermeture \u00e9clair avec porte-cartes amovible Buffalo - Mancini","description":"Portefeuille RFID \u00e0 fermeture \u00e9clair Buffalo. Style urbain s\u00e9curis\u00e9 avec porte-cartes amovible pour une praticit\u00e9 optimale. Commandez tout de suite!","robots":{"index":"index","follow":"follow","max-snippet":"max-snippet:-1","max-image-preview":"max-image-preview:large","max-video-preview":"max-video-preview:-1"},"canonical":"https:\/\/www.mancinileather.com\/fr\/produit\/portefeuille-rfid-a-fermeture-eclair-avec-porte-cartes-amovible-buffalo","og_locale":"fr_FR","og_type":"article","og_title":"Portefeuille RFID \u00e0 fermeture \u00e9clair avec porte-cartes amovible Buffalo - Mancini","og_description":"Portefeuille RFID \u00e0 fermeture \u00e9clair Buffalo. Style urbain s\u00e9curis\u00e9 avec porte-cartes amovible pour une praticit\u00e9 optimale. Commandez tout de suite!","og_url":"https:\/\/www.mancinileather.com\/fr\/produit\/portefeuille-rfid-a-fermeture-eclair-avec-porte-cartes-amovible-buffalo","og_site_name":"Mancini","article_modified_time":"2025-07-24T06:23:37+00:00","og_image":[{"width":1240,"height":1240,"url":"https:\/\/www.mancinileather.com\/wp-content\/uploads\/2023\/01\/99-54159-Black_1.jpg","type":"image\/jpeg"}],"twitter_card":"summary_large_image","twitter_misc":{"Est. reading time":"1 minute"},"schema":{"@context":"https:\/\/schema.org","@graph":[{"@type":"WebPage","@id":"https:\/\/www.mancinileather.com\/fr\/produit\/portefeuille-rfid-a-fermeture-eclair-avec-porte-cartes-amovible-buffalo","url":"https:\/\/www.mancinileather.com\/fr\/produit\/portefeuille-rfid-a-fermeture-eclair-avec-porte-cartes-amovible-buffalo","name":"Portefeuille RFID \u00e0 fermeture \u00e9clair avec porte-cartes amovible Buffalo - Mancini","isPartOf":{"@id":"https:\/\/www.mancinileather.com\/fr#website"},"primaryImageOfPage":{"@id":"https:\/\/www.mancinileather.com\/fr\/produit\/portefeuille-rfid-a-fermeture-eclair-avec-porte-cartes-amovible-buffalo#primaryimage"},"image":{"@id":"https:\/\/www.mancinileather.com\/fr\/produit\/portefeuille-rfid-a-fermeture-eclair-avec-porte-cartes-amovible-buffalo#primaryimage"},"thumbnailUrl":"https:\/\/www.mancinileather.com\/wp-content\/uploads\/2023\/01\/99-54159-Black_1.jpg","datePublished":"2023-01-13T17:45:16+00:00","dateModified":"2025-07-24T06:23:37+00:00","description":"Portefeuille RFID \u00e0 fermeture \u00e9clair Buffalo. Style urbain s\u00e9curis\u00e9 avec porte-cartes amovible pour une praticit\u00e9 optimale. Commandez tout de suite!","breadcrumb":{"@id":"https:\/\/www.mancinileather.com\/fr\/produit\/portefeuille-rfid-a-fermeture-eclair-avec-porte-cartes-amovible-buffalo#breadcrumb"},"inLanguage":"fr-FR","potentialAction":[{"@type":"ReadAction","target":["https:\/\/www.mancinileather.com\/fr\/produit\/portefeuille-rfid-a-fermeture-eclair-avec-porte-cartes-amovible-buffalo"]}]},{"@type":"ImageObject","inLanguage":"fr-FR","@id":"https:\/\/www.mancinileather.com\/fr\/produit\/portefeuille-rfid-a-fermeture-eclair-avec-porte-cartes-amovible-buffalo#primaryimage","url":"https:\/\/www.mancinileather.com\/wp-content\/uploads\/2023\/01\/99-54159-Black_1.jpg","contentUrl":"https:\/\/www.mancinileather.com\/wp-content\/uploads\/2023\/01\/99-54159-Black_1.jpg","width":1240,"height":1240,"caption":"Black Buffalo Rfid Secure Zippered Billfold With Removable Passcase"},{"@type":"BreadcrumbList","@id":"https:\/\/www.mancinileather.com\/fr\/produit\/portefeuille-rfid-a-fermeture-eclair-avec-porte-cartes-amovible-buffalo#breadcrumb","itemListElement":[{"@type":"ListItem","position":1,"name":"Home","item":"https:\/\/www.mancinileather.com\/fr"},{"@type":"ListItem","position":2,"name":"Boutique","item":"https:\/\/www.mancinileather.com\/fr\/boutique"},{"@type":"ListItem","position":3,"name":"Portefeuille RFID \u00e0 fermeture \u00e9clair avec porte-cartes amovible Buffalo"}]},{"@type":"WebSite","@id":"https:\/\/www.mancinileather.com\/fr#website","url":"https:\/\/www.mancinileather.com\/fr","name":"Mancini","description":"Online Leather Store and Products","potentialAction":[{"@type":"SearchAction","target":{"@type":"EntryPoint","urlTemplate":"https:\/\/www.mancinileather.com\/fr?s={search_term_string}"},"query-input":{"@type":"PropertyValueSpecification","valueRequired":true,"valueName":"search_term_string"}}],"inLanguage":"fr-FR"}]}},"brands":[],"_links":{"self":[{"href":"https:\/\/www.mancinileather.com\/fr\/wp-json\/wp\/v2\/product\/56673","targetHints":{"allow":["GET"]}}],"collection":[{"href":"https:\/\/www.mancinileather.com\/fr\/wp-json\/wp\/v2\/product"}],"about":[{"href":"https:\/\/www.mancinileather.com\/fr\/wp-json\/wp\/v2\/types\/product"}],"replies":[{"embeddable":true,"href":"https:\/\/www.mancinileather.com\/fr\/wp-json\/wp\/v2\/comments?post=56673"}],"wp:featuredmedia":[{"embeddable":true,"href":"https:\/\/www.mancinileather.com\/fr\/wp-json\/wp\/v2\/media\/56660"}],"wp:attachment":[{"href":"https:\/\/www.mancinileather.com\/fr\/wp-json\/wp\/v2\/media?parent=56673"}],"wp:term":[{"taxonomy":"pwb-brand","embeddable":true,"href":"https:\/\/www.mancinileather.com\/fr\/wp-json\/wp\/v2\/pwb-brand?post=56673"},{"taxonomy":"product_brand","embeddable":true,"href":"https:\/\/www.mancinileather.com\/fr\/wp-json\/wp\/v2\/product_brand?post=56673"},{"taxonomy":"product_cat","embeddable":true,"href":"https:\/\/www.mancinileather.com\/fr\/wp-json\/wp\/v2\/product_cat?post=56673"},{"taxonomy":"product_tag","embeddable":true,"href":"https:\/\/www.mancinileather.com\/fr\/wp-json\/wp\/v2\/product_tag?post=56673"}],"curies":[{"name":"wp","href":"https:\/\/api.w.org\/{rel}","templated":true}]}}