{"id":56789,"date":"2023-01-13T14:32:42","date_gmt":"2023-01-13T19:32:42","guid":{"rendered":"https:\/\/www.mancinileather.com\/product\/buffalo-double-compartment-briefcase-for-laptop-and-tablet"},"modified":"2025-07-24T02:23:36","modified_gmt":"2025-07-24T06:23:36","slug":"porte-documents-pour-portable-et-tablette-a-deux-compartiments-buffalo","status":"publish","type":"product","link":"https:\/\/www.mancinileather.com\/fr\/produit\/porte-documents-pour-portable-et-tablette-a-deux-compartiments-buffalo","title":{"rendered":"Porte-documents pour portable et tablette \u00e0 deux compartiments Buffalo"},"content":{"rendered":"<div class=\"fusion-fullwidth fullwidth-box fusion-builder-row-1 fusion-flex-container has-pattern-background has-mask-background nonhundred-percent-fullwidth non-hundred-percent-height-scrolling\" style=\"--awb-border-radius-top-left:0px;--awb-border-radius-top-right:0px;--awb-border-radius-bottom-right:0px;--awb-border-radius-bottom-left:0px;--awb-flex-wrap:wrap;\" ><div class=\"fusion-builder-row fusion-row fusion-flex-align-items-flex-start fusion-flex-content-wrap\" style=\"max-width:1430px;margin-left: calc(-4% \/ 2 );margin-right: calc(-4% \/ 2 );\"><div class=\"fusion-layout-column fusion_builder_column fusion-builder-column-0 fusion_builder_column_1_1 1_1 fusion-flex-column\" style=\"--awb-bg-size:cover;--awb-width-large:100%;--awb-margin-top-large:0px;--awb-spacing-right-large:1.92%;--awb-margin-bottom-large:20px;--awb-spacing-left-large:1.92%;--awb-width-medium:100%;--awb-order-medium:0;--awb-spacing-right-medium:1.92%;--awb-spacing-left-medium:1.92%;--awb-width-small:100%;--awb-order-small:0;--awb-spacing-right-small:1.92%;--awb-spacing-left-small:1.92%;\"><div class=\"fusion-column-wrapper fusion-column-has-shadow fusion-flex-justify-content-flex-start fusion-content-layout-column\"><div class=\"fusion-text fusion-text-1\"><p>Notre collection <strong>Buffalo<\/strong> repr\u00e9sente la fusion de style contemporain avec le look urbain brut. Dot\u00e9 de compartiments rembourr\u00e9s pour prot\u00e9ger votre tablette et portable, cette collection comblera tous vos besoins avec style. Articles fabriqu\u00e9s \u00e0 la main en cuir de buffle pleine fleure cire grasse.<\/p>\n<p>Ce porte-documents pour portable\/ tablette est muni d\u2019\u00e9tuis rembourr\u00e9s pour garder votre tablette\/portable en toute s\u00e9curit\u00e9. Il est dot\u00e9 d\u2019un compartiment pour vos dossiers et documents ainsi qu\u2019une poche zipp\u00e9e sur le dos. Il y a un organisateur avec une poche \u00e9quip\u00e9 de la derni\u00e8re technologie de blocage d\u2019ondes RFID pour assurer que vos donn\u00e9es et vos cartes sont s\u00e9curitaires. Une sangle sur le dos permet le ferroutage du porte-documents sur des autres bagages.<\/p>\n<\/div><\/div><\/div><\/div><\/div>\n","protected":false},"excerpt":{"rendered":"","protected":false},"featured_media":56778,"comment_status":"open","ping_status":"closed","template":"","meta":[],"pwb-brand":[],"product_brand":[],"product_cat":[1509,1493,1475,1467,1638],"product_tag":[],"class_list":{"0":"post-56789","1":"product","2":"type-product","3":"status-publish","4":"has-post-thumbnail","6":"product_cat-porte-documents-cuir-pour-femmes","7":"product_cat-porte-documents-cuir-pour-hommes","8":"product_cat-porte-documents-rfid","9":"product_cat-porte-documents-pour-laptop-tablette","10":"product_cat-hommes","11":"pa_collection-buffalo-fr","12":"pa_color-brun","13":"pa_color-noir-fr","14":"pa_material-cuir-de-buffle-pleine-fleur-cire-grasse","16":"first","17":"instock","18":"taxable","19":"shipping-taxable","20":"purchasable","21":"product-type-variable","22":"has-default-attributes"},"yoast_head":"<!-- This site is optimized with the Yoast SEO plugin v25.5 - https:\/\/yoast.com\/wordpress\/plugins\/seo\/ -->\n<title>Porte-documents pour portable et tablette \u00e0 deux compartiments Buffalo - Mancini<\/title>\n<meta name=\"description\" content=\"La mallette Buffalo \u00e0 deux compartiments est parfaite pour portable et tablette, combinant style, s\u00e9curit\u00e9 et praticit\u00e9. Commandez d\u00e8s aujourd\u2019hui !\" \/>\n<meta name=\"robots\" content=\"index, follow, max-snippet:-1, max-image-preview:large, max-video-preview:-1\" \/>\n<link rel=\"canonical\" href=\"https:\/\/www.mancinileather.com\/fr\/produit\/porte-documents-pour-portable-et-tablette-a-deux-compartiments-buffalo\" \/>\n<meta property=\"og:locale\" content=\"fr_FR\" \/>\n<meta property=\"og:type\" content=\"article\" \/>\n<meta property=\"og:title\" content=\"Porte-documents pour portable et tablette \u00e0 deux compartiments Buffalo - Mancini\" \/>\n<meta property=\"og:description\" content=\"La mallette Buffalo \u00e0 deux compartiments est parfaite pour portable et tablette, combinant style, s\u00e9curit\u00e9 et praticit\u00e9. Commandez d\u00e8s aujourd\u2019hui !\" \/>\n<meta property=\"og:url\" content=\"https:\/\/www.mancinileather.com\/fr\/produit\/porte-documents-pour-portable-et-tablette-a-deux-compartiments-buffalo\" \/>\n<meta property=\"og:site_name\" content=\"Mancini\" \/>\n<meta property=\"article:modified_time\" content=\"2025-07-24T06:23:36+00:00\" \/>\n<meta property=\"og:image\" content=\"https:\/\/www.mancinileather.com\/wp-content\/uploads\/2023\/01\/99-54804-Black_1.png\" \/>\n\t<meta property=\"og:image:width\" content=\"2000\" \/>\n\t<meta property=\"og:image:height\" content=\"2000\" \/>\n\t<meta property=\"og:image:type\" content=\"image\/png\" \/>\n<meta name=\"twitter:card\" content=\"summary_large_image\" \/>\n<meta name=\"twitter:label1\" content=\"Est. reading time\" \/>\n\t<meta name=\"twitter:data1\" content=\"1 minute\" \/>\n<script type=\"application\/ld+json\" class=\"yoast-schema-graph\">{\"@context\":\"https:\/\/schema.org\",\"@graph\":[{\"@type\":\"WebPage\",\"@id\":\"https:\/\/www.mancinileather.com\/fr\/produit\/porte-documents-pour-portable-et-tablette-a-deux-compartiments-buffalo\",\"url\":\"https:\/\/www.mancinileather.com\/fr\/produit\/porte-documents-pour-portable-et-tablette-a-deux-compartiments-buffalo\",\"name\":\"Porte-documents pour portable et tablette \u00e0 deux compartiments Buffalo - Mancini\",\"isPartOf\":{\"@id\":\"https:\/\/www.mancinileather.com\/fr#website\"},\"primaryImageOfPage\":{\"@id\":\"https:\/\/www.mancinileather.com\/fr\/produit\/porte-documents-pour-portable-et-tablette-a-deux-compartiments-buffalo#primaryimage\"},\"image\":{\"@id\":\"https:\/\/www.mancinileather.com\/fr\/produit\/porte-documents-pour-portable-et-tablette-a-deux-compartiments-buffalo#primaryimage\"},\"thumbnailUrl\":\"https:\/\/www.mancinileather.com\/wp-content\/uploads\/2023\/01\/99-54804-Black_1.png\",\"datePublished\":\"2023-01-13T19:32:42+00:00\",\"dateModified\":\"2025-07-24T06:23:36+00:00\",\"description\":\"La mallette Buffalo \u00e0 deux compartiments est parfaite pour portable et tablette, combinant style, s\u00e9curit\u00e9 et praticit\u00e9. Commandez d\u00e8s aujourd\u2019hui !\",\"breadcrumb\":{\"@id\":\"https:\/\/www.mancinileather.com\/fr\/produit\/porte-documents-pour-portable-et-tablette-a-deux-compartiments-buffalo#breadcrumb\"},\"inLanguage\":\"fr-FR\",\"potentialAction\":[{\"@type\":\"ReadAction\",\"target\":[\"https:\/\/www.mancinileather.com\/fr\/produit\/porte-documents-pour-portable-et-tablette-a-deux-compartiments-buffalo\"]}]},{\"@type\":\"ImageObject\",\"inLanguage\":\"fr-FR\",\"@id\":\"https:\/\/www.mancinileather.com\/fr\/produit\/porte-documents-pour-portable-et-tablette-a-deux-compartiments-buffalo#primaryimage\",\"url\":\"https:\/\/www.mancinileather.com\/wp-content\/uploads\/2023\/01\/99-54804-Black_1.png\",\"contentUrl\":\"https:\/\/www.mancinileather.com\/wp-content\/uploads\/2023\/01\/99-54804-Black_1.png\",\"width\":2000,\"height\":2000,\"caption\":\"Black Top Grain Oily Waxy Buffalo Leather\"},{\"@type\":\"BreadcrumbList\",\"@id\":\"https:\/\/www.mancinileather.com\/fr\/produit\/porte-documents-pour-portable-et-tablette-a-deux-compartiments-buffalo#breadcrumb\",\"itemListElement\":[{\"@type\":\"ListItem\",\"position\":1,\"name\":\"Home\",\"item\":\"https:\/\/www.mancinileather.com\/fr\"},{\"@type\":\"ListItem\",\"position\":2,\"name\":\"Boutique\",\"item\":\"https:\/\/www.mancinileather.com\/fr\/boutique\"},{\"@type\":\"ListItem\",\"position\":3,\"name\":\"Porte-documents pour portable et tablette \u00e0 deux compartiments Buffalo\"}]},{\"@type\":\"WebSite\",\"@id\":\"https:\/\/www.mancinileather.com\/fr#website\",\"url\":\"https:\/\/www.mancinileather.com\/fr\",\"name\":\"Mancini\",\"description\":\"Online Leather Store and Products\",\"potentialAction\":[{\"@type\":\"SearchAction\",\"target\":{\"@type\":\"EntryPoint\",\"urlTemplate\":\"https:\/\/www.mancinileather.com\/fr?s={search_term_string}\"},\"query-input\":{\"@type\":\"PropertyValueSpecification\",\"valueRequired\":true,\"valueName\":\"search_term_string\"}}],\"inLanguage\":\"fr-FR\"}]}<\/script>\n<!-- \/ Yoast SEO plugin. -->","yoast_head_json":{"title":"Porte-documents pour portable et tablette \u00e0 deux compartiments Buffalo - Mancini","description":"La mallette Buffalo \u00e0 deux compartiments est parfaite pour portable et tablette, combinant style, s\u00e9curit\u00e9 et praticit\u00e9. Commandez d\u00e8s aujourd\u2019hui !","robots":{"index":"index","follow":"follow","max-snippet":"max-snippet:-1","max-image-preview":"max-image-preview:large","max-video-preview":"max-video-preview:-1"},"canonical":"https:\/\/www.mancinileather.com\/fr\/produit\/porte-documents-pour-portable-et-tablette-a-deux-compartiments-buffalo","og_locale":"fr_FR","og_type":"article","og_title":"Porte-documents pour portable et tablette \u00e0 deux compartiments Buffalo - Mancini","og_description":"La mallette Buffalo \u00e0 deux compartiments est parfaite pour portable et tablette, combinant style, s\u00e9curit\u00e9 et praticit\u00e9. Commandez d\u00e8s aujourd\u2019hui !","og_url":"https:\/\/www.mancinileather.com\/fr\/produit\/porte-documents-pour-portable-et-tablette-a-deux-compartiments-buffalo","og_site_name":"Mancini","article_modified_time":"2025-07-24T06:23:36+00:00","og_image":[{"width":2000,"height":2000,"url":"https:\/\/www.mancinileather.com\/wp-content\/uploads\/2023\/01\/99-54804-Black_1.png","type":"image\/png"}],"twitter_card":"summary_large_image","twitter_misc":{"Est. reading time":"1 minute"},"schema":{"@context":"https:\/\/schema.org","@graph":[{"@type":"WebPage","@id":"https:\/\/www.mancinileather.com\/fr\/produit\/porte-documents-pour-portable-et-tablette-a-deux-compartiments-buffalo","url":"https:\/\/www.mancinileather.com\/fr\/produit\/porte-documents-pour-portable-et-tablette-a-deux-compartiments-buffalo","name":"Porte-documents pour portable et tablette \u00e0 deux compartiments Buffalo - Mancini","isPartOf":{"@id":"https:\/\/www.mancinileather.com\/fr#website"},"primaryImageOfPage":{"@id":"https:\/\/www.mancinileather.com\/fr\/produit\/porte-documents-pour-portable-et-tablette-a-deux-compartiments-buffalo#primaryimage"},"image":{"@id":"https:\/\/www.mancinileather.com\/fr\/produit\/porte-documents-pour-portable-et-tablette-a-deux-compartiments-buffalo#primaryimage"},"thumbnailUrl":"https:\/\/www.mancinileather.com\/wp-content\/uploads\/2023\/01\/99-54804-Black_1.png","datePublished":"2023-01-13T19:32:42+00:00","dateModified":"2025-07-24T06:23:36+00:00","description":"La mallette Buffalo \u00e0 deux compartiments est parfaite pour portable et tablette, combinant style, s\u00e9curit\u00e9 et praticit\u00e9. Commandez d\u00e8s aujourd\u2019hui !","breadcrumb":{"@id":"https:\/\/www.mancinileather.com\/fr\/produit\/porte-documents-pour-portable-et-tablette-a-deux-compartiments-buffalo#breadcrumb"},"inLanguage":"fr-FR","potentialAction":[{"@type":"ReadAction","target":["https:\/\/www.mancinileather.com\/fr\/produit\/porte-documents-pour-portable-et-tablette-a-deux-compartiments-buffalo"]}]},{"@type":"ImageObject","inLanguage":"fr-FR","@id":"https:\/\/www.mancinileather.com\/fr\/produit\/porte-documents-pour-portable-et-tablette-a-deux-compartiments-buffalo#primaryimage","url":"https:\/\/www.mancinileather.com\/wp-content\/uploads\/2023\/01\/99-54804-Black_1.png","contentUrl":"https:\/\/www.mancinileather.com\/wp-content\/uploads\/2023\/01\/99-54804-Black_1.png","width":2000,"height":2000,"caption":"Black Top Grain Oily Waxy Buffalo Leather"},{"@type":"BreadcrumbList","@id":"https:\/\/www.mancinileather.com\/fr\/produit\/porte-documents-pour-portable-et-tablette-a-deux-compartiments-buffalo#breadcrumb","itemListElement":[{"@type":"ListItem","position":1,"name":"Home","item":"https:\/\/www.mancinileather.com\/fr"},{"@type":"ListItem","position":2,"name":"Boutique","item":"https:\/\/www.mancinileather.com\/fr\/boutique"},{"@type":"ListItem","position":3,"name":"Porte-documents pour portable et tablette \u00e0 deux compartiments Buffalo"}]},{"@type":"WebSite","@id":"https:\/\/www.mancinileather.com\/fr#website","url":"https:\/\/www.mancinileather.com\/fr","name":"Mancini","description":"Online Leather Store and Products","potentialAction":[{"@type":"SearchAction","target":{"@type":"EntryPoint","urlTemplate":"https:\/\/www.mancinileather.com\/fr?s={search_term_string}"},"query-input":{"@type":"PropertyValueSpecification","valueRequired":true,"valueName":"search_term_string"}}],"inLanguage":"fr-FR"}]}},"brands":[],"_links":{"self":[{"href":"https:\/\/www.mancinileather.com\/fr\/wp-json\/wp\/v2\/product\/56789","targetHints":{"allow":["GET"]}}],"collection":[{"href":"https:\/\/www.mancinileather.com\/fr\/wp-json\/wp\/v2\/product"}],"about":[{"href":"https:\/\/www.mancinileather.com\/fr\/wp-json\/wp\/v2\/types\/product"}],"replies":[{"embeddable":true,"href":"https:\/\/www.mancinileather.com\/fr\/wp-json\/wp\/v2\/comments?post=56789"}],"wp:featuredmedia":[{"embeddable":true,"href":"https:\/\/www.mancinileather.com\/fr\/wp-json\/wp\/v2\/media\/56778"}],"wp:attachment":[{"href":"https:\/\/www.mancinileather.com\/fr\/wp-json\/wp\/v2\/media?parent=56789"}],"wp:term":[{"taxonomy":"pwb-brand","embeddable":true,"href":"https:\/\/www.mancinileather.com\/fr\/wp-json\/wp\/v2\/pwb-brand?post=56789"},{"taxonomy":"product_brand","embeddable":true,"href":"https:\/\/www.mancinileather.com\/fr\/wp-json\/wp\/v2\/product_brand?post=56789"},{"taxonomy":"product_cat","embeddable":true,"href":"https:\/\/www.mancinileather.com\/fr\/wp-json\/wp\/v2\/product_cat?post=56789"},{"taxonomy":"product_tag","embeddable":true,"href":"https:\/\/www.mancinileather.com\/fr\/wp-json\/wp\/v2\/product_tag?post=56789"}],"curies":[{"name":"wp","href":"https:\/\/api.w.org\/{rel}","templated":true}]}}