{"id":56848,"date":"2023-01-16T12:01:19","date_gmt":"2023-01-16T17:01:19","guid":{"rendered":"https:\/\/www.mancinileather.com\/product\/buffalo-single-compartment-briefcase-with-rfid-secure-pocket-for-15-6-laptop-tablet"},"modified":"2025-12-14T10:00:11","modified_gmt":"2025-12-14T15:00:11","slug":"porte-documents-a-un-compartiment-pour-portable-15-6-po-tablette-avec-poche-rfid-buffalo","status":"publish","type":"product","link":"https:\/\/www.mancinileather.com\/fr\/produit\/porte-documents-a-un-compartiment-pour-portable-15-6-po-tablette-avec-poche-rfid-buffalo","title":{"rendered":"Porte-documents \u00e0 un compartiment pour portable 15.6 po \/ tablette avec poche RFID Buffalo"},"content":{"rendered":"<div class=\"fusion-fullwidth fullwidth-box fusion-builder-row-1 fusion-flex-container has-pattern-background has-mask-background nonhundred-percent-fullwidth non-hundred-percent-height-scrolling\" style=\"--awb-border-radius-top-left:0px;--awb-border-radius-top-right:0px;--awb-border-radius-bottom-right:0px;--awb-border-radius-bottom-left:0px;--awb-flex-wrap:wrap;\" ><div class=\"fusion-builder-row fusion-row fusion-flex-align-items-flex-start fusion-flex-content-wrap\" style=\"max-width:1430px;margin-left: calc(-4% \/ 2 );margin-right: calc(-4% \/ 2 );\"><div class=\"fusion-layout-column fusion_builder_column fusion-builder-column-0 fusion_builder_column_1_1 1_1 fusion-flex-column\" style=\"--awb-bg-size:cover;--awb-width-large:100%;--awb-margin-top-large:0px;--awb-spacing-right-large:1.92%;--awb-margin-bottom-large:20px;--awb-spacing-left-large:1.92%;--awb-width-medium:100%;--awb-order-medium:0;--awb-spacing-right-medium:1.92%;--awb-spacing-left-medium:1.92%;--awb-width-small:100%;--awb-order-small:0;--awb-spacing-right-small:1.92%;--awb-spacing-left-small:1.92%;\"><div class=\"fusion-column-wrapper fusion-column-has-shadow fusion-flex-justify-content-flex-start fusion-content-layout-column\"><div class=\"fusion-text fusion-text-1\"><p>Notre collection <strong>Buffalo<\/strong> repr\u00e9sente la fusion de style contemporain avec le look urbain brut. Dot\u00e9 de compartiments rembourr\u00e9s pour prot\u00e9ger votre tablette et portable, cette collection comblera tous vos besoins avec style. Articles fabriqu\u00e9s \u00e0 la main en cuir de buffle pleine fleure cire grasse.<\/p>\n<p>Ce porte-document polyvalent dispose d\u2019un compartiment rembourr\u00e9 pour transporter votre ordinateur portable\/ tablette en toute s\u00e9curit\u00e9. Il est \u00e9quip\u00e9 d\u2019un organisateur avec poche RFID ainsi que des poches zipp\u00e9es sur le front et le dos.<\/p>\n<\/div><\/div><\/div><\/div><\/div>\n","protected":false},"excerpt":{"rendered":"","protected":false},"featured_media":56837,"comment_status":"open","ping_status":"closed","template":"","meta":[],"pwb-brand":[],"product_brand":[],"product_cat":[1509,1493,1475,1467,1638],"product_tag":[],"class_list":{"0":"post-56848","1":"product","2":"type-product","3":"status-publish","4":"has-post-thumbnail","6":"product_cat-porte-documents-cuir-pour-femmes","7":"product_cat-porte-documents-cuir-pour-hommes","8":"product_cat-porte-documents-rfid","9":"product_cat-porte-documents-pour-laptop-tablette","10":"product_cat-hommes","11":"pa_collection-buffalo-fr","12":"pa_color-brun","13":"pa_color-noir-fr","14":"pa_material-cuir-de-buffle-pleine-fleur-cire-grasse","16":"first","17":"instock","18":"taxable","19":"shipping-taxable","20":"purchasable","21":"product-type-variable","22":"has-default-attributes"},"yoast_head":"<!-- This site is optimized with the Yoast SEO plugin v25.5 - https:\/\/yoast.com\/wordpress\/plugins\/seo\/ -->\n<title>Porte-documents \u00e0 un compartiment pour portable 15.6 po \/ tablette avec poche RFID Buffalo - Mancini<\/title>\n<meta name=\"description\" content=\"Porte-documents Buffalo avec pochette RFID pour vos appareils 15,6&quot;. Id\u00e9al pour les professionnels recherchant un style chic et s\u00e9curis\u00e9. Commandez maintenant !\" \/>\n<meta name=\"robots\" content=\"index, follow, max-snippet:-1, max-image-preview:large, max-video-preview:-1\" \/>\n<link rel=\"canonical\" href=\"https:\/\/www.mancinileather.com\/fr\/produit\/porte-documents-a-un-compartiment-pour-portable-15-6-po-tablette-avec-poche-rfid-buffalo\" \/>\n<meta property=\"og:locale\" content=\"fr_FR\" \/>\n<meta property=\"og:type\" content=\"article\" \/>\n<meta property=\"og:title\" content=\"Porte-documents \u00e0 un compartiment pour portable 15.6 po \/ tablette avec poche RFID Buffalo - Mancini\" \/>\n<meta property=\"og:description\" content=\"Porte-documents Buffalo avec pochette RFID pour vos appareils 15,6&quot;. Id\u00e9al pour les professionnels recherchant un style chic et s\u00e9curis\u00e9. Commandez maintenant !\" \/>\n<meta property=\"og:url\" content=\"https:\/\/www.mancinileather.com\/fr\/produit\/porte-documents-a-un-compartiment-pour-portable-15-6-po-tablette-avec-poche-rfid-buffalo\" \/>\n<meta property=\"og:site_name\" content=\"Mancini\" \/>\n<meta property=\"article:modified_time\" content=\"2025-12-14T15:00:11+00:00\" \/>\n<meta property=\"og:image\" content=\"https:\/\/www.mancinileather.com\/wp-content\/uploads\/2023\/01\/99-54808-Black_1.png\" \/>\n\t<meta property=\"og:image:width\" content=\"2000\" \/>\n\t<meta property=\"og:image:height\" content=\"2000\" \/>\n\t<meta property=\"og:image:type\" content=\"image\/png\" \/>\n<meta name=\"twitter:card\" content=\"summary_large_image\" \/>\n<meta name=\"twitter:label1\" content=\"Est. reading time\" \/>\n\t<meta name=\"twitter:data1\" content=\"1 minute\" \/>\n<script type=\"application\/ld+json\" class=\"yoast-schema-graph\">{\"@context\":\"https:\/\/schema.org\",\"@graph\":[{\"@type\":\"WebPage\",\"@id\":\"https:\/\/www.mancinileather.com\/fr\/produit\/porte-documents-a-un-compartiment-pour-portable-15-6-po-tablette-avec-poche-rfid-buffalo\",\"url\":\"https:\/\/www.mancinileather.com\/fr\/produit\/porte-documents-a-un-compartiment-pour-portable-15-6-po-tablette-avec-poche-rfid-buffalo\",\"name\":\"Porte-documents \u00e0 un compartiment pour portable 15.6 po \/ tablette avec poche RFID Buffalo - Mancini\",\"isPartOf\":{\"@id\":\"https:\/\/www.mancinileather.com\/fr#website\"},\"primaryImageOfPage\":{\"@id\":\"https:\/\/www.mancinileather.com\/fr\/produit\/porte-documents-a-un-compartiment-pour-portable-15-6-po-tablette-avec-poche-rfid-buffalo#primaryimage\"},\"image\":{\"@id\":\"https:\/\/www.mancinileather.com\/fr\/produit\/porte-documents-a-un-compartiment-pour-portable-15-6-po-tablette-avec-poche-rfid-buffalo#primaryimage\"},\"thumbnailUrl\":\"https:\/\/www.mancinileather.com\/wp-content\/uploads\/2023\/01\/99-54808-Black_1.png\",\"datePublished\":\"2023-01-16T17:01:19+00:00\",\"dateModified\":\"2025-12-14T15:00:11+00:00\",\"description\":\"Porte-documents Buffalo avec pochette RFID pour vos appareils 15,6\\\". Id\u00e9al pour les professionnels recherchant un style chic et s\u00e9curis\u00e9. Commandez maintenant !\",\"breadcrumb\":{\"@id\":\"https:\/\/www.mancinileather.com\/fr\/produit\/porte-documents-a-un-compartiment-pour-portable-15-6-po-tablette-avec-poche-rfid-buffalo#breadcrumb\"},\"inLanguage\":\"fr-FR\",\"potentialAction\":[{\"@type\":\"ReadAction\",\"target\":[\"https:\/\/www.mancinileather.com\/fr\/produit\/porte-documents-a-un-compartiment-pour-portable-15-6-po-tablette-avec-poche-rfid-buffalo\"]}]},{\"@type\":\"ImageObject\",\"inLanguage\":\"fr-FR\",\"@id\":\"https:\/\/www.mancinileather.com\/fr\/produit\/porte-documents-a-un-compartiment-pour-portable-15-6-po-tablette-avec-poche-rfid-buffalo#primaryimage\",\"url\":\"https:\/\/www.mancinileather.com\/wp-content\/uploads\/2023\/01\/99-54808-Black_1.png\",\"contentUrl\":\"https:\/\/www.mancinileather.com\/wp-content\/uploads\/2023\/01\/99-54808-Black_1.png\",\"width\":2000,\"height\":2000},{\"@type\":\"BreadcrumbList\",\"@id\":\"https:\/\/www.mancinileather.com\/fr\/produit\/porte-documents-a-un-compartiment-pour-portable-15-6-po-tablette-avec-poche-rfid-buffalo#breadcrumb\",\"itemListElement\":[{\"@type\":\"ListItem\",\"position\":1,\"name\":\"Home\",\"item\":\"https:\/\/www.mancinileather.com\/fr\"},{\"@type\":\"ListItem\",\"position\":2,\"name\":\"Boutique\",\"item\":\"https:\/\/www.mancinileather.com\/fr\/boutique\"},{\"@type\":\"ListItem\",\"position\":3,\"name\":\"Porte-documents \u00e0 un compartiment pour portable 15.6 po \/ tablette avec poche RFID Buffalo\"}]},{\"@type\":\"WebSite\",\"@id\":\"https:\/\/www.mancinileather.com\/fr#website\",\"url\":\"https:\/\/www.mancinileather.com\/fr\",\"name\":\"Mancini\",\"description\":\"Online Leather Store and Products\",\"potentialAction\":[{\"@type\":\"SearchAction\",\"target\":{\"@type\":\"EntryPoint\",\"urlTemplate\":\"https:\/\/www.mancinileather.com\/fr?s={search_term_string}\"},\"query-input\":{\"@type\":\"PropertyValueSpecification\",\"valueRequired\":true,\"valueName\":\"search_term_string\"}}],\"inLanguage\":\"fr-FR\"}]}<\/script>\n<!-- \/ Yoast SEO plugin. -->","yoast_head_json":{"title":"Porte-documents \u00e0 un compartiment pour portable 15.6 po \/ tablette avec poche RFID Buffalo - Mancini","description":"Porte-documents Buffalo avec pochette RFID pour vos appareils 15,6\". Id\u00e9al pour les professionnels recherchant un style chic et s\u00e9curis\u00e9. Commandez maintenant !","robots":{"index":"index","follow":"follow","max-snippet":"max-snippet:-1","max-image-preview":"max-image-preview:large","max-video-preview":"max-video-preview:-1"},"canonical":"https:\/\/www.mancinileather.com\/fr\/produit\/porte-documents-a-un-compartiment-pour-portable-15-6-po-tablette-avec-poche-rfid-buffalo","og_locale":"fr_FR","og_type":"article","og_title":"Porte-documents \u00e0 un compartiment pour portable 15.6 po \/ tablette avec poche RFID Buffalo - Mancini","og_description":"Porte-documents Buffalo avec pochette RFID pour vos appareils 15,6\". Id\u00e9al pour les professionnels recherchant un style chic et s\u00e9curis\u00e9. Commandez maintenant !","og_url":"https:\/\/www.mancinileather.com\/fr\/produit\/porte-documents-a-un-compartiment-pour-portable-15-6-po-tablette-avec-poche-rfid-buffalo","og_site_name":"Mancini","article_modified_time":"2025-12-14T15:00:11+00:00","og_image":[{"width":2000,"height":2000,"url":"https:\/\/www.mancinileather.com\/wp-content\/uploads\/2023\/01\/99-54808-Black_1.png","type":"image\/png"}],"twitter_card":"summary_large_image","twitter_misc":{"Est. reading time":"1 minute"},"schema":{"@context":"https:\/\/schema.org","@graph":[{"@type":"WebPage","@id":"https:\/\/www.mancinileather.com\/fr\/produit\/porte-documents-a-un-compartiment-pour-portable-15-6-po-tablette-avec-poche-rfid-buffalo","url":"https:\/\/www.mancinileather.com\/fr\/produit\/porte-documents-a-un-compartiment-pour-portable-15-6-po-tablette-avec-poche-rfid-buffalo","name":"Porte-documents \u00e0 un compartiment pour portable 15.6 po \/ tablette avec poche RFID Buffalo - Mancini","isPartOf":{"@id":"https:\/\/www.mancinileather.com\/fr#website"},"primaryImageOfPage":{"@id":"https:\/\/www.mancinileather.com\/fr\/produit\/porte-documents-a-un-compartiment-pour-portable-15-6-po-tablette-avec-poche-rfid-buffalo#primaryimage"},"image":{"@id":"https:\/\/www.mancinileather.com\/fr\/produit\/porte-documents-a-un-compartiment-pour-portable-15-6-po-tablette-avec-poche-rfid-buffalo#primaryimage"},"thumbnailUrl":"https:\/\/www.mancinileather.com\/wp-content\/uploads\/2023\/01\/99-54808-Black_1.png","datePublished":"2023-01-16T17:01:19+00:00","dateModified":"2025-12-14T15:00:11+00:00","description":"Porte-documents Buffalo avec pochette RFID pour vos appareils 15,6\". Id\u00e9al pour les professionnels recherchant un style chic et s\u00e9curis\u00e9. Commandez maintenant !","breadcrumb":{"@id":"https:\/\/www.mancinileather.com\/fr\/produit\/porte-documents-a-un-compartiment-pour-portable-15-6-po-tablette-avec-poche-rfid-buffalo#breadcrumb"},"inLanguage":"fr-FR","potentialAction":[{"@type":"ReadAction","target":["https:\/\/www.mancinileather.com\/fr\/produit\/porte-documents-a-un-compartiment-pour-portable-15-6-po-tablette-avec-poche-rfid-buffalo"]}]},{"@type":"ImageObject","inLanguage":"fr-FR","@id":"https:\/\/www.mancinileather.com\/fr\/produit\/porte-documents-a-un-compartiment-pour-portable-15-6-po-tablette-avec-poche-rfid-buffalo#primaryimage","url":"https:\/\/www.mancinileather.com\/wp-content\/uploads\/2023\/01\/99-54808-Black_1.png","contentUrl":"https:\/\/www.mancinileather.com\/wp-content\/uploads\/2023\/01\/99-54808-Black_1.png","width":2000,"height":2000},{"@type":"BreadcrumbList","@id":"https:\/\/www.mancinileather.com\/fr\/produit\/porte-documents-a-un-compartiment-pour-portable-15-6-po-tablette-avec-poche-rfid-buffalo#breadcrumb","itemListElement":[{"@type":"ListItem","position":1,"name":"Home","item":"https:\/\/www.mancinileather.com\/fr"},{"@type":"ListItem","position":2,"name":"Boutique","item":"https:\/\/www.mancinileather.com\/fr\/boutique"},{"@type":"ListItem","position":3,"name":"Porte-documents \u00e0 un compartiment pour portable 15.6 po \/ tablette avec poche RFID Buffalo"}]},{"@type":"WebSite","@id":"https:\/\/www.mancinileather.com\/fr#website","url":"https:\/\/www.mancinileather.com\/fr","name":"Mancini","description":"Online Leather Store and Products","potentialAction":[{"@type":"SearchAction","target":{"@type":"EntryPoint","urlTemplate":"https:\/\/www.mancinileather.com\/fr?s={search_term_string}"},"query-input":{"@type":"PropertyValueSpecification","valueRequired":true,"valueName":"search_term_string"}}],"inLanguage":"fr-FR"}]}},"brands":[],"_links":{"self":[{"href":"https:\/\/www.mancinileather.com\/fr\/wp-json\/wp\/v2\/product\/56848","targetHints":{"allow":["GET"]}}],"collection":[{"href":"https:\/\/www.mancinileather.com\/fr\/wp-json\/wp\/v2\/product"}],"about":[{"href":"https:\/\/www.mancinileather.com\/fr\/wp-json\/wp\/v2\/types\/product"}],"replies":[{"embeddable":true,"href":"https:\/\/www.mancinileather.com\/fr\/wp-json\/wp\/v2\/comments?post=56848"}],"wp:featuredmedia":[{"embeddable":true,"href":"https:\/\/www.mancinileather.com\/fr\/wp-json\/wp\/v2\/media\/56837"}],"wp:attachment":[{"href":"https:\/\/www.mancinileather.com\/fr\/wp-json\/wp\/v2\/media?parent=56848"}],"wp:term":[{"taxonomy":"pwb-brand","embeddable":true,"href":"https:\/\/www.mancinileather.com\/fr\/wp-json\/wp\/v2\/pwb-brand?post=56848"},{"taxonomy":"product_brand","embeddable":true,"href":"https:\/\/www.mancinileather.com\/fr\/wp-json\/wp\/v2\/product_brand?post=56848"},{"taxonomy":"product_cat","embeddable":true,"href":"https:\/\/www.mancinileather.com\/fr\/wp-json\/wp\/v2\/product_cat?post=56848"},{"taxonomy":"product_tag","embeddable":true,"href":"https:\/\/www.mancinileather.com\/fr\/wp-json\/wp\/v2\/product_tag?post=56848"}],"curies":[{"name":"wp","href":"https:\/\/api.w.org\/{rel}","templated":true}]}}