{"id":57760,"date":"2023-02-21T15:05:08","date_gmt":"2023-02-21T20:05:08","guid":{"rendered":"https:\/\/www.mancinileather.com\/product\/ladies-rfid-secure-clutch-wallet"},"modified":"2025-07-24T02:23:35","modified_gmt":"2025-07-24T06:23:35","slug":"equestrian-2-portefeuille-rfid-pour-dames","status":"publish","type":"product","link":"https:\/\/www.mancinileather.com\/fr\/produit\/equestrian-2-portefeuille-rfid-pour-dames","title":{"rendered":"Portefeuille RFID pour dames"},"content":{"rendered":"<div class=\"fusion-fullwidth fullwidth-box fusion-builder-row-1 fusion-flex-container has-pattern-background has-mask-background nonhundred-percent-fullwidth non-hundred-percent-height-scrolling\" style=\"--awb-border-radius-top-left:0px;--awb-border-radius-top-right:0px;--awb-border-radius-bottom-right:0px;--awb-border-radius-bottom-left:0px;--awb-flex-wrap:wrap;\" ><div class=\"fusion-builder-row fusion-row fusion-flex-align-items-flex-start fusion-flex-content-wrap\" style=\"max-width:1430px;margin-left: calc(-4% \/ 2 );margin-right: calc(-4% \/ 2 );\"><div class=\"fusion-layout-column fusion_builder_column fusion-builder-column-0 fusion_builder_column_1_1 1_1 fusion-flex-column\" style=\"--awb-bg-size:cover;--awb-width-large:100%;--awb-margin-top-large:0px;--awb-spacing-right-large:1.92%;--awb-margin-bottom-large:20px;--awb-spacing-left-large:1.92%;--awb-width-medium:100%;--awb-order-medium:0;--awb-spacing-right-medium:1.92%;--awb-spacing-left-medium:1.92%;--awb-width-small:100%;--awb-order-small:0;--awb-spacing-right-small:1.92%;--awb-spacing-left-small:1.92%;\"><div class=\"fusion-column-wrapper fusion-column-has-shadow fusion-flex-justify-content-flex-start fusion-content-layout-column\"><div class=\"fusion-text fusion-text-1\"><p>Gr\u00e2ce \u00e0 ses mod\u00e8les innovateurs en cuir plein fleur de qualit\u00e9 sup\u00e9rieure, notre Collection\u00a0<strong>EQUESTRIAN-2<\/strong>\u00a0offre une\u00a0vaste gamme de portefeuilles et d\u2019accessoires personnels con\u00e7us pour la femme moderne. \u00c9quip\u00e9 de la derni\u00e8re\u00a0technologie de blocage d\u2019ondes RFID pour assurer que vos donn\u00e9es et vos cartes sont s\u00e9curitaires. Des couches\u00a0m\u00e9talliques sp\u00e9ciales int\u00e9gr\u00e9es dans les fentes pour cartes emp\u00eachent la lecture \u00e9lectronique de votre portefeuille.<\/p>\n<p>Ce portefeuille comprend une poche divis\u00e9e pour la monnaie et plusieurs fentes pour cartes de cr\u00e9dit. Le tout est s\u00e9curis\u00e9 par une sangle \u00e0 bouton pression.<\/p>\n<\/div><\/div><\/div><\/div><\/div>\n","protected":false},"excerpt":{"rendered":"","protected":false},"featured_media":57747,"comment_status":"open","ping_status":"closed","template":"","meta":[],"pwb-brand":[],"product_brand":[],"product_cat":[1826,1630,1459],"product_tag":[],"class_list":{"0":"post-57760","1":"product","2":"type-product","3":"status-publish","4":"has-post-thumbnail","6":"product_cat-portefeuilles-en-cuir-rfid","7":"product_cat-femme","8":"product_cat-portefeuilles-en-cuir-femme","9":"pa_collection-equestrian-2-fr-2","10":"pa_color-brun","11":"pa_color-noir-fr","12":"pa_color-rouge-fr","13":"pa_material-cuir-pleine-fleur-fin-fr","15":"first","16":"instock","17":"taxable","18":"shipping-taxable","19":"purchasable","20":"product-type-variable","21":"has-default-attributes"},"yoast_head":"<!-- This site is optimized with the Yoast SEO plugin v27.4 - https:\/\/yoast.com\/product\/yoast-seo-wordpress\/ -->\n<title>Portefeuille RFID pour dames - Mancini<\/title>\n<meta name=\"description\" content=\"D\u00e9couvrez le portefeuille RFID pour dames, id\u00e9al pour organiser vos cartes et argent en toute \u00e9l\u00e9gance, avec une sangle \u00e0 bouton pression.\" \/>\n<meta name=\"robots\" content=\"index, follow, max-snippet:-1, max-image-preview:large, max-video-preview:-1\" \/>\n<link rel=\"canonical\" href=\"https:\/\/www.mancinileather.com\/fr\/produit\/equestrian-2-portefeuille-rfid-pour-dames\" \/>\n<meta property=\"og:locale\" content=\"fr_FR\" \/>\n<meta property=\"og:type\" content=\"article\" \/>\n<meta property=\"og:title\" content=\"Portefeuille RFID pour dames - Mancini\" \/>\n<meta property=\"og:description\" content=\"D\u00e9couvrez le portefeuille RFID pour dames, id\u00e9al pour organiser vos cartes et argent en toute \u00e9l\u00e9gance, avec une sangle \u00e0 bouton pression.\" \/>\n<meta property=\"og:url\" content=\"https:\/\/www.mancinileather.com\/fr\/produit\/equestrian-2-portefeuille-rfid-pour-dames\" \/>\n<meta property=\"og:site_name\" content=\"Mancini\" \/>\n<meta property=\"article:modified_time\" content=\"2025-07-24T06:23:35+00:00\" \/>\n<meta property=\"og:image\" content=\"https:\/\/www.mancinileather.com\/wp-content\/uploads\/2023\/02\/52958-Black_1.png\" \/>\n\t<meta property=\"og:image:width\" content=\"2000\" \/>\n\t<meta property=\"og:image:height\" content=\"2000\" \/>\n\t<meta property=\"og:image:type\" content=\"image\/png\" \/>\n<meta name=\"twitter:card\" content=\"summary_large_image\" \/>\n<meta name=\"twitter:label1\" content=\"Est. reading time\" \/>\n\t<meta name=\"twitter:data1\" content=\"1 minute\" \/>\n<script type=\"application\/ld+json\" class=\"yoast-schema-graph\">{\"@context\":\"https:\\\/\\\/schema.org\",\"@graph\":[{\"@type\":\"WebPage\",\"@id\":\"https:\\\/\\\/www.mancinileather.com\\\/fr\\\/produit\\\/equestrian-2-portefeuille-rfid-pour-dames\",\"url\":\"https:\\\/\\\/www.mancinileather.com\\\/fr\\\/produit\\\/equestrian-2-portefeuille-rfid-pour-dames\",\"name\":\"Portefeuille RFID pour dames - Mancini\",\"isPartOf\":{\"@id\":\"https:\\\/\\\/www.mancinileather.com\\\/fr#website\"},\"primaryImageOfPage\":{\"@id\":\"https:\\\/\\\/www.mancinileather.com\\\/fr\\\/produit\\\/equestrian-2-portefeuille-rfid-pour-dames#primaryimage\"},\"image\":{\"@id\":\"https:\\\/\\\/www.mancinileather.com\\\/fr\\\/produit\\\/equestrian-2-portefeuille-rfid-pour-dames#primaryimage\"},\"thumbnailUrl\":\"https:\\\/\\\/www.mancinileather.com\\\/wp-content\\\/uploads\\\/2023\\\/02\\\/52958-Black_1.png\",\"datePublished\":\"2023-02-21T20:05:08+00:00\",\"dateModified\":\"2025-07-24T06:23:35+00:00\",\"description\":\"D\u00e9couvrez le portefeuille RFID pour dames, id\u00e9al pour organiser vos cartes et argent en toute \u00e9l\u00e9gance, avec une sangle \u00e0 bouton pression.\",\"breadcrumb\":{\"@id\":\"https:\\\/\\\/www.mancinileather.com\\\/fr\\\/produit\\\/equestrian-2-portefeuille-rfid-pour-dames#breadcrumb\"},\"inLanguage\":\"fr-FR\",\"potentialAction\":[{\"@type\":\"ReadAction\",\"target\":[\"https:\\\/\\\/www.mancinileather.com\\\/fr\\\/produit\\\/equestrian-2-portefeuille-rfid-pour-dames\"]}]},{\"@type\":\"ImageObject\",\"inLanguage\":\"fr-FR\",\"@id\":\"https:\\\/\\\/www.mancinileather.com\\\/fr\\\/produit\\\/equestrian-2-portefeuille-rfid-pour-dames#primaryimage\",\"url\":\"https:\\\/\\\/www.mancinileather.com\\\/wp-content\\\/uploads\\\/2023\\\/02\\\/52958-Black_1.png\",\"contentUrl\":\"https:\\\/\\\/www.mancinileather.com\\\/wp-content\\\/uploads\\\/2023\\\/02\\\/52958-Black_1.png\",\"width\":2000,\"height\":2000},{\"@type\":\"BreadcrumbList\",\"@id\":\"https:\\\/\\\/www.mancinileather.com\\\/fr\\\/produit\\\/equestrian-2-portefeuille-rfid-pour-dames#breadcrumb\",\"itemListElement\":[{\"@type\":\"ListItem\",\"position\":1,\"name\":\"Home\",\"item\":\"https:\\\/\\\/www.mancinileather.com\\\/fr\"},{\"@type\":\"ListItem\",\"position\":2,\"name\":\"Boutique\",\"item\":\"https:\\\/\\\/www.mancinileather.com\\\/fr\\\/boutique\"},{\"@type\":\"ListItem\",\"position\":3,\"name\":\"Portefeuille RFID pour dames\"}]},{\"@type\":\"WebSite\",\"@id\":\"https:\\\/\\\/www.mancinileather.com\\\/fr#website\",\"url\":\"https:\\\/\\\/www.mancinileather.com\\\/fr\",\"name\":\"Mancini\",\"description\":\"Online Leather Store and Products\",\"potentialAction\":[{\"@type\":\"SearchAction\",\"target\":{\"@type\":\"EntryPoint\",\"urlTemplate\":\"https:\\\/\\\/www.mancinileather.com\\\/fr?s={search_term_string}\"},\"query-input\":{\"@type\":\"PropertyValueSpecification\",\"valueRequired\":true,\"valueName\":\"search_term_string\"}}],\"inLanguage\":\"fr-FR\"}]}<\/script>\n<!-- \/ Yoast SEO plugin. -->","yoast_head_json":{"title":"Portefeuille RFID pour dames - Mancini","description":"D\u00e9couvrez le portefeuille RFID pour dames, id\u00e9al pour organiser vos cartes et argent en toute \u00e9l\u00e9gance, avec une sangle \u00e0 bouton pression.","robots":{"index":"index","follow":"follow","max-snippet":"max-snippet:-1","max-image-preview":"max-image-preview:large","max-video-preview":"max-video-preview:-1"},"canonical":"https:\/\/www.mancinileather.com\/fr\/produit\/equestrian-2-portefeuille-rfid-pour-dames","og_locale":"fr_FR","og_type":"article","og_title":"Portefeuille RFID pour dames - Mancini","og_description":"D\u00e9couvrez le portefeuille RFID pour dames, id\u00e9al pour organiser vos cartes et argent en toute \u00e9l\u00e9gance, avec une sangle \u00e0 bouton pression.","og_url":"https:\/\/www.mancinileather.com\/fr\/produit\/equestrian-2-portefeuille-rfid-pour-dames","og_site_name":"Mancini","article_modified_time":"2025-07-24T06:23:35+00:00","og_image":[{"width":2000,"height":2000,"url":"https:\/\/www.mancinileather.com\/wp-content\/uploads\/2023\/02\/52958-Black_1.png","type":"image\/png"}],"twitter_card":"summary_large_image","twitter_misc":{"Est. reading time":"1 minute"},"schema":{"@context":"https:\/\/schema.org","@graph":[{"@type":"WebPage","@id":"https:\/\/www.mancinileather.com\/fr\/produit\/equestrian-2-portefeuille-rfid-pour-dames","url":"https:\/\/www.mancinileather.com\/fr\/produit\/equestrian-2-portefeuille-rfid-pour-dames","name":"Portefeuille RFID pour dames - Mancini","isPartOf":{"@id":"https:\/\/www.mancinileather.com\/fr#website"},"primaryImageOfPage":{"@id":"https:\/\/www.mancinileather.com\/fr\/produit\/equestrian-2-portefeuille-rfid-pour-dames#primaryimage"},"image":{"@id":"https:\/\/www.mancinileather.com\/fr\/produit\/equestrian-2-portefeuille-rfid-pour-dames#primaryimage"},"thumbnailUrl":"https:\/\/www.mancinileather.com\/wp-content\/uploads\/2023\/02\/52958-Black_1.png","datePublished":"2023-02-21T20:05:08+00:00","dateModified":"2025-07-24T06:23:35+00:00","description":"D\u00e9couvrez le portefeuille RFID pour dames, id\u00e9al pour organiser vos cartes et argent en toute \u00e9l\u00e9gance, avec une sangle \u00e0 bouton pression.","breadcrumb":{"@id":"https:\/\/www.mancinileather.com\/fr\/produit\/equestrian-2-portefeuille-rfid-pour-dames#breadcrumb"},"inLanguage":"fr-FR","potentialAction":[{"@type":"ReadAction","target":["https:\/\/www.mancinileather.com\/fr\/produit\/equestrian-2-portefeuille-rfid-pour-dames"]}]},{"@type":"ImageObject","inLanguage":"fr-FR","@id":"https:\/\/www.mancinileather.com\/fr\/produit\/equestrian-2-portefeuille-rfid-pour-dames#primaryimage","url":"https:\/\/www.mancinileather.com\/wp-content\/uploads\/2023\/02\/52958-Black_1.png","contentUrl":"https:\/\/www.mancinileather.com\/wp-content\/uploads\/2023\/02\/52958-Black_1.png","width":2000,"height":2000},{"@type":"BreadcrumbList","@id":"https:\/\/www.mancinileather.com\/fr\/produit\/equestrian-2-portefeuille-rfid-pour-dames#breadcrumb","itemListElement":[{"@type":"ListItem","position":1,"name":"Home","item":"https:\/\/www.mancinileather.com\/fr"},{"@type":"ListItem","position":2,"name":"Boutique","item":"https:\/\/www.mancinileather.com\/fr\/boutique"},{"@type":"ListItem","position":3,"name":"Portefeuille RFID pour dames"}]},{"@type":"WebSite","@id":"https:\/\/www.mancinileather.com\/fr#website","url":"https:\/\/www.mancinileather.com\/fr","name":"Mancini","description":"Online Leather Store and Products","potentialAction":[{"@type":"SearchAction","target":{"@type":"EntryPoint","urlTemplate":"https:\/\/www.mancinileather.com\/fr?s={search_term_string}"},"query-input":{"@type":"PropertyValueSpecification","valueRequired":true,"valueName":"search_term_string"}}],"inLanguage":"fr-FR"}]}},"brands":[],"_links":{"self":[{"href":"https:\/\/www.mancinileather.com\/fr\/wp-json\/wp\/v2\/product\/57760","targetHints":{"allow":["GET"]}}],"collection":[{"href":"https:\/\/www.mancinileather.com\/fr\/wp-json\/wp\/v2\/product"}],"about":[{"href":"https:\/\/www.mancinileather.com\/fr\/wp-json\/wp\/v2\/types\/product"}],"replies":[{"embeddable":true,"href":"https:\/\/www.mancinileather.com\/fr\/wp-json\/wp\/v2\/comments?post=57760"}],"wp:featuredmedia":[{"embeddable":true,"href":"https:\/\/www.mancinileather.com\/fr\/wp-json\/wp\/v2\/media\/57747"}],"wp:attachment":[{"href":"https:\/\/www.mancinileather.com\/fr\/wp-json\/wp\/v2\/media?parent=57760"}],"wp:term":[{"taxonomy":"pwb-brand","embeddable":true,"href":"https:\/\/www.mancinileather.com\/fr\/wp-json\/wp\/v2\/pwb-brand?post=57760"},{"taxonomy":"product_brand","embeddable":true,"href":"https:\/\/www.mancinileather.com\/fr\/wp-json\/wp\/v2\/product_brand?post=57760"},{"taxonomy":"product_cat","embeddable":true,"href":"https:\/\/www.mancinileather.com\/fr\/wp-json\/wp\/v2\/product_cat?post=57760"},{"taxonomy":"product_tag","embeddable":true,"href":"https:\/\/www.mancinileather.com\/fr\/wp-json\/wp\/v2\/product_tag?post=57760"}],"curies":[{"name":"wp","href":"https:\/\/api.w.org\/{rel}","templated":true}]}}