{"id":58472,"date":"2023-06-02T10:57:24","date_gmt":"2023-06-02T14:57:24","guid":{"rendered":"https:\/\/www.mancinileather.com\/product\/pebbled-daisy-north-south-crossbody-bag"},"modified":"2025-07-24T02:23:34","modified_gmt":"2025-07-24T06:23:34","slug":"pebbled-sac-a-bandouliere-porte-croise-nord-sud-daisy","status":"publish","type":"product","link":"https:\/\/www.mancinileather.com\/fr\/produit\/pebbled-sac-a-bandouliere-porte-croise-nord-sud-daisy","title":{"rendered":"Pebbled Sac \u00e0 bandouli\u00e8re port\u00e9 crois\u00e9 Nord \/ Sud Daisy"},"content":{"rendered":"<div class=\"fusion-fullwidth fullwidth-box fusion-builder-row-1 fusion-flex-container has-pattern-background has-mask-background nonhundred-percent-fullwidth non-hundred-percent-height-scrolling\" style=\"--awb-border-radius-top-left:0px;--awb-border-radius-top-right:0px;--awb-border-radius-bottom-right:0px;--awb-border-radius-bottom-left:0px;--awb-flex-wrap:wrap;\" ><div class=\"fusion-builder-row fusion-row fusion-flex-align-items-flex-start fusion-flex-content-wrap\" style=\"max-width:1430px;margin-left: calc(-4% \/ 2 );margin-right: calc(-4% \/ 2 );\"><div class=\"fusion-layout-column fusion_builder_column fusion-builder-column-0 fusion_builder_column_1_1 1_1 fusion-flex-column\" style=\"--awb-bg-size:cover;--awb-width-large:100%;--awb-margin-top-large:0px;--awb-spacing-right-large:1.92%;--awb-margin-bottom-large:20px;--awb-spacing-left-large:1.92%;--awb-width-medium:100%;--awb-order-medium:0;--awb-spacing-right-medium:1.92%;--awb-spacing-left-medium:1.92%;--awb-width-small:100%;--awb-order-small:0;--awb-spacing-right-small:1.92%;--awb-spacing-left-small:1.92%;\"><div class=\"fusion-column-wrapper fusion-column-has-shadow fusion-flex-justify-content-flex-start fusion-content-layout-column\"><div class=\"fusion-text fusion-text-1\"><p>Les articles de notre collection de cuir grain\u00e9 sont fabriqu\u00e9s \u00e0 partir de cuir de vache pleine fleur souple \u00e0 impression grain\u00e9e. Chaque article est con\u00e7u \u00e0 la perfection jusque dans ses plus menus d\u00e9tails et arbore notre doublure Mancini et les finitions les plus raffin\u00e9es.<\/p>\n<p>Notre Sac \u00e0 bandouli\u00e8re port\u00e9 crois\u00e9 Nord \/ Sud Daisy convient parfaitement aux balades en ville et pour faire des courses. Il est muni d\u2019un bandouli\u00e8re ajustables, porte l\u2019empreinte de notre logo \u00e0 l\u2019int\u00e9rieur et offre des compartiments spacieux pour tous vos articles essentiels.<\/p>\n<\/div><\/div><\/div><\/div><\/div>\n","protected":false},"excerpt":{"rendered":"","protected":false},"featured_media":58425,"comment_status":"open","ping_status":"closed","template":"","meta":[],"pwb-brand":[],"product_brand":[],"product_cat":[1630,1505,1501],"product_tag":[],"class_list":{"0":"post-58472","1":"product","2":"type-product","3":"status-publish","4":"has-post-thumbnail","6":"product_cat-femme","7":"product_cat-sac-a-main-femme","8":"product_cat-solde-produits-en-cuir-promotion","9":"pa_collection-pebble-fr","10":"pa_color-bleu-marin","11":"pa_color-chameau","12":"pa_color-noir-fr","13":"pa_color-rouge-fr","14":"pa_color-taupe-fr","15":"pa_material-cuir-de-vachette-pleine-fleur-souple-avec-gaufrage-grain-de-galet","17":"first","18":"instock","19":"sale","20":"taxable","21":"shipping-taxable","22":"purchasable","23":"product-type-variable","24":"has-default-attributes"},"yoast_head":"<!-- This site is optimized with the Yoast SEO plugin v27.4 - https:\/\/yoast.com\/product\/yoast-seo-wordpress\/ -->\n<title>Pebbled Sac \u00e0 bandouli\u00e8re port\u00e9 crois\u00e9 Nord \/ Sud Daisy - Mancini<\/title>\n<meta name=\"robots\" content=\"index, follow, max-snippet:-1, max-image-preview:large, max-video-preview:-1\" \/>\n<link rel=\"canonical\" href=\"https:\/\/www.mancinileather.com\/fr\/produit\/pebbled-sac-a-bandouliere-porte-croise-nord-sud-daisy\" \/>\n<meta property=\"og:locale\" content=\"fr_FR\" \/>\n<meta property=\"og:type\" content=\"article\" \/>\n<meta property=\"og:title\" content=\"Pebbled Sac \u00e0 bandouli\u00e8re port\u00e9 crois\u00e9 Nord \/ Sud Daisy - Mancini\" \/>\n<meta property=\"og:url\" content=\"https:\/\/www.mancinileather.com\/fr\/produit\/pebbled-sac-a-bandouliere-porte-croise-nord-sud-daisy\" \/>\n<meta property=\"og:site_name\" content=\"Mancini\" \/>\n<meta property=\"article:modified_time\" content=\"2025-07-24T06:23:34+00:00\" \/>\n<meta property=\"og:image\" content=\"https:\/\/www.mancinileather.com\/wp-content\/uploads\/2023\/06\/HBP1069_Blue_1.jpg\" \/>\n\t<meta property=\"og:image:width\" content=\"2000\" \/>\n\t<meta property=\"og:image:height\" content=\"2000\" \/>\n\t<meta property=\"og:image:type\" content=\"image\/jpeg\" \/>\n<meta name=\"twitter:card\" content=\"summary_large_image\" \/>\n<meta name=\"twitter:label1\" content=\"Est. reading time\" \/>\n\t<meta name=\"twitter:data1\" content=\"2 minutes\" \/>\n<script type=\"application\/ld+json\" class=\"yoast-schema-graph\">{\"@context\":\"https:\\\/\\\/schema.org\",\"@graph\":[{\"@type\":\"WebPage\",\"@id\":\"https:\\\/\\\/www.mancinileather.com\\\/fr\\\/produit\\\/pebbled-sac-a-bandouliere-porte-croise-nord-sud-daisy\",\"url\":\"https:\\\/\\\/www.mancinileather.com\\\/fr\\\/produit\\\/pebbled-sac-a-bandouliere-porte-croise-nord-sud-daisy\",\"name\":\"Pebbled Sac \u00e0 bandouli\u00e8re port\u00e9 crois\u00e9 Nord \\\/ Sud Daisy - Mancini\",\"isPartOf\":{\"@id\":\"https:\\\/\\\/www.mancinileather.com\\\/fr#website\"},\"primaryImageOfPage\":{\"@id\":\"https:\\\/\\\/www.mancinileather.com\\\/fr\\\/produit\\\/pebbled-sac-a-bandouliere-porte-croise-nord-sud-daisy#primaryimage\"},\"image\":{\"@id\":\"https:\\\/\\\/www.mancinileather.com\\\/fr\\\/produit\\\/pebbled-sac-a-bandouliere-porte-croise-nord-sud-daisy#primaryimage\"},\"thumbnailUrl\":\"https:\\\/\\\/www.mancinileather.com\\\/wp-content\\\/uploads\\\/2023\\\/06\\\/HBP1069_Blue_1.jpg\",\"datePublished\":\"2023-06-02T14:57:24+00:00\",\"dateModified\":\"2025-07-24T06:23:34+00:00\",\"breadcrumb\":{\"@id\":\"https:\\\/\\\/www.mancinileather.com\\\/fr\\\/produit\\\/pebbled-sac-a-bandouliere-porte-croise-nord-sud-daisy#breadcrumb\"},\"inLanguage\":\"fr-FR\",\"potentialAction\":[{\"@type\":\"ReadAction\",\"target\":[\"https:\\\/\\\/www.mancinileather.com\\\/fr\\\/produit\\\/pebbled-sac-a-bandouliere-porte-croise-nord-sud-daisy\"]}]},{\"@type\":\"ImageObject\",\"inLanguage\":\"fr-FR\",\"@id\":\"https:\\\/\\\/www.mancinileather.com\\\/fr\\\/produit\\\/pebbled-sac-a-bandouliere-porte-croise-nord-sud-daisy#primaryimage\",\"url\":\"https:\\\/\\\/www.mancinileather.com\\\/wp-content\\\/uploads\\\/2023\\\/06\\\/HBP1069_Blue_1.jpg\",\"contentUrl\":\"https:\\\/\\\/www.mancinileather.com\\\/wp-content\\\/uploads\\\/2023\\\/06\\\/HBP1069_Blue_1.jpg\",\"width\":2000,\"height\":2000},{\"@type\":\"BreadcrumbList\",\"@id\":\"https:\\\/\\\/www.mancinileather.com\\\/fr\\\/produit\\\/pebbled-sac-a-bandouliere-porte-croise-nord-sud-daisy#breadcrumb\",\"itemListElement\":[{\"@type\":\"ListItem\",\"position\":1,\"name\":\"Home\",\"item\":\"https:\\\/\\\/www.mancinileather.com\\\/fr\"},{\"@type\":\"ListItem\",\"position\":2,\"name\":\"Boutique\",\"item\":\"https:\\\/\\\/www.mancinileather.com\\\/fr\\\/boutique\"},{\"@type\":\"ListItem\",\"position\":3,\"name\":\"Pebbled Sac \u00e0 bandouli\u00e8re port\u00e9 crois\u00e9 Nord \\\/ Sud Daisy\"}]},{\"@type\":\"WebSite\",\"@id\":\"https:\\\/\\\/www.mancinileather.com\\\/fr#website\",\"url\":\"https:\\\/\\\/www.mancinileather.com\\\/fr\",\"name\":\"Mancini\",\"description\":\"Online Leather Store and Products\",\"potentialAction\":[{\"@type\":\"SearchAction\",\"target\":{\"@type\":\"EntryPoint\",\"urlTemplate\":\"https:\\\/\\\/www.mancinileather.com\\\/fr?s={search_term_string}\"},\"query-input\":{\"@type\":\"PropertyValueSpecification\",\"valueRequired\":true,\"valueName\":\"search_term_string\"}}],\"inLanguage\":\"fr-FR\"}]}<\/script>\n<!-- \/ Yoast SEO plugin. -->","yoast_head_json":{"title":"Pebbled Sac \u00e0 bandouli\u00e8re port\u00e9 crois\u00e9 Nord \/ Sud Daisy - Mancini","robots":{"index":"index","follow":"follow","max-snippet":"max-snippet:-1","max-image-preview":"max-image-preview:large","max-video-preview":"max-video-preview:-1"},"canonical":"https:\/\/www.mancinileather.com\/fr\/produit\/pebbled-sac-a-bandouliere-porte-croise-nord-sud-daisy","og_locale":"fr_FR","og_type":"article","og_title":"Pebbled Sac \u00e0 bandouli\u00e8re port\u00e9 crois\u00e9 Nord \/ Sud Daisy - Mancini","og_url":"https:\/\/www.mancinileather.com\/fr\/produit\/pebbled-sac-a-bandouliere-porte-croise-nord-sud-daisy","og_site_name":"Mancini","article_modified_time":"2025-07-24T06:23:34+00:00","og_image":[{"width":2000,"height":2000,"url":"https:\/\/www.mancinileather.com\/wp-content\/uploads\/2023\/06\/HBP1069_Blue_1.jpg","type":"image\/jpeg"}],"twitter_card":"summary_large_image","twitter_misc":{"Est. reading time":"2 minutes"},"schema":{"@context":"https:\/\/schema.org","@graph":[{"@type":"WebPage","@id":"https:\/\/www.mancinileather.com\/fr\/produit\/pebbled-sac-a-bandouliere-porte-croise-nord-sud-daisy","url":"https:\/\/www.mancinileather.com\/fr\/produit\/pebbled-sac-a-bandouliere-porte-croise-nord-sud-daisy","name":"Pebbled Sac \u00e0 bandouli\u00e8re port\u00e9 crois\u00e9 Nord \/ Sud Daisy - Mancini","isPartOf":{"@id":"https:\/\/www.mancinileather.com\/fr#website"},"primaryImageOfPage":{"@id":"https:\/\/www.mancinileather.com\/fr\/produit\/pebbled-sac-a-bandouliere-porte-croise-nord-sud-daisy#primaryimage"},"image":{"@id":"https:\/\/www.mancinileather.com\/fr\/produit\/pebbled-sac-a-bandouliere-porte-croise-nord-sud-daisy#primaryimage"},"thumbnailUrl":"https:\/\/www.mancinileather.com\/wp-content\/uploads\/2023\/06\/HBP1069_Blue_1.jpg","datePublished":"2023-06-02T14:57:24+00:00","dateModified":"2025-07-24T06:23:34+00:00","breadcrumb":{"@id":"https:\/\/www.mancinileather.com\/fr\/produit\/pebbled-sac-a-bandouliere-porte-croise-nord-sud-daisy#breadcrumb"},"inLanguage":"fr-FR","potentialAction":[{"@type":"ReadAction","target":["https:\/\/www.mancinileather.com\/fr\/produit\/pebbled-sac-a-bandouliere-porte-croise-nord-sud-daisy"]}]},{"@type":"ImageObject","inLanguage":"fr-FR","@id":"https:\/\/www.mancinileather.com\/fr\/produit\/pebbled-sac-a-bandouliere-porte-croise-nord-sud-daisy#primaryimage","url":"https:\/\/www.mancinileather.com\/wp-content\/uploads\/2023\/06\/HBP1069_Blue_1.jpg","contentUrl":"https:\/\/www.mancinileather.com\/wp-content\/uploads\/2023\/06\/HBP1069_Blue_1.jpg","width":2000,"height":2000},{"@type":"BreadcrumbList","@id":"https:\/\/www.mancinileather.com\/fr\/produit\/pebbled-sac-a-bandouliere-porte-croise-nord-sud-daisy#breadcrumb","itemListElement":[{"@type":"ListItem","position":1,"name":"Home","item":"https:\/\/www.mancinileather.com\/fr"},{"@type":"ListItem","position":2,"name":"Boutique","item":"https:\/\/www.mancinileather.com\/fr\/boutique"},{"@type":"ListItem","position":3,"name":"Pebbled Sac \u00e0 bandouli\u00e8re port\u00e9 crois\u00e9 Nord \/ Sud Daisy"}]},{"@type":"WebSite","@id":"https:\/\/www.mancinileather.com\/fr#website","url":"https:\/\/www.mancinileather.com\/fr","name":"Mancini","description":"Online Leather Store and Products","potentialAction":[{"@type":"SearchAction","target":{"@type":"EntryPoint","urlTemplate":"https:\/\/www.mancinileather.com\/fr?s={search_term_string}"},"query-input":{"@type":"PropertyValueSpecification","valueRequired":true,"valueName":"search_term_string"}}],"inLanguage":"fr-FR"}]}},"brands":[],"_links":{"self":[{"href":"https:\/\/www.mancinileather.com\/fr\/wp-json\/wp\/v2\/product\/58472","targetHints":{"allow":["GET"]}}],"collection":[{"href":"https:\/\/www.mancinileather.com\/fr\/wp-json\/wp\/v2\/product"}],"about":[{"href":"https:\/\/www.mancinileather.com\/fr\/wp-json\/wp\/v2\/types\/product"}],"replies":[{"embeddable":true,"href":"https:\/\/www.mancinileather.com\/fr\/wp-json\/wp\/v2\/comments?post=58472"}],"wp:featuredmedia":[{"embeddable":true,"href":"https:\/\/www.mancinileather.com\/fr\/wp-json\/wp\/v2\/media\/58425"}],"wp:attachment":[{"href":"https:\/\/www.mancinileather.com\/fr\/wp-json\/wp\/v2\/media?parent=58472"}],"wp:term":[{"taxonomy":"pwb-brand","embeddable":true,"href":"https:\/\/www.mancinileather.com\/fr\/wp-json\/wp\/v2\/pwb-brand?post=58472"},{"taxonomy":"product_brand","embeddable":true,"href":"https:\/\/www.mancinileather.com\/fr\/wp-json\/wp\/v2\/product_brand?post=58472"},{"taxonomy":"product_cat","embeddable":true,"href":"https:\/\/www.mancinileather.com\/fr\/wp-json\/wp\/v2\/product_cat?post=58472"},{"taxonomy":"product_tag","embeddable":true,"href":"https:\/\/www.mancinileather.com\/fr\/wp-json\/wp\/v2\/product_tag?post=58472"}],"curies":[{"name":"wp","href":"https:\/\/api.w.org\/{rel}","templated":true}]}}